{"id":807,"date":"2018-03-08T11:54:39","date_gmt":"2018-03-08T11:54:39","guid":{"rendered":"http:\/\/www.address4.com\/?page_id=807"},"modified":"2021-03-09T12:55:36","modified_gmt":"2021-03-09T11:55:36","slug":"geocodificacao-reversa","status":"publish","type":"page","link":"https:\/\/www.address4.com\/pt-br\/servicos\/geocodificacao-endereco\/geocodificacao-reversa","title":{"rendered":"Geocodifica\u00e7\u00e3o reversa"},"content":{"rendered":"[vc_row wrapper=&#8221;true&#8221; holder_set_margin=&#8221;true&#8221; holder_margin=&#8221;u-margin-bottom&#8221;][vc_column]<div class=\"c-heading\"><h1 class=\" u-h1 u-text-center\">Geocodifica\u00e7\u00e3o reversa<\/h1><\/div><div class=\"c-heading\"><h3 class=\" u-h3 u-text-normal u-text-center\">A fun\u00e7\u00e3o de geocodifica\u00e7\u00e3o reversa do Address 4 \u00e9 ideal para quem precisa descobrir um exato local e endere\u00e7o usando coordenadas geogr\u00e1ficas.<\/h3><\/div>[\/vc_column][\/vc_row][vc_row wrapper=&#8221;true&#8221; holder_set_margin=&#8221;true&#8221; holder_margin=&#8221;u-margin-bottom&#8221;][vc_column width=&#8221;5\/12&#8243;]<div class=\"c-image\"><img loading=\"lazy\" decoding=\"async\" width=\"550\" height=\"321\" src=\"https:\/\/www.address4.com\/wp-content\/uploads\/2018\/03\/reverse-geocoding.jpg\" class=\" u-margin-bottom aligncenter\" alt=\"reverse geocoding\" srcset=\"https:\/\/www.address4.com\/wp-content\/uploads\/2018\/03\/reverse-geocoding.jpg 550w, https:\/\/www.address4.com\/wp-content\/uploads\/2018\/03\/reverse-geocoding-300x175.jpg 300w\" sizes=\"auto, (max-width: 550px) 100vw, 550px\" \/><\/div>[\/vc_column][vc_column width=&#8221;7\/12&#8243;]<div class=\"c-heading\"><h3>Encontre o endere\u00e7o correto com um clique.<\/h3><\/div>[vc_column_text]A longitude e latitude s\u00e3o os dados necess\u00e1rios suficientes para identificar a localiza\u00e7\u00e3o geogr\u00e1fica correspondente, e o endere\u00e7o correto, e assim, enviar qualquer material publicit\u00e1rio ou produtos. O Address 4 automatiza esse procedimento, utilizando o servi\u00e7o online de geocodifica\u00e7\u00e3o reversa.<\/p>\n<p>Desenvolvedores da web, integradores de sistemas e profissionais podem testar a vers\u00e3o demo gratuita da geocodifica\u00e7\u00e3o reversa preenchendo o formul\u00e1rio e enviando os dados. Teste agora sem precisar se registrar antes.[\/vc_column_text]<a class=\"c-button u-margin-right u-margin-bottom c-button--secondary\" href=\"https:\/\/www.address4.com\/free-address-validation-services\">Inscrever-se<\/a><a class=\"c-button c-button--secondary\" href=\"https:\/\/www.address4.com\/services\/address-validation\/batch-address-validation\">Carregar um arquivo<\/a>[\/vc_column][\/vc_row][vc_row][vc_column]<div class=\"templatera_shortcode\"><div class=\"o-holder u-background-light u-margin-bottom-large u-padding-vertical-large\"><div class=\" o-wrapper\"><div class=\"grid-1\"><div class=\"col _lap-and-up-8\" ><div class=\"c-heading\"><h3>N\u00e3o perca \u201cRedu\u00e7\u00e3o de Custos & Valida\u00e7\u00e3o de Endere\u00e7o\u201d<\/h3><\/div><div class=\"c-heading\"><h3>Fa\u00e7a o DOWNLOAD do seu eBook GRATUITAMENTE e descubra como melhorar a qualidade dos seus dados<\/h3><\/div><div class=\"c-text-block\"><p>Guia completo com os benef\u00edcios econ\u00f4micos da valida\u00e7\u00e3o<\/p>\n <\/div><a class=\"c-button c-button--secondary\" href=\"https:\/\/www.address4.com\/ebook-1\">Fazer download do eBook<\/a><\/div><div class=\"col _lap-and-up-4\" ><div class=\"c-image\"><a href=\"https:\/\/www.address4.com\/ebook-1\"><img loading=\"lazy\" decoding=\"async\" width=\"205\" height=\"286\" src=\"https:\/\/www.address4.com\/wp-content\/uploads\/2018\/03\/ebook-address-validation-cost-saving-S.png\" class=\" alignone\" alt=\"ebook-address-validation-cost-saving-S\" \/><\/a><\/div><\/div>\n<\/div><\/div><\/div><\/div>[\/vc_column][\/vc_row][vc_row wrapper=&#8221;true&#8221; holder_set_margin=&#8221;true&#8221; holder_margin=&#8221;u-margin-bottom&#8221;][vc_column]<div class=\"c-heading\"><h3>Geocodifica\u00e7\u00e3o reversa feita sob medida<\/h3><\/div>[vc_column_text]Com a geocodifica\u00e7\u00e3o reversa voc\u00ea pode obter um endere\u00e7o completo e validado apenas a partir das coordenadas geogr\u00e1ficas. O sistema solicita a inser\u00e7\u00e3o manual da latitude e longitude e, em seguida, \u00e9 capaz de fornecer o endere\u00e7o vinculado, depois de verificar se h\u00e1 erros, corrigi-los e completar o endere\u00e7o com todos os dados ausentes.<\/p>\n<p>O m\u00e9todo online suporta inser\u00e7\u00f5es \u00fanicas, enquanto o modo em lote fornece a geocodifica\u00e7\u00e3o reversa em arquivos contendo at\u00e9 milhares de dados. Os dados s\u00e3o constantemente atualizados para garantir uma cobertura eficaz do servi\u00e7o em mais de 250 pa\u00edses em todo o mundo.<\/p>\n<p>O Address 4 est\u00e1 dispon\u00edvel 24 horas por dia, 7 dias da semana, em qualquer dispositivo, sem necessidade de instalar plug-ins ou programas. Gra\u00e7as aos gr\u00e1ficos de f\u00e1cil utiliza\u00e7\u00e3o no software, os usu\u00e1rios podem gerenciar autonomamente toda a opera\u00e7\u00e3o de geocodifica\u00e7\u00e3o reversa sempre que necess\u00e1rio para o seu neg\u00f3cio, com a certeza de um resultado preciso, confi\u00e1vel e r\u00e1pido.[\/vc_column_text][\/vc_column][\/vc_row][vc_row][vc_column]<div class=\"templatera_shortcode\"><div class=\"o-holder u-background-light u-margin-bottom-large u-padding-vertical-large\"><div class=\"grid-1\"><div class=\"col _lap-and-up-12\" ><div class=\"c-heading\"><h3 class=\" u-h2 u-text-center\">Inicie o seu Teste Gr\u00e1tis do Address4<\/h3><\/div><div class=\"c-button-holder c-button-holder--center\"><a class=\"c-button c-button--center u-margin-bottom c-button--secondary\" href=\"https:\/\/www.address4.com\/free-address-validation-services\">Inscrever-se<\/a><\/div><div class=\"c-heading\"><h3 class=\" u-text-center\">Sem custo, sem obriga\u00e7\u00e3o, m\u00e1xima satisfa\u00e7\u00e3o<\/h3><\/div><\/div>\n<\/div><\/div><\/div>[\/vc_column][\/vc_row][vc_row wrapper=&#8221;true&#8221; holder_set_margin=&#8221;true&#8221; holder_margin=&#8221;u-margin-bottom-large&#8221;][vc_column width=&#8221;1\/3&#8243;]<div class=\"c-mediabox u-margin-bottom\">\n<div class=\" o-media\">\n<div class=\"o-media__img\">\n<div class=\"ico-wrap ico-wrap--center\"><i class=\"ico ico--xl fal fa-cloud-upload\"><\/i><\/div>\n<\/div>\n<div class=\"o-media__body\">\n<h4>Online ou em lotes<\/h4>\n<p>O recurso do Address 4 de geocodifica\u00e7\u00e3o reversa funciona online ou por lote para milhares de endere\u00e7os.<\/p><\/div>\n<\/div>\n<\/div>\n[\/vc_column][vc_column width=&#8221;1\/3&#8243;]<div class=\"c-mediabox u-margin-bottom\">\n<div class=\" o-media\">\n<div class=\"o-media__img\">\n<div class=\"ico-wrap ico-wrap--center\"><i class=\"ico ico--xl fal fa-chart-line\"><\/i><\/div>\n<\/div>\n<div class=\"o-media__body\">\n<h4>Preenchimento<\/h4>\n<p>O endere\u00e7o que retorna est\u00e1 complete com o c\u00f3digo postal, prov\u00edncia e outros dados \u00fateis.<\/p><\/div>\n<\/div>\n<\/div>\n[\/vc_column][vc_column width=&#8221;1\/3&#8243;]<div class=\"c-mediabox u-margin-bottom\">\n<div class=\" o-media\">\n<div class=\"o-media__img\">\n<div class=\"ico-wrap ico-wrap--center\"><i class=\"ico ico--xl fal fa-bullseye\"><\/i><\/div>\n<\/div>\n<div class=\"o-media__body\">\n<h4>Valida\u00e7\u00e3o autom\u00e1tica<\/h4>\n<p>Os dados de sa\u00edda s\u00e3o automaticamente validados, economizando tempo e recursos.<\/p><\/div>\n<\/div>\n<\/div>\n[\/vc_column][\/vc_row][vc_row][vc_column][\/vc_column][\/vc_row]\n","protected":false},"excerpt":{"rendered":"The Latest From Our Blog","protected":false},"author":2,"featured_media":0,"parent":416,"menu_order":0,"comment_status":"closed","ping_status":"closed","template":"templates\/template-fullwidth.php","meta":{"footnotes":""},"class_list":["post-807","page","type-page","status-publish","hentry"],"yoast_head":"<!-- This site is optimized with the Yoast SEO plugin v26.8 - https:\/\/yoast.com\/product\/yoast-seo-wordpress\/ -->\n<title>O servi\u00e7o de Geocodifica\u00e7\u00e3o reversa em mais de 250 pa\u00edses - Address4<\/title>\n<meta name=\"description\" content=\"Com o servi\u00e7o online de geocodifica\u00e7\u00e3o reversa voc\u00ea pode obter o endere\u00e7o completo, come\u00e7ando com as coordenadas geogr\u00e1ficas. Tente agora!\" \/>\n<meta name=\"robots\" content=\"index, follow, max-snippet:-1, max-image-preview:large, max-video-preview:-1\" \/>\n<link rel=\"canonical\" href=\"https:\/\/www.address4.com\/pt-br\/servicos\/geocodificacao-endereco\/geocodificacao-reversa\" \/>\n<meta property=\"og:locale\" content=\"pt_BR\" \/>\n<meta property=\"og:type\" content=\"article\" \/>\n<meta property=\"og:title\" content=\"O servi\u00e7o de Geocodifica\u00e7\u00e3o reversa em mais de 250 pa\u00edses - Address4\" \/>\n<meta property=\"og:description\" content=\"Com o servi\u00e7o online de geocodifica\u00e7\u00e3o reversa voc\u00ea pode obter o endere\u00e7o completo, come\u00e7ando com as coordenadas geogr\u00e1ficas. Tente agora!\" \/>\n<meta property=\"og:url\" content=\"https:\/\/www.address4.com\/pt-br\/servicos\/geocodificacao-endereco\/geocodificacao-reversa\" \/>\n<meta property=\"og:site_name\" content=\"Address 4\" \/>\n<meta property=\"article:modified_time\" content=\"2021-03-09T11:55:36+00:00\" \/>\n<meta name=\"twitter:card\" content=\"summary_large_image\" \/>\n<meta name=\"twitter:label1\" content=\"Est. tempo de leitura\" \/>\n\t<meta name=\"twitter:data1\" content=\"2 minutos\" \/>\n<script type=\"application\/ld+json\" class=\"yoast-schema-graph\">{\"@context\":\"https:\/\/schema.org\",\"@graph\":[{\"@type\":\"WebPage\",\"@id\":\"https:\/\/www.address4.com\/pt-br\/servicos\/geocodificacao-endereco\/geocodificacao-reversa\",\"url\":\"https:\/\/www.address4.com\/pt-br\/servicos\/geocodificacao-endereco\/geocodificacao-reversa\",\"name\":\"O servi\u00e7o de Geocodifica\u00e7\u00e3o reversa em mais de 250 pa\u00edses - Address4\",\"isPartOf\":{\"@id\":\"https:\/\/www.address4.com\/#website\"},\"datePublished\":\"2018-03-08T11:54:39+00:00\",\"dateModified\":\"2021-03-09T11:55:36+00:00\",\"description\":\"Com o servi\u00e7o online de geocodifica\u00e7\u00e3o reversa voc\u00ea pode obter o endere\u00e7o completo, come\u00e7ando com as coordenadas geogr\u00e1ficas. Tente agora!\",\"breadcrumb\":{\"@id\":\"https:\/\/www.address4.com\/pt-br\/servicos\/geocodificacao-endereco\/geocodificacao-reversa#breadcrumb\"},\"inLanguage\":\"pt-BR\",\"potentialAction\":[{\"@type\":\"ReadAction\",\"target\":[\"https:\/\/www.address4.com\/pt-br\/servicos\/geocodificacao-endereco\/geocodificacao-reversa\"]}]},{\"@type\":\"BreadcrumbList\",\"@id\":\"https:\/\/www.address4.com\/pt-br\/servicos\/geocodificacao-endereco\/geocodificacao-reversa#breadcrumb\",\"itemListElement\":[{\"@type\":\"ListItem\",\"position\":1,\"name\":\"Home\",\"item\":\"https:\/\/www.address4.com\/pt-br\"},{\"@type\":\"ListItem\",\"position\":2,\"name\":\"Servicos\",\"item\":\"https:\/\/www.address4.com\/pt-br\/servicos\"},{\"@type\":\"ListItem\",\"position\":3,\"name\":\"Geocodifica\u00e7\u00e3o\",\"item\":\"https:\/\/www.address4.com\/pt-br\/servicos\/geocodificacao-endereco\"},{\"@type\":\"ListItem\",\"position\":4,\"name\":\"Geocodifica\u00e7\u00e3o reversa\"}]},{\"@type\":\"WebSite\",\"@id\":\"https:\/\/www.address4.com\/#website\",\"url\":\"https:\/\/www.address4.com\/\",\"name\":\"Address 4\",\"description\":\"Address Verification Service For Your Business\",\"potentialAction\":[{\"@type\":\"SearchAction\",\"target\":{\"@type\":\"EntryPoint\",\"urlTemplate\":\"https:\/\/www.address4.com\/?s={search_term_string}\"},\"query-input\":{\"@type\":\"PropertyValueSpecification\",\"valueRequired\":true,\"valueName\":\"search_term_string\"}}],\"inLanguage\":\"pt-BR\"}]}<\/script>\n<!-- \/ Yoast SEO plugin. -->","yoast_head_json":{"title":"O servi\u00e7o de Geocodifica\u00e7\u00e3o reversa em mais de 250 pa\u00edses - Address4","description":"Com o servi\u00e7o online de geocodifica\u00e7\u00e3o reversa voc\u00ea pode obter o endere\u00e7o completo, come\u00e7ando com as coordenadas geogr\u00e1ficas. Tente agora!","robots":{"index":"index","follow":"follow","max-snippet":"max-snippet:-1","max-image-preview":"max-image-preview:large","max-video-preview":"max-video-preview:-1"},"canonical":"https:\/\/www.address4.com\/pt-br\/servicos\/geocodificacao-endereco\/geocodificacao-reversa","og_locale":"pt_BR","og_type":"article","og_title":"O servi\u00e7o de Geocodifica\u00e7\u00e3o reversa em mais de 250 pa\u00edses - Address4","og_description":"Com o servi\u00e7o online de geocodifica\u00e7\u00e3o reversa voc\u00ea pode obter o endere\u00e7o completo, come\u00e7ando com as coordenadas geogr\u00e1ficas. Tente agora!","og_url":"https:\/\/www.address4.com\/pt-br\/servicos\/geocodificacao-endereco\/geocodificacao-reversa","og_site_name":"Address 4","article_modified_time":"2021-03-09T11:55:36+00:00","twitter_card":"summary_large_image","twitter_misc":{"Est. tempo de leitura":"2 minutos"},"schema":{"@context":"https:\/\/schema.org","@graph":[{"@type":"WebPage","@id":"https:\/\/www.address4.com\/pt-br\/servicos\/geocodificacao-endereco\/geocodificacao-reversa","url":"https:\/\/www.address4.com\/pt-br\/servicos\/geocodificacao-endereco\/geocodificacao-reversa","name":"O servi\u00e7o de Geocodifica\u00e7\u00e3o reversa em mais de 250 pa\u00edses - Address4","isPartOf":{"@id":"https:\/\/www.address4.com\/#website"},"datePublished":"2018-03-08T11:54:39+00:00","dateModified":"2021-03-09T11:55:36+00:00","description":"Com o servi\u00e7o online de geocodifica\u00e7\u00e3o reversa voc\u00ea pode obter o endere\u00e7o completo, come\u00e7ando com as coordenadas geogr\u00e1ficas. Tente agora!","breadcrumb":{"@id":"https:\/\/www.address4.com\/pt-br\/servicos\/geocodificacao-endereco\/geocodificacao-reversa#breadcrumb"},"inLanguage":"pt-BR","potentialAction":[{"@type":"ReadAction","target":["https:\/\/www.address4.com\/pt-br\/servicos\/geocodificacao-endereco\/geocodificacao-reversa"]}]},{"@type":"BreadcrumbList","@id":"https:\/\/www.address4.com\/pt-br\/servicos\/geocodificacao-endereco\/geocodificacao-reversa#breadcrumb","itemListElement":[{"@type":"ListItem","position":1,"name":"Home","item":"https:\/\/www.address4.com\/pt-br"},{"@type":"ListItem","position":2,"name":"Servicos","item":"https:\/\/www.address4.com\/pt-br\/servicos"},{"@type":"ListItem","position":3,"name":"Geocodifica\u00e7\u00e3o","item":"https:\/\/www.address4.com\/pt-br\/servicos\/geocodificacao-endereco"},{"@type":"ListItem","position":4,"name":"Geocodifica\u00e7\u00e3o reversa"}]},{"@type":"WebSite","@id":"https:\/\/www.address4.com\/#website","url":"https:\/\/www.address4.com\/","name":"Address 4","description":"Address Verification Service For Your Business","potentialAction":[{"@type":"SearchAction","target":{"@type":"EntryPoint","urlTemplate":"https:\/\/www.address4.com\/?s={search_term_string}"},"query-input":{"@type":"PropertyValueSpecification","valueRequired":true,"valueName":"search_term_string"}}],"inLanguage":"pt-BR"}]}},"_links":{"self":[{"href":"https:\/\/www.address4.com\/pt-br\/wp-json\/wp\/v2\/pages\/807","targetHints":{"allow":["GET"]}}],"collection":[{"href":"https:\/\/www.address4.com\/pt-br\/wp-json\/wp\/v2\/pages"}],"about":[{"href":"https:\/\/www.address4.com\/pt-br\/wp-json\/wp\/v2\/types\/page"}],"author":[{"embeddable":true,"href":"https:\/\/www.address4.com\/pt-br\/wp-json\/wp\/v2\/users\/2"}],"replies":[{"embeddable":true,"href":"https:\/\/www.address4.com\/pt-br\/wp-json\/wp\/v2\/comments?post=807"}],"version-history":[{"count":3,"href":"https:\/\/www.address4.com\/pt-br\/wp-json\/wp\/v2\/pages\/807\/revisions"}],"predecessor-version":[{"id":3226,"href":"https:\/\/www.address4.com\/pt-br\/wp-json\/wp\/v2\/pages\/807\/revisions\/3226"}],"up":[{"embeddable":true,"href":"https:\/\/www.address4.com\/pt-br\/wp-json\/wp\/v2\/pages\/416"}],"wp:attachment":[{"href":"https:\/\/www.address4.com\/pt-br\/wp-json\/wp\/v2\/media?parent=807"}],"curies":[{"name":"wp","href":"https:\/\/api.w.org\/{rel}","templated":true}]}}