{"id":677,"date":"2018-03-07T10:45:39","date_gmt":"2018-03-07T10:45:39","guid":{"rendered":"http:\/\/www.address4.com\/?page_id=677"},"modified":"2021-02-25T09:23:21","modified_gmt":"2021-02-25T08:23:21","slug":"localizador-codigo-area","status":"publish","type":"page","link":"https:\/\/www.address4.com\/pt-br\/servicos\/validacao-endereco-internacional\/localizador-codigo-area","title":{"rendered":"Localizador do C\u00f3digo de \u00c1rea"},"content":{"rendered":"[vc_row wrapper=&#8221;true&#8221; holder_set_margin=&#8221;true&#8221; holder_margin=&#8221;u-margin-bottom&#8221;][vc_column]<div class=\"c-heading\"><h1 class=\" u-h1 u-text-center\">Localizador do C\u00f3digo de \u00c1rea<\/h1><\/div><div class=\"c-heading\"><h3 class=\" u-h3 u-text-normal u-text-center\">Conhecer os c\u00f3digos de \u00e1reas de um ou mais endere\u00e7os<\/h3><\/div>[\/vc_column][\/vc_row][vc_row wrapper=&#8221;true&#8221; holder_set_margin=&#8221;true&#8221; holder_margin=&#8221;u-margin-bottom&#8221;][vc_column width=&#8221;5\/12&#8243;]<div class=\"c-image\"><img loading=\"lazy\" decoding=\"async\" width=\"424\" height=\"253\" src=\"https:\/\/www.address4.com\/wp-content\/uploads\/2018\/03\/area_code_locator.jpg\" class=\" aligncenter\" alt=\"\" srcset=\"https:\/\/www.address4.com\/wp-content\/uploads\/2018\/03\/area_code_locator.jpg 424w, https:\/\/www.address4.com\/wp-content\/uploads\/2018\/03\/area_code_locator-300x179.jpg 300w\" sizes=\"auto, (max-width: 424px) 100vw, 424px\" \/><\/div>[\/vc_column][vc_column width=&#8221;7\/12&#8243;]<div class=\"c-heading\"><h3>A funcionalidade demo do localizador do c\u00f3digo de \u00e1rea<\/h3><\/div>[vc_column_text]Conhecer os c\u00f3digos de \u00e1rea de um ou mais endere\u00e7os pode ser importante para diversos objetivos de neg\u00f3cios.\u00a0N\u00e3o \u00e9 necess\u00e1rio fazer download de plugins adicionais ou registrar-se com as suas informa\u00e7\u00f5es pessoais. A vers\u00e3o teste do localizador do c\u00f3digo de \u00e1rea \u00e9 acess\u00edvel de qualquer dispositivo m\u00f3vel, gratuitamente, 24 horas por dia. Insira as informa\u00e7\u00f5es na caixa j\u00e1.[\/vc_column_text]<a class=\"c-button u-margin-right u-margin-bottom c-button--primary  c-button--ghost\" href=\"https:\/\/www.address4.com\/free-address-validation-services\">Inscrever-se<\/a><a class=\"c-button u-margin-bottom c-button--primary  c-button--ghost\" href=\"https:\/\/www.address4.com\/services\/address-validation\/batch-address-validation\">Carregar um arquivo<\/a>[\/vc_column][\/vc_row][vc_row][vc_column]<div class=\"templatera_shortcode\"><div class=\"o-holder u-background-light u-margin-bottom-large u-padding-vertical-large\"><div class=\" o-wrapper\"><div class=\"grid-1\"><div class=\"col _lap-and-up-8\" ><div class=\"c-heading\"><h3>N\u00e3o perca \u201cRedu\u00e7\u00e3o de Custos & Valida\u00e7\u00e3o de Endere\u00e7o\u201d<\/h3><\/div><div class=\"c-heading\"><h3>Fa\u00e7a o DOWNLOAD do seu eBook GRATUITAMENTE e descubra como melhorar a qualidade dos seus dados<\/h3><\/div><div class=\"c-text-block\"><p>Guia completo com os benef\u00edcios econ\u00f4micos da valida\u00e7\u00e3o<\/p>\n <\/div><a class=\"c-button c-button--secondary\" href=\"https:\/\/www.address4.com\/ebook-1\">Fazer download do eBook<\/a><\/div><div class=\"col _lap-and-up-4\" ><div class=\"c-image\"><a href=\"https:\/\/www.address4.com\/ebook-1\"><img loading=\"lazy\" decoding=\"async\" width=\"205\" height=\"286\" src=\"https:\/\/www.address4.com\/wp-content\/uploads\/2018\/03\/ebook-address-validation-cost-saving-S.png\" class=\" alignone\" alt=\"ebook-address-validation-cost-saving-S\" \/><\/a><\/div><\/div>\n<\/div><\/div><\/div><\/div>[\/vc_column][\/vc_row][vc_row wrapper=&#8221;true&#8221; holder_set_margin=&#8221;true&#8221; holder_margin=&#8221;u-margin-bottom-large&#8221;][vc_column width=&#8221;5\/12&#8243;]<div class=\"c-image\"><img loading=\"lazy\" decoding=\"async\" width=\"719\" height=\"480\" src=\"https:\/\/www.address4.com\/wp-content\/uploads\/2018\/03\/Address_Validation_Area_Code_Locator.jpg\" class=\" aligncenter\" alt=\"Address Validation Area Code Locator\" srcset=\"https:\/\/www.address4.com\/wp-content\/uploads\/2018\/03\/Address_Validation_Area_Code_Locator.jpg 719w, https:\/\/www.address4.com\/wp-content\/uploads\/2018\/03\/Address_Validation_Area_Code_Locator-300x200.jpg 300w\" sizes=\"auto, (max-width: 719px) 100vw, 719px\" \/><\/div>[\/vc_column][vc_column width=&#8221;7\/12&#8243;]<div class=\"c-heading\"><h3>O localizador do c\u00f3digo de \u00e1rea com Address4<\/h3><\/div>[vc_column_text]\n<div class=\"row-fluid-wrapper row-depth-1 row-number-16 \">\n<div class=\"row-fluid \">\n<div class=\"span6 widget-span widget-type-rich_text \" data-widget-type=\"rich_text\" data-x=\"6\" data-w=\"6\">\n<div class=\"cell-wrapper layout-widget-wrapper\">\n<p>&nbsp;<\/p>\n<\/div>\n<\/div>\n<\/div>\n<\/div>\n<div class=\"row-fluid-wrapper row-depth-1 row-number-17 \">\n<div class=\"row-fluid \">\n<div class=\"span12 widget-span widget-type-rich_text \" data-widget-type=\"rich_text\" data-x=\"0\" data-w=\"12\">\n<div class=\"cell-wrapper layout-widget-wrapper\">\n<div class=\"row-fluid-wrapper row-depth-1 row-number-16 \">\n<div class=\"row-fluid \">\n<div class=\"span6 widget-span widget-type-rich_text \" data-widget-type=\"rich_text\" data-x=\"6\" data-w=\"6\">\n<div class=\"cell-wrapper layout-widget-wrapper\">\n<p>O programa Address4 foi desenvolvido para oferecer diversos servi\u00e7os, entre eles o localizador do c\u00f3digo de \u00e1rea destinado a atribuir c\u00f3digos de \u00e1rea a cada endere\u00e7o. O software verifica, corrige e completa informa\u00e7\u00f5es e, ent\u00e3o, atribui o c\u00f3digo de \u00e1rea para o munic\u00edpio ou \u00e1rea geogr\u00e1fica de acordo com o pa\u00eds-alvo.\u00a0O servi\u00e7o \u00e9 garantido em mais de 250 pa\u00edses do mundo. Os bancos de dados s\u00e3o continuamente atualizados para garantir precis\u00e3o e qualidade dos dados. O modo de opera\u00e7\u00e3o \u00e9 duplo: endere\u00e7o por endere\u00e7o ou lote por banco de dados, contendo at\u00e9 milhares de registros.<\/p>\n<\/div>\n<\/div>\n<\/div>\n<\/div>\n<div class=\"row-fluid-wrapper row-depth-1 row-number-17 \">\n<div class=\"row-fluid \">\n<div class=\"span12 widget-span widget-type-rich_text \" data-widget-type=\"rich_text\" data-x=\"0\" data-w=\"12\">\n<div class=\"cell-wrapper layout-widget-wrapper\">\n<p>O servi\u00e7o localizador do c\u00f3digo de \u00e1rea pode ser acessado diretamente online a partir de qualquer dispositivo fixo ou m\u00f3vel com conex\u00e3o \u00e0 Internet. N\u00e3o h\u00e1 necessidade de baixar plug-ins ou instalar software; voc\u00ea s\u00f3 precisa enviar o arquivo com os endere\u00e7os e, em seguida, seguir as instru\u00e7\u00f5es fornecidas. O resultado final \u00e9 um arquivo de sa\u00edda com endere\u00e7os e c\u00f3digos de \u00e1rea validados e um relat\u00f3rio com os erros encontrados no documento.<\/p>\n<\/div>\n<\/div>\n<\/div>\n<\/div>\n<\/div>\n<\/div>\n<\/div>\n<\/div>\n[\/vc_column_text][\/vc_column][\/vc_row][vc_row][vc_column]<div class=\"templatera_shortcode\"><div class=\"o-holder u-background-light u-margin-bottom-large u-padding-vertical-large\"><div class=\"grid-1\"><div class=\"col _lap-and-up-12\" ><div class=\"c-heading\"><h3 class=\" u-h2 u-text-center\">Inicie o seu Teste Gr\u00e1tis do Address4<\/h3><\/div><div class=\"c-button-holder c-button-holder--center\"><a class=\"c-button c-button--center u-margin-bottom c-button--secondary\" href=\"https:\/\/www.address4.com\/free-address-validation-services\">Inscrever-se<\/a><\/div><div class=\"c-heading\"><h3 class=\" u-text-center\">Sem custo, sem obriga\u00e7\u00e3o, m\u00e1xima satisfa\u00e7\u00e3o<\/h3><\/div><\/div>\n<\/div><\/div><\/div>[\/vc_column][\/vc_row][vc_row wrapper=&#8221;true&#8221; holder_set_padding=&#8221;true&#8221; holder_padding=&#8221;u-padding-vertical&#8221;][vc_column width=&#8221;1\/3&#8243;]<div class=\"c-mediabox u-margin-bottom\">\n<div class=\" o-media\">\n<div class=\"o-media__img\">\n<div class=\"ico-wrap ico-wrap--center\"><i class=\"ico ico--xl fal fa-bullseye\"><\/i><\/div>\n<\/div>\n<div class=\"o-media__body\">\n<h4>C\u00f3digo de \u00e1rea preciso<\/h4>\n<p>O principal objetivo do Address4 \u00e9 a exatid\u00e3o e precis\u00e3o dos c\u00f3digos de \u00e1rea para cada endere\u00e7o.<\/p><\/div>\n<\/div>\n<\/div>\n[\/vc_column][vc_column width=&#8221;1\/3&#8243;]<div class=\"c-mediabox u-margin-bottom\">\n<div class=\" o-media\">\n<div class=\"o-media__img\">\n<div class=\"ico-wrap ico-wrap--center\"><i class=\"ico ico--xl fal fa-users\"><\/i><\/div>\n<\/div>\n<div class=\"o-media__body\">\n<h4>Modo individual ou em lote<\/h4>\n<p>O localizador do c\u00f3digo de \u00e1rea est\u00e1 ativo para endere\u00e7os individuais ou em modo lote, para arquivos com milhares de endere\u00e7os.<\/p><\/div>\n<\/div>\n<\/div>\n[\/vc_column][vc_column width=&#8221;1\/3&#8243;]<div class=\"c-mediabox u-margin-bottom\">\n<div class=\" o-media\">\n<div class=\"o-media__img\">\n<div class=\"ico-wrap ico-wrap--center\"><i class=\"ico ico--xl fal fa-desktop-alt\"><\/i><\/div>\n<\/div>\n<div class=\"o-media__body\">\n<h4>Operatividade online<\/h4>\n<p>O Address4 \u00e9 um programa feito Para uso online e est\u00e1 dispon\u00edvel 365 dias do ano, sem precisar fazer Download de plug-ins ou software.<\/p>\n<h4>.<\/h4>\n<\/div>\n<\/div>\n<\/div>\n[\/vc_column][\/vc_row][vc_row][vc_column][\/vc_column][\/vc_row]\n","protected":false},"excerpt":{"rendered":"The Latest From Our Blog","protected":false},"author":2,"featured_media":0,"parent":342,"menu_order":0,"comment_status":"closed","ping_status":"closed","template":"templates\/template-fullwidth.php","meta":{"footnotes":""},"class_list":["post-677","page","type-page","status-publish","hentry"],"yoast_head":"<!-- This site is optimized with the Yoast SEO plugin v26.8 - https:\/\/yoast.com\/product\/yoast-seo-wordpress\/ -->\n<title>Servi\u00e7o localizador do c\u00f3digo de \u00e1rea online em 250 pa\u00edses \u2013 Address4<\/title>\n<meta name=\"description\" content=\"O Address4 oferece um servi\u00e7o localizador do c\u00f3digo de \u00e1rea para encontrar o c\u00f3digo de \u00e1rea de um ou mais endere\u00e7os em mais de 250 pa\u00edses do mundo. Teste agora!\" \/>\n<meta name=\"robots\" content=\"index, follow, max-snippet:-1, max-image-preview:large, max-video-preview:-1\" \/>\n<link rel=\"canonical\" href=\"https:\/\/www.address4.com\/pt-br\/servicos\/validacao-endereco-internacional\/localizador-codigo-area\" \/>\n<meta property=\"og:locale\" content=\"pt_BR\" \/>\n<meta property=\"og:type\" content=\"article\" \/>\n<meta property=\"og:title\" content=\"Servi\u00e7o localizador do c\u00f3digo de \u00e1rea online em 250 pa\u00edses \u2013 Address4\" \/>\n<meta property=\"og:description\" content=\"O Address4 oferece um servi\u00e7o localizador do c\u00f3digo de \u00e1rea para encontrar o c\u00f3digo de \u00e1rea de um ou mais endere\u00e7os em mais de 250 pa\u00edses do mundo. Teste agora!\" \/>\n<meta property=\"og:url\" content=\"https:\/\/www.address4.com\/pt-br\/servicos\/validacao-endereco-internacional\/localizador-codigo-area\" \/>\n<meta property=\"og:site_name\" content=\"Address 4\" \/>\n<meta property=\"article:modified_time\" content=\"2021-02-25T08:23:21+00:00\" \/>\n<meta name=\"twitter:card\" content=\"summary_large_image\" \/>\n<meta name=\"twitter:label1\" content=\"Est. tempo de leitura\" \/>\n\t<meta name=\"twitter:data1\" content=\"2 minutos\" \/>\n<script type=\"application\/ld+json\" class=\"yoast-schema-graph\">{\"@context\":\"https:\/\/schema.org\",\"@graph\":[{\"@type\":\"WebPage\",\"@id\":\"https:\/\/www.address4.com\/pt-br\/servicos\/validacao-endereco-internacional\/localizador-codigo-area\",\"url\":\"https:\/\/www.address4.com\/pt-br\/servicos\/validacao-endereco-internacional\/localizador-codigo-area\",\"name\":\"Servi\u00e7o localizador do c\u00f3digo de \u00e1rea online em 250 pa\u00edses \u2013 Address4\",\"isPartOf\":{\"@id\":\"https:\/\/www.address4.com\/#website\"},\"datePublished\":\"2018-03-07T10:45:39+00:00\",\"dateModified\":\"2021-02-25T08:23:21+00:00\",\"description\":\"O Address4 oferece um servi\u00e7o localizador do c\u00f3digo de \u00e1rea para encontrar o c\u00f3digo de \u00e1rea de um ou mais endere\u00e7os em mais de 250 pa\u00edses do mundo. Teste agora!\",\"breadcrumb\":{\"@id\":\"https:\/\/www.address4.com\/pt-br\/servicos\/validacao-endereco-internacional\/localizador-codigo-area#breadcrumb\"},\"inLanguage\":\"pt-BR\",\"potentialAction\":[{\"@type\":\"ReadAction\",\"target\":[\"https:\/\/www.address4.com\/pt-br\/servicos\/validacao-endereco-internacional\/localizador-codigo-area\"]}]},{\"@type\":\"BreadcrumbList\",\"@id\":\"https:\/\/www.address4.com\/pt-br\/servicos\/validacao-endereco-internacional\/localizador-codigo-area#breadcrumb\",\"itemListElement\":[{\"@type\":\"ListItem\",\"position\":1,\"name\":\"Home\",\"item\":\"https:\/\/www.address4.com\/pt-br\"},{\"@type\":\"ListItem\",\"position\":2,\"name\":\"Servicos\",\"item\":\"https:\/\/www.address4.com\/pt-br\/servicos\"},{\"@type\":\"ListItem\",\"position\":3,\"name\":\"Valida\u00e7\u00e3o de Endere\u00e7o\",\"item\":\"https:\/\/www.address4.com\/pt-br\/servicos\/validacao-endereco-internacional\"},{\"@type\":\"ListItem\",\"position\":4,\"name\":\"Localizador do C\u00f3digo de \u00c1rea\"}]},{\"@type\":\"WebSite\",\"@id\":\"https:\/\/www.address4.com\/#website\",\"url\":\"https:\/\/www.address4.com\/\",\"name\":\"Address 4\",\"description\":\"Address Verification Service For Your Business\",\"potentialAction\":[{\"@type\":\"SearchAction\",\"target\":{\"@type\":\"EntryPoint\",\"urlTemplate\":\"https:\/\/www.address4.com\/?s={search_term_string}\"},\"query-input\":{\"@type\":\"PropertyValueSpecification\",\"valueRequired\":true,\"valueName\":\"search_term_string\"}}],\"inLanguage\":\"pt-BR\"}]}<\/script>\n<!-- \/ Yoast SEO plugin. -->","yoast_head_json":{"title":"Servi\u00e7o localizador do c\u00f3digo de \u00e1rea online em 250 pa\u00edses \u2013 Address4","description":"O Address4 oferece um servi\u00e7o localizador do c\u00f3digo de \u00e1rea para encontrar o c\u00f3digo de \u00e1rea de um ou mais endere\u00e7os em mais de 250 pa\u00edses do mundo. Teste agora!","robots":{"index":"index","follow":"follow","max-snippet":"max-snippet:-1","max-image-preview":"max-image-preview:large","max-video-preview":"max-video-preview:-1"},"canonical":"https:\/\/www.address4.com\/pt-br\/servicos\/validacao-endereco-internacional\/localizador-codigo-area","og_locale":"pt_BR","og_type":"article","og_title":"Servi\u00e7o localizador do c\u00f3digo de \u00e1rea online em 250 pa\u00edses \u2013 Address4","og_description":"O Address4 oferece um servi\u00e7o localizador do c\u00f3digo de \u00e1rea para encontrar o c\u00f3digo de \u00e1rea de um ou mais endere\u00e7os em mais de 250 pa\u00edses do mundo. Teste agora!","og_url":"https:\/\/www.address4.com\/pt-br\/servicos\/validacao-endereco-internacional\/localizador-codigo-area","og_site_name":"Address 4","article_modified_time":"2021-02-25T08:23:21+00:00","twitter_card":"summary_large_image","twitter_misc":{"Est. tempo de leitura":"2 minutos"},"schema":{"@context":"https:\/\/schema.org","@graph":[{"@type":"WebPage","@id":"https:\/\/www.address4.com\/pt-br\/servicos\/validacao-endereco-internacional\/localizador-codigo-area","url":"https:\/\/www.address4.com\/pt-br\/servicos\/validacao-endereco-internacional\/localizador-codigo-area","name":"Servi\u00e7o localizador do c\u00f3digo de \u00e1rea online em 250 pa\u00edses \u2013 Address4","isPartOf":{"@id":"https:\/\/www.address4.com\/#website"},"datePublished":"2018-03-07T10:45:39+00:00","dateModified":"2021-02-25T08:23:21+00:00","description":"O Address4 oferece um servi\u00e7o localizador do c\u00f3digo de \u00e1rea para encontrar o c\u00f3digo de \u00e1rea de um ou mais endere\u00e7os em mais de 250 pa\u00edses do mundo. Teste agora!","breadcrumb":{"@id":"https:\/\/www.address4.com\/pt-br\/servicos\/validacao-endereco-internacional\/localizador-codigo-area#breadcrumb"},"inLanguage":"pt-BR","potentialAction":[{"@type":"ReadAction","target":["https:\/\/www.address4.com\/pt-br\/servicos\/validacao-endereco-internacional\/localizador-codigo-area"]}]},{"@type":"BreadcrumbList","@id":"https:\/\/www.address4.com\/pt-br\/servicos\/validacao-endereco-internacional\/localizador-codigo-area#breadcrumb","itemListElement":[{"@type":"ListItem","position":1,"name":"Home","item":"https:\/\/www.address4.com\/pt-br"},{"@type":"ListItem","position":2,"name":"Servicos","item":"https:\/\/www.address4.com\/pt-br\/servicos"},{"@type":"ListItem","position":3,"name":"Valida\u00e7\u00e3o de Endere\u00e7o","item":"https:\/\/www.address4.com\/pt-br\/servicos\/validacao-endereco-internacional"},{"@type":"ListItem","position":4,"name":"Localizador do C\u00f3digo de \u00c1rea"}]},{"@type":"WebSite","@id":"https:\/\/www.address4.com\/#website","url":"https:\/\/www.address4.com\/","name":"Address 4","description":"Address Verification Service For Your Business","potentialAction":[{"@type":"SearchAction","target":{"@type":"EntryPoint","urlTemplate":"https:\/\/www.address4.com\/?s={search_term_string}"},"query-input":{"@type":"PropertyValueSpecification","valueRequired":true,"valueName":"search_term_string"}}],"inLanguage":"pt-BR"}]}},"_links":{"self":[{"href":"https:\/\/www.address4.com\/pt-br\/wp-json\/wp\/v2\/pages\/677","targetHints":{"allow":["GET"]}}],"collection":[{"href":"https:\/\/www.address4.com\/pt-br\/wp-json\/wp\/v2\/pages"}],"about":[{"href":"https:\/\/www.address4.com\/pt-br\/wp-json\/wp\/v2\/types\/page"}],"author":[{"embeddable":true,"href":"https:\/\/www.address4.com\/pt-br\/wp-json\/wp\/v2\/users\/2"}],"replies":[{"embeddable":true,"href":"https:\/\/www.address4.com\/pt-br\/wp-json\/wp\/v2\/comments?post=677"}],"version-history":[{"count":5,"href":"https:\/\/www.address4.com\/pt-br\/wp-json\/wp\/v2\/pages\/677\/revisions"}],"predecessor-version":[{"id":3196,"href":"https:\/\/www.address4.com\/pt-br\/wp-json\/wp\/v2\/pages\/677\/revisions\/3196"}],"up":[{"embeddable":true,"href":"https:\/\/www.address4.com\/pt-br\/wp-json\/wp\/v2\/pages\/342"}],"wp:attachment":[{"href":"https:\/\/www.address4.com\/pt-br\/wp-json\/wp\/v2\/media?parent=677"}],"curies":[{"name":"wp","href":"https:\/\/api.w.org\/{rel}","templated":true}]}}