{"id":662,"date":"2018-03-06T19:32:33","date_gmt":"2018-03-06T19:32:33","guid":{"rendered":"http:\/\/www.address4.com\/?page_id=662"},"modified":"2021-02-25T09:19:47","modified_gmt":"2021-02-25T08:19:47","slug":"pesquisa-codig-postal","status":"publish","type":"page","link":"https:\/\/www.address4.com\/pt-br\/servicos\/validacao-endereco-internacional\/pesquisa-codig-postal","title":{"rendered":"Pesquisa de C\u00f3digo Postal"},"content":{"rendered":"[vc_row wrapper=&#8221;true&#8221; holder_set_margin=&#8221;true&#8221; holder_margin=&#8221;u-margin-bottom&#8221;][vc_column]<div class=\"c-heading\"><h1 class=\" u-h1 u-text-center\">Pesquisa de C\u00f3digo Postal<\/h1><\/div><div class=\"c-heading\"><h3 class=\" u-h3 u-text-normal u-text-center\">Para c\u00f3digos postais mais precisos e seguros<\/h3><\/div>[\/vc_column][\/vc_row][vc_row wrapper=&#8221;true&#8221; holder_set_margin=&#8221;true&#8221; holder_margin=&#8221;u-margin-bottom&#8221;][vc_column width=&#8221;5\/12&#8243;]<div class=\"c-image\"><a href=\"https:\/\/www.address4.com\/free-address-validation-services\"><img loading=\"lazy\" decoding=\"async\" width=\"446\" height=\"269\" src=\"https:\/\/www.address4.com\/wp-content\/uploads\/2018\/03\/postcode_lookup.jpg\" class=\" u-margin-bottom aligncenter\" alt=\"postcode lookup\" srcset=\"https:\/\/www.address4.com\/wp-content\/uploads\/2018\/03\/postcode_lookup.jpg 446w, https:\/\/www.address4.com\/wp-content\/uploads\/2018\/03\/postcode_lookup-300x181.jpg 300w\" sizes=\"auto, (max-width: 446px) 100vw, 446px\" \/><\/a><\/div>[\/vc_column][vc_column width=&#8221;7\/12&#8243;]<div class=\"c-heading\"><h3>Pesquisa C\u00f3digo Postal endere\u00e7os postais<\/h3><\/div>[vc_column_text]Procurar um c\u00f3digo postal usando apenas alguns dados agora \u00e9 poss\u00edvel gra\u00e7as ao software Address4 com a fun\u00e7\u00e3o especial de pesquisa de c\u00f3digo postal. O software localiza o c\u00f3digo postal vinculado a uma s\u00e9rie de op\u00e7\u00f5es (nome do pa\u00eds, nome da cidade, endere\u00e7o) e retorna os dados atualizados corretos.\u00a0Preencha o formul\u00e1rio para testar o servi\u00e7o online de pesquisa de c\u00f3digo postal. Teste agora em mais de 250 pa\u00edses no mundo.[\/vc_column_text]<a class=\"c-button u-margin-right u-margin-bottom c-button--primary  c-button--ghost\" href=\"https:\/\/www.address4.com\/free-address-validation-services\">Inscrever-se<\/a><a class=\"c-button c-button--primary  c-button--ghost\" href=\"https:\/\/www.address4.com\/services\/address-validation\/batch-address-validation\">Carregar um arquivo<\/a>[\/vc_column][\/vc_row][vc_row][vc_column]<div class=\"templatera_shortcode\"><div class=\"o-holder u-background-light u-margin-bottom-large u-padding-vertical-large\"><div class=\" o-wrapper\"><div class=\"grid-1\"><div class=\"col _lap-and-up-8\" ><div class=\"c-heading\"><h3>N\u00e3o perca \u201cRedu\u00e7\u00e3o de Custos & Valida\u00e7\u00e3o de Endere\u00e7o\u201d<\/h3><\/div><div class=\"c-heading\"><h3>Fa\u00e7a o DOWNLOAD do seu eBook GRATUITAMENTE e descubra como melhorar a qualidade dos seus dados<\/h3><\/div><div class=\"c-text-block\"><p>Guia completo com os benef\u00edcios econ\u00f4micos da valida\u00e7\u00e3o<\/p>\n <\/div><a class=\"c-button c-button--secondary\" href=\"https:\/\/www.address4.com\/ebook-1\">Fazer download do eBook<\/a><\/div><div class=\"col _lap-and-up-4\" ><div class=\"c-image\"><a href=\"https:\/\/www.address4.com\/ebook-1\"><img loading=\"lazy\" decoding=\"async\" width=\"205\" height=\"286\" src=\"https:\/\/www.address4.com\/wp-content\/uploads\/2018\/03\/ebook-address-validation-cost-saving-S.png\" class=\" alignone\" alt=\"ebook-address-validation-cost-saving-S\" \/><\/a><\/div><\/div>\n<\/div><\/div><\/div><\/div>[\/vc_column][\/vc_row][vc_row wrapper=&#8221;true&#8221; holder_set_margin=&#8221;true&#8221; holder_margin=&#8221;u-margin-bottom-large&#8221;][vc_column]<div class=\"c-heading\"><h3>Encontre o c\u00f3digo postal exato com oAddress4<\/h3><\/div>[vc_column_text]Cada endere\u00e7o est\u00e1 ligado a um ou mais c\u00f3digos postais e cada c\u00f3digo postal est\u00e1 ligado a um ou mais endere\u00e7os. Ao usar o servi\u00e7o de pesquisa de c\u00f3digo postal do Address 4, os usu\u00e1rios podem receber dados precisos com apenas uma quantidade m\u00ednima de informa\u00e7\u00f5es. Basta preencher o formul\u00e1rio com os dados solicitados para visualizar instantaneamente o c\u00f3digo postal correto.<\/p>\n<p>O servi\u00e7o \u00e9 ideal para desenvolvedores da web, propriet\u00e1rios de com\u00e9rcio eletr\u00f4nico, operadores de inser\u00e7\u00e3o de dados e CRM, e qualquer pessoa que precise localizar um c\u00f3digo postal para servi\u00e7os de envio, registro de dados e processamento de banco de dados e para melhorar a qualidade geral de seus bancos de dados.<\/p>\n<p>A interface gr\u00e1fica do Address4 foi desenvolvida para ajudar o usu\u00e1rio a fazer a pesquisa mesmo que n\u00e3o tenham experi\u00eancia em software de TI. A plataforma est\u00e1 dispon\u00edvel 24 horas por dia, 7 dias da semana, de qualquer dispositivo com conex\u00e3o a Internet, garantindo uma gest\u00e3o completamente aut\u00f4noma das opera\u00e7\u00f5es de pesquisa e valida\u00e7\u00e3o de endere\u00e7os.[\/vc_column_text][\/vc_column][\/vc_row][vc_row][vc_column]<div class=\"templatera_shortcode\"><div class=\"o-holder u-background-light u-margin-bottom-large u-padding-vertical-large\"><div class=\"grid-1\"><div class=\"col _lap-and-up-12\" ><div class=\"c-heading\"><h3 class=\" u-h2 u-text-center\">Inicie o seu Teste Gr\u00e1tis do Address4<\/h3><\/div><div class=\"c-button-holder c-button-holder--center\"><a class=\"c-button c-button--center u-margin-bottom c-button--secondary\" href=\"https:\/\/www.address4.com\/free-address-validation-services\">Inscrever-se<\/a><\/div><div class=\"c-heading\"><h3 class=\" u-text-center\">Sem custo, sem obriga\u00e7\u00e3o, m\u00e1xima satisfa\u00e7\u00e3o<\/h3><\/div><\/div>\n<\/div><\/div><\/div>[\/vc_column][\/vc_row][vc_row wrapper=&#8221;true&#8221; holder_set_padding=&#8221;true&#8221; holder_padding=&#8221;u-padding-vertical&#8221;][vc_column width=&#8221;1\/3&#8243;]<div class=\"c-mediabox u-margin-bottom\">\n<div class=\" o-media\">\n<div class=\"o-media__img\">\n<div class=\"ico-wrap ico-wrap--center\"><i class=\"ico ico--xl fal fa-shield-check\"><\/i><\/div>\n<\/div>\n<div class=\"o-media__body\">\n<h4>Banco de dados atualizado<\/h4>\n<p>O servi\u00e7o de pesquisa de c\u00f3digo postal \u00e9 baseado em bancos de dados constantemente atualizados para garantir dados corretos e validados.<\/p><\/div>\n<\/div>\n<\/div>\n[\/vc_column][vc_column width=&#8221;1\/3&#8243;]<div class=\"c-mediabox u-margin-bottom\">\n<div class=\" o-media\">\n<div class=\"o-media__img\">\n<div class=\"ico-wrap ico-wrap--center\"><i class=\"ico ico--xl fal fa-chart-line\"><\/i><\/div>\n<\/div>\n<div class=\"o-media__body\">\n<h4>Resultados imediatos<\/h4>\n<p>Para encontrar um c\u00f3digo postal, n\u00e3o \u00e9 necess\u00e1rio fazer download de um problema ou de plug-ins, basta usar a plataforma online.<\/p><\/div>\n<\/div>\n<\/div>\n[\/vc_column][vc_column width=&#8221;1\/3&#8243;]<div class=\"c-mediabox u-margin-bottom\">\n<div class=\" o-media\">\n<div class=\"o-media__img\">\n<div class=\"ico-wrap ico-wrap--center\"><i class=\"ico ico--xl fal fa-globe\"><\/i><\/div>\n<\/div>\n<div class=\"o-media__body\">\n<h4>Mais de 250 pa\u00edses<\/h4>\n<p>Voc\u00ea pode encontrar o c\u00f3digo postal exato de um endere\u00e7o em mais de 250 pa\u00edses em cinco continentes.<\/p><\/div>\n<\/div>\n<\/div>\n[\/vc_column][\/vc_row][vc_row][vc_column][\/vc_column][\/vc_row]\n","protected":false},"excerpt":{"rendered":"The Latest From Our Blog","protected":false},"author":2,"featured_media":0,"parent":342,"menu_order":0,"comment_status":"closed","ping_status":"closed","template":"templates\/template-fullwidth.php","meta":{"footnotes":""},"class_list":["post-662","page","type-page","status-publish","hentry"],"yoast_head":"<!-- This site is optimized with the Yoast SEO plugin v26.8 - https:\/\/yoast.com\/product\/yoast-seo-wordpress\/ -->\n<title>Servi\u00e7o online avan\u00e7ado de Pesquisa de C\u00f3digo Postal \u2013 Address4<\/title>\n<meta name=\"description\" content=\"Precisa saber o c\u00f3digo postal de um endere\u00e7o? Teste o servi\u00e7o de Pesquisa de C\u00f3digo Postal e encontre j\u00e1 os dados que faltam!\" \/>\n<meta name=\"robots\" content=\"index, follow, max-snippet:-1, max-image-preview:large, max-video-preview:-1\" \/>\n<link rel=\"canonical\" href=\"https:\/\/www.address4.com\/pt-br\/servicos\/validacao-endereco-internacional\/pesquisa-codig-postal\" \/>\n<meta property=\"og:locale\" content=\"pt_BR\" \/>\n<meta property=\"og:type\" content=\"article\" \/>\n<meta property=\"og:title\" content=\"Servi\u00e7o online avan\u00e7ado de Pesquisa de C\u00f3digo Postal \u2013 Address4\" \/>\n<meta property=\"og:description\" content=\"Precisa saber o c\u00f3digo postal de um endere\u00e7o? Teste o servi\u00e7o de Pesquisa de C\u00f3digo Postal e encontre j\u00e1 os dados que faltam!\" \/>\n<meta property=\"og:url\" content=\"https:\/\/www.address4.com\/pt-br\/servicos\/validacao-endereco-internacional\/pesquisa-codig-postal\" \/>\n<meta property=\"og:site_name\" content=\"Address 4\" \/>\n<meta property=\"article:modified_time\" content=\"2021-02-25T08:19:47+00:00\" \/>\n<meta name=\"twitter:card\" content=\"summary_large_image\" \/>\n<meta name=\"twitter:label1\" content=\"Est. tempo de leitura\" \/>\n\t<meta name=\"twitter:data1\" content=\"2 minutos\" \/>\n<script type=\"application\/ld+json\" class=\"yoast-schema-graph\">{\"@context\":\"https:\/\/schema.org\",\"@graph\":[{\"@type\":\"WebPage\",\"@id\":\"https:\/\/www.address4.com\/pt-br\/servicos\/validacao-endereco-internacional\/pesquisa-codig-postal\",\"url\":\"https:\/\/www.address4.com\/pt-br\/servicos\/validacao-endereco-internacional\/pesquisa-codig-postal\",\"name\":\"Servi\u00e7o online avan\u00e7ado de Pesquisa de C\u00f3digo Postal \u2013 Address4\",\"isPartOf\":{\"@id\":\"https:\/\/www.address4.com\/#website\"},\"datePublished\":\"2018-03-06T19:32:33+00:00\",\"dateModified\":\"2021-02-25T08:19:47+00:00\",\"description\":\"Precisa saber o c\u00f3digo postal de um endere\u00e7o? Teste o servi\u00e7o de Pesquisa de C\u00f3digo Postal e encontre j\u00e1 os dados que faltam!\",\"breadcrumb\":{\"@id\":\"https:\/\/www.address4.com\/pt-br\/servicos\/validacao-endereco-internacional\/pesquisa-codig-postal#breadcrumb\"},\"inLanguage\":\"pt-BR\",\"potentialAction\":[{\"@type\":\"ReadAction\",\"target\":[\"https:\/\/www.address4.com\/pt-br\/servicos\/validacao-endereco-internacional\/pesquisa-codig-postal\"]}]},{\"@type\":\"BreadcrumbList\",\"@id\":\"https:\/\/www.address4.com\/pt-br\/servicos\/validacao-endereco-internacional\/pesquisa-codig-postal#breadcrumb\",\"itemListElement\":[{\"@type\":\"ListItem\",\"position\":1,\"name\":\"Home\",\"item\":\"https:\/\/www.address4.com\/pt-br\"},{\"@type\":\"ListItem\",\"position\":2,\"name\":\"Servicos\",\"item\":\"https:\/\/www.address4.com\/pt-br\/servicos\"},{\"@type\":\"ListItem\",\"position\":3,\"name\":\"Valida\u00e7\u00e3o de Endere\u00e7o\",\"item\":\"https:\/\/www.address4.com\/pt-br\/servicos\/validacao-endereco-internacional\"},{\"@type\":\"ListItem\",\"position\":4,\"name\":\"Pesquisa de C\u00f3digo Postal\"}]},{\"@type\":\"WebSite\",\"@id\":\"https:\/\/www.address4.com\/#website\",\"url\":\"https:\/\/www.address4.com\/\",\"name\":\"Address 4\",\"description\":\"Address Verification Service For Your Business\",\"potentialAction\":[{\"@type\":\"SearchAction\",\"target\":{\"@type\":\"EntryPoint\",\"urlTemplate\":\"https:\/\/www.address4.com\/?s={search_term_string}\"},\"query-input\":{\"@type\":\"PropertyValueSpecification\",\"valueRequired\":true,\"valueName\":\"search_term_string\"}}],\"inLanguage\":\"pt-BR\"}]}<\/script>\n<!-- \/ Yoast SEO plugin. -->","yoast_head_json":{"title":"Servi\u00e7o online avan\u00e7ado de Pesquisa de C\u00f3digo Postal \u2013 Address4","description":"Precisa saber o c\u00f3digo postal de um endere\u00e7o? Teste o servi\u00e7o de Pesquisa de C\u00f3digo Postal e encontre j\u00e1 os dados que faltam!","robots":{"index":"index","follow":"follow","max-snippet":"max-snippet:-1","max-image-preview":"max-image-preview:large","max-video-preview":"max-video-preview:-1"},"canonical":"https:\/\/www.address4.com\/pt-br\/servicos\/validacao-endereco-internacional\/pesquisa-codig-postal","og_locale":"pt_BR","og_type":"article","og_title":"Servi\u00e7o online avan\u00e7ado de Pesquisa de C\u00f3digo Postal \u2013 Address4","og_description":"Precisa saber o c\u00f3digo postal de um endere\u00e7o? Teste o servi\u00e7o de Pesquisa de C\u00f3digo Postal e encontre j\u00e1 os dados que faltam!","og_url":"https:\/\/www.address4.com\/pt-br\/servicos\/validacao-endereco-internacional\/pesquisa-codig-postal","og_site_name":"Address 4","article_modified_time":"2021-02-25T08:19:47+00:00","twitter_card":"summary_large_image","twitter_misc":{"Est. tempo de leitura":"2 minutos"},"schema":{"@context":"https:\/\/schema.org","@graph":[{"@type":"WebPage","@id":"https:\/\/www.address4.com\/pt-br\/servicos\/validacao-endereco-internacional\/pesquisa-codig-postal","url":"https:\/\/www.address4.com\/pt-br\/servicos\/validacao-endereco-internacional\/pesquisa-codig-postal","name":"Servi\u00e7o online avan\u00e7ado de Pesquisa de C\u00f3digo Postal \u2013 Address4","isPartOf":{"@id":"https:\/\/www.address4.com\/#website"},"datePublished":"2018-03-06T19:32:33+00:00","dateModified":"2021-02-25T08:19:47+00:00","description":"Precisa saber o c\u00f3digo postal de um endere\u00e7o? Teste o servi\u00e7o de Pesquisa de C\u00f3digo Postal e encontre j\u00e1 os dados que faltam!","breadcrumb":{"@id":"https:\/\/www.address4.com\/pt-br\/servicos\/validacao-endereco-internacional\/pesquisa-codig-postal#breadcrumb"},"inLanguage":"pt-BR","potentialAction":[{"@type":"ReadAction","target":["https:\/\/www.address4.com\/pt-br\/servicos\/validacao-endereco-internacional\/pesquisa-codig-postal"]}]},{"@type":"BreadcrumbList","@id":"https:\/\/www.address4.com\/pt-br\/servicos\/validacao-endereco-internacional\/pesquisa-codig-postal#breadcrumb","itemListElement":[{"@type":"ListItem","position":1,"name":"Home","item":"https:\/\/www.address4.com\/pt-br"},{"@type":"ListItem","position":2,"name":"Servicos","item":"https:\/\/www.address4.com\/pt-br\/servicos"},{"@type":"ListItem","position":3,"name":"Valida\u00e7\u00e3o de Endere\u00e7o","item":"https:\/\/www.address4.com\/pt-br\/servicos\/validacao-endereco-internacional"},{"@type":"ListItem","position":4,"name":"Pesquisa de C\u00f3digo Postal"}]},{"@type":"WebSite","@id":"https:\/\/www.address4.com\/#website","url":"https:\/\/www.address4.com\/","name":"Address 4","description":"Address Verification Service For Your Business","potentialAction":[{"@type":"SearchAction","target":{"@type":"EntryPoint","urlTemplate":"https:\/\/www.address4.com\/?s={search_term_string}"},"query-input":{"@type":"PropertyValueSpecification","valueRequired":true,"valueName":"search_term_string"}}],"inLanguage":"pt-BR"}]}},"_links":{"self":[{"href":"https:\/\/www.address4.com\/pt-br\/wp-json\/wp\/v2\/pages\/662","targetHints":{"allow":["GET"]}}],"collection":[{"href":"https:\/\/www.address4.com\/pt-br\/wp-json\/wp\/v2\/pages"}],"about":[{"href":"https:\/\/www.address4.com\/pt-br\/wp-json\/wp\/v2\/types\/page"}],"author":[{"embeddable":true,"href":"https:\/\/www.address4.com\/pt-br\/wp-json\/wp\/v2\/users\/2"}],"replies":[{"embeddable":true,"href":"https:\/\/www.address4.com\/pt-br\/wp-json\/wp\/v2\/comments?post=662"}],"version-history":[{"count":8,"href":"https:\/\/www.address4.com\/pt-br\/wp-json\/wp\/v2\/pages\/662\/revisions"}],"predecessor-version":[{"id":3191,"href":"https:\/\/www.address4.com\/pt-br\/wp-json\/wp\/v2\/pages\/662\/revisions\/3191"}],"up":[{"embeddable":true,"href":"https:\/\/www.address4.com\/pt-br\/wp-json\/wp\/v2\/pages\/342"}],"wp:attachment":[{"href":"https:\/\/www.address4.com\/pt-br\/wp-json\/wp\/v2\/media?parent=662"}],"curies":[{"name":"wp","href":"https:\/\/api.w.org\/{rel}","templated":true}]}}