{"id":595,"date":"2018-03-06T12:28:53","date_gmt":"2018-03-06T12:28:53","guid":{"rendered":"http:\/\/www.address4.com\/?page_id=595"},"modified":"2021-02-25T09:13:00","modified_gmt":"2021-02-25T08:13:00","slug":"autopreenchimento-validacao-endereco","status":"publish","type":"page","link":"https:\/\/www.address4.com\/pt-br\/servicos\/validacao-endereco-internacional\/autopreenchimento-validacao-endereco","title":{"rendered":"Autopreenchimento na Valida\u00e7\u00e3o de Endere\u00e7o"},"content":{"rendered":"[vc_row wrapper=&#8221;true&#8221; holder_set_margin=&#8221;true&#8221; holder_margin=&#8221;u-margin-bottom&#8221;][vc_column]<div class=\"c-heading\"><h1 class=\" u-h1 u-text-center\">Autopreenchimento na Valida\u00e7\u00e3o de Endere\u00e7o<\/h1><\/div><div class=\"c-heading\"><h3 class=\" u-h3 u-text-normal u-text-center\">Preencha automaticamente os endere\u00e7os e verifique-os instantaneamente par garantir inser\u00e7\u00e3o de dados corretos<\/h3><\/div>[\/vc_column][\/vc_row][vc_row wrapper=&#8221;true&#8221; holder_set_margin=&#8221;true&#8221; holder_margin=&#8221;u-margin-bottom&#8221;][vc_column width=&#8221;5\/12&#8243;]<div class=\"c-image\"><a href=\"https:\/\/www.address4.com\/free-address-validation-services\"><img loading=\"lazy\" decoding=\"async\" width=\"700\" height=\"360\" src=\"https:\/\/www.address4.com\/wp-content\/uploads\/2018\/03\/5ba7e16e-6319-4a2f-8152-a493c0ae729a.jpeg\" class=\" u-margin-bottom aligncenter\" alt=\"\" srcset=\"https:\/\/www.address4.com\/wp-content\/uploads\/2018\/03\/5ba7e16e-6319-4a2f-8152-a493c0ae729a.jpeg 700w, https:\/\/www.address4.com\/wp-content\/uploads\/2018\/03\/5ba7e16e-6319-4a2f-8152-a493c0ae729a-300x154.jpeg 300w\" sizes=\"auto, (max-width: 700px) 100vw, 700px\" \/><\/a><\/div>[\/vc_column][vc_column width=&#8221;7\/12&#8243;]<div class=\"c-heading\"><h3>Autopreenchimento de endere\u00e7o online<\/h3><\/div>[vc_column_text]Os\u00a0<strong>projetos profissionais de inser\u00e7\u00e3o de dados<\/strong>\u00a0requerem ferramentas de sugest\u00e3o, valida\u00e7\u00e3o e preenchimento autom\u00e1tico dos endere\u00e7os. Para cada campo, o Address4 seleciona as op\u00e7\u00f5es dispon\u00edveis em tempo real de acordo com as primeiras letras ou n\u00fameros inseridos, completando os dados ausentes e validando o endere\u00e7o, se necess\u00e1rio.\u00a0Voc\u00ea pode receber uma demonstra\u00e7\u00e3o pr\u00e1tica do potencial do software Address4, preenchendo o formul\u00e1rio com o endere\u00e7o. Teste a demonstra\u00e7\u00e3o gratuita a qualquer momento![\/vc_column_text]<a class=\"c-button u-margin-right u-margin-bottom c-button--primary  c-button--ghost\" href=\"https:\/\/www.address4.com\/free-address-validation-services\">Inscrever-se<\/a><a class=\"c-button c-button--primary  c-button--ghost\" href=\"https:\/\/www.address4.com\/services\/address-validation\/batch-address-validation\">Carregar um arquivo<\/a>[\/vc_column][\/vc_row][vc_row][vc_column]<div class=\"templatera_shortcode\"><div class=\"o-holder u-background-light u-margin-bottom-large u-padding-vertical-large\"><div class=\" o-wrapper\"><div class=\"grid-1\"><div class=\"col _lap-and-up-8\" ><div class=\"c-heading\"><h3>N\u00e3o perca \u201cRedu\u00e7\u00e3o de Custos & Valida\u00e7\u00e3o de Endere\u00e7o\u201d<\/h3><\/div><div class=\"c-heading\"><h3>Fa\u00e7a o DOWNLOAD do seu eBook GRATUITAMENTE e descubra como melhorar a qualidade dos seus dados<\/h3><\/div><div class=\"c-text-block\"><p>Guia completo com os benef\u00edcios econ\u00f4micos da valida\u00e7\u00e3o<\/p>\n <\/div><a class=\"c-button c-button--secondary\" href=\"https:\/\/www.address4.com\/ebook-1\">Fazer download do eBook<\/a><\/div><div class=\"col _lap-and-up-4\" ><div class=\"c-image\"><a href=\"https:\/\/www.address4.com\/ebook-1\"><img loading=\"lazy\" decoding=\"async\" width=\"205\" height=\"286\" src=\"https:\/\/www.address4.com\/wp-content\/uploads\/2018\/03\/ebook-address-validation-cost-saving-S.png\" class=\" alignone\" alt=\"ebook-address-validation-cost-saving-S\" \/><\/a><\/div><\/div>\n<\/div><\/div><\/div><\/div>[\/vc_column][\/vc_row][vc_row wrapper=&#8221;true&#8221; holder_set_margin=&#8221;true&#8221; holder_margin=&#8221;u-margin-bottom-large&#8221;][vc_column]<div class=\"c-heading\"><h3>Por que escolher preenchimento autom\u00e1tico de endere\u00e7os com Address4<\/h3><\/div>[vc_column_text]O Address4 foi desenvolvido para fornecer assist\u00eancia online para aqueles que trabalham com sistemas de inser\u00e7\u00e3o de dados. Ele usa uma fun\u00e7\u00e3o de autopreenchimento especial, sugest\u00e3o em tempo real e valida\u00e7\u00e3o de endere\u00e7os.<\/p>\n<p>Quando voc\u00ea digita as primeiras letras ou n\u00fameros de um endere\u00e7o, o banco de dados do Address4 combina-os com dados armazenados com base no pa\u00eds<strong>, assegurando que os dados s\u00e3o precisos<\/strong>. Em seguida, o software conclui automaticamente os registros ausentes, inserindo o valor vinculado ao campo (como o c\u00f3digo postal de uma cidade ou cidade).<\/p>\n<p>Ent\u00e3o, o Address 4 verifica o endere\u00e7o, eliminando quaisquer erros devido \u00e0 entrada manual de dados. O processo \u00e9 mais r\u00e1pido e mais seguro, e garante qualidade. Tudo acontece em tempo real, e voc\u00ea pode acessar informa\u00e7\u00f5es\u00a0<strong>para mais de 250 pa\u00edses em todo o mundo<\/strong>.[\/vc_column_text][\/vc_column][\/vc_row][vc_row][vc_column]<div class=\"templatera_shortcode\"><div class=\"o-holder u-background-light u-margin-bottom-large u-padding-vertical-large\"><div class=\"grid-1\"><div class=\"col _lap-and-up-12\" ><div class=\"c-heading\"><h3 class=\" u-h2 u-text-center\">Inicie o seu Teste Gr\u00e1tis do Address4<\/h3><\/div><div class=\"c-button-holder c-button-holder--center\"><a class=\"c-button c-button--center u-margin-bottom c-button--secondary\" href=\"https:\/\/www.address4.com\/free-address-validation-services\">Inscrever-se<\/a><\/div><div class=\"c-heading\"><h3 class=\" u-text-center\">Sem custo, sem obriga\u00e7\u00e3o, m\u00e1xima satisfa\u00e7\u00e3o<\/h3><\/div><\/div>\n<\/div><\/div><\/div>[\/vc_column][\/vc_row][vc_row wrapper=&#8221;true&#8221; holder_set_margin=&#8221;true&#8221; holder_margin=&#8221;u-margin-bottom-large&#8221;][vc_column width=&#8221;1\/3&#8243;]<div class=\"c-mediabox u-margin-bottom\">\n<div class=\" o-media\">\n<div class=\"o-media__img\">\n<div class=\"ico-wrap ico-wrap--center\"><i class=\"ico ico--xl fal fa-info-circle\"><\/i><\/div>\n<\/div>\n<div class=\"o-media__body\">\n<div class=\"span4 widget-span widget-type-rich_text \" data-widget-type=\"rich_text\" data-x=\"0\" data-w=\"4\">\n<div class=\"cell-wrapper layout-widget-wrapper\"><\/div>\n<\/div>\n<div class=\"span4 widget-span widget-type-rich_text \" data-widget-type=\"rich_text\" data-x=\"4\" data-w=\"4\">\n<div class=\"cell-wrapper layout-widget-wrapper\">\n<h4>Sugest\u00e3o autom\u00e1tica<\/h4>\n<p>Enquanto digita os dados, o Address4 sugere alternativas atualizadas e corretas.<\/p>\n<\/div>\n<\/div>\n<\/div>\n<\/div>\n<\/div>\n[\/vc_column][vc_column width=&#8221;1\/3&#8243;]<div class=\"c-mediabox u-margin-bottom\">\n<div class=\" o-media\">\n<div class=\"o-media__img\">\n<div class=\"ico-wrap ico-wrap--center\"><i class=\"ico ico--xl fal fa-edit\"><\/i><\/div>\n<\/div>\n<div class=\"o-media__body\">\n<h4>Autopreenchimento<\/h4>\n<p>Voc\u00ea s\u00f3 precisa inserir algumas letras ou n\u00fameros e o formul\u00e1rio se preencher\u00e1 automaticamente.<\/p><\/div>\n<\/div>\n<\/div>\n[\/vc_column][vc_column width=&#8221;1\/3&#8243;]<div class=\"c-mediabox u-margin-bottom\">\n<div class=\" o-media\">\n<div class=\"o-media__img\">\n<div class=\"ico-wrap ico-wrap--center\"><i class=\"ico ico--xl fal fa-map-marker-alt\"><\/i><\/div>\n<\/div>\n<div class=\"o-media__body\">\n<h4>Valida\u00e7\u00e3o de endere\u00e7o<\/h4>\n<p>O \u00faltimo passo \u00e9 a verifica\u00e7\u00e3o de endere\u00e7o \u2013 O Address4 confirma a qualidade da informa\u00e7\u00e3o para que voc\u00ea n\u00e3o precise faz\u00ea-lo.<\/p><\/div>\n<\/div>\n<\/div>\n[\/vc_column][\/vc_row][vc_row][vc_column][\/vc_column][\/vc_row]\n","protected":false},"excerpt":{"rendered":"The Latest From Our Blog","protected":false},"author":2,"featured_media":0,"parent":342,"menu_order":0,"comment_status":"closed","ping_status":"closed","template":"templates\/template-fullwidth.php","meta":{"footnotes":""},"class_list":["post-595","page","type-page","status-publish","hentry"],"yoast_head":"<!-- This site is optimized with the Yoast SEO plugin v26.8 - https:\/\/yoast.com\/product\/yoast-seo-wordpress\/ -->\n<title>Servi\u00e7o online de autopreenchimento de endere\u00e7os de e-mail \u2013 Address4<\/title>\n<meta name=\"description\" content=\"Descubra o servi\u00e7o online de autopreenchimento, sugest\u00f5es e valida\u00e7\u00e3o de endere\u00e7os de e-mail para processos de inser\u00e7\u00e3o de dados. Teste a demo gratuita!\" \/>\n<meta name=\"robots\" content=\"index, follow, max-snippet:-1, max-image-preview:large, max-video-preview:-1\" \/>\n<link rel=\"canonical\" href=\"https:\/\/www.address4.com\/pt-br\/servicos\/validacao-endereco-internacional\/autopreenchimento-validacao-endereco\" \/>\n<meta property=\"og:locale\" content=\"pt_BR\" \/>\n<meta property=\"og:type\" content=\"article\" \/>\n<meta property=\"og:title\" content=\"Servi\u00e7o online de autopreenchimento de endere\u00e7os de e-mail \u2013 Address4\" \/>\n<meta property=\"og:description\" content=\"Descubra o servi\u00e7o online de autopreenchimento, sugest\u00f5es e valida\u00e7\u00e3o de endere\u00e7os de e-mail para processos de inser\u00e7\u00e3o de dados. Teste a demo gratuita!\" \/>\n<meta property=\"og:url\" content=\"https:\/\/www.address4.com\/pt-br\/servicos\/validacao-endereco-internacional\/autopreenchimento-validacao-endereco\" \/>\n<meta property=\"og:site_name\" content=\"Address 4\" \/>\n<meta property=\"article:modified_time\" content=\"2021-02-25T08:13:00+00:00\" \/>\n<meta name=\"twitter:card\" content=\"summary_large_image\" \/>\n<meta name=\"twitter:label1\" content=\"Est. tempo de leitura\" \/>\n\t<meta name=\"twitter:data1\" content=\"2 minutos\" \/>\n<script type=\"application\/ld+json\" class=\"yoast-schema-graph\">{\"@context\":\"https:\/\/schema.org\",\"@graph\":[{\"@type\":\"WebPage\",\"@id\":\"https:\/\/www.address4.com\/pt-br\/servicos\/validacao-endereco-internacional\/autopreenchimento-validacao-endereco\",\"url\":\"https:\/\/www.address4.com\/pt-br\/servicos\/validacao-endereco-internacional\/autopreenchimento-validacao-endereco\",\"name\":\"Servi\u00e7o online de autopreenchimento de endere\u00e7os de e-mail \u2013 Address4\",\"isPartOf\":{\"@id\":\"https:\/\/www.address4.com\/#website\"},\"datePublished\":\"2018-03-06T12:28:53+00:00\",\"dateModified\":\"2021-02-25T08:13:00+00:00\",\"description\":\"Descubra o servi\u00e7o online de autopreenchimento, sugest\u00f5es e valida\u00e7\u00e3o de endere\u00e7os de e-mail para processos de inser\u00e7\u00e3o de dados. Teste a demo gratuita!\",\"breadcrumb\":{\"@id\":\"https:\/\/www.address4.com\/pt-br\/servicos\/validacao-endereco-internacional\/autopreenchimento-validacao-endereco#breadcrumb\"},\"inLanguage\":\"pt-BR\",\"potentialAction\":[{\"@type\":\"ReadAction\",\"target\":[\"https:\/\/www.address4.com\/pt-br\/servicos\/validacao-endereco-internacional\/autopreenchimento-validacao-endereco\"]}]},{\"@type\":\"BreadcrumbList\",\"@id\":\"https:\/\/www.address4.com\/pt-br\/servicos\/validacao-endereco-internacional\/autopreenchimento-validacao-endereco#breadcrumb\",\"itemListElement\":[{\"@type\":\"ListItem\",\"position\":1,\"name\":\"Home\",\"item\":\"https:\/\/www.address4.com\/pt-br\"},{\"@type\":\"ListItem\",\"position\":2,\"name\":\"Servicos\",\"item\":\"https:\/\/www.address4.com\/pt-br\/servicos\"},{\"@type\":\"ListItem\",\"position\":3,\"name\":\"Valida\u00e7\u00e3o de Endere\u00e7o\",\"item\":\"https:\/\/www.address4.com\/pt-br\/servicos\/validacao-endereco-internacional\"},{\"@type\":\"ListItem\",\"position\":4,\"name\":\"Autopreenchimento na Valida\u00e7\u00e3o de Endere\u00e7o\"}]},{\"@type\":\"WebSite\",\"@id\":\"https:\/\/www.address4.com\/#website\",\"url\":\"https:\/\/www.address4.com\/\",\"name\":\"Address 4\",\"description\":\"Address Verification Service For Your Business\",\"potentialAction\":[{\"@type\":\"SearchAction\",\"target\":{\"@type\":\"EntryPoint\",\"urlTemplate\":\"https:\/\/www.address4.com\/?s={search_term_string}\"},\"query-input\":{\"@type\":\"PropertyValueSpecification\",\"valueRequired\":true,\"valueName\":\"search_term_string\"}}],\"inLanguage\":\"pt-BR\"}]}<\/script>\n<!-- \/ Yoast SEO plugin. -->","yoast_head_json":{"title":"Servi\u00e7o online de autopreenchimento de endere\u00e7os de e-mail \u2013 Address4","description":"Descubra o servi\u00e7o online de autopreenchimento, sugest\u00f5es e valida\u00e7\u00e3o de endere\u00e7os de e-mail para processos de inser\u00e7\u00e3o de dados. Teste a demo gratuita!","robots":{"index":"index","follow":"follow","max-snippet":"max-snippet:-1","max-image-preview":"max-image-preview:large","max-video-preview":"max-video-preview:-1"},"canonical":"https:\/\/www.address4.com\/pt-br\/servicos\/validacao-endereco-internacional\/autopreenchimento-validacao-endereco","og_locale":"pt_BR","og_type":"article","og_title":"Servi\u00e7o online de autopreenchimento de endere\u00e7os de e-mail \u2013 Address4","og_description":"Descubra o servi\u00e7o online de autopreenchimento, sugest\u00f5es e valida\u00e7\u00e3o de endere\u00e7os de e-mail para processos de inser\u00e7\u00e3o de dados. Teste a demo gratuita!","og_url":"https:\/\/www.address4.com\/pt-br\/servicos\/validacao-endereco-internacional\/autopreenchimento-validacao-endereco","og_site_name":"Address 4","article_modified_time":"2021-02-25T08:13:00+00:00","twitter_card":"summary_large_image","twitter_misc":{"Est. tempo de leitura":"2 minutos"},"schema":{"@context":"https:\/\/schema.org","@graph":[{"@type":"WebPage","@id":"https:\/\/www.address4.com\/pt-br\/servicos\/validacao-endereco-internacional\/autopreenchimento-validacao-endereco","url":"https:\/\/www.address4.com\/pt-br\/servicos\/validacao-endereco-internacional\/autopreenchimento-validacao-endereco","name":"Servi\u00e7o online de autopreenchimento de endere\u00e7os de e-mail \u2013 Address4","isPartOf":{"@id":"https:\/\/www.address4.com\/#website"},"datePublished":"2018-03-06T12:28:53+00:00","dateModified":"2021-02-25T08:13:00+00:00","description":"Descubra o servi\u00e7o online de autopreenchimento, sugest\u00f5es e valida\u00e7\u00e3o de endere\u00e7os de e-mail para processos de inser\u00e7\u00e3o de dados. Teste a demo gratuita!","breadcrumb":{"@id":"https:\/\/www.address4.com\/pt-br\/servicos\/validacao-endereco-internacional\/autopreenchimento-validacao-endereco#breadcrumb"},"inLanguage":"pt-BR","potentialAction":[{"@type":"ReadAction","target":["https:\/\/www.address4.com\/pt-br\/servicos\/validacao-endereco-internacional\/autopreenchimento-validacao-endereco"]}]},{"@type":"BreadcrumbList","@id":"https:\/\/www.address4.com\/pt-br\/servicos\/validacao-endereco-internacional\/autopreenchimento-validacao-endereco#breadcrumb","itemListElement":[{"@type":"ListItem","position":1,"name":"Home","item":"https:\/\/www.address4.com\/pt-br"},{"@type":"ListItem","position":2,"name":"Servicos","item":"https:\/\/www.address4.com\/pt-br\/servicos"},{"@type":"ListItem","position":3,"name":"Valida\u00e7\u00e3o de Endere\u00e7o","item":"https:\/\/www.address4.com\/pt-br\/servicos\/validacao-endereco-internacional"},{"@type":"ListItem","position":4,"name":"Autopreenchimento na Valida\u00e7\u00e3o de Endere\u00e7o"}]},{"@type":"WebSite","@id":"https:\/\/www.address4.com\/#website","url":"https:\/\/www.address4.com\/","name":"Address 4","description":"Address Verification Service For Your Business","potentialAction":[{"@type":"SearchAction","target":{"@type":"EntryPoint","urlTemplate":"https:\/\/www.address4.com\/?s={search_term_string}"},"query-input":{"@type":"PropertyValueSpecification","valueRequired":true,"valueName":"search_term_string"}}],"inLanguage":"pt-BR"}]}},"_links":{"self":[{"href":"https:\/\/www.address4.com\/pt-br\/wp-json\/wp\/v2\/pages\/595","targetHints":{"allow":["GET"]}}],"collection":[{"href":"https:\/\/www.address4.com\/pt-br\/wp-json\/wp\/v2\/pages"}],"about":[{"href":"https:\/\/www.address4.com\/pt-br\/wp-json\/wp\/v2\/types\/page"}],"author":[{"embeddable":true,"href":"https:\/\/www.address4.com\/pt-br\/wp-json\/wp\/v2\/users\/2"}],"replies":[{"embeddable":true,"href":"https:\/\/www.address4.com\/pt-br\/wp-json\/wp\/v2\/comments?post=595"}],"version-history":[{"count":6,"href":"https:\/\/www.address4.com\/pt-br\/wp-json\/wp\/v2\/pages\/595\/revisions"}],"predecessor-version":[{"id":3181,"href":"https:\/\/www.address4.com\/pt-br\/wp-json\/wp\/v2\/pages\/595\/revisions\/3181"}],"up":[{"embeddable":true,"href":"https:\/\/www.address4.com\/pt-br\/wp-json\/wp\/v2\/pages\/342"}],"wp:attachment":[{"href":"https:\/\/www.address4.com\/pt-br\/wp-json\/wp\/v2\/media?parent=595"}],"curies":[{"name":"wp","href":"https:\/\/api.w.org\/{rel}","templated":true}]}}