{"id":482,"date":"2018-03-06T08:33:47","date_gmt":"2018-03-06T08:33:47","guid":{"rendered":"http:\/\/www.address4.com\/?page_id=482"},"modified":"2021-02-25T09:10:54","modified_gmt":"2021-02-25T08:10:54","slug":"validacao-endereco-online","status":"publish","type":"page","link":"https:\/\/www.address4.com\/pt-br\/servicos\/validacao-endereco-internacional\/validacao-endereco-online","title":{"rendered":"Valida\u00e7\u00e3o Endere\u00e7os Online"},"content":{"rendered":"[vc_row wrapper=&#8221;true&#8221; holder_set_margin=&#8221;true&#8221; holder_margin=&#8221;u-margin-bottom&#8221;][vc_column]<div class=\"c-heading\"><h1 class=\" u-h1 u-text-center\">Valida\u00e7\u00e3o de Endere\u00e7o Online<\/h1><\/div><div class=\"c-heading\"><h3 class=\" u-h3 u-text-normal u-text-center\">O modo de opera\u00e7\u00e3o para valida\u00e7\u00e3o de endere\u00e7o online, com verifica\u00e7\u00e3o autom\u00e1tica e corre\u00e7\u00e3o de cada dado inserido nos campos.<\/h3><\/div>[\/vc_column][\/vc_row][vc_row wrapper=&#8221;true&#8221; holder_set_margin=&#8221;true&#8221; holder_margin=&#8221;u-margin-bottom&#8221;][vc_column width=&#8221;5\/12&#8243;]<div class=\"c-image\"><img loading=\"lazy\" decoding=\"async\" width=\"468\" height=\"256\" src=\"https:\/\/www.address4.com\/wp-content\/uploads\/2018\/03\/online_address_validation.jpg\" class=\" u-margin-bottom aligncenter\" alt=\"address validation online\" srcset=\"https:\/\/www.address4.com\/wp-content\/uploads\/2018\/03\/online_address_validation.jpg 468w, https:\/\/www.address4.com\/wp-content\/uploads\/2018\/03\/online_address_validation-300x164.jpg 300w\" sizes=\"auto, (max-width: 468px) 100vw, 468px\" \/><\/div>[\/vc_column][vc_column width=&#8221;7\/12&#8243;]<div class=\"c-heading\"><h3>Valida\u00e7\u00e3o de endere\u00e7o online mais segura<\/h3><\/div>[vc_column_text]Integrador de sistemas, desenvolvedor, profissional de usu\u00e1rio final, operador de inser\u00e7\u00e3o de dados. Existem v\u00e1rios operadores que precisam de assist\u00eancia para a valida\u00e7\u00e3o de endere\u00e7o online. O Address 4 \u00e9 uma ferramenta interativa, r\u00e1pida e segura para validar automaticamente cada datum diretamente online.\u00a0A vers\u00e3o demo de valida\u00e7\u00e3o de endere\u00e7o online d\u00e1 acesso a vers\u00e3o gratuita de teste. Complete o formul\u00e1rio e o endere\u00e7o inserido ser\u00e1 imediatamente validado. Teste j\u00e1![\/vc_column_text]<a class=\"c-button u-margin-right u-margin-bottom c-button--primary  c-button--ghost\" href=\"https:\/\/www.address4.com\/free-address-validation-services\">Inscrever-se<\/a><a class=\"c-button u-margin-bottom c-button--primary  c-button--ghost\" href=\"https:\/\/www.address4.com\/services\/address-validation\/batch-address-validation\">Carregar um arquivo<\/a>[\/vc_column][\/vc_row][vc_row][vc_column]<div class=\"templatera_shortcode\"><div class=\"o-holder u-background-light u-margin-bottom-large u-padding-vertical-large\"><div class=\" o-wrapper\"><div class=\"grid-1\"><div class=\"col _lap-and-up-8\" ><div class=\"c-heading\"><h3>N\u00e3o perca \u201cRedu\u00e7\u00e3o de Custos & Valida\u00e7\u00e3o de Endere\u00e7o\u201d<\/h3><\/div><div class=\"c-heading\"><h3>Fa\u00e7a o DOWNLOAD do seu eBook GRATUITAMENTE e descubra como melhorar a qualidade dos seus dados<\/h3><\/div><div class=\"c-text-block\"><p>Guia completo com os benef\u00edcios econ\u00f4micos da valida\u00e7\u00e3o<\/p>\n <\/div><a class=\"c-button c-button--secondary\" href=\"https:\/\/www.address4.com\/ebook-1\">Fazer download do eBook<\/a><\/div><div class=\"col _lap-and-up-4\" ><div class=\"c-image\"><a href=\"https:\/\/www.address4.com\/ebook-1\"><img loading=\"lazy\" decoding=\"async\" width=\"205\" height=\"286\" src=\"https:\/\/www.address4.com\/wp-content\/uploads\/2018\/03\/ebook-address-validation-cost-saving-S.png\" class=\" alignone\" alt=\"ebook-address-validation-cost-saving-S\" \/><\/a><\/div><\/div>\n<\/div><\/div><\/div><\/div>[\/vc_column][\/vc_row][vc_row wrapper=&#8221;true&#8221; holder_set_margin=&#8221;true&#8221; holder_margin=&#8221;u-margin-bottom-large&#8221;][vc_column width=&#8221;5\/12&#8243;]<div class=\"c-image\"><img loading=\"lazy\" decoding=\"async\" width=\"400\" height=\"473\" src=\"https:\/\/www.address4.com\/wp-content\/uploads\/2018\/03\/international_address_validation.jpg\" class=\" aligncenter\" alt=\"international address validation service\" srcset=\"https:\/\/www.address4.com\/wp-content\/uploads\/2018\/03\/international_address_validation.jpg 400w, https:\/\/www.address4.com\/wp-content\/uploads\/2018\/03\/international_address_validation-254x300.jpg 254w\" sizes=\"auto, (max-width: 400px) 100vw, 400px\" \/><\/div>[\/vc_column][vc_column width=&#8221;7\/12&#8243;]<div class=\"c-heading\"><h3>Opera\u00e7\u00f5es 24 horas por dia, 7 dias da semana em todo mundo<\/h3><\/div>[vc_column_text]\n<div class=\"row-fluid-wrapper row-depth-1 row-number-16 \">\n<div class=\"row-fluid \">\n<div class=\"span6 widget-span widget-type-rich_text \" data-widget-type=\"rich_text\" data-x=\"6\" data-w=\"6\">\n<div class=\"cell-wrapper layout-widget-wrapper\">\n<p>O servi\u00e7o de valida\u00e7\u00e3o de endere\u00e7o online permite corrigir, completar e validar os dados inseridos em tempo real, sem necessidade de instalar nenhum software em seu computador, nem realizar tarefas no site, nem do c\u00f3digo de com\u00e9rcio eletr\u00f4nico.<\/p>\n<p>Gra\u00e7as \u00e0 plataforma interativa do Address4, o servi\u00e7o \u00e9 acess\u00edvel 24 horas por dia, 7 dias por semana, de qualquer computador ou dispositivo m\u00f3vel com acesso a Internet. A an\u00e1lise de endere\u00e7o \u00e9 imediata e permite verificar todos os dados em v\u00e1rios n\u00edveis.<\/p>\n<p>Al\u00e9m de confirmar a exatid\u00e3o e a exist\u00eancia do endere\u00e7o, o Address4 tamb\u00e9m corrige os erros e integra as partes em falta.<\/p>\n<\/div>\n<\/div>\n<\/div>\n<\/div>\n<div class=\"row-fluid-wrapper row-depth-1 row-number-17 \">\n<div class=\"row-fluid \">\n<div class=\"span12 widget-span widget-type-rich_text \" data-widget-type=\"rich_text\" data-x=\"0\" data-w=\"12\">\n<div class=\"cell-wrapper layout-widget-wrapper\">\n<p>A valida\u00e7\u00e3o de endere\u00e7o online pode ser executada em cada datum \u00fanico em todo o mundo. O banco de dados que Address4 usa \u00e9 constantemente atualizado para garantir dados totalmente compat\u00edveis. O usu\u00e1rio pode usar a valida\u00e7\u00e3o de endere\u00e7o online em total autonomia, para responder plenamente \u00e0s necessidades do seu neg\u00f3cio em qualquer lugar e a qualquer momento.<\/p>\n<\/div>\n<\/div>\n<\/div>\n<\/div>\n[\/vc_column_text][\/vc_column][\/vc_row][vc_row][vc_column]<div class=\"templatera_shortcode\"><div class=\"o-holder u-background-light u-margin-bottom-large u-padding-vertical-large\"><div class=\"grid-1\"><div class=\"col _lap-and-up-12\" ><div class=\"c-heading\"><h3 class=\" u-h2 u-text-center\">Inicie o seu Teste Gr\u00e1tis do Address4<\/h3><\/div><div class=\"c-button-holder c-button-holder--center\"><a class=\"c-button c-button--center u-margin-bottom c-button--secondary\" href=\"https:\/\/www.address4.com\/free-address-validation-services\">Inscrever-se<\/a><\/div><div class=\"c-heading\"><h3 class=\" u-text-center\">Sem custo, sem obriga\u00e7\u00e3o, m\u00e1xima satisfa\u00e7\u00e3o<\/h3><\/div><\/div>\n<\/div><\/div><\/div>[\/vc_column][\/vc_row][vc_row wrapper=&#8221;true&#8221;][vc_column width=&#8221;1\/3&#8243;]<div class=\"c-mediabox u-margin-bottom\">\n<div class=\" o-media\">\n<div class=\"o-media__img\">\n<div class=\"ico-wrap ico-wrap--center\"><i class=\"ico ico--xl fal fa-desktop-alt\"><\/i><\/div>\n<\/div>\n<div class=\"o-media__body\">\n<h4>Valida\u00e7\u00e3o online<\/h4>\n<p>Inser\u00e7\u00e3o de dados e valida\u00e7\u00e3o s\u00e3o feitos sem precisar instalar programas adicionais.<\/p><\/div>\n<\/div>\n<\/div>\n[\/vc_column][vc_column width=&#8221;1\/3&#8243;]<div class=\"c-mediabox u-margin-bottom\">\n<div class=\" o-media\">\n<div class=\"o-media__img\">\n<div class=\"ico-wrap ico-wrap--center\"><i class=\"ico ico--xl fal fa-thumbs-up\"><\/i><\/div>\n<\/div>\n<div class=\"o-media__body\">\n<h4>Seguran\u00e7a de dados<\/h4>\n<p>O Address 4 foi feito para oferecer usu\u00e1rios dados atualizados em mais de 250 pa\u00edses no mundo.<\/p><\/div>\n<\/div>\n<\/div>\n[\/vc_column][vc_column width=&#8221;1\/3&#8243;]<div class=\"c-mediabox u-margin-bottom\">\n<div class=\" o-media\">\n<div class=\"o-media__img\">\n<div class=\"ico-wrap ico-wrap--center\"><i class=\"ico ico--xl fal fa-users\"><\/i><\/div>\n<\/div>\n<div class=\"o-media__body\">\n<h4>F\u00e1cil de usar<\/h4>\n<p>Para usar o Address 4 n\u00e3o precisa ter treinamento t\u00e9cnico, gra\u00e7as a interface amig\u00e1vel ao usu\u00e1rio.<\/p><\/div>\n<\/div>\n<\/div>\n[\/vc_column][\/vc_row]\n","protected":false},"excerpt":{"rendered":"Inicie o seu Teste Gr\u00e1tis do Address4Inscrever-seSem custo, sem obriga\u00e7\u00e3o, m\u00e1xima satisfa\u00e7\u00e3o","protected":false},"author":2,"featured_media":0,"parent":342,"menu_order":0,"comment_status":"closed","ping_status":"closed","template":"templates\/template-fullwidth.php","meta":{"footnotes":""},"class_list":["post-482","page","type-page","status-publish","hentry"],"yoast_head":"<!-- This site is optimized with the Yoast SEO plugin v26.8 - https:\/\/yoast.com\/product\/yoast-seo-wordpress\/ -->\n<title>Servi\u00e7o de Valida\u00e7\u00e3o de Endere\u00e7o Online \u2013 Address4<\/title>\n<meta name=\"description\" content=\"O Address 4 fornece valida\u00e7\u00e3o de endere\u00e7os de e-mail diretamente online em mais de 250 pa\u00edses no mundo. Teste a vers\u00e3o demo agora!\" \/>\n<meta name=\"robots\" content=\"index, follow, max-snippet:-1, max-image-preview:large, max-video-preview:-1\" \/>\n<link rel=\"canonical\" href=\"https:\/\/www.address4.com\/pt-br\/servicos\/validacao-endereco-internacional\/validacao-endereco-online\" \/>\n<meta property=\"og:locale\" content=\"pt_BR\" \/>\n<meta property=\"og:type\" content=\"article\" \/>\n<meta property=\"og:title\" content=\"Servi\u00e7o de Valida\u00e7\u00e3o de Endere\u00e7o Online \u2013 Address4\" \/>\n<meta property=\"og:description\" content=\"O Address 4 fornece valida\u00e7\u00e3o de endere\u00e7os de e-mail diretamente online em mais de 250 pa\u00edses no mundo. Teste a vers\u00e3o demo agora!\" \/>\n<meta property=\"og:url\" content=\"https:\/\/www.address4.com\/pt-br\/servicos\/validacao-endereco-internacional\/validacao-endereco-online\" \/>\n<meta property=\"og:site_name\" content=\"Address 4\" \/>\n<meta property=\"article:modified_time\" content=\"2021-02-25T08:10:54+00:00\" \/>\n<meta name=\"twitter:card\" content=\"summary_large_image\" \/>\n<meta name=\"twitter:label1\" content=\"Est. tempo de leitura\" \/>\n\t<meta name=\"twitter:data1\" content=\"2 minutos\" \/>\n<script type=\"application\/ld+json\" class=\"yoast-schema-graph\">{\"@context\":\"https:\/\/schema.org\",\"@graph\":[{\"@type\":\"WebPage\",\"@id\":\"https:\/\/www.address4.com\/pt-br\/servicos\/validacao-endereco-internacional\/validacao-endereco-online\",\"url\":\"https:\/\/www.address4.com\/pt-br\/servicos\/validacao-endereco-internacional\/validacao-endereco-online\",\"name\":\"Servi\u00e7o de Valida\u00e7\u00e3o de Endere\u00e7o Online \u2013 Address4\",\"isPartOf\":{\"@id\":\"https:\/\/www.address4.com\/#website\"},\"datePublished\":\"2018-03-06T08:33:47+00:00\",\"dateModified\":\"2021-02-25T08:10:54+00:00\",\"description\":\"O Address 4 fornece valida\u00e7\u00e3o de endere\u00e7os de e-mail diretamente online em mais de 250 pa\u00edses no mundo. Teste a vers\u00e3o demo agora!\",\"breadcrumb\":{\"@id\":\"https:\/\/www.address4.com\/pt-br\/servicos\/validacao-endereco-internacional\/validacao-endereco-online#breadcrumb\"},\"inLanguage\":\"pt-BR\",\"potentialAction\":[{\"@type\":\"ReadAction\",\"target\":[\"https:\/\/www.address4.com\/pt-br\/servicos\/validacao-endereco-internacional\/validacao-endereco-online\"]}]},{\"@type\":\"BreadcrumbList\",\"@id\":\"https:\/\/www.address4.com\/pt-br\/servicos\/validacao-endereco-internacional\/validacao-endereco-online#breadcrumb\",\"itemListElement\":[{\"@type\":\"ListItem\",\"position\":1,\"name\":\"Home\",\"item\":\"https:\/\/www.address4.com\/pt-br\"},{\"@type\":\"ListItem\",\"position\":2,\"name\":\"Servicos\",\"item\":\"https:\/\/www.address4.com\/pt-br\/servicos\"},{\"@type\":\"ListItem\",\"position\":3,\"name\":\"Valida\u00e7\u00e3o de Endere\u00e7o\",\"item\":\"https:\/\/www.address4.com\/pt-br\/servicos\/validacao-endereco-internacional\"},{\"@type\":\"ListItem\",\"position\":4,\"name\":\"Valida\u00e7\u00e3o Endere\u00e7os Online\"}]},{\"@type\":\"WebSite\",\"@id\":\"https:\/\/www.address4.com\/#website\",\"url\":\"https:\/\/www.address4.com\/\",\"name\":\"Address 4\",\"description\":\"Address Verification Service For Your Business\",\"potentialAction\":[{\"@type\":\"SearchAction\",\"target\":{\"@type\":\"EntryPoint\",\"urlTemplate\":\"https:\/\/www.address4.com\/?s={search_term_string}\"},\"query-input\":{\"@type\":\"PropertyValueSpecification\",\"valueRequired\":true,\"valueName\":\"search_term_string\"}}],\"inLanguage\":\"pt-BR\"}]}<\/script>\n<!-- \/ Yoast SEO plugin. -->","yoast_head_json":{"title":"Servi\u00e7o de Valida\u00e7\u00e3o de Endere\u00e7o Online \u2013 Address4","description":"O Address 4 fornece valida\u00e7\u00e3o de endere\u00e7os de e-mail diretamente online em mais de 250 pa\u00edses no mundo. Teste a vers\u00e3o demo agora!","robots":{"index":"index","follow":"follow","max-snippet":"max-snippet:-1","max-image-preview":"max-image-preview:large","max-video-preview":"max-video-preview:-1"},"canonical":"https:\/\/www.address4.com\/pt-br\/servicos\/validacao-endereco-internacional\/validacao-endereco-online","og_locale":"pt_BR","og_type":"article","og_title":"Servi\u00e7o de Valida\u00e7\u00e3o de Endere\u00e7o Online \u2013 Address4","og_description":"O Address 4 fornece valida\u00e7\u00e3o de endere\u00e7os de e-mail diretamente online em mais de 250 pa\u00edses no mundo. Teste a vers\u00e3o demo agora!","og_url":"https:\/\/www.address4.com\/pt-br\/servicos\/validacao-endereco-internacional\/validacao-endereco-online","og_site_name":"Address 4","article_modified_time":"2021-02-25T08:10:54+00:00","twitter_card":"summary_large_image","twitter_misc":{"Est. tempo de leitura":"2 minutos"},"schema":{"@context":"https:\/\/schema.org","@graph":[{"@type":"WebPage","@id":"https:\/\/www.address4.com\/pt-br\/servicos\/validacao-endereco-internacional\/validacao-endereco-online","url":"https:\/\/www.address4.com\/pt-br\/servicos\/validacao-endereco-internacional\/validacao-endereco-online","name":"Servi\u00e7o de Valida\u00e7\u00e3o de Endere\u00e7o Online \u2013 Address4","isPartOf":{"@id":"https:\/\/www.address4.com\/#website"},"datePublished":"2018-03-06T08:33:47+00:00","dateModified":"2021-02-25T08:10:54+00:00","description":"O Address 4 fornece valida\u00e7\u00e3o de endere\u00e7os de e-mail diretamente online em mais de 250 pa\u00edses no mundo. Teste a vers\u00e3o demo agora!","breadcrumb":{"@id":"https:\/\/www.address4.com\/pt-br\/servicos\/validacao-endereco-internacional\/validacao-endereco-online#breadcrumb"},"inLanguage":"pt-BR","potentialAction":[{"@type":"ReadAction","target":["https:\/\/www.address4.com\/pt-br\/servicos\/validacao-endereco-internacional\/validacao-endereco-online"]}]},{"@type":"BreadcrumbList","@id":"https:\/\/www.address4.com\/pt-br\/servicos\/validacao-endereco-internacional\/validacao-endereco-online#breadcrumb","itemListElement":[{"@type":"ListItem","position":1,"name":"Home","item":"https:\/\/www.address4.com\/pt-br"},{"@type":"ListItem","position":2,"name":"Servicos","item":"https:\/\/www.address4.com\/pt-br\/servicos"},{"@type":"ListItem","position":3,"name":"Valida\u00e7\u00e3o de Endere\u00e7o","item":"https:\/\/www.address4.com\/pt-br\/servicos\/validacao-endereco-internacional"},{"@type":"ListItem","position":4,"name":"Valida\u00e7\u00e3o Endere\u00e7os Online"}]},{"@type":"WebSite","@id":"https:\/\/www.address4.com\/#website","url":"https:\/\/www.address4.com\/","name":"Address 4","description":"Address Verification Service For Your Business","potentialAction":[{"@type":"SearchAction","target":{"@type":"EntryPoint","urlTemplate":"https:\/\/www.address4.com\/?s={search_term_string}"},"query-input":{"@type":"PropertyValueSpecification","valueRequired":true,"valueName":"search_term_string"}}],"inLanguage":"pt-BR"}]}},"_links":{"self":[{"href":"https:\/\/www.address4.com\/pt-br\/wp-json\/wp\/v2\/pages\/482","targetHints":{"allow":["GET"]}}],"collection":[{"href":"https:\/\/www.address4.com\/pt-br\/wp-json\/wp\/v2\/pages"}],"about":[{"href":"https:\/\/www.address4.com\/pt-br\/wp-json\/wp\/v2\/types\/page"}],"author":[{"embeddable":true,"href":"https:\/\/www.address4.com\/pt-br\/wp-json\/wp\/v2\/users\/2"}],"replies":[{"embeddable":true,"href":"https:\/\/www.address4.com\/pt-br\/wp-json\/wp\/v2\/comments?post=482"}],"version-history":[{"count":4,"href":"https:\/\/www.address4.com\/pt-br\/wp-json\/wp\/v2\/pages\/482\/revisions"}],"predecessor-version":[{"id":3175,"href":"https:\/\/www.address4.com\/pt-br\/wp-json\/wp\/v2\/pages\/482\/revisions\/3175"}],"up":[{"embeddable":true,"href":"https:\/\/www.address4.com\/pt-br\/wp-json\/wp\/v2\/pages\/342"}],"wp:attachment":[{"href":"https:\/\/www.address4.com\/pt-br\/wp-json\/wp\/v2\/media?parent=482"}],"curies":[{"name":"wp","href":"https:\/\/api.w.org\/{rel}","templated":true}]}}