{"id":480,"date":"2018-03-05T19:21:43","date_gmt":"2018-03-05T19:21:43","guid":{"rendered":"http:\/\/www.address4.com\/?page_id=480"},"modified":"2021-11-25T09:54:36","modified_gmt":"2021-11-25T08:54:36","slug":"validacao-telefone","status":"publish","type":"page","link":"https:\/\/www.address4.com\/pt-br\/servicos\/validacao-telefone","title":{"rendered":"Valida\u00e7\u00e3o de n\u00famero de telefone"},"content":{"rendered":"[vc_row wrapper=&#8221;true&#8221; holder_set_margin=&#8221;true&#8221; holder_margin=&#8221;u-margin-bottom&#8221;][vc_column]<div class=\"c-heading\"><h1 class=\" u-h1 u-text-center\">Valida\u00e7\u00e3o de N\u00famero de Telefone<\/h1><\/div><div class=\"c-heading\"><h3 class=\" u-h3 u-text-normal u-text-center\">Menos custo e mais efic\u00e1cia com a valida\u00e7\u00e3o de n\u00famero de telefone<\/h3><\/div>[\/vc_column][\/vc_row][vc_row wrapper=&#8221;true&#8221; holder_set_margin=&#8221;true&#8221; holder_margin=&#8221;u-margin-bottom&#8221;][vc_column width=&#8221;5\/12&#8243;]<div class=\"c-image\"><img loading=\"lazy\" decoding=\"async\" width=\"500\" height=\"366\" src=\"https:\/\/www.address4.com\/wp-content\/uploads\/2018\/03\/phone-number-validation.jpg\" class=\" u-margin-bottom aligncenter\" alt=\"phone number validation\" srcset=\"https:\/\/www.address4.com\/wp-content\/uploads\/2018\/03\/phone-number-validation.jpg 500w, https:\/\/www.address4.com\/wp-content\/uploads\/2018\/03\/phone-number-validation-300x220.jpg 300w\" sizes=\"auto, (max-width: 500px) 100vw, 500px\" \/><\/div>[\/vc_column][vc_column width=&#8221;7\/12&#8243;]<div class=\"c-heading\"><h3>N\u00fameros validados para sempre entrar em contato com a pessoa certa<\/h3><\/div>[vc_column_text]Saber imediatamente se o n\u00famero deixado por um potencial cliente est\u00e1 correto \u00e9 crucial para sempre ser capaz de alcan\u00e7ar a pessoa certa, no momento certo. A fun\u00e7\u00e3o do Address4 de valida\u00e7\u00e3o de telefone oferece assist\u00eancia imediata para projetos de marketing, perfis de usu\u00e1rios e muito mais.<\/p>\n<p>O formul\u00e1rio desta p\u00e1gina est\u00e1 \u00e0 sua disposi\u00e7\u00e3o para testar de primeira m\u00e3o, sem qualquer obriga\u00e7\u00e3o, a rapidez e precis\u00e3o do nosso software. Insira os dados e pe\u00e7a uma valida\u00e7\u00e3o de telefone diretamente online.[\/vc_column_text]<a class=\"c-button u-margin-right u-margin-bottom c-button--primary  c-button--ghost\" href=\"https:\/\/www.address4.com\/free-address-validation-services\">Inscrever-se<\/a><a class=\"c-button u-margin-bottom c-button--primary  c-button--ghost\" href=\"https:\/\/www.address4.com\/services\/address-validation\/batch-address-validation\">Carregar um arquivo<\/a>[\/vc_column][\/vc_row][vc_row][vc_column]<div class=\"templatera_shortcode\"><div class=\"o-holder u-background-light u-margin-bottom-large u-padding-vertical-large\"><div class=\" o-wrapper\"><div class=\"grid-1\"><div class=\"col _lap-and-up-8\" ><div class=\"c-heading\"><h3>N\u00e3o perca \u201cRedu\u00e7\u00e3o de Custos & Valida\u00e7\u00e3o de Endere\u00e7o\u201d<\/h3><\/div><div class=\"c-heading\"><h3>Fa\u00e7a o DOWNLOAD do seu eBook GRATUITAMENTE e descubra como melhorar a qualidade dos seus dados<\/h3><\/div><div class=\"c-text-block\"><p>Guia completo com os benef\u00edcios econ\u00f4micos da valida\u00e7\u00e3o<\/p>\n <\/div><a class=\"c-button c-button--secondary\" href=\"https:\/\/www.address4.com\/ebook-1\">Fazer download do eBook<\/a><\/div><div class=\"col _lap-and-up-4\" ><div class=\"c-image\"><a href=\"https:\/\/www.address4.com\/ebook-1\"><img loading=\"lazy\" decoding=\"async\" width=\"205\" height=\"286\" src=\"https:\/\/www.address4.com\/wp-content\/uploads\/2018\/03\/ebook-address-validation-cost-saving-S.png\" class=\" alignone\" alt=\"ebook-address-validation-cost-saving-S\" \/><\/a><\/div><\/div>\n<\/div><\/div><\/div><\/div>[\/vc_column][\/vc_row][vc_row wrapper=&#8221;true&#8221; holder_set_margin=&#8221;true&#8221; holder_margin=&#8221;u-margin-bottom-large&#8221;][vc_column]<div class=\"c-heading\"><h3>Valida\u00e7\u00e3o de telefone: os benef\u00edcios para o seu neg\u00f3cio<\/h3><\/div>[vc_column_text]\n<div class=\"row-fluid-wrapper row-depth-1 row-number-15 \">\n<div class=\"row-fluid \">\n<div class=\"span12 widget-span widget-type-rich_text \" data-widget-type=\"rich_text\" data-x=\"0\" data-w=\"12\">\n<div class=\"cell-wrapper layout-widget-wrapper\">\n<p>&nbsp;<\/p>\n<\/div>\n<\/div>\n<\/div>\n<\/div>\n<div class=\"row-fluid-wrapper row-depth-1 row-number-16 \">\n<div class=\"row-fluid \">\n<div class=\"span6 widget-span widget-type-rich_text \" data-widget-type=\"rich_text\" data-x=\"0\" data-w=\"6\">\n<div class=\"cell-wrapper layout-widget-wrapper\">Todos os dias, bilh\u00f5es de pessoas usam um telefone ou celular para se comunicar com outras pessoas, em empresas e em atividades comerciais. Saber um n\u00famero de telefone exato, atualizado e formatado com o c\u00f3digo correto do pa\u00eds ou c\u00f3digo internacional, significa otimizar o marketing, as televendas, a coleta de dados e as estrat\u00e9gias e procedimentos de cria\u00e7\u00e3o de perfil. Objetivos que podem ser alcan\u00e7ados com o Address4 gra\u00e7as \u00e0 fun\u00e7\u00e3o on-line de valida\u00e7\u00e3o de telefone.<\/div>\n<\/div>\n<div class=\"span6 widget-span widget-type-rich_text \" data-widget-type=\"rich_text\" data-x=\"6\" data-w=\"6\">\n<div class=\"cell-wrapper layout-widget-wrapper\">\n<p>Uma vez que o registro individual for inserido, o software processa a solicita\u00e7\u00e3o e retorna o valor correto, verificado e completo com o c\u00f3digo de \u00e1rea. A mesma opera\u00e7\u00e3o pode ser realizada em bancos de dados inteiros usando conjuntos de dados incompletos ou listas de n\u00fameros de telefone que voc\u00ea precisa validar.<\/p>\n<p>A revis\u00e3o cont\u00ednua da nossa base de dados garante dados atualizados e informa\u00e7\u00e3o de acordo com os registos utilizados em mais de 250 pa\u00edses em todo o mundo. O Address4 e suas fun\u00e7\u00f5es podem ser acessadas por usu\u00e1rios finais, integradores de sistemas, desenvolvedores web e gerentes de neg\u00f3cios em qualquer lugar, 24 horas por dia, com um processo de registro simples. Experimente a vers\u00e3o demo gratuita!<\/p>\n<\/div>\n<\/div>\n<\/div>\n<\/div>\n[\/vc_column_text][\/vc_column][\/vc_row][vc_row][vc_column]<div class=\"templatera_shortcode\"><div class=\"o-holder u-background-light u-margin-bottom-large u-padding-vertical-large\"><div class=\"grid-1\"><div class=\"col _lap-and-up-12\" ><div class=\"c-heading\"><h3 class=\" u-h2 u-text-center\">Inicie o seu Teste Gr\u00e1tis do Address4<\/h3><\/div><div class=\"c-button-holder c-button-holder--center\"><a class=\"c-button c-button--center u-margin-bottom c-button--secondary\" href=\"https:\/\/www.address4.com\/free-address-validation-services\">Inscrever-se<\/a><\/div><div class=\"c-heading\"><h3 class=\" u-text-center\">Sem custo, sem obriga\u00e7\u00e3o, m\u00e1xima satisfa\u00e7\u00e3o<\/h3><\/div><\/div>\n<\/div><\/div><\/div>[\/vc_column][\/vc_row][vc_row wrapper=&#8221;true&#8221;][vc_column width=&#8221;1\/3&#8243;]<div class=\"c-mediabox u-margin-bottom\">\n<div class=\" o-media\">\n<div class=\"o-media__img\">\n<div class=\"ico-wrap ico-wrap--center\"><i class=\"ico ico--xl fal fa-clock\"><\/i><\/div>\n<\/div>\n<div class=\"o-media__body\">\n<h4>Otimize o seu tempo<\/h4>\n<p>Ligar para um n\u00famero que n\u00e3o N\u00e3o existe desperdi\u00e7a tempo e recursos. Com o Address4 seus n\u00fameros de telefone Estar\u00e3o sempre corretas e validadas.<\/p><\/div>\n<\/div>\n<\/div>\n[\/vc_column][vc_column width=&#8221;1\/3&#8243;]<div class=\"c-mediabox u-margin-bottom\">\n<div class=\" o-media\">\n<div class=\"o-media__img\">\n<div class=\"ico-wrap ico-wrap--center\"><i class=\"ico ico--xl fal fa-users\"><\/i><\/div>\n<\/div>\n<div class=\"o-media__body\">\n<h4>Melhor comunica\u00e7\u00e3o<\/h4>\n<p>N\u00fameros de telefone precisos permitem que voc\u00ea Ofere\u00e7a aos clientes mensagens SMS personalizadas, promo\u00e7\u00f5es, descontos especiais e iniciativas, Aumentando a fidelidade do cliente.<\/p><\/div>\n<\/div>\n<\/div>\n[\/vc_column][vc_column width=&#8221;1\/3&#8243;]<div class=\"c-mediabox u-margin-bottom\">\n<div class=\" o-media\">\n<div class=\"o-media__img\">\n<div class=\"ico-wrap ico-wrap--center\"><i class=\"ico ico--xl fal fa-comment-alt\"><\/i><\/div>\n<\/div>\n<div class=\"o-media__body\">\n<h4>Neg\u00f3cios<\/h4>\n<p>O Address4 fornece-lhe n\u00fameros de telefones de propriet\u00e1rios e consumidores finais Usando dados associados nos registros.<\/p><\/div>\n<\/div>\n<\/div>\n[\/vc_column][\/vc_row]\n","protected":false},"excerpt":{"rendered":"Inicie o seu Teste Gr\u00e1tis do Address4Inscrever-seSem custo, sem obriga\u00e7\u00e3o, m\u00e1xima satisfa\u00e7\u00e3o","protected":false},"author":2,"featured_media":0,"parent":948,"menu_order":0,"comment_status":"closed","ping_status":"closed","template":"templates\/template-fullwidth.php","meta":{"footnotes":""},"class_list":["post-480","page","type-page","status-publish","hentry"],"yoast_head":"<!-- This site is optimized with the Yoast SEO plugin v26.8 - https:\/\/yoast.com\/product\/yoast-seo-wordpress\/ -->\n<title>Servi\u00e7o online de valida\u00e7\u00e3o de n\u00famero de telefone \u2013 Address4<\/title>\n<meta name=\"description\" content=\"Com o Address 4 voc\u00ea tem acesso a um servi\u00e7o de valida\u00e7\u00e3o de telefone para marketing, televendas e cria\u00e7\u00e3o de perfis. Teste a demo gratuita online!!\" \/>\n<meta name=\"robots\" content=\"noindex, follow\" \/>\n<meta property=\"og:locale\" content=\"pt_BR\" \/>\n<meta property=\"og:type\" content=\"article\" \/>\n<meta property=\"og:title\" content=\"Servi\u00e7o online de valida\u00e7\u00e3o de n\u00famero de telefone \u2013 Address4\" \/>\n<meta property=\"og:description\" content=\"Com o Address 4 voc\u00ea tem acesso a um servi\u00e7o de valida\u00e7\u00e3o de telefone para marketing, televendas e cria\u00e7\u00e3o de perfis. Teste a demo gratuita online!!\" \/>\n<meta property=\"og:url\" content=\"https:\/\/www.address4.com\/pt-br\/servicos\/validacao-telefone\" \/>\n<meta property=\"og:site_name\" content=\"Address 4\" \/>\n<meta property=\"article:modified_time\" content=\"2021-11-25T08:54:36+00:00\" \/>\n<meta name=\"twitter:card\" content=\"summary_large_image\" \/>\n<meta name=\"twitter:label1\" content=\"Est. tempo de leitura\" \/>\n\t<meta name=\"twitter:data1\" content=\"2 minutos\" \/>\n<script type=\"application\/ld+json\" class=\"yoast-schema-graph\">{\"@context\":\"https:\/\/schema.org\",\"@graph\":[{\"@type\":\"WebPage\",\"@id\":\"https:\/\/www.address4.com\/pt-br\/servicos\/validacao-telefone\",\"url\":\"https:\/\/www.address4.com\/pt-br\/servicos\/validacao-telefone\",\"name\":\"Servi\u00e7o online de valida\u00e7\u00e3o de n\u00famero de telefone \u2013 Address4\",\"isPartOf\":{\"@id\":\"https:\/\/www.address4.com\/#website\"},\"datePublished\":\"2018-03-05T19:21:43+00:00\",\"dateModified\":\"2021-11-25T08:54:36+00:00\",\"description\":\"Com o Address 4 voc\u00ea tem acesso a um servi\u00e7o de valida\u00e7\u00e3o de telefone para marketing, televendas e cria\u00e7\u00e3o de perfis. Teste a demo gratuita online!!\",\"breadcrumb\":{\"@id\":\"https:\/\/www.address4.com\/pt-br\/servicos\/validacao-telefone#breadcrumb\"},\"inLanguage\":\"pt-BR\",\"potentialAction\":[{\"@type\":\"ReadAction\",\"target\":[\"https:\/\/www.address4.com\/pt-br\/servicos\/validacao-telefone\"]}]},{\"@type\":\"BreadcrumbList\",\"@id\":\"https:\/\/www.address4.com\/pt-br\/servicos\/validacao-telefone#breadcrumb\",\"itemListElement\":[{\"@type\":\"ListItem\",\"position\":1,\"name\":\"Home\",\"item\":\"https:\/\/www.address4.com\/pt-br\"},{\"@type\":\"ListItem\",\"position\":2,\"name\":\"Servicos\",\"item\":\"https:\/\/www.address4.com\/pt-br\/servicos\"},{\"@type\":\"ListItem\",\"position\":3,\"name\":\"Valida\u00e7\u00e3o de n\u00famero de telefone\"}]},{\"@type\":\"WebSite\",\"@id\":\"https:\/\/www.address4.com\/#website\",\"url\":\"https:\/\/www.address4.com\/\",\"name\":\"Address 4\",\"description\":\"Address Verification Service For Your Business\",\"potentialAction\":[{\"@type\":\"SearchAction\",\"target\":{\"@type\":\"EntryPoint\",\"urlTemplate\":\"https:\/\/www.address4.com\/?s={search_term_string}\"},\"query-input\":{\"@type\":\"PropertyValueSpecification\",\"valueRequired\":true,\"valueName\":\"search_term_string\"}}],\"inLanguage\":\"pt-BR\"}]}<\/script>\n<!-- \/ Yoast SEO plugin. -->","yoast_head_json":{"title":"Servi\u00e7o online de valida\u00e7\u00e3o de n\u00famero de telefone \u2013 Address4","description":"Com o Address 4 voc\u00ea tem acesso a um servi\u00e7o de valida\u00e7\u00e3o de telefone para marketing, televendas e cria\u00e7\u00e3o de perfis. Teste a demo gratuita online!!","robots":{"index":"noindex","follow":"follow"},"og_locale":"pt_BR","og_type":"article","og_title":"Servi\u00e7o online de valida\u00e7\u00e3o de n\u00famero de telefone \u2013 Address4","og_description":"Com o Address 4 voc\u00ea tem acesso a um servi\u00e7o de valida\u00e7\u00e3o de telefone para marketing, televendas e cria\u00e7\u00e3o de perfis. Teste a demo gratuita online!!","og_url":"https:\/\/www.address4.com\/pt-br\/servicos\/validacao-telefone","og_site_name":"Address 4","article_modified_time":"2021-11-25T08:54:36+00:00","twitter_card":"summary_large_image","twitter_misc":{"Est. tempo de leitura":"2 minutos"},"schema":{"@context":"https:\/\/schema.org","@graph":[{"@type":"WebPage","@id":"https:\/\/www.address4.com\/pt-br\/servicos\/validacao-telefone","url":"https:\/\/www.address4.com\/pt-br\/servicos\/validacao-telefone","name":"Servi\u00e7o online de valida\u00e7\u00e3o de n\u00famero de telefone \u2013 Address4","isPartOf":{"@id":"https:\/\/www.address4.com\/#website"},"datePublished":"2018-03-05T19:21:43+00:00","dateModified":"2021-11-25T08:54:36+00:00","description":"Com o Address 4 voc\u00ea tem acesso a um servi\u00e7o de valida\u00e7\u00e3o de telefone para marketing, televendas e cria\u00e7\u00e3o de perfis. Teste a demo gratuita online!!","breadcrumb":{"@id":"https:\/\/www.address4.com\/pt-br\/servicos\/validacao-telefone#breadcrumb"},"inLanguage":"pt-BR","potentialAction":[{"@type":"ReadAction","target":["https:\/\/www.address4.com\/pt-br\/servicos\/validacao-telefone"]}]},{"@type":"BreadcrumbList","@id":"https:\/\/www.address4.com\/pt-br\/servicos\/validacao-telefone#breadcrumb","itemListElement":[{"@type":"ListItem","position":1,"name":"Home","item":"https:\/\/www.address4.com\/pt-br"},{"@type":"ListItem","position":2,"name":"Servicos","item":"https:\/\/www.address4.com\/pt-br\/servicos"},{"@type":"ListItem","position":3,"name":"Valida\u00e7\u00e3o de n\u00famero de telefone"}]},{"@type":"WebSite","@id":"https:\/\/www.address4.com\/#website","url":"https:\/\/www.address4.com\/","name":"Address 4","description":"Address Verification Service For Your Business","potentialAction":[{"@type":"SearchAction","target":{"@type":"EntryPoint","urlTemplate":"https:\/\/www.address4.com\/?s={search_term_string}"},"query-input":{"@type":"PropertyValueSpecification","valueRequired":true,"valueName":"search_term_string"}}],"inLanguage":"pt-BR"}]}},"_links":{"self":[{"href":"https:\/\/www.address4.com\/pt-br\/wp-json\/wp\/v2\/pages\/480","targetHints":{"allow":["GET"]}}],"collection":[{"href":"https:\/\/www.address4.com\/pt-br\/wp-json\/wp\/v2\/pages"}],"about":[{"href":"https:\/\/www.address4.com\/pt-br\/wp-json\/wp\/v2\/types\/page"}],"author":[{"embeddable":true,"href":"https:\/\/www.address4.com\/pt-br\/wp-json\/wp\/v2\/users\/2"}],"replies":[{"embeddable":true,"href":"https:\/\/www.address4.com\/pt-br\/wp-json\/wp\/v2\/comments?post=480"}],"version-history":[{"count":4,"href":"https:\/\/www.address4.com\/pt-br\/wp-json\/wp\/v2\/pages\/480\/revisions"}],"predecessor-version":[{"id":3170,"href":"https:\/\/www.address4.com\/pt-br\/wp-json\/wp\/v2\/pages\/480\/revisions\/3170"}],"up":[{"embeddable":true,"href":"https:\/\/www.address4.com\/pt-br\/wp-json\/wp\/v2\/pages\/948"}],"wp:attachment":[{"href":"https:\/\/www.address4.com\/pt-br\/wp-json\/wp\/v2\/media?parent=480"}],"curies":[{"name":"wp","href":"https:\/\/api.w.org\/{rel}","templated":true}]}}