{"id":376,"date":"2018-03-05T10:32:27","date_gmt":"2018-03-05T10:32:27","guid":{"rendered":"http:\/\/www.address4.com\/?page_id=376"},"modified":"2021-02-25T09:06:41","modified_gmt":"2021-02-25T08:06:41","slug":"validacao-email","status":"publish","type":"page","link":"https:\/\/www.address4.com\/pt-br\/servicos\/validacao-email","title":{"rendered":"Valida\u00e7\u00e3o de endere\u00e7o de e-mail"},"content":{"rendered":"[vc_row wrapper=&#8221;true&#8221; holder_set_margin=&#8221;true&#8221; holder_margin=&#8221;u-margin-bottom&#8221;][vc_column]<div class=\"c-heading\"><h1 class=\" u-h1 u-text-center\">Valida\u00e7\u00e3o de E-mail<\/h1><\/div><div class=\"c-heading\"><h3 class=\" u-h3 u-text-normal u-text-center\">Ajudando voc\u00ea a verificar endere\u00e7os de e-mail<\/h3><\/div>[\/vc_column][\/vc_row][vc_row wrapper=&#8221;true&#8221; holder_set_margin=&#8221;true&#8221; holder_margin=&#8221;u-margin-bottom&#8221;][vc_column width=&#8221;5\/12&#8243;]<div class=\"c-image\"><img loading=\"lazy\" decoding=\"async\" width=\"800\" height=\"339\" src=\"https:\/\/www.address4.com\/wp-content\/uploads\/2018\/03\/c40aa518-d28b-4863-89f3-d4a3f9830639.jpeg\" class=\" u-margin-bottom aligncenter\" alt=\"\" srcset=\"https:\/\/www.address4.com\/wp-content\/uploads\/2018\/03\/c40aa518-d28b-4863-89f3-d4a3f9830639.jpeg 800w, https:\/\/www.address4.com\/wp-content\/uploads\/2018\/03\/c40aa518-d28b-4863-89f3-d4a3f9830639-300x127.jpeg 300w, https:\/\/www.address4.com\/wp-content\/uploads\/2018\/03\/c40aa518-d28b-4863-89f3-d4a3f9830639-768x325.jpeg 768w\" sizes=\"auto, (max-width: 800px) 100vw, 800px\" \/><\/div>[\/vc_column][vc_column width=&#8221;7\/12&#8243;]<div class=\"c-heading\"><h3>O valor de endere\u00e7os de e-mail corretos e verificados<\/h3><\/div>[vc_column_text]Address4 ajuda a verificar a validade e a exist\u00eancia de qualquer endere\u00e7o de e-mail.\u00a0Dessa forma, voc\u00ea evitar\u00e1 problemas repetidos devido a letras incorretas digitadas pelo usu\u00e1rio ao inserir os dados e veremos imediatamente se o endere\u00e7o de e-mail realmente existe.\u00a0Experimentar todo o potencial do nosso software \u00e9 muito simples: basta digitar os valores necess\u00e1rios no campo e pressionar ENVIAR. A demonstra\u00e7\u00e3o \u00e9 gratuita e n\u00e3o h\u00e1 necessidade de se registrar. Teste agora![\/vc_column_text]<a class=\"c-button u-margin-right u-margin-bottom c-button--primary  c-button--ghost\" href=\"https:\/\/www.address4.com\/free-address-validation-services\">Inscrever-se<\/a><a class=\"c-button u-margin-bottom c-button--primary  c-button--ghost\" href=\"https:\/\/www.address4.com\/services\/address-validation\/batch-address-validation\">Carregar um arquivo<\/a>[\/vc_column][\/vc_row][vc_row][vc_column]<div class=\"templatera_shortcode\"><div class=\"o-holder u-background-light u-margin-bottom-large u-padding-vertical-large\"><div class=\" o-wrapper\"><div class=\"grid-1\"><div class=\"col _lap-and-up-8\" ><div class=\"c-heading\"><h3>N\u00e3o perca \u201cRedu\u00e7\u00e3o de Custos & Valida\u00e7\u00e3o de Endere\u00e7o\u201d<\/h3><\/div><div class=\"c-heading\"><h3>Fa\u00e7a o DOWNLOAD do seu eBook GRATUITAMENTE e descubra como melhorar a qualidade dos seus dados<\/h3><\/div><div class=\"c-text-block\"><p>Guia completo com os benef\u00edcios econ\u00f4micos da valida\u00e7\u00e3o<\/p>\n <\/div><a class=\"c-button c-button--secondary\" href=\"https:\/\/www.address4.com\/ebook-1\">Fazer download do eBook<\/a><\/div><div class=\"col _lap-and-up-4\" ><div class=\"c-image\"><a href=\"https:\/\/www.address4.com\/ebook-1\"><img loading=\"lazy\" decoding=\"async\" width=\"205\" height=\"286\" src=\"https:\/\/www.address4.com\/wp-content\/uploads\/2018\/03\/ebook-address-validation-cost-saving-S.png\" class=\" alignone\" alt=\"ebook-address-validation-cost-saving-S\" \/><\/a><\/div><\/div>\n<\/div><\/div><\/div><\/div>[\/vc_column][\/vc_row][vc_row wrapper=&#8221;true&#8221; holder_set_margin=&#8221;true&#8221; holder_margin=&#8221;u-margin-bottom-large&#8221;][vc_column]<div class=\"c-heading\"><h3 class=\" u-text-center\">Porque a valida\u00e7\u00e3o de e-mail \u00e9 t\u00e3o importante para o seu neg\u00f3cio<\/h3><\/div>[\/vc_column][vc_column width=&#8221;5\/12&#8243;]<div class=\"c-image\"><img loading=\"lazy\" decoding=\"async\" width=\"426\" height=\"282\" src=\"https:\/\/www.address4.com\/wp-content\/uploads\/2018\/03\/Email_validation-1.jpg\" class=\" aligncenter\" alt=\"Email validation\" srcset=\"https:\/\/www.address4.com\/wp-content\/uploads\/2018\/03\/Email_validation-1.jpg 426w, https:\/\/www.address4.com\/wp-content\/uploads\/2018\/03\/Email_validation-1-300x199.jpg 300w\" sizes=\"auto, (max-width: 426px) 100vw, 426px\" \/><\/div>[\/vc_column][vc_column width=&#8221;7\/12&#8243;][vc_column_text]\n<div class=\"row-fluid-wrapper row-depth-1 row-number-16 \">\n<div class=\"row-fluid \">\n<div class=\"span6 widget-span widget-type-rich_text \" data-widget-type=\"rich_text\" data-x=\"6\" data-w=\"6\">\n<div class=\"cell-wrapper layout-widget-wrapper\">\n<div class=\"row-fluid-wrapper row-depth-1 row-number-16 \">\n<div class=\"row-fluid \">\n<div class=\"span6 widget-span widget-type-rich_text \" data-widget-type=\"rich_text\" data-x=\"6\" data-w=\"6\">\n<div class=\"cell-wrapper layout-widget-wrapper\">\n<p>N\u00e3o se trata apenas de erros de digita\u00e7\u00e3o. O problema \u00e9 se o endere\u00e7o de e-mail realmente existe ou n\u00e3o, e isso, obviamente, afeta o resultado das atividades de marketing (envio de promo\u00e7\u00f5es, newsletters, envio de respostas, cota\u00e7\u00f5es, etc.). A solu\u00e7\u00e3o para as suas necessidades de neg\u00f3cios \u00e9 chamada Address4, um programa online com fun\u00e7\u00f5es avan\u00e7adas para valida\u00e7\u00e3o de e-mail, feito para empreendedores, gerentes de neg\u00f3cios, desenvolvedores web e integradores de sistemas.<\/p>\n<div class=\"row-fluid-wrapper row-depth-1 row-number-17 \">\n<div class=\"row-fluid \">\n<div class=\"span12 widget-span widget-type-rich_text \" data-widget-type=\"rich_text\" data-x=\"0\" data-w=\"12\">\n<div class=\"cell-wrapper layout-widget-wrapper\">\n<p>O Address 4 fornece ao usu\u00e1rio assist\u00eancia imediata durante a verifica\u00e7\u00e3o de endere\u00e7os de e-mail e processos de valida\u00e7\u00e3o. Cada registro \u00fanico \u00e9 verificado em termos de formata\u00e7\u00e3o e comparado com os dados dispon\u00edveis do software para avaliar a qualidade das informa\u00e7\u00f5es inseridas.<\/p>\n<p>Tamb\u00e9m \u00e9 poss\u00edvel utilizar esta fun\u00e7\u00e3o para completar os registos dos clientes ou empresas finais, tendo assim, al\u00e9m dos dados pessoais j\u00e1 existentes, o endere\u00e7o de e-mail associado a eles. O resultado \u00e9 uma redu\u00e7\u00e3o nos erros que ir\u00e3o beneficiar a sua credibilidade empresarial, administra\u00e7\u00e3o de empresas, reputa\u00e7\u00e3o online e, por \u00faltimo, mas n\u00e3o menos importante, ser mais apreciado pelos usu\u00e1rios.<\/p>\n<\/div>\n<\/div>\n<\/div>\n<\/div>\n<\/div>\n<\/div>\n<\/div>\n<\/div>\n<\/div>\n<\/div>\n<\/div>\n<\/div>\n[\/vc_column_text][\/vc_column][\/vc_row][vc_row][vc_column]<div class=\"templatera_shortcode\"><div class=\"o-holder u-background-light u-margin-bottom-large u-padding-vertical-large\"><div class=\"grid-1\"><div class=\"col _lap-and-up-12\" ><div class=\"c-heading\"><h3 class=\" u-h2 u-text-center\">Inicie o seu Teste Gr\u00e1tis do Address4<\/h3><\/div><div class=\"c-button-holder c-button-holder--center\"><a class=\"c-button c-button--center u-margin-bottom c-button--secondary\" href=\"https:\/\/www.address4.com\/free-address-validation-services\">Inscrever-se<\/a><\/div><div class=\"c-heading\"><h3 class=\" u-text-center\">Sem custo, sem obriga\u00e7\u00e3o, m\u00e1xima satisfa\u00e7\u00e3o<\/h3><\/div><\/div>\n<\/div><\/div><\/div>[\/vc_column][\/vc_row][vc_row wrapper=&#8221;true&#8221;][vc_column width=&#8221;1\/3&#8243;]<div class=\"c-mediabox u-margin-bottom\">\n<div class=\" o-media\">\n<div class=\"o-media__img\">\n<div class=\"ico-wrap ico-wrap--center\"><i class=\"ico ico--xl fal fa-paper-plane\"><\/i><\/div>\n<\/div>\n<div class=\"o-media__body\">\n<h4>Porcentagens de entrega<\/h4>\n<p>Endere\u00e7os de e-mail validados Garantem taxas de entrega mais elevadas Para aqueles que desejam alcan\u00e7ar o cliente na primeira tentativa.<\/p><\/div>\n<\/div>\n<\/div>\n[\/vc_column][vc_column width=&#8221;1\/3&#8243;]<div class=\"c-mediabox u-margin-bottom\">\n<div class=\" o-media\">\n<div class=\"o-media__img\">\n<div class=\"ico-wrap ico-wrap--center\"><i class=\"ico ico--xl fal fa-chart-line\"><\/i><\/div>\n<\/div>\n<div class=\"o-media__body\">\n<h4>Bancos de Dados<\/h4>\n<p>Concluindo um banco de dados com Endere\u00e7os de e-mail contribui mais Valor aos dados pessoais.<\/p><\/div>\n<\/div>\n<\/div>\n[\/vc_column][vc_column width=&#8221;1\/3&#8243;]<div class=\"c-mediabox u-margin-bottom\">\n<div class=\" o-media\">\n<div class=\"o-media__img\">\n<div class=\"ico-wrap ico-wrap--center\"><i class=\"ico ico--xl fal fa-rocket\"><\/i><\/div>\n<\/div>\n<div class=\"o-media__body\">\n<h4>Seguran\u00e7a e rapidez<\/h4>\n<p>Resultados mais seguros de gest\u00e3o de dados Em um aumento na velocidade e Consequentemente, um aumento produtividade.<\/p><\/div>\n<\/div>\n<\/div>\n[\/vc_column][\/vc_row]\n","protected":false},"excerpt":{"rendered":"Inicie o seu Teste Gr\u00e1tis do Address4Inscrever-seSem custo, sem obriga\u00e7\u00e3o, m\u00e1xima satisfa\u00e7\u00e3o","protected":false},"author":2,"featured_media":0,"parent":948,"menu_order":0,"comment_status":"closed","ping_status":"closed","template":"templates\/template-fullwidth.php","meta":{"footnotes":""},"class_list":["post-376","page","type-page","status-publish","hentry"],"yoast_head":"<!-- This site is optimized with the Yoast SEO plugin v26.8 - https:\/\/yoast.com\/product\/yoast-seo-wordpress\/ -->\n<title>Servi\u00e7o online de valida\u00e7\u00e3o de endere\u00e7os de e-mail \u2013 Address4<\/title>\n<meta name=\"description\" content=\"Com o Address 4, voc\u00ea ter\u00e1 um servi\u00e7o de valida\u00e7\u00e3o de e-mail r\u00e1pido, seguro, preciso. Teste a demo gratuita online ou acesse a vers\u00e3o completa!\" \/>\n<meta name=\"robots\" content=\"index, follow, max-snippet:-1, max-image-preview:large, max-video-preview:-1\" \/>\n<link rel=\"canonical\" href=\"https:\/\/www.address4.com\/pt-br\/servicos\/validacao-email\" \/>\n<meta property=\"og:locale\" content=\"pt_BR\" \/>\n<meta property=\"og:type\" content=\"article\" \/>\n<meta property=\"og:title\" content=\"Servi\u00e7o online de valida\u00e7\u00e3o de endere\u00e7os de e-mail \u2013 Address4\" \/>\n<meta property=\"og:description\" content=\"Com o Address 4, voc\u00ea ter\u00e1 um servi\u00e7o de valida\u00e7\u00e3o de e-mail r\u00e1pido, seguro, preciso. Teste a demo gratuita online ou acesse a vers\u00e3o completa!\" \/>\n<meta property=\"og:url\" content=\"https:\/\/www.address4.com\/pt-br\/servicos\/validacao-email\" \/>\n<meta property=\"og:site_name\" content=\"Address 4\" \/>\n<meta property=\"article:modified_time\" content=\"2021-02-25T08:06:41+00:00\" \/>\n<meta name=\"twitter:card\" content=\"summary_large_image\" \/>\n<meta name=\"twitter:label1\" content=\"Est. tempo de leitura\" \/>\n\t<meta name=\"twitter:data1\" content=\"2 minutos\" \/>\n<script type=\"application\/ld+json\" class=\"yoast-schema-graph\">{\"@context\":\"https:\/\/schema.org\",\"@graph\":[{\"@type\":\"WebPage\",\"@id\":\"https:\/\/www.address4.com\/pt-br\/servicos\/validacao-email\",\"url\":\"https:\/\/www.address4.com\/pt-br\/servicos\/validacao-email\",\"name\":\"Servi\u00e7o online de valida\u00e7\u00e3o de endere\u00e7os de e-mail \u2013 Address4\",\"isPartOf\":{\"@id\":\"https:\/\/www.address4.com\/#website\"},\"datePublished\":\"2018-03-05T10:32:27+00:00\",\"dateModified\":\"2021-02-25T08:06:41+00:00\",\"description\":\"Com o Address 4, voc\u00ea ter\u00e1 um servi\u00e7o de valida\u00e7\u00e3o de e-mail r\u00e1pido, seguro, preciso. Teste a demo gratuita online ou acesse a vers\u00e3o completa!\",\"breadcrumb\":{\"@id\":\"https:\/\/www.address4.com\/pt-br\/servicos\/validacao-email#breadcrumb\"},\"inLanguage\":\"pt-BR\",\"potentialAction\":[{\"@type\":\"ReadAction\",\"target\":[\"https:\/\/www.address4.com\/pt-br\/servicos\/validacao-email\"]}]},{\"@type\":\"BreadcrumbList\",\"@id\":\"https:\/\/www.address4.com\/pt-br\/servicos\/validacao-email#breadcrumb\",\"itemListElement\":[{\"@type\":\"ListItem\",\"position\":1,\"name\":\"Home\",\"item\":\"https:\/\/www.address4.com\/pt-br\"},{\"@type\":\"ListItem\",\"position\":2,\"name\":\"Servicos\",\"item\":\"https:\/\/www.address4.com\/pt-br\/servicos\"},{\"@type\":\"ListItem\",\"position\":3,\"name\":\"Valida\u00e7\u00e3o de endere\u00e7o de e-mail\"}]},{\"@type\":\"WebSite\",\"@id\":\"https:\/\/www.address4.com\/#website\",\"url\":\"https:\/\/www.address4.com\/\",\"name\":\"Address 4\",\"description\":\"Address Verification Service For Your Business\",\"potentialAction\":[{\"@type\":\"SearchAction\",\"target\":{\"@type\":\"EntryPoint\",\"urlTemplate\":\"https:\/\/www.address4.com\/?s={search_term_string}\"},\"query-input\":{\"@type\":\"PropertyValueSpecification\",\"valueRequired\":true,\"valueName\":\"search_term_string\"}}],\"inLanguage\":\"pt-BR\"}]}<\/script>\n<!-- \/ Yoast SEO plugin. -->","yoast_head_json":{"title":"Servi\u00e7o online de valida\u00e7\u00e3o de endere\u00e7os de e-mail \u2013 Address4","description":"Com o Address 4, voc\u00ea ter\u00e1 um servi\u00e7o de valida\u00e7\u00e3o de e-mail r\u00e1pido, seguro, preciso. Teste a demo gratuita online ou acesse a vers\u00e3o completa!","robots":{"index":"index","follow":"follow","max-snippet":"max-snippet:-1","max-image-preview":"max-image-preview:large","max-video-preview":"max-video-preview:-1"},"canonical":"https:\/\/www.address4.com\/pt-br\/servicos\/validacao-email","og_locale":"pt_BR","og_type":"article","og_title":"Servi\u00e7o online de valida\u00e7\u00e3o de endere\u00e7os de e-mail \u2013 Address4","og_description":"Com o Address 4, voc\u00ea ter\u00e1 um servi\u00e7o de valida\u00e7\u00e3o de e-mail r\u00e1pido, seguro, preciso. Teste a demo gratuita online ou acesse a vers\u00e3o completa!","og_url":"https:\/\/www.address4.com\/pt-br\/servicos\/validacao-email","og_site_name":"Address 4","article_modified_time":"2021-02-25T08:06:41+00:00","twitter_card":"summary_large_image","twitter_misc":{"Est. tempo de leitura":"2 minutos"},"schema":{"@context":"https:\/\/schema.org","@graph":[{"@type":"WebPage","@id":"https:\/\/www.address4.com\/pt-br\/servicos\/validacao-email","url":"https:\/\/www.address4.com\/pt-br\/servicos\/validacao-email","name":"Servi\u00e7o online de valida\u00e7\u00e3o de endere\u00e7os de e-mail \u2013 Address4","isPartOf":{"@id":"https:\/\/www.address4.com\/#website"},"datePublished":"2018-03-05T10:32:27+00:00","dateModified":"2021-02-25T08:06:41+00:00","description":"Com o Address 4, voc\u00ea ter\u00e1 um servi\u00e7o de valida\u00e7\u00e3o de e-mail r\u00e1pido, seguro, preciso. Teste a demo gratuita online ou acesse a vers\u00e3o completa!","breadcrumb":{"@id":"https:\/\/www.address4.com\/pt-br\/servicos\/validacao-email#breadcrumb"},"inLanguage":"pt-BR","potentialAction":[{"@type":"ReadAction","target":["https:\/\/www.address4.com\/pt-br\/servicos\/validacao-email"]}]},{"@type":"BreadcrumbList","@id":"https:\/\/www.address4.com\/pt-br\/servicos\/validacao-email#breadcrumb","itemListElement":[{"@type":"ListItem","position":1,"name":"Home","item":"https:\/\/www.address4.com\/pt-br"},{"@type":"ListItem","position":2,"name":"Servicos","item":"https:\/\/www.address4.com\/pt-br\/servicos"},{"@type":"ListItem","position":3,"name":"Valida\u00e7\u00e3o de endere\u00e7o de e-mail"}]},{"@type":"WebSite","@id":"https:\/\/www.address4.com\/#website","url":"https:\/\/www.address4.com\/","name":"Address 4","description":"Address Verification Service For Your Business","potentialAction":[{"@type":"SearchAction","target":{"@type":"EntryPoint","urlTemplate":"https:\/\/www.address4.com\/?s={search_term_string}"},"query-input":{"@type":"PropertyValueSpecification","valueRequired":true,"valueName":"search_term_string"}}],"inLanguage":"pt-BR"}]}},"_links":{"self":[{"href":"https:\/\/www.address4.com\/pt-br\/wp-json\/wp\/v2\/pages\/376","targetHints":{"allow":["GET"]}}],"collection":[{"href":"https:\/\/www.address4.com\/pt-br\/wp-json\/wp\/v2\/pages"}],"about":[{"href":"https:\/\/www.address4.com\/pt-br\/wp-json\/wp\/v2\/types\/page"}],"author":[{"embeddable":true,"href":"https:\/\/www.address4.com\/pt-br\/wp-json\/wp\/v2\/users\/2"}],"replies":[{"embeddable":true,"href":"https:\/\/www.address4.com\/pt-br\/wp-json\/wp\/v2\/comments?post=376"}],"version-history":[{"count":6,"href":"https:\/\/www.address4.com\/pt-br\/wp-json\/wp\/v2\/pages\/376\/revisions"}],"predecessor-version":[{"id":3165,"href":"https:\/\/www.address4.com\/pt-br\/wp-json\/wp\/v2\/pages\/376\/revisions\/3165"}],"up":[{"embeddable":true,"href":"https:\/\/www.address4.com\/pt-br\/wp-json\/wp\/v2\/pages\/948"}],"wp:attachment":[{"href":"https:\/\/www.address4.com\/pt-br\/wp-json\/wp\/v2\/media?parent=376"}],"curies":[{"name":"wp","href":"https:\/\/api.w.org\/{rel}","templated":true}]}}