{"id":372,"date":"2018-03-05T10:12:13","date_gmt":"2018-03-05T10:12:13","guid":{"rendered":"http:\/\/www.address4.com\/?page_id=372"},"modified":"2021-02-25T09:04:45","modified_gmt":"2021-02-25T08:04:45","slug":"validacao-nome","status":"publish","type":"page","link":"https:\/\/www.address4.com\/pt-br\/servicos\/validacao-nome","title":{"rendered":"Valida\u00e7\u00e3o de nome"},"content":{"rendered":"[vc_row wrapper=&#8221;true&#8221; holder_set_margin=&#8221;true&#8221; holder_margin=&#8221;u-margin-bottom&#8221;][vc_column]<div class=\"c-heading\"><h1 class=\" u-h1 u-text-center\">Valida\u00e7\u00e3o de nome e informa\u00e7\u00f5es pessoais<\/h1><\/div><div class=\"c-heading\"><h3 class=\" u-h3 u-text-normal u-text-center\">Processamento e valida\u00e7\u00e3o de informa\u00e7\u00f5es pessoais e de contato<\/h3><\/div>[\/vc_column][\/vc_row][vc_row wrapper=&#8221;true&#8221; holder_set_margin=&#8221;true&#8221; holder_margin=&#8221;u-margin-bottom&#8221;][vc_column width=&#8221;5\/12&#8243;]<div class=\"c-image\"><img loading=\"lazy\" decoding=\"async\" width=\"500\" height=\"355\" src=\"https:\/\/www.address4.com\/wp-content\/uploads\/2018\/03\/contact_data_name_validation.jpg\" class=\" u-margin-bottom aligncenter\" alt=\"name and contact data validation\" srcset=\"https:\/\/www.address4.com\/wp-content\/uploads\/2018\/03\/contact_data_name_validation.jpg 500w, https:\/\/www.address4.com\/wp-content\/uploads\/2018\/03\/contact_data_name_validation-300x213.jpg 300w\" sizes=\"auto, (max-width: 500px) 100vw, 500px\" \/><\/div>[\/vc_column][vc_column width=&#8221;7\/12&#8243;]<div class=\"c-heading\"><h3>Um sistema para validar nomes em segundos<\/h3><\/div>[vc_column_text]Voc\u00ea pode testar o nosso\u00a0<strong>servi\u00e7o de<\/strong>\u00a0<strong>valida\u00e7\u00e3o de nome em tempo real<\/strong>, agora mesmo e sem obriga\u00e7\u00f5es.\u00a0Administrar bancos de dados, gerenciar registros, coletar dados de usu\u00e1rios, perfis de clientes: essas e outras atividades requerem o uso de software capaz de verificar e validar os nomes que foram inseridos.<\/p>\n<p>Teste a vers\u00e3o demo da valida\u00e7\u00e3o de nome nesta p\u00e1gina para verificar a qualidade do nosso software. Tudo que precisa fazer \u00e9\u00a0<strong>escrever os dados necess\u00e1rios no campo<\/strong>. Teste j\u00e1![\/vc_column_text]<a class=\"c-button u-margin-right u-margin-bottom c-button--primary  c-button--ghost\" href=\"https:\/\/www.address4.com\/free-address-validation-services\">Inscrever-se<\/a><a class=\"c-button u-margin-bottom c-button--primary  c-button--ghost\" href=\"https:\/\/www.address4.com\/services\/address-validation\/batch-address-validation\">Carregar um arquivo<\/a>[\/vc_column][\/vc_row][vc_row][vc_column]<div class=\"templatera_shortcode\"><div class=\"o-holder u-background-light u-margin-bottom-large u-padding-vertical-large\"><div class=\" o-wrapper\"><div class=\"grid-1\"><div class=\"col _lap-and-up-8\" ><div class=\"c-heading\"><h3>N\u00e3o perca \u201cRedu\u00e7\u00e3o de Custos & Valida\u00e7\u00e3o de Endere\u00e7o\u201d<\/h3><\/div><div class=\"c-heading\"><h3>Fa\u00e7a o DOWNLOAD do seu eBook GRATUITAMENTE e descubra como melhorar a qualidade dos seus dados<\/h3><\/div><div class=\"c-text-block\"><p>Guia completo com os benef\u00edcios econ\u00f4micos da valida\u00e7\u00e3o<\/p>\n <\/div><a class=\"c-button c-button--secondary\" href=\"https:\/\/www.address4.com\/ebook-1\">Fazer download do eBook<\/a><\/div><div class=\"col _lap-and-up-4\" ><div class=\"c-image\"><a href=\"https:\/\/www.address4.com\/ebook-1\"><img loading=\"lazy\" decoding=\"async\" width=\"205\" height=\"286\" src=\"https:\/\/www.address4.com\/wp-content\/uploads\/2018\/03\/ebook-address-validation-cost-saving-S.png\" class=\" alignone\" alt=\"ebook-address-validation-cost-saving-S\" \/><\/a><\/div><\/div>\n<\/div><\/div><\/div><\/div>[\/vc_column][\/vc_row][vc_row wrapper=&#8221;true&#8221; holder_set_margin=&#8221;true&#8221; holder_margin=&#8221;u-margin-bottom-large&#8221;][vc_column width=&#8221;5\/12&#8243;]<div class=\"c-image\"><img loading=\"lazy\" decoding=\"async\" width=\"416\" height=\"289\" src=\"https:\/\/www.address4.com\/wp-content\/uploads\/2018\/03\/Name_validation.jpg\" class=\" aligncenter\" alt=\"Name validation\" srcset=\"https:\/\/www.address4.com\/wp-content\/uploads\/2018\/03\/Name_validation.jpg 416w, https:\/\/www.address4.com\/wp-content\/uploads\/2018\/03\/Name_validation-300x208.jpg 300w\" sizes=\"auto, (max-width: 416px) 100vw, 416px\" \/><\/div>[\/vc_column][vc_column width=&#8221;7\/12&#8243;]<div class=\"c-heading\"><h3>O alvo certo para o neg\u00f3cio certo<\/h3><\/div>[vc_column_text]\n<div class=\"row-fluid-wrapper row-depth-1 row-number-16 \">\n<div class=\"row-fluid \">\n<div class=\"span6 widget-span widget-type-rich_text \" data-widget-type=\"rich_text\" data-x=\"6\" data-w=\"6\">\n<div class=\"cell-wrapper layout-widget-wrapper\">\n<div class=\"row-fluid-wrapper row-depth-1 row-number-16 \">\n<div class=\"row-fluid \">\n<div class=\"span6 widget-span widget-type-rich_text \" data-widget-type=\"rich_text\" data-x=\"6\" data-w=\"6\">\n<div class=\"cell-wrapper layout-widget-wrapper\">\n<p>Usar o Address4 significa confiar as opera\u00e7\u00f5es necess\u00e1rias para analisar, completar e padronizar at\u00e9 milhares de informa\u00e7\u00f5es pessoais em uma ferramenta automatizada, eliminando erros e os custos desnecess\u00e1rios causados pela m\u00e1 qualidade de seus bancos de dados.<\/p>\n<p>O benef\u00edcio econ\u00f4mico vem acompanhado com o melhor perfil poss\u00edvel do cliente e, portanto, a defini\u00e7\u00e3o correta do p\u00fablico-alvo para marketing por e-mail, boletins informativos, envio de material promocional, etc.<\/p>\n<p>&nbsp;<\/p>\n<\/div>\n<\/div>\n<\/div>\n<\/div>\n<div class=\"row-fluid-wrapper row-depth-1 row-number-17 \">\n<div class=\"row-fluid \">\n<div class=\"span12 widget-span widget-type-rich_text \" data-widget-type=\"rich_text\" data-x=\"0\" data-w=\"12\">\n<div class=\"cell-wrapper layout-widget-wrapper\">\n<p>Depois de inserir o nome a ser validado, o Address4 prossegue com a verifica\u00e7\u00e3o de dados e, quando necess\u00e1rio, a integra\u00e7\u00e3o de informa\u00e7\u00f5es pessoais adicionais. Altos padr\u00f5es de valida\u00e7\u00e3o de nome ajudam a garantir bases de dados e registos de alta qualidade. O resultado \u00e9 uma ficha pessoal contendo todos os registros referentes a cada pessoa: do nome \u00e0 data de nascimento; do seu cargo ao seu n\u00famero de telefone; de seu endere\u00e7o de e-mail aos c\u00f3digos pessoais. Porque a precis\u00e3o \u00e9 a base dos neg\u00f3cios competitivos e um fator importante na maior satisfa\u00e7\u00e3o do usu\u00e1rio.<\/p>\n<\/div>\n<\/div>\n<\/div>\n<\/div>\n<\/div>\n<\/div>\n<\/div>\n<\/div>\n[\/vc_column_text][\/vc_column][\/vc_row][vc_row][vc_column]<div class=\"templatera_shortcode\"><div class=\"o-holder u-background-light u-margin-bottom-large u-padding-vertical-large\"><div class=\"grid-1\"><div class=\"col _lap-and-up-12\" ><div class=\"c-heading\"><h3 class=\" u-h2 u-text-center\">Inicie o seu Teste Gr\u00e1tis do Address4<\/h3><\/div><div class=\"c-button-holder c-button-holder--center\"><a class=\"c-button c-button--center u-margin-bottom c-button--secondary\" href=\"https:\/\/www.address4.com\/free-address-validation-services\">Inscrever-se<\/a><\/div><div class=\"c-heading\"><h3 class=\" u-text-center\">Sem custo, sem obriga\u00e7\u00e3o, m\u00e1xima satisfa\u00e7\u00e3o<\/h3><\/div><\/div>\n<\/div><\/div><\/div>[\/vc_column][\/vc_row][vc_row wrapper=&#8221;true&#8221;][vc_column width=&#8221;1\/3&#8243;]<div class=\"c-mediabox u-margin-bottom\">\n<div class=\" o-media\">\n<div class=\"o-media__img\">\n<div class=\"ico-wrap ico-wrap--center\"><i class=\"ico ico--xl fal fa-desktop-alt\"><\/i><\/div>\n<\/div>\n<div class=\"o-media__body\">\n<h4>Valida\u00e7\u00e3o Online<\/h4>\n<p>Address4 permite validar Registros \u00fanicos ou bancos de dados inteiros online, 24 horas por dia de qualquer Pa\u00eds do mundo.<\/p><\/div>\n<\/div>\n<\/div>\n[\/vc_column][vc_column width=&#8221;1\/3&#8243;]<div class=\"c-mediabox u-margin-bottom\">\n<div class=\" o-media\">\n<div class=\"o-media__img\">\n<div class=\"ico-wrap ico-wrap--center\"><i class=\"ico ico--xl fal fa-repeat-1-alt\"><\/i><\/div>\n<\/div>\n<div class=\"o-media__body\">\n<h4>Automa\u00e7\u00e3o TI<\/h4>\n<p>Chega de verifica\u00e7\u00f5es manuais imprecisas. Com o Address4 cada opera\u00e7\u00e3o \u00e9 Efetuada de forma independente pelo Software sem erros.<\/p><\/div>\n<\/div>\n<\/div>\n[\/vc_column][vc_column width=&#8221;1\/3&#8243;]<div class=\"c-mediabox u-margin-bottom\">\n<div class=\" o-media\">\n<div class=\"o-media__img\">\n<div class=\"ico-wrap ico-wrap--center\"><i class=\"ico ico--xl fal fa-thumbs-up\"><\/i><\/div>\n<\/div>\n<div class=\"o-media__body\">\n<h4>Qualidade de Dados<\/h4>\n<p>A atualiza\u00e7\u00e3o cont\u00ednua do banco de dados do Address4 assegura uma utiliza\u00e7\u00e3o Sem necessidade de verifica\u00e7\u00f5es adicionais.<\/p><\/div>\n<\/div>\n<\/div>\n[\/vc_column][\/vc_row]\n","protected":false},"excerpt":{"rendered":"Inicie o seu Teste Gr\u00e1tis do Address4Inscrever-seSem custo, sem obriga\u00e7\u00e3o, m\u00e1xima satisfa\u00e7\u00e3o","protected":false},"author":2,"featured_media":0,"parent":948,"menu_order":0,"comment_status":"closed","ping_status":"closed","template":"templates\/template-fullwidth.php","meta":{"footnotes":""},"class_list":["post-372","page","type-page","status-publish","hentry"],"yoast_head":"<!-- This site is optimized with the Yoast SEO plugin v26.8 - https:\/\/yoast.com\/product\/yoast-seo-wordpress\/ -->\n<title>Servi\u00e7o de valida\u00e7\u00e3o de nome e processamento de dados \u2013 Address4<\/title>\n<meta name=\"description\" content=\"Com o Address 4 voc\u00ea ter\u00e1 acesso a um servi\u00e7o de valida\u00e7\u00e3o de nome e registro on-line. Experimente a demonstra\u00e7\u00e3o gratuita, sem qualquer obriga\u00e7\u00e3o!\" \/>\n<meta name=\"robots\" content=\"index, follow, max-snippet:-1, max-image-preview:large, max-video-preview:-1\" \/>\n<link rel=\"canonical\" href=\"https:\/\/www.address4.com\/pt-br\/servicos\/validacao-nome\" \/>\n<meta property=\"og:locale\" content=\"pt_BR\" \/>\n<meta property=\"og:type\" content=\"article\" \/>\n<meta property=\"og:title\" content=\"Servi\u00e7o de valida\u00e7\u00e3o de nome e processamento de dados \u2013 Address4\" \/>\n<meta property=\"og:description\" content=\"Com o Address 4 voc\u00ea ter\u00e1 acesso a um servi\u00e7o de valida\u00e7\u00e3o de nome e registro on-line. Experimente a demonstra\u00e7\u00e3o gratuita, sem qualquer obriga\u00e7\u00e3o!\" \/>\n<meta property=\"og:url\" content=\"https:\/\/www.address4.com\/pt-br\/servicos\/validacao-nome\" \/>\n<meta property=\"og:site_name\" content=\"Address 4\" \/>\n<meta property=\"article:modified_time\" content=\"2021-02-25T08:04:45+00:00\" \/>\n<meta name=\"twitter:card\" content=\"summary_large_image\" \/>\n<meta name=\"twitter:label1\" content=\"Est. tempo de leitura\" \/>\n\t<meta name=\"twitter:data1\" content=\"2 minutos\" \/>\n<script type=\"application\/ld+json\" class=\"yoast-schema-graph\">{\"@context\":\"https:\/\/schema.org\",\"@graph\":[{\"@type\":\"WebPage\",\"@id\":\"https:\/\/www.address4.com\/pt-br\/servicos\/validacao-nome\",\"url\":\"https:\/\/www.address4.com\/pt-br\/servicos\/validacao-nome\",\"name\":\"Servi\u00e7o de valida\u00e7\u00e3o de nome e processamento de dados \u2013 Address4\",\"isPartOf\":{\"@id\":\"https:\/\/www.address4.com\/#website\"},\"datePublished\":\"2018-03-05T10:12:13+00:00\",\"dateModified\":\"2021-02-25T08:04:45+00:00\",\"description\":\"Com o Address 4 voc\u00ea ter\u00e1 acesso a um servi\u00e7o de valida\u00e7\u00e3o de nome e registro on-line. Experimente a demonstra\u00e7\u00e3o gratuita, sem qualquer obriga\u00e7\u00e3o!\",\"breadcrumb\":{\"@id\":\"https:\/\/www.address4.com\/pt-br\/servicos\/validacao-nome#breadcrumb\"},\"inLanguage\":\"pt-BR\",\"potentialAction\":[{\"@type\":\"ReadAction\",\"target\":[\"https:\/\/www.address4.com\/pt-br\/servicos\/validacao-nome\"]}]},{\"@type\":\"BreadcrumbList\",\"@id\":\"https:\/\/www.address4.com\/pt-br\/servicos\/validacao-nome#breadcrumb\",\"itemListElement\":[{\"@type\":\"ListItem\",\"position\":1,\"name\":\"Home\",\"item\":\"https:\/\/www.address4.com\/pt-br\"},{\"@type\":\"ListItem\",\"position\":2,\"name\":\"Servicos\",\"item\":\"https:\/\/www.address4.com\/pt-br\/servicos\"},{\"@type\":\"ListItem\",\"position\":3,\"name\":\"Valida\u00e7\u00e3o de nome\"}]},{\"@type\":\"WebSite\",\"@id\":\"https:\/\/www.address4.com\/#website\",\"url\":\"https:\/\/www.address4.com\/\",\"name\":\"Address 4\",\"description\":\"Address Verification Service For Your Business\",\"potentialAction\":[{\"@type\":\"SearchAction\",\"target\":{\"@type\":\"EntryPoint\",\"urlTemplate\":\"https:\/\/www.address4.com\/?s={search_term_string}\"},\"query-input\":{\"@type\":\"PropertyValueSpecification\",\"valueRequired\":true,\"valueName\":\"search_term_string\"}}],\"inLanguage\":\"pt-BR\"}]}<\/script>\n<!-- \/ Yoast SEO plugin. -->","yoast_head_json":{"title":"Servi\u00e7o de valida\u00e7\u00e3o de nome e processamento de dados \u2013 Address4","description":"Com o Address 4 voc\u00ea ter\u00e1 acesso a um servi\u00e7o de valida\u00e7\u00e3o de nome e registro on-line. Experimente a demonstra\u00e7\u00e3o gratuita, sem qualquer obriga\u00e7\u00e3o!","robots":{"index":"index","follow":"follow","max-snippet":"max-snippet:-1","max-image-preview":"max-image-preview:large","max-video-preview":"max-video-preview:-1"},"canonical":"https:\/\/www.address4.com\/pt-br\/servicos\/validacao-nome","og_locale":"pt_BR","og_type":"article","og_title":"Servi\u00e7o de valida\u00e7\u00e3o de nome e processamento de dados \u2013 Address4","og_description":"Com o Address 4 voc\u00ea ter\u00e1 acesso a um servi\u00e7o de valida\u00e7\u00e3o de nome e registro on-line. Experimente a demonstra\u00e7\u00e3o gratuita, sem qualquer obriga\u00e7\u00e3o!","og_url":"https:\/\/www.address4.com\/pt-br\/servicos\/validacao-nome","og_site_name":"Address 4","article_modified_time":"2021-02-25T08:04:45+00:00","twitter_card":"summary_large_image","twitter_misc":{"Est. tempo de leitura":"2 minutos"},"schema":{"@context":"https:\/\/schema.org","@graph":[{"@type":"WebPage","@id":"https:\/\/www.address4.com\/pt-br\/servicos\/validacao-nome","url":"https:\/\/www.address4.com\/pt-br\/servicos\/validacao-nome","name":"Servi\u00e7o de valida\u00e7\u00e3o de nome e processamento de dados \u2013 Address4","isPartOf":{"@id":"https:\/\/www.address4.com\/#website"},"datePublished":"2018-03-05T10:12:13+00:00","dateModified":"2021-02-25T08:04:45+00:00","description":"Com o Address 4 voc\u00ea ter\u00e1 acesso a um servi\u00e7o de valida\u00e7\u00e3o de nome e registro on-line. Experimente a demonstra\u00e7\u00e3o gratuita, sem qualquer obriga\u00e7\u00e3o!","breadcrumb":{"@id":"https:\/\/www.address4.com\/pt-br\/servicos\/validacao-nome#breadcrumb"},"inLanguage":"pt-BR","potentialAction":[{"@type":"ReadAction","target":["https:\/\/www.address4.com\/pt-br\/servicos\/validacao-nome"]}]},{"@type":"BreadcrumbList","@id":"https:\/\/www.address4.com\/pt-br\/servicos\/validacao-nome#breadcrumb","itemListElement":[{"@type":"ListItem","position":1,"name":"Home","item":"https:\/\/www.address4.com\/pt-br"},{"@type":"ListItem","position":2,"name":"Servicos","item":"https:\/\/www.address4.com\/pt-br\/servicos"},{"@type":"ListItem","position":3,"name":"Valida\u00e7\u00e3o de nome"}]},{"@type":"WebSite","@id":"https:\/\/www.address4.com\/#website","url":"https:\/\/www.address4.com\/","name":"Address 4","description":"Address Verification Service For Your Business","potentialAction":[{"@type":"SearchAction","target":{"@type":"EntryPoint","urlTemplate":"https:\/\/www.address4.com\/?s={search_term_string}"},"query-input":{"@type":"PropertyValueSpecification","valueRequired":true,"valueName":"search_term_string"}}],"inLanguage":"pt-BR"}]}},"_links":{"self":[{"href":"https:\/\/www.address4.com\/pt-br\/wp-json\/wp\/v2\/pages\/372","targetHints":{"allow":["GET"]}}],"collection":[{"href":"https:\/\/www.address4.com\/pt-br\/wp-json\/wp\/v2\/pages"}],"about":[{"href":"https:\/\/www.address4.com\/pt-br\/wp-json\/wp\/v2\/types\/page"}],"author":[{"embeddable":true,"href":"https:\/\/www.address4.com\/pt-br\/wp-json\/wp\/v2\/users\/2"}],"replies":[{"embeddable":true,"href":"https:\/\/www.address4.com\/pt-br\/wp-json\/wp\/v2\/comments?post=372"}],"version-history":[{"count":5,"href":"https:\/\/www.address4.com\/pt-br\/wp-json\/wp\/v2\/pages\/372\/revisions"}],"predecessor-version":[{"id":3159,"href":"https:\/\/www.address4.com\/pt-br\/wp-json\/wp\/v2\/pages\/372\/revisions\/3159"}],"up":[{"embeddable":true,"href":"https:\/\/www.address4.com\/pt-br\/wp-json\/wp\/v2\/pages\/948"}],"wp:attachment":[{"href":"https:\/\/www.address4.com\/pt-br\/wp-json\/wp\/v2\/media?parent=372"}],"curies":[{"name":"wp","href":"https:\/\/api.w.org\/{rel}","templated":true}]}}