{"id":342,"date":"2018-03-02T12:02:27","date_gmt":"2018-03-02T12:02:27","guid":{"rendered":"http:\/\/www.address4.com\/?page_id=342"},"modified":"2021-09-10T18:08:05","modified_gmt":"2021-09-10T17:08:05","slug":"validacao-endereco-internacional","status":"publish","type":"page","link":"https:\/\/www.address4.com\/pt-br\/servicos\/validacao-endereco-internacional","title":{"rendered":"Valida\u00e7\u00e3o de Endere\u00e7o"},"content":{"rendered":"[vc_row wrapper=&#8221;true&#8221; holder_set_margin=&#8221;true&#8221; holder_margin=&#8221;u-margin-bottom&#8221;][vc_column]<div class=\"c-heading\"><h1 class=\" u-h1 u-text-center\">Valida\u00e7\u00e3o de Endere\u00e7o Internacional<\/h1><\/div><div class=\"c-heading\"><h3 class=\" u-h3 u-text-normal u-text-center\">O servi\u00e7o online de valida\u00e7\u00e3o de endere\u00e7o internacional<\/h3><\/div>[\/vc_column][\/vc_row][vc_row wrapper=&#8221;true&#8221; holder_set_margin=&#8221;true&#8221; holder_margin=&#8221;u-margin-bottom&#8221;][vc_column width=&#8221;5\/12&#8243;]<div class=\"c-image\"><img loading=\"lazy\" decoding=\"async\" width=\"426\" height=\"282\" src=\"https:\/\/www.address4.com\/wp-content\/uploads\/2018\/03\/international_addresses_validation.jpg\" class=\" aligncenter\" alt=\"international addresses validation\" srcset=\"https:\/\/www.address4.com\/wp-content\/uploads\/2018\/03\/international_addresses_validation.jpg 426w, https:\/\/www.address4.com\/wp-content\/uploads\/2018\/03\/international_addresses_validation-300x199.jpg 300w\" sizes=\"auto, (max-width: 426px) 100vw, 426px\" \/><\/div>[\/vc_column][vc_column width=&#8221;7\/12&#8243;]<div class=\"c-heading\"><h3>A valida\u00e7\u00e3o de endere\u00e7o come\u00e7a aqui<\/h3><\/div>[vc_column_text]Erros e omiss\u00f5es comprometem a efici\u00eancia da sua empresa e retardam seu crescimento. Com a\u00a0<strong>demo gratuita do Address4<\/strong>, voc\u00ea pode experimentar valida\u00e7\u00e3o de endere\u00e7o internacional de ponta.<\/p>\n<p>Tudo que precisa fazer \u00e9 <a href=\"https:\/\/www.address4.com\/pt-br\/free-trial\">inserir os seus dados em um campo e clicar no bot\u00e3o<\/a>. Voc\u00ea ver\u00e1 o\u00a0<strong>endere\u00e7o validado em tempo real<\/strong>, sem obriga\u00e7\u00e3o, assinaturas, endere\u00e7os de e-mail ou downloads.<br \/>\nFa\u00e7a o teste gratuito![\/vc_column_text]<a class=\"c-button u-margin-right u-margin-bottom c-button--primary  c-button--ghost\" href=\"https:\/\/www.address4.com\/free-address-validation-services\">Inscrever-se<\/a><a class=\"c-button u-margin-bottom c-button--primary  c-button--ghost\" href=\"https:\/\/www.address4.com\/services\/address-validation\/batch-address-validation\">Carregar um arquivo<\/a>[\/vc_column][\/vc_row][vc_row][vc_column]<div class=\"templatera_shortcode\"><div class=\"o-holder u-background-light u-margin-bottom-large u-padding-vertical-large\"><div class=\" o-wrapper\"><div class=\"grid-1\"><div class=\"col _lap-and-up-8\" ><div class=\"c-heading\"><h3>N\u00e3o perca \u201cRedu\u00e7\u00e3o de Custos & Valida\u00e7\u00e3o de Endere\u00e7o\u201d<\/h3><\/div><div class=\"c-heading\"><h3>Fa\u00e7a o DOWNLOAD do seu eBook GRATUITAMENTE e descubra como melhorar a qualidade dos seus dados<\/h3><\/div><div class=\"c-text-block\"><p>Guia completo com os benef\u00edcios econ\u00f4micos da valida\u00e7\u00e3o<\/p>\n <\/div><a class=\"c-button c-button--secondary\" href=\"https:\/\/www.address4.com\/ebook-1\">Fazer download do eBook<\/a><\/div><div class=\"col _lap-and-up-4\" ><div class=\"c-image\"><a href=\"https:\/\/www.address4.com\/ebook-1\"><img loading=\"lazy\" decoding=\"async\" width=\"205\" height=\"286\" src=\"https:\/\/www.address4.com\/wp-content\/uploads\/2018\/03\/ebook-address-validation-cost-saving-S.png\" class=\" alignone\" alt=\"ebook-address-validation-cost-saving-S\" \/><\/a><\/div><\/div>\n<\/div><\/div><\/div><\/div>[\/vc_column][\/vc_row][vc_row wrapper=&#8221;true&#8221; holder_set_margin=&#8221;true&#8221; holder_margin=&#8221;u-margin-bottom-large&#8221;][vc_column width=&#8221;5\/12&#8243;]<div class=\"c-image\"><img loading=\"lazy\" decoding=\"async\" width=\"400\" height=\"473\" src=\"https:\/\/www.address4.com\/wp-content\/uploads\/2018\/03\/international_address_validation.jpg\" class=\" aligncenter\" alt=\"international address validation service\" srcset=\"https:\/\/www.address4.com\/wp-content\/uploads\/2018\/03\/international_address_validation.jpg 400w, https:\/\/www.address4.com\/wp-content\/uploads\/2018\/03\/international_address_validation-254x300.jpg 254w\" sizes=\"auto, (max-width: 400px) 100vw, 400px\" \/><\/div>[\/vc_column][vc_column width=&#8221;7\/12&#8243;]<div class=\"c-heading\"><h3>Valida\u00e7\u00e3o de Endere\u00e7o Internacional:<\/h3><\/div><div class=\"c-heading\"><h3 class=\" u-h4\">Uma Oportunidade Imperd\u00edvel<\/h3><\/div>[vc_column_text]\n<div class=\"row-fluid-wrapper row-depth-1 row-number-16 \">\n<div class=\"row-fluid \">\n<div class=\"span6 widget-span widget-type-rich_text \" data-widget-type=\"rich_text\" data-x=\"6\" data-w=\"6\">\n<div class=\"cell-wrapper layout-widget-wrapper\">\n<p>O Address 4 verifica endere\u00e7os internacionais em mais de 250 pa\u00edses em todo o mundo. As aplica\u00e7\u00f5es s\u00e3o infinitas e variam de sistemas de CRM (Gest\u00e3o de Relacionamento com o Cliente) \u00e0 migra\u00e7\u00e3o de dados de armaz\u00e9ns, de servi\u00e7os de envio via web at\u00e9 valida\u00e7\u00e3o interativa durante a inser\u00e7\u00e3o de dados, e coleta de endere\u00e7os e informa\u00e7\u00f5es pessoais em sites de com\u00e9rcio eletr\u00f4nico.<\/p>\n<p>A valida\u00e7\u00e3o internacional de endere\u00e7os com o Address 4 permite que voc\u00ea complete bancos de dados, corrija erros, atualize informa\u00e7\u00f5es desatualizadas, exclua informa\u00e7\u00f5es duplicadas e preencha automaticamente as informa\u00e7\u00f5es ausentes. O resultado final \u00e9 um banco de dados contendo endere\u00e7os em um formato universal que qualquer sistema operacional pode interpretar.<\/p>\n<\/div>\n<\/div>\n<\/div>\n<\/div>\n<div class=\"row-fluid-wrapper row-depth-1 row-number-17 \">\n<div class=\"row-fluid \">\n<div class=\"span12 widget-span widget-type-rich_text \" data-widget-type=\"rich_text\" data-x=\"0\" data-w=\"12\">\n<div class=\"cell-wrapper layout-widget-wrapper\">\n<p>O Address4 oferece uma oportunidade \u00fanica para ter acesso a dados de qualidade, otimizar procedimentos de arquivamento, melhorar o gerenciamento de endere\u00e7os, atualizar bancos de dados desatualizados, criar perfis de usu\u00e1rios com precis\u00e3o e geolocalizar o seu p\u00fablico. Tudo est\u00e1 dispon\u00edvel rapidamente, gra\u00e7as a um modo de opera\u00e7\u00e3o intuitivo. Ao escolher o Address 4, voc\u00ea escolhe pura satisfa\u00e7\u00e3o.<\/p>\n<\/div>\n<\/div>\n<\/div>\n<\/div>\n[\/vc_column_text][\/vc_column][\/vc_row][vc_row][vc_column]<div class=\"templatera_shortcode\"><div class=\"o-holder u-background-light u-margin-bottom-large u-padding-vertical-large\"><div class=\"grid-1\"><div class=\"col _lap-and-up-12\" ><div class=\"c-heading\"><h3 class=\" u-h2 u-text-center\">Inicie o seu Teste Gr\u00e1tis do Address4<\/h3><\/div><div class=\"c-button-holder c-button-holder--center\"><a class=\"c-button c-button--center u-margin-bottom c-button--secondary\" href=\"https:\/\/www.address4.com\/free-address-validation-services\">Inscrever-se<\/a><\/div><div class=\"c-heading\"><h3 class=\" u-text-center\">Sem custo, sem obriga\u00e7\u00e3o, m\u00e1xima satisfa\u00e7\u00e3o<\/h3><\/div><\/div>\n<\/div><\/div><\/div>[\/vc_column][\/vc_row][vc_row wrapper=&#8221;true&#8221;][vc_column width=&#8221;1\/3&#8243;]<div class=\"c-mediabox u-margin-bottom\">\n<div class=\" o-media\">\n<div class=\"o-media__img\">\n<div class=\"ico-wrap ico-wrap--center\"><i class=\"ico ico--xl fal fa-check\"><\/i><\/div>\n<\/div>\n<div class=\"o-media__body\">\n<h4>Neg\u00f3cio mais eficiente<\/h4>\n<p>Com o Address 4 o seu neg\u00f3cio se torna mais f\u00e1cil de gerenciar e mais eficiente. Garantia de uma melhor imagem da sua empresa!<\/p><\/div>\n<\/div>\n<\/div>\n[\/vc_column][vc_column width=&#8221;1\/3&#8243;]<div class=\"c-mediabox u-margin-bottom\">\n<div class=\" o-media\">\n<div class=\"o-media__img\">\n<div class=\"ico-wrap ico-wrap--center\"><i class=\"ico ico--xl far fa-alarm-clock\"><\/i><\/div>\n<\/div>\n<div class=\"o-media__body\">\n<h4>Chega de desperd\u00edcios<\/h4>\n<p>Qualidade de dados significa otimizar recursos, evitar desperd\u00edcio de tempo e investir bem cada centavo.<\/p><\/div>\n<\/div>\n<\/div>\n[\/vc_column][vc_column width=&#8221;1\/3&#8243;]<div class=\"c-mediabox u-margin-bottom\">\n<div class=\" o-media\">\n<div class=\"o-media__img\">\n<div class=\"ico-wrap ico-wrap--center\"><i class=\"ico ico--xl fal fa-bullseye\"><\/i><\/div>\n<\/div>\n<div class=\"o-media__body\">\n<h4>100% Alvo<\/h4>\n<p>Um banco de dados cheio de informa\u00e7\u00f5es incorretas jamais alcan\u00e7ar\u00e1 100% da sua audi\u00eancia-alvo. Com nossa ajuda, alcan\u00e7\u00e1-la \u00e9 super f\u00e1cil!<\/p><\/div>\n<\/div>\n<\/div>\n[\/vc_column][\/vc_row]\n","protected":false},"excerpt":{"rendered":"Inicie o seu Teste Gr\u00e1tis do Address4Inscrever-seSem custo, sem obriga\u00e7\u00e3o, m\u00e1xima satisfa\u00e7\u00e3o","protected":false},"author":2,"featured_media":0,"parent":948,"menu_order":0,"comment_status":"closed","ping_status":"closed","template":"templates\/template-fullwidth.php","meta":{"footnotes":""},"class_list":["post-342","page","type-page","status-publish","hentry"],"yoast_head":"<!-- This site is optimized with the Yoast SEO plugin v26.8 - https:\/\/yoast.com\/product\/yoast-seo-wordpress\/ -->\n<title>Servi\u00e7o de Valida\u00e7\u00e3o de Endere\u00e7o Internacional - Address4<\/title>\n<meta name=\"description\" content=\"Com o Address 4 voc\u00ea acessa um servi\u00e7o de valida\u00e7\u00e3o de endere\u00e7os internacionais em mais de 250 pa\u00edses do mundo. Teste nossa Demo Gratuita Online!\" \/>\n<meta name=\"robots\" content=\"index, follow, max-snippet:-1, max-image-preview:large, max-video-preview:-1\" \/>\n<link rel=\"canonical\" href=\"https:\/\/www.address4.com\/pt-br\/servicos\/validacao-endereco-internacional\" \/>\n<meta property=\"og:locale\" content=\"pt_BR\" \/>\n<meta property=\"og:type\" content=\"article\" \/>\n<meta property=\"og:title\" content=\"Servi\u00e7o de Valida\u00e7\u00e3o de Endere\u00e7o Internacional - Address4\" \/>\n<meta property=\"og:description\" content=\"Com o Address 4 voc\u00ea acessa um servi\u00e7o de valida\u00e7\u00e3o de endere\u00e7os internacionais em mais de 250 pa\u00edses do mundo. Teste nossa Demo Gratuita Online!\" \/>\n<meta property=\"og:url\" content=\"https:\/\/www.address4.com\/pt-br\/servicos\/validacao-endereco-internacional\" \/>\n<meta property=\"og:site_name\" content=\"Address 4\" \/>\n<meta property=\"article:modified_time\" content=\"2021-09-10T17:08:05+00:00\" \/>\n<meta name=\"twitter:card\" content=\"summary_large_image\" \/>\n<meta name=\"twitter:label1\" content=\"Est. tempo de leitura\" \/>\n\t<meta name=\"twitter:data1\" content=\"2 minutos\" \/>\n<script type=\"application\/ld+json\" class=\"yoast-schema-graph\">{\"@context\":\"https:\/\/schema.org\",\"@graph\":[{\"@type\":\"WebPage\",\"@id\":\"https:\/\/www.address4.com\/pt-br\/servicos\/validacao-endereco-internacional\",\"url\":\"https:\/\/www.address4.com\/pt-br\/servicos\/validacao-endereco-internacional\",\"name\":\"Servi\u00e7o de Valida\u00e7\u00e3o de Endere\u00e7o Internacional - Address4\",\"isPartOf\":{\"@id\":\"https:\/\/www.address4.com\/#website\"},\"datePublished\":\"2018-03-02T12:02:27+00:00\",\"dateModified\":\"2021-09-10T17:08:05+00:00\",\"description\":\"Com o Address 4 voc\u00ea acessa um servi\u00e7o de valida\u00e7\u00e3o de endere\u00e7os internacionais em mais de 250 pa\u00edses do mundo. Teste nossa Demo Gratuita Online!\",\"breadcrumb\":{\"@id\":\"https:\/\/www.address4.com\/pt-br\/servicos\/validacao-endereco-internacional#breadcrumb\"},\"inLanguage\":\"pt-BR\",\"potentialAction\":[{\"@type\":\"ReadAction\",\"target\":[\"https:\/\/www.address4.com\/pt-br\/servicos\/validacao-endereco-internacional\"]}]},{\"@type\":\"BreadcrumbList\",\"@id\":\"https:\/\/www.address4.com\/pt-br\/servicos\/validacao-endereco-internacional#breadcrumb\",\"itemListElement\":[{\"@type\":\"ListItem\",\"position\":1,\"name\":\"Home\",\"item\":\"https:\/\/www.address4.com\/pt-br\"},{\"@type\":\"ListItem\",\"position\":2,\"name\":\"Servicos\",\"item\":\"https:\/\/www.address4.com\/pt-br\/servicos\"},{\"@type\":\"ListItem\",\"position\":3,\"name\":\"Valida\u00e7\u00e3o de Endere\u00e7o\"}]},{\"@type\":\"WebSite\",\"@id\":\"https:\/\/www.address4.com\/#website\",\"url\":\"https:\/\/www.address4.com\/\",\"name\":\"Address 4\",\"description\":\"Address Verification Service For Your Business\",\"potentialAction\":[{\"@type\":\"SearchAction\",\"target\":{\"@type\":\"EntryPoint\",\"urlTemplate\":\"https:\/\/www.address4.com\/?s={search_term_string}\"},\"query-input\":{\"@type\":\"PropertyValueSpecification\",\"valueRequired\":true,\"valueName\":\"search_term_string\"}}],\"inLanguage\":\"pt-BR\"}]}<\/script>\n<!-- \/ Yoast SEO plugin. -->","yoast_head_json":{"title":"Servi\u00e7o de Valida\u00e7\u00e3o de Endere\u00e7o Internacional - Address4","description":"Com o Address 4 voc\u00ea acessa um servi\u00e7o de valida\u00e7\u00e3o de endere\u00e7os internacionais em mais de 250 pa\u00edses do mundo. Teste nossa Demo Gratuita Online!","robots":{"index":"index","follow":"follow","max-snippet":"max-snippet:-1","max-image-preview":"max-image-preview:large","max-video-preview":"max-video-preview:-1"},"canonical":"https:\/\/www.address4.com\/pt-br\/servicos\/validacao-endereco-internacional","og_locale":"pt_BR","og_type":"article","og_title":"Servi\u00e7o de Valida\u00e7\u00e3o de Endere\u00e7o Internacional - Address4","og_description":"Com o Address 4 voc\u00ea acessa um servi\u00e7o de valida\u00e7\u00e3o de endere\u00e7os internacionais em mais de 250 pa\u00edses do mundo. Teste nossa Demo Gratuita Online!","og_url":"https:\/\/www.address4.com\/pt-br\/servicos\/validacao-endereco-internacional","og_site_name":"Address 4","article_modified_time":"2021-09-10T17:08:05+00:00","twitter_card":"summary_large_image","twitter_misc":{"Est. tempo de leitura":"2 minutos"},"schema":{"@context":"https:\/\/schema.org","@graph":[{"@type":"WebPage","@id":"https:\/\/www.address4.com\/pt-br\/servicos\/validacao-endereco-internacional","url":"https:\/\/www.address4.com\/pt-br\/servicos\/validacao-endereco-internacional","name":"Servi\u00e7o de Valida\u00e7\u00e3o de Endere\u00e7o Internacional - Address4","isPartOf":{"@id":"https:\/\/www.address4.com\/#website"},"datePublished":"2018-03-02T12:02:27+00:00","dateModified":"2021-09-10T17:08:05+00:00","description":"Com o Address 4 voc\u00ea acessa um servi\u00e7o de valida\u00e7\u00e3o de endere\u00e7os internacionais em mais de 250 pa\u00edses do mundo. Teste nossa Demo Gratuita Online!","breadcrumb":{"@id":"https:\/\/www.address4.com\/pt-br\/servicos\/validacao-endereco-internacional#breadcrumb"},"inLanguage":"pt-BR","potentialAction":[{"@type":"ReadAction","target":["https:\/\/www.address4.com\/pt-br\/servicos\/validacao-endereco-internacional"]}]},{"@type":"BreadcrumbList","@id":"https:\/\/www.address4.com\/pt-br\/servicos\/validacao-endereco-internacional#breadcrumb","itemListElement":[{"@type":"ListItem","position":1,"name":"Home","item":"https:\/\/www.address4.com\/pt-br"},{"@type":"ListItem","position":2,"name":"Servicos","item":"https:\/\/www.address4.com\/pt-br\/servicos"},{"@type":"ListItem","position":3,"name":"Valida\u00e7\u00e3o de Endere\u00e7o"}]},{"@type":"WebSite","@id":"https:\/\/www.address4.com\/#website","url":"https:\/\/www.address4.com\/","name":"Address 4","description":"Address Verification Service For Your Business","potentialAction":[{"@type":"SearchAction","target":{"@type":"EntryPoint","urlTemplate":"https:\/\/www.address4.com\/?s={search_term_string}"},"query-input":{"@type":"PropertyValueSpecification","valueRequired":true,"valueName":"search_term_string"}}],"inLanguage":"pt-BR"}]}},"_links":{"self":[{"href":"https:\/\/www.address4.com\/pt-br\/wp-json\/wp\/v2\/pages\/342","targetHints":{"allow":["GET"]}}],"collection":[{"href":"https:\/\/www.address4.com\/pt-br\/wp-json\/wp\/v2\/pages"}],"about":[{"href":"https:\/\/www.address4.com\/pt-br\/wp-json\/wp\/v2\/types\/page"}],"author":[{"embeddable":true,"href":"https:\/\/www.address4.com\/pt-br\/wp-json\/wp\/v2\/users\/2"}],"replies":[{"embeddable":true,"href":"https:\/\/www.address4.com\/pt-br\/wp-json\/wp\/v2\/comments?post=342"}],"version-history":[{"count":5,"href":"https:\/\/www.address4.com\/pt-br\/wp-json\/wp\/v2\/pages\/342\/revisions"}],"predecessor-version":[{"id":3717,"href":"https:\/\/www.address4.com\/pt-br\/wp-json\/wp\/v2\/pages\/342\/revisions\/3717"}],"up":[{"embeddable":true,"href":"https:\/\/www.address4.com\/pt-br\/wp-json\/wp\/v2\/pages\/948"}],"wp:attachment":[{"href":"https:\/\/www.address4.com\/pt-br\/wp-json\/wp\/v2\/media?parent=342"}],"curies":[{"name":"wp","href":"https:\/\/api.w.org\/{rel}","templated":true}]}}