{"id":3308,"date":"2021-03-02T11:38:33","date_gmt":"2021-03-02T10:38:33","guid":{"rendered":"https:\/\/www.address4.com\/?page_id=3308"},"modified":"2021-03-02T11:48:34","modified_gmt":"2021-03-02T10:48:34","slug":"conversao-idiomas-area","status":"publish","type":"page","link":"https:\/\/www.address4.com\/pt-br\/servicos\/validacao-endereco-internacional\/conversao-idiomas-area","title":{"rendered":"Convers\u00e3o de Idioma por \u00c1rea"},"content":{"rendered":"[vc_row wrapper=&#8221;true&#8221; holder_set_margin=&#8221;true&#8221; holder_margin=&#8221;u-margin-bottom&#8221;][vc_column]<div class=\"c-heading\"><h1 class=\" u-h1 u-text-center\">Convers\u00e3o de Idioma por \u00c1rea<\/h1><\/div><div class=\"c-heading\"><h3 class=\" u-h3 u-text-normal u-text-center\">Valida\u00e7\u00e3o de endere\u00e7o com a escolha de idioma e formato<\/h3><\/div>[\/vc_column][\/vc_row][vc_row wrapper=&#8221;true&#8221; holder_set_margin=&#8221;true&#8221; holder_margin=&#8221;u-margin-bottom&#8221;][vc_column width=&#8221;5\/12&#8243;]<div class=\"c-image\"><img loading=\"lazy\" decoding=\"async\" width=\"500\" height=\"333\" src=\"https:\/\/www.address4.com\/wp-content\/uploads\/2018\/03\/area_conversion_languages.jpg\" class=\" u-margin-bottom aligncenter\" alt=\"\" srcset=\"https:\/\/www.address4.com\/wp-content\/uploads\/2018\/03\/area_conversion_languages.jpg 500w, https:\/\/www.address4.com\/wp-content\/uploads\/2018\/03\/area_conversion_languages-300x200.jpg 300w\" sizes=\"auto, (max-width: 500px) 100vw, 500px\" \/><\/div>[\/vc_column][vc_column width=&#8221;7\/12&#8243;]<div class=\"c-heading\"><h3>Endere\u00e7os validados e traduzidos em apenas 1 clique<\/h3><\/div>[vc_column_text]Com o recurso de<strong> convers\u00e3o de idioma por \u00e1rea<\/strong>, voc\u00ea pode selecionar o idioma de destino do pa\u00eds de refer\u00eancia a partir das op\u00e7\u00f5es dispon\u00edveis. O endere\u00e7o final \u00e9 traduzido em tempo real para ingl\u00eas, franc\u00eas, alem\u00e3o, russo e dezenas de outras l\u00ednguas, dependendo das suas necessidades, depois de ter sido verificado, corrigido, completado e validado.<\/p>\n<p>Ao inserir o endere\u00e7o que voc\u00ea deseja validar e selecionar os campos, voc\u00ea pode experimentar o recurso de <strong>convers\u00e3o de idioma por \u00e1rea<\/strong> diretamente online; sem obriga\u00e7\u00e3o e sem precisar se registrar.[\/vc_column_text]<a class=\"c-button u-margin-right u-margin-bottom c-button--primary  c-button--ghost\" href=\"https:\/\/www.address4.com\/free-address-validation-services\">Inscrever-se<\/a><a class=\"c-button u-margin-bottom c-button--primary  c-button--ghost\" href=\"https:\/\/www.address4.com\/services\/address-validation\/batch-address-validation\">Carregar um arquivo<\/a>[\/vc_column][\/vc_row][vc_row][vc_column]<div class=\"templatera_shortcode\"><div class=\"o-holder u-background-light u-margin-bottom-large u-padding-vertical-large\"><div class=\" o-wrapper\"><div class=\"grid-1\"><div class=\"col _lap-and-up-8\" ><div class=\"c-heading\"><h3>N\u00e3o perca \u201cRedu\u00e7\u00e3o de Custos & Valida\u00e7\u00e3o de Endere\u00e7o\u201d<\/h3><\/div><div class=\"c-heading\"><h3>Fa\u00e7a o DOWNLOAD do seu eBook GRATUITAMENTE e descubra como melhorar a qualidade dos seus dados<\/h3><\/div><div class=\"c-text-block\"><p>Guia completo com os benef\u00edcios econ\u00f4micos da valida\u00e7\u00e3o<\/p>\n <\/div><a class=\"c-button c-button--secondary\" href=\"https:\/\/www.address4.com\/ebook-1\">Fazer download do eBook<\/a><\/div><div class=\"col _lap-and-up-4\" ><div class=\"c-image\"><a href=\"https:\/\/www.address4.com\/ebook-1\"><img loading=\"lazy\" decoding=\"async\" width=\"205\" height=\"286\" src=\"https:\/\/www.address4.com\/wp-content\/uploads\/2018\/03\/ebook-address-validation-cost-saving-S.png\" class=\" alignone\" alt=\"ebook-address-validation-cost-saving-S\" \/><\/a><\/div><\/div>\n<\/div><\/div><\/div><\/div>[\/vc_column][\/vc_row][vc_row wrapper=&#8221;true&#8221; holder_set_margin=&#8221;true&#8221; holder_margin=&#8221;u-margin-bottom-large&#8221;][vc_column width=&#8221;5\/12&#8243;]<div class=\"c-image\"><img loading=\"lazy\" decoding=\"async\" width=\"419\" height=\"280\" src=\"https:\/\/www.address4.com\/wp-content\/uploads\/2018\/03\/Area_Conversion_Language.jpg\" class=\" aligncenter\" alt=\"\" srcset=\"https:\/\/www.address4.com\/wp-content\/uploads\/2018\/03\/Area_Conversion_Language.jpg 419w, https:\/\/www.address4.com\/wp-content\/uploads\/2018\/03\/Area_Conversion_Language-300x200.jpg 300w\" sizes=\"auto, (max-width: 419px) 100vw, 419px\" \/><\/div>[\/vc_column][vc_column width=&#8221;7\/12&#8243;]<div class=\"c-heading\"><h3>Idioma, formato e recursos de endere\u00e7os validados<\/h3><\/div>[vc_column_text]Ao usar o servi\u00e7o de convers\u00e3o de idioma por \u00e1rea desenvolvido pelo Address 4, voc\u00ea poder\u00e1 validar endere\u00e7os postais e ao mesmo tempo convert\u00ea-los para o idioma e formato que desejar. O usu\u00e1rio pode escolher o idioma para o qual deseja traduzir os endere\u00e7os validados, obtendo assim um arquivo de sa\u00edda com dados n\u00e3o apenas verificados, corrigidos e completos, mas j\u00e1 traduzidos para o idioma de destino.<\/p>\n<p>Voc\u00ea tamb\u00e9m pode escolher o formato, bem como o idioma. Al\u00e9m do formato de endere\u00e7o postal do pa\u00eds de destino, o formato tamb\u00e9m inclui a ado\u00e7\u00e3o do modelo de escrita preferencial entre o roteiro nativo (escrito na forma nativa do pa\u00eds de destino), o roteiro latino (caracteres latinos) e o roteiro transliterado (transposi\u00e7\u00e3o dos grafemas de um sistema de escrita para os grafemas de outro sistema).<\/p>\n<p>O servi\u00e7o do Address 4 de convers\u00e3o de idioma por \u00e1rea tamb\u00e9m pode exibir os v\u00e1rios formul\u00e1rios (nativo, latino ou transliterado) em letras min\u00fasculas, todas em caixa alta, ou s\u00f3 com mai\u00fasculas (primeira letra da palavra), todos online ou em lote para arquivos contendo at\u00e9 milhares de endere\u00e7os postais.[\/vc_column_text][\/vc_column][\/vc_row][vc_row][vc_column]<div class=\"templatera_shortcode\"><div class=\"o-holder u-background-light u-margin-bottom-large u-padding-vertical-large\"><div class=\"grid-1\"><div class=\"col _lap-and-up-12\" ><div class=\"c-heading\"><h3 class=\" u-h2 u-text-center\">Inicie o seu Teste Gr\u00e1tis do Address4<\/h3><\/div><div class=\"c-button-holder c-button-holder--center\"><a class=\"c-button c-button--center u-margin-bottom c-button--secondary\" href=\"https:\/\/www.address4.com\/free-address-validation-services\">Inscrever-se<\/a><\/div><div class=\"c-heading\"><h3 class=\" u-text-center\">Sem custo, sem obriga\u00e7\u00e3o, m\u00e1xima satisfa\u00e7\u00e3o<\/h3><\/div><\/div>\n<\/div><\/div><\/div>[\/vc_column][\/vc_row][vc_row wrapper=&#8221;true&#8221; holder_set_padding=&#8221;true&#8221; holder_padding=&#8221;u-padding-vertical&#8221;][vc_column width=&#8221;1\/3&#8243;]<div class=\"c-mediabox u-margin-bottom\">\n<div class=\" o-media\">\n<div class=\"o-media__img\">\n<div class=\"ico-wrap ico-wrap--center\"><i class=\"ico ico--xl fal fa-comment-alt\"><\/i><\/div>\n<\/div>\n<div class=\"o-media__body\">\n<h4>Convers\u00e3o de idioma<\/h4>\n<p>O Address 4 valida endere\u00e7os postais no arquivo de entrada e os traduz para o idioma do pa\u00eds de destino<\/p>\n<\/div>\n<\/div>\n<\/div>\n[\/vc_column][vc_column width=&#8221;1\/3&#8243;]<div class=\"c-mediabox u-margin-bottom\">\n<div class=\" o-media\">\n<div class=\"o-media__img\">\n<div class=\"ico-wrap ico-wrap--center\"><i class=\"ico ico--xl fal fa-map-signs\"><\/i><\/div>\n<\/div>\n<div class=\"o-media__body\">\n<h4>Escolha de formato<\/h4>\n<p>A convers\u00e3o de idioma por \u00e1rea permite que voc\u00ea escolha entre roteiro nativo, Latim ou transliterado<\/p>\n<\/div>\n<\/div>\n<\/div>\n[\/vc_column][vc_column width=&#8221;1\/3&#8243;]<div class=\"c-mediabox u-margin-bottom\">\n<div class=\" o-media\">\n<div class=\"o-media__img\">\n<div class=\"ico-wrap ico-wrap--center\"><i class=\"ico ico--xl far fa-font\"><\/i><\/div>\n<\/div>\n<div class=\"o-media__body\">\n<h4>Tipos de letras<\/h4>\n<p>Os endere\u00e7os postais validados s\u00e3o exibidos no arquivo de sa\u00edda em letras min\u00fasculas, todas em caixa alta ou letras mai\u00fasculas<\/p>\n<\/div>\n<\/div>\n<\/div>\n[\/vc_column][\/vc_row][vc_row][vc_column][\/vc_column][\/vc_row]\n","protected":false},"excerpt":{"rendered":"The Latest From Our Blog","protected":false},"author":1,"featured_media":0,"parent":342,"menu_order":0,"comment_status":"closed","ping_status":"closed","template":"templates\/template-fullwidth.php","meta":{"footnotes":""},"class_list":["post-3308","page","type-page","status-publish","hentry"],"yoast_head":"<!-- This site is optimized with the Yoast SEO plugin v26.8 - https:\/\/yoast.com\/product\/yoast-seo-wordpress\/ -->\n<title>Servi\u00e7o online avan\u00e7ado de convers\u00e3o de idioma por \u00e1rea \u2013 Address4<\/title>\n<meta name=\"description\" content=\"O Address 4 oferece uma gama completa de recursos para validar endere\u00e7os postais, incluindo convers\u00e3o de idioma por \u00e1rea. Teste a demo gratuita!\" \/>\n<meta name=\"robots\" content=\"index, follow, max-snippet:-1, max-image-preview:large, max-video-preview:-1\" \/>\n<link rel=\"canonical\" href=\"https:\/\/www.address4.com\/pt-br\/servicos\/validacao-endereco-internacional\/conversao-idiomas-area\" \/>\n<meta property=\"og:locale\" content=\"pt_BR\" \/>\n<meta property=\"og:type\" content=\"article\" \/>\n<meta property=\"og:title\" content=\"Servi\u00e7o online avan\u00e7ado de convers\u00e3o de idioma por \u00e1rea \u2013 Address4\" \/>\n<meta property=\"og:description\" content=\"O Address 4 oferece uma gama completa de recursos para validar endere\u00e7os postais, incluindo convers\u00e3o de idioma por \u00e1rea. Teste a demo gratuita!\" \/>\n<meta property=\"og:url\" content=\"https:\/\/www.address4.com\/pt-br\/servicos\/validacao-endereco-internacional\/conversao-idiomas-area\" \/>\n<meta property=\"og:site_name\" content=\"Address 4\" \/>\n<meta property=\"article:modified_time\" content=\"2021-03-02T10:48:34+00:00\" \/>\n<meta name=\"twitter:card\" content=\"summary_large_image\" \/>\n<meta name=\"twitter:label1\" content=\"Est. tempo de leitura\" \/>\n\t<meta name=\"twitter:data1\" content=\"2 minutos\" \/>\n<script type=\"application\/ld+json\" class=\"yoast-schema-graph\">{\"@context\":\"https:\/\/schema.org\",\"@graph\":[{\"@type\":\"WebPage\",\"@id\":\"https:\/\/www.address4.com\/pt-br\/servicos\/validacao-endereco-internacional\/conversao-idiomas-area\",\"url\":\"https:\/\/www.address4.com\/pt-br\/servicos\/validacao-endereco-internacional\/conversao-idiomas-area\",\"name\":\"Servi\u00e7o online avan\u00e7ado de convers\u00e3o de idioma por \u00e1rea \u2013 Address4\",\"isPartOf\":{\"@id\":\"https:\/\/www.address4.com\/#website\"},\"datePublished\":\"2021-03-02T10:38:33+00:00\",\"dateModified\":\"2021-03-02T10:48:34+00:00\",\"description\":\"O Address 4 oferece uma gama completa de recursos para validar endere\u00e7os postais, incluindo convers\u00e3o de idioma por \u00e1rea. Teste a demo gratuita!\",\"breadcrumb\":{\"@id\":\"https:\/\/www.address4.com\/pt-br\/servicos\/validacao-endereco-internacional\/conversao-idiomas-area#breadcrumb\"},\"inLanguage\":\"pt-BR\",\"potentialAction\":[{\"@type\":\"ReadAction\",\"target\":[\"https:\/\/www.address4.com\/pt-br\/servicos\/validacao-endereco-internacional\/conversao-idiomas-area\"]}]},{\"@type\":\"BreadcrumbList\",\"@id\":\"https:\/\/www.address4.com\/pt-br\/servicos\/validacao-endereco-internacional\/conversao-idiomas-area#breadcrumb\",\"itemListElement\":[{\"@type\":\"ListItem\",\"position\":1,\"name\":\"Home\",\"item\":\"https:\/\/www.address4.com\/pt-br\"},{\"@type\":\"ListItem\",\"position\":2,\"name\":\"Servicos\",\"item\":\"https:\/\/www.address4.com\/pt-br\/servicos\"},{\"@type\":\"ListItem\",\"position\":3,\"name\":\"Valida\u00e7\u00e3o de Endere\u00e7o\",\"item\":\"https:\/\/www.address4.com\/pt-br\/servicos\/validacao-endereco-internacional\"},{\"@type\":\"ListItem\",\"position\":4,\"name\":\"Convers\u00e3o de Idioma por \u00c1rea\"}]},{\"@type\":\"WebSite\",\"@id\":\"https:\/\/www.address4.com\/#website\",\"url\":\"https:\/\/www.address4.com\/\",\"name\":\"Address 4\",\"description\":\"Address Verification Service For Your Business\",\"potentialAction\":[{\"@type\":\"SearchAction\",\"target\":{\"@type\":\"EntryPoint\",\"urlTemplate\":\"https:\/\/www.address4.com\/?s={search_term_string}\"},\"query-input\":{\"@type\":\"PropertyValueSpecification\",\"valueRequired\":true,\"valueName\":\"search_term_string\"}}],\"inLanguage\":\"pt-BR\"}]}<\/script>\n<!-- \/ Yoast SEO plugin. -->","yoast_head_json":{"title":"Servi\u00e7o online avan\u00e7ado de convers\u00e3o de idioma por \u00e1rea \u2013 Address4","description":"O Address 4 oferece uma gama completa de recursos para validar endere\u00e7os postais, incluindo convers\u00e3o de idioma por \u00e1rea. Teste a demo gratuita!","robots":{"index":"index","follow":"follow","max-snippet":"max-snippet:-1","max-image-preview":"max-image-preview:large","max-video-preview":"max-video-preview:-1"},"canonical":"https:\/\/www.address4.com\/pt-br\/servicos\/validacao-endereco-internacional\/conversao-idiomas-area","og_locale":"pt_BR","og_type":"article","og_title":"Servi\u00e7o online avan\u00e7ado de convers\u00e3o de idioma por \u00e1rea \u2013 Address4","og_description":"O Address 4 oferece uma gama completa de recursos para validar endere\u00e7os postais, incluindo convers\u00e3o de idioma por \u00e1rea. Teste a demo gratuita!","og_url":"https:\/\/www.address4.com\/pt-br\/servicos\/validacao-endereco-internacional\/conversao-idiomas-area","og_site_name":"Address 4","article_modified_time":"2021-03-02T10:48:34+00:00","twitter_card":"summary_large_image","twitter_misc":{"Est. tempo de leitura":"2 minutos"},"schema":{"@context":"https:\/\/schema.org","@graph":[{"@type":"WebPage","@id":"https:\/\/www.address4.com\/pt-br\/servicos\/validacao-endereco-internacional\/conversao-idiomas-area","url":"https:\/\/www.address4.com\/pt-br\/servicos\/validacao-endereco-internacional\/conversao-idiomas-area","name":"Servi\u00e7o online avan\u00e7ado de convers\u00e3o de idioma por \u00e1rea \u2013 Address4","isPartOf":{"@id":"https:\/\/www.address4.com\/#website"},"datePublished":"2021-03-02T10:38:33+00:00","dateModified":"2021-03-02T10:48:34+00:00","description":"O Address 4 oferece uma gama completa de recursos para validar endere\u00e7os postais, incluindo convers\u00e3o de idioma por \u00e1rea. Teste a demo gratuita!","breadcrumb":{"@id":"https:\/\/www.address4.com\/pt-br\/servicos\/validacao-endereco-internacional\/conversao-idiomas-area#breadcrumb"},"inLanguage":"pt-BR","potentialAction":[{"@type":"ReadAction","target":["https:\/\/www.address4.com\/pt-br\/servicos\/validacao-endereco-internacional\/conversao-idiomas-area"]}]},{"@type":"BreadcrumbList","@id":"https:\/\/www.address4.com\/pt-br\/servicos\/validacao-endereco-internacional\/conversao-idiomas-area#breadcrumb","itemListElement":[{"@type":"ListItem","position":1,"name":"Home","item":"https:\/\/www.address4.com\/pt-br"},{"@type":"ListItem","position":2,"name":"Servicos","item":"https:\/\/www.address4.com\/pt-br\/servicos"},{"@type":"ListItem","position":3,"name":"Valida\u00e7\u00e3o de Endere\u00e7o","item":"https:\/\/www.address4.com\/pt-br\/servicos\/validacao-endereco-internacional"},{"@type":"ListItem","position":4,"name":"Convers\u00e3o de Idioma por \u00c1rea"}]},{"@type":"WebSite","@id":"https:\/\/www.address4.com\/#website","url":"https:\/\/www.address4.com\/","name":"Address 4","description":"Address Verification Service For Your Business","potentialAction":[{"@type":"SearchAction","target":{"@type":"EntryPoint","urlTemplate":"https:\/\/www.address4.com\/?s={search_term_string}"},"query-input":{"@type":"PropertyValueSpecification","valueRequired":true,"valueName":"search_term_string"}}],"inLanguage":"pt-BR"}]}},"_links":{"self":[{"href":"https:\/\/www.address4.com\/pt-br\/wp-json\/wp\/v2\/pages\/3308","targetHints":{"allow":["GET"]}}],"collection":[{"href":"https:\/\/www.address4.com\/pt-br\/wp-json\/wp\/v2\/pages"}],"about":[{"href":"https:\/\/www.address4.com\/pt-br\/wp-json\/wp\/v2\/types\/page"}],"author":[{"embeddable":true,"href":"https:\/\/www.address4.com\/pt-br\/wp-json\/wp\/v2\/users\/1"}],"replies":[{"embeddable":true,"href":"https:\/\/www.address4.com\/pt-br\/wp-json\/wp\/v2\/comments?post=3308"}],"version-history":[{"count":4,"href":"https:\/\/www.address4.com\/pt-br\/wp-json\/wp\/v2\/pages\/3308\/revisions"}],"predecessor-version":[{"id":3312,"href":"https:\/\/www.address4.com\/pt-br\/wp-json\/wp\/v2\/pages\/3308\/revisions\/3312"}],"up":[{"embeddable":true,"href":"https:\/\/www.address4.com\/pt-br\/wp-json\/wp\/v2\/pages\/342"}],"wp:attachment":[{"href":"https:\/\/www.address4.com\/pt-br\/wp-json\/wp\/v2\/media?parent=3308"}],"curies":[{"name":"wp","href":"https:\/\/api.w.org\/{rel}","templated":true}]}}