{"id":3292,"date":"2021-03-02T10:26:07","date_gmt":"2021-03-02T09:26:07","guid":{"rendered":"https:\/\/www.address4.com\/?page_id=3292"},"modified":"2021-03-02T10:48:29","modified_gmt":"2021-03-02T09:48:29","slug":"formato-endereco-postal-internacional","status":"publish","type":"page","link":"https:\/\/www.address4.com\/pt-br\/servicos\/validacao-endereco-internacional\/formato-endereco-postal-internacional","title":{"rendered":"Formato de Endere\u00e7o Postal Internacional"},"content":{"rendered":"[vc_row wrapper=&#8221;true&#8221; holder_set_margin=&#8221;true&#8221; holder_margin=&#8221;u-margin-bottom&#8221;][vc_column]<div class=\"c-heading\"><h1 class=\" u-h1 u-text-center\">Formato de Endere\u00e7o Postal Internacional<\/h1><\/div><div class=\"c-heading\"><h3 class=\" u-h3 u-text-normal u-text-center\">Valida\u00e7\u00e3o de endere\u00e7o para obter o formato postal de sa\u00edda correto, verificado e consistente com o modelo adotado no pa\u00eds escolhido.<\/h3><\/div>[\/vc_column][\/vc_row][vc_row wrapper=&#8221;true&#8221; holder_set_margin=&#8221;true&#8221; holder_margin=&#8221;u-margin-bottom&#8221;][vc_column width=&#8221;5\/12&#8243;]<div class=\"c-image\"><img loading=\"lazy\" decoding=\"async\" width=\"500\" height=\"313\" src=\"https:\/\/www.address4.com\/wp-content\/uploads\/2018\/03\/International_Postal_Address_Format.jpg\" class=\" u-margin-bottom aligncenter\" alt=\"International Address Format\" srcset=\"https:\/\/www.address4.com\/wp-content\/uploads\/2018\/03\/International_Postal_Address_Format.jpg 500w, https:\/\/www.address4.com\/wp-content\/uploads\/2018\/03\/International_Postal_Address_Format-300x188.jpg 300w\" sizes=\"auto, (max-width: 500px) 100vw, 500px\" \/><\/div>[\/vc_column][vc_column width=&#8221;7\/12&#8243;]<div class=\"c-heading\"><h3>Obter um formato de endere\u00e7o postal validado<\/h3><\/div>[vc_column_text]Os endere\u00e7os validados nem sempre s\u00e3o formatados para o envio. Isso requer um software espec\u00edfico, capaz de validar o endere\u00e7o no formato postal do pa\u00eds em quest\u00e3o. O Address 4 fornece o suporte necess\u00e1rio para todas as fun\u00e7\u00f5es de envio e entrega.<\/p>\n<p>A vers\u00e3o de teste do nosso servi\u00e7o est\u00e1 dispon\u00edvel online gratuitamente, sem necessidade de registro pr\u00e9vio. Para test\u00e1-la gratuitamente, basta preencher o formul\u00e1rio com os dados necess\u00e1rios para obter um formato validado pronto para o uso.[\/vc_column_text]<a class=\"c-button u-margin-right u-margin-bottom c-button--secondary\" href=\"https:\/\/www.address4.com\/free-address-validation-services\">Inscrever-se<\/a><a class=\"c-button c-button--secondary\" href=\"https:\/\/www.address4.com\/services\/address-validation\/batch-address-validation\">Carregar um arquivo<\/a>[\/vc_column][\/vc_row][vc_row][vc_column]<div class=\"templatera_shortcode\"><div class=\"o-holder u-background-light u-margin-bottom-large u-padding-vertical-large\"><div class=\" o-wrapper\"><div class=\"grid-1\"><div class=\"col _lap-and-up-8\" ><div class=\"c-heading\"><h3>N\u00e3o perca \u201cRedu\u00e7\u00e3o de Custos & Valida\u00e7\u00e3o de Endere\u00e7o\u201d<\/h3><\/div><div class=\"c-heading\"><h3>Fa\u00e7a o DOWNLOAD do seu eBook GRATUITAMENTE e descubra como melhorar a qualidade dos seus dados<\/h3><\/div><div class=\"c-text-block\"><p>Guia completo com os benef\u00edcios econ\u00f4micos da valida\u00e7\u00e3o<\/p>\n <\/div><a class=\"c-button c-button--secondary\" href=\"https:\/\/www.address4.com\/ebook-1\">Fazer download do eBook<\/a><\/div><div class=\"col _lap-and-up-4\" ><div class=\"c-image\"><a href=\"https:\/\/www.address4.com\/ebook-1\"><img loading=\"lazy\" decoding=\"async\" width=\"205\" height=\"286\" src=\"https:\/\/www.address4.com\/wp-content\/uploads\/2018\/03\/ebook-address-validation-cost-saving-S.png\" class=\" alignone\" alt=\"ebook-address-validation-cost-saving-S\" \/><\/a><\/div><\/div>\n<\/div><\/div><\/div><\/div>[\/vc_column][\/vc_row][vc_row wrapper=&#8221;true&#8221; holder_set_margin=&#8221;true&#8221; holder_margin=&#8221;u-margin-bottom-large&#8221;][vc_column width=&#8221;1\/2&#8243;]<div class=\"c-image\"><img loading=\"lazy\" decoding=\"async\" width=\"400\" height=\"473\" src=\"https:\/\/www.address4.com\/wp-content\/uploads\/2018\/03\/international_address_validation.jpg\" class=\" u-margin-bottom alignone\" alt=\"\" srcset=\"https:\/\/www.address4.com\/wp-content\/uploads\/2018\/03\/international_address_validation.jpg 400w, https:\/\/www.address4.com\/wp-content\/uploads\/2018\/03\/international_address_validation-254x300.jpg 254w\" sizes=\"auto, (max-width: 400px) 100vw, 400px\" \/><\/div>[\/vc_column][vc_column width=&#8221;1\/2&#8243;]<div class=\"c-heading\"><h3>Validar o endere\u00e7o diretamente no formato postal correto<\/h3><\/div>[vc_column_text]Ser capaz de validar endere\u00e7os internacionais no formato postal do pa\u00eds alvo, reduz o tempo de processamento da ordem e aumenta as porcentagens de entregas bem-sucedidas. O objetivo do Address4 \u00e9 auxiliar os usu\u00e1rios com valida\u00e7\u00e3o e formata\u00e7\u00e3o online do endere\u00e7o inserido com uma interface gr\u00e1fica amig\u00e1vel.<\/p>\n<p>Os dados inseridos s\u00e3o verificados, completados e corrigidos diretamente online ou em lotes. Em alguns segundos, o software analisa o arquivo enviado e valida os endere\u00e7os, retornando um arquivo de sa\u00edda correspondente com a lista completa de endere\u00e7os validados convertidos no formato postal necess\u00e1rio para o envio.[\/vc_column_text][\/vc_column][\/vc_row][vc_row][vc_column]<div class=\"templatera_shortcode\"><div class=\"o-holder u-background-light u-margin-bottom-large u-padding-vertical-large\"><div class=\"grid-1\"><div class=\"col _lap-and-up-12\" ><div class=\"c-heading\"><h3 class=\" u-h2 u-text-center\">Inicie o seu Teste Gr\u00e1tis do Address4<\/h3><\/div><div class=\"c-button-holder c-button-holder--center\"><a class=\"c-button c-button--center u-margin-bottom c-button--secondary\" href=\"https:\/\/www.address4.com\/free-address-validation-services\">Inscrever-se<\/a><\/div><div class=\"c-heading\"><h3 class=\" u-text-center\">Sem custo, sem obriga\u00e7\u00e3o, m\u00e1xima satisfa\u00e7\u00e3o<\/h3><\/div><\/div>\n<\/div><\/div><\/div>[\/vc_column][\/vc_row][vc_row wrapper=&#8221;true&#8221; holder_set_margin=&#8221;true&#8221; holder_margin=&#8221;u-margin-bottom-large&#8221;][vc_column width=&#8221;1\/3&#8243;]<div class=\"c-mediabox u-margin-bottom\">\n<div class=\" o-media\">\n<div class=\"o-media__img\">\n<div class=\"ico-wrap ico-wrap--center\"><i class=\"ico ico--xl fal fa-thumbs-up\"><\/i><\/div>\n<\/div>\n<div class=\"o-media__body\">\n<div class=\"span4 widget-span widget-type-rich_text \" data-widget-type=\"rich_text\" data-x=\"0\" data-w=\"4\">\n<div class=\"cell-wrapper layout-widget-wrapper\">\n<h4>Formato Validato<\/h4>\n<p>O Address 4 fornece endere\u00e7os \u00fanicos ou um lote de endere\u00e7os validados no formato necess\u00e1rio para o envio\n<\/p><\/div>\n<\/div>\n<div class=\"span4 widget-span widget-type-rich_text \" data-widget-type=\"rich_text\" data-x=\"4\" data-w=\"4\">\n<div class=\"cell-wrapper layout-widget-wrapper\"><\/div>\n<\/div>\n<\/div>\n<\/div>\n<\/div>\n[\/vc_column][vc_column width=&#8221;1\/3&#8243;]<div class=\"c-mediabox u-margin-bottom\">\n<div class=\" o-media\">\n<div class=\"o-media__img\">\n<div class=\"ico-wrap ico-wrap--center\"><i class=\"ico ico--xl fal fa-bullseye\"><\/i><\/div>\n<\/div>\n<div class=\"o-media__body\">\n<h4>Envios seguros<\/h4>\n<p>Ao usar endere\u00e7os validados e formatados de acordo com o pa\u00eds, voc\u00ea economiza tempo e recursos<\/p>\n<\/div>\n<\/div>\n<\/div>\n[\/vc_column][vc_column width=&#8221;1\/3&#8243;]<div class=\"c-mediabox u-margin-bottom\">\n<div class=\" o-media\">\n<div class=\"o-media__img\">\n<div class=\"ico-wrap ico-wrap--center\"><i class=\"ico ico--xl fal fa-calendar-alt\"><\/i><\/div>\n<\/div>\n<div class=\"o-media__body\">\n<h4>365 dias por ano<\/h4>\n<p>O servi\u00e7o online do Address 4 est\u00e1 dispon\u00edvel 24 horas por dia, 7 dias da semana, sem precisa instalar programas adicionais<\/p>\n<\/div>\n<\/div>\n<\/div>\n[\/vc_column][\/vc_row][vc_row][vc_column][\/vc_column][\/vc_row]\n","protected":false},"excerpt":{"rendered":"The Latest From Our Blog","protected":false},"author":1,"featured_media":0,"parent":342,"menu_order":0,"comment_status":"closed","ping_status":"closed","template":"templates\/template-fullwidth.php","meta":{"footnotes":""},"class_list":["post-3292","page","type-page","status-publish","hentry"],"yoast_head":"<!-- This site is optimized with the Yoast SEO plugin v26.8 - https:\/\/yoast.com\/product\/yoast-seo-wordpress\/ -->\n<title>Formato de Endere\u00e7o Postal Internacional - Address4<\/title>\n<meta name=\"description\" content=\"O servi\u00e7o de valida\u00e7\u00e3o de endere\u00e7o do Address 4 valida o endere\u00e7o diretamente no formato necess\u00e1rio para o envio. Pe\u00e7a-o j\u00e1!\" \/>\n<meta name=\"robots\" content=\"index, follow, max-snippet:-1, max-image-preview:large, max-video-preview:-1\" \/>\n<link rel=\"canonical\" href=\"https:\/\/www.address4.com\/pt-br\/servicos\/validacao-endereco-internacional\/formato-endereco-postal-internacional\" \/>\n<meta property=\"og:locale\" content=\"pt_BR\" \/>\n<meta property=\"og:type\" content=\"article\" \/>\n<meta property=\"og:title\" content=\"Formato de Endere\u00e7o Postal Internacional - Address4\" \/>\n<meta property=\"og:description\" content=\"O servi\u00e7o de valida\u00e7\u00e3o de endere\u00e7o do Address 4 valida o endere\u00e7o diretamente no formato necess\u00e1rio para o envio. Pe\u00e7a-o j\u00e1!\" \/>\n<meta property=\"og:url\" content=\"https:\/\/www.address4.com\/pt-br\/servicos\/validacao-endereco-internacional\/formato-endereco-postal-internacional\" \/>\n<meta property=\"og:site_name\" content=\"Address 4\" \/>\n<meta property=\"article:modified_time\" content=\"2021-03-02T09:48:29+00:00\" \/>\n<meta name=\"twitter:card\" content=\"summary_large_image\" \/>\n<meta name=\"twitter:label1\" content=\"Est. tempo de leitura\" \/>\n\t<meta name=\"twitter:data1\" content=\"2 minutos\" \/>\n<script type=\"application\/ld+json\" class=\"yoast-schema-graph\">{\"@context\":\"https:\/\/schema.org\",\"@graph\":[{\"@type\":\"WebPage\",\"@id\":\"https:\/\/www.address4.com\/pt-br\/servicos\/validacao-endereco-internacional\/formato-endereco-postal-internacional\",\"url\":\"https:\/\/www.address4.com\/pt-br\/servicos\/validacao-endereco-internacional\/formato-endereco-postal-internacional\",\"name\":\"Formato de Endere\u00e7o Postal Internacional - Address4\",\"isPartOf\":{\"@id\":\"https:\/\/www.address4.com\/#website\"},\"datePublished\":\"2021-03-02T09:26:07+00:00\",\"dateModified\":\"2021-03-02T09:48:29+00:00\",\"description\":\"O servi\u00e7o de valida\u00e7\u00e3o de endere\u00e7o do Address 4 valida o endere\u00e7o diretamente no formato necess\u00e1rio para o envio. Pe\u00e7a-o j\u00e1!\",\"breadcrumb\":{\"@id\":\"https:\/\/www.address4.com\/pt-br\/servicos\/validacao-endereco-internacional\/formato-endereco-postal-internacional#breadcrumb\"},\"inLanguage\":\"pt-BR\",\"potentialAction\":[{\"@type\":\"ReadAction\",\"target\":[\"https:\/\/www.address4.com\/pt-br\/servicos\/validacao-endereco-internacional\/formato-endereco-postal-internacional\"]}]},{\"@type\":\"BreadcrumbList\",\"@id\":\"https:\/\/www.address4.com\/pt-br\/servicos\/validacao-endereco-internacional\/formato-endereco-postal-internacional#breadcrumb\",\"itemListElement\":[{\"@type\":\"ListItem\",\"position\":1,\"name\":\"Home\",\"item\":\"https:\/\/www.address4.com\/pt-br\"},{\"@type\":\"ListItem\",\"position\":2,\"name\":\"Servicos\",\"item\":\"https:\/\/www.address4.com\/pt-br\/servicos\"},{\"@type\":\"ListItem\",\"position\":3,\"name\":\"Valida\u00e7\u00e3o de Endere\u00e7o\",\"item\":\"https:\/\/www.address4.com\/pt-br\/servicos\/validacao-endereco-internacional\"},{\"@type\":\"ListItem\",\"position\":4,\"name\":\"Formato de Endere\u00e7o Postal Internacional\"}]},{\"@type\":\"WebSite\",\"@id\":\"https:\/\/www.address4.com\/#website\",\"url\":\"https:\/\/www.address4.com\/\",\"name\":\"Address 4\",\"description\":\"Address Verification Service For Your Business\",\"potentialAction\":[{\"@type\":\"SearchAction\",\"target\":{\"@type\":\"EntryPoint\",\"urlTemplate\":\"https:\/\/www.address4.com\/?s={search_term_string}\"},\"query-input\":{\"@type\":\"PropertyValueSpecification\",\"valueRequired\":true,\"valueName\":\"search_term_string\"}}],\"inLanguage\":\"pt-BR\"}]}<\/script>\n<!-- \/ Yoast SEO plugin. -->","yoast_head_json":{"title":"Formato de Endere\u00e7o Postal Internacional - Address4","description":"O servi\u00e7o de valida\u00e7\u00e3o de endere\u00e7o do Address 4 valida o endere\u00e7o diretamente no formato necess\u00e1rio para o envio. Pe\u00e7a-o j\u00e1!","robots":{"index":"index","follow":"follow","max-snippet":"max-snippet:-1","max-image-preview":"max-image-preview:large","max-video-preview":"max-video-preview:-1"},"canonical":"https:\/\/www.address4.com\/pt-br\/servicos\/validacao-endereco-internacional\/formato-endereco-postal-internacional","og_locale":"pt_BR","og_type":"article","og_title":"Formato de Endere\u00e7o Postal Internacional - Address4","og_description":"O servi\u00e7o de valida\u00e7\u00e3o de endere\u00e7o do Address 4 valida o endere\u00e7o diretamente no formato necess\u00e1rio para o envio. Pe\u00e7a-o j\u00e1!","og_url":"https:\/\/www.address4.com\/pt-br\/servicos\/validacao-endereco-internacional\/formato-endereco-postal-internacional","og_site_name":"Address 4","article_modified_time":"2021-03-02T09:48:29+00:00","twitter_card":"summary_large_image","twitter_misc":{"Est. tempo de leitura":"2 minutos"},"schema":{"@context":"https:\/\/schema.org","@graph":[{"@type":"WebPage","@id":"https:\/\/www.address4.com\/pt-br\/servicos\/validacao-endereco-internacional\/formato-endereco-postal-internacional","url":"https:\/\/www.address4.com\/pt-br\/servicos\/validacao-endereco-internacional\/formato-endereco-postal-internacional","name":"Formato de Endere\u00e7o Postal Internacional - Address4","isPartOf":{"@id":"https:\/\/www.address4.com\/#website"},"datePublished":"2021-03-02T09:26:07+00:00","dateModified":"2021-03-02T09:48:29+00:00","description":"O servi\u00e7o de valida\u00e7\u00e3o de endere\u00e7o do Address 4 valida o endere\u00e7o diretamente no formato necess\u00e1rio para o envio. Pe\u00e7a-o j\u00e1!","breadcrumb":{"@id":"https:\/\/www.address4.com\/pt-br\/servicos\/validacao-endereco-internacional\/formato-endereco-postal-internacional#breadcrumb"},"inLanguage":"pt-BR","potentialAction":[{"@type":"ReadAction","target":["https:\/\/www.address4.com\/pt-br\/servicos\/validacao-endereco-internacional\/formato-endereco-postal-internacional"]}]},{"@type":"BreadcrumbList","@id":"https:\/\/www.address4.com\/pt-br\/servicos\/validacao-endereco-internacional\/formato-endereco-postal-internacional#breadcrumb","itemListElement":[{"@type":"ListItem","position":1,"name":"Home","item":"https:\/\/www.address4.com\/pt-br"},{"@type":"ListItem","position":2,"name":"Servicos","item":"https:\/\/www.address4.com\/pt-br\/servicos"},{"@type":"ListItem","position":3,"name":"Valida\u00e7\u00e3o de Endere\u00e7o","item":"https:\/\/www.address4.com\/pt-br\/servicos\/validacao-endereco-internacional"},{"@type":"ListItem","position":4,"name":"Formato de Endere\u00e7o Postal Internacional"}]},{"@type":"WebSite","@id":"https:\/\/www.address4.com\/#website","url":"https:\/\/www.address4.com\/","name":"Address 4","description":"Address Verification Service For Your Business","potentialAction":[{"@type":"SearchAction","target":{"@type":"EntryPoint","urlTemplate":"https:\/\/www.address4.com\/?s={search_term_string}"},"query-input":{"@type":"PropertyValueSpecification","valueRequired":true,"valueName":"search_term_string"}}],"inLanguage":"pt-BR"}]}},"_links":{"self":[{"href":"https:\/\/www.address4.com\/pt-br\/wp-json\/wp\/v2\/pages\/3292","targetHints":{"allow":["GET"]}}],"collection":[{"href":"https:\/\/www.address4.com\/pt-br\/wp-json\/wp\/v2\/pages"}],"about":[{"href":"https:\/\/www.address4.com\/pt-br\/wp-json\/wp\/v2\/types\/page"}],"author":[{"embeddable":true,"href":"https:\/\/www.address4.com\/pt-br\/wp-json\/wp\/v2\/users\/1"}],"replies":[{"embeddable":true,"href":"https:\/\/www.address4.com\/pt-br\/wp-json\/wp\/v2\/comments?post=3292"}],"version-history":[{"count":6,"href":"https:\/\/www.address4.com\/pt-br\/wp-json\/wp\/v2\/pages\/3292\/revisions"}],"predecessor-version":[{"id":3302,"href":"https:\/\/www.address4.com\/pt-br\/wp-json\/wp\/v2\/pages\/3292\/revisions\/3302"}],"up":[{"embeddable":true,"href":"https:\/\/www.address4.com\/pt-br\/wp-json\/wp\/v2\/pages\/342"}],"wp:attachment":[{"href":"https:\/\/www.address4.com\/pt-br\/wp-json\/wp\/v2\/media?parent=3292"}],"curies":[{"name":"wp","href":"https:\/\/api.w.org\/{rel}","templated":true}]}}