{"id":3053,"date":"2021-08-02T08:01:19","date_gmt":"2021-08-02T07:01:19","guid":{"rendered":"https:\/\/www.address4.com\/?page_id=3053"},"modified":"2021-09-10T17:46:26","modified_gmt":"2021-09-10T16:46:26","slug":"google-maps-em-lote","status":"publish","type":"page","link":"https:\/\/www.address4.com\/pt-br\/servicos\/geocodificacao-endereco\/google-maps-em-lote","title":{"rendered":"Google Maps em lote"},"content":{"rendered":"[vc_row wrapper=&#8221;true&#8221; holder_set_margin=&#8221;true&#8221; holder_margin=&#8221;u-margin-bottom&#8221;][vc_column]<div class=\"c-heading\"><h3 class=\" u-h1 u-text-center\">Google Maps Batch<\/h3><\/div><div class=\"c-heading\"><h3 class=\" u-h1 u-text-center\">Use o Google para a geolocaliza\u00e7\u00e3o em massa dos endere\u00e7os<\/h3><\/div><div class=\"c-heading\"><h3 class=\" u-h3 u-text-normal u-text-center\">A maneira mais f\u00e1cil de obter as coordenadas geogr\u00e1ficas de uma pluralidade de endere\u00e7os de dados no Google Maps.<\/h3><\/div>[\/vc_column][\/vc_row][vc_row wrapper=&#8221;true&#8221; holder_set_margin=&#8221;true&#8221; holder_margin=&#8221;u-margin-bottom&#8221;][vc_column width=&#8221;5\/12&#8243;]<div class=\"c-image\"><a href=\"https:\/\/www.address4.com\/free-address-validation-services\"><img loading=\"lazy\" decoding=\"async\" width=\"424\" height=\"283\" src=\"https:\/\/www.address4.com\/wp-content\/uploads\/2021\/01\/Geolocalizacao-em-massa-dos-enderecos.jpg\" class=\" u-margin-bottom aligncenter\" alt=\"Geolocalizacao em massa dos enderecos\" srcset=\"https:\/\/www.address4.com\/wp-content\/uploads\/2021\/01\/Geolocalizacao-em-massa-dos-enderecos.jpg 424w, https:\/\/www.address4.com\/wp-content\/uploads\/2021\/01\/Geolocalizacao-em-massa-dos-enderecos-300x200.jpg 300w\" sizes=\"auto, (max-width: 424px) 100vw, 424px\" \/><\/a><\/div>[\/vc_column][vc_column width=&#8221;7\/12&#8243;]<div class=\"c-heading\"><h3>Geocodifica\u00e7\u00e3o massiva de endere\u00e7os da web<\/h3><\/div>[vc_column_text]Utilizando <strong>Google Maps atrav\u00e9s da API<\/strong>, voc\u00ea pode obter a geolocaliza\u00e7\u00e3o de um \u00fanico endere\u00e7o por vez. Se, no entanto, seu projeto exige uma <strong>geocodifica\u00e7\u00e3o de centenas ou milhares de endere\u00e7os em lote<\/strong>, ou seja, em massa, ent\u00e3o, voc\u00ea precisa de um instrumento adequado, capaz de fornecer em pouco tempo uma lista de coordenadas geogr\u00e1ficas (latitude e longitude) referente a centenas de milhares de endere\u00e7os nacionais ou mundiais.<\/p>\n<p>Quer entender como funciona tudo isso sem esfor\u00e7o e sem despesas?<br \/>\nExperimente a <a href=\"https:\/\/www.address4.com\/pt-br\/free-trial\"><strong>vers\u00e3o de demonstra\u00e7\u00e3o gratuita de Address4<\/strong><\/a> dedicada \u00e0 geocodifica\u00e7\u00e3o de Google Maps em massa![\/vc_column_text]<a class=\"c-button u-margin-right u-margin-bottom c-button--secondary\" href=\"https:\/\/www.address4.com\/free-address-validation-services\">Experimente o Teste Gr\u00e1tis<\/a>[\/vc_column][\/vc_row][vc_row][vc_column]<div class=\"templatera_shortcode\"><div class=\"o-holder u-background-light u-margin-bottom-large u-padding-vertical-large\"><div class=\" o-wrapper\"><div class=\"grid-1\"><div class=\"col _lap-and-up-8\" ><div class=\"c-heading\"><h3>N\u00e3o perca \u201cRedu\u00e7\u00e3o de Custos & Valida\u00e7\u00e3o de Endere\u00e7o\u201d<\/h3><\/div><div class=\"c-heading\"><h3>Fa\u00e7a o DOWNLOAD do seu eBook GRATUITAMENTE e descubra como melhorar a qualidade dos seus dados<\/h3><\/div><div class=\"c-text-block\"><p>Guia completo com os benef\u00edcios econ\u00f4micos da valida\u00e7\u00e3o<\/p>\n <\/div><a class=\"c-button c-button--secondary\" href=\"https:\/\/www.address4.com\/ebook-1\">Fazer download do eBook<\/a><\/div><div class=\"col _lap-and-up-4\" ><div class=\"c-image\"><a href=\"https:\/\/www.address4.com\/ebook-1\"><img loading=\"lazy\" decoding=\"async\" width=\"205\" height=\"286\" src=\"https:\/\/www.address4.com\/wp-content\/uploads\/2018\/03\/ebook-address-validation-cost-saving-S.png\" class=\" alignone\" alt=\"ebook-address-validation-cost-saving-S\" \/><\/a><\/div><\/div>\n<\/div><\/div><\/div><\/div>[\/vc_column][\/vc_row][vc_row wrapper=&#8221;true&#8221; holder_set_margin=&#8221;true&#8221; holder_margin=&#8221;u-margin-bottom&#8221;][vc_column]<div class=\"c-heading\"><h3 class=\" u-margin-bottom-large u-text-center\">Um s\u00f3 clique e pode executar imediatamente o Google Maps em massa<\/h3><\/div>[\/vc_column][vc_column width=&#8221;1\/2&#8243;]<div class=\"c-image\"><img loading=\"lazy\" decoding=\"async\" width=\"800\" height=\"600\" src=\"https:\/\/www.address4.com\/wp-content\/uploads\/2021\/01\/geocodificacao-de-google-maps-em-massa.jpg\" class=\" u-margin-bottom aligncenter\" alt=\"geocodifica\u00e7\u00e3o de google maps em massa\" srcset=\"https:\/\/www.address4.com\/wp-content\/uploads\/2021\/01\/geocodificacao-de-google-maps-em-massa.jpg 800w, https:\/\/www.address4.com\/wp-content\/uploads\/2021\/01\/geocodificacao-de-google-maps-em-massa-300x225.jpg 300w, https:\/\/www.address4.com\/wp-content\/uploads\/2021\/01\/geocodificacao-de-google-maps-em-massa-768x576.jpg 768w\" sizes=\"auto, (max-width: 800px) 100vw, 800px\" \/><\/div>[\/vc_column][vc_column width=&#8221;1\/2&#8243;][vc_column_text]Descobrir as coordenadas geogr\u00e1ficas de um ou mais endere\u00e7os \u00e9 uma opera\u00e7\u00e3o \u00fatil em muitos setores de neg\u00f3cios, da entrega em domic\u00edlio de produtos ou material de divulga\u00e7\u00e3o \u00e0 cria\u00e7\u00e3o de perfis da potencial clientela para atividades de marketing. Mas como geolocalizar em lote um banco de dados inteiro sem que ocorram perdas de qualidade?<\/p>\n<p>O Address 4 responde a esta pergunta com o servi\u00e7o de geocodifica\u00e7\u00e3o do Google Maps em Lote: gra\u00e7as \u00e0 nossa plataforma, empres\u00e1rios, integradores de sistemas, webmasters e profissionais de qualquer setor podem utilizar as informa\u00e7\u00f5es gerenciadas pelo Google Maps sem os v\u00ednculos de uma geolocaliza\u00e7\u00e3o realizada via API por endere\u00e7o individual.<\/p>\n<p>Basta se inscrever no Address4, transferir o arquivo, a lista ou o banco de dados de endere\u00e7os a geocodificar e, por fim, executar o processo. Poucas etapas e alguns minutos para obter uma geocodifica\u00e7\u00e3o do Google em lote de milhares de endere\u00e7os, \u00e0 prova de erro, em mais de 250 pa\u00edses do mundo e sem ter que, necessariamente, baixar programa algum. O Address 4 funciona online 24 horas por dia em qualquer dispositivo conectado \u00e0 internet, incluindo tablets e smartphones. Um sistema de ponta, para resultados sempre \u00e0 altura das expectativas.[\/vc_column_text][\/vc_column][\/vc_row][vc_row][vc_column]<div class=\"templatera_shortcode\"><div class=\"o-holder u-background-light u-margin-bottom-large u-padding-vertical-large\"><div class=\"grid-1\"><div class=\"col _lap-and-up-12\" ><div class=\"c-heading\"><h3 class=\" u-h2 u-text-center\">Inicie o seu Teste Gr\u00e1tis do Address4<\/h3><\/div><div class=\"c-button-holder c-button-holder--center\"><a class=\"c-button c-button--center u-margin-bottom c-button--secondary\" href=\"https:\/\/www.address4.com\/free-address-validation-services\">Inscrever-se<\/a><\/div><div class=\"c-heading\"><h3 class=\" u-text-center\">Sem custo, sem obriga\u00e7\u00e3o, m\u00e1xima satisfa\u00e7\u00e3o<\/h3><\/div><\/div>\n<\/div><\/div><\/div>[\/vc_column][\/vc_row][vc_row wrapper=&#8221;true&#8221; holder_set_margin=&#8221;true&#8221; holder_margin=&#8221;u-margin-bottom-large&#8221;][vc_column width=&#8221;1\/3&#8243;]<div class=\"c-mediabox u-margin-bottom\">\n<div class=\" o-media\">\n<div class=\"o-media__img\">\n<div class=\"ico-wrap ico-wrap--center\"><i class=\"ico ico--xl fal fa-sitemap\"><\/i><\/div>\n<\/div>\n<div class=\"o-media__body\"><strong>Geolocaliza\u00e7\u00e3o m\u00faltipla<\/strong><\/p>\n<p>Com o Address 4, voc\u00ea pode geolocalizarat\u00e9 centenas de milhares de endere\u00e7oscom o Google Maps, sem limites e comprazos extremamente curtos.<\/p>\n<p>&nbsp;<\/p>\n<p>&nbsp;<\/p>\n<\/div>\n<\/div>\n<\/div>\n[\/vc_column][vc_column width=&#8221;1\/3&#8243;]<div class=\"c-mediabox u-margin-bottom\">\n<div class=\" o-media\">\n<div class=\"o-media__img\">\n<div class=\"ico-wrap ico-wrap--center\"><i class=\"ico ico--xl fal fa-map\"><\/i><\/div>\n<\/div>\n<div class=\"o-media__body\"><strong>Cobertura mundial<\/strong><\/p>\n<p>Mais de 250 pa\u00edses cobertos pelo nosso servi\u00e7o em todos os continentes: uma mina de informa\u00e7\u00f5es atualizadas constantemente.<\/p>\n<p>&nbsp;<\/p>\n<p>&nbsp;<\/p>\n<\/div>\n<\/div>\n<\/div>\n[\/vc_column][vc_column width=&#8221;1\/3&#8243;]<div class=\"c-mediabox u-margin-bottom\">\n<div class=\" o-media\">\n<div class=\"o-media__img\">\n<div class=\"ico-wrap ico-wrap--center\"><i class=\"ico ico--xl fal fa-laptop\"><\/i><\/div>\n<\/div>\n<div class=\"o-media__body\"><strong>Funcionamento online<\/strong><\/p>\n<p>O Address 4 funciona online semprecisar baixar programas.Use-o em qualquer dispositivono trabalho, em casa ou onde quiser.<\/p>\n<p>&nbsp;<\/p>\n<p>&nbsp;<\/p>\n<p>&nbsp;<\/p>\n<\/div>\n<\/div>\n<\/div>\n[\/vc_column][\/vc_row][vc_row][vc_column][\/vc_column][\/vc_row]\n","protected":false},"excerpt":{"rendered":"The Latest From Our Blog","protected":false},"author":1,"featured_media":0,"parent":416,"menu_order":0,"comment_status":"closed","ping_status":"closed","template":"templates\/template-fullwidth.php","meta":{"footnotes":""},"class_list":["post-3053","page","type-page","status-publish","hentry"],"yoast_head":"<!-- This site is optimized with the Yoast SEO plugin v26.8 - https:\/\/yoast.com\/product\/yoast-seo-wordpress\/ -->\n<title>Google Maps em lote em massa: servi\u00e7o de geolocaliza\u00e7\u00e3o em massa<\/title>\n<meta name=\"description\" content=\"Descubra o servi\u00e7o de geolocaliza\u00e7\u00e3o em massa dos endere\u00e7os: com o nosso sistema, voc\u00ea pode usar o Google Maps em lote.\" \/>\n<meta name=\"robots\" content=\"index, follow, max-snippet:-1, max-image-preview:large, max-video-preview:-1\" \/>\n<link rel=\"canonical\" href=\"https:\/\/www.address4.com\/pt-br\/servicos\/geocodificacao-endereco\/google-maps-em-lote\" \/>\n<meta property=\"og:locale\" content=\"pt_BR\" \/>\n<meta property=\"og:type\" content=\"article\" \/>\n<meta property=\"og:title\" content=\"Google Maps em lote em massa: servi\u00e7o de geolocaliza\u00e7\u00e3o em massa\" \/>\n<meta property=\"og:description\" content=\"Descubra o servi\u00e7o de geolocaliza\u00e7\u00e3o em massa dos endere\u00e7os: com o nosso sistema, voc\u00ea pode usar o Google Maps em lote.\" \/>\n<meta property=\"og:url\" content=\"https:\/\/www.address4.com\/pt-br\/servicos\/geocodificacao-endereco\/google-maps-em-lote\" \/>\n<meta property=\"og:site_name\" content=\"Address 4\" \/>\n<meta property=\"article:modified_time\" content=\"2021-09-10T16:46:26+00:00\" \/>\n<meta name=\"twitter:card\" content=\"summary_large_image\" \/>\n<meta name=\"twitter:label1\" content=\"Est. tempo de leitura\" \/>\n\t<meta name=\"twitter:data1\" content=\"3 minutos\" \/>\n<script type=\"application\/ld+json\" class=\"yoast-schema-graph\">{\"@context\":\"https:\/\/schema.org\",\"@graph\":[{\"@type\":\"WebPage\",\"@id\":\"https:\/\/www.address4.com\/pt-br\/servicos\/geocodificacao-endereco\/google-maps-em-lote\",\"url\":\"https:\/\/www.address4.com\/pt-br\/servicos\/geocodificacao-endereco\/google-maps-em-lote\",\"name\":\"Google Maps em lote em massa: servi\u00e7o de geolocaliza\u00e7\u00e3o em massa\",\"isPartOf\":{\"@id\":\"https:\/\/www.address4.com\/#website\"},\"datePublished\":\"2021-08-02T07:01:19+00:00\",\"dateModified\":\"2021-09-10T16:46:26+00:00\",\"description\":\"Descubra o servi\u00e7o de geolocaliza\u00e7\u00e3o em massa dos endere\u00e7os: com o nosso sistema, voc\u00ea pode usar o Google Maps em lote.\",\"breadcrumb\":{\"@id\":\"https:\/\/www.address4.com\/pt-br\/servicos\/geocodificacao-endereco\/google-maps-em-lote#breadcrumb\"},\"inLanguage\":\"pt-BR\",\"potentialAction\":[{\"@type\":\"ReadAction\",\"target\":[\"https:\/\/www.address4.com\/pt-br\/servicos\/geocodificacao-endereco\/google-maps-em-lote\"]}]},{\"@type\":\"BreadcrumbList\",\"@id\":\"https:\/\/www.address4.com\/pt-br\/servicos\/geocodificacao-endereco\/google-maps-em-lote#breadcrumb\",\"itemListElement\":[{\"@type\":\"ListItem\",\"position\":1,\"name\":\"Home\",\"item\":\"https:\/\/www.address4.com\/pt-br\"},{\"@type\":\"ListItem\",\"position\":2,\"name\":\"Servicos\",\"item\":\"https:\/\/www.address4.com\/pt-br\/servicos\"},{\"@type\":\"ListItem\",\"position\":3,\"name\":\"Geocodifica\u00e7\u00e3o\",\"item\":\"https:\/\/www.address4.com\/pt-br\/servicos\/geocodificacao-endereco\"},{\"@type\":\"ListItem\",\"position\":4,\"name\":\"Google Maps em lote\"}]},{\"@type\":\"WebSite\",\"@id\":\"https:\/\/www.address4.com\/#website\",\"url\":\"https:\/\/www.address4.com\/\",\"name\":\"Address 4\",\"description\":\"Address Verification Service For Your Business\",\"potentialAction\":[{\"@type\":\"SearchAction\",\"target\":{\"@type\":\"EntryPoint\",\"urlTemplate\":\"https:\/\/www.address4.com\/?s={search_term_string}\"},\"query-input\":{\"@type\":\"PropertyValueSpecification\",\"valueRequired\":true,\"valueName\":\"search_term_string\"}}],\"inLanguage\":\"pt-BR\"}]}<\/script>\n<!-- \/ Yoast SEO plugin. -->","yoast_head_json":{"title":"Google Maps em lote em massa: servi\u00e7o de geolocaliza\u00e7\u00e3o em massa","description":"Descubra o servi\u00e7o de geolocaliza\u00e7\u00e3o em massa dos endere\u00e7os: com o nosso sistema, voc\u00ea pode usar o Google Maps em lote.","robots":{"index":"index","follow":"follow","max-snippet":"max-snippet:-1","max-image-preview":"max-image-preview:large","max-video-preview":"max-video-preview:-1"},"canonical":"https:\/\/www.address4.com\/pt-br\/servicos\/geocodificacao-endereco\/google-maps-em-lote","og_locale":"pt_BR","og_type":"article","og_title":"Google Maps em lote em massa: servi\u00e7o de geolocaliza\u00e7\u00e3o em massa","og_description":"Descubra o servi\u00e7o de geolocaliza\u00e7\u00e3o em massa dos endere\u00e7os: com o nosso sistema, voc\u00ea pode usar o Google Maps em lote.","og_url":"https:\/\/www.address4.com\/pt-br\/servicos\/geocodificacao-endereco\/google-maps-em-lote","og_site_name":"Address 4","article_modified_time":"2021-09-10T16:46:26+00:00","twitter_card":"summary_large_image","twitter_misc":{"Est. tempo de leitura":"3 minutos"},"schema":{"@context":"https:\/\/schema.org","@graph":[{"@type":"WebPage","@id":"https:\/\/www.address4.com\/pt-br\/servicos\/geocodificacao-endereco\/google-maps-em-lote","url":"https:\/\/www.address4.com\/pt-br\/servicos\/geocodificacao-endereco\/google-maps-em-lote","name":"Google Maps em lote em massa: servi\u00e7o de geolocaliza\u00e7\u00e3o em massa","isPartOf":{"@id":"https:\/\/www.address4.com\/#website"},"datePublished":"2021-08-02T07:01:19+00:00","dateModified":"2021-09-10T16:46:26+00:00","description":"Descubra o servi\u00e7o de geolocaliza\u00e7\u00e3o em massa dos endere\u00e7os: com o nosso sistema, voc\u00ea pode usar o Google Maps em lote.","breadcrumb":{"@id":"https:\/\/www.address4.com\/pt-br\/servicos\/geocodificacao-endereco\/google-maps-em-lote#breadcrumb"},"inLanguage":"pt-BR","potentialAction":[{"@type":"ReadAction","target":["https:\/\/www.address4.com\/pt-br\/servicos\/geocodificacao-endereco\/google-maps-em-lote"]}]},{"@type":"BreadcrumbList","@id":"https:\/\/www.address4.com\/pt-br\/servicos\/geocodificacao-endereco\/google-maps-em-lote#breadcrumb","itemListElement":[{"@type":"ListItem","position":1,"name":"Home","item":"https:\/\/www.address4.com\/pt-br"},{"@type":"ListItem","position":2,"name":"Servicos","item":"https:\/\/www.address4.com\/pt-br\/servicos"},{"@type":"ListItem","position":3,"name":"Geocodifica\u00e7\u00e3o","item":"https:\/\/www.address4.com\/pt-br\/servicos\/geocodificacao-endereco"},{"@type":"ListItem","position":4,"name":"Google Maps em lote"}]},{"@type":"WebSite","@id":"https:\/\/www.address4.com\/#website","url":"https:\/\/www.address4.com\/","name":"Address 4","description":"Address Verification Service For Your Business","potentialAction":[{"@type":"SearchAction","target":{"@type":"EntryPoint","urlTemplate":"https:\/\/www.address4.com\/?s={search_term_string}"},"query-input":{"@type":"PropertyValueSpecification","valueRequired":true,"valueName":"search_term_string"}}],"inLanguage":"pt-BR"}]}},"_links":{"self":[{"href":"https:\/\/www.address4.com\/pt-br\/wp-json\/wp\/v2\/pages\/3053","targetHints":{"allow":["GET"]}}],"collection":[{"href":"https:\/\/www.address4.com\/pt-br\/wp-json\/wp\/v2\/pages"}],"about":[{"href":"https:\/\/www.address4.com\/pt-br\/wp-json\/wp\/v2\/types\/page"}],"author":[{"embeddable":true,"href":"https:\/\/www.address4.com\/pt-br\/wp-json\/wp\/v2\/users\/1"}],"replies":[{"embeddable":true,"href":"https:\/\/www.address4.com\/pt-br\/wp-json\/wp\/v2\/comments?post=3053"}],"version-history":[{"count":4,"href":"https:\/\/www.address4.com\/pt-br\/wp-json\/wp\/v2\/pages\/3053\/revisions"}],"predecessor-version":[{"id":3696,"href":"https:\/\/www.address4.com\/pt-br\/wp-json\/wp\/v2\/pages\/3053\/revisions\/3696"}],"up":[{"embeddable":true,"href":"https:\/\/www.address4.com\/pt-br\/wp-json\/wp\/v2\/pages\/416"}],"wp:attachment":[{"href":"https:\/\/www.address4.com\/pt-br\/wp-json\/wp\/v2\/media?parent=3053"}],"curies":[{"name":"wp","href":"https:\/\/api.w.org\/{rel}","templated":true}]}}