{"id":276,"date":"2018-03-01T14:28:29","date_gmt":"2018-03-01T14:28:29","guid":{"rendered":"http:\/\/www.address4.com\/?page_id=276"},"modified":"2025-03-05T11:59:29","modified_gmt":"2025-03-05T10:59:29","slug":"home","status":"publish","type":"page","link":"https:\/\/www.address4.com\/pt-br","title":{"rendered":"In\u00edcio"},"content":{"rendered":"[vc_row wrapper=&#8221;true&#8221;][vc_column width=&#8221;7\/12&#8243;]<div class=\"c-heading\"><h1 class=\" u-margin-bottom-large\">Servi\u00e7o de Valida\u00e7\u00e3o de Contato & Endere\u00e7o<\/h1><\/div><div class=\"c-heading\"><h3 class=\" u-text-normal\">Nossos servi\u00e7os de valida\u00e7\u00e3o de endere\u00e7os ajudam a verificar, completar e manter dados de contato precisos para todas as suas necessidades de neg\u00f3cios.<\/h3><\/div><div class=\" c-list u-margin-bottom\"><ul>\n<li><i class=\"c-list__icon fal fa-check\"><\/i>Corre\u00e7\u00e3o, translitera\u00e7\u00e3o e formato postal<\/li>\n<li><i class=\"c-list__icon fal fa-check\"><\/i>Funciona em Lotes e em tempo real<\/li>\n<li><i class=\"c-list__icon fal fa-check\"><\/i>N\u00e3o \u00e9 necess\u00e1ria codifica\u00e7\u00e3o<\/li>\n<\/ul>\n<\/div><a class=\"c-button u-margin-right u-margin-bottom c-button--primary\" href=\"https:\/\/www.address4.com\/free-address-validation-services\">Teste o Trial Gratuito<\/a><a class=\"c-button u-margin-bottom c-button--primary\" href=\"https:\/\/www.egon.com\/pt\/empresa\/contatos\">Seja um nosso parceiro<\/a>[\/vc_column][vc_column width=&#8221;5\/12&#8243;]<div class=\"c-image\"><img loading=\"lazy\" decoding=\"async\" width=\"681\" height=\"475\" src=\"https:\/\/www.address4.com\/wp-content\/uploads\/2018\/02\/address-verification-service.png\" class=\" aligncenter\" alt=\"address verification service\" srcset=\"https:\/\/www.address4.com\/wp-content\/uploads\/2018\/02\/address-verification-service.png 681w, https:\/\/www.address4.com\/wp-content\/uploads\/2018\/02\/address-verification-service-300x209.png 300w\" sizes=\"auto, (max-width: 681px) 100vw, 681px\" \/><\/div>[\/vc_column][\/vc_row][vc_row wrapper=&#8221;true&#8221; holder_set_margin=&#8221;true&#8221; holder_margin=&#8221;u-margin-bottom-large&#8221;][vc_column set_margin=&#8221;true&#8221; margin=&#8221;u-margin-bottom&#8221;]<div class=\" c-divider u-padding-vertical c-divider-has-text u-text-center\"\/><h4 class=\"c-divider-text\">Que tipo de uso voc\u00ea precisa?<\/h4><\/div>[\/vc_column][vc_column width=&#8221;1\/4&#8243; set_margin=&#8221;true&#8221; margin=&#8221;u-margin-bottom-large&#8221;]<div class=\"ico-wrap ico-wrap--center\"><i class=\"ico ico--color-four fal fa-clock ico--xxl u-margin-bottom\"><\/i><\/div><div class=\"c-heading\"><h3 class=\" u-text-center\">Real Time<\/h3><\/div>[vc_column_text txt_align=&#8221;u-text-center&#8221;]Normaliza os endere\u00e7os durante a digita\u00e7\u00e3o.[\/vc_column_text]<div class=\"c-button-holder c-button-holder--center\"><a class=\"c-button c-button--center c-button--primary  c-button--ghost\" href=\"https:\/\/www.address4.com\/usage\/real-time\">Teste j\u00e1<\/a><\/div>[\/vc_column][vc_column width=&#8221;1\/4&#8243; set_margin=&#8221;true&#8221; margin=&#8221;u-margin-bottom-large&#8221;]<div class=\"ico-wrap ico-wrap--center\"><i class=\"ico ico--color-four fal fa-database ico--xxl u-margin-bottom\"><\/i><\/div><div class=\"c-heading\"><h3 class=\" u-text-center\">Batch<\/h3><\/div>[vc_column_text txt_align=&#8221;u-text-center&#8221;]Normaliza um banco de dados de endere\u00e7os postais.[\/vc_column_text]<div class=\"c-button-holder c-button-holder--center\"><a class=\"c-button c-button--center c-button--primary  c-button--ghost\" href=\"https:\/\/www.address4.com\/usage\/batch\">Teste j\u00e1<\/a><\/div>[\/vc_column][vc_column width=&#8221;1\/4&#8243; set_margin=&#8221;true&#8221; margin=&#8221;u-margin-bottom-large&#8221;]<div class=\"ico-wrap ico-wrap--center\"><i class=\"ico ico--color-four fal fa-code ico--xxl u-margin-bottom\"><\/i><\/div><div class=\"c-heading\"><h3 class=\" u-text-center\">APIs<\/h3><\/div>[vc_column_text txt_align=&#8221;u-text-center&#8221;]Integra a valida\u00e7\u00e3o de endere\u00e7os nos seus aplicativos empresariais e portais da internet.[\/vc_column_text]<div class=\"c-button-holder c-button-holder--center\"><a class=\"c-button c-button--center c-button--primary  c-button--ghost\" href=\"https:\/\/www.address4.com\/usage\/apis\">Teste j\u00e1<\/a><\/div>[\/vc_column][vc_column width=&#8221;1\/4&#8243; set_margin=&#8221;true&#8221; margin=&#8221;u-margin-bottom-large&#8221;]<div class=\"ico-wrap ico-wrap--center\"><i class=\"ico ico--color-four fal fa-puzzle-piece ico--xxl u-margin-bottom\"><\/i><\/div><div class=\"c-heading\"><h3 class=\" u-text-center\">Plugin<\/h3><\/div>[vc_column_text txt_align=&#8221;u-text-center&#8221;]Incorpora Address4 em um aplicativo com um simples clique.[\/vc_column_text]<div class=\"c-button-holder c-button-holder--center\"><a class=\"c-button c-button--center c-button--primary  c-button--ghost\" href=\"https:\/\/www.address4.com\/usage\/plugin\">Teste j\u00e1<\/a><\/div>[\/vc_column][\/vc_row][vc_row wrapper=&#8221;true&#8221; holder_set_margin=&#8221;true&#8221; holder_margin=&#8221;u-margin-bottom&#8221;][vc_column]<div class=\" c-divider c-divider-has-text u-text-center\"\/><h4 class=\"c-divider-text\">Que tipo de servi\u00e7o voc\u00ea precisa?<\/h4><\/div>[\/vc_column][\/vc_row][vc_row wrapper=&#8221;true&#8221; holder_set_margin=&#8221;true&#8221; holder_margin=&#8221;u-margin-bottom-large&#8221;][vc_column width=&#8221;1\/3&#8243; set_margin=&#8221;true&#8221; margin=&#8221;u-margin-bottom&#8221;]<div class=\"c-heading\"><h3 class=\" u-text-center\">Valida\u00e7\u00e3o de Endere\u00e7o<\/h3><\/div><div class=\"ico-wrap ico-wrap--center\"><i class=\"ico ico--color-four fal fa-envelope ico--xxl u-margin-bottom\"><\/i><\/div>[vc_column_text]Com a valida\u00e7\u00e3o do endere\u00e7o postal, os seus dados est\u00e3o sempre corretos e cumprem as normas internacionais de envio. Al\u00e9m disso, o recurso de preenchimento autom\u00e1tico corrige endere\u00e7os em tempo real no seu site de com\u00e9rcio eletr\u00f4nico.[\/vc_column_text]<div class=\"c-button-holder c-button-holder--center\"><a class=\"c-button c-button--center c-button--primary  c-button--ghost\" href=\"https:\/\/www.address4.com\/services\/address-validation\">Teste gratuitamente<\/a><\/div>[\/vc_column][vc_column width=&#8221;1\/3&#8243; set_margin=&#8221;true&#8221; margin=&#8221;u-margin-bottom&#8221;]<div class=\"c-heading\"><h3 class=\" u-text-center\">Geocodifica\u00e7\u00e3o<\/h3><\/div><div class=\"ico-wrap ico-wrap--center\"><i class=\"ico ico--color-four fal fa-globe ico--xxl u-margin-bottom\"><\/i><\/div>[vc_column_text]Geocodifica\u00e7\u00e3o e geocodifica\u00e7\u00e3o reversa ajudam a transformar endere\u00e7os postais espec\u00edficos em coordenadas geogr\u00e1ficas e vice-versa. \u00c9 ideal para qualquer tipo de projeto de georreferencia, log\u00edstica e transporte, ou metas de geomarketing.[\/vc_column_text]<div class=\"c-button-holder c-button-holder--center\"><a class=\"c-button c-button--center c-button--primary  c-button--ghost\" href=\"https:\/\/www.address4.com\/services\/address-geocoding\">Teste gratuitamente<\/a><\/div>[\/vc_column][vc_column width=&#8221;1\/3&#8243; set_margin=&#8221;true&#8221; margin=&#8221;u-margin-bottom&#8221;]<div class=\"c-heading\"><h3 class=\" u-text-center\">Valida\u00e7\u00e3o de Nome<\/h3><\/div><div class=\"ico-wrap ico-wrap--center\"><i class=\"ico ico--color-four fal fa-id-card ico--xxl u-margin-bottom\"><\/i><\/div>[vc_column_text]Quando voc\u00ea insere informa\u00e7\u00f5es de contato manualmente ou colet\u00e1-las da web, pode haver erros ortogr\u00e1ficos ou duplicatas.<br \/>\nUm servi\u00e7o autom\u00e1tico de valida\u00e7\u00e3o de nomes e endere\u00e7os garante um arquivo limpo e otimizado.[\/vc_column_text]<div class=\"c-button-holder c-button-holder--center\"><a class=\"c-button c-button--center c-button--primary  c-button--ghost\" href=\"https:\/\/www.address4.com\/services\/name-validations\">Teste gratuitamente<\/a><\/div>[\/vc_column][vc_column width=&#8221;1\/3&#8243; set_margin=&#8221;true&#8221; margin=&#8221;u-margin-bottom&#8221;]<div class=\"c-heading\"><h3 class=\" u-text-center\">Valida\u00e7\u00e3o Endere\u00e7o E-mail<\/h3><\/div><div class=\"ico-wrap ico-wrap--center\"><i class=\"ico ico--color-four fal fa-at ico--xxl u-margin-bottom\"><\/i><\/div>[vc_column_text]Nosso servi\u00e7o valida endere\u00e7os de e-mail em bancos de dados contendo milh\u00f5es de registros. Tudo que voc\u00ea precisa fazer \u00e9 enviar o arquivo em qualquer formato. Completamos o trabalho rapidamente e em conformidade com as leis de privacidade de dados.[\/vc_column_text]<div class=\"c-button-holder c-button-holder--center\"><a class=\"c-button c-button--center c-button--primary  c-button--ghost\" href=\"https:\/\/www.address4.com\/services\/address-validation\">Teste gratuitamente<\/a><\/div>[\/vc_column][vc_column width=&#8221;1\/3&#8243; set_margin=&#8221;true&#8221; margin=&#8221;u-margin-bottom&#8221;]<div class=\"c-heading\"><h3 class=\" u-text-center\">Valida\u00e7\u00e3o N\u00famero Telefone<\/h3><\/div><div class=\"ico-wrap ico-wrap--center\"><i class=\"ico ico--color-four fal fa-mobile-android-alt ico--xxl u-margin-bottom\"><\/i><\/div>[vc_column_text]Bancos de dados contendo milhares de n\u00fameros de telefone oferecem infinitas oportunidades de neg\u00f3cios, desde que estejam corretas.Use um servi\u00e7o de valida\u00e7\u00e3o de n\u00fameros de telefone para corrigir erros.[\/vc_column_text]<div class=\"c-button-holder c-button-holder--center\"><a class=\"c-button c-button--center c-button--primary  c-button--ghost\" href=\"https:\/\/www.address4.com\/services\/phone-validation\">Teste gratuitamente<\/a><\/div>[\/vc_column][vc_column width=&#8221;1\/3&#8243;]<div class=\"c-heading\"><h3 class=\" u-text-center\">Outros Servi\u00e7os<\/h3><\/div><div class=\"ico-wrap ico-wrap--center\"><i class=\"ico ico--color-four fal fa-wrench ico--xxl u-margin-bottom\"><\/i><\/div>[vc_column_text]Address 4 oferece uma ampla gama de solu\u00e7\u00f5es personalizadas.<br \/>\nNossa equipe vai encontrar a melhor solu\u00e7\u00e3o poss\u00edvel com base em sua ind\u00fastria, atendendo a quaisquer prazos espec\u00edficos ou necessidades.[\/vc_column_text]<div class=\"c-button-holder c-button-holder--center\"><a class=\"c-button c-button--center c-button--primary  c-button--ghost\" href=\"https:\/\/www.address4.com\/contact\">Teste gratuitamente<\/a><\/div>[\/vc_column][\/vc_row][vc_row wrapper=&#8221;true&#8221; wrapper_class=&#8221;o-wrapper&#8211;slim&#8221; holder_set_padding=&#8221;true&#8221; holder_bg_fx=&#8221;u-background-light&#8221; holder_padding=&#8221;u-padding-vertical-large&#8221;][vc_column]<div class=\"c-heading\"><h3 class=\" u-h2 u-text-center\">Dados incorretos desperdi\u00e7am tempo e dinheiro<\/h3><\/div>[vc_column_text]Embora voc\u00ea possa ter problemas para colocar um valor exato em d\u00f3lar em dados incorretos, uma coisa \u00e9 certa: os erros de banco de dados desperdi\u00e7am tempo e dinheiro. Usando o endere\u00e7o errado, voc\u00ea est\u00e1 dando vantagem aos seus concorrentes.[\/vc_column_text][\/vc_column][vc_column width=&#8221;1\/3&#8243;]<div class=\"c-image\"><img loading=\"lazy\" decoding=\"async\" width=\"230\" height=\"230\" src=\"https:\/\/www.address4.com\/wp-content\/uploads\/2018\/02\/contact-verification-service-d.png\" class=\" aligncenter\" alt=\"contact-verification-service-d\" srcset=\"https:\/\/www.address4.com\/wp-content\/uploads\/2018\/02\/contact-verification-service-d.png 230w, https:\/\/www.address4.com\/wp-content\/uploads\/2018\/02\/contact-verification-service-d-150x150.png 150w, https:\/\/www.address4.com\/wp-content\/uploads\/2018\/02\/contact-verification-service-d-45x45.png 45w, https:\/\/www.address4.com\/wp-content\/uploads\/2018\/02\/contact-verification-service-d-100x100.png 100w\" sizes=\"auto, (max-width: 230px) 100vw, 230px\" \/><\/div>[\/vc_column][vc_column width=&#8221;2\/3&#8243;]<div class=\"c-heading\"><h3 class=\" u-h5\">A valida\u00e7\u00e3o de endere\u00e7os \u00e9 importante porque ela:<\/h3><\/div><div class=\" c-list\"><ul>\n<li><i class=\"c-list__icon fal fa-check\"><\/i>otimiza o marketing e a entrega;<\/li>\n<li><i class=\"c-list__icon fal fa-check\"><\/i>maximiza o potencial dos recursos da empresa;<\/li>\n<li><i class=\"c-list__icon fal fa-check\"><\/i>facilita a realiza\u00e7\u00e3o de objetivos de neg\u00f3cios;<\/li>\n<li><i class=\"c-list__icon fal fa-check\"><\/i>simplifica a gest\u00e3o de grandes quantidades de dados;<\/li>\n<li><i class=\"c-list__icon fal fa-check\"><\/i>evita danos \u00e0 imagem da marca;<\/li>\n<li><i class=\"c-list__icon fal fa-check\"><\/i>aumenta a satisfa\u00e7\u00e3o do cliente.<\/li>\n<\/ul>\n<\/div>[\/vc_column][\/vc_row][vc_row holder_set_padding=&#8221;true&#8221; holder_padding=&#8221;u-padding-vertical-large&#8221;][vc_column]<div class=\"c-heading\"><h3 class=\" u-text-center\">Use agora o seu Teste Gratuito do Address4<\/h3><\/div><div class=\"c-button-holder c-button-holder--center\"><a class=\"c-button c-button--center u-margin-bottom c-button--primary  c-button--ghost\" href=\"https:\/\/www.address4.com\/free-address-validation-services\">Inscrever-se<\/a><\/div><div class=\"c-heading\"><h3 class=\" u-h4 u-text-center\">Sem custo, sem obriga\u00e7\u00e3o, m\u00e1ximo de satisfa\u00e7\u00e3o<\/h3><\/div>[\/vc_column][\/vc_row][vc_row wrapper=&#8221;true&#8221; wrapper_class=&#8221;o-wrapper&#8211;slim&#8221; holder_set_padding=&#8221;true&#8221; holder_bg_fx=&#8221;u-background-light&#8221; holder_padding=&#8221;u-padding-vertical-large&#8221;][vc_column set_margin=&#8221;true&#8221; margin=&#8221;u-margin-bottom&#8221;]<div class=\"c-heading\"><h3 class=\" u-h2 u-text-center\">Com o Address 4 a solu\u00e7\u00e3o est\u00e1 apenas a um clique de dist\u00e2ncia<\/h3><\/div><div class=\"c-heading\"><h3 class=\" u-h3 u-text-normal u-text-center\">Para crescer voc\u00ea precisa ser eficiente; E para ser eficiente, voc\u00ea precisa de um software de \u00faltima gera\u00e7\u00e3o ... como o Address 4.<\/h3><\/div>[\/vc_column][vc_column width=&#8221;2\/3&#8243;]<div class=\"c-heading\"><h3 class=\" u-h5\">Com o Address 4, voc\u00ea n\u00e3o precisa desperdi\u00e7ar tempo ou esfor\u00e7o verificando dados.<\/h3><\/div><div class=\" c-list\"><ul>\n<li><i class=\"c-list__icon fal fa-check\"><\/i>Servi\u00e7o online de valida\u00e7\u00e3o de endere\u00e7os 24 horas por dia;<\/li>\n<li><i class=\"c-list__icon fal fa-check\"><\/i>F\u00e1cil de integrar com sites, portais e sites de com\u00e9rcio eletr\u00f4nico;<\/li>\n<li><i class=\"c-list__icon fal fa-check\"><\/i>Acesso \u00e0 Internet de qualquer lugar do mundo;<\/li>\n<li><i class=\"c-list__icon fal fa-check\"><\/i>Fun\u00e7\u00f5es avan\u00e7adas como geocodifica\u00e7\u00e3o reversa;<\/li>\n<li><i class=\"c-list__icon fal fa-check\"><\/i>N\u00e3o \u00e9 necess\u00e1rio fazer download ou instalar programas.<\/li>\n<\/ul>\n<\/div>[\/vc_column][vc_column width=&#8221;1\/3&#8243;]<div class=\"c-image\"><img loading=\"lazy\" decoding=\"async\" width=\"230\" height=\"230\" src=\"https:\/\/www.address4.com\/wp-content\/uploads\/2018\/02\/contact-verification-service-u.png\" class=\" aligncenter\" alt=\"\" srcset=\"https:\/\/www.address4.com\/wp-content\/uploads\/2018\/02\/contact-verification-service-u.png 230w, https:\/\/www.address4.com\/wp-content\/uploads\/2018\/02\/contact-verification-service-u-150x150.png 150w, https:\/\/www.address4.com\/wp-content\/uploads\/2018\/02\/contact-verification-service-u-45x45.png 45w, https:\/\/www.address4.com\/wp-content\/uploads\/2018\/02\/contact-verification-service-u-100x100.png 100w\" sizes=\"auto, (max-width: 230px) 100vw, 230px\" \/><\/div>[\/vc_column][vc_column set_padding=&#8221;true&#8221; padding=&#8221;u-padding-vertical&#8221;]<div class=\"c-heading\"><h3 class=\" u-text-center\">Voc\u00ea estava procurando um software de valida\u00e7\u00e3o de endere\u00e7o autom\u00e1tico e encontrou. Agora \u00e9 hora de agir.<\/h3><\/div>[vc_column_text txt_align=&#8221;u-text-center&#8221;]Leve todo o tempo necess\u00e1rio para explorar a nossa oferta, confira as fun\u00e7\u00f5es e experimente a demo online gratuita.[\/vc_column_text][\/vc_column][\/vc_row][vc_row row_h_align=&#8221;grid&#8211;center&#8221; wrapper=&#8221;true&#8221; holder_set_padding=&#8221;true&#8221; holder_padding=&#8221;u-padding-vertical-large&#8221;][vc_column]<div class=\" c-divider c-divider-has-text u-text-center\"\/><h4 class=\"c-divider-text u-h3\">O que dizem os nossos clientes<\/h4><\/div>[vc_row_inner row_h_align=&#8221;grid&#8211;center&#8221;][vc_column_inner width=&#8221;2\/3&#8243;]<div class=\"c-mediabox\">\n<div class=\" o-flag o-flag--responsive o-flag--normal\">\n<div class=\"o-flag__img\"><img loading=\"lazy\" decoding=\"async\" width=\"230\" height=\"230\" src=\"https:\/\/www.address4.com\/wp-content\/uploads\/2018\/02\/customer-address4-services.png\" class=\"attachment-full size-full\" alt=\"customer-address4-services\" srcset=\"https:\/\/www.address4.com\/wp-content\/uploads\/2018\/02\/customer-address4-services.png 230w, https:\/\/www.address4.com\/wp-content\/uploads\/2018\/02\/customer-address4-services-150x150.png 150w, https:\/\/www.address4.com\/wp-content\/uploads\/2018\/02\/customer-address4-services-45x45.png 45w, https:\/\/www.address4.com\/wp-content\/uploads\/2018\/02\/customer-address4-services-100x100.png 100w\" sizes=\"auto, (max-width: 230px) 100vw, 230px\" \/><\/div>\n<div class=\"o-flag__body\">\n<blockquote>\n<h6><em>\u201cAddress 4 n\u00e3o \u00e9 apenas um software; \u00e9 um programa complete. \u00c9 uma m\u00e3o na roda para o nosso com\u00e9rcio eletr\u00f4nico<\/em><em>\u201d.\u00a0<\/em><\/h6>\n<p>Alberto Arrigoni \u2013 System Integrator\n<\/p><\/blockquote>\n<\/div>\n<\/div>\n<\/div>\n[\/vc_column_inner][\/vc_row_inner][\/vc_column][\/vc_row]\n","protected":false},"excerpt":{"rendered":"<p>[vc_row wrapper=&#8221;true&#8221;][vc_column width=&#8221;7\/12&#8243;][\/vc_column][vc_column width=&#8221;5\/12&#8243;][\/vc_column][\/vc_row][vc_row wrapper=&#8221;true&#8221; holder_set_margin=&#8221;true&#8221; holder_margin=&#8221;u-margin-bottom-large&#8221;][vc_column set_margin=&#8221;true&#8221; margin=&#8221;u-margin-bottom&#8221;][\/vc_column][vc_column width=&#8221;1\/4&#8243; set_margin=&#8221;true&#8221; margin=&#8221;u-margin-bottom-large&#8221;][vc_column_text txt_align=&#8221;u-text-center&#8221;]Normaliza os endere\u00e7os durante a digita\u00e7\u00e3o.[\/vc_column_text][\/vc_column][vc_column width=&#8221;1\/4&#8243; set_margin=&#8221;true&#8221; margin=&#8221;u-margin-bottom-large&#8221;][vc_column_text txt_align=&#8221;u-text-center&#8221;]Normaliza um banco de dados de endere\u00e7os postais.[\/vc_column_text][\/vc_column][vc_column width=&#8221;1\/4&#8243; set_margin=&#8221;true&#8221; margin=&#8221;u-margin-bottom-large&#8221;][vc_column_text txt_align=&#8221;u-text-center&#8221;]Integra a valida\u00e7\u00e3o de endere\u00e7os nos seus aplicativos empresariais e portais da internet.[\/vc_column_text][\/vc_column][vc_column width=&#8221;1\/4&#8243; set_margin=&#8221;true&#8221; margin=&#8221;u-margin-bottom-large&#8221;][vc_column_text txt_align=&#8221;u-text-center&#8221;]Incorpora Address4 em um aplicativo com um [&hellip;]<\/p>\n","protected":false},"author":2,"featured_media":0,"parent":0,"menu_order":0,"comment_status":"closed","ping_status":"closed","template":"templates\/template-fullwidth.php","meta":{"footnotes":""},"class_list":["post-276","page","type-page","status-publish","hentry"],"yoast_head":"<!-- This site is optimized with the Yoast SEO plugin v26.8 - https:\/\/yoast.com\/product\/yoast-seo-wordpress\/ -->\n<title>Servi\u00e7o de Verifica\u00e7\u00e3o de Endere\u00e7o - Address4<\/title>\n<meta name=\"description\" content=\"Servi\u00e7o de valida\u00e7\u00e3o de endere\u00e7o. Com o Address 4, todas as fun\u00e7\u00f5es que voc\u00ea precisa est\u00e3o a um clique de dist\u00e2ncia. Teste Agora Gratuitamente!\" \/>\n<meta name=\"robots\" content=\"index, follow, max-snippet:-1, max-image-preview:large, max-video-preview:-1\" \/>\n<link rel=\"canonical\" href=\"https:\/\/www.address4.com\/pt-br\" \/>\n<meta property=\"og:locale\" content=\"pt_BR\" \/>\n<meta property=\"og:type\" content=\"article\" \/>\n<meta property=\"og:title\" content=\"Servi\u00e7o de Verifica\u00e7\u00e3o de Endere\u00e7o - Address4\" \/>\n<meta property=\"og:description\" content=\"Servi\u00e7o de valida\u00e7\u00e3o de endere\u00e7o. Com o Address 4, todas as fun\u00e7\u00f5es que voc\u00ea precisa est\u00e3o a um clique de dist\u00e2ncia. Teste Agora Gratuitamente!\" \/>\n<meta property=\"og:url\" content=\"https:\/\/www.address4.com\/pt-br\" \/>\n<meta property=\"og:site_name\" content=\"Address 4\" \/>\n<meta property=\"article:modified_time\" content=\"2025-03-05T10:59:29+00:00\" \/>\n<meta name=\"twitter:card\" content=\"summary_large_image\" \/>\n<meta name=\"twitter:label1\" content=\"Est. tempo de leitura\" \/>\n\t<meta name=\"twitter:data1\" content=\"4 minutos\" \/>\n<script type=\"application\/ld+json\" class=\"yoast-schema-graph\">{\"@context\":\"https:\/\/schema.org\",\"@graph\":[{\"@type\":\"WebPage\",\"@id\":\"https:\/\/www.address4.com\/pt-br\",\"url\":\"https:\/\/www.address4.com\/pt-br\",\"name\":\"Servi\u00e7o de Verifica\u00e7\u00e3o de Endere\u00e7o - Address4\",\"isPartOf\":{\"@id\":\"https:\/\/www.address4.com\/#website\"},\"datePublished\":\"2018-03-01T14:28:29+00:00\",\"dateModified\":\"2025-03-05T10:59:29+00:00\",\"description\":\"Servi\u00e7o de valida\u00e7\u00e3o de endere\u00e7o. Com o Address 4, todas as fun\u00e7\u00f5es que voc\u00ea precisa est\u00e3o a um clique de dist\u00e2ncia. Teste Agora Gratuitamente!\",\"breadcrumb\":{\"@id\":\"https:\/\/www.address4.com\/pt-br#breadcrumb\"},\"inLanguage\":\"pt-BR\",\"potentialAction\":[{\"@type\":\"ReadAction\",\"target\":[\"https:\/\/www.address4.com\/pt-br\"]}]},{\"@type\":\"BreadcrumbList\",\"@id\":\"https:\/\/www.address4.com\/pt-br#breadcrumb\",\"itemListElement\":[{\"@type\":\"ListItem\",\"position\":1,\"name\":\"Home\",\"item\":\"https:\/\/www.address4.com\/pt-br\"},{\"@type\":\"ListItem\",\"position\":2,\"name\":\"In\u00edcio\"}]},{\"@type\":\"WebSite\",\"@id\":\"https:\/\/www.address4.com\/#website\",\"url\":\"https:\/\/www.address4.com\/\",\"name\":\"Address 4\",\"description\":\"Address Verification Service For Your Business\",\"potentialAction\":[{\"@type\":\"SearchAction\",\"target\":{\"@type\":\"EntryPoint\",\"urlTemplate\":\"https:\/\/www.address4.com\/?s={search_term_string}\"},\"query-input\":{\"@type\":\"PropertyValueSpecification\",\"valueRequired\":true,\"valueName\":\"search_term_string\"}}],\"inLanguage\":\"pt-BR\"}]}<\/script>\n<!-- \/ Yoast SEO plugin. -->","yoast_head_json":{"title":"Servi\u00e7o de Verifica\u00e7\u00e3o de Endere\u00e7o - Address4","description":"Servi\u00e7o de valida\u00e7\u00e3o de endere\u00e7o. Com o Address 4, todas as fun\u00e7\u00f5es que voc\u00ea precisa est\u00e3o a um clique de dist\u00e2ncia. Teste Agora Gratuitamente!","robots":{"index":"index","follow":"follow","max-snippet":"max-snippet:-1","max-image-preview":"max-image-preview:large","max-video-preview":"max-video-preview:-1"},"canonical":"https:\/\/www.address4.com\/pt-br","og_locale":"pt_BR","og_type":"article","og_title":"Servi\u00e7o de Verifica\u00e7\u00e3o de Endere\u00e7o - Address4","og_description":"Servi\u00e7o de valida\u00e7\u00e3o de endere\u00e7o. Com o Address 4, todas as fun\u00e7\u00f5es que voc\u00ea precisa est\u00e3o a um clique de dist\u00e2ncia. Teste Agora Gratuitamente!","og_url":"https:\/\/www.address4.com\/pt-br","og_site_name":"Address 4","article_modified_time":"2025-03-05T10:59:29+00:00","twitter_card":"summary_large_image","twitter_misc":{"Est. tempo de leitura":"4 minutos"},"schema":{"@context":"https:\/\/schema.org","@graph":[{"@type":"WebPage","@id":"https:\/\/www.address4.com\/pt-br","url":"https:\/\/www.address4.com\/pt-br","name":"Servi\u00e7o de Verifica\u00e7\u00e3o de Endere\u00e7o - Address4","isPartOf":{"@id":"https:\/\/www.address4.com\/#website"},"datePublished":"2018-03-01T14:28:29+00:00","dateModified":"2025-03-05T10:59:29+00:00","description":"Servi\u00e7o de valida\u00e7\u00e3o de endere\u00e7o. Com o Address 4, todas as fun\u00e7\u00f5es que voc\u00ea precisa est\u00e3o a um clique de dist\u00e2ncia. Teste Agora Gratuitamente!","breadcrumb":{"@id":"https:\/\/www.address4.com\/pt-br#breadcrumb"},"inLanguage":"pt-BR","potentialAction":[{"@type":"ReadAction","target":["https:\/\/www.address4.com\/pt-br"]}]},{"@type":"BreadcrumbList","@id":"https:\/\/www.address4.com\/pt-br#breadcrumb","itemListElement":[{"@type":"ListItem","position":1,"name":"Home","item":"https:\/\/www.address4.com\/pt-br"},{"@type":"ListItem","position":2,"name":"In\u00edcio"}]},{"@type":"WebSite","@id":"https:\/\/www.address4.com\/#website","url":"https:\/\/www.address4.com\/","name":"Address 4","description":"Address Verification Service For Your Business","potentialAction":[{"@type":"SearchAction","target":{"@type":"EntryPoint","urlTemplate":"https:\/\/www.address4.com\/?s={search_term_string}"},"query-input":{"@type":"PropertyValueSpecification","valueRequired":true,"valueName":"search_term_string"}}],"inLanguage":"pt-BR"}]}},"_links":{"self":[{"href":"https:\/\/www.address4.com\/pt-br\/wp-json\/wp\/v2\/pages\/276","targetHints":{"allow":["GET"]}}],"collection":[{"href":"https:\/\/www.address4.com\/pt-br\/wp-json\/wp\/v2\/pages"}],"about":[{"href":"https:\/\/www.address4.com\/pt-br\/wp-json\/wp\/v2\/types\/page"}],"author":[{"embeddable":true,"href":"https:\/\/www.address4.com\/pt-br\/wp-json\/wp\/v2\/users\/2"}],"replies":[{"embeddable":true,"href":"https:\/\/www.address4.com\/pt-br\/wp-json\/wp\/v2\/comments?post=276"}],"version-history":[{"count":6,"href":"https:\/\/www.address4.com\/pt-br\/wp-json\/wp\/v2\/pages\/276\/revisions"}],"predecessor-version":[{"id":4254,"href":"https:\/\/www.address4.com\/pt-br\/wp-json\/wp\/v2\/pages\/276\/revisions\/4254"}],"wp:attachment":[{"href":"https:\/\/www.address4.com\/pt-br\/wp-json\/wp\/v2\/media?parent=276"}],"curies":[{"name":"wp","href":"https:\/\/api.w.org\/{rel}","templated":true}]}}