{"id":1794,"date":"2018-07-09T15:50:23","date_gmt":"2018-07-09T14:50:23","guid":{"rendered":"http:\/\/www.address4.com\/?page_id=1794"},"modified":"2022-10-17T11:32:01","modified_gmt":"2022-10-17T10:32:01","slug":"elaboracao-batch","status":"publish","type":"page","link":"https:\/\/www.address4.com\/pt-br\/elaboracao-batch","title":{"rendered":"Elabora\u00e7\u00e3o Batch"},"content":{"rendered":"[vc_row holder_set_margin=&#8221;true&#8221; holder_margin=&#8221;u-margin-bottom&#8221;][vc_column]<div class=\"c-heading\"><h1 class=\" u-text-center\">Elabora\u00e7\u00e3o Batch e limpeza dos dados<\/h1><\/div><div class=\"c-heading\"><h3 class=\" u-text-normal u-text-center\">Normaliza o seu banco de dados de clientes, corrige os erros e acrescenta os dados em falta<\/h3><\/div><div class=\" c-divider\"\/><\/div>[\/vc_column][\/vc_row][vc_row][vc_column width=&#8221;2\/3&#8243;]<div class=\"c-heading\"><h3>Data cleansing<\/h3><\/div>[vc_column_text]Voc\u00ea tem um banco de dados de endere\u00e7os postais, dados pessoais de clientes\/fornecedores, etc. que quer normalizar, removendo todos os erros?<\/p>\n<p>Address4 pode analisar um banco de dados inteiro, com centenas de milhares de registros, limp\u00e1-lo e criar um banco de dados normalizado. Os dados em falta s\u00e3o corrigidos e os registros duplos s\u00e3o deduplicados. A valida\u00e7\u00e3o massiva dos dados de contato pode ser integrada diretamente em qualquer software aplicativo empresarial mediante simples APIs ou sob forma de plugin.<\/p>\n<p>A limpeza de inteiros bancos de dados, com milh\u00f5es de endere\u00e7os ou outros dados pessoais, \u00e9 uma opera\u00e7\u00e3o autom\u00e1tica que permite um salto de qualidade dos processos empresariais r\u00e1pido e enorme, com melhoramentos garantidos em termos de efici\u00eancia operativa.[\/vc_column_text]<div class=\"c-image\"><img loading=\"lazy\" decoding=\"async\" width=\"1024\" height=\"358\" src=\"https:\/\/www.address4.com\/wp-content\/uploads\/2018\/05\/architecture-business-cabinet-325229-1-1024x358.jpg\" class=\" u-margin-bottom alignone\" alt=\"\" srcset=\"https:\/\/www.address4.com\/wp-content\/uploads\/2018\/05\/architecture-business-cabinet-325229-1-1024x358.jpg 1024w, https:\/\/www.address4.com\/wp-content\/uploads\/2018\/05\/architecture-business-cabinet-325229-1-300x105.jpg 300w, https:\/\/www.address4.com\/wp-content\/uploads\/2018\/05\/architecture-business-cabinet-325229-1-768x269.jpg 768w, https:\/\/www.address4.com\/wp-content\/uploads\/2018\/05\/architecture-business-cabinet-325229-1.jpg 2048w\" sizes=\"auto, (max-width: 1024px) 100vw, 1024px\" \/><\/div>[vc_column_text]\n<h2>Controle e valida\u00e7\u00e3o dos dados e dos endere\u00e7os<\/h2>\n<p>Antes de realizar a normaliza\u00e7\u00e3o do seu banco de dado, voc\u00ea pode fazer uma an\u00e1lise gratuita para obter um quadro claro do n\u00edvel de qualidade do seu arquivo. Um teste completo que permite conhecer que tipo de resultado voc\u00ea poder\u00e1 obter.[\/vc_column_text]<div class=\"c-heading\"><h3 class=\" u-h4 u-text-color-invert u-margin-top-large u-margin-bottom-none u-padding u-background-color-four\">PREENCHA EM POUCOS SEGUNDOS PARA RECEBER A SUA DEMO GRATUITA<\/h3><\/div>[vc_row_inner holder_set_margin=&#8221;true&#8221; holder_margin=&#8221;u-margin-top-none&#8221;][vc_column_inner inner_bg_fx=&#8221;u-background-light&#8221; set_padding_inner=&#8221;true&#8221; padding_inner=&#8221;u-padding&#8221;]<div id=\"onboarding-app\" class=\"app-root\"><\/div><script>!function (e) { function t(t) { for (var n, i, l = t[0], a = t[1], f = t[2], c = 0, s = []; c < l.length; c++)i = l[c], Object.prototype.hasOwnProperty.call(o, i) && o[i] && s.push(o[i][0]), o[i] = 0; for (n in a) Object.prototype.hasOwnProperty.call(a, n) && (e[n] = a[n]); for (p && p(t); s.length;)s.shift()(); return u.push.apply(u, f || []), r() } function r() { for (var e, t = 0; t < u.length; t++) { for (var r = u[t], n = !0, l = 1; l < r.length; l++) { var a = r[l]; 0 !== o[a] && (n = !1) } n && (u.splice(t--, 1), e = i(i.s = r[0])) } return e } var n = {}, o = { 1: 0 }, u = []; function i(t) { if (n[t]) return n[t].exports; var r = n[t] = { i: t, l: !1, exports: {} }; return e[t].call(r.exports, r, r.exports, i), r.l = !0, r.exports } i.m = e, i.c = n, i.d = function (e, t, r) { i.o(e, t) || Object.defineProperty(e, t, { enumerable: !0, get: r }) }, i.r = function (e) { \"undefined\" != typeof Symbol && Symbol.toStringTag && Object.defineProperty(e, Symbol.toStringTag, { value: \"Module\" }), Object.defineProperty(e, \"__esModule\", { value: !0 }) }, i.t = function (e, t) { if (1 & t && (e = i(e)), 8 & t) return e; if (4 & t && \"object\" == typeof e && e && e.__esModule) return e; var r = Object.create(null); if (i.r(r), Object.defineProperty(r, \"default\", { enumerable: !0, value: e }), 2 & t && \"string\" != typeof e) for (var n in e) i.d(r, n, function (t) { return e[t] }.bind(null, n)); return r }, i.n = function (e) { var t = e && e.__esModule ? function () { return e.default } : function () { return e }; return i.d(t, \"a\", t), t }, i.o = function (e, t) { return Object.prototype.hasOwnProperty.call(e, t) }, i.p = \"\/\"; var l = this[\"webpackJsonpa4-utility\"] = this[\"webpackJsonpa4-utility\"] || [], a = l.push.bind(l); l.push = t, l = l.slice(); for (var f = 0; f < l.length; f++)t(l[f]); var p = a; r() }([])<\/script>[\/vc_column_inner][\/vc_row_inner][\/vc_column][vc_column width=&#8221;1\/3&#8243;]<div class=\"templatera_shortcode\"><div class=\"grid-1\"><div class=\"col _lap-and-up-12 u-margin-bottom\" ><a class=\"c-button u-margin-right-small u-margin-bottom c-button--secondary\" href=\"https:\/\/www.address4.com\/free-address-validation-services\">Fazer Teste Gratuito<\/a><a class=\"c-button u-margin-bottom c-button--tertiary\" href=\"https:\/\/www.address4.com\/services\/address-validation\/batch-address-validation\">Validar o seu banco de dados<\/a><div class=\" c-divider\"\/><\/div><div class=\"c-image\"><a href=\"https:\/\/www.address4.com\/ebook-1\"><img loading=\"lazy\" decoding=\"async\" width=\"345\" height=\"200\" src=\"https:\/\/www.address4.com\/wp-content\/uploads\/2018\/03\/PT-CTA-Ebook-Cost-Saving.png\" class=\" u-margin-bottom alignone\" alt=\"\" srcset=\"https:\/\/www.address4.com\/wp-content\/uploads\/2018\/03\/PT-CTA-Ebook-Cost-Saving.png 345w, https:\/\/www.address4.com\/wp-content\/uploads\/2018\/03\/PT-CTA-Ebook-Cost-Saving-300x174.png 300w\" sizes=\"auto, (max-width: 345px) 100vw, 345px\" \/><\/a><\/div><div class=\" c-divider\"\/><\/div><\/div>\n<\/div>\r\n<\/div>[\/vc_column][\/vc_row]\n","protected":false},"excerpt":{"rendered":"Fazer Teste GratuitoValidar o seu banco de dados","protected":false},"author":1,"featured_media":0,"parent":0,"menu_order":0,"comment_status":"closed","ping_status":"closed","template":"templates\/template-nosidebar.php","meta":{"footnotes":""},"class_list":["post-1794","page","type-page","status-publish","hentry"],"yoast_head":"<!-- This site is optimized with the Yoast SEO plugin v26.8 - https:\/\/yoast.com\/product\/yoast-seo-wordpress\/ -->\n<title>Elabora\u00e7\u00e3o Batch - Address 4<\/title>\n<meta name=\"robots\" content=\"index, follow, max-snippet:-1, max-image-preview:large, max-video-preview:-1\" \/>\n<link rel=\"canonical\" href=\"https:\/\/www.address4.com\/pt-br\/elaboracao-batch\" \/>\n<meta property=\"og:locale\" content=\"pt_BR\" \/>\n<meta property=\"og:type\" content=\"article\" \/>\n<meta property=\"og:title\" content=\"Elabora\u00e7\u00e3o Batch - Address 4\" \/>\n<meta property=\"og:url\" content=\"https:\/\/www.address4.com\/pt-br\/elaboracao-batch\" \/>\n<meta property=\"og:site_name\" content=\"Address 4\" \/>\n<meta property=\"article:modified_time\" content=\"2022-10-17T10:32:01+00:00\" \/>\n<meta name=\"twitter:card\" content=\"summary_large_image\" \/>\n<meta name=\"twitter:label1\" content=\"Est. tempo de leitura\" \/>\n\t<meta name=\"twitter:data1\" content=\"1 minuto\" \/>\n<script type=\"application\/ld+json\" class=\"yoast-schema-graph\">{\"@context\":\"https:\/\/schema.org\",\"@graph\":[{\"@type\":\"WebPage\",\"@id\":\"https:\/\/www.address4.com\/pt-br\/elaboracao-batch\",\"url\":\"https:\/\/www.address4.com\/pt-br\/elaboracao-batch\",\"name\":\"Elabora\u00e7\u00e3o Batch - Address 4\",\"isPartOf\":{\"@id\":\"https:\/\/www.address4.com\/#website\"},\"datePublished\":\"2018-07-09T14:50:23+00:00\",\"dateModified\":\"2022-10-17T10:32:01+00:00\",\"breadcrumb\":{\"@id\":\"https:\/\/www.address4.com\/pt-br\/elaboracao-batch#breadcrumb\"},\"inLanguage\":\"pt-BR\",\"potentialAction\":[{\"@type\":\"ReadAction\",\"target\":[\"https:\/\/www.address4.com\/pt-br\/elaboracao-batch\"]}]},{\"@type\":\"BreadcrumbList\",\"@id\":\"https:\/\/www.address4.com\/pt-br\/elaboracao-batch#breadcrumb\",\"itemListElement\":[{\"@type\":\"ListItem\",\"position\":1,\"name\":\"Home\",\"item\":\"https:\/\/www.address4.com\/pt-br\"},{\"@type\":\"ListItem\",\"position\":2,\"name\":\"Elabora\u00e7\u00e3o Batch\"}]},{\"@type\":\"WebSite\",\"@id\":\"https:\/\/www.address4.com\/#website\",\"url\":\"https:\/\/www.address4.com\/\",\"name\":\"Address 4\",\"description\":\"Address Verification Service For Your Business\",\"potentialAction\":[{\"@type\":\"SearchAction\",\"target\":{\"@type\":\"EntryPoint\",\"urlTemplate\":\"https:\/\/www.address4.com\/?s={search_term_string}\"},\"query-input\":{\"@type\":\"PropertyValueSpecification\",\"valueRequired\":true,\"valueName\":\"search_term_string\"}}],\"inLanguage\":\"pt-BR\"}]}<\/script>\n<!-- \/ Yoast SEO plugin. -->","yoast_head_json":{"title":"Elabora\u00e7\u00e3o Batch - Address 4","robots":{"index":"index","follow":"follow","max-snippet":"max-snippet:-1","max-image-preview":"max-image-preview:large","max-video-preview":"max-video-preview:-1"},"canonical":"https:\/\/www.address4.com\/pt-br\/elaboracao-batch","og_locale":"pt_BR","og_type":"article","og_title":"Elabora\u00e7\u00e3o Batch - Address 4","og_url":"https:\/\/www.address4.com\/pt-br\/elaboracao-batch","og_site_name":"Address 4","article_modified_time":"2022-10-17T10:32:01+00:00","twitter_card":"summary_large_image","twitter_misc":{"Est. tempo de leitura":"1 minuto"},"schema":{"@context":"https:\/\/schema.org","@graph":[{"@type":"WebPage","@id":"https:\/\/www.address4.com\/pt-br\/elaboracao-batch","url":"https:\/\/www.address4.com\/pt-br\/elaboracao-batch","name":"Elabora\u00e7\u00e3o Batch - Address 4","isPartOf":{"@id":"https:\/\/www.address4.com\/#website"},"datePublished":"2018-07-09T14:50:23+00:00","dateModified":"2022-10-17T10:32:01+00:00","breadcrumb":{"@id":"https:\/\/www.address4.com\/pt-br\/elaboracao-batch#breadcrumb"},"inLanguage":"pt-BR","potentialAction":[{"@type":"ReadAction","target":["https:\/\/www.address4.com\/pt-br\/elaboracao-batch"]}]},{"@type":"BreadcrumbList","@id":"https:\/\/www.address4.com\/pt-br\/elaboracao-batch#breadcrumb","itemListElement":[{"@type":"ListItem","position":1,"name":"Home","item":"https:\/\/www.address4.com\/pt-br"},{"@type":"ListItem","position":2,"name":"Elabora\u00e7\u00e3o Batch"}]},{"@type":"WebSite","@id":"https:\/\/www.address4.com\/#website","url":"https:\/\/www.address4.com\/","name":"Address 4","description":"Address Verification Service For Your Business","potentialAction":[{"@type":"SearchAction","target":{"@type":"EntryPoint","urlTemplate":"https:\/\/www.address4.com\/?s={search_term_string}"},"query-input":{"@type":"PropertyValueSpecification","valueRequired":true,"valueName":"search_term_string"}}],"inLanguage":"pt-BR"}]}},"_links":{"self":[{"href":"https:\/\/www.address4.com\/pt-br\/wp-json\/wp\/v2\/pages\/1794","targetHints":{"allow":["GET"]}}],"collection":[{"href":"https:\/\/www.address4.com\/pt-br\/wp-json\/wp\/v2\/pages"}],"about":[{"href":"https:\/\/www.address4.com\/pt-br\/wp-json\/wp\/v2\/types\/page"}],"author":[{"embeddable":true,"href":"https:\/\/www.address4.com\/pt-br\/wp-json\/wp\/v2\/users\/1"}],"replies":[{"embeddable":true,"href":"https:\/\/www.address4.com\/pt-br\/wp-json\/wp\/v2\/comments?post=1794"}],"version-history":[{"count":4,"href":"https:\/\/www.address4.com\/pt-br\/wp-json\/wp\/v2\/pages\/1794\/revisions"}],"predecessor-version":[{"id":4182,"href":"https:\/\/www.address4.com\/pt-br\/wp-json\/wp\/v2\/pages\/1794\/revisions\/4182"}],"wp:attachment":[{"href":"https:\/\/www.address4.com\/pt-br\/wp-json\/wp\/v2\/media?parent=1794"}],"curies":[{"name":"wp","href":"https:\/\/api.w.org\/{rel}","templated":true}]}}