{"id":1018,"date":"2018-03-23T13:14:57","date_gmt":"2018-03-23T13:14:57","guid":{"rendered":"http:\/\/www.address4.com\/?page_id=1018"},"modified":"2022-10-17T11:05:17","modified_gmt":"2022-10-17T10:05:17","slug":"validacao-enderecos-lotes","status":"publish","type":"page","link":"https:\/\/www.address4.com\/pt-br\/servicos\/validacao-endereco-internacional\/validacao-enderecos-lotes","title":{"rendered":"Valida\u00e7\u00e3o Endere\u00e7os em Lotes"},"content":{"rendered":"[vc_row wrapper=&#8221;true&#8221; holder_set_margin=&#8221;true&#8221; holder_margin=&#8221;u-margin-bottom&#8221;][vc_column]<div class=\"c-heading\"><h1 class=\" u-h1 u-text-center\">Valida\u00e7\u00e3o de Endere\u00e7os em Lotes<\/h1><\/div><div class=\"c-heading\"><h3 class=\" u-h3 u-text-normal u-text-center\">Valide agora o seu banco de dados em lotes (por transfer\u00eancia de arquivo)<\/h3><\/div>[\/vc_column][\/vc_row][vc_row wrapper=&#8221;true&#8221; holder_set_margin=&#8221;true&#8221; holder_margin=&#8221;u-margin-bottom&#8221;][vc_column width=&#8221;5\/12&#8243;]<div class=\"c-image\"><a href=\"https:\/\/www.address4.com\/free-address-validation-services\"><img loading=\"lazy\" decoding=\"async\" width=\"428\" height=\"259\" src=\"https:\/\/www.address4.com\/wp-content\/uploads\/2018\/03\/normalizzazione-batch-indirizzi.jpg\" class=\" u-margin-bottom aligncenter\" alt=\"\" srcset=\"https:\/\/www.address4.com\/wp-content\/uploads\/2018\/03\/normalizzazione-batch-indirizzi.jpg 428w, https:\/\/www.address4.com\/wp-content\/uploads\/2018\/03\/normalizzazione-batch-indirizzi-300x182.jpg 300w\" sizes=\"auto, (max-width: 428px) 100vw, 428px\" \/><\/a><\/div>[\/vc_column][vc_column width=&#8221;7\/12&#8243;]<div class=\"c-heading\"><h3>Bancos de dados contendo milhares de elementos<\/h3><\/div>[vc_column_text]\n<div class=\"row-fluid-wrapper row-depth-1 row-number-5 \">\n<div class=\"row-fluid \">\n<div class=\"span12 widget-span widget-type-cell \" data-widget-type=\"cell\" data-x=\"0\" data-w=\"12\">\n<div class=\"row-fluid-wrapper row-depth-1 row-number-6 \">\n<div class=\"row-fluid \">\n<div class=\"span12 widget-span widget-type-cell \" data-widget-type=\"cell\" data-x=\"0\" data-w=\"12\">\n<div class=\"row-fluid-wrapper row-depth-1 row-number-7 \">\n<div class=\"row-fluid \">\n<div class=\"span6 widget-span widget-type-rich_text \" data-widget-type=\"rich_text\" data-x=\"6\" data-w=\"6\">\n<div class=\"cell-wrapper layout-widget-wrapper\">\n<p><strong>A valida\u00e7\u00e3o de endere\u00e7o em lote\u00a0<\/strong><strong>\u00e9 um servi\u00e7o<\/strong>\u00a0dedicado a grandes bases de dados. Arquivos complexos contendo centenas e milhares de elementos que precisam ser verificados e normalizados. Com o Address4 voc\u00ea pode experimentar uma demonstra\u00e7\u00e3o online: digite os dados necess\u00e1rios no campo e envie o arquivo; O banco de dados ser\u00e1 validado e voc\u00ea receber\u00e1 imediatamente um relat\u00f3rio gratuito.<\/p>\n<p>Carregar um banco de dados est\u00e1 ficando f\u00e1cil.\u00a0<strong>Basta enviar-nos um arquivo estruturado<\/strong>\u00a0e em pouco tempo processaremos o seu pedido.<\/p>\n<\/div>\n<\/div>\n<\/div>\n<\/div>\n<div class=\"row-fluid-wrapper row-depth-1 row-number-8 \">\n<div class=\"row-fluid \">\n<div class=\"span6 widget-span widget-type-rich_text \" data-widget-type=\"rich_text\" data-x=\"0\" data-w=\"6\">\n<div class=\"cell-wrapper layout-widget-wrapper\"><\/div>\n<\/div>\n<div class=\"span6 widget-span widget-type-rich_text \" data-widget-type=\"rich_text\" data-x=\"6\" data-w=\"6\">\n<div class=\"cell-wrapper layout-widget-wrapper\"><\/div>\n<\/div>\n<\/div>\n<\/div>\n<div class=\"row-fluid-wrapper row-depth-1 row-number-9 \">\n<div class=\"row-fluid \">\n<div class=\"span12 widget-span widget-type-rich_text \" data-widget-type=\"rich_text\" data-x=\"0\" data-w=\"12\">\n<div class=\"cell-wrapper layout-widget-wrapper\"><\/div>\n<\/div>\n<\/div>\n<\/div>\n<\/div>\n<\/div>\n<\/div>\n<div class=\"row-fluid-wrapper row-depth-1 row-number-10 \">\n<div class=\"row-fluid \">\n<div class=\"span2 widget-span widget-type-rich_text \" data-widget-type=\"rich_text\" data-x=\"0\" data-w=\"2\">\n<div class=\"cell-wrapper layout-widget-wrapper\"><\/div>\n<\/div>\n<div class=\"span3 widget-span widget-type-rich_text \" data-widget-type=\"rich_text\" data-x=\"2\" data-w=\"3\">\n<div class=\"cell-wrapper layout-widget-wrapper\"><\/div>\n<\/div>\n<div class=\"span7 widget-span widget-type-rich_text \" data-widget-type=\"rich_text\" data-x=\"5\" data-w=\"7\">\n<div class=\"cell-wrapper layout-widget-wrapper\"><\/div>\n<\/div>\n<\/div>\n<\/div>\n<div class=\"row-fluid-wrapper row-depth-1 row-number-11 \">\n<div class=\"row-fluid \">\n<div class=\"span12 widget-span widget-type-space \" data-widget-type=\"space\" data-x=\"0\" data-w=\"12\">\n<div class=\"cell-wrapper layout-widget-wrapper\"><\/div>\n<\/div>\n<\/div>\n<\/div>\n<\/div>\n<\/div>\n<\/div>\n<div class=\"row-fluid-wrapper row-depth-1 row-number-12 \">\n<div class=\"row-fluid \">\n<div class=\"span12 widget-span widget-type-cell colored-bg-fullwidth large-padding light-gray\" data-widget-type=\"cell\" data-x=\"0\" data-w=\"12\">\n<div class=\"row-fluid-wrapper row-depth-1 row-number-13 \">\n<div class=\"row-fluid \">\n<div class=\"span9 widget-span widget-type-rich_text \" data-widget-type=\"rich_text\" data-x=\"0\" data-w=\"9\">\n<div class=\"cell-wrapper layout-widget-wrapper\"><\/div>\n<\/div>\n<\/div>\n<\/div>\n<\/div>\n<\/div>\n<\/div>\n[\/vc_column_text]<a class=\"c-button u-margin-right u-margin-bottom c-button--secondary\" href=\"https:\/\/www.address4.com\/free-address-validation-services\">Fazer Teste Gratuito<\/a>[\/vc_column][\/vc_row][vc_row][vc_column]<div class=\"templatera_shortcode\"><div class=\"o-holder u-background-light u-margin-bottom-large u-padding-vertical-large\"><div class=\" o-wrapper\"><div class=\"grid-1\"><div class=\"col _lap-and-up-8\" ><div class=\"c-heading\"><h3>N\u00e3o perca \u201cRedu\u00e7\u00e3o de Custos & Valida\u00e7\u00e3o de Endere\u00e7o\u201d<\/h3><\/div><div class=\"c-heading\"><h3>Fa\u00e7a o DOWNLOAD do seu eBook GRATUITAMENTE e descubra como melhorar a qualidade dos seus dados<\/h3><\/div><div class=\"c-text-block\"><p>Guia completo com os benef\u00edcios econ\u00f4micos da valida\u00e7\u00e3o<\/p>\n <\/div><a class=\"c-button c-button--secondary\" href=\"https:\/\/www.address4.com\/ebook-1\">Fazer download do eBook<\/a><\/div><div class=\"col _lap-and-up-4\" ><div class=\"c-image\"><a href=\"https:\/\/www.address4.com\/ebook-1\"><img loading=\"lazy\" decoding=\"async\" width=\"205\" height=\"286\" src=\"https:\/\/www.address4.com\/wp-content\/uploads\/2018\/03\/ebook-address-validation-cost-saving-S.png\" class=\" alignone\" alt=\"ebook-address-validation-cost-saving-S\" \/><\/a><\/div><\/div>\n<\/div><\/div><\/div><\/div>[\/vc_column][\/vc_row][vc_row wrapper=&#8221;true&#8221; holder_set_margin=&#8221;true&#8221; holder_margin=&#8221;u-margin-bottom-large&#8221;][vc_column width=&#8221;5\/12&#8243;]<div class=\"c-image\"><img loading=\"lazy\" decoding=\"async\" width=\"400\" height=\"300\" src=\"https:\/\/www.address4.com\/wp-content\/uploads\/2018\/03\/batch-address-validation.jpg\" class=\" aligncenter\" alt=\"Batch address validation\" srcset=\"https:\/\/www.address4.com\/wp-content\/uploads\/2018\/03\/batch-address-validation.jpg 400w, https:\/\/www.address4.com\/wp-content\/uploads\/2018\/03\/batch-address-validation-300x225.jpg 300w\" sizes=\"auto, (max-width: 400px) 100vw, 400px\" \/><\/div>[\/vc_column][vc_column width=&#8221;7\/12&#8243;]<div class=\"c-heading\"><h3>Valida\u00e7\u00e3o de endere\u00e7o em lote com o Address4: an\u00e1lise estat\u00edstica e gerenciamento de anomalia<\/h3><\/div>[vc_column_text]A valida\u00e7\u00e3o de endere\u00e7o em lote \u00e9 para quem precisa gerenciar bancos de dados contendo milhares ou milh\u00f5es de registros. O Address 4 recebe o arquivo contendo os dados e executa uma an\u00e1lise estat\u00edstica preliminar, formata\u00e7\u00e3o de endere\u00e7os, qualquer interven\u00e7\u00e3o de geocodifica\u00e7\u00e3o e\/ou desduplica\u00e7\u00e3o e gerenciamento de anomalias.<\/p>\n<p>A valida\u00e7\u00e3o de endere\u00e7o em lote \u00e9 particularmente \u00fatil em marketing, geomarketing e transporta\u00e7\u00e3o, bem como para todos aqueles que n\u00e3o t\u00eam habilidades adequadas no campo de qualidade de dados e desejam verificar as informa\u00e7\u00f5es em seus bancos de dados sem integrar APIs e servi\u00e7os da web. \u00c9 uma solu\u00e7\u00e3o r\u00e1pida, conveniente e segura para usu\u00e1rios finais, profissionais e qualquer pessoa procurando o m\u00e1ximo em desempenho corporativo.[\/vc_column_text][\/vc_column][\/vc_row][vc_row wrapper=&#8221;true&#8221; wrapper_class=&#8221;o-wrapper&#8211;slim&#8221;][vc_column]<div class=\"c-heading\"><h3 class=\" u-h4 u-text-color-invert u-margin-top-large u-margin-bottom-none u-padding u-background-color-four\">Favor preencher todos os campos necess\u00e1rios primeiro<\/h3><\/div>[vc_row_inner holder_set_margin=&#8221;true&#8221; holder_margin=&#8221;u-margin-top-none&#8221;][vc_column_inner inner_bg_fx=&#8221;u-background-light&#8221; set_padding_inner=&#8221;true&#8221; padding_inner=&#8221;u-padding&#8221;]<div id=\"onboarding-app\" class=\"app-root\"><\/div><script>!function (e) { function t(t) { for (var n, i, l = t[0], a = t[1], f = t[2], c = 0, s = []; c < l.length; c++)i = l[c], Object.prototype.hasOwnProperty.call(o, i) && o[i] && s.push(o[i][0]), o[i] = 0; for (n in a) Object.prototype.hasOwnProperty.call(a, n) && (e[n] = a[n]); for (p && p(t); s.length;)s.shift()(); return u.push.apply(u, f || []), r() } function r() { for (var e, t = 0; t < u.length; t++) { for (var r = u[t], n = !0, l = 1; l < r.length; l++) { var a = r[l]; 0 !== o[a] && (n = !1) } n && (u.splice(t--, 1), e = i(i.s = r[0])) } return e } var n = {}, o = { 1: 0 }, u = []; function i(t) { if (n[t]) return n[t].exports; var r = n[t] = { i: t, l: !1, exports: {} }; return e[t].call(r.exports, r, r.exports, i), r.l = !0, r.exports } i.m = e, i.c = n, i.d = function (e, t, r) { i.o(e, t) || Object.defineProperty(e, t, { enumerable: !0, get: r }) }, i.r = function (e) { \"undefined\" != typeof Symbol && Symbol.toStringTag && Object.defineProperty(e, Symbol.toStringTag, { value: \"Module\" }), Object.defineProperty(e, \"__esModule\", { value: !0 }) }, i.t = function (e, t) { if (1 & t && (e = i(e)), 8 & t) return e; if (4 & t && \"object\" == typeof e && e && e.__esModule) return e; var r = Object.create(null); if (i.r(r), Object.defineProperty(r, \"default\", { enumerable: !0, value: e }), 2 & t && \"string\" != typeof e) for (var n in e) i.d(r, n, function (t) { return e[t] }.bind(null, n)); return r }, i.n = function (e) { var t = e && e.__esModule ? function () { return e.default } : function () { return e }; return i.d(t, \"a\", t), t }, i.o = function (e, t) { return Object.prototype.hasOwnProperty.call(e, t) }, i.p = \"\/\"; var l = this[\"webpackJsonpa4-utility\"] = this[\"webpackJsonpa4-utility\"] || [], a = l.push.bind(l); l.push = t, l = l.slice(); for (var f = 0; f < l.length; f++)t(l[f]); var p = a; r() }([])<\/script>[\/vc_column_inner][\/vc_row_inner][\/vc_column][\/vc_row][vc_row wrapper=&#8221;true&#8221; holder_set_padding=&#8221;true&#8221; holder_padding=&#8221;u-padding-vertical&#8221;][vc_column width=&#8221;1\/3&#8243;]<div class=\"c-mediabox u-margin-bottom\">\n<div class=\" o-media\">\n<div class=\"o-media__img\">\n<div class=\"ico-wrap ico-wrap--center\"><i class=\"ico ico--xl fal fa-file-check\"><\/i><\/div>\n<\/div>\n<div class=\"o-media__body\">\n<h4>Valida\u00e7\u00e3o em lote via web<\/h4>\n<p>Com o Address4 voc\u00ea pode validar o seu banco de dados de endere\u00e7os postais via web extremamente r\u00e1pido e de forma eficiente<\/p><\/div>\n<\/div>\n<\/div>\n[\/vc_column][vc_column width=&#8221;1\/3&#8243;]<div class=\"c-mediabox u-margin-bottom\">\n<div class=\" o-media\">\n<div class=\"o-media__img\">\n<div class=\"ico-wrap ico-wrap--center\"><i class=\"ico ico--xl fab fa-cloudscale\"><\/i><\/div>\n<\/div>\n<div class=\"o-media__body\">\n<h4>Alta performance<\/h4>\n<p>Verificar e validar os dados significa limpar os seus erros, informa\u00e7\u00f5es incorretas ou duplicadas, melhorando o arquivo, preenchendo os campos em falta.<\/p><\/div>\n<\/div>\n<\/div>\n[\/vc_column][vc_column width=&#8221;1\/3&#8243;]<div class=\"c-mediabox u-margin-bottom\">\n<div class=\" o-media\">\n<div class=\"o-media__img\">\n<div class=\"ico-wrap ico-wrap--center\"><i class=\"ico ico--xl fal fa-map-signs\"><\/i><\/div>\n<\/div>\n<div class=\"o-media__body\">\n<h4>Servi\u00e7os extras<\/h4>\n<p>Geocodifica\u00e7\u00e3o, valida\u00e7\u00e3o de nome, valida\u00e7\u00e3o de endere\u00e7os de e-mail \u2026 com o Address4 voc\u00ea ter\u00e1 tudo que precisa para deixar seu neg\u00f3cio mais eficiente.<\/p><\/div>\n<\/div>\n<\/div>\n[\/vc_column][\/vc_row][vc_row][vc_column][\/vc_column][\/vc_row]\n","protected":false},"excerpt":{"rendered":"The Latest From Our Blog","protected":false},"author":2,"featured_media":0,"parent":342,"menu_order":0,"comment_status":"closed","ping_status":"closed","template":"templates\/template-fullwidth.php","meta":{"footnotes":""},"class_list":["post-1018","page","type-page","status-publish","hentry"],"yoast_head":"<!-- This site is optimized with the Yoast SEO plugin v26.8 - https:\/\/yoast.com\/product\/yoast-seo-wordpress\/ -->\n<title>Servi\u00e7o de Valida\u00e7\u00e3o de Endere\u00e7os em Lote - Address4<\/title>\n<meta name=\"description\" content=\"Com o Address4 voc\u00ea ter\u00e1 acesso a um servi\u00e7o de valida\u00e7\u00e3o de endere\u00e7os em lote. Envie-nos o Seu Arquivo Agora Mesmo \u2013 Demo Gratuita Dispon\u00edvel!\" \/>\n<meta name=\"robots\" content=\"index, follow, max-snippet:-1, max-image-preview:large, max-video-preview:-1\" \/>\n<link rel=\"canonical\" href=\"https:\/\/www.address4.com\/pt-br\/servicos\/validacao-endereco-internacional\/validacao-enderecos-lotes\" \/>\n<meta property=\"og:locale\" content=\"pt_BR\" \/>\n<meta property=\"og:type\" content=\"article\" \/>\n<meta property=\"og:title\" content=\"Servi\u00e7o de Valida\u00e7\u00e3o de Endere\u00e7os em Lote - Address4\" \/>\n<meta property=\"og:description\" content=\"Com o Address4 voc\u00ea ter\u00e1 acesso a um servi\u00e7o de valida\u00e7\u00e3o de endere\u00e7os em lote. Envie-nos o Seu Arquivo Agora Mesmo \u2013 Demo Gratuita Dispon\u00edvel!\" \/>\n<meta property=\"og:url\" content=\"https:\/\/www.address4.com\/pt-br\/servicos\/validacao-endereco-internacional\/validacao-enderecos-lotes\" \/>\n<meta property=\"og:site_name\" content=\"Address 4\" \/>\n<meta property=\"article:modified_time\" content=\"2022-10-17T10:05:17+00:00\" \/>\n<meta name=\"twitter:card\" content=\"summary_large_image\" \/>\n<meta name=\"twitter:label1\" content=\"Est. tempo de leitura\" \/>\n\t<meta name=\"twitter:data1\" content=\"2 minutos\" \/>\n<script type=\"application\/ld+json\" class=\"yoast-schema-graph\">{\"@context\":\"https:\/\/schema.org\",\"@graph\":[{\"@type\":\"WebPage\",\"@id\":\"https:\/\/www.address4.com\/pt-br\/servicos\/validacao-endereco-internacional\/validacao-enderecos-lotes\",\"url\":\"https:\/\/www.address4.com\/pt-br\/servicos\/validacao-endereco-internacional\/validacao-enderecos-lotes\",\"name\":\"Servi\u00e7o de Valida\u00e7\u00e3o de Endere\u00e7os em Lote - Address4\",\"isPartOf\":{\"@id\":\"https:\/\/www.address4.com\/#website\"},\"datePublished\":\"2018-03-23T13:14:57+00:00\",\"dateModified\":\"2022-10-17T10:05:17+00:00\",\"description\":\"Com o Address4 voc\u00ea ter\u00e1 acesso a um servi\u00e7o de valida\u00e7\u00e3o de endere\u00e7os em lote. Envie-nos o Seu Arquivo Agora Mesmo \u2013 Demo Gratuita Dispon\u00edvel!\",\"breadcrumb\":{\"@id\":\"https:\/\/www.address4.com\/pt-br\/servicos\/validacao-endereco-internacional\/validacao-enderecos-lotes#breadcrumb\"},\"inLanguage\":\"pt-BR\",\"potentialAction\":[{\"@type\":\"ReadAction\",\"target\":[\"https:\/\/www.address4.com\/pt-br\/servicos\/validacao-endereco-internacional\/validacao-enderecos-lotes\"]}]},{\"@type\":\"BreadcrumbList\",\"@id\":\"https:\/\/www.address4.com\/pt-br\/servicos\/validacao-endereco-internacional\/validacao-enderecos-lotes#breadcrumb\",\"itemListElement\":[{\"@type\":\"ListItem\",\"position\":1,\"name\":\"Home\",\"item\":\"https:\/\/www.address4.com\/pt-br\"},{\"@type\":\"ListItem\",\"position\":2,\"name\":\"Servicos\",\"item\":\"https:\/\/www.address4.com\/pt-br\/servicos\"},{\"@type\":\"ListItem\",\"position\":3,\"name\":\"Valida\u00e7\u00e3o de Endere\u00e7o\",\"item\":\"https:\/\/www.address4.com\/pt-br\/servicos\/validacao-endereco-internacional\"},{\"@type\":\"ListItem\",\"position\":4,\"name\":\"Valida\u00e7\u00e3o Endere\u00e7os em Lotes\"}]},{\"@type\":\"WebSite\",\"@id\":\"https:\/\/www.address4.com\/#website\",\"url\":\"https:\/\/www.address4.com\/\",\"name\":\"Address 4\",\"description\":\"Address Verification Service For Your Business\",\"potentialAction\":[{\"@type\":\"SearchAction\",\"target\":{\"@type\":\"EntryPoint\",\"urlTemplate\":\"https:\/\/www.address4.com\/?s={search_term_string}\"},\"query-input\":{\"@type\":\"PropertyValueSpecification\",\"valueRequired\":true,\"valueName\":\"search_term_string\"}}],\"inLanguage\":\"pt-BR\"}]}<\/script>\n<!-- \/ Yoast SEO plugin. -->","yoast_head_json":{"title":"Servi\u00e7o de Valida\u00e7\u00e3o de Endere\u00e7os em Lote - Address4","description":"Com o Address4 voc\u00ea ter\u00e1 acesso a um servi\u00e7o de valida\u00e7\u00e3o de endere\u00e7os em lote. Envie-nos o Seu Arquivo Agora Mesmo \u2013 Demo Gratuita Dispon\u00edvel!","robots":{"index":"index","follow":"follow","max-snippet":"max-snippet:-1","max-image-preview":"max-image-preview:large","max-video-preview":"max-video-preview:-1"},"canonical":"https:\/\/www.address4.com\/pt-br\/servicos\/validacao-endereco-internacional\/validacao-enderecos-lotes","og_locale":"pt_BR","og_type":"article","og_title":"Servi\u00e7o de Valida\u00e7\u00e3o de Endere\u00e7os em Lote - Address4","og_description":"Com o Address4 voc\u00ea ter\u00e1 acesso a um servi\u00e7o de valida\u00e7\u00e3o de endere\u00e7os em lote. Envie-nos o Seu Arquivo Agora Mesmo \u2013 Demo Gratuita Dispon\u00edvel!","og_url":"https:\/\/www.address4.com\/pt-br\/servicos\/validacao-endereco-internacional\/validacao-enderecos-lotes","og_site_name":"Address 4","article_modified_time":"2022-10-17T10:05:17+00:00","twitter_card":"summary_large_image","twitter_misc":{"Est. tempo de leitura":"2 minutos"},"schema":{"@context":"https:\/\/schema.org","@graph":[{"@type":"WebPage","@id":"https:\/\/www.address4.com\/pt-br\/servicos\/validacao-endereco-internacional\/validacao-enderecos-lotes","url":"https:\/\/www.address4.com\/pt-br\/servicos\/validacao-endereco-internacional\/validacao-enderecos-lotes","name":"Servi\u00e7o de Valida\u00e7\u00e3o de Endere\u00e7os em Lote - Address4","isPartOf":{"@id":"https:\/\/www.address4.com\/#website"},"datePublished":"2018-03-23T13:14:57+00:00","dateModified":"2022-10-17T10:05:17+00:00","description":"Com o Address4 voc\u00ea ter\u00e1 acesso a um servi\u00e7o de valida\u00e7\u00e3o de endere\u00e7os em lote. Envie-nos o Seu Arquivo Agora Mesmo \u2013 Demo Gratuita Dispon\u00edvel!","breadcrumb":{"@id":"https:\/\/www.address4.com\/pt-br\/servicos\/validacao-endereco-internacional\/validacao-enderecos-lotes#breadcrumb"},"inLanguage":"pt-BR","potentialAction":[{"@type":"ReadAction","target":["https:\/\/www.address4.com\/pt-br\/servicos\/validacao-endereco-internacional\/validacao-enderecos-lotes"]}]},{"@type":"BreadcrumbList","@id":"https:\/\/www.address4.com\/pt-br\/servicos\/validacao-endereco-internacional\/validacao-enderecos-lotes#breadcrumb","itemListElement":[{"@type":"ListItem","position":1,"name":"Home","item":"https:\/\/www.address4.com\/pt-br"},{"@type":"ListItem","position":2,"name":"Servicos","item":"https:\/\/www.address4.com\/pt-br\/servicos"},{"@type":"ListItem","position":3,"name":"Valida\u00e7\u00e3o de Endere\u00e7o","item":"https:\/\/www.address4.com\/pt-br\/servicos\/validacao-endereco-internacional"},{"@type":"ListItem","position":4,"name":"Valida\u00e7\u00e3o Endere\u00e7os em Lotes"}]},{"@type":"WebSite","@id":"https:\/\/www.address4.com\/#website","url":"https:\/\/www.address4.com\/","name":"Address 4","description":"Address Verification Service For Your Business","potentialAction":[{"@type":"SearchAction","target":{"@type":"EntryPoint","urlTemplate":"https:\/\/www.address4.com\/?s={search_term_string}"},"query-input":{"@type":"PropertyValueSpecification","valueRequired":true,"valueName":"search_term_string"}}],"inLanguage":"pt-BR"}]}},"_links":{"self":[{"href":"https:\/\/www.address4.com\/pt-br\/wp-json\/wp\/v2\/pages\/1018","targetHints":{"allow":["GET"]}}],"collection":[{"href":"https:\/\/www.address4.com\/pt-br\/wp-json\/wp\/v2\/pages"}],"about":[{"href":"https:\/\/www.address4.com\/pt-br\/wp-json\/wp\/v2\/types\/page"}],"author":[{"embeddable":true,"href":"https:\/\/www.address4.com\/pt-br\/wp-json\/wp\/v2\/users\/2"}],"replies":[{"embeddable":true,"href":"https:\/\/www.address4.com\/pt-br\/wp-json\/wp\/v2\/comments?post=1018"}],"version-history":[{"count":5,"href":"https:\/\/www.address4.com\/pt-br\/wp-json\/wp\/v2\/pages\/1018\/revisions"}],"predecessor-version":[{"id":4169,"href":"https:\/\/www.address4.com\/pt-br\/wp-json\/wp\/v2\/pages\/1018\/revisions\/4169"}],"up":[{"embeddable":true,"href":"https:\/\/www.address4.com\/pt-br\/wp-json\/wp\/v2\/pages\/342"}],"wp:attachment":[{"href":"https:\/\/www.address4.com\/pt-br\/wp-json\/wp\/v2\/media?parent=1018"}],"curies":[{"name":"wp","href":"https:\/\/api.w.org\/{rel}","templated":true}]}}