{"id":801,"date":"2018-03-08T11:37:22","date_gmt":"2018-03-08T11:37:22","guid":{"rendered":"http:\/\/www.address4.com\/?page_id=801"},"modified":"2021-09-10T18:00:19","modified_gmt":"2021-09-10T17:00:19","slug":"geocodifica-indirizzi-batch","status":"publish","type":"page","link":"https:\/\/www.address4.com\/it\/servizi\/geocodifica\/geocodifica-indirizzi-batch","title":{"rendered":"Geocodifica Batch"},"content":{"rendered":"[vc_row wrapper=&#8221;true&#8221; holder_set_margin=&#8221;true&#8221; holder_margin=&#8221;u-margin-bottom&#8221;][vc_column]<div class=\"c-heading\"><h1 class=\" u-h1 u-text-center\">Geocodifica Indirizzi Batch Massiva<\/h1><\/div><div class=\"c-heading\"><h3 class=\" u-h3 u-text-normal u-text-center\">TRIAL GRATUITO ACCESSO IMMEDAITO: Geocodifica la tua Lista di Indirizzi Postali in pochi istanti<\/h3><\/div><div class=\"c-heading\"><h3 class=\" u-h3 u-text-normal u-text-center\">Subito e Gratis per te 100 Crediti Gratuiti \u2192 Non devi aggiungere nessuna carta di credito<\/h3><\/div>[\/vc_column][\/vc_row][vc_row wrapper=&#8221;true&#8221; holder_set_margin=&#8221;true&#8221; holder_margin=&#8221;u-margin-bottom&#8221;][vc_column width=&#8221;5\/12&#8243;]<div class=\"c-image\"><a href=\"https:\/\/www.address4.com\/free-address-validation-services\"><img loading=\"lazy\" decoding=\"async\" width=\"700\" height=\"448\" src=\"https:\/\/www.address4.com\/wp-content\/uploads\/2021\/03\/geocodifica-indirizzi-batch.jpg\" class=\" u-margin-bottom aligncenter\" alt=\"geocodifica batch\" srcset=\"https:\/\/www.address4.com\/wp-content\/uploads\/2021\/03\/geocodifica-indirizzi-batch.jpg 700w, https:\/\/www.address4.com\/wp-content\/uploads\/2021\/03\/geocodifica-indirizzi-batch-300x192.jpg 300w\" sizes=\"auto, (max-width: 700px) 100vw, 700px\" \/><\/a><\/div>[\/vc_column][vc_column width=&#8221;7\/12&#8243;]<div class=\"c-heading\"><h3>La geocodifica massiva di indirizzi via web: Prova Subito Gratis<\/h3><\/div>[vc_column_text]<strong><a href=\"https:\/\/www.address4.com\/it\/free-trial\">Iscriviti al trial gratuito<\/a><\/strong> e in pochi istanti potrai accedere alla piattaforma Address4 e avere una dimostrazione immediata della <strong>geocodifica batch o geocodifica massiva di indirizzi<\/strong>.<\/p>\n<p>E&#8217; sufficiente compilare il form, accedere e allegare il database o la lista di indirizzi da geocodificare: Address4 ti indicher\u00e0 subito la latitudine e la longitudine di ogni singolo indirizzo e riceverai immediatamente un report gratuito relativo all\u2019intero processo e la lista di coordinate.<\/p>\n<p>Mandaci semplicemente il database in un file strutturato (accettiamo molti formati) e in un poco tempo <strong>elaboreremo la tua richiesta gratuitamente<\/strong>![\/vc_column_text]<a class=\"c-button u-margin-right u-margin-bottom c-button--secondary\" href=\"https:\/\/www.address4.com\/free-address-validation-services\">Prova il Trial Adesso: 100 Crediti Gratis<\/a>[\/vc_column][\/vc_row][vc_row][vc_column]<div class=\"templatera_shortcode\"><div class=\"o-holder u-background-light u-margin-bottom-large u-padding-vertical-large\"><div class=\" o-wrapper\"><div class=\"grid-1\"><div class=\"col _lap-and-up-8\" ><div class=\"c-heading\"><h3>Non perdere \u201cCost Saving & Validazione Degli Indirizzi\u201d<\/h3><\/div><div class=\"c-heading\"><h3>Scarica il nostro ebook gratuito e scopri come migliorare la qualit\u00e0 dei dati del tuo database anagrafico e database indirizzi<\/h3><\/div><div class=\"c-text-block\"><p>La guida completa con i vantaggi economici della validazione<\/p>\n <\/div><a class=\"c-button c-button--secondary\" href=\"https:\/\/www.address4.com\/ebook-1\">Scarica l'eBook<\/a><\/div><div class=\"col _lap-and-up-4\" ><div class=\"c-image\"><a href=\"https:\/\/www.address4.com\/ebook-1\"><img loading=\"lazy\" decoding=\"async\" width=\"205\" height=\"286\" src=\"https:\/\/www.address4.com\/wp-content\/uploads\/2018\/03\/ebook-address-validation-cost-saving-S.png\" class=\" alignone\" alt=\"ebook-address-validation-cost-saving-S\" \/><\/a><\/div><\/div>\n<\/div><\/div><\/div><\/div>[\/vc_column][\/vc_row][vc_row wrapper=&#8221;true&#8221; holder_set_margin=&#8221;true&#8221; holder_margin=&#8221;u-margin-bottom&#8221;][vc_column width=&#8221;5\/12&#8243;]<div class=\"c-image\"><img loading=\"lazy\" decoding=\"async\" width=\"400\" height=\"300\" src=\"https:\/\/www.address4.com\/wp-content\/uploads\/2021\/03\/geocodifica-massiva-liste-indirizzi.jpg\" class=\" u-margin-bottom aligncenter\" alt=\"geocodifica massiva liste indirizzi\" srcset=\"https:\/\/www.address4.com\/wp-content\/uploads\/2021\/03\/geocodifica-massiva-liste-indirizzi.jpg 400w, https:\/\/www.address4.com\/wp-content\/uploads\/2021\/03\/geocodifica-massiva-liste-indirizzi-300x225.jpg 300w\" sizes=\"auto, (max-width: 400px) 100vw, 400px\" \/><\/div>[\/vc_column][vc_column width=&#8221;7\/12&#8243;]<div class=\"c-heading\"><h3>Tool online per la geocodifica massiva di liste o database di indirizzi postali<\/h3><\/div>[vc_column_text]Garantire una geocodifica massiva degli indirizzi completa e accurata \u00e8 l&#8217;obiettivo di Address4, servizio online accessibile in qualsiasi momento e da qualunque parte del mondo tramite connessione web. Grazie alle numerose funzionalit\u00e0, il nostro software risulta un alleato prezioso nello sviluppo di API, tool e applicativi da integrare in siti web, piattaforme o gestionali.<\/p>\n<p>I risultati che si possono ottenere sono molteplici: calcolo delle direzioni e delle distanze tra due o pi\u00f9 punti, latitudine e longitudine di una determinata localit\u00e0, calcolo della posizione pi\u00f9 vicina a un certo punto di interesse, tracciatura del percorso migliore in termini di brevit\u00e0 e costi e molto altro ancora.\u00a0System integrator, developer e informatici professionisti scopriranno con Address4 infinite opportunit\u00e0 per una geocodifica massiva degli indirizzi all&#8217;altezza delle aspettative sotto ogni punto di vista. Il massimo per rafforzare il proprio business e raggiungere un livello di competitivit\u00e0 superiore in oltre 250 paesi in Europa, Asia, Africa, Oceania e Americhe.[\/vc_column_text][\/vc_column][\/vc_row][vc_row][vc_column]<div class=\"templatera_shortcode\"><div class=\"o-holder u-background-light u-margin-bottom-large u-padding-vertical-large\"><div class=\"grid-1\"><div class=\"col _lap-and-up-12\" ><div class=\"c-heading\"><h3 class=\" u-h2 u-text-center\"> Iscriviti Gratis al Trial Address 4<\/h3><\/div><div class=\"c-button-holder c-button-holder--center\"><a class=\"c-button c-button--center u-margin-bottom c-button--secondary\" href=\"https:\/\/www.address4.com\/free-address-validation-services\">Registrati<\/a><\/div><div class=\"c-heading\"><h3 class=\" u-text-center\">Nessun pagamento, nessun obbligo, massima soddisfazione<\/h3><\/div><\/div>\n<\/div><\/div><\/div>[\/vc_column][\/vc_row][vc_row wrapper=&#8221;true&#8221; holder_set_margin=&#8221;true&#8221; holder_margin=&#8221;u-margin-bottom-large&#8221;][vc_column width=&#8221;1\/3&#8243;]<div class=\"c-mediabox u-margin-bottom\">\n<div class=\" o-media\">\n<div class=\"o-media__img\">\n<div class=\"ico-wrap ico-wrap--center\"><i class=\"ico ico--xl fal fa-check\"><\/i><\/div>\n<\/div>\n<div class=\"o-media__body\">\n<h4>Performance & Qualit\u00e0<\/h4>\n<p>La geocodifica di liste e database indirizzi con Address4 \u00e8 una garanzia per chi cerca perfomance a prezzi vantaggiosi.<\/p><\/div>\n<\/div>\n<\/div>\n[\/vc_column][vc_column width=&#8221;1\/3&#8243;]<div class=\"c-mediabox u-margin-bottom\">\n<div class=\" o-media\">\n<div class=\"o-media__img\">\n<div class=\"ico-wrap ico-wrap--center\"><i class=\"ico ico--xl fal fa-server\"><\/i><\/div>\n<\/div>\n<div class=\"o-media__body\">\n<h4>Record Multipli<\/h4>\n<p>Per ogni database la gestione di record multipli permette di organizzare anagrafiche complesse con efficienza.<\/p><\/div>\n<\/div>\n<\/div>\n[\/vc_column][vc_column width=&#8221;1\/3&#8243;]<div class=\"c-mediabox u-margin-bottom\">\n<div class=\" o-media\">\n<div class=\"o-media__img\">\n<div class=\"ico-wrap ico-wrap--center\"><i class=\"ico ico--xl fal fa-comments\"><\/i><\/div>\n<\/div>\n<div class=\"o-media__body\">\n<h4>Completa Autonomia<\/h4>\n<p>Address4 \u00e8 operativo online 24 ore su 24 per qualunque sistema operativo, garantendo pieno controllo e autonomia.<\/p><\/div>\n<\/div>\n<\/div>\n[\/vc_column][\/vc_row][vc_row][vc_column][\/vc_column][\/vc_row]\n","protected":false},"excerpt":{"rendered":"The Latest From Our BlogCome rendere l&#8217;inserimento dati veloce, efficace e accuratoPu\u00f2 un&#8217;attivit\u00e0 di inserimento dati essere veloce, efficace e accurata? La risposta dipende innanzitutto dalle risorse che abbiamo a disposizione per la raccolta dati, ma non solo. Se fino a pochi anni fa l&#8217;inserimento dei dati, o data entry, avveniva per lo pi\u00f9 a [...]","protected":false},"author":2,"featured_media":0,"parent":412,"menu_order":0,"comment_status":"closed","ping_status":"closed","template":"templates\/template-fullwidth.php","meta":{"footnotes":""},"class_list":["post-801","page","type-page","status-publish","hentry"],"yoast_head":"<!-- This site is optimized with the Yoast SEO plugin v26.8 - https:\/\/yoast.com\/product\/yoast-seo-wordpress\/ -->\n<title>Geocodifica Indirizzi Batch. 1\u00b0 Prova Gratis via Web - Address4<\/title>\n<meta name=\"description\" content=\"Geocodifica massiva di liste o database di indirizzi italiani, europei e internazionali. Prova Subito la Demo Gratuita di Address 4!\" \/>\n<meta name=\"robots\" content=\"index, follow, max-snippet:-1, max-image-preview:large, max-video-preview:-1\" \/>\n<link rel=\"canonical\" href=\"https:\/\/www.address4.com\/it\/servizi\/geocodifica\/geocodifica-indirizzi-batch\" \/>\n<meta property=\"og:locale\" content=\"it_IT\" \/>\n<meta property=\"og:type\" content=\"article\" \/>\n<meta property=\"og:title\" content=\"Geocodifica Indirizzi Batch. 1\u00b0 Prova Gratis via Web - Address4\" \/>\n<meta property=\"og:description\" content=\"Geocodifica massiva di liste o database di indirizzi italiani, europei e internazionali. Prova Subito la Demo Gratuita di Address 4!\" \/>\n<meta property=\"og:url\" content=\"https:\/\/www.address4.com\/it\/servizi\/geocodifica\/geocodifica-indirizzi-batch\" \/>\n<meta property=\"og:site_name\" content=\"Address 4\" \/>\n<meta property=\"article:modified_time\" content=\"2021-09-10T17:00:19+00:00\" \/>\n<meta name=\"twitter:card\" content=\"summary_large_image\" \/>\n<meta name=\"twitter:label1\" content=\"Tempo di lettura stimato\" \/>\n\t<meta name=\"twitter:data1\" content=\"2 minuti\" \/>\n<script type=\"application\/ld+json\" class=\"yoast-schema-graph\">{\"@context\":\"https:\/\/schema.org\",\"@graph\":[{\"@type\":\"WebPage\",\"@id\":\"https:\/\/www.address4.com\/it\/servizi\/geocodifica\/geocodifica-indirizzi-batch\",\"url\":\"https:\/\/www.address4.com\/it\/servizi\/geocodifica\/geocodifica-indirizzi-batch\",\"name\":\"Geocodifica Indirizzi Batch. 1\u00b0 Prova Gratis via Web - Address4\",\"isPartOf\":{\"@id\":\"https:\/\/www.address4.com\/#website\"},\"datePublished\":\"2018-03-08T11:37:22+00:00\",\"dateModified\":\"2021-09-10T17:00:19+00:00\",\"description\":\"Geocodifica massiva di liste o database di indirizzi italiani, europei e internazionali. Prova Subito la Demo Gratuita di Address 4!\",\"breadcrumb\":{\"@id\":\"https:\/\/www.address4.com\/it\/servizi\/geocodifica\/geocodifica-indirizzi-batch#breadcrumb\"},\"inLanguage\":\"it-IT\",\"potentialAction\":[{\"@type\":\"ReadAction\",\"target\":[\"https:\/\/www.address4.com\/it\/servizi\/geocodifica\/geocodifica-indirizzi-batch\"]}]},{\"@type\":\"BreadcrumbList\",\"@id\":\"https:\/\/www.address4.com\/it\/servizi\/geocodifica\/geocodifica-indirizzi-batch#breadcrumb\",\"itemListElement\":[{\"@type\":\"ListItem\",\"position\":1,\"name\":\"Home\",\"item\":\"https:\/\/www.address4.com\/it\"},{\"@type\":\"ListItem\",\"position\":2,\"name\":\"Servizi\",\"item\":\"https:\/\/www.address4.com\/it\/servizi\"},{\"@type\":\"ListItem\",\"position\":3,\"name\":\"Geocodifica\",\"item\":\"https:\/\/www.address4.com\/it\/servizi\/geocodifica\"},{\"@type\":\"ListItem\",\"position\":4,\"name\":\"Geocodifica Batch\"}]},{\"@type\":\"WebSite\",\"@id\":\"https:\/\/www.address4.com\/#website\",\"url\":\"https:\/\/www.address4.com\/\",\"name\":\"Address 4\",\"description\":\"Address Verification Service For Your Business\",\"potentialAction\":[{\"@type\":\"SearchAction\",\"target\":{\"@type\":\"EntryPoint\",\"urlTemplate\":\"https:\/\/www.address4.com\/?s={search_term_string}\"},\"query-input\":{\"@type\":\"PropertyValueSpecification\",\"valueRequired\":true,\"valueName\":\"search_term_string\"}}],\"inLanguage\":\"it-IT\"}]}<\/script>\n<!-- \/ Yoast SEO plugin. -->","yoast_head_json":{"title":"Geocodifica Indirizzi Batch. 1\u00b0 Prova Gratis via Web - Address4","description":"Geocodifica massiva di liste o database di indirizzi italiani, europei e internazionali. Prova Subito la Demo Gratuita di Address 4!","robots":{"index":"index","follow":"follow","max-snippet":"max-snippet:-1","max-image-preview":"max-image-preview:large","max-video-preview":"max-video-preview:-1"},"canonical":"https:\/\/www.address4.com\/it\/servizi\/geocodifica\/geocodifica-indirizzi-batch","og_locale":"it_IT","og_type":"article","og_title":"Geocodifica Indirizzi Batch. 1\u00b0 Prova Gratis via Web - Address4","og_description":"Geocodifica massiva di liste o database di indirizzi italiani, europei e internazionali. Prova Subito la Demo Gratuita di Address 4!","og_url":"https:\/\/www.address4.com\/it\/servizi\/geocodifica\/geocodifica-indirizzi-batch","og_site_name":"Address 4","article_modified_time":"2021-09-10T17:00:19+00:00","twitter_card":"summary_large_image","twitter_misc":{"Tempo di lettura stimato":"2 minuti"},"schema":{"@context":"https:\/\/schema.org","@graph":[{"@type":"WebPage","@id":"https:\/\/www.address4.com\/it\/servizi\/geocodifica\/geocodifica-indirizzi-batch","url":"https:\/\/www.address4.com\/it\/servizi\/geocodifica\/geocodifica-indirizzi-batch","name":"Geocodifica Indirizzi Batch. 1\u00b0 Prova Gratis via Web - Address4","isPartOf":{"@id":"https:\/\/www.address4.com\/#website"},"datePublished":"2018-03-08T11:37:22+00:00","dateModified":"2021-09-10T17:00:19+00:00","description":"Geocodifica massiva di liste o database di indirizzi italiani, europei e internazionali. Prova Subito la Demo Gratuita di Address 4!","breadcrumb":{"@id":"https:\/\/www.address4.com\/it\/servizi\/geocodifica\/geocodifica-indirizzi-batch#breadcrumb"},"inLanguage":"it-IT","potentialAction":[{"@type":"ReadAction","target":["https:\/\/www.address4.com\/it\/servizi\/geocodifica\/geocodifica-indirizzi-batch"]}]},{"@type":"BreadcrumbList","@id":"https:\/\/www.address4.com\/it\/servizi\/geocodifica\/geocodifica-indirizzi-batch#breadcrumb","itemListElement":[{"@type":"ListItem","position":1,"name":"Home","item":"https:\/\/www.address4.com\/it"},{"@type":"ListItem","position":2,"name":"Servizi","item":"https:\/\/www.address4.com\/it\/servizi"},{"@type":"ListItem","position":3,"name":"Geocodifica","item":"https:\/\/www.address4.com\/it\/servizi\/geocodifica"},{"@type":"ListItem","position":4,"name":"Geocodifica Batch"}]},{"@type":"WebSite","@id":"https:\/\/www.address4.com\/#website","url":"https:\/\/www.address4.com\/","name":"Address 4","description":"Address Verification Service For Your Business","potentialAction":[{"@type":"SearchAction","target":{"@type":"EntryPoint","urlTemplate":"https:\/\/www.address4.com\/?s={search_term_string}"},"query-input":{"@type":"PropertyValueSpecification","valueRequired":true,"valueName":"search_term_string"}}],"inLanguage":"it-IT"}]}},"_links":{"self":[{"href":"https:\/\/www.address4.com\/it\/wp-json\/wp\/v2\/pages\/801","targetHints":{"allow":["GET"]}}],"collection":[{"href":"https:\/\/www.address4.com\/it\/wp-json\/wp\/v2\/pages"}],"about":[{"href":"https:\/\/www.address4.com\/it\/wp-json\/wp\/v2\/types\/page"}],"author":[{"embeddable":true,"href":"https:\/\/www.address4.com\/it\/wp-json\/wp\/v2\/users\/2"}],"replies":[{"embeddable":true,"href":"https:\/\/www.address4.com\/it\/wp-json\/wp\/v2\/comments?post=801"}],"version-history":[{"count":4,"href":"https:\/\/www.address4.com\/it\/wp-json\/wp\/v2\/pages\/801\/revisions"}],"predecessor-version":[{"id":3708,"href":"https:\/\/www.address4.com\/it\/wp-json\/wp\/v2\/pages\/801\/revisions\/3708"}],"up":[{"embeddable":true,"href":"https:\/\/www.address4.com\/it\/wp-json\/wp\/v2\/pages\/412"}],"wp:attachment":[{"href":"https:\/\/www.address4.com\/it\/wp-json\/wp\/v2\/media?parent=801"}],"curies":[{"name":"wp","href":"https:\/\/api.w.org\/{rel}","templated":true}]}}