{"id":656,"date":"2018-03-06T18:54:29","date_gmt":"2018-03-06T18:54:29","guid":{"rendered":"http:\/\/www.address4.com\/?page_id=656"},"modified":"2021-02-25T09:19:43","modified_gmt":"2021-02-25T08:19:43","slug":"post-code-lookup","status":"publish","type":"page","link":"https:\/\/www.address4.com\/it\/servizi\/normalizzazione-indirizzi\/post-code-lookup","title":{"rendered":"Ricerca CAP"},"content":{"rendered":"[vc_row wrapper=&#8221;true&#8221; holder_set_margin=&#8221;true&#8221; holder_margin=&#8221;u-margin-bottom&#8221;][vc_column]<div class=\"c-heading\"><h1 class=\" u-h1 u-text-center\">Ricerca Codice Postale - Cerca CAP<\/h1><\/div><div class=\"c-heading\"><h3 class=\" u-h3 u-text-normal u-text-center\">Per conoscere il post code con precisione e sicurezza<\/h3><\/div>[\/vc_column][\/vc_row][vc_row wrapper=&#8221;true&#8221; holder_set_margin=&#8221;true&#8221; holder_margin=&#8221;u-margin-bottom&#8221;][vc_column width=&#8221;5\/12&#8243;]<div class=\"c-image\"><a href=\"https:\/\/www.address4.com\/free-address-validation-services\"><img loading=\"lazy\" decoding=\"async\" width=\"446\" height=\"269\" src=\"https:\/\/www.address4.com\/wp-content\/uploads\/2018\/03\/postcode_lookup.jpg\" class=\" u-margin-bottom aligncenter\" alt=\"postcode lookup\" srcset=\"https:\/\/www.address4.com\/wp-content\/uploads\/2018\/03\/postcode_lookup.jpg 446w, https:\/\/www.address4.com\/wp-content\/uploads\/2018\/03\/postcode_lookup-300x181.jpg 300w\" sizes=\"auto, (max-width: 446px) 100vw, 446px\" \/><\/a><\/div>[\/vc_column][vc_column width=&#8221;7\/12&#8243;]<div class=\"c-heading\"><h3>Ricerca CAP per gli indirizzi postali<\/h3><\/div>[vc_column_text]Risalire al codice postale avendo a disposizione pochi dati \u00e8 un obiettivo reso possibile dal software Address4 grazie all&#8217;apposita funzionalit\u00e0 di post code lookup. Il programma trova il codice postale associato a un determinato insieme di opzioni (nome paese, nome citt\u00e0, indirizzo), restituendo il dato aggiornato e corretto.<\/p>\n<p>La compilazione del form permette di testare di persona il servizio online di post code lookup, come sempre senza impegno e senza alcun bisogno di registrazione. Provalo subito![\/vc_column_text]<a class=\"c-button u-margin-right u-margin-bottom c-button--primary  c-button--ghost\" href=\"https:\/\/www.address4.com\/free-address-validation-services\">Registrati<\/a><a class=\"c-button c-button--primary  c-button--ghost\" href=\"https:\/\/www.address4.com\/services\/address-validation\/batch-address-validation\">Carica un file<\/a>[\/vc_column][\/vc_row][vc_row][vc_column]<div class=\"templatera_shortcode\"><div class=\"o-holder u-background-light u-margin-bottom-large u-padding-vertical-large\"><div class=\" o-wrapper\"><div class=\"grid-1\"><div class=\"col _lap-and-up-8\" ><div class=\"c-heading\"><h3>Non perdere \u201cCost Saving & Validazione Degli Indirizzi\u201d<\/h3><\/div><div class=\"c-heading\"><h3>Scarica il nostro ebook gratuito e scopri come migliorare la qualit\u00e0 dei dati del tuo database anagrafico e database indirizzi<\/h3><\/div><div class=\"c-text-block\"><p>La guida completa con i vantaggi economici della validazione<\/p>\n <\/div><a class=\"c-button c-button--secondary\" href=\"https:\/\/www.address4.com\/ebook-1\">Scarica l'eBook<\/a><\/div><div class=\"col _lap-and-up-4\" ><div class=\"c-image\"><a href=\"https:\/\/www.address4.com\/ebook-1\"><img loading=\"lazy\" decoding=\"async\" width=\"205\" height=\"286\" src=\"https:\/\/www.address4.com\/wp-content\/uploads\/2018\/03\/ebook-address-validation-cost-saving-S.png\" class=\" alignone\" alt=\"ebook-address-validation-cost-saving-S\" \/><\/a><\/div><\/div>\n<\/div><\/div><\/div><\/div>[\/vc_column][\/vc_row][vc_row wrapper=&#8221;true&#8221; holder_set_margin=&#8221;true&#8221; holder_margin=&#8221;u-margin-bottom-large&#8221;][vc_column]<div class=\"c-heading\"><h3>Trovare il codici postale esatto con Address 4<\/h3><\/div>[vc_column_text]Ogni indirizzo \u00e8 associato a uno o pi\u00f9 codici postali e ogni codice postale \u00e8 associato a uno o pi\u00f9 indirizzi. Attraverso il servizio di post code lookup, Address 4 consente agli utenti di ottenere il dato esatto con le minime informazioni necessarie. \u00c8 sufficiente inserire nella mascherina i dati richiesti per visualizzare all&#8217;istante il codice postale di riferimento.<\/p>\n<p>Il servizio \u00e8 rivolto a web developer, titolari di ecommerce, addetti al data entry e CRM e chiunque abbia esigenze di trovare il codice postale mancante per attivit\u00e0 di spedizione, registrazione dati e trattamento anagrafiche, cos\u00ec come per migliorare la data quality complessiva dei propri database.<\/p>\n<p>L&#8217;interfaccia grafica di Address 4 \u00e8 stata sviluppata per facilitare la ricerca anche da parte di utenti senza esperienza con software di informatica. La piattaforma \u00e8 accessibile 24 ore su 24 e per 365 giorni l&#8217;anno attraverso qualsiasi dispositivo dotato di connessione Internet e assicura una gestione completamente autonoma delle operazioni di ricerca e validazione di indirizzi.[\/vc_column_text][\/vc_column][\/vc_row][vc_row][vc_column]<div class=\"templatera_shortcode\"><div class=\"o-holder u-background-light u-margin-bottom-large u-padding-vertical-large\"><div class=\"grid-1\"><div class=\"col _lap-and-up-12\" ><div class=\"c-heading\"><h3 class=\" u-h2 u-text-center\"> Iscriviti Gratis al Trial Address 4<\/h3><\/div><div class=\"c-button-holder c-button-holder--center\"><a class=\"c-button c-button--center u-margin-bottom c-button--secondary\" href=\"https:\/\/www.address4.com\/free-address-validation-services\">Registrati<\/a><\/div><div class=\"c-heading\"><h3 class=\" u-text-center\">Nessun pagamento, nessun obbligo, massima soddisfazione<\/h3><\/div><\/div>\n<\/div><\/div><\/div>[\/vc_column][\/vc_row][vc_row wrapper=&#8221;true&#8221; holder_set_padding=&#8221;true&#8221; holder_padding=&#8221;u-padding-vertical&#8221;][vc_column width=&#8221;1\/3&#8243;]<div class=\"c-mediabox u-margin-bottom\">\n<div class=\" o-media\">\n<div class=\"o-media__img\">\n<div class=\"ico-wrap ico-wrap--center\"><i class=\"ico ico--xl fal fa-shield-check\"><\/i><\/div>\n<\/div>\n<div class=\"o-media__body\">\n<h4>Database Aggiornato<\/h4>\n<p>Il servizio di post code lookup \u00e8 basato su database aggiornati di continuo per garantire dati corretti e verificati.<\/p><\/div>\n<\/div>\n<\/div>\n[\/vc_column][vc_column width=&#8221;1\/3&#8243;]<div class=\"c-mediabox u-margin-bottom\">\n<div class=\" o-media\">\n<div class=\"o-media__img\">\n<div class=\"ico-wrap ico-wrap--center\"><i class=\"ico ico--xl fal fa-chart-line\"><\/i><\/div>\n<\/div>\n<div class=\"o-media__body\">\n<h4>Risultati Immediati<\/h4>\n<p>Per ottenere il codice postale non occorre scaricare programmi o installare plug in, basta utilizzare la piattaforma online.<\/p><\/div>\n<\/div>\n<\/div>\n[\/vc_column][vc_column width=&#8221;1\/3&#8243;]<div class=\"c-mediabox u-margin-bottom\">\n<div class=\" o-media\">\n<div class=\"o-media__img\">\n<div class=\"ico-wrap ico-wrap--center\"><i class=\"ico ico--xl fal fa-globe\"><\/i><\/div>\n<\/div>\n<div class=\"o-media__body\">\n<h4>Oltre 250 Paesi<\/h4>\n<p>\u00c8 possibile conoscere il codice postale associato a un indirizzo in oltre 250 paesi in Europa, Americhe, Asia, Africa e Oceania.<\/p><\/div>\n<\/div>\n<\/div>\n[\/vc_column][\/vc_row][vc_row][vc_column][\/vc_column][\/vc_row]\n","protected":false},"excerpt":{"rendered":"The Latest From Our BlogCome rendere l&#8217;inserimento dati veloce, efficace e accuratoPu\u00f2 un&#8217;attivit\u00e0 di inserimento dati essere veloce, efficace e accurata? La risposta dipende innanzitutto dalle risorse che abbiamo a disposizione per la raccolta dati, ma non solo. Se fino a pochi anni fa l&#8217;inserimento dei dati, o data entry, avveniva per lo pi\u00f9 a [...]","protected":false},"author":2,"featured_media":0,"parent":339,"menu_order":0,"comment_status":"closed","ping_status":"closed","template":"templates\/template-fullwidth.php","meta":{"footnotes":""},"class_list":["post-656","page","type-page","status-publish","hentry"],"yoast_head":"<!-- This site is optimized with the Yoast SEO plugin v26.8 - https:\/\/yoast.com\/product\/yoast-seo-wordpress\/ -->\n<title>Servizio online di ricerca codice postale - Address4<\/title>\n<meta name=\"description\" content=\"Desideri conoscere il codice postale associato a un indirizzo? Prova il servizio di Post Code Lookup e ottieni subito l&#039;informazione mancante!\" \/>\n<meta name=\"robots\" content=\"index, follow, max-snippet:-1, max-image-preview:large, max-video-preview:-1\" \/>\n<link rel=\"canonical\" href=\"https:\/\/www.address4.com\/it\/servizi\/normalizzazione-indirizzi\/post-code-lookup\" \/>\n<meta property=\"og:locale\" content=\"it_IT\" \/>\n<meta property=\"og:type\" content=\"article\" \/>\n<meta property=\"og:title\" content=\"Servizio online di ricerca codice postale - Address4\" \/>\n<meta property=\"og:description\" content=\"Desideri conoscere il codice postale associato a un indirizzo? Prova il servizio di Post Code Lookup e ottieni subito l&#039;informazione mancante!\" \/>\n<meta property=\"og:url\" content=\"https:\/\/www.address4.com\/it\/servizi\/normalizzazione-indirizzi\/post-code-lookup\" \/>\n<meta property=\"og:site_name\" content=\"Address 4\" \/>\n<meta property=\"article:modified_time\" content=\"2021-02-25T08:19:43+00:00\" \/>\n<meta name=\"twitter:card\" content=\"summary_large_image\" \/>\n<meta name=\"twitter:label1\" content=\"Tempo di lettura stimato\" \/>\n\t<meta name=\"twitter:data1\" content=\"2 minuti\" \/>\n<script type=\"application\/ld+json\" class=\"yoast-schema-graph\">{\"@context\":\"https:\/\/schema.org\",\"@graph\":[{\"@type\":\"WebPage\",\"@id\":\"https:\/\/www.address4.com\/it\/servizi\/normalizzazione-indirizzi\/post-code-lookup\",\"url\":\"https:\/\/www.address4.com\/it\/servizi\/normalizzazione-indirizzi\/post-code-lookup\",\"name\":\"Servizio online di ricerca codice postale - Address4\",\"isPartOf\":{\"@id\":\"https:\/\/www.address4.com\/#website\"},\"datePublished\":\"2018-03-06T18:54:29+00:00\",\"dateModified\":\"2021-02-25T08:19:43+00:00\",\"description\":\"Desideri conoscere il codice postale associato a un indirizzo? Prova il servizio di Post Code Lookup e ottieni subito l'informazione mancante!\",\"breadcrumb\":{\"@id\":\"https:\/\/www.address4.com\/it\/servizi\/normalizzazione-indirizzi\/post-code-lookup#breadcrumb\"},\"inLanguage\":\"it-IT\",\"potentialAction\":[{\"@type\":\"ReadAction\",\"target\":[\"https:\/\/www.address4.com\/it\/servizi\/normalizzazione-indirizzi\/post-code-lookup\"]}]},{\"@type\":\"BreadcrumbList\",\"@id\":\"https:\/\/www.address4.com\/it\/servizi\/normalizzazione-indirizzi\/post-code-lookup#breadcrumb\",\"itemListElement\":[{\"@type\":\"ListItem\",\"position\":1,\"name\":\"Home\",\"item\":\"https:\/\/www.address4.com\/it\"},{\"@type\":\"ListItem\",\"position\":2,\"name\":\"Servizi\",\"item\":\"https:\/\/www.address4.com\/it\/servizi\"},{\"@type\":\"ListItem\",\"position\":3,\"name\":\"Normalizzazione Indirizzi postali\",\"item\":\"https:\/\/www.address4.com\/it\/servizi\/normalizzazione-indirizzi\"},{\"@type\":\"ListItem\",\"position\":4,\"name\":\"Ricerca CAP\"}]},{\"@type\":\"WebSite\",\"@id\":\"https:\/\/www.address4.com\/#website\",\"url\":\"https:\/\/www.address4.com\/\",\"name\":\"Address 4\",\"description\":\"Address Verification Service For Your Business\",\"potentialAction\":[{\"@type\":\"SearchAction\",\"target\":{\"@type\":\"EntryPoint\",\"urlTemplate\":\"https:\/\/www.address4.com\/?s={search_term_string}\"},\"query-input\":{\"@type\":\"PropertyValueSpecification\",\"valueRequired\":true,\"valueName\":\"search_term_string\"}}],\"inLanguage\":\"it-IT\"}]}<\/script>\n<!-- \/ Yoast SEO plugin. -->","yoast_head_json":{"title":"Servizio online di ricerca codice postale - Address4","description":"Desideri conoscere il codice postale associato a un indirizzo? Prova il servizio di Post Code Lookup e ottieni subito l'informazione mancante!","robots":{"index":"index","follow":"follow","max-snippet":"max-snippet:-1","max-image-preview":"max-image-preview:large","max-video-preview":"max-video-preview:-1"},"canonical":"https:\/\/www.address4.com\/it\/servizi\/normalizzazione-indirizzi\/post-code-lookup","og_locale":"it_IT","og_type":"article","og_title":"Servizio online di ricerca codice postale - Address4","og_description":"Desideri conoscere il codice postale associato a un indirizzo? Prova il servizio di Post Code Lookup e ottieni subito l'informazione mancante!","og_url":"https:\/\/www.address4.com\/it\/servizi\/normalizzazione-indirizzi\/post-code-lookup","og_site_name":"Address 4","article_modified_time":"2021-02-25T08:19:43+00:00","twitter_card":"summary_large_image","twitter_misc":{"Tempo di lettura stimato":"2 minuti"},"schema":{"@context":"https:\/\/schema.org","@graph":[{"@type":"WebPage","@id":"https:\/\/www.address4.com\/it\/servizi\/normalizzazione-indirizzi\/post-code-lookup","url":"https:\/\/www.address4.com\/it\/servizi\/normalizzazione-indirizzi\/post-code-lookup","name":"Servizio online di ricerca codice postale - Address4","isPartOf":{"@id":"https:\/\/www.address4.com\/#website"},"datePublished":"2018-03-06T18:54:29+00:00","dateModified":"2021-02-25T08:19:43+00:00","description":"Desideri conoscere il codice postale associato a un indirizzo? Prova il servizio di Post Code Lookup e ottieni subito l'informazione mancante!","breadcrumb":{"@id":"https:\/\/www.address4.com\/it\/servizi\/normalizzazione-indirizzi\/post-code-lookup#breadcrumb"},"inLanguage":"it-IT","potentialAction":[{"@type":"ReadAction","target":["https:\/\/www.address4.com\/it\/servizi\/normalizzazione-indirizzi\/post-code-lookup"]}]},{"@type":"BreadcrumbList","@id":"https:\/\/www.address4.com\/it\/servizi\/normalizzazione-indirizzi\/post-code-lookup#breadcrumb","itemListElement":[{"@type":"ListItem","position":1,"name":"Home","item":"https:\/\/www.address4.com\/it"},{"@type":"ListItem","position":2,"name":"Servizi","item":"https:\/\/www.address4.com\/it\/servizi"},{"@type":"ListItem","position":3,"name":"Normalizzazione Indirizzi postali","item":"https:\/\/www.address4.com\/it\/servizi\/normalizzazione-indirizzi"},{"@type":"ListItem","position":4,"name":"Ricerca CAP"}]},{"@type":"WebSite","@id":"https:\/\/www.address4.com\/#website","url":"https:\/\/www.address4.com\/","name":"Address 4","description":"Address Verification Service For Your Business","potentialAction":[{"@type":"SearchAction","target":{"@type":"EntryPoint","urlTemplate":"https:\/\/www.address4.com\/?s={search_term_string}"},"query-input":{"@type":"PropertyValueSpecification","valueRequired":true,"valueName":"search_term_string"}}],"inLanguage":"it-IT"}]}},"_links":{"self":[{"href":"https:\/\/www.address4.com\/it\/wp-json\/wp\/v2\/pages\/656","targetHints":{"allow":["GET"]}}],"collection":[{"href":"https:\/\/www.address4.com\/it\/wp-json\/wp\/v2\/pages"}],"about":[{"href":"https:\/\/www.address4.com\/it\/wp-json\/wp\/v2\/types\/page"}],"author":[{"embeddable":true,"href":"https:\/\/www.address4.com\/it\/wp-json\/wp\/v2\/users\/2"}],"replies":[{"embeddable":true,"href":"https:\/\/www.address4.com\/it\/wp-json\/wp\/v2\/comments?post=656"}],"version-history":[{"count":7,"href":"https:\/\/www.address4.com\/it\/wp-json\/wp\/v2\/pages\/656\/revisions"}],"predecessor-version":[{"id":3190,"href":"https:\/\/www.address4.com\/it\/wp-json\/wp\/v2\/pages\/656\/revisions\/3190"}],"up":[{"embeddable":true,"href":"https:\/\/www.address4.com\/it\/wp-json\/wp\/v2\/pages\/339"}],"wp:attachment":[{"href":"https:\/\/www.address4.com\/it\/wp-json\/wp\/v2\/media?parent=656"}],"curies":[{"name":"wp","href":"https:\/\/api.w.org\/{rel}","templated":true}]}}