{"id":378,"date":"2018-03-05T10:39:42","date_gmt":"2018-03-05T10:39:42","guid":{"rendered":"http:\/\/www.address4.com\/?page_id=378"},"modified":"2021-02-25T09:06:27","modified_gmt":"2021-02-25T08:06:27","slug":"validazione-email","status":"publish","type":"page","link":"https:\/\/www.address4.com\/it\/servizi\/validazione-email","title":{"rendered":"Validazione Indirizzi Email"},"content":{"rendered":"[vc_row wrapper=&#8221;true&#8221; holder_set_margin=&#8221;true&#8221; holder_margin=&#8221;u-margin-bottom&#8221;][vc_column]<div class=\"c-heading\"><h1 class=\" u-h1 u-text-center\">Validazione indirizzi email<\/h1><\/div><div class=\"c-heading\"><h3 class=\" u-h3 u-text-normal u-text-center\">Al tuo fianco nella verifica di indirizzi email<\/h3><\/div>[\/vc_column][\/vc_row][vc_row wrapper=&#8221;true&#8221; holder_set_margin=&#8221;true&#8221; holder_margin=&#8221;u-margin-bottom&#8221;][vc_column width=&#8221;5\/12&#8243;]<div class=\"c-image\"><img loading=\"lazy\" decoding=\"async\" width=\"800\" height=\"339\" src=\"https:\/\/www.address4.com\/wp-content\/uploads\/2018\/03\/c40aa518-d28b-4863-89f3-d4a3f9830639.jpeg\" class=\" u-margin-bottom aligncenter\" alt=\"\" srcset=\"https:\/\/www.address4.com\/wp-content\/uploads\/2018\/03\/c40aa518-d28b-4863-89f3-d4a3f9830639.jpeg 800w, https:\/\/www.address4.com\/wp-content\/uploads\/2018\/03\/c40aa518-d28b-4863-89f3-d4a3f9830639-300x127.jpeg 300w, https:\/\/www.address4.com\/wp-content\/uploads\/2018\/03\/c40aa518-d28b-4863-89f3-d4a3f9830639-768x325.jpeg 768w\" sizes=\"auto, (max-width: 800px) 100vw, 800px\" \/><\/div>[\/vc_column][vc_column width=&#8221;7\/12&#8243;]<div class=\"c-heading\"><h3>Il valore di email corrette e verificate<\/h3><\/div>[vc_column_text]Address4 ti aiuta a controllare la validit\u00e0 e l\u2019esistenza di qualsiasi indirizzo email.\u00a0Eviteremo cos\u00ec di incorrere in problemi dovuti ad errate digitazioni da parte dell&#8217;utente in fase di inserimento dati e verificheremo immediatamente se l&#8217;indirizzo email esiste davvero.<\/p>\n<p>La demo \u00e8 gratuita e non richiede alcuna registrazione. Provala subito![\/vc_column_text]<a class=\"c-button u-margin-right u-margin-bottom c-button--primary  c-button--ghost\" href=\"https:\/\/www.address4.com\/free-address-validation-services\">Registrati<\/a><a class=\"c-button u-margin-bottom c-button--primary  c-button--ghost\" href=\"https:\/\/www.address4.com\/services\/address-validation\/batch-address-validation\">Carica un File<\/a>[\/vc_column][\/vc_row][vc_row][vc_column]<div class=\"templatera_shortcode\"><div class=\"o-holder u-background-light u-margin-bottom-large u-padding-vertical-large\"><div class=\" o-wrapper\"><div class=\"grid-1\"><div class=\"col _lap-and-up-8\" ><div class=\"c-heading\"><h3>Non perdere \u201cCost Saving & Validazione Degli Indirizzi\u201d<\/h3><\/div><div class=\"c-heading\"><h3>Scarica il nostro ebook gratuito e scopri come migliorare la qualit\u00e0 dei dati del tuo database anagrafico e database indirizzi<\/h3><\/div><div class=\"c-text-block\"><p>La guida completa con i vantaggi economici della validazione<\/p>\n <\/div><a class=\"c-button c-button--secondary\" href=\"https:\/\/www.address4.com\/ebook-1\">Scarica l'eBook<\/a><\/div><div class=\"col _lap-and-up-4\" ><div class=\"c-image\"><a href=\"https:\/\/www.address4.com\/ebook-1\"><img loading=\"lazy\" decoding=\"async\" width=\"205\" height=\"286\" src=\"https:\/\/www.address4.com\/wp-content\/uploads\/2018\/03\/ebook-address-validation-cost-saving-S.png\" class=\" alignone\" alt=\"ebook-address-validation-cost-saving-S\" \/><\/a><\/div><\/div>\n<\/div><\/div><\/div><\/div>[\/vc_column][\/vc_row][vc_row wrapper=&#8221;true&#8221; holder_set_margin=&#8221;true&#8221; holder_margin=&#8221;u-margin-bottom-large&#8221;][vc_column]<div class=\"c-heading\"><h3 class=\" u-text-center\">Perch\u00e9 mail validation \u00e8 cos\u00ec importante<\/h3><\/div>[\/vc_column][vc_column width=&#8221;5\/12&#8243;]<div class=\"c-image\"><img loading=\"lazy\" decoding=\"async\" width=\"426\" height=\"282\" src=\"https:\/\/www.address4.com\/wp-content\/uploads\/2018\/03\/Email_validation-1.jpg\" class=\" aligncenter\" alt=\"Email validation\" srcset=\"https:\/\/www.address4.com\/wp-content\/uploads\/2018\/03\/Email_validation-1.jpg 426w, https:\/\/www.address4.com\/wp-content\/uploads\/2018\/03\/Email_validation-1-300x199.jpg 300w\" sizes=\"auto, (max-width: 426px) 100vw, 426px\" \/><\/div>[\/vc_column][vc_column width=&#8221;7\/12&#8243;][vc_column_text]\n<div class=\"row-fluid-wrapper row-depth-1 row-number-16 \">\n<div class=\"row-fluid \">\n<div class=\"span6 widget-span widget-type-rich_text \" data-widget-type=\"rich_text\" data-x=\"6\" data-w=\"6\">\n<div class=\"cell-wrapper layout-widget-wrapper\">\n<div class=\"row-fluid-wrapper row-depth-1 row-number-16 \">\n<div class=\"row-fluid \">\n<div class=\"span6 widget-span widget-type-rich_text \" data-widget-type=\"rich_text\" data-x=\"6\" data-w=\"6\">\n<div class=\"cell-wrapper layout-widget-wrapper\">\n<div class=\"row-fluid-wrapper row-depth-1 row-number-16 \">\n<div class=\"row-fluid \">\n<div class=\"span6 widget-span widget-type-rich_text \" data-widget-type=\"rich_text\" data-x=\"6\" data-w=\"6\">\n<div class=\"cell-wrapper layout-widget-wrapper\">\n<p>Non si tratta solo di errori di battitura. Il problema riguarda l&#8217;esistenza stessa dell&#8217;email ed \u00e8 quindi collegato all&#8217;esito di un&#8217;azione di marketing (invio di promozioni, newsletter, fornitura di risposte, preventivi o altro).<\/p>\n<p>La soluzione per le tue esigenze di business si chiama Address4, suite online con funzionalit\u00e0 avanzate per la validazione di email, al servizio di imprenditori, responsabili aziendali, web developer e system integrator.<\/p>\n<p>&nbsp;<\/p>\n<\/div>\n<\/div>\n<\/div>\n<\/div>\n<div class=\"row-fluid-wrapper row-depth-1 row-number-17 \">\n<div class=\"row-fluid \">\n<div class=\"span12 widget-span widget-type-rich_text \" data-widget-type=\"rich_text\" data-x=\"0\" data-w=\"12\">\n<div class=\"cell-wrapper layout-widget-wrapper\">\n<p>Address4 fornisce all&#8217;utente supporto immediato nelle procedure di verifica e validazione di indirizzi email. Il singolo record viene controllato dal punto di vista della formattazione e confrontato con i dati a disposizione del software per valutare la bont\u00e0 dell&#8217;informazione inserita.<\/p>\n<p id=\"desc\">\u00c8 inoltre possibile utilizzare questa funzione per arricchire anagrafiche di consumatori finali o aziende avendo cos\u00ec, oltre ai dati anagrafici in possesso, anche l&#8217;indirizzo email associato. Un risultato che implica la riduzione di errori a beneficio della credibilit\u00e0 aziendale, della gestione del business, della reputazione online e, non da ultimo, dell&#8217;apprezzamento da parte degli utenti.<\/p>\n<\/div>\n<\/div>\n<\/div>\n<\/div>\n<\/div>\n<\/div>\n<\/div>\n<\/div>\n<\/div>\n<\/div>\n<\/div>\n<\/div>\n[\/vc_column_text][\/vc_column][\/vc_row][vc_row][vc_column]<div class=\"templatera_shortcode\"><div class=\"o-holder u-background-light u-margin-bottom-large u-padding-vertical-large\"><div class=\"grid-1\"><div class=\"col _lap-and-up-12\" ><div class=\"c-heading\"><h3 class=\" u-h2 u-text-center\"> Iscriviti Gratis al Trial Address 4<\/h3><\/div><div class=\"c-button-holder c-button-holder--center\"><a class=\"c-button c-button--center u-margin-bottom c-button--secondary\" href=\"https:\/\/www.address4.com\/free-address-validation-services\">Registrati<\/a><\/div><div class=\"c-heading\"><h3 class=\" u-text-center\">Nessun pagamento, nessun obbligo, massima soddisfazione<\/h3><\/div><\/div>\n<\/div><\/div><\/div>[\/vc_column][\/vc_row][vc_row wrapper=&#8221;true&#8221;][vc_column width=&#8221;1\/3&#8243;]<div class=\"c-mediabox u-margin-bottom\">\n<div class=\" o-media\">\n<div class=\"o-media__img\">\n<div class=\"ico-wrap ico-wrap--center\"><i class=\"ico ico--xl fal fa-paper-plane\"><\/i><\/div>\n<\/div>\n<div class=\"o-media__body\">\n<h4>Delivery Rate<\/h4>\n<p>Indirizzi email validati assicurano migliori percentuali di consegna per quanti desiderano raggiungere il destinatario al primo invio.<\/p><\/div>\n<\/div>\n<\/div>\n[\/vc_column][vc_column width=&#8221;1\/3&#8243;]<div class=\"c-mediabox u-margin-bottom\">\n<div class=\" o-media\">\n<div class=\"o-media__img\">\n<div class=\"ico-wrap ico-wrap--center\"><i class=\"ico ico--xl fal fa-chart-line\"><\/i><\/div>\n<\/div>\n<div class=\"o-media__body\">\n<h4>Database di Valore<\/h4>\n<p>Completare un database con le email degli utenti significa dare pi\u00f9 valore alle anagrafiche aziendali<\/p><\/div>\n<\/div>\n<\/div>\n[\/vc_column][vc_column width=&#8221;1\/3&#8243;]<div class=\"c-mediabox u-margin-bottom\">\n<div class=\" o-media\">\n<div class=\"o-media__img\">\n<div class=\"ico-wrap ico-wrap--center\"><i class=\"ico ico--xl fal fa-rocket\"><\/i><\/div>\n<\/div>\n<div class=\"o-media__body\">\n<h4>Sicurezza e Velocit\u00e0<\/h4>\n<p>Pi\u00f9 sicurezza nella gestione Dei dati si traduce in un incremento della velocit\u00e0 e quindi in un aumento della produttivit\u00e0 globale.<\/p><\/div>\n<\/div>\n<\/div>\n[\/vc_column][\/vc_row]\n","protected":false},"excerpt":{"rendered":"Iscriviti Gratis al Trial Address 4RegistratiNessun pagamento, nessun obbligo, massima soddisfazione","protected":false},"author":2,"featured_media":0,"parent":947,"menu_order":0,"comment_status":"closed","ping_status":"closed","template":"templates\/template-fullwidth.php","meta":{"footnotes":""},"class_list":["post-378","page","type-page","status-publish","hentry"],"yoast_head":"<!-- This site is optimized with the Yoast SEO plugin v26.8 - https:\/\/yoast.com\/product\/yoast-seo-wordpress\/ -->\n<title>Validazione di indirizzi email Online \u2013 Address4<\/title>\n<meta name=\"description\" content=\"Con Address4 hai un servizio di verifica degli indirizzi email rapido, sicuro e preciso. Prova Subito la Demo Gratuita Online!\" \/>\n<meta name=\"robots\" content=\"index, follow, max-snippet:-1, max-image-preview:large, max-video-preview:-1\" \/>\n<link rel=\"canonical\" href=\"https:\/\/www.address4.com\/it\/servizi\/validazione-email\" \/>\n<meta property=\"og:locale\" content=\"it_IT\" \/>\n<meta property=\"og:type\" content=\"article\" \/>\n<meta property=\"og:title\" content=\"Validazione di indirizzi email Online \u2013 Address4\" \/>\n<meta property=\"og:description\" content=\"Con Address4 hai un servizio di verifica degli indirizzi email rapido, sicuro e preciso. Prova Subito la Demo Gratuita Online!\" \/>\n<meta property=\"og:url\" content=\"https:\/\/www.address4.com\/it\/servizi\/validazione-email\" \/>\n<meta property=\"og:site_name\" content=\"Address 4\" \/>\n<meta property=\"article:modified_time\" content=\"2021-02-25T08:06:27+00:00\" \/>\n<meta name=\"twitter:card\" content=\"summary_large_image\" \/>\n<meta name=\"twitter:label1\" content=\"Tempo di lettura stimato\" \/>\n\t<meta name=\"twitter:data1\" content=\"2 minuti\" \/>\n<script type=\"application\/ld+json\" class=\"yoast-schema-graph\">{\"@context\":\"https:\/\/schema.org\",\"@graph\":[{\"@type\":\"WebPage\",\"@id\":\"https:\/\/www.address4.com\/it\/servizi\/validazione-email\",\"url\":\"https:\/\/www.address4.com\/it\/servizi\/validazione-email\",\"name\":\"Validazione di indirizzi email Online \u2013 Address4\",\"isPartOf\":{\"@id\":\"https:\/\/www.address4.com\/#website\"},\"datePublished\":\"2018-03-05T10:39:42+00:00\",\"dateModified\":\"2021-02-25T08:06:27+00:00\",\"description\":\"Con Address4 hai un servizio di verifica degli indirizzi email rapido, sicuro e preciso. Prova Subito la Demo Gratuita Online!\",\"breadcrumb\":{\"@id\":\"https:\/\/www.address4.com\/it\/servizi\/validazione-email#breadcrumb\"},\"inLanguage\":\"it-IT\",\"potentialAction\":[{\"@type\":\"ReadAction\",\"target\":[\"https:\/\/www.address4.com\/it\/servizi\/validazione-email\"]}]},{\"@type\":\"BreadcrumbList\",\"@id\":\"https:\/\/www.address4.com\/it\/servizi\/validazione-email#breadcrumb\",\"itemListElement\":[{\"@type\":\"ListItem\",\"position\":1,\"name\":\"Home\",\"item\":\"https:\/\/www.address4.com\/it\"},{\"@type\":\"ListItem\",\"position\":2,\"name\":\"Servizi\",\"item\":\"https:\/\/www.address4.com\/it\/servizi\"},{\"@type\":\"ListItem\",\"position\":3,\"name\":\"Validazione Indirizzi Email\"}]},{\"@type\":\"WebSite\",\"@id\":\"https:\/\/www.address4.com\/#website\",\"url\":\"https:\/\/www.address4.com\/\",\"name\":\"Address 4\",\"description\":\"Address Verification Service For Your Business\",\"potentialAction\":[{\"@type\":\"SearchAction\",\"target\":{\"@type\":\"EntryPoint\",\"urlTemplate\":\"https:\/\/www.address4.com\/?s={search_term_string}\"},\"query-input\":{\"@type\":\"PropertyValueSpecification\",\"valueRequired\":true,\"valueName\":\"search_term_string\"}}],\"inLanguage\":\"it-IT\"}]}<\/script>\n<!-- \/ Yoast SEO plugin. -->","yoast_head_json":{"title":"Validazione di indirizzi email Online \u2013 Address4","description":"Con Address4 hai un servizio di verifica degli indirizzi email rapido, sicuro e preciso. Prova Subito la Demo Gratuita Online!","robots":{"index":"index","follow":"follow","max-snippet":"max-snippet:-1","max-image-preview":"max-image-preview:large","max-video-preview":"max-video-preview:-1"},"canonical":"https:\/\/www.address4.com\/it\/servizi\/validazione-email","og_locale":"it_IT","og_type":"article","og_title":"Validazione di indirizzi email Online \u2013 Address4","og_description":"Con Address4 hai un servizio di verifica degli indirizzi email rapido, sicuro e preciso. Prova Subito la Demo Gratuita Online!","og_url":"https:\/\/www.address4.com\/it\/servizi\/validazione-email","og_site_name":"Address 4","article_modified_time":"2021-02-25T08:06:27+00:00","twitter_card":"summary_large_image","twitter_misc":{"Tempo di lettura stimato":"2 minuti"},"schema":{"@context":"https:\/\/schema.org","@graph":[{"@type":"WebPage","@id":"https:\/\/www.address4.com\/it\/servizi\/validazione-email","url":"https:\/\/www.address4.com\/it\/servizi\/validazione-email","name":"Validazione di indirizzi email Online \u2013 Address4","isPartOf":{"@id":"https:\/\/www.address4.com\/#website"},"datePublished":"2018-03-05T10:39:42+00:00","dateModified":"2021-02-25T08:06:27+00:00","description":"Con Address4 hai un servizio di verifica degli indirizzi email rapido, sicuro e preciso. Prova Subito la Demo Gratuita Online!","breadcrumb":{"@id":"https:\/\/www.address4.com\/it\/servizi\/validazione-email#breadcrumb"},"inLanguage":"it-IT","potentialAction":[{"@type":"ReadAction","target":["https:\/\/www.address4.com\/it\/servizi\/validazione-email"]}]},{"@type":"BreadcrumbList","@id":"https:\/\/www.address4.com\/it\/servizi\/validazione-email#breadcrumb","itemListElement":[{"@type":"ListItem","position":1,"name":"Home","item":"https:\/\/www.address4.com\/it"},{"@type":"ListItem","position":2,"name":"Servizi","item":"https:\/\/www.address4.com\/it\/servizi"},{"@type":"ListItem","position":3,"name":"Validazione Indirizzi Email"}]},{"@type":"WebSite","@id":"https:\/\/www.address4.com\/#website","url":"https:\/\/www.address4.com\/","name":"Address 4","description":"Address Verification Service For Your Business","potentialAction":[{"@type":"SearchAction","target":{"@type":"EntryPoint","urlTemplate":"https:\/\/www.address4.com\/?s={search_term_string}"},"query-input":{"@type":"PropertyValueSpecification","valueRequired":true,"valueName":"search_term_string"}}],"inLanguage":"it-IT"}]}},"_links":{"self":[{"href":"https:\/\/www.address4.com\/it\/wp-json\/wp\/v2\/pages\/378","targetHints":{"allow":["GET"]}}],"collection":[{"href":"https:\/\/www.address4.com\/it\/wp-json\/wp\/v2\/pages"}],"about":[{"href":"https:\/\/www.address4.com\/it\/wp-json\/wp\/v2\/types\/page"}],"author":[{"embeddable":true,"href":"https:\/\/www.address4.com\/it\/wp-json\/wp\/v2\/users\/2"}],"replies":[{"embeddable":true,"href":"https:\/\/www.address4.com\/it\/wp-json\/wp\/v2\/comments?post=378"}],"version-history":[{"count":5,"href":"https:\/\/www.address4.com\/it\/wp-json\/wp\/v2\/pages\/378\/revisions"}],"predecessor-version":[{"id":3164,"href":"https:\/\/www.address4.com\/it\/wp-json\/wp\/v2\/pages\/378\/revisions\/3164"}],"up":[{"embeddable":true,"href":"https:\/\/www.address4.com\/it\/wp-json\/wp\/v2\/pages\/947"}],"wp:attachment":[{"href":"https:\/\/www.address4.com\/it\/wp-json\/wp\/v2\/media?parent=378"}],"curies":[{"name":"wp","href":"https:\/\/api.w.org\/{rel}","templated":true}]}}