{"id":3042,"date":"2020-02-09T08:08:25","date_gmt":"2020-02-09T07:08:25","guid":{"rendered":"https:\/\/www.address4.com\/?page_id=3042"},"modified":"2021-09-10T17:47:18","modified_gmt":"2021-09-10T16:47:18","slug":"google-maps-batch","status":"publish","type":"page","link":"https:\/\/www.address4.com\/it\/servizi\/geocodifica\/google-maps-batch","title":{"rendered":"Google Maps Batch"},"content":{"rendered":"[vc_row wrapper=&#8221;true&#8221; holder_set_margin=&#8221;true&#8221; holder_margin=&#8221;u-margin-bottom&#8221;][vc_column]<div class=\"c-heading\"><h3 class=\" u-h1 u-text-center\">Google Maps Batch<\/h3><\/div><div class=\"c-heading\"><h3 class=\" u-h3 u-text-normal u-text-center\">TRIAL GRATUITO ACCESSO IMMEDIATO: Geocodifica la tua Lista di Indirizzi Postali in pochi istanti<\/h3><\/div><div class=\"c-heading\"><h3 class=\" u-h3 u-text-normal u-text-center\">Subito e Gratis per te 100 Crediti Gratuiti \u2192 Non devi aggiungere nessuna carta di credito<\/h3><\/div>[\/vc_column][\/vc_row][vc_row wrapper=&#8221;true&#8221; holder_set_margin=&#8221;true&#8221; holder_margin=&#8221;u-margin-bottom&#8221;][vc_column width=&#8221;5\/12&#8243;]<div class=\"c-image\"><a href=\"https:\/\/www.address4.com\/free-address-validation-services\"><img loading=\"lazy\" decoding=\"async\" width=\"424\" height=\"283\" src=\"https:\/\/www.address4.com\/wp-content\/uploads\/2020\/12\/Geocodifica-massiva-degli-indirizzi-su-Google-Maps.jpg\" class=\" u-margin-bottom aligncenter\" alt=\"Geocodifica massiva degli indirizzi su Google Maps\" srcset=\"https:\/\/www.address4.com\/wp-content\/uploads\/2020\/12\/Geocodifica-massiva-degli-indirizzi-su-Google-Maps.jpg 424w, https:\/\/www.address4.com\/wp-content\/uploads\/2020\/12\/Geocodifica-massiva-degli-indirizzi-su-Google-Maps-300x200.jpg 300w\" sizes=\"auto, (max-width: 424px) 100vw, 424px\" \/><\/a><\/div>[\/vc_column][vc_column width=&#8221;7\/12&#8243;]<div class=\"c-heading\"><h3>La geocodifica massiva di indirizzi via web<\/h3><\/div>[vc_column_text]Utilizzando il servizio standard Google Maps tramite API puoi ottenere la geolocalizzazione di un singolo indirizzo per volta. Se per\u00f2 il tuo progetto richiede un geocoding di centinaia o migliaia di indirizzi in batch, e cio\u00e8 una geocodifica batch, allora hai bisogno di uno strumento adatto, in grado cio\u00e8 di fornire in tempi rapidi una lista di coordinate geografiche (latitudine e longitudine) relativa a centinaia di migliaia di indirizzi nazionali o mondiali.<br \/>\nAddress4 serve proprio a questo!\u00a0 <strong>Prova la demo gratuita di Address4 dedicata al geocoding Google Maps in bulk<\/strong>: ti basta <a href=\"https:\/\/www.address4.com\/it\/free-trial\"><strong>iscriverti<\/strong><\/a> per sbloccare le funzionalit\u00e0 del programma e avere una prova concreta dei vantaggi di Address 4.[\/vc_column_text]<a class=\"c-button u-margin-right u-margin-bottom c-button--secondary\" href=\"https:\/\/www.address4.com\/free-address-validation-services\">Prova il Trial Gratuito<\/a>[\/vc_column][\/vc_row][vc_row][vc_column]<div class=\"c-heading\"><h3 class=\" u-h1 u-text-center\">Sfrutta Google per la geolocalizzazione di massa degli indirizzi<\/h3><\/div><div class=\"templatera_shortcode\"><div class=\"o-holder u-background-light u-margin-bottom-large u-padding-vertical-large\"><div class=\" o-wrapper\"><div class=\"grid-1\"><div class=\"col _lap-and-up-8\" ><div class=\"c-heading\"><h3>Non perdere \u201cCost Saving & Validazione Degli Indirizzi\u201d<\/h3><\/div><div class=\"c-heading\"><h3>Scarica il nostro ebook gratuito e scopri come migliorare la qualit\u00e0 dei dati del tuo database anagrafico e database indirizzi<\/h3><\/div><div class=\"c-text-block\"><p>La guida completa con i vantaggi economici della validazione<\/p>\n <\/div><a class=\"c-button c-button--secondary\" href=\"https:\/\/www.address4.com\/ebook-1\">Scarica l'eBook<\/a><\/div><div class=\"col _lap-and-up-4\" ><div class=\"c-image\"><a href=\"https:\/\/www.address4.com\/ebook-1\"><img loading=\"lazy\" decoding=\"async\" width=\"205\" height=\"286\" src=\"https:\/\/www.address4.com\/wp-content\/uploads\/2018\/03\/ebook-address-validation-cost-saving-S.png\" class=\" alignone\" alt=\"ebook-address-validation-cost-saving-S\" \/><\/a><\/div><\/div>\n<\/div><\/div><\/div><\/div>[\/vc_column][\/vc_row][vc_row wrapper=&#8221;true&#8221; holder_set_margin=&#8221;true&#8221; holder_margin=&#8221;u-margin-bottom&#8221;][vc_column]<div class=\"c-heading\"><h3 class=\" u-margin-bottom-large u-text-center\">Tool online per la geocodifica massiva degli indirizzi<\/h3><\/div>[\/vc_column][vc_column width=&#8221;1\/2&#8243;]<div class=\"c-image\"><img loading=\"lazy\" decoding=\"async\" width=\"800\" height=\"600\" src=\"https:\/\/www.address4.com\/wp-content\/uploads\/2021\/01\/geolocalizzazione-di-massa-degli-indirizzi.jpg\" class=\" u-margin-bottom aligncenter\" alt=\"Geolocalizzazione di massa degli indirizzi\" srcset=\"https:\/\/www.address4.com\/wp-content\/uploads\/2021\/01\/geolocalizzazione-di-massa-degli-indirizzi.jpg 800w, https:\/\/www.address4.com\/wp-content\/uploads\/2021\/01\/geolocalizzazione-di-massa-degli-indirizzi-300x225.jpg 300w, https:\/\/www.address4.com\/wp-content\/uploads\/2021\/01\/geolocalizzazione-di-massa-degli-indirizzi-768x576.jpg 768w\" sizes=\"auto, (max-width: 800px) 100vw, 800px\" \/><\/div>[\/vc_column][vc_column width=&#8221;1\/2&#8243;][vc_column_text]Ricavare le coordinate geografiche di uno o pi\u00f9 indirizzi \u00e8 un&#8217;operazione utile in molteplici ambiti di business, dalla consegna a domicilio di prodotti o materiale informativo alla profilazione della potenziale clientela per azioni di marketing. Ma come geolocalizzare in batch un intero database di indirizzi senza riscontrare perdite di qualit\u00e0?<\/p>\n<p>Address 4 risponde a questa domanda con il servizio di geocoding Google Maps in Batch: grazie alla nostra piattaforma, imprenditori, system integrators, web master e professionisti di qualsiasi settore possono avvalersi delle informazioni gestite da Google Maps senza i vincoli di una geolocalizzazione effettuata via API per singolo indirizzo.<\/p>\n<p>\u00c8 sufficiente registrarsi ad Address4, caricare il file, la lista o il database indirizzi da geocodificare e infine lanciare il processo. Pochi passaggi e una manciata di minuti per ottenere un geocoding Google batch di migliaia di indirizzi, a prova di errore, in oltre 250 paesi del mondo e senza per forza dover scaricare alcun programma. Address 4 funziona online 24 ore su 24 da qualsiasi dispositivo connesso al web, inclusi tablet e smartphone. Un sistema all&#8217;avanguardia, per risultati sempre all&#8217;altezza delle aspettative.[\/vc_column_text][\/vc_column][\/vc_row][vc_row][vc_column]<div class=\"templatera_shortcode\"><div class=\"o-holder u-background-light u-margin-bottom-large u-padding-vertical-large\"><div class=\"grid-1\"><div class=\"col _lap-and-up-12\" ><div class=\"c-heading\"><h3 class=\" u-h2 u-text-center\"> Iscriviti Gratis al Trial Address 4<\/h3><\/div><div class=\"c-button-holder c-button-holder--center\"><a class=\"c-button c-button--center u-margin-bottom c-button--secondary\" href=\"https:\/\/www.address4.com\/free-address-validation-services\">Registrati<\/a><\/div><div class=\"c-heading\"><h3 class=\" u-text-center\">Nessun pagamento, nessun obbligo, massima soddisfazione<\/h3><\/div><\/div>\n<\/div><\/div><\/div>[\/vc_column][\/vc_row][vc_row wrapper=&#8221;true&#8221; holder_set_margin=&#8221;true&#8221; holder_margin=&#8221;u-margin-bottom-large&#8221;][vc_column width=&#8221;1\/3&#8243;]<div class=\"c-mediabox u-margin-bottom\">\n<div class=\" o-media\">\n<div class=\"o-media__img\">\n<div class=\"ico-wrap ico-wrap--center\"><i class=\"ico ico--xl fal fa-sitemap\"><\/i><\/div>\n<\/div>\n<div class=\"o-media__body\">\n<h4>Geolocalizzazione Multipla<\/h4>\n<p>Address 4 ti permette di geolocalizzare fino a centinaia di migliaia di indirizzi con Google Maps, senza limiti e in tempi estremamente ridotti.<\/p>\n<\/div>\n<\/div>\n<\/div>\n[\/vc_column][vc_column width=&#8221;1\/3&#8243;]<div class=\"c-mediabox u-margin-bottom\">\n<div class=\" o-media\">\n<div class=\"o-media__img\">\n<div class=\"ico-wrap ico-wrap--center\"><i class=\"ico ico--xl fal fa-map\"><\/i><\/div>\n<\/div>\n<div class=\"o-media__body\">\n<h4>Copertura Mondiale<\/h4>\n<p>Pi\u00f9 di 250 paesi coperti dal nostro servizio in ogni continente: una miniera di informazioni aggiornate costantemente.<\/p>\n<\/div>\n<\/div>\n<\/div>\n[\/vc_column][vc_column width=&#8221;1\/3&#8243;]<div class=\"c-mediabox u-margin-bottom\">\n<div class=\" o-media\">\n<div class=\"o-media__img\">\n<div class=\"ico-wrap ico-wrap--center\"><i class=\"ico ico--xl fal fa-laptop\"><\/i><\/div>\n<\/div>\n<div class=\"o-media__body\">\n<h4>Funzionamento Online<\/h4>\n<p>Address 4 funziona online senza bisogno di scaricare programmi. Usalo da qualunque dispositivo a lavoro, da casa o dove vuoi.<\/p>\n<\/div>\n<\/div>\n<\/div>\n[\/vc_column][\/vc_row][vc_row][vc_column]<div class=\"templatera_shortcode\"><div class=\"o-holder u-background-light u-padding-vertical-large\"><div class=\" o-wrapper\"><div class=\"grid-1\"><div class=\"col _lap-and-up-12\" ><div class=\"c-heading\"><h3>The Latest From Our Blog<\/h3><\/div><div class=\"c-text-block\"><div class=\"grid-1\"><div class=\"col _lap-and-up-4\"><h4><a href=\"https:\/\/www.address4.com\/it\/blog\/data-entry-veloce\">Come rendere l&#8217;inserimento dati veloce, efficace e accurato<\/a><\/h4>Pu\u00f2 un&#8217;attivit\u00e0 di inserimento dati essere veloce, efficace e accurata? La risposta dipende innanzitutto dalle risorse che abbiamo a disposizione per la raccolta dati, ma non solo. Se fino a pochi anni fa l&#8217;inserimento dei dati, o data entry, avveniva per lo pi\u00f9 a mano, oggi ...<div class=\"u-padding-top-small u-text-right\"><a href=\"https:\/\/www.address4.com\/it\/blog\/data-entry-veloce\" class=\"read-more u-text-bold\">read more<\/a><\/div><\/div><div class=\"col _lap-and-up-4\"><h4><a href=\"https:\/\/www.address4.com\/it\/blog\/come-si-scrive-un-indirizzo-postale\">Come si scrive un indirizzo postale: formati, esempi e consigli<\/a><\/h4>Scrivere un indirizzo postale pu\u00f2 risultare molto semplice in tutti i casi in cui il nostro destinatario si trovi nello stesso paese di spedizione, o in un paese dove il sistema postale segue un formato identico o simile al nostro. Spedire da uno stato all&#8217;altro degli USA, ad esempio, non \u00e8 ...<div class=\"u-padding-top-small u-text-right\"><a href=\"https:\/\/www.address4.com\/it\/blog\/come-si-scrive-un-indirizzo-postale\" class=\"read-more u-text-bold\">read more<\/a><\/div><\/div><div class=\"col _lap-and-up-4\"><h4><a href=\"https:\/\/www.address4.com\/it\/blog\/validazione-geocoding-indirizzi\">7 vantaggi della validazione e geocoding di indirizzi<\/a><\/h4>Aziende, ecommerce e professionisti possono trarre enormi vantaggi dalla validazione e dal geocoding degli indirizzi postali. In operazioni frequenti e prettamente tecniche come il data entry o per obiettivi specifici e circoscritti come l&#8217;invio di materiale pubblicitario in una certa area ...<div class=\"u-padding-top-small u-text-right\"><a href=\"https:\/\/www.address4.com\/it\/blog\/validazione-geocoding-indirizzi\" class=\"read-more u-text-bold\">read more<\/a><\/div><\/div><\/div>\n <\/div><\/div>\n<\/div><\/div><\/div><\/div>[\/vc_column][\/vc_row]\n","protected":false},"excerpt":{"rendered":"Aziende, ecommerce e professionisti possono trarre enormi vantaggi dalla validazione e dal geocoding degli indirizzi postali. In operazioni frequenti e prettamente tecniche come il data entry o per obiettivi specifici e circoscritti come l'invio di materiale pubblicitario in una certa area geografica, l'ipotesi di affidarsi alla validazione e al geocoding tramite apposito software o portale [...]","protected":false},"author":1,"featured_media":0,"parent":412,"menu_order":0,"comment_status":"closed","ping_status":"closed","template":"templates\/template-fullwidth.php","meta":{"footnotes":""},"class_list":["post-3042","page","type-page","status-publish","hentry"],"yoast_head":"<!-- This site is optimized with the Yoast SEO plugin v26.8 - https:\/\/yoast.com\/product\/yoast-seo-wordpress\/ -->\n<title>Google Maps Batch in Bulk: servizio di geolocalizzazione massiva<\/title>\n<meta name=\"description\" content=\"Scopri il servizio di geolocalizzazione massiva degli indirizzi: con il nostro sistema puoi sfruttare Google Maps in batch.\" \/>\n<meta name=\"robots\" content=\"index, follow, max-snippet:-1, max-image-preview:large, max-video-preview:-1\" \/>\n<link rel=\"canonical\" href=\"https:\/\/www.address4.com\/it\/servizi\/geocodifica\/google-maps-batch\" \/>\n<meta property=\"og:locale\" content=\"it_IT\" \/>\n<meta property=\"og:type\" content=\"article\" \/>\n<meta property=\"og:title\" content=\"Google Maps Batch in Bulk: servizio di geolocalizzazione massiva\" \/>\n<meta property=\"og:description\" content=\"Scopri il servizio di geolocalizzazione massiva degli indirizzi: con il nostro sistema puoi sfruttare Google Maps in batch.\" \/>\n<meta property=\"og:url\" content=\"https:\/\/www.address4.com\/it\/servizi\/geocodifica\/google-maps-batch\" \/>\n<meta property=\"og:site_name\" content=\"Address 4\" \/>\n<meta property=\"article:modified_time\" content=\"2021-09-10T16:47:18+00:00\" \/>\n<meta name=\"twitter:card\" content=\"summary_large_image\" \/>\n<meta name=\"twitter:label1\" content=\"Tempo di lettura stimato\" \/>\n\t<meta name=\"twitter:data1\" content=\"3 minuti\" \/>\n<script type=\"application\/ld+json\" class=\"yoast-schema-graph\">{\"@context\":\"https:\/\/schema.org\",\"@graph\":[{\"@type\":\"WebPage\",\"@id\":\"https:\/\/www.address4.com\/it\/servizi\/geocodifica\/google-maps-batch\",\"url\":\"https:\/\/www.address4.com\/it\/servizi\/geocodifica\/google-maps-batch\",\"name\":\"Google Maps Batch in Bulk: servizio di geolocalizzazione massiva\",\"isPartOf\":{\"@id\":\"https:\/\/www.address4.com\/#website\"},\"datePublished\":\"2020-02-09T07:08:25+00:00\",\"dateModified\":\"2021-09-10T16:47:18+00:00\",\"description\":\"Scopri il servizio di geolocalizzazione massiva degli indirizzi: con il nostro sistema puoi sfruttare Google Maps in batch.\",\"breadcrumb\":{\"@id\":\"https:\/\/www.address4.com\/it\/servizi\/geocodifica\/google-maps-batch#breadcrumb\"},\"inLanguage\":\"it-IT\",\"potentialAction\":[{\"@type\":\"ReadAction\",\"target\":[\"https:\/\/www.address4.com\/it\/servizi\/geocodifica\/google-maps-batch\"]}]},{\"@type\":\"BreadcrumbList\",\"@id\":\"https:\/\/www.address4.com\/it\/servizi\/geocodifica\/google-maps-batch#breadcrumb\",\"itemListElement\":[{\"@type\":\"ListItem\",\"position\":1,\"name\":\"Home\",\"item\":\"https:\/\/www.address4.com\/it\"},{\"@type\":\"ListItem\",\"position\":2,\"name\":\"Servizi\",\"item\":\"https:\/\/www.address4.com\/it\/servizi\"},{\"@type\":\"ListItem\",\"position\":3,\"name\":\"Geocodifica\",\"item\":\"https:\/\/www.address4.com\/it\/servizi\/geocodifica\"},{\"@type\":\"ListItem\",\"position\":4,\"name\":\"Google Maps Batch\"}]},{\"@type\":\"WebSite\",\"@id\":\"https:\/\/www.address4.com\/#website\",\"url\":\"https:\/\/www.address4.com\/\",\"name\":\"Address 4\",\"description\":\"Address Verification Service For Your Business\",\"potentialAction\":[{\"@type\":\"SearchAction\",\"target\":{\"@type\":\"EntryPoint\",\"urlTemplate\":\"https:\/\/www.address4.com\/?s={search_term_string}\"},\"query-input\":{\"@type\":\"PropertyValueSpecification\",\"valueRequired\":true,\"valueName\":\"search_term_string\"}}],\"inLanguage\":\"it-IT\"}]}<\/script>\n<!-- \/ Yoast SEO plugin. -->","yoast_head_json":{"title":"Google Maps Batch in Bulk: servizio di geolocalizzazione massiva","description":"Scopri il servizio di geolocalizzazione massiva degli indirizzi: con il nostro sistema puoi sfruttare Google Maps in batch.","robots":{"index":"index","follow":"follow","max-snippet":"max-snippet:-1","max-image-preview":"max-image-preview:large","max-video-preview":"max-video-preview:-1"},"canonical":"https:\/\/www.address4.com\/it\/servizi\/geocodifica\/google-maps-batch","og_locale":"it_IT","og_type":"article","og_title":"Google Maps Batch in Bulk: servizio di geolocalizzazione massiva","og_description":"Scopri il servizio di geolocalizzazione massiva degli indirizzi: con il nostro sistema puoi sfruttare Google Maps in batch.","og_url":"https:\/\/www.address4.com\/it\/servizi\/geocodifica\/google-maps-batch","og_site_name":"Address 4","article_modified_time":"2021-09-10T16:47:18+00:00","twitter_card":"summary_large_image","twitter_misc":{"Tempo di lettura stimato":"3 minuti"},"schema":{"@context":"https:\/\/schema.org","@graph":[{"@type":"WebPage","@id":"https:\/\/www.address4.com\/it\/servizi\/geocodifica\/google-maps-batch","url":"https:\/\/www.address4.com\/it\/servizi\/geocodifica\/google-maps-batch","name":"Google Maps Batch in Bulk: servizio di geolocalizzazione massiva","isPartOf":{"@id":"https:\/\/www.address4.com\/#website"},"datePublished":"2020-02-09T07:08:25+00:00","dateModified":"2021-09-10T16:47:18+00:00","description":"Scopri il servizio di geolocalizzazione massiva degli indirizzi: con il nostro sistema puoi sfruttare Google Maps in batch.","breadcrumb":{"@id":"https:\/\/www.address4.com\/it\/servizi\/geocodifica\/google-maps-batch#breadcrumb"},"inLanguage":"it-IT","potentialAction":[{"@type":"ReadAction","target":["https:\/\/www.address4.com\/it\/servizi\/geocodifica\/google-maps-batch"]}]},{"@type":"BreadcrumbList","@id":"https:\/\/www.address4.com\/it\/servizi\/geocodifica\/google-maps-batch#breadcrumb","itemListElement":[{"@type":"ListItem","position":1,"name":"Home","item":"https:\/\/www.address4.com\/it"},{"@type":"ListItem","position":2,"name":"Servizi","item":"https:\/\/www.address4.com\/it\/servizi"},{"@type":"ListItem","position":3,"name":"Geocodifica","item":"https:\/\/www.address4.com\/it\/servizi\/geocodifica"},{"@type":"ListItem","position":4,"name":"Google Maps Batch"}]},{"@type":"WebSite","@id":"https:\/\/www.address4.com\/#website","url":"https:\/\/www.address4.com\/","name":"Address 4","description":"Address Verification Service For Your Business","potentialAction":[{"@type":"SearchAction","target":{"@type":"EntryPoint","urlTemplate":"https:\/\/www.address4.com\/?s={search_term_string}"},"query-input":{"@type":"PropertyValueSpecification","valueRequired":true,"valueName":"search_term_string"}}],"inLanguage":"it-IT"}]}},"_links":{"self":[{"href":"https:\/\/www.address4.com\/it\/wp-json\/wp\/v2\/pages\/3042","targetHints":{"allow":["GET"]}}],"collection":[{"href":"https:\/\/www.address4.com\/it\/wp-json\/wp\/v2\/pages"}],"about":[{"href":"https:\/\/www.address4.com\/it\/wp-json\/wp\/v2\/types\/page"}],"author":[{"embeddable":true,"href":"https:\/\/www.address4.com\/it\/wp-json\/wp\/v2\/users\/1"}],"replies":[{"embeddable":true,"href":"https:\/\/www.address4.com\/it\/wp-json\/wp\/v2\/comments?post=3042"}],"version-history":[{"count":4,"href":"https:\/\/www.address4.com\/it\/wp-json\/wp\/v2\/pages\/3042\/revisions"}],"predecessor-version":[{"id":3697,"href":"https:\/\/www.address4.com\/it\/wp-json\/wp\/v2\/pages\/3042\/revisions\/3697"}],"up":[{"embeddable":true,"href":"https:\/\/www.address4.com\/it\/wp-json\/wp\/v2\/pages\/412"}],"wp:attachment":[{"href":"https:\/\/www.address4.com\/it\/wp-json\/wp\/v2\/media?parent=3042"}],"curies":[{"name":"wp","href":"https:\/\/api.w.org\/{rel}","templated":true}]}}