{"id":227,"date":"2018-03-01T12:24:39","date_gmt":"2018-03-01T12:24:39","guid":{"rendered":"http:\/\/www.address4.com\/?page_id=227"},"modified":"2025-03-05T11:58:58","modified_gmt":"2025-03-05T10:58:58","slug":"home","status":"publish","type":"page","link":"https:\/\/www.address4.com\/it","title":{"rendered":"Home"},"content":{"rendered":"[vc_row wrapper=&#8221;true&#8221;][vc_column width=&#8221;7\/12&#8243;]<div class=\"c-heading\"><h1 class=\" u-margin-bottom-large\">Validazione Indirizzi a portata di Click<\/h1><\/div><div class=\"c-heading\"><h3 class=\" u-text-normal\">I nostri servizi di normalizzazione indirizzi ti aiutano a verificare, completare e gestire i dati di contatto per tutte le tue esigenze di business.<\/h3><\/div><div class=\" c-list u-margin-bottom\"><ul>\n<li><i class=\"c-list__icon fal fa-check\"><\/i>Correzione, Translitterazione e Formattazione Postale<\/li>\n<li><i class=\"c-list__icon fal fa-check\"><\/i>Verifica Indirizzi e Geocodifica in Batch e Real-Time<\/li>\n<li><i class=\"c-list__icon fal fa-check\"><\/i>Utilizzabile direttamente via web<\/li>\n<\/ul>\n<\/div><a class=\"c-button u-margin-right u-margin-bottom c-button--primary\" href=\"https:\/\/www.address4.com\/free-address-validation-services\">Prova il Trial Gratuito<\/a><a class=\"c-button u-margin-bottom c-button--primary\" href=\"https:\/\/www.egon.com\/it\/azienda\/contattaci\">Diventa partner<\/a>[\/vc_column][vc_column width=&#8221;5\/12&#8243;]<div class=\"c-image\"><img loading=\"lazy\" decoding=\"async\" width=\"681\" height=\"475\" src=\"https:\/\/www.address4.com\/wp-content\/uploads\/2018\/02\/address-verification-service.png\" class=\" aligncenter\" alt=\"address verification service\" srcset=\"https:\/\/www.address4.com\/wp-content\/uploads\/2018\/02\/address-verification-service.png 681w, https:\/\/www.address4.com\/wp-content\/uploads\/2018\/02\/address-verification-service-300x209.png 300w\" sizes=\"auto, (max-width: 681px) 100vw, 681px\" \/><\/div>[\/vc_column][\/vc_row][vc_row wrapper=&#8221;true&#8221; holder_set_margin=&#8221;true&#8221; holder_margin=&#8221;u-margin-bottom-large&#8221;][vc_column set_margin=&#8221;true&#8221; margin=&#8221;u-margin-bottom&#8221;]<div class=\" c-divider u-padding-vertical c-divider-has-text u-text-center\"\/><h4 class=\"c-divider-text\">Di quale utilizzo hai bisogno?<\/h4><\/div>[\/vc_column][vc_column width=&#8221;1\/4&#8243; set_margin=&#8221;true&#8221; margin=&#8221;u-margin-bottom-large&#8221;]<div class=\"ico-wrap ico-wrap--center\"><i class=\"ico ico--color-four fal fa-clock ico--xxl u-margin-bottom\"><\/i><\/div><div class=\"c-heading\"><h3 class=\" u-text-center\">Real Time<\/h3><\/div>[vc_column_text txt_align=&#8221;u-text-center&#8221;]Normalizza gli indirizzi durante la digitazione.[\/vc_column_text]<div class=\"c-button-holder c-button-holder--center\"><a class=\"c-button c-button--center c-button--primary  c-button--ghost\" href=\"https:\/\/www.address4.com\/usage\/real-time\">Prova ora<\/a><\/div>[\/vc_column][vc_column width=&#8221;1\/4&#8243; set_margin=&#8221;true&#8221; margin=&#8221;u-margin-bottom-large&#8221;]<div class=\"ico-wrap ico-wrap--center\"><i class=\"ico ico--color-four fal fa-database ico--xxl u-margin-bottom\"><\/i><\/div><div class=\"c-heading\"><h3 class=\" u-text-center\">Batch<\/h3><\/div>[vc_column_text txt_align=&#8221;u-text-center&#8221;]Normalizza un database di indirizzi postali.[\/vc_column_text]<div class=\"c-button-holder c-button-holder--center\"><a class=\"c-button c-button--center c-button--primary  c-button--ghost\" href=\"https:\/\/www.address4.com\/usage\/batch\">Prova ora<\/a><\/div>[\/vc_column][vc_column width=&#8221;1\/4&#8243; set_margin=&#8221;true&#8221; margin=&#8221;u-margin-bottom-large&#8221;]<div class=\"ico-wrap ico-wrap--center\"><i class=\"ico ico--color-four fal fa-code ico--xxl u-margin-bottom\"><\/i><\/div><div class=\"c-heading\"><h3 class=\" u-text-center\">APIs<\/h3><\/div>[vc_column_text txt_align=&#8221;u-text-center&#8221;]Integra la validazione indirizzi nei tuoi applicativi aziendali e portali web.[\/vc_column_text]<div class=\"c-button-holder c-button-holder--center\"><a class=\"c-button c-button--center c-button--primary  c-button--ghost\" href=\"https:\/\/www.address4.com\/usage\/apis\">Prova ora<\/a><\/div>[\/vc_column][vc_column width=&#8221;1\/4&#8243; set_margin=&#8221;true&#8221; margin=&#8221;u-margin-bottom-large&#8221;]<div class=\"ico-wrap ico-wrap--center\"><i class=\"ico ico--color-four fal fa-puzzle-piece ico--xxl u-margin-bottom\"><\/i><\/div><div class=\"c-heading\"><h3 class=\" u-text-center\">Plugin<\/h3><\/div>[vc_column_text txt_align=&#8221;u-text-center&#8221;]Incorpora Address4 in un\u2019applicazione con un click.[\/vc_column_text]<div class=\"c-button-holder c-button-holder--center\"><a class=\"c-button c-button--center c-button--primary  c-button--ghost\" href=\"https:\/\/www.address4.com\/usage\/plugin\">Prova ora<\/a><\/div>[\/vc_column][\/vc_row][vc_row wrapper=&#8221;true&#8221; holder_set_margin=&#8221;true&#8221; holder_margin=&#8221;u-margin-bottom&#8221;][vc_column]<div class=\" c-divider c-divider-has-text u-text-center\"\/><h4 class=\"c-divider-text\">Di quale servizio hai bisogno?<\/h4><\/div>[\/vc_column][\/vc_row][vc_row wrapper=&#8221;true&#8221; holder_set_margin=&#8221;true&#8221; holder_margin=&#8221;u-margin-bottom-large&#8221;][vc_column width=&#8221;1\/3&#8243; set_margin=&#8221;true&#8221; margin=&#8221;u-margin-bottom&#8221;]<div class=\"c-heading\"><h3 class=\" u-text-center\">Normalizzazione Indirizzi<\/h3><\/div><div class=\"ico-wrap ico-wrap--center\"><i class=\"ico ico--color-four fal fa-envelope ico--xxl u-margin-bottom\"><\/i><\/div>[vc_column_text]Con la validazione degli indirizzi postali i tuoi dati sono sempre corretti e normalizzati in base agli standard internazionali di spedizione. In pi\u00f9, il completamento automatico assicura la correzione degli indirizzi in tempo reale direttamente nel tuo ecommerce o sito web.[\/vc_column_text]<div class=\"c-button-holder c-button-holder--center\"><a class=\"c-button c-button--center c-button--primary  c-button--ghost\" href=\"https:\/\/www.address4.com\/services\/address-validation\">Prova Gratis<\/a><\/div>[\/vc_column][vc_column width=&#8221;1\/3&#8243; set_margin=&#8221;true&#8221; margin=&#8221;u-margin-bottom&#8221;]<div class=\"c-heading\"><h3 class=\" u-text-center\">Geocodifica<\/h3><\/div><div class=\"ico-wrap ico-wrap--center\"><i class=\"ico ico--color-four fal fa-globe ico--xxl u-margin-bottom\"><\/i><\/div>[vc_column_text]Il geocoding e il geocoding inverso ti aiutano a trasformare gli indirizzi postali in coordinate geografiche esatte e viceversa. Un servizio fondamentale per qualsiasi qualsiasi esigenza di georeferenziazione, ideale per organizzare logistica e trasporti o per obiettivi di geomarketing avanzato.[\/vc_column_text]<div class=\"c-button-holder c-button-holder--center\"><a class=\"c-button c-button--center c-button--primary  c-button--ghost\" href=\"https:\/\/www.address4.com\/services\/address-geocoding\">Prova Gratis<\/a><\/div>[\/vc_column][vc_column width=&#8221;1\/3&#8243; set_margin=&#8221;true&#8221; margin=&#8221;u-margin-bottom&#8221;]<div class=\"c-heading\"><h3 class=\" u-text-center\">Validazione Nomi<\/h3><\/div><div class=\"ico-wrap ico-wrap--center\"><i class=\"ico ico--color-four fal fa-id-card ico--xxl u-margin-bottom\"><\/i><\/div>[vc_column_text]Database con dati di contatto raccolti via web o inseriti manualmente da operatori data entry possono presentare errori di battitura, ripetizioni o doppioni. Per avere un archivio sicuro e ottimizzato di nomi \u00e8 indispensabile ricorrere ad un servizio di validazione nomi automatico.[\/vc_column_text]<div class=\"c-button-holder c-button-holder--center\"><a class=\"c-button c-button--center c-button--primary  c-button--ghost\" href=\"https:\/\/www.address4.com\/services\/name-validations\">Prova Gratis<\/a><\/div>[\/vc_column][vc_column width=&#8221;1\/3&#8243; set_margin=&#8221;true&#8221; margin=&#8221;u-margin-bottom&#8221;]<div class=\"c-heading\"><h3 class=\" u-text-center\">Validazione Indirizzi Email<\/h3><\/div><div class=\"ico-wrap ico-wrap--center\"><i class=\"ico ico--color-four fal fa-at ico--xxl u-margin-bottom\"><\/i><\/div>[vc_column_text]Con il nostro servizio puoi effettuare la validazione di indirizzi email singoli o di database contenenti migliaia di record. Non devi fare altro che inviare il file in qualsiasi formato. La procedura viene svolta in modo puntuale e nel rispetto della privacy.[\/vc_column_text]<div class=\"c-button-holder c-button-holder--center\"><a class=\"c-button c-button--center c-button--primary  c-button--ghost\" href=\"https:\/\/www.address4.com\/services\/address-validation\">Prova Gratis<\/a><\/div>[\/vc_column][vc_column width=&#8221;1\/3&#8243; set_margin=&#8221;true&#8221; margin=&#8221;u-margin-bottom&#8221;]<div class=\"c-heading\"><h3 class=\" u-text-center\">Validazione Numeri Telefono<\/h3><\/div><div class=\"ico-wrap ico-wrap--center\"><i class=\"ico ico--color-four fal fa-mobile-android-alt ico--xxl u-margin-bottom\"><\/i><\/div>[vc_column_text]Database con migliaia di numeri di telefono offrono ghiotte opportunit\u00e0 di business, purch\u00e9 siano ordinati e normalizzati. Ecco perch\u00e9 \u00e8 importante affidarsi a un servizio di validazione dei numeri in grado di verificare e correggere eventuali errori.[\/vc_column_text]<div class=\"c-button-holder c-button-holder--center\"><a class=\"c-button c-button--center c-button--primary  c-button--ghost\" href=\"https:\/\/www.address4.com\/services\/phone-validation\">Prova Gratis<\/a><\/div>[\/vc_column][vc_column width=&#8221;1\/3&#8243;]<div class=\"c-heading\"><h3 class=\" u-text-center\">Altri Servizi<\/h3><\/div><div class=\"ico-wrap ico-wrap--center\"><i class=\"ico ico--color-four fal fa-wrench ico--xxl u-margin-bottom\"><\/i><\/div>[vc_column_text]Address 4 propone un ampio ventaglio di soluzioni su misura per qualsiasi esigenza particolare.\u00a0Il nostro staff \u00e8 a tua completa disposizione per studiare la migliore proposta in base al settore di business, alle tempistiche e alle richieste del caso.[\/vc_column_text]<div class=\"c-button-holder c-button-holder--center\"><a class=\"c-button c-button--center c-button--primary  c-button--ghost\" href=\"https:\/\/www.address4.com\/contact\">Prova Gratis<\/a><\/div>[\/vc_column][\/vc_row][vc_row wrapper=&#8221;true&#8221; wrapper_class=&#8221;o-wrapper&#8211;slim&#8221; holder_set_padding=&#8221;true&#8221; holder_bg_fx=&#8221;u-background-light&#8221; holder_padding=&#8221;u-padding-vertical-large&#8221;][vc_column]<div class=\"c-heading\"><h3 class=\" u-h2 u-text-center\">Ogni singolo dato sbagliato ti fa sprecare soldi e tempo<\/h3><\/div>[vc_column_text]Nonostante sia difficile quantificare con precisione il danno economico di ogni singolo dato sbagliato, una cosa \u00e8 certa: gli errori in database sono una perdita di soldi e di tempo. Utilizzare indirizzi e dati approssimativi \u00e8 un regalo alla concorrenza.[\/vc_column_text][\/vc_column][vc_column width=&#8221;1\/3&#8243;]<div class=\"c-image\"><img loading=\"lazy\" decoding=\"async\" width=\"230\" height=\"230\" src=\"https:\/\/www.address4.com\/wp-content\/uploads\/2018\/02\/contact-verification-service-d.png\" class=\" aligncenter\" alt=\"contact-verification-service-d\" srcset=\"https:\/\/www.address4.com\/wp-content\/uploads\/2018\/02\/contact-verification-service-d.png 230w, https:\/\/www.address4.com\/wp-content\/uploads\/2018\/02\/contact-verification-service-d-150x150.png 150w, https:\/\/www.address4.com\/wp-content\/uploads\/2018\/02\/contact-verification-service-d-45x45.png 45w, https:\/\/www.address4.com\/wp-content\/uploads\/2018\/02\/contact-verification-service-d-100x100.png 100w\" sizes=\"auto, (max-width: 230px) 100vw, 230px\" \/><\/div>[\/vc_column][vc_column width=&#8221;2\/3&#8243;]<div class=\"c-heading\"><h3>La validazione degli indirizzi \u00e8 importante perch\u00e9:<\/h3><\/div><div class=\" c-list\"><ul>\n<li><i class=\"c-list__icon fal fa-check\"><\/i>ottimizza il lavoro di marketing e spedizione;<\/li>\n<li><i class=\"c-list__icon fal fa-check\"><\/i>massimizza il potenziale delle risorse aziendali;<\/li>\n<li><i class=\"c-list__icon fal fa-check\"><\/i>facilita il raggiungimento degli obiettivi di business;<\/li>\n<li><i class=\"c-list__icon fal fa-check\"><\/i>semplifica la gestione di grandi quantit\u00e0 di dati;<\/li>\n<li><i class=\"c-list__icon fal fa-check\"><\/i>evita penalizzazione a livello di brand identity;<\/li>\n<li><i class=\"c-list__icon fal fa-check\"><\/i>aumenta la soddisfazione dei clienti finali.<\/li>\n<\/ul>\n<\/div>[\/vc_column][\/vc_row][vc_row holder_set_padding=&#8221;true&#8221; holder_padding=&#8221;u-padding-vertical-large&#8221;][vc_column]<div class=\"c-heading\"><h3 class=\" u-text-center\">Accedi al tuo trial gratuito<\/h3><\/div><div class=\"c-button-holder c-button-holder--center\"><a class=\"c-button c-button--center u-margin-bottom c-button--primary  c-button--ghost\" href=\"https:\/\/www.address4.com\/free-address-validation-services\">Registrati<\/a><\/div><div class=\"c-heading\"><h3 class=\" u-h4 u-text-center\">Nessun costo, nessun obbligo, massima soddisfazione<\/h3><\/div>[\/vc_column][\/vc_row][vc_row wrapper=&#8221;true&#8221; wrapper_class=&#8221;o-wrapper&#8211;slim&#8221; holder_set_padding=&#8221;true&#8221; holder_bg_fx=&#8221;u-background-light&#8221; holder_padding=&#8221;u-padding-vertical-large&#8221;][vc_column set_margin=&#8221;true&#8221; margin=&#8221;u-margin-bottom&#8221;]<div class=\"c-heading\"><h3 class=\" u-h2 u-text-center\">Con Address 4 la soluzione \u00e8 a portata di mouse<\/h3><\/div><div class=\"c-heading\"><h3 class=\" u-h3 u-text-normal u-text-center\">Per crescere bisogna essere efficienti e per essere efficienti serve un software all'avanguardia. Un software come Address 4.<\/h3><\/div>[\/vc_column][vc_column width=&#8221;2\/3&#8243;]<div class=\"c-heading\"><h3 class=\" u-h5\">Address 4 allarga le frontiere del business e ti solleva da verifiche e controlli che richiederebbero enormi dispendi di risorse.<\/h3><\/div><div class=\" c-list\"><ul>\n<li><i class=\"c-list__icon fal fa-check\"><\/i>servizio di verifica degli indirizzi online 24 ore su 24;<\/li>\n<li><i class=\"c-list__icon fal fa-check\"><\/i>facile integrazione con siti web, portali e ecommerce;<\/li>\n<li><i class=\"c-list__icon fal fa-check\"><\/i>accesso Internet da qualsiasi localit\u00e0 del mondo;<\/li>\n<li><i class=\"c-list__icon fal fa-check\"><\/i>funzionalit\u00e0 avanzate come il geocoding inverso;<\/li>\n<li><i class=\"c-list__icon fal fa-check\"><\/i>nessun download e installazione di programmi.<\/li>\n<\/ul>\n<\/div>[\/vc_column][vc_column width=&#8221;1\/3&#8243;]<div class=\"c-image\"><img loading=\"lazy\" decoding=\"async\" width=\"230\" height=\"230\" src=\"https:\/\/www.address4.com\/wp-content\/uploads\/2018\/02\/contact-verification-service-u.png\" class=\" aligncenter\" alt=\"\" srcset=\"https:\/\/www.address4.com\/wp-content\/uploads\/2018\/02\/contact-verification-service-u.png 230w, https:\/\/www.address4.com\/wp-content\/uploads\/2018\/02\/contact-verification-service-u-150x150.png 150w, https:\/\/www.address4.com\/wp-content\/uploads\/2018\/02\/contact-verification-service-u-45x45.png 45w, https:\/\/www.address4.com\/wp-content\/uploads\/2018\/02\/contact-verification-service-u-100x100.png 100w\" sizes=\"auto, (max-width: 230px) 100vw, 230px\" \/><\/div>[\/vc_column][vc_column set_padding=&#8221;true&#8221; padding=&#8221;u-padding-vertical&#8221;]<div class=\"c-heading\"><h3 class=\" u-text-center\">Stavi cercando un software automatico per la validazione degli indirizzi e l'hai trovato. Ora \u00e8 il momento di passare all'azione.<\/h3><\/div>[vc_column_text txt_align=&#8221;u-text-center&#8221;]Prenditi il tempo necessario per esplorare la nostra offerta, scoprire le funzionalit\u00e0 e provare le demo gratuita online.[\/vc_column_text][\/vc_column][\/vc_row][vc_row row_h_align=&#8221;grid&#8211;center&#8221; wrapper=&#8221;true&#8221; holder_set_padding=&#8221;true&#8221; holder_padding=&#8221;u-padding-vertical-large&#8221;][vc_column]<div class=\" c-divider c-divider-has-text u-text-center\"\/><h4 class=\"c-divider-text u-h3\">Cosa dicono i nostri clienti<\/h4><\/div>[vc_row_inner row_h_align=&#8221;grid&#8211;center&#8221;][vc_column_inner width=&#8221;2\/3&#8243;]<div class=\"c-mediabox\">\n<div class=\" o-flag o-flag--responsive o-flag--normal\">\n<div class=\"o-flag__img\"><img loading=\"lazy\" decoding=\"async\" width=\"230\" height=\"230\" src=\"https:\/\/www.address4.com\/wp-content\/uploads\/2018\/02\/customer-address4-services.png\" class=\"attachment-full size-full\" alt=\"customer-address4-services\" srcset=\"https:\/\/www.address4.com\/wp-content\/uploads\/2018\/02\/customer-address4-services.png 230w, https:\/\/www.address4.com\/wp-content\/uploads\/2018\/02\/customer-address4-services-150x150.png 150w, https:\/\/www.address4.com\/wp-content\/uploads\/2018\/02\/customer-address4-services-45x45.png 45w, https:\/\/www.address4.com\/wp-content\/uploads\/2018\/02\/customer-address4-services-100x100.png 100w\" sizes=\"auto, (max-width: 230px) 100vw, 230px\" \/><\/div>\n<div class=\"o-flag__body\">\n<blockquote><p>\n\u201cAddress 4 non \u00e8 un semplice software ma una suite completa. Per il nostro ecommerce rappresenta una manna dal cielo\u201d.<br \/>\nAlberto Arrigoni \u2013 System Integrator\n<\/p><\/blockquote>\n<\/div>\n<\/div>\n<\/div>\n[\/vc_column_inner][\/vc_row_inner][\/vc_column][\/vc_row]\n","protected":false},"excerpt":{"rendered":"<p>[vc_row wrapper=&#8221;true&#8221;][vc_column width=&#8221;7\/12&#8243;][\/vc_column][vc_column width=&#8221;5\/12&#8243;][\/vc_column][\/vc_row][vc_row wrapper=&#8221;true&#8221; holder_set_margin=&#8221;true&#8221; holder_margin=&#8221;u-margin-bottom-large&#8221;][vc_column set_margin=&#8221;true&#8221; margin=&#8221;u-margin-bottom&#8221;][\/vc_column][vc_column width=&#8221;1\/4&#8243; set_margin=&#8221;true&#8221; margin=&#8221;u-margin-bottom-large&#8221;][vc_column_text txt_align=&#8221;u-text-center&#8221;]Normalizza gli indirizzi durante la digitazione.[\/vc_column_text][\/vc_column][vc_column width=&#8221;1\/4&#8243; set_margin=&#8221;true&#8221; margin=&#8221;u-margin-bottom-large&#8221;][vc_column_text txt_align=&#8221;u-text-center&#8221;]Normalizza un database di indirizzi postali.[\/vc_column_text][\/vc_column][vc_column width=&#8221;1\/4&#8243; set_margin=&#8221;true&#8221; margin=&#8221;u-margin-bottom-large&#8221;][vc_column_text txt_align=&#8221;u-text-center&#8221;]Integra la validazione indirizzi nei tuoi applicativi aziendali e portali web.[\/vc_column_text][\/vc_column][vc_column width=&#8221;1\/4&#8243; set_margin=&#8221;true&#8221; margin=&#8221;u-margin-bottom-large&#8221;][vc_column_text txt_align=&#8221;u-text-center&#8221;]Incorpora Address4 in un\u2019applicazione con un click.[\/vc_column_text][\/vc_column][\/vc_row][vc_row wrapper=&#8221;true&#8221; holder_set_margin=&#8221;true&#8221; holder_margin=&#8221;u-margin-bottom&#8221;][vc_column][\/vc_column][\/vc_row][vc_row wrapper=&#8221;true&#8221; [&hellip;]<\/p>\n","protected":false},"author":2,"featured_media":0,"parent":0,"menu_order":0,"comment_status":"closed","ping_status":"closed","template":"templates\/template-fullwidth.php","meta":{"footnotes":""},"class_list":["post-227","page","type-page","status-publish","hentry"],"yoast_head":"<!-- This site is optimized with the Yoast SEO plugin v26.8 - https:\/\/yoast.com\/product\/yoast-seo-wordpress\/ -->\n<title>Verifica Indirizzi Postali Italiani e Internazionali - Address 4<\/title>\n<meta name=\"description\" content=\"Cerchi un servizio di validazione di interi database indirizzi? Con Address4 hai tutte le funzionalit\u00e0 che ti servono a portata di clic. Prova Ora Gratis!\" \/>\n<meta name=\"robots\" content=\"index, follow, max-snippet:-1, max-image-preview:large, max-video-preview:-1\" \/>\n<link rel=\"canonical\" href=\"https:\/\/www.address4.com\/it\" \/>\n<meta property=\"og:locale\" content=\"it_IT\" \/>\n<meta property=\"og:type\" content=\"article\" \/>\n<meta property=\"og:title\" content=\"Verifica Indirizzi Postali Italiani e Internazionali - Address 4\" \/>\n<meta property=\"og:description\" content=\"Cerchi un servizio di validazione di interi database indirizzi? Con Address4 hai tutte le funzionalit\u00e0 che ti servono a portata di clic. Prova Ora Gratis!\" \/>\n<meta property=\"og:url\" content=\"https:\/\/www.address4.com\/it\" \/>\n<meta property=\"og:site_name\" content=\"Address 4\" \/>\n<meta property=\"article:modified_time\" content=\"2025-03-05T10:58:58+00:00\" \/>\n<meta name=\"twitter:card\" content=\"summary_large_image\" \/>\n<meta name=\"twitter:label1\" content=\"Tempo di lettura stimato\" \/>\n\t<meta name=\"twitter:data1\" content=\"5 minuti\" \/>\n<script type=\"application\/ld+json\" class=\"yoast-schema-graph\">{\"@context\":\"https:\/\/schema.org\",\"@graph\":[{\"@type\":\"WebPage\",\"@id\":\"https:\/\/www.address4.com\/it\",\"url\":\"https:\/\/www.address4.com\/it\",\"name\":\"Verifica Indirizzi Postali Italiani e Internazionali - Address 4\",\"isPartOf\":{\"@id\":\"https:\/\/www.address4.com\/#website\"},\"datePublished\":\"2018-03-01T12:24:39+00:00\",\"dateModified\":\"2025-03-05T10:58:58+00:00\",\"description\":\"Cerchi un servizio di validazione di interi database indirizzi? Con Address4 hai tutte le funzionalit\u00e0 che ti servono a portata di clic. Prova Ora Gratis!\",\"breadcrumb\":{\"@id\":\"https:\/\/www.address4.com\/it#breadcrumb\"},\"inLanguage\":\"it-IT\",\"potentialAction\":[{\"@type\":\"ReadAction\",\"target\":[\"https:\/\/www.address4.com\/it\"]}]},{\"@type\":\"BreadcrumbList\",\"@id\":\"https:\/\/www.address4.com\/it#breadcrumb\",\"itemListElement\":[{\"@type\":\"ListItem\",\"position\":1,\"name\":\"Home\",\"item\":\"https:\/\/www.address4.com\/it\"},{\"@type\":\"ListItem\",\"position\":2,\"name\":\"Home\"}]},{\"@type\":\"WebSite\",\"@id\":\"https:\/\/www.address4.com\/#website\",\"url\":\"https:\/\/www.address4.com\/\",\"name\":\"Address 4\",\"description\":\"Address Verification Service For Your Business\",\"potentialAction\":[{\"@type\":\"SearchAction\",\"target\":{\"@type\":\"EntryPoint\",\"urlTemplate\":\"https:\/\/www.address4.com\/?s={search_term_string}\"},\"query-input\":{\"@type\":\"PropertyValueSpecification\",\"valueRequired\":true,\"valueName\":\"search_term_string\"}}],\"inLanguage\":\"it-IT\"}]}<\/script>\n<!-- \/ Yoast SEO plugin. -->","yoast_head_json":{"title":"Verifica Indirizzi Postali Italiani e Internazionali - Address 4","description":"Cerchi un servizio di validazione di interi database indirizzi? Con Address4 hai tutte le funzionalit\u00e0 che ti servono a portata di clic. Prova Ora Gratis!","robots":{"index":"index","follow":"follow","max-snippet":"max-snippet:-1","max-image-preview":"max-image-preview:large","max-video-preview":"max-video-preview:-1"},"canonical":"https:\/\/www.address4.com\/it","og_locale":"it_IT","og_type":"article","og_title":"Verifica Indirizzi Postali Italiani e Internazionali - Address 4","og_description":"Cerchi un servizio di validazione di interi database indirizzi? Con Address4 hai tutte le funzionalit\u00e0 che ti servono a portata di clic. Prova Ora Gratis!","og_url":"https:\/\/www.address4.com\/it","og_site_name":"Address 4","article_modified_time":"2025-03-05T10:58:58+00:00","twitter_card":"summary_large_image","twitter_misc":{"Tempo di lettura stimato":"5 minuti"},"schema":{"@context":"https:\/\/schema.org","@graph":[{"@type":"WebPage","@id":"https:\/\/www.address4.com\/it","url":"https:\/\/www.address4.com\/it","name":"Verifica Indirizzi Postali Italiani e Internazionali - Address 4","isPartOf":{"@id":"https:\/\/www.address4.com\/#website"},"datePublished":"2018-03-01T12:24:39+00:00","dateModified":"2025-03-05T10:58:58+00:00","description":"Cerchi un servizio di validazione di interi database indirizzi? Con Address4 hai tutte le funzionalit\u00e0 che ti servono a portata di clic. Prova Ora Gratis!","breadcrumb":{"@id":"https:\/\/www.address4.com\/it#breadcrumb"},"inLanguage":"it-IT","potentialAction":[{"@type":"ReadAction","target":["https:\/\/www.address4.com\/it"]}]},{"@type":"BreadcrumbList","@id":"https:\/\/www.address4.com\/it#breadcrumb","itemListElement":[{"@type":"ListItem","position":1,"name":"Home","item":"https:\/\/www.address4.com\/it"},{"@type":"ListItem","position":2,"name":"Home"}]},{"@type":"WebSite","@id":"https:\/\/www.address4.com\/#website","url":"https:\/\/www.address4.com\/","name":"Address 4","description":"Address Verification Service For Your Business","potentialAction":[{"@type":"SearchAction","target":{"@type":"EntryPoint","urlTemplate":"https:\/\/www.address4.com\/?s={search_term_string}"},"query-input":{"@type":"PropertyValueSpecification","valueRequired":true,"valueName":"search_term_string"}}],"inLanguage":"it-IT"}]}},"_links":{"self":[{"href":"https:\/\/www.address4.com\/it\/wp-json\/wp\/v2\/pages\/227","targetHints":{"allow":["GET"]}}],"collection":[{"href":"https:\/\/www.address4.com\/it\/wp-json\/wp\/v2\/pages"}],"about":[{"href":"https:\/\/www.address4.com\/it\/wp-json\/wp\/v2\/types\/page"}],"author":[{"embeddable":true,"href":"https:\/\/www.address4.com\/it\/wp-json\/wp\/v2\/users\/2"}],"replies":[{"embeddable":true,"href":"https:\/\/www.address4.com\/it\/wp-json\/wp\/v2\/comments?post=227"}],"version-history":[{"count":7,"href":"https:\/\/www.address4.com\/it\/wp-json\/wp\/v2\/pages\/227\/revisions"}],"predecessor-version":[{"id":4253,"href":"https:\/\/www.address4.com\/it\/wp-json\/wp\/v2\/pages\/227\/revisions\/4253"}],"wp:attachment":[{"href":"https:\/\/www.address4.com\/it\/wp-json\/wp\/v2\/media?parent=227"}],"curies":[{"name":"wp","href":"https:\/\/api.w.org\/{rel}","templated":true}]}}