{"id":774,"date":"2018-03-08T09:21:33","date_gmt":"2018-03-08T09:21:33","guid":{"rendered":"http:\/\/www.address4.com\/?page_id=774"},"modified":"2021-03-09T12:41:59","modified_gmt":"2021-03-09T11:41:59","slug":"geocodage-en-ligne","status":"publish","type":"page","link":"https:\/\/www.address4.com\/fr\/services\/geocodage-adresse\/geocodage-en-ligne","title":{"rendered":"En ligne"},"content":{"rendered":"[vc_row wrapper=\u00a0\u00bbtrue\u00a0\u00bb holder_set_margin=\u00a0\u00bbtrue\u00a0\u00bb holder_margin=\u00a0\u00bbu-margin-bottom\u00a0\u00bb][vc_column]<div class=\"c-heading\"><h1 class=\" u-h1 u-text-center\">G\u00e9ocodage en ligne<\/h1><\/div><div class=\"c-heading\"><h3 class=\" u-h3 u-text-normal u-text-center\">Pour la logistique, le transport, le g\u00e9omarketing et pour de nombreuses autres activit\u00e9s, le g\u00e9ocodage en ligne par Address 4 est la solution la plus rapide, pratique et s\u00e9curis\u00e9e. D\u00e9couvrez pourquoi.<\/h3><\/div>[\/vc_column][\/vc_row][vc_row wrapper=\u00a0\u00bbtrue\u00a0\u00bb holder_set_margin=\u00a0\u00bbtrue\u00a0\u00bb holder_margin=\u00a0\u00bbu-margin-bottom\u00a0\u00bb][vc_column width=\u00a0\u00bb5\/12&Prime;]<div class=\"c-image\"><a href=\"https:\/\/www.address4.com\/free-address-validation-services\"><img loading=\"lazy\" decoding=\"async\" width=\"700\" height=\"360\" src=\"https:\/\/www.address4.com\/wp-content\/uploads\/2021\/03\/geocodage-en-ligne.jpeg\" class=\" u-margin-bottom aligncenter\" alt=\"G\u00e9ocodage en ligne\" srcset=\"https:\/\/www.address4.com\/wp-content\/uploads\/2021\/03\/geocodage-en-ligne.jpeg 700w, https:\/\/www.address4.com\/wp-content\/uploads\/2021\/03\/geocodage-en-ligne-300x154.jpeg 300w\" sizes=\"auto, (max-width: 700px) 100vw, 700px\" \/><\/a><\/div>[\/vc_column][vc_column width=\u00a0\u00bb7\/12&Prime;]<div class=\"c-heading\"><h3>G\u00e9rez votre g\u00e9ocodage en ligne<\/h3><\/div>[vc_column_text]\n<div class=\"span6 widget-span widget-type-rich_text \" data-widget-type=\"rich_text\" data-x=\"0\" data-w=\"6\">\n<div class=\"cell-wrapper layout-widget-wrapper\">\n<div id=\"address4-demo-box-address-validation\" class=\"address4-demo-box address-validation\"><\/div>\n<\/div>\n<\/div>\n<div class=\"span6 widget-span widget-type-rich_text \" data-widget-type=\"rich_text\" data-x=\"6\" data-w=\"6\">\n<div class=\"cell-wrapper layout-widget-wrapper\">\n<h2>G\u00e9rez votre g\u00e9ocodage en ligne<\/h2>\n<p>Avec Address4 vous pouvez g\u00e9ocoder une adresse en ligne depuis n\u2019importe quel appareil gr\u00e2ce \u00e0 un simple lien Internet. Ainsi vous aurez une adresse correcte, valid\u00e9e, enrichie et g\u00e9or\u00e9f\u00e9renc\u00e9e sur une carte selon les coordonn\u00e9es g\u00e9ographiques exactes correspondantes.<\/p>\n<p>Renseignez le champ pour essayer le service de g\u00e9ocodage en ligne gratuitement et sans inscription. La version d\u2019essai est disponible dans plus de 250 pays \u00e0 travers le monde entier.<\/p>\n<\/div>\n<\/div>\n[\/vc_column_text]<a class=\"c-button u-margin-right u-margin-bottom c-button--secondary\" href=\"https:\/\/www.address4.com\/free-address-validation-services\">S'inscrire<\/a><a class=\"c-button u-margin-bottom c-button--secondary\" href=\"https:\/\/www.address4.com\/services\/address-validation\/batch-address-validation\">Charger un fichier<\/a>[\/vc_column][\/vc_row][vc_row][vc_column]<div class=\"templatera_shortcode\"><div class=\"o-holder u-background-light u-margin-bottom-large u-padding-vertical-large\"><div class=\" o-wrapper\"><div class=\"grid-1\"><div class=\"col _lap-and-up-8\" ><div class=\"c-heading\"><h3>Ne manquez pas \u00ab \u00c9conomies et validation d\u2019adresse \u00bb<\/h3><\/div><div class=\"c-heading\"><h3>T\u00c9L\u00c9CHARGEZ notre e-book GRATUITEMENT et d\u00e9couvrez comment am\u00e9liorer la qualit\u00e9 de vos donn\u00e9es<\/h3><\/div><div class=\"c-text-block\"><p>Guide complet avec les retomb\u00e9es \u00e9conomiques de la validation<\/p>\n <\/div><a class=\"c-button c-button--secondary\" href=\"https:\/\/www.address4.com\/ebook-1\">T\u00e9l\u00e9charger l\u2019e-book<\/a><\/div><div class=\"col _lap-and-up-4\" ><div class=\"c-image\"><a href=\"https:\/\/www.address4.com\/ebook-1\"><img loading=\"lazy\" decoding=\"async\" width=\"205\" height=\"286\" src=\"https:\/\/www.address4.com\/wp-content\/uploads\/2018\/03\/ebook-address-validation-cost-saving-S.png\" class=\" alignone\" alt=\"ebook-address-validation-cost-saving-S\" \/><\/a><\/div><\/div>\n<\/div><\/div><\/div><\/div>[\/vc_column][\/vc_row][vc_row wrapper=\u00a0\u00bbtrue\u00a0\u00bb holder_set_margin=\u00a0\u00bbtrue\u00a0\u00bb holder_margin=\u00a0\u00bbu-margin-bottom-large\u00a0\u00bb][vc_column width=\u00a0\u00bb5\/12&Prime;]<div class=\"c-image\"><img loading=\"lazy\" decoding=\"async\" width=\"390\" height=\"308\" src=\"https:\/\/www.address4.com\/wp-content\/uploads\/2018\/03\/Geocoding_online.jpg\" class=\" aligncenter\" alt=\"Geocoding online\" srcset=\"https:\/\/www.address4.com\/wp-content\/uploads\/2018\/03\/Geocoding_online.jpg 390w, https:\/\/www.address4.com\/wp-content\/uploads\/2018\/03\/Geocoding_online-300x237.jpg 300w\" sizes=\"auto, (max-width: 390px) 100vw, 390px\" \/><\/div>[\/vc_column][vc_column width=\u00a0\u00bb7\/12&Prime;]<div class=\"c-heading\"><h3>G\u00e9ocodage en ligne : cr\u00e9ez une carte interactive \u00e0 partir de vos donn\u00e9es<\/h3><\/div>[vc_column_text]\n<div class=\"row-fluid-wrapper row-depth-1 row-number-16 \">\n<div class=\"row-fluid \">\n<div class=\"span6 widget-span widget-type-rich_text \" data-widget-type=\"rich_text\" data-x=\"6\" data-w=\"6\">\n<div class=\"cell-wrapper layout-widget-wrapper\">\n<div class=\"row-fluid-wrapper row-depth-1 row-number-15 \">\n<div class=\"row-fluid \">\n<div class=\"span6 widget-span widget-type-rich_text \" data-widget-type=\"rich_text\" data-x=\"6\" data-w=\"6\">\n<div class=\"cell-wrapper layout-widget-wrapper\">\n<p>Les personnes travaillant dans la logistique, le transport et le g\u00e9omarketing doivent conna\u00eetre l\u2019adresse exacte et\u00a0<strong>la localiser sur une carte<\/strong>\u00a0afin d\u2019utiliser un GPS, un programme de gestion de livraison ou un logiciel de g\u00e9omarketing. Les fonctionnalit\u00e9s du g\u00e9ocodage en ligne Address 4 permettent d\u2019effectuer la validation d\u2019adresse postale pour ensuite donner la latitude, la longitude et les codes territoriaux de l\u2019adresse saisie. Parmi les besoins de g\u00e9ocodage en ligne qui peuvent \u00eatre satisfaits avec Address 4 figurent l\u2019attribution de zones de recensement, la proximit\u00e9 et le calcul imm\u00e9diat des distances telles que la distance \u00e0 vol d\u2019oiseau ou \u00e0 pied, le g\u00e9ocodage invers\u00e9, la notification de points d\u2019int\u00e9r\u00eat, la localisation \u00e0 l\u2019aide de noms de rue, le rep\u00e9rage de carrefours (coins) et bien plus encore.<\/p>\n<\/div>\n<\/div>\n<\/div>\n<\/div>\n<div class=\"row-fluid-wrapper row-depth-1 row-number-16 \">\n<div class=\"row-fluid \">\n<div class=\"span12 widget-span widget-type-rich_text \" data-widget-type=\"rich_text\" data-x=\"0\" data-w=\"12\">\n<div class=\"cell-wrapper layout-widget-wrapper\">\n<p><strong>La cartographie\u00a0<\/strong>\u00e0 l\u2019aide de l\u2019outil de validation Address 4 assure\u00a0<strong>la\u00a0<\/strong>position g\u00e9ographique exacte sur une carte.\u00a0<strong>Le logiciel de\u00a0<\/strong><strong>g\u00e9ocodage en ligne est accessible \u00e0 tout moment sans installation de plug-in et sans t\u00e9l\u00e9chargement de programme.<\/strong><\/p>\n<\/div>\n<\/div>\n<\/div>\n<\/div>\n<\/div>\n<\/div>\n<\/div>\n<\/div>\n[\/vc_column_text][\/vc_column][\/vc_row][vc_row][vc_column]<div class=\"templatera_shortcode\"><div class=\"o-holder u-background-light u-margin-bottom-large u-padding-vertical-large\"><div class=\"grid-1\"><div class=\"col _lap-and-up-12\" ><div class=\"c-heading\"><h3 class=\" u-h2 u-text-center\">Commencez votre version d\u2019essai gratuite d\u2019Address4<\/h3><\/div><div class=\"c-button-holder c-button-holder--center\"><a class=\"c-button c-button--center u-margin-bottom c-button--secondary\" href=\"https:\/\/www.address4.com\/free-address-validation-services\">S'inscrire<\/a><\/div><div class=\"c-heading\"><h3 class=\" u-text-center\">Sans frais ni obligation pour une satisfaction optimale<\/h3><\/div><\/div>\n<\/div><\/div><\/div>[\/vc_column][\/vc_row][vc_row wrapper=\u00a0\u00bbtrue\u00a0\u00bb holder_set_padding=\u00a0\u00bbtrue\u00a0\u00bb holder_padding=\u00a0\u00bbu-padding-vertical\u00a0\u00bb][vc_column width=\u00a0\u00bb1\/3&Prime;]<div class=\"c-mediabox u-margin-bottom\">\n<div class=\" o-media\">\n<div class=\"o-media__img\">\n<div class=\"ico-wrap ico-wrap--center\"><i class=\"ico ico--xl fal fa-desktop-alt\"><\/i><\/div>\n<\/div>\n<div class=\"o-media__body\">\n<h4>G\u00e9ocodage Gestion en Ligne<\/h4>\n<p>Avec Address 4 le g\u00e9ocodage est effectu\u00e9 en ligne de fa\u00e7on autonome et en fonction des besoins de l\u2019utilisateur.<\/p><\/div>\n<\/div>\n<\/div>\n[\/vc_column][vc_column width=\u00a0\u00bb1\/3&Prime;]<div class=\"c-mediabox u-margin-bottom\">\n<div class=\" o-media\">\n<div class=\"o-media__img\">\n<div class=\"ico-wrap ico-wrap--center\"><i class=\"ico ico--xl fal fa-globe\"><\/i><\/div>\n<\/div>\n<div class=\"o-media__body\">\n<h4>Coordonn\u00e9es g\u00e9ographiques<\/h4>\n<p>Le logiciel renvoie les coordonn\u00e9es g\u00e9ographiques de l\u2019adresse saisie apr\u00e8s l\u2019avoir valid\u00e9e et mise \u00e0 jour.<\/p><\/div>\n<\/div>\n<\/div>\n[\/vc_column][vc_column width=\u00a0\u00bb1\/3&Prime;]<div class=\"c-mediabox u-margin-bottom\">\n<div class=\" o-media\">\n<div class=\"o-media__img\">\n<div class=\"ico-wrap ico-wrap--center\"><i class=\"ico ico--xl fal fa-map\"><\/i><\/div>\n<\/div>\n<div class=\"o-media__body\">\n<h4>Vue sur une carte<\/h4>\n<p>L\u2019adresse est indiqu\u00e9e sur une carte dans plus de 250 pays \u00e0 travers le monde, avec une marge d\u2019erreur minime par rapport \u00e0 la vraie position.<\/p><\/div>\n<\/div>\n<\/div>\n[\/vc_column][\/vc_row][vc_row][vc_column][\/vc_column][\/vc_row]\n","protected":false},"excerpt":{"rendered":"The Latest From Our Blog","protected":false},"author":2,"featured_media":0,"parent":406,"menu_order":0,"comment_status":"closed","ping_status":"closed","template":"templates\/template-fullwidth.php","meta":{"footnotes":""},"class_list":["post-774","page","type-page","status-publish","hentry"],"yoast_head":"<!-- This site is optimized with the Yoast SEO plugin v26.8 - https:\/\/yoast.com\/product\/yoast-seo-wordpress\/ -->\n<title>Service de g\u00e9ocodage en ligne \u2013 Address4<\/title>\n<meta name=\"description\" content=\"Address4 offre aux op\u00e9rateurs en logistique, transport et g\u00e9omarketing un service de g\u00e9ocodage en ligne dans plus de 250 pays. Essayez-le\" \/>\n<meta name=\"robots\" content=\"index, follow, max-snippet:-1, max-image-preview:large, max-video-preview:-1\" \/>\n<link rel=\"canonical\" href=\"https:\/\/www.address4.com\/fr\/services\/geocodage-adresse\/geocodage-en-ligne\" \/>\n<meta property=\"og:locale\" content=\"fr_FR\" \/>\n<meta property=\"og:type\" content=\"article\" \/>\n<meta property=\"og:title\" content=\"Service de g\u00e9ocodage en ligne \u2013 Address4\" \/>\n<meta property=\"og:description\" content=\"Address4 offre aux op\u00e9rateurs en logistique, transport et g\u00e9omarketing un service de g\u00e9ocodage en ligne dans plus de 250 pays. Essayez-le\" \/>\n<meta property=\"og:url\" content=\"https:\/\/www.address4.com\/fr\/services\/geocodage-adresse\/geocodage-en-ligne\" \/>\n<meta property=\"og:site_name\" content=\"Address 4\" \/>\n<meta property=\"article:modified_time\" content=\"2021-03-09T11:41:59+00:00\" \/>\n<meta name=\"twitter:card\" content=\"summary_large_image\" \/>\n<meta name=\"twitter:label1\" content=\"Dur\u00e9e de lecture estim\u00e9e\" \/>\n\t<meta name=\"twitter:data1\" content=\"2 minutes\" \/>\n<script type=\"application\/ld+json\" class=\"yoast-schema-graph\">{\"@context\":\"https:\/\/schema.org\",\"@graph\":[{\"@type\":\"WebPage\",\"@id\":\"https:\/\/www.address4.com\/fr\/services\/geocodage-adresse\/geocodage-en-ligne\",\"url\":\"https:\/\/www.address4.com\/fr\/services\/geocodage-adresse\/geocodage-en-ligne\",\"name\":\"Service de g\u00e9ocodage en ligne \u2013 Address4\",\"isPartOf\":{\"@id\":\"https:\/\/www.address4.com\/#website\"},\"datePublished\":\"2018-03-08T09:21:33+00:00\",\"dateModified\":\"2021-03-09T11:41:59+00:00\",\"description\":\"Address4 offre aux op\u00e9rateurs en logistique, transport et g\u00e9omarketing un service de g\u00e9ocodage en ligne dans plus de 250 pays. Essayez-le\",\"breadcrumb\":{\"@id\":\"https:\/\/www.address4.com\/fr\/services\/geocodage-adresse\/geocodage-en-ligne#breadcrumb\"},\"inLanguage\":\"fr-FR\",\"potentialAction\":[{\"@type\":\"ReadAction\",\"target\":[\"https:\/\/www.address4.com\/fr\/services\/geocodage-adresse\/geocodage-en-ligne\"]}]},{\"@type\":\"BreadcrumbList\",\"@id\":\"https:\/\/www.address4.com\/fr\/services\/geocodage-adresse\/geocodage-en-ligne#breadcrumb\",\"itemListElement\":[{\"@type\":\"ListItem\",\"position\":1,\"name\":\"Home\",\"item\":\"https:\/\/www.address4.com\/fr\"},{\"@type\":\"ListItem\",\"position\":2,\"name\":\"Services\",\"item\":\"https:\/\/www.address4.com\/fr\/services\"},{\"@type\":\"ListItem\",\"position\":3,\"name\":\"G\u00e9ocodage\",\"item\":\"https:\/\/www.address4.com\/fr\/services\/geocodage-adresse\"},{\"@type\":\"ListItem\",\"position\":4,\"name\":\"En ligne\"}]},{\"@type\":\"WebSite\",\"@id\":\"https:\/\/www.address4.com\/#website\",\"url\":\"https:\/\/www.address4.com\/\",\"name\":\"Address 4\",\"description\":\"Address Verification Service For Your Business\",\"potentialAction\":[{\"@type\":\"SearchAction\",\"target\":{\"@type\":\"EntryPoint\",\"urlTemplate\":\"https:\/\/www.address4.com\/?s={search_term_string}\"},\"query-input\":{\"@type\":\"PropertyValueSpecification\",\"valueRequired\":true,\"valueName\":\"search_term_string\"}}],\"inLanguage\":\"fr-FR\"}]}<\/script>\n<!-- \/ Yoast SEO plugin. -->","yoast_head_json":{"title":"Service de g\u00e9ocodage en ligne \u2013 Address4","description":"Address4 offre aux op\u00e9rateurs en logistique, transport et g\u00e9omarketing un service de g\u00e9ocodage en ligne dans plus de 250 pays. Essayez-le","robots":{"index":"index","follow":"follow","max-snippet":"max-snippet:-1","max-image-preview":"max-image-preview:large","max-video-preview":"max-video-preview:-1"},"canonical":"https:\/\/www.address4.com\/fr\/services\/geocodage-adresse\/geocodage-en-ligne","og_locale":"fr_FR","og_type":"article","og_title":"Service de g\u00e9ocodage en ligne \u2013 Address4","og_description":"Address4 offre aux op\u00e9rateurs en logistique, transport et g\u00e9omarketing un service de g\u00e9ocodage en ligne dans plus de 250 pays. Essayez-le","og_url":"https:\/\/www.address4.com\/fr\/services\/geocodage-adresse\/geocodage-en-ligne","og_site_name":"Address 4","article_modified_time":"2021-03-09T11:41:59+00:00","twitter_card":"summary_large_image","twitter_misc":{"Dur\u00e9e de lecture estim\u00e9e":"2 minutes"},"schema":{"@context":"https:\/\/schema.org","@graph":[{"@type":"WebPage","@id":"https:\/\/www.address4.com\/fr\/services\/geocodage-adresse\/geocodage-en-ligne","url":"https:\/\/www.address4.com\/fr\/services\/geocodage-adresse\/geocodage-en-ligne","name":"Service de g\u00e9ocodage en ligne \u2013 Address4","isPartOf":{"@id":"https:\/\/www.address4.com\/#website"},"datePublished":"2018-03-08T09:21:33+00:00","dateModified":"2021-03-09T11:41:59+00:00","description":"Address4 offre aux op\u00e9rateurs en logistique, transport et g\u00e9omarketing un service de g\u00e9ocodage en ligne dans plus de 250 pays. Essayez-le","breadcrumb":{"@id":"https:\/\/www.address4.com\/fr\/services\/geocodage-adresse\/geocodage-en-ligne#breadcrumb"},"inLanguage":"fr-FR","potentialAction":[{"@type":"ReadAction","target":["https:\/\/www.address4.com\/fr\/services\/geocodage-adresse\/geocodage-en-ligne"]}]},{"@type":"BreadcrumbList","@id":"https:\/\/www.address4.com\/fr\/services\/geocodage-adresse\/geocodage-en-ligne#breadcrumb","itemListElement":[{"@type":"ListItem","position":1,"name":"Home","item":"https:\/\/www.address4.com\/fr"},{"@type":"ListItem","position":2,"name":"Services","item":"https:\/\/www.address4.com\/fr\/services"},{"@type":"ListItem","position":3,"name":"G\u00e9ocodage","item":"https:\/\/www.address4.com\/fr\/services\/geocodage-adresse"},{"@type":"ListItem","position":4,"name":"En ligne"}]},{"@type":"WebSite","@id":"https:\/\/www.address4.com\/#website","url":"https:\/\/www.address4.com\/","name":"Address 4","description":"Address Verification Service For Your Business","potentialAction":[{"@type":"SearchAction","target":{"@type":"EntryPoint","urlTemplate":"https:\/\/www.address4.com\/?s={search_term_string}"},"query-input":{"@type":"PropertyValueSpecification","valueRequired":true,"valueName":"search_term_string"}}],"inLanguage":"fr-FR"}]}},"_links":{"self":[{"href":"https:\/\/www.address4.com\/fr\/wp-json\/wp\/v2\/pages\/774","targetHints":{"allow":["GET"]}}],"collection":[{"href":"https:\/\/www.address4.com\/fr\/wp-json\/wp\/v2\/pages"}],"about":[{"href":"https:\/\/www.address4.com\/fr\/wp-json\/wp\/v2\/types\/page"}],"author":[{"embeddable":true,"href":"https:\/\/www.address4.com\/fr\/wp-json\/wp\/v2\/users\/2"}],"replies":[{"embeddable":true,"href":"https:\/\/www.address4.com\/fr\/wp-json\/wp\/v2\/comments?post=774"}],"version-history":[{"count":5,"href":"https:\/\/www.address4.com\/fr\/wp-json\/wp\/v2\/pages\/774\/revisions"}],"predecessor-version":[{"id":3441,"href":"https:\/\/www.address4.com\/fr\/wp-json\/wp\/v2\/pages\/774\/revisions\/3441"}],"up":[{"embeddable":true,"href":"https:\/\/www.address4.com\/fr\/wp-json\/wp\/v2\/pages\/406"}],"wp:attachment":[{"href":"https:\/\/www.address4.com\/fr\/wp-json\/wp\/v2\/media?parent=774"}],"curies":[{"name":"wp","href":"https:\/\/api.w.org\/{rel}","templated":true}]}}