{"id":758,"date":"2018-03-08T08:12:13","date_gmt":"2018-03-08T08:12:13","guid":{"rendered":"http:\/\/www.address4.com\/?page_id=758"},"modified":"2021-02-25T09:31:37","modified_gmt":"2021-02-25T08:31:37","slug":"espace-traduction","status":"publish","type":"page","link":"https:\/\/www.address4.com\/fr\/services\/validation-adresse-internationale\/espace-traduction","title":{"rendered":"Espace de traduction"},"content":{"rendered":"[vc_row wrapper=\u00a0\u00bbtrue\u00a0\u00bb holder_set_margin=\u00a0\u00bbtrue\u00a0\u00bb holder_margin=\u00a0\u00bbu-margin-bottom\u00a0\u00bb][vc_column]<div class=\"c-heading\"><h1 class=\" u-h1 u-text-center\">Espace de traduction<\/h1><\/div><div class=\"c-heading\"><h3 class=\" u-h3 u-text-normal u-text-center\">Validation d\u2019adresse avec choix de la langue et du format<\/h3><\/div>[\/vc_column][\/vc_row][vc_row wrapper=\u00a0\u00bbtrue\u00a0\u00bb holder_set_margin=\u00a0\u00bbtrue\u00a0\u00bb holder_margin=\u00a0\u00bbu-margin-bottom\u00a0\u00bb][vc_column width=\u00a0\u00bb5\/12&Prime;]<div class=\"c-image\"><img loading=\"lazy\" decoding=\"async\" width=\"500\" height=\"333\" src=\"https:\/\/www.address4.com\/wp-content\/uploads\/2018\/03\/area_conversion_languages.jpg\" class=\" u-margin-bottom aligncenter\" alt=\"\" srcset=\"https:\/\/www.address4.com\/wp-content\/uploads\/2018\/03\/area_conversion_languages.jpg 500w, https:\/\/www.address4.com\/wp-content\/uploads\/2018\/03\/area_conversion_languages-300x200.jpg 300w\" sizes=\"auto, (max-width: 500px) 100vw, 500px\" \/><\/div>[\/vc_column][vc_column width=\u00a0\u00bb7\/12&Prime;]<div class=\"c-heading\"><h3>Des adresses valid\u00e9es et traduites en un seul clic<\/h3><\/div>[vc_column_text]<strong>Gr\u00e2ce \u00e0 la fonctionnalit\u00e9 d\u2019espace de traduction<\/strong>, vous pouvez choisir la langue cible du pays de r\u00e9f\u00e9rence parmi les options disponibles. L\u2019adresse finale est traduite en temps r\u00e9el en anglais, fran\u00e7ais, allemand, russe et dans des dizaines d\u2019autres langues en fonction de vos besoins, apr\u00e8s avoir \u00e9t\u00e9 v\u00e9rifi\u00e9e, corrig\u00e9e, enrichie et valid\u00e9e.<\/p>\n<p>En saisissant l\u2019adresse que vous souhaitez valider et en s\u00e9lectionnant les champs, vous pouvez essayer la<strong>\u00a0fonctionnalit\u00e9 d\u2019espace de traduction directement en ligne<\/strong>, et ce sans obligation et sans inscription.[\/vc_column_text]<a class=\"c-button u-margin-right u-margin-bottom c-button--secondary\" href=\"https:\/\/www.address4.com\/free-address-validation-services\">S'inscrire<\/a><a class=\"c-button u-margin-bottom c-button--secondary\" href=\"https:\/\/www.address4.com\/services\/address-validation\/batch-address-validation\">Charger un fichier<\/a>[\/vc_column][\/vc_row][vc_row][vc_column]<div class=\"templatera_shortcode\"><div class=\"o-holder u-background-light u-margin-bottom-large u-padding-vertical-large\"><div class=\" o-wrapper\"><div class=\"grid-1\"><div class=\"col _lap-and-up-8\" ><div class=\"c-heading\"><h3>Ne manquez pas \u00ab \u00c9conomies et validation d\u2019adresse \u00bb<\/h3><\/div><div class=\"c-heading\"><h3>T\u00c9L\u00c9CHARGEZ notre e-book GRATUITEMENT et d\u00e9couvrez comment am\u00e9liorer la qualit\u00e9 de vos donn\u00e9es<\/h3><\/div><div class=\"c-text-block\"><p>Guide complet avec les retomb\u00e9es \u00e9conomiques de la validation<\/p>\n <\/div><a class=\"c-button c-button--secondary\" href=\"https:\/\/www.address4.com\/ebook-1\">T\u00e9l\u00e9charger l\u2019e-book<\/a><\/div><div class=\"col _lap-and-up-4\" ><div class=\"c-image\"><a href=\"https:\/\/www.address4.com\/ebook-1\"><img loading=\"lazy\" decoding=\"async\" width=\"205\" height=\"286\" src=\"https:\/\/www.address4.com\/wp-content\/uploads\/2018\/03\/ebook-address-validation-cost-saving-S.png\" class=\" alignone\" alt=\"ebook-address-validation-cost-saving-S\" \/><\/a><\/div><\/div>\n<\/div><\/div><\/div><\/div>[\/vc_column][\/vc_row][vc_row wrapper=\u00a0\u00bbtrue\u00a0\u00bb holder_set_margin=\u00a0\u00bbtrue\u00a0\u00bb holder_margin=\u00a0\u00bbu-margin-bottom-large\u00a0\u00bb][vc_column width=\u00a0\u00bb5\/12&Prime;]<div class=\"c-image\"><img loading=\"lazy\" decoding=\"async\" width=\"419\" height=\"280\" src=\"https:\/\/www.address4.com\/wp-content\/uploads\/2018\/03\/Area_Conversion_Language.jpg\" class=\" aligncenter\" alt=\"\" srcset=\"https:\/\/www.address4.com\/wp-content\/uploads\/2018\/03\/Area_Conversion_Language.jpg 419w, https:\/\/www.address4.com\/wp-content\/uploads\/2018\/03\/Area_Conversion_Language-300x200.jpg 300w\" sizes=\"auto, (max-width: 419px) 100vw, 419px\" \/><\/div>[\/vc_column][vc_column width=\u00a0\u00bb7\/12&Prime;]<div class=\"c-heading\"><h3>Langue, format et fonctionnalit\u00e9s des adresses valid\u00e9es<\/h3><\/div>[vc_column_text]\n<div class=\"row-fluid-wrapper row-depth-1 row-number-15 \">\n<div class=\"row-fluid \">\n<div class=\"span6 widget-span widget-type-rich_text \" data-widget-type=\"rich_text\" data-x=\"6\" data-w=\"6\">\n<div class=\"cell-wrapper layout-widget-wrapper\">\n<p>Le service d\u2019espace de traduction d\u00e9velopp\u00e9 par Address 4 vous permet de valider des adresses postales et au m\u00eame moment de les convertir dans la langue et le format souhait\u00e9s.<\/p>\n<p>L\u2019utilisateur peut choisir la langue dans laquelle il souhaite traduire les adresses valid\u00e9es, obtenant ainsi un fichier de sortie avec des donn\u00e9es qui ne sont pas seulement v\u00e9rifi\u00e9es, corrig\u00e9es et enrichies, mais aussi traduites dans la langue cible.<\/p>\n<\/div>\n<\/div>\n<\/div>\n<\/div>\n<div class=\"row-fluid-wrapper row-depth-1 row-number-16 \">\n<div class=\"row-fluid \">\n<div class=\"span12 widget-span widget-type-rich_text \" data-widget-type=\"rich_text\" data-x=\"0\" data-w=\"12\">\n<div class=\"cell-wrapper layout-widget-wrapper\">\n<p>Vous pouvez \u00e9galement choisir le format et la langue. Tout comme le format d\u2019adresse postale du pays cible, le format inclut \u00e9galement l\u2019adoption du mod\u00e8le d\u2019\u00e9criture privil\u00e9gi\u00e9 entre les caract\u00e8res de la langue du pays cible, les caract\u00e8res latins, et les caract\u00e8res transcrits (transposition des graph\u00e8mes d\u2019un syst\u00e8me d\u2019\u00e9criture en graph\u00e8mes d\u2019un autre syst\u00e8me).<\/p>\n<p>Le service d\u2019espace de traduction d\u2019Address 4 peut \u00e9galement afficher les diff\u00e9rentes formes (natives, latines ou transcrites) en minuscule, en majuscule ou en lettres capitales (premi\u00e8re lettre du mot en majuscule), en ligne ou en mode batch pour les fichiers contenant jusqu\u2019\u00e0 des milliers d\u2019adresses postales.<\/p>\n<\/div>\n<\/div>\n<\/div>\n<\/div>\n[\/vc_column_text][\/vc_column][\/vc_row][vc_row][vc_column]<div class=\"templatera_shortcode\"><div class=\"o-holder u-background-light u-margin-bottom-large u-padding-vertical-large\"><div class=\"grid-1\"><div class=\"col _lap-and-up-12\" ><div class=\"c-heading\"><h3 class=\" u-h2 u-text-center\">Commencez votre version d\u2019essai gratuite d\u2019Address4<\/h3><\/div><div class=\"c-button-holder c-button-holder--center\"><a class=\"c-button c-button--center u-margin-bottom c-button--secondary\" href=\"https:\/\/www.address4.com\/free-address-validation-services\">S'inscrire<\/a><\/div><div class=\"c-heading\"><h3 class=\" u-text-center\">Sans frais ni obligation pour une satisfaction optimale<\/h3><\/div><\/div>\n<\/div><\/div><\/div>[\/vc_column][\/vc_row][vc_row wrapper=\u00a0\u00bbtrue\u00a0\u00bb holder_set_padding=\u00a0\u00bbtrue\u00a0\u00bb holder_padding=\u00a0\u00bbu-padding-vertical\u00a0\u00bb][vc_column width=\u00a0\u00bb1\/3&Prime;]<div class=\"c-mediabox u-margin-bottom\">\n<div class=\" o-media\">\n<div class=\"o-media__img\">\n<div class=\"ico-wrap ico-wrap--center\"><i class=\"ico ico--xl fal fa-comment-alt\"><\/i><\/div>\n<\/div>\n<div class=\"o-media__body\">\n<h4>Traduction<\/h4>\n<p>Address 4 valide les adresses postales dans le fichier en entr\u00e9e et les traduit dans la langue du pays cible.<\/p><\/div>\n<\/div>\n<\/div>\n[\/vc_column][vc_column width=\u00a0\u00bb1\/3&Prime;]<div class=\"c-mediabox u-margin-bottom\">\n<div class=\" o-media\">\n<div class=\"o-media__img\">\n<div class=\"ico-wrap ico-wrap--center\"><i class=\"ico ico--xl fal fa-map-signs\"><\/i><\/div>\n<\/div>\n<div class=\"o-media__body\">\n<h4>Choix du format<\/h4>\n<p>Cet espace de traduction vous permet de choisir entre les caract\u00e8res natifs, latins ou transcrits.<\/p><\/div>\n<\/div>\n<\/div>\n[\/vc_column][vc_column width=\u00a0\u00bb1\/3&Prime;]<div class=\"c-mediabox u-margin-bottom\">\n<div class=\" o-media\">\n<div class=\"o-media__img\">\n<div class=\"ico-wrap ico-wrap--center\"><i class=\"ico ico--xl far fa-font\"><\/i><\/div>\n<\/div>\n<div class=\"o-media__body\">\n<h4>Type de lettres<\/h4>\n<p>Les adresses postales valid\u00e9es sont affich\u00e9es dans le fichier en entr\u00e9e avec des minuscules, des majuscules ou des lettres capitales.<\/p><\/div>\n<\/div>\n<\/div>\n[\/vc_column][\/vc_row][vc_row][vc_column][\/vc_column][\/vc_row]\n","protected":false},"excerpt":{"rendered":"The Latest From Our Blog","protected":false},"author":2,"featured_media":0,"parent":336,"menu_order":0,"comment_status":"closed","ping_status":"closed","template":"templates\/template-fullwidth.php","meta":{"footnotes":""},"class_list":["post-758","page","type-page","status-publish","hentry"],"yoast_head":"<!-- This site is optimized with the Yoast SEO plugin v26.8 - https:\/\/yoast.com\/product\/yoast-seo-wordpress\/ -->\n<title>Service d\u2019espace de traduction en ligne \u2013 Address4<\/title>\n<meta name=\"description\" content=\"Address 4 propose une suite logicielle compl\u00e8te de validation d\u2019adresse postale avec un espace de traduction. Essayez-la gratuitement !\" \/>\n<meta name=\"robots\" content=\"index, follow, max-snippet:-1, max-image-preview:large, max-video-preview:-1\" \/>\n<link rel=\"canonical\" href=\"https:\/\/www.address4.com\/fr\/services\/validation-adresse-internationale\/espace-traduction\" \/>\n<meta property=\"og:locale\" content=\"fr_FR\" \/>\n<meta property=\"og:type\" content=\"article\" \/>\n<meta property=\"og:title\" content=\"Service d\u2019espace de traduction en ligne \u2013 Address4\" \/>\n<meta property=\"og:description\" content=\"Address 4 propose une suite logicielle compl\u00e8te de validation d\u2019adresse postale avec un espace de traduction. Essayez-la gratuitement !\" \/>\n<meta property=\"og:url\" content=\"https:\/\/www.address4.com\/fr\/services\/validation-adresse-internationale\/espace-traduction\" \/>\n<meta property=\"og:site_name\" content=\"Address 4\" \/>\n<meta property=\"article:modified_time\" content=\"2021-02-25T08:31:37+00:00\" \/>\n<meta name=\"twitter:card\" content=\"summary_large_image\" \/>\n<meta name=\"twitter:label1\" content=\"Dur\u00e9e de lecture estim\u00e9e\" \/>\n\t<meta name=\"twitter:data1\" content=\"2 minutes\" \/>\n<script type=\"application\/ld+json\" class=\"yoast-schema-graph\">{\"@context\":\"https:\/\/schema.org\",\"@graph\":[{\"@type\":\"WebPage\",\"@id\":\"https:\/\/www.address4.com\/fr\/services\/validation-adresse-internationale\/espace-traduction\",\"url\":\"https:\/\/www.address4.com\/fr\/services\/validation-adresse-internationale\/espace-traduction\",\"name\":\"Service d\u2019espace de traduction en ligne \u2013 Address4\",\"isPartOf\":{\"@id\":\"https:\/\/www.address4.com\/#website\"},\"datePublished\":\"2018-03-08T08:12:13+00:00\",\"dateModified\":\"2021-02-25T08:31:37+00:00\",\"description\":\"Address 4 propose une suite logicielle compl\u00e8te de validation d\u2019adresse postale avec un espace de traduction. Essayez-la gratuitement !\",\"breadcrumb\":{\"@id\":\"https:\/\/www.address4.com\/fr\/services\/validation-adresse-internationale\/espace-traduction#breadcrumb\"},\"inLanguage\":\"fr-FR\",\"potentialAction\":[{\"@type\":\"ReadAction\",\"target\":[\"https:\/\/www.address4.com\/fr\/services\/validation-adresse-internationale\/espace-traduction\"]}]},{\"@type\":\"BreadcrumbList\",\"@id\":\"https:\/\/www.address4.com\/fr\/services\/validation-adresse-internationale\/espace-traduction#breadcrumb\",\"itemListElement\":[{\"@type\":\"ListItem\",\"position\":1,\"name\":\"Home\",\"item\":\"https:\/\/www.address4.com\/fr\"},{\"@type\":\"ListItem\",\"position\":2,\"name\":\"Services\",\"item\":\"https:\/\/www.address4.com\/fr\/services\"},{\"@type\":\"ListItem\",\"position\":3,\"name\":\"Validation d\u2019adresse\",\"item\":\"https:\/\/www.address4.com\/fr\/services\/validation-adresse-internationale\"},{\"@type\":\"ListItem\",\"position\":4,\"name\":\"Espace de traduction\"}]},{\"@type\":\"WebSite\",\"@id\":\"https:\/\/www.address4.com\/#website\",\"url\":\"https:\/\/www.address4.com\/\",\"name\":\"Address 4\",\"description\":\"Address Verification Service For Your Business\",\"potentialAction\":[{\"@type\":\"SearchAction\",\"target\":{\"@type\":\"EntryPoint\",\"urlTemplate\":\"https:\/\/www.address4.com\/?s={search_term_string}\"},\"query-input\":{\"@type\":\"PropertyValueSpecification\",\"valueRequired\":true,\"valueName\":\"search_term_string\"}}],\"inLanguage\":\"fr-FR\"}]}<\/script>\n<!-- \/ Yoast SEO plugin. -->","yoast_head_json":{"title":"Service d\u2019espace de traduction en ligne \u2013 Address4","description":"Address 4 propose une suite logicielle compl\u00e8te de validation d\u2019adresse postale avec un espace de traduction. Essayez-la gratuitement !","robots":{"index":"index","follow":"follow","max-snippet":"max-snippet:-1","max-image-preview":"max-image-preview:large","max-video-preview":"max-video-preview:-1"},"canonical":"https:\/\/www.address4.com\/fr\/services\/validation-adresse-internationale\/espace-traduction","og_locale":"fr_FR","og_type":"article","og_title":"Service d\u2019espace de traduction en ligne \u2013 Address4","og_description":"Address 4 propose une suite logicielle compl\u00e8te de validation d\u2019adresse postale avec un espace de traduction. Essayez-la gratuitement !","og_url":"https:\/\/www.address4.com\/fr\/services\/validation-adresse-internationale\/espace-traduction","og_site_name":"Address 4","article_modified_time":"2021-02-25T08:31:37+00:00","twitter_card":"summary_large_image","twitter_misc":{"Dur\u00e9e de lecture estim\u00e9e":"2 minutes"},"schema":{"@context":"https:\/\/schema.org","@graph":[{"@type":"WebPage","@id":"https:\/\/www.address4.com\/fr\/services\/validation-adresse-internationale\/espace-traduction","url":"https:\/\/www.address4.com\/fr\/services\/validation-adresse-internationale\/espace-traduction","name":"Service d\u2019espace de traduction en ligne \u2013 Address4","isPartOf":{"@id":"https:\/\/www.address4.com\/#website"},"datePublished":"2018-03-08T08:12:13+00:00","dateModified":"2021-02-25T08:31:37+00:00","description":"Address 4 propose une suite logicielle compl\u00e8te de validation d\u2019adresse postale avec un espace de traduction. Essayez-la gratuitement !","breadcrumb":{"@id":"https:\/\/www.address4.com\/fr\/services\/validation-adresse-internationale\/espace-traduction#breadcrumb"},"inLanguage":"fr-FR","potentialAction":[{"@type":"ReadAction","target":["https:\/\/www.address4.com\/fr\/services\/validation-adresse-internationale\/espace-traduction"]}]},{"@type":"BreadcrumbList","@id":"https:\/\/www.address4.com\/fr\/services\/validation-adresse-internationale\/espace-traduction#breadcrumb","itemListElement":[{"@type":"ListItem","position":1,"name":"Home","item":"https:\/\/www.address4.com\/fr"},{"@type":"ListItem","position":2,"name":"Services","item":"https:\/\/www.address4.com\/fr\/services"},{"@type":"ListItem","position":3,"name":"Validation d\u2019adresse","item":"https:\/\/www.address4.com\/fr\/services\/validation-adresse-internationale"},{"@type":"ListItem","position":4,"name":"Espace de traduction"}]},{"@type":"WebSite","@id":"https:\/\/www.address4.com\/#website","url":"https:\/\/www.address4.com\/","name":"Address 4","description":"Address Verification Service For Your Business","potentialAction":[{"@type":"SearchAction","target":{"@type":"EntryPoint","urlTemplate":"https:\/\/www.address4.com\/?s={search_term_string}"},"query-input":{"@type":"PropertyValueSpecification","valueRequired":true,"valueName":"search_term_string"}}],"inLanguage":"fr-FR"}]}},"_links":{"self":[{"href":"https:\/\/www.address4.com\/fr\/wp-json\/wp\/v2\/pages\/758","targetHints":{"allow":["GET"]}}],"collection":[{"href":"https:\/\/www.address4.com\/fr\/wp-json\/wp\/v2\/pages"}],"about":[{"href":"https:\/\/www.address4.com\/fr\/wp-json\/wp\/v2\/types\/page"}],"author":[{"embeddable":true,"href":"https:\/\/www.address4.com\/fr\/wp-json\/wp\/v2\/users\/2"}],"replies":[{"embeddable":true,"href":"https:\/\/www.address4.com\/fr\/wp-json\/wp\/v2\/comments?post=758"}],"version-history":[{"count":5,"href":"https:\/\/www.address4.com\/fr\/wp-json\/wp\/v2\/pages\/758\/revisions"}],"predecessor-version":[{"id":3205,"href":"https:\/\/www.address4.com\/fr\/wp-json\/wp\/v2\/pages\/758\/revisions\/3205"}],"up":[{"embeddable":true,"href":"https:\/\/www.address4.com\/fr\/wp-json\/wp\/v2\/pages\/336"}],"wp:attachment":[{"href":"https:\/\/www.address4.com\/fr\/wp-json\/wp\/v2\/media?parent=758"}],"curies":[{"name":"wp","href":"https:\/\/api.w.org\/{rel}","templated":true}]}}