{"id":714,"date":"2018-03-08T07:38:06","date_gmt":"2018-03-08T07:38:06","guid":{"rendered":"http:\/\/www.address4.com\/?page_id=714"},"modified":"2021-02-25T09:28:10","modified_gmt":"2021-02-25T08:28:10","slug":"format-adresse-postale-internationale","status":"publish","type":"page","link":"https:\/\/www.address4.com\/fr\/services\/validation-adresse-internationale\/format-adresse-postale-internationale","title":{"rendered":"Postal Address Format"},"content":{"rendered":"[vc_row wrapper=\u00a0\u00bbtrue\u00a0\u00bb holder_set_margin=\u00a0\u00bbtrue\u00a0\u00bb holder_margin=\u00a0\u00bbu-margin-bottom\u00a0\u00bb][vc_column]<div class=\"c-heading\"><h1 class=\" u-h1 u-text-center\">Format d\u2019adresse postale internationale<\/h1><\/div><div class=\"c-heading\"><h3 class=\" u-h3 u-text-normal u-text-center\">La validation d\u2019adresse pour obtenir le bon format postal, v\u00e9rifi\u00e9 et conforme au mod\u00e8le adopt\u00e9 \u00e0 l\u2019\u00e9chelle nationale dans le pays choisi.<\/h3><\/div>[\/vc_column][\/vc_row][vc_row wrapper=\u00a0\u00bbtrue\u00a0\u00bb holder_set_margin=\u00a0\u00bbtrue\u00a0\u00bb holder_margin=\u00a0\u00bbu-margin-bottom\u00a0\u00bb][vc_column width=\u00a0\u00bb5\/12&Prime;]<div class=\"c-image\"><img loading=\"lazy\" decoding=\"async\" width=\"500\" height=\"313\" src=\"https:\/\/www.address4.com\/wp-content\/uploads\/2018\/03\/International_Postal_Address_Format.jpg\" class=\" u-margin-bottom aligncenter\" alt=\"International Address Format\" srcset=\"https:\/\/www.address4.com\/wp-content\/uploads\/2018\/03\/International_Postal_Address_Format.jpg 500w, https:\/\/www.address4.com\/wp-content\/uploads\/2018\/03\/International_Postal_Address_Format-300x188.jpg 300w\" sizes=\"auto, (max-width: 500px) 100vw, 500px\" \/><\/div>[\/vc_column][vc_column width=\u00a0\u00bb7\/12&Prime;]<div class=\"c-heading\"><h3>Obtenez le format d\u2019adresse postal valid\u00e9.<\/h3><\/div>[vc_column_text]Les\u00a0<strong>adresses valid\u00e9es<\/strong>\u00a0ne sont pas toujours format\u00e9es pour l\u2019exp\u00e9dition. Cela n\u00e9cessite un logiciel sp\u00e9cifique permettant de valider l\u2019adresse dans le format postal pour le pays concern\u00e9. Avec Address 4 vous aurez acc\u00e8s \u00e0\u00a0<strong>toutes les fonctionnalit\u00e9s d\u2019exp\u00e9dition et de livraison<\/strong>.<\/p>\n<p>Vous pouvez profiter de la version d\u2019essai de notre service ligne gratuitement et sans inscription pr\u00e9alable. Pour l\u2019essayer, il vous suffit de renseigner le formulaire avec les donn\u00e9es requises pour obtenir le format valid\u00e9 pr\u00eat \u00e0 \u00eatre utilis\u00e9.[\/vc_column_text]<a class=\"c-button u-margin-right u-margin-bottom c-button--secondary\" href=\"https:\/\/www.address4.com\/free-address-validation-services\">S'inscrire<\/a><a class=\"c-button c-button--secondary\" href=\"https:\/\/www.address4.com\/services\/address-validation\/batch-address-validation\">Charger un fichier<\/a>[\/vc_column][\/vc_row][vc_row][vc_column]<div class=\"templatera_shortcode\"><div class=\"o-holder u-background-light u-margin-bottom-large u-padding-vertical-large\"><div class=\" o-wrapper\"><div class=\"grid-1\"><div class=\"col _lap-and-up-8\" ><div class=\"c-heading\"><h3>Ne manquez pas \u00ab \u00c9conomies et validation d\u2019adresse \u00bb<\/h3><\/div><div class=\"c-heading\"><h3>T\u00c9L\u00c9CHARGEZ notre e-book GRATUITEMENT et d\u00e9couvrez comment am\u00e9liorer la qualit\u00e9 de vos donn\u00e9es<\/h3><\/div><div class=\"c-text-block\"><p>Guide complet avec les retomb\u00e9es \u00e9conomiques de la validation<\/p>\n <\/div><a class=\"c-button c-button--secondary\" href=\"https:\/\/www.address4.com\/ebook-1\">T\u00e9l\u00e9charger l\u2019e-book<\/a><\/div><div class=\"col _lap-and-up-4\" ><div class=\"c-image\"><a href=\"https:\/\/www.address4.com\/ebook-1\"><img loading=\"lazy\" decoding=\"async\" width=\"205\" height=\"286\" src=\"https:\/\/www.address4.com\/wp-content\/uploads\/2018\/03\/ebook-address-validation-cost-saving-S.png\" class=\" alignone\" alt=\"ebook-address-validation-cost-saving-S\" \/><\/a><\/div><\/div>\n<\/div><\/div><\/div><\/div>[\/vc_column][\/vc_row][vc_row wrapper=\u00a0\u00bbtrue\u00a0\u00bb holder_set_margin=\u00a0\u00bbtrue\u00a0\u00bb holder_margin=\u00a0\u00bbu-margin-bottom-large\u00a0\u00bb][vc_column width=\u00a0\u00bb1\/2&Prime;]<div class=\"c-image\"><img loading=\"lazy\" decoding=\"async\" width=\"400\" height=\"473\" src=\"https:\/\/www.address4.com\/wp-content\/uploads\/2018\/03\/international_address_validation.jpg\" class=\" u-margin-bottom alignone\" alt=\"international address validation service\" srcset=\"https:\/\/www.address4.com\/wp-content\/uploads\/2018\/03\/international_address_validation.jpg 400w, https:\/\/www.address4.com\/wp-content\/uploads\/2018\/03\/international_address_validation-254x300.jpg 254w\" sizes=\"auto, (max-width: 400px) 100vw, 400px\" \/><\/div>[\/vc_column][vc_column width=\u00a0\u00bb1\/2&Prime;]<div class=\"c-heading\"><h3>La validation d\u2019adresse directement dans le bon format postal.<\/h3><\/div>[vc_column_text]Pouvoir valider une adresse internationale dans le format postal du pays cible permet de r\u00e9duire le d\u00e9lai de traitement des commandes et d\u2019augmenter les pourcentages de livraisons r\u00e9ussies. Address4 a pour but d\u2019aider les utilisateurs \u00e0 formater et valider en ligne l\u2019adresse saisie gr\u00e2ce \u00e0 une interface intuitive.<\/p>\n<p>Les donn\u00e9es saisies sont v\u00e9rfi\u00e9es, enrichies et corrig\u00e9es directement en ligne ou en mode batch. En quelques secondes le logiciel analyse le fichier charg\u00e9 et valide les adresses, en renvoyant un fichier de sortie correspondant avec la liste compl\u00e8te des adresses valid\u00e9es et converties dans le format postal n\u00e9cessaire pour l\u2019exp\u00e9dition.[\/vc_column_text][\/vc_column][\/vc_row][vc_row][vc_column]<div class=\"templatera_shortcode\"><div class=\"o-holder u-background-light u-margin-bottom-large u-padding-vertical-large\"><div class=\"grid-1\"><div class=\"col _lap-and-up-12\" ><div class=\"c-heading\"><h3 class=\" u-h2 u-text-center\">Commencez votre version d\u2019essai gratuite d\u2019Address4<\/h3><\/div><div class=\"c-button-holder c-button-holder--center\"><a class=\"c-button c-button--center u-margin-bottom c-button--secondary\" href=\"https:\/\/www.address4.com\/free-address-validation-services\">S'inscrire<\/a><\/div><div class=\"c-heading\"><h3 class=\" u-text-center\">Sans frais ni obligation pour une satisfaction optimale<\/h3><\/div><\/div>\n<\/div><\/div><\/div>[\/vc_column][\/vc_row][vc_row wrapper=\u00a0\u00bbtrue\u00a0\u00bb holder_set_margin=\u00a0\u00bbtrue\u00a0\u00bb holder_margin=\u00a0\u00bbu-margin-bottom-large\u00a0\u00bb][vc_column width=\u00a0\u00bb1\/3&Prime;]<div class=\"c-mediabox u-margin-bottom\">\n<div class=\" o-media\">\n<div class=\"o-media__img\">\n<div class=\"ico-wrap ico-wrap--center\"><i class=\"ico ico--xl fal fa-thumbs-up\"><\/i><\/div>\n<\/div>\n<div class=\"o-media__body\">\n<h4>Format valid\u00e9<\/h4>\n<p>Address 4 renvoie l\u2019adresse unique ou en mode batch de l\u2019adresse valid\u00e9e dans le format n\u00e9cessaire pour l\u2019exp\u00e9dition.<\/p><\/div>\n<\/div>\n<\/div>\n[\/vc_column][vc_column width=\u00a0\u00bb1\/3&Prime;]<div class=\"c-mediabox u-margin-bottom\">\n<div class=\" o-media\">\n<div class=\"o-media__img\">\n<div class=\"ico-wrap ico-wrap--center\"><i class=\"ico ico--xl fal fa-bullseye\"><\/i><\/div>\n<\/div>\n<div class=\"o-media__body\">\n<h4>Exp\u00e9ditions s\u00e9curis\u00e9es<\/h4>\n<p>En utilisant des adresses valid\u00e9es et format\u00e9es conform\u00e9ment au pays cible, vous \u00e9conomisez du temps et des ressources.<\/p><\/div>\n<\/div>\n<\/div>\n[\/vc_column][vc_column width=\u00a0\u00bb1\/3&Prime;]<div class=\"c-mediabox u-margin-bottom\">\n<div class=\" o-media\">\n<div class=\"o-media__img\">\n<div class=\"ico-wrap ico-wrap--center\"><i class=\"ico ico--xl fal fa-calendar-alt\"><\/i><\/div>\n<\/div>\n<div class=\"o-media__body\">\n<h4>365 jours par an<\/h4>\n<p>Le service en ligne Address 4 est accessible 24h\/24 et 7j\/7 sans installation de programme.<\/p><\/div>\n<\/div>\n<\/div>\n[\/vc_column][\/vc_row][vc_row][vc_column][\/vc_column][\/vc_row]\n","protected":false},"excerpt":{"rendered":"The Latest From Our Blog","protected":false},"author":2,"featured_media":0,"parent":336,"menu_order":0,"comment_status":"closed","ping_status":"closed","template":"templates\/template-fullwidth.php","meta":{"footnotes":""},"class_list":["post-714","page","type-page","status-publish","hentry"],"yoast_head":"<!-- This site is optimized with the Yoast SEO plugin v26.8 - https:\/\/yoast.com\/product\/yoast-seo-wordpress\/ -->\n<title>Format d\u2019adresse postale internationale - Address4<\/title>\n<meta name=\"description\" content=\"Le service de validation d\u2019adresse Address 4 valide l\u2019adresse directement dans le format n\u00e9cessaire \u00e0 l\u2019exp\u00e9dition. Demandez-le maintenant !\" \/>\n<meta name=\"robots\" content=\"index, follow, max-snippet:-1, max-image-preview:large, max-video-preview:-1\" \/>\n<link rel=\"canonical\" href=\"https:\/\/www.address4.com\/fr\/services\/validation-adresse-internationale\/format-adresse-postale-internationale\" \/>\n<meta property=\"og:locale\" content=\"fr_FR\" \/>\n<meta property=\"og:type\" content=\"article\" \/>\n<meta property=\"og:title\" content=\"Format d\u2019adresse postale internationale - Address4\" \/>\n<meta property=\"og:description\" content=\"Le service de validation d\u2019adresse Address 4 valide l\u2019adresse directement dans le format n\u00e9cessaire \u00e0 l\u2019exp\u00e9dition. Demandez-le maintenant !\" \/>\n<meta property=\"og:url\" content=\"https:\/\/www.address4.com\/fr\/services\/validation-adresse-internationale\/format-adresse-postale-internationale\" \/>\n<meta property=\"og:site_name\" content=\"Address 4\" \/>\n<meta property=\"article:modified_time\" content=\"2021-02-25T08:28:10+00:00\" \/>\n<meta name=\"twitter:card\" content=\"summary_large_image\" \/>\n<meta name=\"twitter:label1\" content=\"Dur\u00e9e de lecture estim\u00e9e\" \/>\n\t<meta name=\"twitter:data1\" content=\"2 minutes\" \/>\n<script type=\"application\/ld+json\" class=\"yoast-schema-graph\">{\"@context\":\"https:\/\/schema.org\",\"@graph\":[{\"@type\":\"WebPage\",\"@id\":\"https:\/\/www.address4.com\/fr\/services\/validation-adresse-internationale\/format-adresse-postale-internationale\",\"url\":\"https:\/\/www.address4.com\/fr\/services\/validation-adresse-internationale\/format-adresse-postale-internationale\",\"name\":\"Format d\u2019adresse postale internationale - Address4\",\"isPartOf\":{\"@id\":\"https:\/\/www.address4.com\/#website\"},\"datePublished\":\"2018-03-08T07:38:06+00:00\",\"dateModified\":\"2021-02-25T08:28:10+00:00\",\"description\":\"Le service de validation d\u2019adresse Address 4 valide l\u2019adresse directement dans le format n\u00e9cessaire \u00e0 l\u2019exp\u00e9dition. Demandez-le maintenant !\",\"breadcrumb\":{\"@id\":\"https:\/\/www.address4.com\/fr\/services\/validation-adresse-internationale\/format-adresse-postale-internationale#breadcrumb\"},\"inLanguage\":\"fr-FR\",\"potentialAction\":[{\"@type\":\"ReadAction\",\"target\":[\"https:\/\/www.address4.com\/fr\/services\/validation-adresse-internationale\/format-adresse-postale-internationale\"]}]},{\"@type\":\"BreadcrumbList\",\"@id\":\"https:\/\/www.address4.com\/fr\/services\/validation-adresse-internationale\/format-adresse-postale-internationale#breadcrumb\",\"itemListElement\":[{\"@type\":\"ListItem\",\"position\":1,\"name\":\"Home\",\"item\":\"https:\/\/www.address4.com\/fr\"},{\"@type\":\"ListItem\",\"position\":2,\"name\":\"Services\",\"item\":\"https:\/\/www.address4.com\/fr\/services\"},{\"@type\":\"ListItem\",\"position\":3,\"name\":\"Validation d\u2019adresse\",\"item\":\"https:\/\/www.address4.com\/fr\/services\/validation-adresse-internationale\"},{\"@type\":\"ListItem\",\"position\":4,\"name\":\"Postal Address Format\"}]},{\"@type\":\"WebSite\",\"@id\":\"https:\/\/www.address4.com\/#website\",\"url\":\"https:\/\/www.address4.com\/\",\"name\":\"Address 4\",\"description\":\"Address Verification Service For Your Business\",\"potentialAction\":[{\"@type\":\"SearchAction\",\"target\":{\"@type\":\"EntryPoint\",\"urlTemplate\":\"https:\/\/www.address4.com\/?s={search_term_string}\"},\"query-input\":{\"@type\":\"PropertyValueSpecification\",\"valueRequired\":true,\"valueName\":\"search_term_string\"}}],\"inLanguage\":\"fr-FR\"}]}<\/script>\n<!-- \/ Yoast SEO plugin. -->","yoast_head_json":{"title":"Format d\u2019adresse postale internationale - Address4","description":"Le service de validation d\u2019adresse Address 4 valide l\u2019adresse directement dans le format n\u00e9cessaire \u00e0 l\u2019exp\u00e9dition. Demandez-le maintenant !","robots":{"index":"index","follow":"follow","max-snippet":"max-snippet:-1","max-image-preview":"max-image-preview:large","max-video-preview":"max-video-preview:-1"},"canonical":"https:\/\/www.address4.com\/fr\/services\/validation-adresse-internationale\/format-adresse-postale-internationale","og_locale":"fr_FR","og_type":"article","og_title":"Format d\u2019adresse postale internationale - Address4","og_description":"Le service de validation d\u2019adresse Address 4 valide l\u2019adresse directement dans le format n\u00e9cessaire \u00e0 l\u2019exp\u00e9dition. Demandez-le maintenant !","og_url":"https:\/\/www.address4.com\/fr\/services\/validation-adresse-internationale\/format-adresse-postale-internationale","og_site_name":"Address 4","article_modified_time":"2021-02-25T08:28:10+00:00","twitter_card":"summary_large_image","twitter_misc":{"Dur\u00e9e de lecture estim\u00e9e":"2 minutes"},"schema":{"@context":"https:\/\/schema.org","@graph":[{"@type":"WebPage","@id":"https:\/\/www.address4.com\/fr\/services\/validation-adresse-internationale\/format-adresse-postale-internationale","url":"https:\/\/www.address4.com\/fr\/services\/validation-adresse-internationale\/format-adresse-postale-internationale","name":"Format d\u2019adresse postale internationale - Address4","isPartOf":{"@id":"https:\/\/www.address4.com\/#website"},"datePublished":"2018-03-08T07:38:06+00:00","dateModified":"2021-02-25T08:28:10+00:00","description":"Le service de validation d\u2019adresse Address 4 valide l\u2019adresse directement dans le format n\u00e9cessaire \u00e0 l\u2019exp\u00e9dition. Demandez-le maintenant !","breadcrumb":{"@id":"https:\/\/www.address4.com\/fr\/services\/validation-adresse-internationale\/format-adresse-postale-internationale#breadcrumb"},"inLanguage":"fr-FR","potentialAction":[{"@type":"ReadAction","target":["https:\/\/www.address4.com\/fr\/services\/validation-adresse-internationale\/format-adresse-postale-internationale"]}]},{"@type":"BreadcrumbList","@id":"https:\/\/www.address4.com\/fr\/services\/validation-adresse-internationale\/format-adresse-postale-internationale#breadcrumb","itemListElement":[{"@type":"ListItem","position":1,"name":"Home","item":"https:\/\/www.address4.com\/fr"},{"@type":"ListItem","position":2,"name":"Services","item":"https:\/\/www.address4.com\/fr\/services"},{"@type":"ListItem","position":3,"name":"Validation d\u2019adresse","item":"https:\/\/www.address4.com\/fr\/services\/validation-adresse-internationale"},{"@type":"ListItem","position":4,"name":"Postal Address Format"}]},{"@type":"WebSite","@id":"https:\/\/www.address4.com\/#website","url":"https:\/\/www.address4.com\/","name":"Address 4","description":"Address Verification Service For Your Business","potentialAction":[{"@type":"SearchAction","target":{"@type":"EntryPoint","urlTemplate":"https:\/\/www.address4.com\/?s={search_term_string}"},"query-input":{"@type":"PropertyValueSpecification","valueRequired":true,"valueName":"search_term_string"}}],"inLanguage":"fr-FR"}]}},"_links":{"self":[{"href":"https:\/\/www.address4.com\/fr\/wp-json\/wp\/v2\/pages\/714","targetHints":{"allow":["GET"]}}],"collection":[{"href":"https:\/\/www.address4.com\/fr\/wp-json\/wp\/v2\/pages"}],"about":[{"href":"https:\/\/www.address4.com\/fr\/wp-json\/wp\/v2\/types\/page"}],"author":[{"embeddable":true,"href":"https:\/\/www.address4.com\/fr\/wp-json\/wp\/v2\/users\/2"}],"replies":[{"embeddable":true,"href":"https:\/\/www.address4.com\/fr\/wp-json\/wp\/v2\/comments?post=714"}],"version-history":[{"count":6,"href":"https:\/\/www.address4.com\/fr\/wp-json\/wp\/v2\/pages\/714\/revisions"}],"predecessor-version":[{"id":3200,"href":"https:\/\/www.address4.com\/fr\/wp-json\/wp\/v2\/pages\/714\/revisions\/3200"}],"up":[{"embeddable":true,"href":"https:\/\/www.address4.com\/fr\/wp-json\/wp\/v2\/pages\/336"}],"wp:attachment":[{"href":"https:\/\/www.address4.com\/fr\/wp-json\/wp\/v2\/media?parent=714"}],"curies":[{"name":"wp","href":"https:\/\/api.w.org\/{rel}","templated":true}]}}