{"id":579,"date":"2018-03-06T11:50:05","date_gmt":"2018-03-06T11:50:05","guid":{"rendered":"http:\/\/www.address4.com\/?page_id=579"},"modified":"2021-02-25T09:12:40","modified_gmt":"2021-02-25T08:12:40","slug":"validation-adresse-avec-auto-completion","status":"publish","type":"page","link":"https:\/\/www.address4.com\/fr\/services\/validation-adresse-internationale\/validation-adresse-avec-auto-completion","title":{"rendered":"Auto-compl\u00e9tion"},"content":{"rendered":"[vc_row wrapper=\u00a0\u00bbtrue\u00a0\u00bb holder_set_margin=\u00a0\u00bbtrue\u00a0\u00bb holder_margin=\u00a0\u00bbu-margin-bottom\u00a0\u00bb][vc_column]<div class=\"c-heading\"><h1 class=\" u-h1 u-text-center\">Validation d\u2019adresse avec auto-compl\u00e9tion<\/h1><\/div><div class=\"c-heading\"><h3 class=\" u-h3 u-text-normal u-text-center\">Auto-compl\u00e9tez des adresses et v\u00e9rifiez-les instantan\u00e9ment pour une saisie de donn\u00e9es pr\u00e9cise<\/h3><\/div>[\/vc_column][\/vc_row][vc_row wrapper=\u00a0\u00bbtrue\u00a0\u00bb holder_set_margin=\u00a0\u00bbtrue\u00a0\u00bb holder_margin=\u00a0\u00bbu-margin-bottom\u00a0\u00bb][vc_column width=\u00a0\u00bb5\/12&Prime;]<div class=\"c-image\"><a href=\"https:\/\/www.address4.com\/free-address-validation-services\"><img loading=\"lazy\" decoding=\"async\" width=\"700\" height=\"360\" src=\"https:\/\/www.address4.com\/wp-content\/uploads\/2018\/03\/5ba7e16e-6319-4a2f-8152-a493c0ae729a.jpeg\" class=\" u-margin-bottom aligncenter\" alt=\"\" srcset=\"https:\/\/www.address4.com\/wp-content\/uploads\/2018\/03\/5ba7e16e-6319-4a2f-8152-a493c0ae729a.jpeg 700w, https:\/\/www.address4.com\/wp-content\/uploads\/2018\/03\/5ba7e16e-6319-4a2f-8152-a493c0ae729a-300x154.jpeg 300w\" sizes=\"auto, (max-width: 700px) 100vw, 700px\" \/><\/a><\/div>[\/vc_column][vc_column width=\u00a0\u00bb7\/12&Prime;]<div class=\"c-heading\"><h3>Vous pouvez d\u00e9sormais auto-compl\u00e9ter des adresses en ligne<\/h3><\/div>[vc_column_text]<strong>Les projets de saisie de donn\u00e9es professionnelles\u00a0<\/strong>n\u00e9cessitent des outils de suggestion, la validation et l\u2019auto-compl\u00e9tion des adresses. Pour chaque champ, Address4 choisit parmi les options disponibles en temps r\u00e9el en fonction des premi\u00e8res lettres ou num\u00e9ros saisis, renseignant ainsi les donn\u00e9es manquantes et validant l\u2019adresse le cas \u00e9ch\u00e9ant.<\/p>\n<p>Pour d\u00e9couvrir le potentiel du logiciel Address 4, il vous suffit de renseigner le formulaire avec l\u2019adresse. Vous pouvez profiter de la version d\u2019essai gratuite \u00e0 tout moment ![\/vc_column_text]<a class=\"c-button u-margin-right u-margin-bottom c-button--primary  c-button--ghost\" href=\"https:\/\/www.address4.com\/services\/address-validation\/batch-address-validation\">Charger un fichier<\/a><a class=\"c-button c-button--primary  c-button--ghost\" href=\"https:\/\/www.address4.com\/free-address-validation-services\">S'inscrire<\/a>[\/vc_column][\/vc_row][vc_row][vc_column]<div class=\"templatera_shortcode\"><div class=\"o-holder u-background-light u-margin-bottom-large u-padding-vertical-large\"><div class=\" o-wrapper\"><div class=\"grid-1\"><div class=\"col _lap-and-up-8\" ><div class=\"c-heading\"><h3>Ne manquez pas \u00ab \u00c9conomies et validation d\u2019adresse \u00bb<\/h3><\/div><div class=\"c-heading\"><h3>T\u00c9L\u00c9CHARGEZ notre e-book GRATUITEMENT et d\u00e9couvrez comment am\u00e9liorer la qualit\u00e9 de vos donn\u00e9es<\/h3><\/div><div class=\"c-text-block\"><p>Guide complet avec les retomb\u00e9es \u00e9conomiques de la validation<\/p>\n <\/div><a class=\"c-button c-button--secondary\" href=\"https:\/\/www.address4.com\/ebook-1\">T\u00e9l\u00e9charger l\u2019e-book<\/a><\/div><div class=\"col _lap-and-up-4\" ><div class=\"c-image\"><a href=\"https:\/\/www.address4.com\/ebook-1\"><img loading=\"lazy\" decoding=\"async\" width=\"205\" height=\"286\" src=\"https:\/\/www.address4.com\/wp-content\/uploads\/2018\/03\/ebook-address-validation-cost-saving-S.png\" class=\" alignone\" alt=\"ebook-address-validation-cost-saving-S\" \/><\/a><\/div><\/div>\n<\/div><\/div><\/div><\/div>[\/vc_column][\/vc_row][vc_row wrapper=\u00a0\u00bbtrue\u00a0\u00bb holder_set_margin=\u00a0\u00bbtrue\u00a0\u00bb holder_margin=\u00a0\u00bbu-margin-bottom-large\u00a0\u00bb][vc_column]<div class=\"c-heading\"><h3>Pourquoi choisir l\u2019auto-compl\u00e9tion d\u2019adresse avec Address4 ?<\/h3><\/div>[vc_column_text]Address4 a \u00e9t\u00e9 con\u00e7u pour aider les personnes travaillant avec des syst\u00e8mes de saisie de donn\u00e9es car il comprend une fonctionnalit\u00e9 d\u2019auto-compl\u00e9tion sp\u00e9ciale, des suggestions en temps r\u00e9el et la validation d\u2019adresse.<\/p>\n<p>Lorsque vous saisissez les premi\u00e8res lettres ou num\u00e9ros d\u2019une adresse, la base de donn\u00e9es d\u2019Address4 les fait correspondre \u00e0 des donn\u00e9es stock\u00e9es en fonction du pays,\u00a0<strong>garantissant ainsi des donn\u00e9es pr\u00e9cises<\/strong>. Ensuite, le logiciel renseigne automatiquement les entr\u00e9es manquantes, en saisissant la valeur li\u00e9e au champ (telle que la ville ou le code postal de la ville).<\/p>\n<p>Enfin, Address4 v\u00e9rifie l\u2019adresse, supprimant ainsi les erreurs li\u00e9es \u00e0 la saisie manuelle. Ce processus est plus rapide et plus s\u00e9curis\u00e9 pour une qualit\u00e9 optimale. Tout se d\u00e9roule en temps r\u00e9el et vous pouvez acc\u00e9der \u00e0 des informations pour\u00a0<strong>plus de 250 pays \u00e0 travers le monde<\/strong>.[\/vc_column_text][\/vc_column][\/vc_row][vc_row][vc_column]<div class=\"templatera_shortcode\"><div class=\"o-holder u-background-light u-margin-bottom-large u-padding-vertical-large\"><div class=\"grid-1\"><div class=\"col _lap-and-up-12\" ><div class=\"c-heading\"><h3 class=\" u-h2 u-text-center\">Commencez votre version d\u2019essai gratuite d\u2019Address4<\/h3><\/div><div class=\"c-button-holder c-button-holder--center\"><a class=\"c-button c-button--center u-margin-bottom c-button--secondary\" href=\"https:\/\/www.address4.com\/free-address-validation-services\">S'inscrire<\/a><\/div><div class=\"c-heading\"><h3 class=\" u-text-center\">Sans frais ni obligation pour une satisfaction optimale<\/h3><\/div><\/div>\n<\/div><\/div><\/div>[\/vc_column][\/vc_row][vc_row wrapper=\u00a0\u00bbtrue\u00a0\u00bb holder_set_margin=\u00a0\u00bbtrue\u00a0\u00bb holder_margin=\u00a0\u00bbu-margin-bottom-large\u00a0\u00bb][vc_column width=\u00a0\u00bb1\/3&Prime;]<div class=\"c-mediabox u-margin-bottom\">\n<div class=\" o-media\">\n<div class=\"o-media__img\">\n<div class=\"ico-wrap ico-wrap--center\"><i class=\"ico ico--xl fal fa-info-circle\"><\/i><\/div>\n<\/div>\n<div class=\"o-media__body\">\n<h4>Suggestion automatique<\/h4>\n<p>Lors de la saisie des donn\u00e9es, Address 4 sugg\u00e8re des alternatives correctes et mises \u00e0 jour.<\/p><\/div>\n<\/div>\n<\/div>\n[\/vc_column][vc_column width=\u00a0\u00bb1\/3&Prime;]<div class=\"c-mediabox u-margin-bottom\">\n<div class=\" o-media\">\n<div class=\"o-media__img\">\n<div class=\"ico-wrap ico-wrap--center\"><i class=\"ico ico--xl fal fa-edit\"><\/i><\/div>\n<\/div>\n<div class=\"o-media__body\">\n<h4>Auto-compl\u00e9tion<\/h4>\n<p>Il vous suffit simplement de saisir des lettres ou des num\u00e9ros et le formulaire sera rempli automatiquement.<\/p><\/div>\n<\/div>\n<\/div>\n[\/vc_column][vc_column width=\u00a0\u00bb1\/3&Prime;]<div class=\"c-mediabox u-margin-bottom\">\n<div class=\" o-media\">\n<div class=\"o-media__img\">\n<div class=\"ico-wrap ico-wrap--center\"><i class=\"ico ico--xl fal fa-map-marker-alt\"><\/i><\/div>\n<\/div>\n<div class=\"o-media__body\">\n<h4>Validation d\u2019adresse<\/h4>\n<p>La v\u00e9rification de l\u2019adresse constitue la derni\u00e8re \u00e9tape. Address 4 s\u2019occupe de confirmer la qualit\u00e9 de l\u2019information pour vous.<\/p><\/div>\n<\/div>\n<\/div>\n[\/vc_column][\/vc_row][vc_row][vc_column][\/vc_column][\/vc_row]\n","protected":false},"excerpt":{"rendered":"The Latest From Our Blog","protected":false},"author":2,"featured_media":0,"parent":336,"menu_order":0,"comment_status":"closed","ping_status":"closed","template":"templates\/template-fullwidth.php","meta":{"footnotes":""},"class_list":["post-579","page","type-page","status-publish","hentry"],"yoast_head":"<!-- This site is optimized with the Yoast SEO plugin v26.8 - https:\/\/yoast.com\/product\/yoast-seo-wordpress\/ -->\n<title>Service en ligne auto-compl\u00e9tion d\u2019adresse \u2013 Address4<\/title>\n<meta name=\"description\" content=\"D\u00e9couvrez le service en ligne d\u2019auto-compl\u00e9tion, de suggestion et de validation d\u2019adresse. Essayez la version d\u2019essai gratuite !\" \/>\n<meta name=\"robots\" content=\"index, follow, max-snippet:-1, max-image-preview:large, max-video-preview:-1\" \/>\n<link rel=\"canonical\" href=\"https:\/\/www.address4.com\/fr\/services\/validation-adresse-internationale\/validation-adresse-avec-auto-completion\" \/>\n<meta property=\"og:locale\" content=\"fr_FR\" \/>\n<meta property=\"og:type\" content=\"article\" \/>\n<meta property=\"og:title\" content=\"Service en ligne auto-compl\u00e9tion d\u2019adresse \u2013 Address4\" \/>\n<meta property=\"og:description\" content=\"D\u00e9couvrez le service en ligne d\u2019auto-compl\u00e9tion, de suggestion et de validation d\u2019adresse. Essayez la version d\u2019essai gratuite !\" \/>\n<meta property=\"og:url\" content=\"https:\/\/www.address4.com\/fr\/services\/validation-adresse-internationale\/validation-adresse-avec-auto-completion\" \/>\n<meta property=\"og:site_name\" content=\"Address 4\" \/>\n<meta property=\"article:modified_time\" content=\"2021-02-25T08:12:40+00:00\" \/>\n<meta name=\"twitter:card\" content=\"summary_large_image\" \/>\n<meta name=\"twitter:label1\" content=\"Dur\u00e9e de lecture estim\u00e9e\" \/>\n\t<meta name=\"twitter:data1\" content=\"2 minutes\" \/>\n<script type=\"application\/ld+json\" class=\"yoast-schema-graph\">{\"@context\":\"https:\/\/schema.org\",\"@graph\":[{\"@type\":\"WebPage\",\"@id\":\"https:\/\/www.address4.com\/fr\/services\/validation-adresse-internationale\/validation-adresse-avec-auto-completion\",\"url\":\"https:\/\/www.address4.com\/fr\/services\/validation-adresse-internationale\/validation-adresse-avec-auto-completion\",\"name\":\"Service en ligne auto-compl\u00e9tion d\u2019adresse \u2013 Address4\",\"isPartOf\":{\"@id\":\"https:\/\/www.address4.com\/#website\"},\"datePublished\":\"2018-03-06T11:50:05+00:00\",\"dateModified\":\"2021-02-25T08:12:40+00:00\",\"description\":\"D\u00e9couvrez le service en ligne d\u2019auto-compl\u00e9tion, de suggestion et de validation d\u2019adresse. Essayez la version d\u2019essai gratuite !\",\"breadcrumb\":{\"@id\":\"https:\/\/www.address4.com\/fr\/services\/validation-adresse-internationale\/validation-adresse-avec-auto-completion#breadcrumb\"},\"inLanguage\":\"fr-FR\",\"potentialAction\":[{\"@type\":\"ReadAction\",\"target\":[\"https:\/\/www.address4.com\/fr\/services\/validation-adresse-internationale\/validation-adresse-avec-auto-completion\"]}]},{\"@type\":\"BreadcrumbList\",\"@id\":\"https:\/\/www.address4.com\/fr\/services\/validation-adresse-internationale\/validation-adresse-avec-auto-completion#breadcrumb\",\"itemListElement\":[{\"@type\":\"ListItem\",\"position\":1,\"name\":\"Home\",\"item\":\"https:\/\/www.address4.com\/fr\"},{\"@type\":\"ListItem\",\"position\":2,\"name\":\"Services\",\"item\":\"https:\/\/www.address4.com\/fr\/services\"},{\"@type\":\"ListItem\",\"position\":3,\"name\":\"Validation d\u2019adresse\",\"item\":\"https:\/\/www.address4.com\/fr\/services\/validation-adresse-internationale\"},{\"@type\":\"ListItem\",\"position\":4,\"name\":\"Auto-compl\u00e9tion\"}]},{\"@type\":\"WebSite\",\"@id\":\"https:\/\/www.address4.com\/#website\",\"url\":\"https:\/\/www.address4.com\/\",\"name\":\"Address 4\",\"description\":\"Address Verification Service For Your Business\",\"potentialAction\":[{\"@type\":\"SearchAction\",\"target\":{\"@type\":\"EntryPoint\",\"urlTemplate\":\"https:\/\/www.address4.com\/?s={search_term_string}\"},\"query-input\":{\"@type\":\"PropertyValueSpecification\",\"valueRequired\":true,\"valueName\":\"search_term_string\"}}],\"inLanguage\":\"fr-FR\"}]}<\/script>\n<!-- \/ Yoast SEO plugin. -->","yoast_head_json":{"title":"Service en ligne auto-compl\u00e9tion d\u2019adresse \u2013 Address4","description":"D\u00e9couvrez le service en ligne d\u2019auto-compl\u00e9tion, de suggestion et de validation d\u2019adresse. Essayez la version d\u2019essai gratuite !","robots":{"index":"index","follow":"follow","max-snippet":"max-snippet:-1","max-image-preview":"max-image-preview:large","max-video-preview":"max-video-preview:-1"},"canonical":"https:\/\/www.address4.com\/fr\/services\/validation-adresse-internationale\/validation-adresse-avec-auto-completion","og_locale":"fr_FR","og_type":"article","og_title":"Service en ligne auto-compl\u00e9tion d\u2019adresse \u2013 Address4","og_description":"D\u00e9couvrez le service en ligne d\u2019auto-compl\u00e9tion, de suggestion et de validation d\u2019adresse. Essayez la version d\u2019essai gratuite !","og_url":"https:\/\/www.address4.com\/fr\/services\/validation-adresse-internationale\/validation-adresse-avec-auto-completion","og_site_name":"Address 4","article_modified_time":"2021-02-25T08:12:40+00:00","twitter_card":"summary_large_image","twitter_misc":{"Dur\u00e9e de lecture estim\u00e9e":"2 minutes"},"schema":{"@context":"https:\/\/schema.org","@graph":[{"@type":"WebPage","@id":"https:\/\/www.address4.com\/fr\/services\/validation-adresse-internationale\/validation-adresse-avec-auto-completion","url":"https:\/\/www.address4.com\/fr\/services\/validation-adresse-internationale\/validation-adresse-avec-auto-completion","name":"Service en ligne auto-compl\u00e9tion d\u2019adresse \u2013 Address4","isPartOf":{"@id":"https:\/\/www.address4.com\/#website"},"datePublished":"2018-03-06T11:50:05+00:00","dateModified":"2021-02-25T08:12:40+00:00","description":"D\u00e9couvrez le service en ligne d\u2019auto-compl\u00e9tion, de suggestion et de validation d\u2019adresse. Essayez la version d\u2019essai gratuite !","breadcrumb":{"@id":"https:\/\/www.address4.com\/fr\/services\/validation-adresse-internationale\/validation-adresse-avec-auto-completion#breadcrumb"},"inLanguage":"fr-FR","potentialAction":[{"@type":"ReadAction","target":["https:\/\/www.address4.com\/fr\/services\/validation-adresse-internationale\/validation-adresse-avec-auto-completion"]}]},{"@type":"BreadcrumbList","@id":"https:\/\/www.address4.com\/fr\/services\/validation-adresse-internationale\/validation-adresse-avec-auto-completion#breadcrumb","itemListElement":[{"@type":"ListItem","position":1,"name":"Home","item":"https:\/\/www.address4.com\/fr"},{"@type":"ListItem","position":2,"name":"Services","item":"https:\/\/www.address4.com\/fr\/services"},{"@type":"ListItem","position":3,"name":"Validation d\u2019adresse","item":"https:\/\/www.address4.com\/fr\/services\/validation-adresse-internationale"},{"@type":"ListItem","position":4,"name":"Auto-compl\u00e9tion"}]},{"@type":"WebSite","@id":"https:\/\/www.address4.com\/#website","url":"https:\/\/www.address4.com\/","name":"Address 4","description":"Address Verification Service For Your Business","potentialAction":[{"@type":"SearchAction","target":{"@type":"EntryPoint","urlTemplate":"https:\/\/www.address4.com\/?s={search_term_string}"},"query-input":{"@type":"PropertyValueSpecification","valueRequired":true,"valueName":"search_term_string"}}],"inLanguage":"fr-FR"}]}},"_links":{"self":[{"href":"https:\/\/www.address4.com\/fr\/wp-json\/wp\/v2\/pages\/579","targetHints":{"allow":["GET"]}}],"collection":[{"href":"https:\/\/www.address4.com\/fr\/wp-json\/wp\/v2\/pages"}],"about":[{"href":"https:\/\/www.address4.com\/fr\/wp-json\/wp\/v2\/types\/page"}],"author":[{"embeddable":true,"href":"https:\/\/www.address4.com\/fr\/wp-json\/wp\/v2\/users\/2"}],"replies":[{"embeddable":true,"href":"https:\/\/www.address4.com\/fr\/wp-json\/wp\/v2\/comments?post=579"}],"version-history":[{"count":7,"href":"https:\/\/www.address4.com\/fr\/wp-json\/wp\/v2\/pages\/579\/revisions"}],"predecessor-version":[{"id":3179,"href":"https:\/\/www.address4.com\/fr\/wp-json\/wp\/v2\/pages\/579\/revisions\/3179"}],"up":[{"embeddable":true,"href":"https:\/\/www.address4.com\/fr\/wp-json\/wp\/v2\/pages\/336"}],"wp:attachment":[{"href":"https:\/\/www.address4.com\/fr\/wp-json\/wp\/v2\/media?parent=579"}],"curies":[{"name":"wp","href":"https:\/\/api.w.org\/{rel}","templated":true}]}}