{"id":474,"date":"2018-03-05T19:03:25","date_gmt":"2018-03-05T19:03:25","guid":{"rendered":"http:\/\/www.address4.com\/?page_id=474"},"modified":"2021-09-06T16:50:50","modified_gmt":"2021-09-06T15:50:50","slug":"phone-validation","status":"publish","type":"page","link":"https:\/\/www.address4.com\/fr\/services\/phone-validation","title":{"rendered":"Validation de num\u00e9ro de t\u00e9l\u00e9phone"},"content":{"rendered":"[vc_row wrapper=\u00a0\u00bbtrue\u00a0\u00bb holder_set_margin=\u00a0\u00bbtrue\u00a0\u00bb holder_margin=\u00a0\u00bbu-margin-bottom\u00a0\u00bb][vc_column]<div class=\"c-heading\"><h1 class=\" u-h1 u-text-center\">Validation de num\u00e9ro de t\u00e9l\u00e9phone<\/h1><\/div><div class=\"c-heading\"><h3 class=\" u-h3 u-text-normal u-text-center\">Moins de frais et plus d\u2019efficacit\u00e9 avec la validation de num\u00e9ro de t\u00e9l\u00e9phone<\/h3><\/div>[\/vc_column][\/vc_row][vc_row wrapper=\u00a0\u00bbtrue\u00a0\u00bb holder_set_margin=\u00a0\u00bbtrue\u00a0\u00bb holder_margin=\u00a0\u00bbu-margin-bottom\u00a0\u00bb][vc_column width=\u00a0\u00bb5\/12&Prime;]<div class=\"c-image\"><img loading=\"lazy\" decoding=\"async\" width=\"500\" height=\"366\" src=\"https:\/\/www.address4.com\/wp-content\/uploads\/2018\/03\/phone-number-validation.jpg\" class=\" u-margin-bottom aligncenter\" alt=\"phone number validation\" srcset=\"https:\/\/www.address4.com\/wp-content\/uploads\/2018\/03\/phone-number-validation.jpg 500w, https:\/\/www.address4.com\/wp-content\/uploads\/2018\/03\/phone-number-validation-300x220.jpg 300w\" sizes=\"auto, (max-width: 500px) 100vw, 500px\" \/><\/div>[\/vc_column][vc_column width=\u00a0\u00bb7\/12&Prime;]<div class=\"c-heading\"><h3>Des num\u00e9ros valid\u00e9s pour que vous puissiez toujours atteindre votre cible<\/h3><\/div>[vc_column_text]Savoir imm\u00e9diatement si le num\u00e9ro laiss\u00e9 par un client potentiel est correct ou non est indispensable pour que vous puissiez toujours atteindre la bonne personne au bon moment. La\u00a0<strong>fonctionnalit\u00e9 de validation de num\u00e9ro de t\u00e9l\u00e9phone d\u2019Address4<\/strong>\u00a0vous permet de r\u00e9aliser des projets marketing, d\u2019\u00e9tablir le profil des utilisateurs et bien plus encore.<\/p>\n<p>Le formulaire sur cette page est mis \u00e0 votre disposition pour que vous puissiez essayer, et ce\u00a0<strong>sans obligation<\/strong>, la vitesse et la pr\u00e9cision de notre logiciel. Saisissez les donn\u00e9es et demandez une validation de num\u00e9ro de t\u00e9l\u00e9phone directement en ligne.[\/vc_column_text]<a class=\"c-button u-margin-right u-margin-bottom c-button--primary  c-button--ghost\" href=\"https:\/\/www.address4.com\/free-address-validation-services\">S'inscrire<\/a><a class=\"c-button u-margin-bottom c-button--primary  c-button--ghost\" href=\"https:\/\/www.address4.com\/services\/address-validation\/batch-address-validation\">Charger un fichier<\/a>[\/vc_column][\/vc_row][vc_row][vc_column]<div class=\"templatera_shortcode\"><div class=\"o-holder u-background-light u-margin-bottom-large u-padding-vertical-large\"><div class=\" o-wrapper\"><div class=\"grid-1\"><div class=\"col _lap-and-up-8\" ><div class=\"c-heading\"><h3>Ne manquez pas \u00ab \u00c9conomies et validation d\u2019adresse \u00bb<\/h3><\/div><div class=\"c-heading\"><h3>T\u00c9L\u00c9CHARGEZ notre e-book GRATUITEMENT et d\u00e9couvrez comment am\u00e9liorer la qualit\u00e9 de vos donn\u00e9es<\/h3><\/div><div class=\"c-text-block\"><p>Guide complet avec les retomb\u00e9es \u00e9conomiques de la validation<\/p>\n <\/div><a class=\"c-button c-button--secondary\" href=\"https:\/\/www.address4.com\/ebook-1\">T\u00e9l\u00e9charger l\u2019e-book<\/a><\/div><div class=\"col _lap-and-up-4\" ><div class=\"c-image\"><a href=\"https:\/\/www.address4.com\/ebook-1\"><img loading=\"lazy\" decoding=\"async\" width=\"205\" height=\"286\" src=\"https:\/\/www.address4.com\/wp-content\/uploads\/2018\/03\/ebook-address-validation-cost-saving-S.png\" class=\" alignone\" alt=\"ebook-address-validation-cost-saving-S\" \/><\/a><\/div><\/div>\n<\/div><\/div><\/div><\/div>[\/vc_column][\/vc_row][vc_row wrapper=\u00a0\u00bbtrue\u00a0\u00bb holder_set_margin=\u00a0\u00bbtrue\u00a0\u00bb holder_margin=\u00a0\u00bbu-margin-bottom-large\u00a0\u00bb][vc_column]<div class=\"c-heading\"><h3>Validation de num\u00e9ro de t\u00e9l\u00e9phone : les avantages pour votre entreprise<\/h3><\/div>[vc_column_text]\n<div class=\"row-fluid-wrapper row-depth-1 row-number-15 \">\n<div class=\"row-fluid \">\n<div class=\"span12 widget-span widget-type-rich_text \" data-widget-type=\"rich_text\" data-x=\"0\" data-w=\"12\">\n<div class=\"cell-wrapper layout-widget-wrapper\">\n<p>Chaque jour, des milliards de personnes utilisent un t\u00e9l\u00e9phone fixe ou un t\u00e9l\u00e9phone portable pour communiquer avec les autres, mais aussi avec des entreprises et des activit\u00e9s commerciales. Conna\u00eetre un num\u00e9ro de t\u00e9l\u00e9phone exact, mis \u00e0 jour et format\u00e9 avec le bon code pays ou code international vous permet d\u2019optimiser le marketing, la t\u00e9l\u00e9vente, la collecte de donn\u00e9es et les strat\u00e9gies et proc\u00e9dures d\u2019\u00e9tablissement de profils. Des objectifs que vous pouvez atteindre avec Address4 gr\u00e2ce \u00e0 la fonctionnalit\u00e9 de validation de num\u00e9ro de t\u00e9l\u00e9phone en ligne.<\/p>\n<p>Une fois l\u2019entr\u00e9e saisie, le logiciel traite la demande et renvoie la valeur correcte, v\u00e9rifi\u00e9e et compl\u00e8te avec l\u2019indicatif r\u00e9gional. Cette m\u00eame op\u00e9ration peut \u00eatre effectu\u00e9e sur des bases de donn\u00e9es enti\u00e8res en utilisant des ensembles de donn\u00e9es ou des listes de num\u00e9ros de t\u00e9l\u00e9phone incomplets que vous devez valider.<\/p>\n<p>La r\u00e9vision continue de notre base de donn\u00e9es garantit des donn\u00e9es et des informations mises \u00e0 jour et conformes aux entr\u00e9es utilis\u00e9es dans plus de 250 pays \u00e0 travers le monde. Address4 et ses fonctionnalit\u00e9s sont accessibles par les utilisateurs finaux, les int\u00e9grateurs syst\u00e8me, les d\u00e9veloppeurs web et les directeurs commerciaux n\u2019importe o\u00f9 et 24h\/24, avec une proc\u00e9dure d\u2019inscription simple. Profitez de la version d\u2019essai gratuite !<\/p>\n<\/div>\n<\/div>\n<\/div>\n<\/div>\n[\/vc_column_text][\/vc_column][\/vc_row][vc_row][vc_column]<div class=\"templatera_shortcode\"><div class=\"o-holder u-background-light u-margin-bottom-large u-padding-vertical-large\"><div class=\"grid-1\"><div class=\"col _lap-and-up-12\" ><div class=\"c-heading\"><h3 class=\" u-h2 u-text-center\">Commencez votre version d\u2019essai gratuite d\u2019Address4<\/h3><\/div><div class=\"c-button-holder c-button-holder--center\"><a class=\"c-button c-button--center u-margin-bottom c-button--secondary\" href=\"https:\/\/www.address4.com\/free-address-validation-services\">S'inscrire<\/a><\/div><div class=\"c-heading\"><h3 class=\" u-text-center\">Sans frais ni obligation pour une satisfaction optimale<\/h3><\/div><\/div>\n<\/div><\/div><\/div>[\/vc_column][\/vc_row][vc_row wrapper=\u00a0\u00bbtrue\u00a0\u00bb][vc_column width=\u00a0\u00bb1\/3&Prime;]<div class=\"c-mediabox u-margin-bottom\">\n<div class=\" o-media\">\n<div class=\"o-media__img\">\n<div class=\"ico-wrap ico-wrap--center\"><i class=\"ico ico--xl fal fa-clock\"><\/i><\/div>\n<\/div>\n<div class=\"o-media__body\">\n<h4>Optimisez votre temps<\/h4>\n<p>Un appel vers un num\u00e9ro qui n\u2019existe pas est une perte de temps et de ressources. Avec Address4 vos num\u00e9ros de t\u00e9l\u00e9phone sont toujours corrects et valid\u00e9s.<\/p><\/div>\n<\/div>\n<\/div>\n[\/vc_column][vc_column width=\u00a0\u00bb1\/3&Prime;]<div class=\"c-mediabox u-margin-bottom\">\n<div class=\" o-media\">\n<div class=\"o-media__img\">\n<div class=\"ico-wrap ico-wrap--center\"><i class=\"ico ico--xl fal fa-users\"><\/i><\/div>\n<\/div>\n<div class=\"o-media__body\">\n<h4>Communication<\/h4>\n<p>Des num\u00e9ros de t\u00e9l\u00e9phone exacts vous permettent de proposer aux clients des SMS personnalis\u00e9s concernant des promotions, des offres et des initiatives sp\u00e9ciales, pour fid\u00e9liser davantage votre client\u00e8le.<\/p><\/div>\n<\/div>\n<\/div>\n[\/vc_column][vc_column width=\u00a0\u00bb1\/3&Prime;]<div class=\"c-mediabox u-margin-bottom\">\n<div class=\" o-media\">\n<div class=\"o-media__img\">\n<div class=\"ico-wrap ico-wrap--center\"><i class=\"ico ico--xl fal fa-comment-alt\"><\/i><\/div>\n<\/div>\n<div class=\"o-media__body\">\n<h4>Entreprises et consommateurs<\/h4>\n<p>Address4 vous fournit les num\u00e9ros de t\u00e9l\u00e9phone des utilisateurs professionnels et des consommateurs finaux en utilisant des donn\u00e9es associ\u00e9es dans les entr\u00e9es.<\/p><\/div>\n<\/div>\n<\/div>\n[\/vc_column][\/vc_row]\n","protected":false},"excerpt":{"rendered":"Commencez votre version d\u2019essai gratuite d\u2019Address4S'inscrireSans frais ni obligation pour une satisfaction optimale","protected":false},"author":2,"featured_media":0,"parent":946,"menu_order":0,"comment_status":"closed","ping_status":"closed","template":"templates\/template-fullwidth.php","meta":{"footnotes":""},"class_list":["post-474","page","type-page","status-publish","hentry"],"yoast_head":"<!-- This site is optimized with the Yoast SEO plugin v26.8 - https:\/\/yoast.com\/product\/yoast-seo-wordpress\/ -->\n<title>Service de validation de num\u00e9ro de t\u00e9l\u00e9phone \u2013 Address4<\/title>\n<meta name=\"description\" content=\"Avec Address 4 acc\u00e9dez \u00e0 un service de validation de t\u00e9l\u00e9phone pour le marketing, la t\u00e9l\u00e9vente et le profilage. Essayez-le gratuitement !\" \/>\n<meta name=\"robots\" content=\"noindex, follow\" \/>\n<meta property=\"og:locale\" content=\"fr_FR\" \/>\n<meta property=\"og:type\" content=\"article\" \/>\n<meta property=\"og:title\" content=\"Service de validation de num\u00e9ro de t\u00e9l\u00e9phone \u2013 Address4\" \/>\n<meta property=\"og:description\" content=\"Avec Address 4 acc\u00e9dez \u00e0 un service de validation de t\u00e9l\u00e9phone pour le marketing, la t\u00e9l\u00e9vente et le profilage. Essayez-le gratuitement !\" \/>\n<meta property=\"og:url\" content=\"https:\/\/www.address4.com\/fr\/services\/phone-validation\" \/>\n<meta property=\"og:site_name\" content=\"Address 4\" \/>\n<meta property=\"article:modified_time\" content=\"2021-09-06T15:50:50+00:00\" \/>\n<meta name=\"twitter:card\" content=\"summary_large_image\" \/>\n<meta name=\"twitter:label1\" content=\"Dur\u00e9e de lecture estim\u00e9e\" \/>\n\t<meta name=\"twitter:data1\" content=\"3 minutes\" \/>\n<script type=\"application\/ld+json\" class=\"yoast-schema-graph\">{\"@context\":\"https:\/\/schema.org\",\"@graph\":[{\"@type\":\"WebPage\",\"@id\":\"https:\/\/www.address4.com\/fr\/services\/phone-validation\",\"url\":\"https:\/\/www.address4.com\/fr\/services\/phone-validation\",\"name\":\"Service de validation de num\u00e9ro de t\u00e9l\u00e9phone \u2013 Address4\",\"isPartOf\":{\"@id\":\"https:\/\/www.address4.com\/#website\"},\"datePublished\":\"2018-03-05T19:03:25+00:00\",\"dateModified\":\"2021-09-06T15:50:50+00:00\",\"description\":\"Avec Address 4 acc\u00e9dez \u00e0 un service de validation de t\u00e9l\u00e9phone pour le marketing, la t\u00e9l\u00e9vente et le profilage. Essayez-le gratuitement !\",\"breadcrumb\":{\"@id\":\"https:\/\/www.address4.com\/fr\/services\/phone-validation#breadcrumb\"},\"inLanguage\":\"fr-FR\",\"potentialAction\":[{\"@type\":\"ReadAction\",\"target\":[\"https:\/\/www.address4.com\/fr\/services\/phone-validation\"]}]},{\"@type\":\"BreadcrumbList\",\"@id\":\"https:\/\/www.address4.com\/fr\/services\/phone-validation#breadcrumb\",\"itemListElement\":[{\"@type\":\"ListItem\",\"position\":1,\"name\":\"Home\",\"item\":\"https:\/\/www.address4.com\/fr\"},{\"@type\":\"ListItem\",\"position\":2,\"name\":\"Services\",\"item\":\"https:\/\/www.address4.com\/fr\/services\"},{\"@type\":\"ListItem\",\"position\":3,\"name\":\"Validation de num\u00e9ro de t\u00e9l\u00e9phone\"}]},{\"@type\":\"WebSite\",\"@id\":\"https:\/\/www.address4.com\/#website\",\"url\":\"https:\/\/www.address4.com\/\",\"name\":\"Address 4\",\"description\":\"Address Verification Service For Your Business\",\"potentialAction\":[{\"@type\":\"SearchAction\",\"target\":{\"@type\":\"EntryPoint\",\"urlTemplate\":\"https:\/\/www.address4.com\/?s={search_term_string}\"},\"query-input\":{\"@type\":\"PropertyValueSpecification\",\"valueRequired\":true,\"valueName\":\"search_term_string\"}}],\"inLanguage\":\"fr-FR\"}]}<\/script>\n<!-- \/ Yoast SEO plugin. -->","yoast_head_json":{"title":"Service de validation de num\u00e9ro de t\u00e9l\u00e9phone \u2013 Address4","description":"Avec Address 4 acc\u00e9dez \u00e0 un service de validation de t\u00e9l\u00e9phone pour le marketing, la t\u00e9l\u00e9vente et le profilage. Essayez-le gratuitement !","robots":{"index":"noindex","follow":"follow"},"og_locale":"fr_FR","og_type":"article","og_title":"Service de validation de num\u00e9ro de t\u00e9l\u00e9phone \u2013 Address4","og_description":"Avec Address 4 acc\u00e9dez \u00e0 un service de validation de t\u00e9l\u00e9phone pour le marketing, la t\u00e9l\u00e9vente et le profilage. Essayez-le gratuitement !","og_url":"https:\/\/www.address4.com\/fr\/services\/phone-validation","og_site_name":"Address 4","article_modified_time":"2021-09-06T15:50:50+00:00","twitter_card":"summary_large_image","twitter_misc":{"Dur\u00e9e de lecture estim\u00e9e":"3 minutes"},"schema":{"@context":"https:\/\/schema.org","@graph":[{"@type":"WebPage","@id":"https:\/\/www.address4.com\/fr\/services\/phone-validation","url":"https:\/\/www.address4.com\/fr\/services\/phone-validation","name":"Service de validation de num\u00e9ro de t\u00e9l\u00e9phone \u2013 Address4","isPartOf":{"@id":"https:\/\/www.address4.com\/#website"},"datePublished":"2018-03-05T19:03:25+00:00","dateModified":"2021-09-06T15:50:50+00:00","description":"Avec Address 4 acc\u00e9dez \u00e0 un service de validation de t\u00e9l\u00e9phone pour le marketing, la t\u00e9l\u00e9vente et le profilage. Essayez-le gratuitement !","breadcrumb":{"@id":"https:\/\/www.address4.com\/fr\/services\/phone-validation#breadcrumb"},"inLanguage":"fr-FR","potentialAction":[{"@type":"ReadAction","target":["https:\/\/www.address4.com\/fr\/services\/phone-validation"]}]},{"@type":"BreadcrumbList","@id":"https:\/\/www.address4.com\/fr\/services\/phone-validation#breadcrumb","itemListElement":[{"@type":"ListItem","position":1,"name":"Home","item":"https:\/\/www.address4.com\/fr"},{"@type":"ListItem","position":2,"name":"Services","item":"https:\/\/www.address4.com\/fr\/services"},{"@type":"ListItem","position":3,"name":"Validation de num\u00e9ro de t\u00e9l\u00e9phone"}]},{"@type":"WebSite","@id":"https:\/\/www.address4.com\/#website","url":"https:\/\/www.address4.com\/","name":"Address 4","description":"Address Verification Service For Your Business","potentialAction":[{"@type":"SearchAction","target":{"@type":"EntryPoint","urlTemplate":"https:\/\/www.address4.com\/?s={search_term_string}"},"query-input":{"@type":"PropertyValueSpecification","valueRequired":true,"valueName":"search_term_string"}}],"inLanguage":"fr-FR"}]}},"_links":{"self":[{"href":"https:\/\/www.address4.com\/fr\/wp-json\/wp\/v2\/pages\/474","targetHints":{"allow":["GET"]}}],"collection":[{"href":"https:\/\/www.address4.com\/fr\/wp-json\/wp\/v2\/pages"}],"about":[{"href":"https:\/\/www.address4.com\/fr\/wp-json\/wp\/v2\/types\/page"}],"author":[{"embeddable":true,"href":"https:\/\/www.address4.com\/fr\/wp-json\/wp\/v2\/users\/2"}],"replies":[{"embeddable":true,"href":"https:\/\/www.address4.com\/fr\/wp-json\/wp\/v2\/comments?post=474"}],"version-history":[{"count":4,"href":"https:\/\/www.address4.com\/fr\/wp-json\/wp\/v2\/pages\/474\/revisions"}],"predecessor-version":[{"id":3168,"href":"https:\/\/www.address4.com\/fr\/wp-json\/wp\/v2\/pages\/474\/revisions\/3168"}],"up":[{"embeddable":true,"href":"https:\/\/www.address4.com\/fr\/wp-json\/wp\/v2\/pages\/946"}],"wp:attachment":[{"href":"https:\/\/www.address4.com\/fr\/wp-json\/wp\/v2\/media?parent=474"}],"curies":[{"name":"wp","href":"https:\/\/api.w.org\/{rel}","templated":true}]}}