{"id":406,"date":"2018-03-05T17:03:09","date_gmt":"2018-03-05T17:03:09","guid":{"rendered":"http:\/\/www.address4.com\/?page_id=406"},"modified":"2021-09-10T17:54:27","modified_gmt":"2021-09-10T16:54:27","slug":"geocodage-adresse","status":"publish","type":"page","link":"https:\/\/www.address4.com\/fr\/services\/geocodage-adresse","title":{"rendered":"G\u00e9ocodage"},"content":{"rendered":"[vc_row wrapper=\u00a0\u00bbtrue\u00a0\u00bb holder_set_margin=\u00a0\u00bbtrue\u00a0\u00bb holder_margin=\u00a0\u00bbu-margin-bottom\u00a0\u00bb][vc_column]<div class=\"c-heading\"><h1 class=\" u-h1 u-text-center\">G\u00e9ocodage d\u2019adresse<\/h1><\/div><div class=\"c-heading\"><h3 class=\" u-h3 u-text-normal u-text-center\">Un g\u00e9ocodage d\u2019adresse complet dans plus de 250 pays \u00e0 travers le monde<\/h3><\/div>[\/vc_column][\/vc_row][vc_row wrapper=\u00a0\u00bbtrue\u00a0\u00bb holder_set_margin=\u00a0\u00bbtrue\u00a0\u00bb holder_margin=\u00a0\u00bbu-margin-bottom\u00a0\u00bb][vc_column width=\u00a0\u00bb5\/12&Prime;]<div class=\"c-image\"><img loading=\"lazy\" decoding=\"async\" width=\"500\" height=\"278\" src=\"https:\/\/www.address4.com\/wp-content\/uploads\/2021\/03\/geocodage-adresse.jpg\" class=\" u-margin-bottom aligncenter\" alt=\"G\u00e9ocodage d\u2019adresse\" srcset=\"https:\/\/www.address4.com\/wp-content\/uploads\/2021\/03\/geocodage-adresse.jpg 500w, https:\/\/www.address4.com\/wp-content\/uploads\/2021\/03\/geocodage-adresse-300x167.jpg 300w\" sizes=\"auto, (max-width: 500px) 100vw, 500px\" \/><\/div>[\/vc_column][vc_column width=\u00a0\u00bb7\/12&Prime;]<div class=\"c-heading\"><h3>Profitez de la version d\u2019essai de g\u00e9ocodage d\u2019adresse gratuitement.<\/h3><\/div>[vc_column_text]Pour profiter de la version d\u2019essai gratuite de notre\u00a0<strong>service de g\u00e9ocodage d\u2019adresse,\u00a0<\/strong>il vous suffit de remplir le formulaire sur cette page. En quelques \u00e9tapes seulement vous pouvez convertir une adresse ou un emplacement en coordonn\u00e9es g\u00e9ographiques pr\u00e9cises (latitude et longitude). Vous pourrez visualiser l\u2019emplacement pr\u00e9cis sur une carte.<\/p>\n<p>La <strong><a href=\"https:\/\/www.address4.com\/fr\/free-trial\">version d\u2019essai<\/a><\/strong> en ligne est\u00a0<strong>accessible 24h\/24<\/strong>.[\/vc_column_text]<a class=\"c-button u-margin-right u-margin-bottom c-button--primary  c-button--ghost\" href=\"https:\/\/www.address4.com\/free-address-validation-services\">S'inscrire<\/a><a class=\"c-button u-margin-bottom c-button--primary  c-button--ghost\" href=\"https:\/\/www.address4.com\/services\/address-validation\/batch-address-validation\">Charger un fichier<\/a>[\/vc_column][\/vc_row][vc_row][vc_column]<div class=\"templatera_shortcode\"><div class=\"o-holder u-background-light u-margin-bottom-large u-padding-vertical-large\"><div class=\" o-wrapper\"><div class=\"grid-1\"><div class=\"col _lap-and-up-8\" ><div class=\"c-heading\"><h3>Ne manquez pas \u00ab \u00c9conomies et validation d\u2019adresse \u00bb<\/h3><\/div><div class=\"c-heading\"><h3>T\u00c9L\u00c9CHARGEZ notre e-book GRATUITEMENT et d\u00e9couvrez comment am\u00e9liorer la qualit\u00e9 de vos donn\u00e9es<\/h3><\/div><div class=\"c-text-block\"><p>Guide complet avec les retomb\u00e9es \u00e9conomiques de la validation<\/p>\n <\/div><a class=\"c-button c-button--secondary\" href=\"https:\/\/www.address4.com\/ebook-1\">T\u00e9l\u00e9charger l\u2019e-book<\/a><\/div><div class=\"col _lap-and-up-4\" ><div class=\"c-image\"><a href=\"https:\/\/www.address4.com\/ebook-1\"><img loading=\"lazy\" decoding=\"async\" width=\"205\" height=\"286\" src=\"https:\/\/www.address4.com\/wp-content\/uploads\/2018\/03\/ebook-address-validation-cost-saving-S.png\" class=\" alignone\" alt=\"ebook-address-validation-cost-saving-S\" \/><\/a><\/div><\/div>\n<\/div><\/div><\/div><\/div>[\/vc_column][\/vc_row][vc_row wrapper=\u00a0\u00bbtrue\u00a0\u00bb holder_set_margin=\u00a0\u00bbtrue\u00a0\u00bb holder_margin=\u00a0\u00bbu-margin-bottom-large\u00a0\u00bb][vc_column width=\u00a0\u00bb5\/12&Prime;]<div class=\"c-image\"><img loading=\"lazy\" decoding=\"async\" width=\"400\" height=\"476\" src=\"https:\/\/www.address4.com\/wp-content\/uploads\/2021\/03\/geocodage.jpg\" class=\" aligncenter\" alt=\"G\u00e9ocodage d\u2019adresse\" srcset=\"https:\/\/www.address4.com\/wp-content\/uploads\/2021\/03\/geocodage.jpg 400w, https:\/\/www.address4.com\/wp-content\/uploads\/2021\/03\/geocodage-252x300.jpg 252w\" sizes=\"auto, (max-width: 400px) 100vw, 400px\" \/><\/div>[\/vc_column][vc_column width=\u00a0\u00bb7\/12&Prime;]<div class=\"c-heading\"><h3>Un g\u00e9ocodage rapide et simple gr\u00e2ce \u00e0 Address4<\/h3><\/div>[vc_column_text]Le service de g\u00e9ocodage d\u2019adresse d\u2019Address 4 est id\u00e9al pour effectuer de plusieurs op\u00e9rations en ligne, \u00e0 tout moment et partout dans le monde, avec une interface intuitive. Le logiciel v\u00e9rifie et corrige les adresses, puis transforme les donn\u00e9es en coordonn\u00e9es g\u00e9ographiques pr\u00e9cises affich\u00e9es sur une carte quelques minutes apr\u00e8s.<\/p>\n<p>Ce service ne donne pas seulement la latitude et la longitude mais aussi un recensement de la zone pour \u00e9tablir une carte interactive \u00e0 int\u00e9grer sur les sites Internet ou dans les applications. Le g\u00e9ocodage d\u2019adresse est fondamental dans la r\u00e9alisation de nombreux objectifs.<\/p>\n<p>De l\u2019optimisation d\u2019itin\u00e9raires au g\u00e9or\u00e9f\u00e9rencement de cartes; du calcul du kilom\u00e9trage exact pour une entreprise au rencensement de donn\u00e9es pour une zone donn\u00e9e \u00e0 des fins g\u00e9omarketing. Tout un \u00e9ventail de possibilit\u00e9s mises \u00e0 la disposition des petites et les grandes entreprises en un seul clic.[\/vc_column_text][\/vc_column][\/vc_row][vc_row][vc_column]<div class=\"templatera_shortcode\"><div class=\"o-holder u-background-light u-margin-bottom-large u-padding-vertical-large\"><div class=\"grid-1\"><div class=\"col _lap-and-up-12\" ><div class=\"c-heading\"><h3 class=\" u-h2 u-text-center\">Commencez votre version d\u2019essai gratuite d\u2019Address4<\/h3><\/div><div class=\"c-button-holder c-button-holder--center\"><a class=\"c-button c-button--center u-margin-bottom c-button--secondary\" href=\"https:\/\/www.address4.com\/free-address-validation-services\">S'inscrire<\/a><\/div><div class=\"c-heading\"><h3 class=\" u-text-center\">Sans frais ni obligation pour une satisfaction optimale<\/h3><\/div><\/div>\n<\/div><\/div><\/div>[\/vc_column][\/vc_row][vc_row wrapper=\u00a0\u00bbtrue\u00a0\u00bb][vc_column width=\u00a0\u00bb1\/3&Prime;]<div class=\"c-mediabox u-margin-bottom\">\n<div class=\" o-media\">\n<div class=\"o-media__img\">\n<div class=\"ico-wrap ico-wrap--center\"><i class=\"ico ico--xl fal fa-map-marker-alt\"><\/i><\/div>\n<\/div>\n<div class=\"o-media__body\">\n<h4>Saisie d\u2019adresses multiples<\/h4>\n<p>Avec Address 4 vous pouvez g\u00e9rer et g\u00e9ocoder plusieurs emplacements dans la m\u00eame base de donn\u00e9es et ce avec une pr\u00e9cision absolue.<\/p><\/div>\n<\/div>\n<\/div>\n[\/vc_column][vc_column width=\u00a0\u00bb1\/3&Prime;]<div class=\"c-mediabox u-margin-bottom\">\n<div class=\" o-media\">\n<div class=\"o-media__img\">\n<div class=\"ico-wrap ico-wrap--center\"><i class=\"ico ico--xl fal fa-globe\"><\/i><\/div>\n<\/div>\n<div class=\"o-media__body\">\n<h4>Couverture internationale<\/h4>\n<p>Cartographie censitaire disponible pour plus de 250 pays en Europe et \u00e0 travers le monde;<\/p><\/div>\n<\/div>\n<\/div>\n[\/vc_column][vc_column width=\u00a0\u00bb1\/3&Prime;]<div class=\"c-mediabox u-margin-bottom\">\n<div class=\" o-media\">\n<div class=\"o-media__img\">\n<div class=\"ico-wrap ico-wrap--center\"><i class=\"ico ico--xl far fa-compass\"><\/i><\/div>\n<\/div>\n<div class=\"o-media__body\">\n<h4>Technologie de pointe<\/h4>\n<p>Address 4 supporte les applications de SIG, les logiciels de g\u00e9omarketing, les syst\u00e8mes informatiques et la technologie de pointe.<\/p><\/div>\n<\/div>\n<\/div>\n[\/vc_column][\/vc_row]\n","protected":false},"excerpt":{"rendered":"Commencez votre version d\u2019essai gratuite d\u2019Address4S'inscrireSans frais ni obligation pour une satisfaction optimale","protected":false},"author":2,"featured_media":0,"parent":946,"menu_order":0,"comment_status":"closed","ping_status":"closed","template":"templates\/template-fullwidth.php","meta":{"footnotes":""},"class_list":["post-406","page","type-page","status-publish","hentry"],"yoast_head":"<!-- This site is optimized with the Yoast SEO plugin v26.8 - https:\/\/yoast.com\/product\/yoast-seo-wordpress\/ -->\n<title>Service de validation d\u2019adresse internationale - Address4<\/title>\n<meta name=\"description\" content=\"Avec Address 4 vous acc\u00e9dez \u00e0 un service de validation d\u2019adresse internationale dans plus de 250 pays. Essayez-le gratuitement en ligne !\" \/>\n<meta name=\"robots\" content=\"index, follow, max-snippet:-1, max-image-preview:large, max-video-preview:-1\" \/>\n<link rel=\"canonical\" href=\"https:\/\/www.address4.com\/fr\/services\/geocodage-adresse\" \/>\n<meta property=\"og:locale\" content=\"fr_FR\" \/>\n<meta property=\"og:type\" content=\"article\" \/>\n<meta property=\"og:title\" content=\"Service de validation d\u2019adresse internationale - Address4\" \/>\n<meta property=\"og:description\" content=\"Avec Address 4 vous acc\u00e9dez \u00e0 un service de validation d\u2019adresse internationale dans plus de 250 pays. Essayez-le gratuitement en ligne !\" \/>\n<meta property=\"og:url\" content=\"https:\/\/www.address4.com\/fr\/services\/geocodage-adresse\" \/>\n<meta property=\"og:site_name\" content=\"Address 4\" \/>\n<meta property=\"article:modified_time\" content=\"2021-09-10T16:54:27+00:00\" \/>\n<meta name=\"twitter:card\" content=\"summary_large_image\" \/>\n<meta name=\"twitter:label1\" content=\"Dur\u00e9e de lecture estim\u00e9e\" \/>\n\t<meta name=\"twitter:data1\" content=\"2 minutes\" \/>\n<script type=\"application\/ld+json\" class=\"yoast-schema-graph\">{\"@context\":\"https:\/\/schema.org\",\"@graph\":[{\"@type\":\"WebPage\",\"@id\":\"https:\/\/www.address4.com\/fr\/services\/geocodage-adresse\",\"url\":\"https:\/\/www.address4.com\/fr\/services\/geocodage-adresse\",\"name\":\"Service de validation d\u2019adresse internationale - Address4\",\"isPartOf\":{\"@id\":\"https:\/\/www.address4.com\/#website\"},\"datePublished\":\"2018-03-05T17:03:09+00:00\",\"dateModified\":\"2021-09-10T16:54:27+00:00\",\"description\":\"Avec Address 4 vous acc\u00e9dez \u00e0 un service de validation d\u2019adresse internationale dans plus de 250 pays. Essayez-le gratuitement en ligne !\",\"breadcrumb\":{\"@id\":\"https:\/\/www.address4.com\/fr\/services\/geocodage-adresse#breadcrumb\"},\"inLanguage\":\"fr-FR\",\"potentialAction\":[{\"@type\":\"ReadAction\",\"target\":[\"https:\/\/www.address4.com\/fr\/services\/geocodage-adresse\"]}]},{\"@type\":\"BreadcrumbList\",\"@id\":\"https:\/\/www.address4.com\/fr\/services\/geocodage-adresse#breadcrumb\",\"itemListElement\":[{\"@type\":\"ListItem\",\"position\":1,\"name\":\"Home\",\"item\":\"https:\/\/www.address4.com\/fr\"},{\"@type\":\"ListItem\",\"position\":2,\"name\":\"Services\",\"item\":\"https:\/\/www.address4.com\/fr\/services\"},{\"@type\":\"ListItem\",\"position\":3,\"name\":\"G\u00e9ocodage\"}]},{\"@type\":\"WebSite\",\"@id\":\"https:\/\/www.address4.com\/#website\",\"url\":\"https:\/\/www.address4.com\/\",\"name\":\"Address 4\",\"description\":\"Address Verification Service For Your Business\",\"potentialAction\":[{\"@type\":\"SearchAction\",\"target\":{\"@type\":\"EntryPoint\",\"urlTemplate\":\"https:\/\/www.address4.com\/?s={search_term_string}\"},\"query-input\":{\"@type\":\"PropertyValueSpecification\",\"valueRequired\":true,\"valueName\":\"search_term_string\"}}],\"inLanguage\":\"fr-FR\"}]}<\/script>\n<!-- \/ Yoast SEO plugin. -->","yoast_head_json":{"title":"Service de validation d\u2019adresse internationale - Address4","description":"Avec Address 4 vous acc\u00e9dez \u00e0 un service de validation d\u2019adresse internationale dans plus de 250 pays. Essayez-le gratuitement en ligne !","robots":{"index":"index","follow":"follow","max-snippet":"max-snippet:-1","max-image-preview":"max-image-preview:large","max-video-preview":"max-video-preview:-1"},"canonical":"https:\/\/www.address4.com\/fr\/services\/geocodage-adresse","og_locale":"fr_FR","og_type":"article","og_title":"Service de validation d\u2019adresse internationale - Address4","og_description":"Avec Address 4 vous acc\u00e9dez \u00e0 un service de validation d\u2019adresse internationale dans plus de 250 pays. Essayez-le gratuitement en ligne !","og_url":"https:\/\/www.address4.com\/fr\/services\/geocodage-adresse","og_site_name":"Address 4","article_modified_time":"2021-09-10T16:54:27+00:00","twitter_card":"summary_large_image","twitter_misc":{"Dur\u00e9e de lecture estim\u00e9e":"2 minutes"},"schema":{"@context":"https:\/\/schema.org","@graph":[{"@type":"WebPage","@id":"https:\/\/www.address4.com\/fr\/services\/geocodage-adresse","url":"https:\/\/www.address4.com\/fr\/services\/geocodage-adresse","name":"Service de validation d\u2019adresse internationale - Address4","isPartOf":{"@id":"https:\/\/www.address4.com\/#website"},"datePublished":"2018-03-05T17:03:09+00:00","dateModified":"2021-09-10T16:54:27+00:00","description":"Avec Address 4 vous acc\u00e9dez \u00e0 un service de validation d\u2019adresse internationale dans plus de 250 pays. Essayez-le gratuitement en ligne !","breadcrumb":{"@id":"https:\/\/www.address4.com\/fr\/services\/geocodage-adresse#breadcrumb"},"inLanguage":"fr-FR","potentialAction":[{"@type":"ReadAction","target":["https:\/\/www.address4.com\/fr\/services\/geocodage-adresse"]}]},{"@type":"BreadcrumbList","@id":"https:\/\/www.address4.com\/fr\/services\/geocodage-adresse#breadcrumb","itemListElement":[{"@type":"ListItem","position":1,"name":"Home","item":"https:\/\/www.address4.com\/fr"},{"@type":"ListItem","position":2,"name":"Services","item":"https:\/\/www.address4.com\/fr\/services"},{"@type":"ListItem","position":3,"name":"G\u00e9ocodage"}]},{"@type":"WebSite","@id":"https:\/\/www.address4.com\/#website","url":"https:\/\/www.address4.com\/","name":"Address 4","description":"Address Verification Service For Your Business","potentialAction":[{"@type":"SearchAction","target":{"@type":"EntryPoint","urlTemplate":"https:\/\/www.address4.com\/?s={search_term_string}"},"query-input":{"@type":"PropertyValueSpecification","valueRequired":true,"valueName":"search_term_string"}}],"inLanguage":"fr-FR"}]}},"_links":{"self":[{"href":"https:\/\/www.address4.com\/fr\/wp-json\/wp\/v2\/pages\/406","targetHints":{"allow":["GET"]}}],"collection":[{"href":"https:\/\/www.address4.com\/fr\/wp-json\/wp\/v2\/pages"}],"about":[{"href":"https:\/\/www.address4.com\/fr\/wp-json\/wp\/v2\/types\/page"}],"author":[{"embeddable":true,"href":"https:\/\/www.address4.com\/fr\/wp-json\/wp\/v2\/users\/2"}],"replies":[{"embeddable":true,"href":"https:\/\/www.address4.com\/fr\/wp-json\/wp\/v2\/comments?post=406"}],"version-history":[{"count":4,"href":"https:\/\/www.address4.com\/fr\/wp-json\/wp\/v2\/pages\/406\/revisions"}],"predecessor-version":[{"id":3702,"href":"https:\/\/www.address4.com\/fr\/wp-json\/wp\/v2\/pages\/406\/revisions\/3702"}],"up":[{"embeddable":true,"href":"https:\/\/www.address4.com\/fr\/wp-json\/wp\/v2\/pages\/946"}],"wp:attachment":[{"href":"https:\/\/www.address4.com\/fr\/wp-json\/wp\/v2\/media?parent=406"}],"curies":[{"name":"wp","href":"https:\/\/api.w.org\/{rel}","templated":true}]}}