{"id":380,"date":"2018-03-05T10:50:05","date_gmt":"2018-03-05T10:50:05","guid":{"rendered":"http:\/\/www.address4.com\/?page_id=380"},"modified":"2021-02-25T09:06:14","modified_gmt":"2021-02-25T08:06:14","slug":"validation-adresse-email","status":"publish","type":"page","link":"https:\/\/www.address4.com\/fr\/services\/validation-adresse-email","title":{"rendered":"Validation d\u2019adresse e-mail"},"content":{"rendered":"[vc_row wrapper=\u00a0\u00bbtrue\u00a0\u00bb holder_set_margin=\u00a0\u00bbtrue\u00a0\u00bb holder_margin=\u00a0\u00bbu-margin-bottom\u00a0\u00bb][vc_column]<div class=\"c-heading\"><h1 class=\" u-h1 u-text-center\">Validation d\u2019adresse e-mail<\/h1><\/div><div class=\"c-heading\"><h3 class=\" u-h3 u-text-normal u-text-center\">Pour vous aider \u00e0 v\u00e9rifier des adresses e-mail<\/h3><\/div>[\/vc_column][\/vc_row][vc_row wrapper=\u00a0\u00bbtrue\u00a0\u00bb holder_set_margin=\u00a0\u00bbtrue\u00a0\u00bb holder_margin=\u00a0\u00bbu-margin-bottom\u00a0\u00bb][vc_column width=\u00a0\u00bb5\/12&Prime;]<div class=\"c-image\"><img loading=\"lazy\" decoding=\"async\" width=\"800\" height=\"339\" src=\"https:\/\/www.address4.com\/wp-content\/uploads\/2018\/03\/c40aa518-d28b-4863-89f3-d4a3f9830639.jpeg\" class=\" u-margin-bottom aligncenter\" alt=\"\" srcset=\"https:\/\/www.address4.com\/wp-content\/uploads\/2018\/03\/c40aa518-d28b-4863-89f3-d4a3f9830639.jpeg 800w, https:\/\/www.address4.com\/wp-content\/uploads\/2018\/03\/c40aa518-d28b-4863-89f3-d4a3f9830639-300x127.jpeg 300w, https:\/\/www.address4.com\/wp-content\/uploads\/2018\/03\/c40aa518-d28b-4863-89f3-d4a3f9830639-768x325.jpeg 768w\" sizes=\"auto, (max-width: 800px) 100vw, 800px\" \/><\/div>[\/vc_column][vc_column width=\u00a0\u00bb7\/12&Prime;]<div class=\"c-heading\"><h3>La valeur d\u2019adresses-email correctes et v\u00e9rifi\u00e9es<\/h3><\/div>[vc_column_text]Address4 vous permet de v\u00e9rifier la validit\u00e9 et l\u2019existence d\u2019adresses e-mail.<br \/>\nAinsi vous \u00e9viterez les probl\u00e8mes li\u00e9s aux fautes de frappe des utilisateurs lorsqu\u2019ils saisissent leurs donn\u00e9es et nous v\u00e9rifierons instantan\u00e9ment l\u2019existence de l\u2019adresse e-mail.<\/p>\n<p>Pour d\u00e9couvrir tout le potentiel de notre logiciel il vous suffit de saisir les donn\u00e9es requises dans les champs et de cliquer sur ENVOYER. La version d\u2019essai est gratuite et sans inscription. Essayez-la d\u00e8s maintenant\u00a0![\/vc_column_text]<a class=\"c-button u-margin-right u-margin-bottom c-button--primary  c-button--ghost\" href=\"https:\/\/www.address4.com\/free-address-validation-services\">S'inscrire<\/a><a class=\"c-button u-margin-bottom c-button--primary  c-button--ghost\" href=\"https:\/\/www.address4.com\/services\/address-validation\/batch-address-validation\">Charger un fichier<\/a>[\/vc_column][\/vc_row][vc_row][vc_column]<div class=\"templatera_shortcode\"><div class=\"o-holder u-background-light u-margin-bottom-large u-padding-vertical-large\"><div class=\" o-wrapper\"><div class=\"grid-1\"><div class=\"col _lap-and-up-8\" ><div class=\"c-heading\"><h3>Ne manquez pas \u00ab \u00c9conomies et validation d\u2019adresse \u00bb<\/h3><\/div><div class=\"c-heading\"><h3>T\u00c9L\u00c9CHARGEZ notre e-book GRATUITEMENT et d\u00e9couvrez comment am\u00e9liorer la qualit\u00e9 de vos donn\u00e9es<\/h3><\/div><div class=\"c-text-block\"><p>Guide complet avec les retomb\u00e9es \u00e9conomiques de la validation<\/p>\n <\/div><a class=\"c-button c-button--secondary\" href=\"https:\/\/www.address4.com\/ebook-1\">T\u00e9l\u00e9charger l\u2019e-book<\/a><\/div><div class=\"col _lap-and-up-4\" ><div class=\"c-image\"><a href=\"https:\/\/www.address4.com\/ebook-1\"><img loading=\"lazy\" decoding=\"async\" width=\"205\" height=\"286\" src=\"https:\/\/www.address4.com\/wp-content\/uploads\/2018\/03\/ebook-address-validation-cost-saving-S.png\" class=\" alignone\" alt=\"ebook-address-validation-cost-saving-S\" \/><\/a><\/div><\/div>\n<\/div><\/div><\/div><\/div>[\/vc_column][\/vc_row][vc_row wrapper=\u00a0\u00bbtrue\u00a0\u00bb holder_set_margin=\u00a0\u00bbtrue\u00a0\u00bb holder_margin=\u00a0\u00bbu-margin-bottom-large\u00a0\u00bb][vc_column]<div class=\"c-heading\"><h3 class=\" u-text-center\">Pourquoi la validation d\u2019adresse e-mail est-elle si importante pour votre entreprise ?<\/h3><\/div>[\/vc_column][vc_column width=\u00a0\u00bb5\/12&Prime;]<div class=\"c-image\"><img loading=\"lazy\" decoding=\"async\" width=\"426\" height=\"282\" src=\"https:\/\/www.address4.com\/wp-content\/uploads\/2018\/03\/Email_validation-1.jpg\" class=\" aligncenter\" alt=\"Email validation\" srcset=\"https:\/\/www.address4.com\/wp-content\/uploads\/2018\/03\/Email_validation-1.jpg 426w, https:\/\/www.address4.com\/wp-content\/uploads\/2018\/03\/Email_validation-1-300x199.jpg 300w\" sizes=\"auto, (max-width: 426px) 100vw, 426px\" \/><\/div>[\/vc_column][vc_column width=\u00a0\u00bb7\/12&Prime;][vc_column_text]\n<div class=\"row-fluid-wrapper row-depth-1 row-number-16 \">\n<div class=\"row-fluid \">\n<div class=\"span6 widget-span widget-type-rich_text \" data-widget-type=\"rich_text\" data-x=\"6\" data-w=\"6\">\n<div class=\"cell-wrapper layout-widget-wrapper\">\n<div class=\"row-fluid-wrapper row-depth-1 row-number-16 \">\n<div class=\"row-fluid \">\n<div class=\"span6 widget-span widget-type-rich_text \" data-widget-type=\"rich_text\" data-x=\"6\" data-w=\"6\">\n<div class=\"cell-wrapper layout-widget-wrapper\">\n<div class=\"row-fluid-wrapper row-depth-1 row-number-15 \">\n<div class=\"row-fluid \">\n<div class=\"span6 widget-span widget-type-rich_text \" data-widget-type=\"rich_text\" data-x=\"6\" data-w=\"6\">\n<div class=\"cell-wrapper layout-widget-wrapper\">\n<p>Il ne s\u2019agit pas uniquement de fautes de frappe. Le probl\u00e8me est de savoir si l\u2019adresse e-mail existe ou non, car cela aura \u00e9videmment une incidence sur le r\u00e9sultat de vos activit\u00e9s marketing (envoi de promotions, de newsletters, de r\u00e9ponses, de citations, etc.). Address4 est la solution adapt\u00e9e aux besoins de votre entreprise. C\u2019est une suite logicielle en ligne avec des fonctionnalit\u00e9s avanc\u00e9es de validation d\u2019adresse e-mail, con\u00e7ue pour les entrepreneurs, les directeurs commerciaux, les d\u00e9veloppeurs web et les int\u00e9grateurs syst\u00e8me.<\/p>\n<\/div>\n<\/div>\n<\/div>\n<\/div>\n<div class=\"row-fluid-wrapper row-depth-1 row-number-16 \">\n<div class=\"row-fluid \">\n<div class=\"span12 widget-span widget-type-rich_text \" data-widget-type=\"rich_text\" data-x=\"0\" data-w=\"12\">\n<div class=\"cell-wrapper layout-widget-wrapper\">\n<p>Address4 permet \u00e0 l\u2019utilisateur de v\u00e9rifier des adresses e-mail et les valider. Chaque entr\u00e9e unitaire est v\u00e9rifi\u00e9e en termes de format, puis compar\u00e9e aux donn\u00e9es disponibles du logiciel pour \u00e9valuer la qualit\u00e9 des informations saisies.<\/p>\n<p>Vous pouvez \u00e9galement utiliser cette fonctionnalit\u00e9 pour enrichir les entr\u00e9es de consommateurs finaux ou d\u2019entreprises, ce qui permet ainsi d\u2019avoir, en plus des donn\u00e9es personnelles d\u00e9j\u00e0 en votre possession, l\u2019adresse e-mail qui leur est associ\u00e9e. La baisse d\u2019erreurs qui en d\u00e9coulera b\u00e9n\u00e9ficiera \u00e0 la cr\u00e9dibilit\u00e9 et \u00e0 la gestion de votre entreprise, \u00e0 votre r\u00e9putation en ligne et, dernier point non n\u00e9gligeable, elle sera tr\u00e8s appr\u00e9ci\u00e9e par les utilisateurs.<\/p>\n<\/div>\n<\/div>\n<\/div>\n<\/div>\n<\/div>\n<\/div>\n<\/div>\n<\/div>\n<\/div>\n<\/div>\n<\/div>\n<\/div>\n[\/vc_column_text][\/vc_column][\/vc_row][vc_row][vc_column]<div class=\"templatera_shortcode\"><div class=\"o-holder u-background-light u-margin-bottom-large u-padding-vertical-large\"><div class=\"grid-1\"><div class=\"col _lap-and-up-12\" ><div class=\"c-heading\"><h3 class=\" u-h2 u-text-center\">Commencez votre version d\u2019essai gratuite d\u2019Address4<\/h3><\/div><div class=\"c-button-holder c-button-holder--center\"><a class=\"c-button c-button--center u-margin-bottom c-button--secondary\" href=\"https:\/\/www.address4.com\/free-address-validation-services\">S'inscrire<\/a><\/div><div class=\"c-heading\"><h3 class=\" u-text-center\">Sans frais ni obligation pour une satisfaction optimale<\/h3><\/div><\/div>\n<\/div><\/div><\/div>[\/vc_column][\/vc_row][vc_row wrapper=\u00a0\u00bbtrue\u00a0\u00bb][vc_column width=\u00a0\u00bb1\/3&Prime;]<div class=\"c-mediabox u-margin-bottom\">\n<div class=\" o-media\">\n<div class=\"o-media__img\">\n<div class=\"ico-wrap ico-wrap--center\"><i class=\"ico ico--xl fal fa-paper-plane\"><\/i><\/div>\n<\/div>\n<div class=\"o-media__body\">\n<h4>Pourcentages d\u2019envoi<\/h4>\n<p>Des adresses e-mail valid\u00e9es garantissent des taux d\u2019envoi plus importants pour ceux qui souhaitent parvenir au destinataire du premier coup.<\/p><\/div>\n<\/div>\n<\/div>\n[\/vc_column][vc_column width=\u00a0\u00bb1\/3&Prime;]<div class=\"c-mediabox u-margin-bottom\">\n<div class=\" o-media\">\n<div class=\"o-media__img\">\n<div class=\"ico-wrap ico-wrap--center\"><i class=\"ico ico--xl fal fa-chart-line\"><\/i><\/div>\n<\/div>\n<div class=\"o-media__body\">\n<h4>Bases de donn\u00e9es<\/h4>\n<p>Compl\u00e9ter une base de donn\u00e9es avec les adresses e-mail des utilisateurs donne plus de valeur aux donn\u00e9es personnelles.<\/p><\/div>\n<\/div>\n<\/div>\n[\/vc_column][vc_column width=\u00a0\u00bb1\/3&Prime;]<div class=\"c-mediabox u-margin-bottom\">\n<div class=\" o-media\">\n<div class=\"o-media__img\">\n<div class=\"ico-wrap ico-wrap--center\"><i class=\"ico ico--xl fal fa-rocket\"><\/i><\/div>\n<\/div>\n<div class=\"o-media__body\">\n<h4>Vitesse et s\u00e9curit\u00e9<\/h4>\n<p>Des r\u00e9sultats de gestion de donn\u00e9es plus s\u00e9curis\u00e9s pour plus de rapidit\u00e9 et par cons\u00e9quent une productivit\u00e9 globale accrue.<\/p><\/div>\n<\/div>\n<\/div>\n[\/vc_column][\/vc_row]\n","protected":false},"excerpt":{"rendered":"Commencez votre version d\u2019essai gratuite d\u2019Address4S'inscrireSans frais ni obligation pour une satisfaction optimale","protected":false},"author":2,"featured_media":0,"parent":946,"menu_order":0,"comment_status":"closed","ping_status":"closed","template":"templates\/template-fullwidth.php","meta":{"footnotes":""},"class_list":["post-380","page","type-page","status-publish","hentry"],"yoast_head":"<!-- This site is optimized with the Yoast SEO plugin v26.8 - https:\/\/yoast.com\/product\/yoast-seo-wordpress\/ -->\n<title>Service de validation d\u2019adresse e-mail en ligne \u2013 Address4<\/title>\n<meta name=\"description\" content=\"Address 4 service de validation d\u2019adresse e-mail rapide, s\u00fbr et pr\u00e9cis. Profitez de la version d\u2019essai gratuite ou de la version compl\u00e8te !\" \/>\n<meta name=\"robots\" content=\"index, follow, max-snippet:-1, max-image-preview:large, max-video-preview:-1\" \/>\n<link rel=\"canonical\" href=\"https:\/\/www.address4.com\/fr\/services\/validation-adresse-email\" \/>\n<meta property=\"og:locale\" content=\"fr_FR\" \/>\n<meta property=\"og:type\" content=\"article\" \/>\n<meta property=\"og:title\" content=\"Service de validation d\u2019adresse e-mail en ligne \u2013 Address4\" \/>\n<meta property=\"og:description\" content=\"Address 4 service de validation d\u2019adresse e-mail rapide, s\u00fbr et pr\u00e9cis. Profitez de la version d\u2019essai gratuite ou de la version compl\u00e8te !\" \/>\n<meta property=\"og:url\" content=\"https:\/\/www.address4.com\/fr\/services\/validation-adresse-email\" \/>\n<meta property=\"og:site_name\" content=\"Address 4\" \/>\n<meta property=\"article:modified_time\" content=\"2021-02-25T08:06:14+00:00\" \/>\n<meta name=\"twitter:card\" content=\"summary_large_image\" \/>\n<meta name=\"twitter:label1\" content=\"Dur\u00e9e de lecture estim\u00e9e\" \/>\n\t<meta name=\"twitter:data1\" content=\"2 minutes\" \/>\n<script type=\"application\/ld+json\" class=\"yoast-schema-graph\">{\"@context\":\"https:\/\/schema.org\",\"@graph\":[{\"@type\":\"WebPage\",\"@id\":\"https:\/\/www.address4.com\/fr\/services\/validation-adresse-email\",\"url\":\"https:\/\/www.address4.com\/fr\/services\/validation-adresse-email\",\"name\":\"Service de validation d\u2019adresse e-mail en ligne \u2013 Address4\",\"isPartOf\":{\"@id\":\"https:\/\/www.address4.com\/#website\"},\"datePublished\":\"2018-03-05T10:50:05+00:00\",\"dateModified\":\"2021-02-25T08:06:14+00:00\",\"description\":\"Address 4 service de validation d\u2019adresse e-mail rapide, s\u00fbr et pr\u00e9cis. Profitez de la version d\u2019essai gratuite ou de la version compl\u00e8te !\",\"breadcrumb\":{\"@id\":\"https:\/\/www.address4.com\/fr\/services\/validation-adresse-email#breadcrumb\"},\"inLanguage\":\"fr-FR\",\"potentialAction\":[{\"@type\":\"ReadAction\",\"target\":[\"https:\/\/www.address4.com\/fr\/services\/validation-adresse-email\"]}]},{\"@type\":\"BreadcrumbList\",\"@id\":\"https:\/\/www.address4.com\/fr\/services\/validation-adresse-email#breadcrumb\",\"itemListElement\":[{\"@type\":\"ListItem\",\"position\":1,\"name\":\"Home\",\"item\":\"https:\/\/www.address4.com\/fr\"},{\"@type\":\"ListItem\",\"position\":2,\"name\":\"Services\",\"item\":\"https:\/\/www.address4.com\/fr\/services\"},{\"@type\":\"ListItem\",\"position\":3,\"name\":\"Validation d\u2019adresse e-mail\"}]},{\"@type\":\"WebSite\",\"@id\":\"https:\/\/www.address4.com\/#website\",\"url\":\"https:\/\/www.address4.com\/\",\"name\":\"Address 4\",\"description\":\"Address Verification Service For Your Business\",\"potentialAction\":[{\"@type\":\"SearchAction\",\"target\":{\"@type\":\"EntryPoint\",\"urlTemplate\":\"https:\/\/www.address4.com\/?s={search_term_string}\"},\"query-input\":{\"@type\":\"PropertyValueSpecification\",\"valueRequired\":true,\"valueName\":\"search_term_string\"}}],\"inLanguage\":\"fr-FR\"}]}<\/script>\n<!-- \/ Yoast SEO plugin. -->","yoast_head_json":{"title":"Service de validation d\u2019adresse e-mail en ligne \u2013 Address4","description":"Address 4 service de validation d\u2019adresse e-mail rapide, s\u00fbr et pr\u00e9cis. Profitez de la version d\u2019essai gratuite ou de la version compl\u00e8te !","robots":{"index":"index","follow":"follow","max-snippet":"max-snippet:-1","max-image-preview":"max-image-preview:large","max-video-preview":"max-video-preview:-1"},"canonical":"https:\/\/www.address4.com\/fr\/services\/validation-adresse-email","og_locale":"fr_FR","og_type":"article","og_title":"Service de validation d\u2019adresse e-mail en ligne \u2013 Address4","og_description":"Address 4 service de validation d\u2019adresse e-mail rapide, s\u00fbr et pr\u00e9cis. Profitez de la version d\u2019essai gratuite ou de la version compl\u00e8te !","og_url":"https:\/\/www.address4.com\/fr\/services\/validation-adresse-email","og_site_name":"Address 4","article_modified_time":"2021-02-25T08:06:14+00:00","twitter_card":"summary_large_image","twitter_misc":{"Dur\u00e9e de lecture estim\u00e9e":"2 minutes"},"schema":{"@context":"https:\/\/schema.org","@graph":[{"@type":"WebPage","@id":"https:\/\/www.address4.com\/fr\/services\/validation-adresse-email","url":"https:\/\/www.address4.com\/fr\/services\/validation-adresse-email","name":"Service de validation d\u2019adresse e-mail en ligne \u2013 Address4","isPartOf":{"@id":"https:\/\/www.address4.com\/#website"},"datePublished":"2018-03-05T10:50:05+00:00","dateModified":"2021-02-25T08:06:14+00:00","description":"Address 4 service de validation d\u2019adresse e-mail rapide, s\u00fbr et pr\u00e9cis. Profitez de la version d\u2019essai gratuite ou de la version compl\u00e8te !","breadcrumb":{"@id":"https:\/\/www.address4.com\/fr\/services\/validation-adresse-email#breadcrumb"},"inLanguage":"fr-FR","potentialAction":[{"@type":"ReadAction","target":["https:\/\/www.address4.com\/fr\/services\/validation-adresse-email"]}]},{"@type":"BreadcrumbList","@id":"https:\/\/www.address4.com\/fr\/services\/validation-adresse-email#breadcrumb","itemListElement":[{"@type":"ListItem","position":1,"name":"Home","item":"https:\/\/www.address4.com\/fr"},{"@type":"ListItem","position":2,"name":"Services","item":"https:\/\/www.address4.com\/fr\/services"},{"@type":"ListItem","position":3,"name":"Validation d\u2019adresse e-mail"}]},{"@type":"WebSite","@id":"https:\/\/www.address4.com\/#website","url":"https:\/\/www.address4.com\/","name":"Address 4","description":"Address Verification Service For Your Business","potentialAction":[{"@type":"SearchAction","target":{"@type":"EntryPoint","urlTemplate":"https:\/\/www.address4.com\/?s={search_term_string}"},"query-input":{"@type":"PropertyValueSpecification","valueRequired":true,"valueName":"search_term_string"}}],"inLanguage":"fr-FR"}]}},"_links":{"self":[{"href":"https:\/\/www.address4.com\/fr\/wp-json\/wp\/v2\/pages\/380","targetHints":{"allow":["GET"]}}],"collection":[{"href":"https:\/\/www.address4.com\/fr\/wp-json\/wp\/v2\/pages"}],"about":[{"href":"https:\/\/www.address4.com\/fr\/wp-json\/wp\/v2\/types\/page"}],"author":[{"embeddable":true,"href":"https:\/\/www.address4.com\/fr\/wp-json\/wp\/v2\/users\/2"}],"replies":[{"embeddable":true,"href":"https:\/\/www.address4.com\/fr\/wp-json\/wp\/v2\/comments?post=380"}],"version-history":[{"count":5,"href":"https:\/\/www.address4.com\/fr\/wp-json\/wp\/v2\/pages\/380\/revisions"}],"predecessor-version":[{"id":3163,"href":"https:\/\/www.address4.com\/fr\/wp-json\/wp\/v2\/pages\/380\/revisions\/3163"}],"up":[{"embeddable":true,"href":"https:\/\/www.address4.com\/fr\/wp-json\/wp\/v2\/pages\/946"}],"wp:attachment":[{"href":"https:\/\/www.address4.com\/fr\/wp-json\/wp\/v2\/media?parent=380"}],"curies":[{"name":"wp","href":"https:\/\/api.w.org\/{rel}","templated":true}]}}