{"id":369,"date":"2018-03-05T10:04:44","date_gmt":"2018-03-05T10:04:44","guid":{"rendered":"http:\/\/www.address4.com\/?page_id=369"},"modified":"2021-02-25T09:04:20","modified_gmt":"2021-02-25T08:04:20","slug":"validation-de-nom-donnees-personnelles","status":"publish","type":"page","link":"https:\/\/www.address4.com\/fr\/services\/validation-de-nom-donnees-personnelles","title":{"rendered":"Validation de nom"},"content":{"rendered":"[vc_row wrapper=\u00a0\u00bbtrue\u00a0\u00bb holder_set_margin=\u00a0\u00bbtrue\u00a0\u00bb holder_margin=\u00a0\u00bbu-margin-bottom\u00a0\u00bb][vc_column]<div class=\"c-heading\"><h1 class=\" u-h1 u-text-center\">Validation de nom et de donn\u00e9es personnelles<\/h1><\/div><div class=\"c-heading\"><h3 class=\" u-h3 u-text-normal u-text-center\">Traitement et validation de donn\u00e9es personnelles et de coordonn\u00e9es<\/h3><\/div>[\/vc_column][\/vc_row][vc_row wrapper=\u00a0\u00bbtrue\u00a0\u00bb holder_set_margin=\u00a0\u00bbtrue\u00a0\u00bb holder_margin=\u00a0\u00bbu-margin-bottom\u00a0\u00bb][vc_column width=\u00a0\u00bb5\/12&Prime;]<div class=\"c-image\"><img loading=\"lazy\" decoding=\"async\" width=\"500\" height=\"355\" src=\"https:\/\/www.address4.com\/wp-content\/uploads\/2018\/03\/contact_data_name_validation.jpg\" class=\" u-margin-bottom aligncenter\" alt=\"name and contact data validation\" srcset=\"https:\/\/www.address4.com\/wp-content\/uploads\/2018\/03\/contact_data_name_validation.jpg 500w, https:\/\/www.address4.com\/wp-content\/uploads\/2018\/03\/contact_data_name_validation-300x213.jpg 300w\" sizes=\"auto, (max-width: 500px) 100vw, 500px\" \/><\/div>[\/vc_column][vc_column width=\u00a0\u00bb7\/12&Prime;]<div class=\"c-heading\"><h3>Un syst\u00e8me pour valider les noms en quelques secondes seulement<\/h3><\/div>[vc_column_text]Vous pouvez essayer notre\u00a0<strong>service de validation de nom en temps r\u00e9el<\/strong>d\u00e8s maintenant et sans obligation. Administrer des bases de donn\u00e9es, g\u00e9rer des entr\u00e9es, collecter des donn\u00e9es utilisateur, \u00e9tablir des profils consommateur\u2026 Ces op\u00e9rations demandent l\u2019utilisation d\u2019un logiciel permettant de v\u00e9rifier et de valider les noms saisis.<\/p>\n<p>Profitez de la version d\u2019essai gratuite du service de validation de nom pour d\u00e9couvrir le potentiel de notre logiciel. Pour cela il vous suffit\u00a0<strong>de renseigner les donn\u00e9es requises dans les champs<\/strong>.[\/vc_column_text]<a class=\"c-button u-margin-right u-margin-bottom c-button--primary  c-button--ghost\" href=\"https:\/\/www.address4.com\/free-address-validation-services\">S'inscrire<\/a><a class=\"c-button u-margin-bottom c-button--primary  c-button--ghost\" href=\"https:\/\/www.address4.com\/services\/address-validation\/batch-address-validation\">Charger un fichier<\/a>[\/vc_column][\/vc_row][vc_row][vc_column]<div class=\"templatera_shortcode\"><div class=\"o-holder u-background-light u-margin-bottom-large u-padding-vertical-large\"><div class=\" o-wrapper\"><div class=\"grid-1\"><div class=\"col _lap-and-up-8\" ><div class=\"c-heading\"><h3>Ne manquez pas \u00ab \u00c9conomies et validation d\u2019adresse \u00bb<\/h3><\/div><div class=\"c-heading\"><h3>T\u00c9L\u00c9CHARGEZ notre e-book GRATUITEMENT et d\u00e9couvrez comment am\u00e9liorer la qualit\u00e9 de vos donn\u00e9es<\/h3><\/div><div class=\"c-text-block\"><p>Guide complet avec les retomb\u00e9es \u00e9conomiques de la validation<\/p>\n <\/div><a class=\"c-button c-button--secondary\" href=\"https:\/\/www.address4.com\/ebook-1\">T\u00e9l\u00e9charger l\u2019e-book<\/a><\/div><div class=\"col _lap-and-up-4\" ><div class=\"c-image\"><a href=\"https:\/\/www.address4.com\/ebook-1\"><img loading=\"lazy\" decoding=\"async\" width=\"205\" height=\"286\" src=\"https:\/\/www.address4.com\/wp-content\/uploads\/2018\/03\/ebook-address-validation-cost-saving-S.png\" class=\" alignone\" alt=\"ebook-address-validation-cost-saving-S\" \/><\/a><\/div><\/div>\n<\/div><\/div><\/div><\/div>[\/vc_column][\/vc_row][vc_row wrapper=\u00a0\u00bbtrue\u00a0\u00bb holder_set_margin=\u00a0\u00bbtrue\u00a0\u00bb holder_margin=\u00a0\u00bbu-margin-bottom-large\u00a0\u00bb][vc_column width=\u00a0\u00bb5\/12&Prime;]<div class=\"c-image\"><img loading=\"lazy\" decoding=\"async\" width=\"416\" height=\"289\" src=\"https:\/\/www.address4.com\/wp-content\/uploads\/2018\/03\/Name_validation.jpg\" class=\" aligncenter\" alt=\"Name validation\" srcset=\"https:\/\/www.address4.com\/wp-content\/uploads\/2018\/03\/Name_validation.jpg 416w, https:\/\/www.address4.com\/wp-content\/uploads\/2018\/03\/Name_validation-300x208.jpg 300w\" sizes=\"auto, (max-width: 416px) 100vw, 416px\" \/><\/div>[\/vc_column][vc_column width=\u00a0\u00bb7\/12&Prime;]<div class=\"c-heading\"><h3>La bonne cible pour la bonne entreprise<\/h3><\/div>[vc_column_text]\n<div class=\"row-fluid-wrapper row-depth-1 row-number-16 \">\n<div class=\"row-fluid \">\n<div class=\"span6 widget-span widget-type-rich_text \" data-widget-type=\"rich_text\" data-x=\"6\" data-w=\"6\">\n<div class=\"cell-wrapper layout-widget-wrapper\">\n<div class=\"row-fluid-wrapper row-depth-1 row-number-15 \">\n<div class=\"row-fluid \">\n<div class=\"span6 widget-span widget-type-rich_text \" data-widget-type=\"rich_text\" data-x=\"6\" data-w=\"6\">\n<div class=\"cell-wrapper layout-widget-wrapper\">\n<p>En utilisant Address4 vous confiez les op\u00e9rations n\u00e9cessaires pour analyser, am\u00e9liorer et normaliser jusqu\u2019\u00e0 des centaines de milliers de donn\u00e9es personnelles \u00e0 un outil automatis\u00e9, \u00e9vitant ainsi les erreurs et les co\u00fbts superflus engendr\u00e9s par la mauvaise qualit\u00e9 de vos bases de donn\u00e9es. Les retomb\u00e9es \u00e9conomiques s\u2019accompagnent du meilleur profilage client\u00e8le possible et par cons\u00e9quent de la bonne d\u00e9finition du public cible pour des e-mails marketing, des newsletters et de la publicit\u00e9, etc.<\/p>\n<\/div>\n<\/div>\n<\/div>\n<\/div>\n<div class=\"row-fluid-wrapper row-depth-1 row-number-16 \">\n<div class=\"row-fluid \">\n<div class=\"span12 widget-span widget-type-rich_text \" data-widget-type=\"rich_text\" data-x=\"0\" data-w=\"12\">\n<div class=\"cell-wrapper layout-widget-wrapper\">\n<p>Une fois le nom \u00e0 valider saisi, Address4 proc\u00e8de \u00e0 la v\u00e9rification des donn\u00e9es, et le cas \u00e9ch\u00e9ant, \u00e0 l\u2019ajout d\u2019informations personnelles suppl\u00e9mentaires. Les normes \u00e9lev\u00e9es de validation de nom contribuent \u00e0 garantir des bases de donn\u00e9es et des entr\u00e9es de qualit\u00e9. Ainsi vous aurez une fiche descriptive personnelle avec l\u2019ensemble des entr\u00e9es concernant chaque individu : leur nom, leur date de naissance, leur titre, leur num\u00e9ro de t\u00e9l\u00e9phone, leur adresse e-mail, leurs codes personnels, etc. La pr\u00e9cision constitue la base d\u2019une entreprise comp\u00e9titive et elle repr\u00e9sente \u00e9galement un facteur important pour une plus grande satisfaction de la part des utilisateurs.<\/p>\n<\/div>\n<\/div>\n<\/div>\n<\/div>\n<\/div>\n<\/div>\n<\/div>\n<\/div>\n[\/vc_column_text][\/vc_column][\/vc_row][vc_row][vc_column]<div class=\"templatera_shortcode\"><div class=\"o-holder u-background-light u-margin-bottom-large u-padding-vertical-large\"><div class=\"grid-1\"><div class=\"col _lap-and-up-12\" ><div class=\"c-heading\"><h3 class=\" u-h2 u-text-center\">Commencez votre version d\u2019essai gratuite d\u2019Address4<\/h3><\/div><div class=\"c-button-holder c-button-holder--center\"><a class=\"c-button c-button--center u-margin-bottom c-button--secondary\" href=\"https:\/\/www.address4.com\/free-address-validation-services\">S'inscrire<\/a><\/div><div class=\"c-heading\"><h3 class=\" u-text-center\">Sans frais ni obligation pour une satisfaction optimale<\/h3><\/div><\/div>\n<\/div><\/div><\/div>[\/vc_column][\/vc_row][vc_row wrapper=\u00a0\u00bbtrue\u00a0\u00bb][vc_column width=\u00a0\u00bb1\/3&Prime;]<div class=\"c-mediabox u-margin-bottom\">\n<div class=\" o-media\">\n<div class=\"o-media__img\">\n<div class=\"ico-wrap ico-wrap--center\"><i class=\"ico ico--xl fal fa-desktop-alt\"><\/i><\/div>\n<\/div>\n<div class=\"o-media__body\">\n<h4>Validation en ligne<\/h4>\n<p>Address4 vous permet de valider des entr\u00e9es unitaires ou des bases de donn\u00e9es enti\u00e8res en ligne, 24h\/24 et partout dans le monde.<\/p><\/div>\n<\/div>\n<\/div>\n[\/vc_column][vc_column width=\u00a0\u00bb1\/3&Prime;]<div class=\"c-mediabox u-margin-bottom\">\n<div class=\" o-media\">\n<div class=\"o-media__img\">\n<div class=\"ico-wrap ico-wrap--center\"><i class=\"ico ico--xl fal fa-repeat-1-alt\"><\/i><\/div>\n<\/div>\n<div class=\"o-media__body\">\n<h4>Automatisation informatique<\/h4>\n<p>Plus de v\u00e9rifications manuelles impr\u00e9cises. Avec Address4, chaque op\u00e9ration est effectu\u00e9e ind\u00e9pendamment par le logiciel et sans erreur.<\/p><\/div>\n<\/div>\n<\/div>\n[\/vc_column][vc_column width=\u00a0\u00bb1\/3&Prime;]<div class=\"c-mediabox u-margin-bottom\">\n<div class=\" o-media\">\n<div class=\"o-media__img\">\n<div class=\"ico-wrap ico-wrap--center\"><i class=\"ico ico--xl fal fa-thumbs-up\"><\/i><\/div>\n<\/div>\n<div class=\"o-media__body\">\n<h4>Qualit\u00e9 des donn\u00e9es<\/h4>\n<p>La mise \u00e0 jour constante des bases de donn\u00e9es d\u2019Address4 garantit des donn\u00e9es exactes et pr\u00eates \u00e0 \u00eatre utilis\u00e9es, sans v\u00e9rification suppl\u00e9mentaire.<\/p><\/div>\n<\/div>\n<\/div>\n[\/vc_column][\/vc_row]\n","protected":false},"excerpt":{"rendered":"Commencez votre version d\u2019essai gratuite d\u2019Address4S'inscrireSans frais ni obligation pour une satisfaction optimale","protected":false},"author":2,"featured_media":0,"parent":946,"menu_order":0,"comment_status":"closed","ping_status":"closed","template":"templates\/template-fullwidth.php","meta":{"footnotes":""},"class_list":["post-369","page","type-page","status-publish","hentry"],"yoast_head":"<!-- This site is optimized with the Yoast SEO plugin v26.8 - https:\/\/yoast.com\/product\/yoast-seo-wordpress\/ -->\n<title>Validation de nom et traitement des donn\u00e9es personnelles \u2013 Address4<\/title>\n<meta name=\"description\" content=\"Address 4 un service de validation de nom et de traitement d\u2019entr\u00e9es en ligne. Profitez de la version d\u2019essai gratuite, sans obligation !\" \/>\n<meta name=\"robots\" content=\"index, follow, max-snippet:-1, max-image-preview:large, max-video-preview:-1\" \/>\n<link rel=\"canonical\" href=\"https:\/\/www.address4.com\/fr\/services\/validation-de-nom-donnees-personnelles\" \/>\n<meta property=\"og:locale\" content=\"fr_FR\" \/>\n<meta property=\"og:type\" content=\"article\" \/>\n<meta property=\"og:title\" content=\"Validation de nom et traitement des donn\u00e9es personnelles \u2013 Address4\" \/>\n<meta property=\"og:description\" content=\"Address 4 un service de validation de nom et de traitement d\u2019entr\u00e9es en ligne. Profitez de la version d\u2019essai gratuite, sans obligation !\" \/>\n<meta property=\"og:url\" content=\"https:\/\/www.address4.com\/fr\/services\/validation-de-nom-donnees-personnelles\" \/>\n<meta property=\"og:site_name\" content=\"Address 4\" \/>\n<meta property=\"article:modified_time\" content=\"2021-02-25T08:04:20+00:00\" \/>\n<meta name=\"twitter:card\" content=\"summary_large_image\" \/>\n<meta name=\"twitter:label1\" content=\"Dur\u00e9e de lecture estim\u00e9e\" \/>\n\t<meta name=\"twitter:data1\" content=\"2 minutes\" \/>\n<script type=\"application\/ld+json\" class=\"yoast-schema-graph\">{\"@context\":\"https:\/\/schema.org\",\"@graph\":[{\"@type\":\"WebPage\",\"@id\":\"https:\/\/www.address4.com\/fr\/services\/validation-de-nom-donnees-personnelles\",\"url\":\"https:\/\/www.address4.com\/fr\/services\/validation-de-nom-donnees-personnelles\",\"name\":\"Validation de nom et traitement des donn\u00e9es personnelles \u2013 Address4\",\"isPartOf\":{\"@id\":\"https:\/\/www.address4.com\/#website\"},\"datePublished\":\"2018-03-05T10:04:44+00:00\",\"dateModified\":\"2021-02-25T08:04:20+00:00\",\"description\":\"Address 4 un service de validation de nom et de traitement d\u2019entr\u00e9es en ligne. Profitez de la version d\u2019essai gratuite, sans obligation !\",\"breadcrumb\":{\"@id\":\"https:\/\/www.address4.com\/fr\/services\/validation-de-nom-donnees-personnelles#breadcrumb\"},\"inLanguage\":\"fr-FR\",\"potentialAction\":[{\"@type\":\"ReadAction\",\"target\":[\"https:\/\/www.address4.com\/fr\/services\/validation-de-nom-donnees-personnelles\"]}]},{\"@type\":\"BreadcrumbList\",\"@id\":\"https:\/\/www.address4.com\/fr\/services\/validation-de-nom-donnees-personnelles#breadcrumb\",\"itemListElement\":[{\"@type\":\"ListItem\",\"position\":1,\"name\":\"Home\",\"item\":\"https:\/\/www.address4.com\/fr\"},{\"@type\":\"ListItem\",\"position\":2,\"name\":\"Services\",\"item\":\"https:\/\/www.address4.com\/fr\/services\"},{\"@type\":\"ListItem\",\"position\":3,\"name\":\"Validation de nom\"}]},{\"@type\":\"WebSite\",\"@id\":\"https:\/\/www.address4.com\/#website\",\"url\":\"https:\/\/www.address4.com\/\",\"name\":\"Address 4\",\"description\":\"Address Verification Service For Your Business\",\"potentialAction\":[{\"@type\":\"SearchAction\",\"target\":{\"@type\":\"EntryPoint\",\"urlTemplate\":\"https:\/\/www.address4.com\/?s={search_term_string}\"},\"query-input\":{\"@type\":\"PropertyValueSpecification\",\"valueRequired\":true,\"valueName\":\"search_term_string\"}}],\"inLanguage\":\"fr-FR\"}]}<\/script>\n<!-- \/ Yoast SEO plugin. -->","yoast_head_json":{"title":"Validation de nom et traitement des donn\u00e9es personnelles \u2013 Address4","description":"Address 4 un service de validation de nom et de traitement d\u2019entr\u00e9es en ligne. Profitez de la version d\u2019essai gratuite, sans obligation !","robots":{"index":"index","follow":"follow","max-snippet":"max-snippet:-1","max-image-preview":"max-image-preview:large","max-video-preview":"max-video-preview:-1"},"canonical":"https:\/\/www.address4.com\/fr\/services\/validation-de-nom-donnees-personnelles","og_locale":"fr_FR","og_type":"article","og_title":"Validation de nom et traitement des donn\u00e9es personnelles \u2013 Address4","og_description":"Address 4 un service de validation de nom et de traitement d\u2019entr\u00e9es en ligne. Profitez de la version d\u2019essai gratuite, sans obligation !","og_url":"https:\/\/www.address4.com\/fr\/services\/validation-de-nom-donnees-personnelles","og_site_name":"Address 4","article_modified_time":"2021-02-25T08:04:20+00:00","twitter_card":"summary_large_image","twitter_misc":{"Dur\u00e9e de lecture estim\u00e9e":"2 minutes"},"schema":{"@context":"https:\/\/schema.org","@graph":[{"@type":"WebPage","@id":"https:\/\/www.address4.com\/fr\/services\/validation-de-nom-donnees-personnelles","url":"https:\/\/www.address4.com\/fr\/services\/validation-de-nom-donnees-personnelles","name":"Validation de nom et traitement des donn\u00e9es personnelles \u2013 Address4","isPartOf":{"@id":"https:\/\/www.address4.com\/#website"},"datePublished":"2018-03-05T10:04:44+00:00","dateModified":"2021-02-25T08:04:20+00:00","description":"Address 4 un service de validation de nom et de traitement d\u2019entr\u00e9es en ligne. Profitez de la version d\u2019essai gratuite, sans obligation !","breadcrumb":{"@id":"https:\/\/www.address4.com\/fr\/services\/validation-de-nom-donnees-personnelles#breadcrumb"},"inLanguage":"fr-FR","potentialAction":[{"@type":"ReadAction","target":["https:\/\/www.address4.com\/fr\/services\/validation-de-nom-donnees-personnelles"]}]},{"@type":"BreadcrumbList","@id":"https:\/\/www.address4.com\/fr\/services\/validation-de-nom-donnees-personnelles#breadcrumb","itemListElement":[{"@type":"ListItem","position":1,"name":"Home","item":"https:\/\/www.address4.com\/fr"},{"@type":"ListItem","position":2,"name":"Services","item":"https:\/\/www.address4.com\/fr\/services"},{"@type":"ListItem","position":3,"name":"Validation de nom"}]},{"@type":"WebSite","@id":"https:\/\/www.address4.com\/#website","url":"https:\/\/www.address4.com\/","name":"Address 4","description":"Address Verification Service For Your Business","potentialAction":[{"@type":"SearchAction","target":{"@type":"EntryPoint","urlTemplate":"https:\/\/www.address4.com\/?s={search_term_string}"},"query-input":{"@type":"PropertyValueSpecification","valueRequired":true,"valueName":"search_term_string"}}],"inLanguage":"fr-FR"}]}},"_links":{"self":[{"href":"https:\/\/www.address4.com\/fr\/wp-json\/wp\/v2\/pages\/369","targetHints":{"allow":["GET"]}}],"collection":[{"href":"https:\/\/www.address4.com\/fr\/wp-json\/wp\/v2\/pages"}],"about":[{"href":"https:\/\/www.address4.com\/fr\/wp-json\/wp\/v2\/types\/page"}],"author":[{"embeddable":true,"href":"https:\/\/www.address4.com\/fr\/wp-json\/wp\/v2\/users\/2"}],"replies":[{"embeddable":true,"href":"https:\/\/www.address4.com\/fr\/wp-json\/wp\/v2\/comments?post=369"}],"version-history":[{"count":7,"href":"https:\/\/www.address4.com\/fr\/wp-json\/wp\/v2\/pages\/369\/revisions"}],"predecessor-version":[{"id":3157,"href":"https:\/\/www.address4.com\/fr\/wp-json\/wp\/v2\/pages\/369\/revisions\/3157"}],"up":[{"embeddable":true,"href":"https:\/\/www.address4.com\/fr\/wp-json\/wp\/v2\/pages\/946"}],"wp:attachment":[{"href":"https:\/\/www.address4.com\/fr\/wp-json\/wp\/v2\/media?parent=369"}],"curies":[{"name":"wp","href":"https:\/\/api.w.org\/{rel}","templated":true}]}}