{"id":3051,"date":"2021-08-02T07:58:14","date_gmt":"2021-08-02T06:58:14","guid":{"rendered":"https:\/\/www.address4.com\/?page_id=3051"},"modified":"2021-09-10T17:44:17","modified_gmt":"2021-09-10T16:44:17","slug":"google-maps-batch-massive","status":"publish","type":"page","link":"https:\/\/www.address4.com\/fr\/services\/geocodage-adresse\/google-maps-batch-massive","title":{"rendered":"Google Maps Batch"},"content":{"rendered":"[vc_row wrapper=\u00a0\u00bbtrue\u00a0\u00bb holder_set_margin=\u00a0\u00bbtrue\u00a0\u00bb holder_margin=\u00a0\u00bbu-margin-bottom\u00a0\u00bb][vc_column]<div class=\"c-heading\"><h3 class=\" u-h1 u-text-center\">Google Maps Batch<\/h3><\/div><div class=\"c-heading\"><h3 class=\" u-h1 u-text-center\">Utilisez Google pour la g\u00e9olocalisation massive des adresses<\/h3><\/div><div class=\"c-heading\"><h3 class=\" u-h3 u-text-normal u-text-center\">La meilleure fa\u00e7on d'obtenir les coordonn\u00e9es g\u00e9ographiques d'une pluralit\u00e9 d'adresses \u00e0 partir des donn\u00e9es sur Google Maps.<\/h3><\/div>[\/vc_column][\/vc_row][vc_row wrapper=\u00a0\u00bbtrue\u00a0\u00bb holder_set_margin=\u00a0\u00bbtrue\u00a0\u00bb holder_margin=\u00a0\u00bbu-margin-bottom\u00a0\u00bb][vc_column width=\u00a0\u00bb5\/12&Prime;]<div class=\"c-image\"><a href=\"https:\/\/www.address4.com\/free-address-validation-services\"><img loading=\"lazy\" decoding=\"async\" width=\"424\" height=\"283\" src=\"https:\/\/www.address4.com\/wp-content\/uploads\/2021\/01\/Geolocalisation-massive-des-adresses.jpg\" class=\" u-margin-bottom aligncenter\" alt=\"Geolocalisation massive des adresses\" srcset=\"https:\/\/www.address4.com\/wp-content\/uploads\/2021\/01\/Geolocalisation-massive-des-adresses.jpg 424w, https:\/\/www.address4.com\/wp-content\/uploads\/2021\/01\/Geolocalisation-massive-des-adresses-300x200.jpg 300w\" sizes=\"auto, (max-width: 424px) 100vw, 424px\" \/><\/a><\/div>[\/vc_column][vc_column width=\u00a0\u00bb7\/12&Prime;]<div class=\"c-heading\"><h3>G\u00e9ocodage massif des adresses Web<\/h3><\/div>[vc_column_text]<span lang=\"fr-FR\">En utilisant Google Maps avec API, vous pouvez obtenir la g\u00e9olocalisation d\u2019une seule adresse \u00e0 la fois. Toutefois, si votre projet demande le g\u00e9ocodage de centaines ou de milliers d\u2019adresses en batch, \u00e0 savoir massif, alors vous avez besoin d\u2019un outil adapt\u00e9 en mesure de fournir rapidement une liste de coordonn\u00e9es g\u00e9ographiques (latitude et longitude) de centaines de milliers d\u2019adresses nationales ou internationales.<br \/>\n<\/span><span lang=\"fr-FR\">Souhaitez-vous savoir comment tout cela fonctionne sans engagement et sans frais ? <\/span><span lang=\"fr-FR\">Essayez la <a href=\"https:\/\/www.address4.com\/fr\/free-trial\"><strong>d\u00e9mo gratuite d\u2019Address4<\/strong><\/a> d\u00e9di\u00e9e au <\/span><span lang=\"fr-FR\">g\u00e9ocodage Google Maps en vrac <\/span><span lang=\"fr-FR\">:\u00a0<\/span>[\/vc_column_text]<a class=\"c-button u-margin-right u-margin-bottom c-button--secondary\" href=\"https:\/\/www.address4.com\/free-address-validation-services\">Faire un Essai Gratuit<\/a>[\/vc_column][\/vc_row][vc_row][vc_column]<div class=\"templatera_shortcode\"><div class=\"o-holder u-background-light u-margin-bottom-large u-padding-vertical-large\"><div class=\" o-wrapper\"><div class=\"grid-1\"><div class=\"col _lap-and-up-8\" ><div class=\"c-heading\"><h3>Ne manquez pas \u00ab \u00c9conomies et validation d\u2019adresse \u00bb<\/h3><\/div><div class=\"c-heading\"><h3>T\u00c9L\u00c9CHARGEZ notre e-book GRATUITEMENT et d\u00e9couvrez comment am\u00e9liorer la qualit\u00e9 de vos donn\u00e9es<\/h3><\/div><div class=\"c-text-block\"><p>Guide complet avec les retomb\u00e9es \u00e9conomiques de la validation<\/p>\n <\/div><a class=\"c-button c-button--secondary\" href=\"https:\/\/www.address4.com\/ebook-1\">T\u00e9l\u00e9charger l\u2019e-book<\/a><\/div><div class=\"col _lap-and-up-4\" ><div class=\"c-image\"><a href=\"https:\/\/www.address4.com\/ebook-1\"><img loading=\"lazy\" decoding=\"async\" width=\"205\" height=\"286\" src=\"https:\/\/www.address4.com\/wp-content\/uploads\/2018\/03\/ebook-address-validation-cost-saving-S.png\" class=\" alignone\" alt=\"ebook-address-validation-cost-saving-S\" \/><\/a><\/div><\/div>\n<\/div><\/div><\/div><\/div>[\/vc_column][\/vc_row][vc_row wrapper=\u00a0\u00bbtrue\u00a0\u00bb holder_set_margin=\u00a0\u00bbtrue\u00a0\u00bb holder_margin=\u00a0\u00bbu-margin-bottom\u00a0\u00bb][vc_column]<div class=\"c-heading\"><h3 class=\" u-margin-bottom-large u-text-center\">Un seul clic et vous pouvez lancer tout de suite Google Maps en vrac<\/h3><\/div>[\/vc_column][vc_column width=\u00a0\u00bb1\/2&Prime;]<div class=\"c-image\"><img loading=\"lazy\" decoding=\"async\" width=\"800\" height=\"600\" src=\"https:\/\/www.address4.com\/wp-content\/uploads\/2021\/01\/geocodage-google-map-en-vrac.jpg\" class=\" u-margin-bottom aligncenter\" alt=\"g\u00e9ocodage google map en vrac\" srcset=\"https:\/\/www.address4.com\/wp-content\/uploads\/2021\/01\/geocodage-google-map-en-vrac.jpg 800w, https:\/\/www.address4.com\/wp-content\/uploads\/2021\/01\/geocodage-google-map-en-vrac-300x225.jpg 300w, https:\/\/www.address4.com\/wp-content\/uploads\/2021\/01\/geocodage-google-map-en-vrac-768x576.jpg 768w\" sizes=\"auto, (max-width: 800px) 100vw, 800px\" \/><\/div>[\/vc_column][vc_column width=\u00a0\u00bb1\/2&Prime;][vc_column_text]<span lang=\"fr-FR\">Obtenir les coordonn\u00e9es g\u00e9ographiques d\u2019une ou de plusieurs adresses est une op\u00e9ration utile dans plusieurs secteurs d\u2019activit\u00e9s, de la livraison \u00e0 domicile des produits ou du mat\u00e9riel d\u2019information au profilage des clients potentiels gr\u00e2ce au marketing. Mais comment <\/span><span lang=\"fr-FR\">g\u00e9olocaliser en batch <\/span><span lang=\"fr-FR\">une base de donn\u00e9es d\u2019adresses compl\u00e8te sans avoir de pertes de qualit\u00e9 ?<\/span><\/p>\n<p><span lang=\"fr-FR\">Address 4 r\u00e9pond \u00e0 cette demande avec le service de g\u00e9ocodage Google Maps en Batch : gr\u00e2ce \u00e0 notre plateforme, les entrepreneurs, les system integrators, les web masters et les professionnels de tous les domaines peuvent utiliser les informations g\u00e9r\u00e9es par Google Maps sans les contraintes de la g\u00e9olocalisation via API pour chaque adresse.<\/span><\/p>\n<p><span lang=\"fr-FR\">Il suffit de s\u2019enregistrer \u00e0 Address4, de t\u00e9l\u00e9charger le fichier, la liste ou la base de donn\u00e9es des adresses \u00e0 g\u00e9ocoder et enfin de lancer le processus. Quelques \u00e9tapes et quelques minutes pour obtenir le <\/span><span lang=\"fr-FR\">g\u00e9ocodage Google batch<\/span><span lang=\"fr-FR\"> de milliers d\u2019adresses, sans erreurs, dans plus de 250 pays et sans devoir t\u00e9l\u00e9charger aucun programme. Address 4 fonctionne en ligne 24 heures sur 24 depuis n\u2019importe quel dispositif connect\u00e9 au Web, y compris les tablettes et les smartphones. Un syst\u00e8me \u00e0 l\u2019avant-garde, pour des r\u00e9sultats toujours \u00e0 la hauteur des attentes.<\/span>[\/vc_column_text][\/vc_column][\/vc_row][vc_row][vc_column]<div class=\"templatera_shortcode\"><div class=\"o-holder u-background-light u-margin-bottom-large u-padding-vertical-large\"><div class=\"grid-1\"><div class=\"col _lap-and-up-12\" ><div class=\"c-heading\"><h3 class=\" u-h2 u-text-center\">Commencez votre version d\u2019essai gratuite d\u2019Address4<\/h3><\/div><div class=\"c-button-holder c-button-holder--center\"><a class=\"c-button c-button--center u-margin-bottom c-button--secondary\" href=\"https:\/\/www.address4.com\/free-address-validation-services\">S'inscrire<\/a><\/div><div class=\"c-heading\"><h3 class=\" u-text-center\">Sans frais ni obligation pour une satisfaction optimale<\/h3><\/div><\/div>\n<\/div><\/div><\/div>[\/vc_column][\/vc_row][vc_row wrapper=\u00a0\u00bbtrue\u00a0\u00bb holder_set_margin=\u00a0\u00bbtrue\u00a0\u00bb holder_margin=\u00a0\u00bbu-margin-bottom-large\u00a0\u00bb][vc_column width=\u00a0\u00bb1\/3&Prime;]<div class=\"c-mediabox u-margin-bottom\">\n<div class=\" o-media\">\n<div class=\"o-media__img\">\n<div class=\"ico-wrap ico-wrap--center\"><i class=\"ico ico--xl fal fa-sitemap\"><\/i><\/div>\n<\/div>\n<div class=\"o-media__body\"><strong>G\u00e9olocalisation multiple<br \/>\n<\/strong><\/p>\n<p><span lang=\"fr-FR\">Address 4 vous permet de g\u00e9olocaliser jusqu\u2019\u00e0 des centaines de milliers d\u2019adresses avec Google Maps, sans limites et dans des d\u00e9lais tr\u00e8s courts.<\/span><\/p>\n<p>&nbsp;<\/p>\n<\/div>\n<\/div>\n<\/div>\n[\/vc_column][vc_column width=\u00a0\u00bb1\/3&Prime;]<div class=\"c-mediabox u-margin-bottom\">\n<div class=\" o-media\">\n<div class=\"o-media__img\">\n<div class=\"ico-wrap ico-wrap--center\"><i class=\"ico ico--xl fal fa-map\"><\/i><\/div>\n<\/div>\n<div class=\"o-media__body\"><strong>Couverture mondiale<\/strong><\/p>\n<p><span lang=\"fr-FR\">Plus de 250 pays couverts par notre service sur tous les continents: u<\/span><span lang=\"fr-FR\">ne mine d\u2019informations mises \u00e0 jour constamment.<\/span><\/p>\n<p>&nbsp;<\/p>\n<\/div>\n<\/div>\n<\/div>\n[\/vc_column][vc_column width=\u00a0\u00bb1\/3&Prime;]<div class=\"c-mediabox u-margin-bottom\">\n<div class=\" o-media\">\n<div class=\"o-media__img\">\n<div class=\"ico-wrap ico-wrap--center\"><i class=\"ico ico--xl fal fa-laptop\"><\/i><\/div>\n<\/div>\n<div class=\"o-media__body\"><strong>Fonctionnement en ligne<\/strong><\/p>\n<p>Address 4 fonctionne en ligne sans devoir t\u00e9l\u00e9charger aucun programme. Utilisez-le depuis n\u2019importe quel dispositif au travail, \u00e0 la maison, o\u00f9 vous voulez.<\/p>\n<p>&nbsp;<\/p>\n<p>&nbsp;<\/p>\n<\/div>\n<\/div>\n<\/div>\n[\/vc_column][\/vc_row][vc_row][vc_column][\/vc_column][\/vc_row]\n","protected":false},"excerpt":{"rendered":"The Latest From Our Blog","protected":false},"author":1,"featured_media":0,"parent":406,"menu_order":0,"comment_status":"closed","ping_status":"closed","template":"templates\/template-fullwidth.php","meta":{"footnotes":""},"class_list":["post-3051","page","type-page","status-publish","hentry"],"yoast_head":"<!-- This site is optimized with the Yoast SEO plugin v26.8 - https:\/\/yoast.com\/product\/yoast-seo-wordpress\/ -->\n<title>Google Maps Batch en vrac : service de g\u00e9olocalisation massive d\u2019Address4<\/title>\n<meta name=\"description\" content=\"D\u00e9couvrez le service de g\u00e9olocalisation massive des adresses : avec notre syst\u00e8me, vous pouvez utiliser Google Maps in batch.\" \/>\n<meta name=\"robots\" content=\"index, follow, max-snippet:-1, max-image-preview:large, max-video-preview:-1\" \/>\n<link rel=\"canonical\" href=\"https:\/\/www.address4.com\/fr\/services\/geocodage-adresse\/google-maps-batch-massive\" \/>\n<meta property=\"og:locale\" content=\"fr_FR\" \/>\n<meta property=\"og:type\" content=\"article\" \/>\n<meta property=\"og:title\" content=\"Google Maps Batch en vrac : service de g\u00e9olocalisation massive d\u2019Address4\" \/>\n<meta property=\"og:description\" content=\"D\u00e9couvrez le service de g\u00e9olocalisation massive des adresses : avec notre syst\u00e8me, vous pouvez utiliser Google Maps in batch.\" \/>\n<meta property=\"og:url\" content=\"https:\/\/www.address4.com\/fr\/services\/geocodage-adresse\/google-maps-batch-massive\" \/>\n<meta property=\"og:site_name\" content=\"Address 4\" \/>\n<meta property=\"article:modified_time\" content=\"2021-09-10T16:44:17+00:00\" \/>\n<meta name=\"twitter:card\" content=\"summary_large_image\" \/>\n<meta name=\"twitter:label1\" content=\"Dur\u00e9e de lecture estim\u00e9e\" \/>\n\t<meta name=\"twitter:data1\" content=\"4 minutes\" \/>\n<script type=\"application\/ld+json\" class=\"yoast-schema-graph\">{\"@context\":\"https:\/\/schema.org\",\"@graph\":[{\"@type\":\"WebPage\",\"@id\":\"https:\/\/www.address4.com\/fr\/services\/geocodage-adresse\/google-maps-batch-massive\",\"url\":\"https:\/\/www.address4.com\/fr\/services\/geocodage-adresse\/google-maps-batch-massive\",\"name\":\"Google Maps Batch en vrac : service de g\u00e9olocalisation massive d\u2019Address4\",\"isPartOf\":{\"@id\":\"https:\/\/www.address4.com\/#website\"},\"datePublished\":\"2021-08-02T06:58:14+00:00\",\"dateModified\":\"2021-09-10T16:44:17+00:00\",\"description\":\"D\u00e9couvrez le service de g\u00e9olocalisation massive des adresses : avec notre syst\u00e8me, vous pouvez utiliser Google Maps in batch.\",\"breadcrumb\":{\"@id\":\"https:\/\/www.address4.com\/fr\/services\/geocodage-adresse\/google-maps-batch-massive#breadcrumb\"},\"inLanguage\":\"fr-FR\",\"potentialAction\":[{\"@type\":\"ReadAction\",\"target\":[\"https:\/\/www.address4.com\/fr\/services\/geocodage-adresse\/google-maps-batch-massive\"]}]},{\"@type\":\"BreadcrumbList\",\"@id\":\"https:\/\/www.address4.com\/fr\/services\/geocodage-adresse\/google-maps-batch-massive#breadcrumb\",\"itemListElement\":[{\"@type\":\"ListItem\",\"position\":1,\"name\":\"Home\",\"item\":\"https:\/\/www.address4.com\/fr\"},{\"@type\":\"ListItem\",\"position\":2,\"name\":\"Services\",\"item\":\"https:\/\/www.address4.com\/fr\/services\"},{\"@type\":\"ListItem\",\"position\":3,\"name\":\"G\u00e9ocodage\",\"item\":\"https:\/\/www.address4.com\/fr\/services\/geocodage-adresse\"},{\"@type\":\"ListItem\",\"position\":4,\"name\":\"Google Maps Batch\"}]},{\"@type\":\"WebSite\",\"@id\":\"https:\/\/www.address4.com\/#website\",\"url\":\"https:\/\/www.address4.com\/\",\"name\":\"Address 4\",\"description\":\"Address Verification Service For Your Business\",\"potentialAction\":[{\"@type\":\"SearchAction\",\"target\":{\"@type\":\"EntryPoint\",\"urlTemplate\":\"https:\/\/www.address4.com\/?s={search_term_string}\"},\"query-input\":{\"@type\":\"PropertyValueSpecification\",\"valueRequired\":true,\"valueName\":\"search_term_string\"}}],\"inLanguage\":\"fr-FR\"}]}<\/script>\n<!-- \/ Yoast SEO plugin. -->","yoast_head_json":{"title":"Google Maps Batch en vrac : service de g\u00e9olocalisation massive d\u2019Address4","description":"D\u00e9couvrez le service de g\u00e9olocalisation massive des adresses : avec notre syst\u00e8me, vous pouvez utiliser Google Maps in batch.","robots":{"index":"index","follow":"follow","max-snippet":"max-snippet:-1","max-image-preview":"max-image-preview:large","max-video-preview":"max-video-preview:-1"},"canonical":"https:\/\/www.address4.com\/fr\/services\/geocodage-adresse\/google-maps-batch-massive","og_locale":"fr_FR","og_type":"article","og_title":"Google Maps Batch en vrac : service de g\u00e9olocalisation massive d\u2019Address4","og_description":"D\u00e9couvrez le service de g\u00e9olocalisation massive des adresses : avec notre syst\u00e8me, vous pouvez utiliser Google Maps in batch.","og_url":"https:\/\/www.address4.com\/fr\/services\/geocodage-adresse\/google-maps-batch-massive","og_site_name":"Address 4","article_modified_time":"2021-09-10T16:44:17+00:00","twitter_card":"summary_large_image","twitter_misc":{"Dur\u00e9e de lecture estim\u00e9e":"4 minutes"},"schema":{"@context":"https:\/\/schema.org","@graph":[{"@type":"WebPage","@id":"https:\/\/www.address4.com\/fr\/services\/geocodage-adresse\/google-maps-batch-massive","url":"https:\/\/www.address4.com\/fr\/services\/geocodage-adresse\/google-maps-batch-massive","name":"Google Maps Batch en vrac : service de g\u00e9olocalisation massive d\u2019Address4","isPartOf":{"@id":"https:\/\/www.address4.com\/#website"},"datePublished":"2021-08-02T06:58:14+00:00","dateModified":"2021-09-10T16:44:17+00:00","description":"D\u00e9couvrez le service de g\u00e9olocalisation massive des adresses : avec notre syst\u00e8me, vous pouvez utiliser Google Maps in batch.","breadcrumb":{"@id":"https:\/\/www.address4.com\/fr\/services\/geocodage-adresse\/google-maps-batch-massive#breadcrumb"},"inLanguage":"fr-FR","potentialAction":[{"@type":"ReadAction","target":["https:\/\/www.address4.com\/fr\/services\/geocodage-adresse\/google-maps-batch-massive"]}]},{"@type":"BreadcrumbList","@id":"https:\/\/www.address4.com\/fr\/services\/geocodage-adresse\/google-maps-batch-massive#breadcrumb","itemListElement":[{"@type":"ListItem","position":1,"name":"Home","item":"https:\/\/www.address4.com\/fr"},{"@type":"ListItem","position":2,"name":"Services","item":"https:\/\/www.address4.com\/fr\/services"},{"@type":"ListItem","position":3,"name":"G\u00e9ocodage","item":"https:\/\/www.address4.com\/fr\/services\/geocodage-adresse"},{"@type":"ListItem","position":4,"name":"Google Maps Batch"}]},{"@type":"WebSite","@id":"https:\/\/www.address4.com\/#website","url":"https:\/\/www.address4.com\/","name":"Address 4","description":"Address Verification Service For Your Business","potentialAction":[{"@type":"SearchAction","target":{"@type":"EntryPoint","urlTemplate":"https:\/\/www.address4.com\/?s={search_term_string}"},"query-input":{"@type":"PropertyValueSpecification","valueRequired":true,"valueName":"search_term_string"}}],"inLanguage":"fr-FR"}]}},"_links":{"self":[{"href":"https:\/\/www.address4.com\/fr\/wp-json\/wp\/v2\/pages\/3051","targetHints":{"allow":["GET"]}}],"collection":[{"href":"https:\/\/www.address4.com\/fr\/wp-json\/wp\/v2\/pages"}],"about":[{"href":"https:\/\/www.address4.com\/fr\/wp-json\/wp\/v2\/types\/page"}],"author":[{"embeddable":true,"href":"https:\/\/www.address4.com\/fr\/wp-json\/wp\/v2\/users\/1"}],"replies":[{"embeddable":true,"href":"https:\/\/www.address4.com\/fr\/wp-json\/wp\/v2\/comments?post=3051"}],"version-history":[{"count":4,"href":"https:\/\/www.address4.com\/fr\/wp-json\/wp\/v2\/pages\/3051\/revisions"}],"predecessor-version":[{"id":3694,"href":"https:\/\/www.address4.com\/fr\/wp-json\/wp\/v2\/pages\/3051\/revisions\/3694"}],"up":[{"embeddable":true,"href":"https:\/\/www.address4.com\/fr\/wp-json\/wp\/v2\/pages\/406"}],"wp:attachment":[{"href":"https:\/\/www.address4.com\/fr\/wp-json\/wp\/v2\/media?parent=3051"}],"curies":[{"name":"wp","href":"https:\/\/api.w.org\/{rel}","templated":true}]}}