{"id":272,"date":"2018-02-27T10:27:27","date_gmt":"2018-02-27T10:27:27","guid":{"rendered":"http:\/\/www.address4.com\/?page_id=272"},"modified":"2025-03-05T11:58:24","modified_gmt":"2025-03-05T10:58:24","slug":"home","status":"publish","type":"page","link":"https:\/\/www.address4.com\/fr","title":{"rendered":"Accueil"},"content":{"rendered":"[vc_row wrapper=\u00a0\u00bbtrue\u00a0\u00bb][vc_column width=\u00a0\u00bb7\/12&Prime;]<div class=\"c-heading\"><h1 class=\" u-margin-bottom-large\">V\u00e9rification d\u2019adresse et de coordonn\u00e9es<\/h1><\/div><div class=\"c-heading\"><h3 class=\" u-text-normal\">Nos services de validation d\u2019adresse vous permettent de v\u00e9rifier, de compl\u00e9ter et de mettre \u00e0 jour des coordonn\u00e9es pour les besoins de votre entreprise.<\/h3><\/div><div class=\" c-list u-margin-bottom\"><ul>\n<li><i class=\"c-list__icon fal fa-check\"><\/i>Correction, translitt\u00e9ration et formatage postal<\/li>\n<li><i class=\"c-list__icon fal fa-check\"><\/i>Fonctionne en mode batch et en temps r\u00e9el<\/li>\n<li><i class=\"c-list__icon fal fa-check\"><\/i>Aucun codage n\u00e9cessaire<\/li>\n<\/ul>\n<\/div><a class=\"c-button u-margin-right u-margin-bottom c-button--primary\" href=\"https:\/\/www.address4.com\/free-address-validation-services\">Essayez la version d\u2019essai gratuite<\/a><a class=\"c-button u-margin-bottom c-button--primary\" href=\"https:\/\/www.egon.com\/fr\/societe\/contactez-nous\">Devenez partenaire<\/a>[\/vc_column][vc_column width=\u00a0\u00bb5\/12&Prime;]<div class=\"c-image\"><img loading=\"lazy\" decoding=\"async\" width=\"681\" height=\"475\" src=\"https:\/\/www.address4.com\/wp-content\/uploads\/2018\/02\/address-verification-service.png\" class=\" aligncenter\" alt=\"address verification service\" srcset=\"https:\/\/www.address4.com\/wp-content\/uploads\/2018\/02\/address-verification-service.png 681w, https:\/\/www.address4.com\/wp-content\/uploads\/2018\/02\/address-verification-service-300x209.png 300w\" sizes=\"auto, (max-width: 681px) 100vw, 681px\" \/><\/div>[\/vc_column][\/vc_row][vc_row wrapper=\u00a0\u00bbtrue\u00a0\u00bb holder_set_margin=\u00a0\u00bbtrue\u00a0\u00bb holder_margin=\u00a0\u00bbu-margin-bottom-large\u00a0\u00bb][vc_column set_margin=\u00a0\u00bbtrue\u00a0\u00bb margin=\u00a0\u00bbu-margin-bottom\u00a0\u00bb]<div class=\" c-divider u-padding-vertical c-divider-has-text u-text-center\"\/><h4 class=\"c-divider-text\">De quel type d\u2019utilisation avez-vous besoin ?<\/h4><\/div>[\/vc_column][vc_column width=\u00a0\u00bb1\/4&Prime; set_margin=\u00a0\u00bbtrue\u00a0\u00bb margin=\u00a0\u00bbu-margin-bottom-large\u00a0\u00bb]<div class=\"ico-wrap ico-wrap--center\"><i class=\"ico ico--color-four fal fa-clock ico--xxl u-margin-bottom\"><\/i><\/div><div class=\"c-heading\"><h3 class=\" u-text-center\">Temps r\u00e9el<\/h3><\/div>[vc_column_text txt_align=\u00a0\u00bbu-text-center\u00a0\u00bb]Normaliser les adresses au fil de la saisie.[\/vc_column_text]<div class=\"c-button-holder c-button-holder--center\"><a class=\"c-button c-button--center c-button--primary  c-button--ghost\" href=\"https:\/\/www.address4.com\/usage\/real-time\">Essayez maintenant<\/a><\/div>[\/vc_column][vc_column width=\u00a0\u00bb1\/4&Prime; set_margin=\u00a0\u00bbtrue\u00a0\u00bb margin=\u00a0\u00bbu-margin-bottom-large\u00a0\u00bb]<div class=\"ico-wrap ico-wrap--center\"><i class=\"ico ico--color-four fal fa-database ico--xxl u-margin-bottom\"><\/i><\/div><div class=\"c-heading\"><h3 class=\" u-text-center\">Batch<\/h3><\/div>[vc_column_text txt_align=\u00a0\u00bbu-text-center\u00a0\u00bb]Normaliser une base de donn\u00e9es d\u2019adresses postales.[\/vc_column_text]<div class=\"c-button-holder c-button-holder--center\"><a class=\"c-button c-button--center c-button--primary  c-button--ghost\" href=\"https:\/\/www.address4.com\/usage\/batch\">Essayez maintenant<\/a><\/div>[\/vc_column][vc_column width=\u00a0\u00bb1\/4&Prime; set_margin=\u00a0\u00bbtrue\u00a0\u00bb margin=\u00a0\u00bbu-margin-bottom-large\u00a0\u00bb]<div class=\"ico-wrap ico-wrap--center\"><i class=\"ico ico--color-four fal fa-code ico--xxl u-margin-bottom\"><\/i><\/div><div class=\"c-heading\"><h3 class=\" u-text-center\">API<\/h3><\/div>[vc_column_text txt_align=\u00a0\u00bbu-text-center\u00a0\u00bb]Int\u00e9grer la validation des adresses dans vos applications et dans les portails web.[\/vc_column_text]<div class=\"c-button-holder c-button-holder--center\"><a class=\"c-button c-button--center c-button--primary  c-button--ghost\" href=\"https:\/\/www.address4.com\/usage\/apis\">Essayez maintenant<\/a><\/div>[\/vc_column][vc_column width=\u00a0\u00bb1\/4&Prime; set_margin=\u00a0\u00bbtrue\u00a0\u00bb margin=\u00a0\u00bbu-margin-bottom-large\u00a0\u00bb]<div class=\"ico-wrap ico-wrap--center\"><i class=\"ico ico--color-four fal fa-puzzle-piece ico--xxl u-margin-bottom\"><\/i><\/div><div class=\"c-heading\"><h3 class=\" u-text-center\">Plugin<\/h3><\/div>[vc_column_text txt_align=\u00a0\u00bbu-text-center\u00a0\u00bb]Incorporer Adresse4 dans une application en un clic.[\/vc_column_text]<div class=\"c-button-holder c-button-holder--center\"><a class=\"c-button c-button--center c-button--primary  c-button--ghost\" href=\"https:\/\/www.address4.com\/usage\/plugin\">Essayez maintenant<\/a><\/div>[\/vc_column][\/vc_row][vc_row wrapper=\u00a0\u00bbtrue\u00a0\u00bb holder_set_margin=\u00a0\u00bbtrue\u00a0\u00bb holder_margin=\u00a0\u00bbu-margin-bottom\u00a0\u00bb][vc_column]<div class=\" c-divider c-divider-has-text u-text-center\"\/><h4 class=\"c-divider-text\">De quel type de service avez-vous besoin ?<\/h4><\/div>[\/vc_column][\/vc_row][vc_row wrapper=\u00a0\u00bbtrue\u00a0\u00bb holder_set_margin=\u00a0\u00bbtrue\u00a0\u00bb holder_margin=\u00a0\u00bbu-margin-bottom-large\u00a0\u00bb][vc_column width=\u00a0\u00bb1\/3&Prime; set_margin=\u00a0\u00bbtrue\u00a0\u00bb margin=\u00a0\u00bbu-margin-bottom\u00a0\u00bb]<div class=\"c-heading\"><h3 class=\" u-text-center\">Validation d\u2019adresse<\/h3><\/div><div class=\"ico-wrap ico-wrap--center\"><i class=\"ico ico--color-four fal fa-envelope ico--xxl u-margin-bottom\"><\/i><\/div>[vc_column_text]Avec la validation d\u2019adresse postale, vos donn\u00e9es sont toujours correctes et conformes aux normes d\u2019envoi internationales. De plus, la fonctionnalit\u00e9 d\u2019auto-compl\u00e9tion corrige les adresses en temps r\u00e9el sur votre site d\u2019e-commerce.[\/vc_column_text]<div class=\"c-button-holder c-button-holder--center\"><a class=\"c-button c-button--center c-button--primary  c-button--ghost\" href=\"https:\/\/www.address4.com\/services\/address-validation\">Essayez gratuitement<\/a><\/div>[\/vc_column][vc_column width=\u00a0\u00bb1\/3&Prime; set_margin=\u00a0\u00bbtrue\u00a0\u00bb margin=\u00a0\u00bbu-margin-bottom\u00a0\u00bb]<div class=\"c-heading\"><h3 class=\" u-text-center\">G\u00e9ocodage<\/h3><\/div><div class=\"ico-wrap ico-wrap--center\"><i class=\"ico ico--color-four fal fa-globe ico--xxl u-margin-bottom\"><\/i><\/div>[vc_column_text]Le g\u00e9ocodage et le g\u00e9ocodage invers\u00e9 vous permettent de transformer des adresses postales sp\u00e9cifiques en coordonn\u00e9es g\u00e9ographiques et inversement. Ceci est id\u00e9al\u00a0dans le g\u00e9omarketing ou\u00a0dans le transport.[\/vc_column_text]<div class=\"c-button-holder c-button-holder--center\"><a class=\"c-button c-button--center c-button--primary  c-button--ghost\" href=\"https:\/\/www.address4.com\/services\/address-geocoding\">Essayez gratuitement<\/a><\/div>[\/vc_column][vc_column width=\u00a0\u00bb1\/3&Prime; set_margin=\u00a0\u00bbtrue\u00a0\u00bb margin=\u00a0\u00bbu-margin-bottom\u00a0\u00bb]<div class=\"c-heading\"><h3 class=\" u-text-center\">Validation de nom<\/h3><\/div><div class=\"ico-wrap ico-wrap--center\"><i class=\"ico ico--color-four fal fa-id-card ico--xxl u-margin-bottom\"><\/i><\/div>[vc_column_text]Lorsque vous saisissez manuellement des coordonn\u00e9es ou que vous les r\u00e9cup\u00e9rer via Internet, il pourrait y avoir des erreurs ou des doublons. Un service de validation d\u2019adresse et de nom automatique garantit des archives soign\u00e9es et optimis\u00e9es.[\/vc_column_text]<div class=\"c-button-holder c-button-holder--center\"><a class=\"c-button c-button--center c-button--primary  c-button--ghost\" href=\"https:\/\/www.address4.com\/services\/name-validations\">Essayez gratuitement<\/a><\/div>[\/vc_column][vc_column width=\u00a0\u00bb1\/3&Prime; set_margin=\u00a0\u00bbtrue\u00a0\u00bb margin=\u00a0\u00bbu-margin-bottom\u00a0\u00bb]<div class=\"c-heading\"><h3 class=\" u-text-center\">Validation d\u2019adresse e-mail<\/h3><\/div><div class=\"ico-wrap ico-wrap--center\"><i class=\"ico ico--color-four fal fa-at ico--xxl u-margin-bottom\"><\/i><\/div>[vc_column_text]Notre service valide des adresses e-mail dans des bases de donn\u00e9es contenant des millions d\u2019entr\u00e9es. Il vous suffit d\u2019envoyer le fichier dans le format que vous souhaitez. Nous terminons le travail rapidement.[\/vc_column_text]<div class=\"c-button-holder c-button-holder--center\"><a class=\"c-button c-button--center c-button--primary  c-button--ghost\" href=\"https:\/\/www.address4.com\/services\/address-validation\">Essayez gratuitement<\/a><\/div>[\/vc_column][vc_column width=\u00a0\u00bb1\/3&Prime; set_margin=\u00a0\u00bbtrue\u00a0\u00bb margin=\u00a0\u00bbu-margin-bottom\u00a0\u00bb]<div class=\"c-heading\"><h3 class=\" u-text-center\">Validation de t\u00e9l\u00e9phone<\/h3><\/div><div class=\"ico-wrap ico-wrap--center\"><i class=\"ico ico--color-four fal fa-mobile-android-alt ico--xxl u-margin-bottom\"><\/i><\/div>[vc_column_text]Les bases de donn\u00e9es contenant des milliers de num\u00e9ros de t\u00e9l\u00e9phone offrent un nombre incalculable d\u2019opportunit\u00e9s, s\u2019ils sont corrects. Utilisez un service de validation de num\u00e9ro de t\u00e9l\u00e9phone pour corriger les erreurs \u00e9ventuelles.[\/vc_column_text]<div class=\"c-button-holder c-button-holder--center\"><a class=\"c-button c-button--center c-button--primary  c-button--ghost\" href=\"https:\/\/www.address4.com\/services\/phone-validation\">Essayez gratuitement<\/a><\/div>[\/vc_column][vc_column width=\u00a0\u00bb1\/3&Prime;]<div class=\"c-heading\"><h3 class=\" u-text-center\">Autres services<\/h3><\/div><div class=\"ico-wrap ico-wrap--center\"><i class=\"ico ico--color-four fal fa-wrench ico--xxl u-margin-bottom\"><\/i><\/div>[vc_column_text]Address 4 propose un large \u00e9ventail de solutions personnalis\u00e9es adapt\u00e9es \u00e0 tout type d\u2019exigence. Notre \u00e9quipe trouvera la meilleure solution possible en se basant sur votre secteur, respectant ainsi tous les d\u00e9lais et besoins sp\u00e9cifiques.[\/vc_column_text]<div class=\"c-button-holder c-button-holder--center\"><a class=\"c-button c-button--center c-button--primary  c-button--ghost\" href=\"https:\/\/www.address4.com\/contact\">Essayez gratuitement<\/a><\/div>[\/vc_column][\/vc_row][vc_row wrapper=\u00a0\u00bbtrue\u00a0\u00bb wrapper_class=\u00a0\u00bbo-wrapper&#8211;slim\u00a0\u00bb holder_set_padding=\u00a0\u00bbtrue\u00a0\u00bb holder_bg_fx=\u00a0\u00bbu-background-light\u00a0\u00bb holder_padding=\u00a0\u00bbu-padding-vertical-large\u00a0\u00bb][vc_column]<div class=\"c-heading\"><h3 class=\" u-h2 u-text-center\">Les donn\u00e9es incorrectes sont une perte de temps et d\u2019argent<\/h3><\/div>[vc_column_text]Si vous n\u2019arrivez pas \u00e0 estimer l\u2019impact des donn\u00e9es incorrectes, une chose est certaine : les erreurs de base de donn\u00e9es sont une perte de temps et d\u2019argent. En utilisant la mauvaise adresse, vous donnez l\u2019avantage aux entreprises concurrentes.[\/vc_column_text][\/vc_column][vc_column width=\u00a0\u00bb1\/3&Prime;]<div class=\"c-image\"><img loading=\"lazy\" decoding=\"async\" width=\"230\" height=\"230\" src=\"https:\/\/www.address4.com\/wp-content\/uploads\/2018\/02\/contact-verification-service-d.png\" class=\" aligncenter\" alt=\"contact-verification-service-d\" srcset=\"https:\/\/www.address4.com\/wp-content\/uploads\/2018\/02\/contact-verification-service-d.png 230w, https:\/\/www.address4.com\/wp-content\/uploads\/2018\/02\/contact-verification-service-d-150x150.png 150w, https:\/\/www.address4.com\/wp-content\/uploads\/2018\/02\/contact-verification-service-d-45x45.png 45w, https:\/\/www.address4.com\/wp-content\/uploads\/2018\/02\/contact-verification-service-d-100x100.png 100w\" sizes=\"auto, (max-width: 230px) 100vw, 230px\" \/><\/div>[\/vc_column][vc_column width=\u00a0\u00bb2\/3&Prime;]<div class=\"c-heading\"><h3 class=\" u-h5\">La validation d\u2019adresse est importante car elle :<\/h3><\/div><div class=\" c-list\"><ul>\n<li><i class=\"c-list__icon fal fa-check\"><\/i>optimise le marketing et la livraison;<\/li>\n<li><i class=\"c-list__icon fal fa-check\"><\/i>maximise le potentiel des ressources de l\u2019entreprise;<\/li>\n<li><i class=\"c-list__icon fal fa-check\"><\/i>facilite l\u2019aboutissement des objectifs de l\u2019entreprise;<\/li>\n<li><i class=\"c-list__icon fal fa-check\"><\/i>simplifie la gestion de volumes importants de donn\u00e9es;<\/li>\n<li><i class=\"c-list__icon fal fa-check\"><\/i>emp\u00eache le ternissement de l\u2019image de l\u2019entreprise;<\/li>\n<li><i class=\"c-list__icon fal fa-check\"><\/i>augmente la satisfaction du client.<\/li>\n<\/ul>\n<\/div>[\/vc_column][\/vc_row][vc_row holder_set_padding=\u00a0\u00bbtrue\u00a0\u00bb holder_padding=\u00a0\u00bbu-padding-vertical-large\u00a0\u00bb][vc_column]<div class=\"c-heading\"><h3 class=\" u-text-center\">Commencez votre version d\u2019essai gratuite d\u2019Address4<\/h3><\/div><div class=\"c-button-holder c-button-holder--center\"><a class=\"c-button c-button--center u-margin-bottom c-button--primary  c-button--ghost\" href=\"https:\/\/www.address4.com\/free-address-validation-services\">Sign Up<\/a><\/div><div class=\"c-heading\"><h3 class=\" u-h4 u-text-center\">Sans frais ni obligation pour une satisfaction optimale<\/h3><\/div>[\/vc_column][\/vc_row][vc_row wrapper=\u00a0\u00bbtrue\u00a0\u00bb wrapper_class=\u00a0\u00bbo-wrapper&#8211;slim\u00a0\u00bb holder_set_padding=\u00a0\u00bbtrue\u00a0\u00bb holder_bg_fx=\u00a0\u00bbu-background-light\u00a0\u00bb holder_padding=\u00a0\u00bbu-padding-vertical-large\u00a0\u00bb][vc_column set_margin=\u00a0\u00bbtrue\u00a0\u00bb margin=\u00a0\u00bbu-margin-bottom\u00a0\u00bb]<div class=\"c-heading\"><h3 class=\" u-h2 u-text-center\">Avec Address 4 la solution est \u00e0 la port\u00e9e d\u2019un clic<\/h3><\/div><div class=\"c-heading\"><h3 class=\" u-h3 u-text-normal u-text-center\">Pour prosp\u00e9rer vous devez \u00eatre efficace, et pour \u00eatre efficace il vous faut un logiciel de pointe\u2026 Un logiciel comme Address 4.<\/h3><\/div>[\/vc_column][vc_column width=\u00a0\u00bb2\/3&Prime;]<div class=\"c-heading\"><h3 class=\" u-h5\">Avec Address 4 vous ne perdrez pas votre temps \u00e0 v\u00e9rifier des donn\u00e9es.<\/h3><\/div><div class=\" c-list\"><ul>\n<li><i class=\"c-list__icon fal fa-check\"><\/i>service de v\u00e9rification d\u2019adresse en ligne 24h\/24;<\/li>\n<li><i class=\"c-list__icon fal fa-check\"><\/i>facile \u00e0 int\u00e9grer aux sites Internet, aux portails et aux sites d\u2019e-commerce;<\/li>\n<li><i class=\"c-list__icon fal fa-check\"><\/i>acc\u00e8s \u00e0 Internet dans le monde entier;<\/li>\n<li><i class=\"c-list__icon fal fa-check\"><\/i>fonctionnalit\u00e9s avanc\u00e9es telles que le g\u00e9ocodage invers\u00e9;<\/li>\n<li><i class=\"c-list__icon fal fa-check\"><\/i>aucune installation ou t\u00e9l\u00e9chargement de programme.<\/li>\n<\/ul>\n<\/div>[\/vc_column][vc_column width=\u00a0\u00bb1\/3&Prime;]<div class=\"c-image\"><img loading=\"lazy\" decoding=\"async\" width=\"230\" height=\"230\" src=\"https:\/\/www.address4.com\/wp-content\/uploads\/2018\/02\/contact-verification-service-u.png\" class=\" aligncenter\" alt=\"\" srcset=\"https:\/\/www.address4.com\/wp-content\/uploads\/2018\/02\/contact-verification-service-u.png 230w, https:\/\/www.address4.com\/wp-content\/uploads\/2018\/02\/contact-verification-service-u-150x150.png 150w, https:\/\/www.address4.com\/wp-content\/uploads\/2018\/02\/contact-verification-service-u-45x45.png 45w, https:\/\/www.address4.com\/wp-content\/uploads\/2018\/02\/contact-verification-service-u-100x100.png 100w\" sizes=\"auto, (max-width: 230px) 100vw, 230px\" \/><\/div>[\/vc_column][vc_column set_padding=\u00a0\u00bbtrue\u00a0\u00bb padding=\u00a0\u00bbu-padding-vertical\u00a0\u00bb]<div class=\"c-heading\"><h3 class=\" u-text-center\">Vous cherchiez un logiciel de validation d\u2019adresse automatique et vous l\u2019avez trouv\u00e9. Maintenant il est temps d\u2019agir.<\/h3><\/div>[vc_column_text txt_align=\u00a0\u00bbu-text-center\u00a0\u00bb]Prenez tout votre temps pour d\u00e9couvrir notre offre et les fonctionnalit\u00e9s que nous proposons et essayez la version d\u2019essai gratuite en ligne.[\/vc_column_text][\/vc_column][\/vc_row][vc_row row_h_align=\u00a0\u00bbgrid&#8211;center\u00a0\u00bb wrapper=\u00a0\u00bbtrue\u00a0\u00bb holder_set_padding=\u00a0\u00bbtrue\u00a0\u00bb holder_padding=\u00a0\u00bbu-padding-vertical-large\u00a0\u00bb][vc_column]<div class=\" c-divider c-divider-has-text u-text-center\"\/><h4 class=\"c-divider-text u-h3\">L\u2019avis de nos clients<\/h4><\/div>[vc_row_inner row_h_align=\u00a0\u00bbgrid&#8211;center\u00a0\u00bb][vc_column_inner width=\u00a0\u00bb2\/3&Prime;]<div class=\"c-mediabox\">\n<div class=\" o-flag o-flag--responsive o-flag--normal\">\n<div class=\"o-flag__img\"><img loading=\"lazy\" decoding=\"async\" width=\"230\" height=\"230\" src=\"https:\/\/www.address4.com\/wp-content\/uploads\/2018\/02\/customer-address4-services.png\" class=\"attachment-full size-full\" alt=\"customer-address4-services\" srcset=\"https:\/\/www.address4.com\/wp-content\/uploads\/2018\/02\/customer-address4-services.png 230w, https:\/\/www.address4.com\/wp-content\/uploads\/2018\/02\/customer-address4-services-150x150.png 150w, https:\/\/www.address4.com\/wp-content\/uploads\/2018\/02\/customer-address4-services-45x45.png 45w, https:\/\/www.address4.com\/wp-content\/uploads\/2018\/02\/customer-address4-services-100x100.png 100w\" sizes=\"auto, (max-width: 230px) 100vw, 230px\" \/><\/div>\n<div class=\"o-flag__body\">\n<blockquote>\n<h6><em>\u201cAddress 4 n\u2019est pas un simple programme, c\u2019est une suite logicielle compl\u00e8te.<\/em><\/h6>\n<h6><em>C\u2019est une aubaine pour notre e-commerce<\/em><\/h6>\n<p>Alberto Arrigoni \u2013 System Integrator\n<\/p><\/blockquote>\n<\/div>\n<\/div>\n<\/div>\n[\/vc_column_inner][\/vc_row_inner][\/vc_column][\/vc_row]\n","protected":false},"excerpt":{"rendered":"<p>[vc_row wrapper=\u00a0\u00bbtrue\u00a0\u00bb][vc_column width=\u00a0\u00bb7\/12&Prime;][\/vc_column][vc_column width=\u00a0\u00bb5\/12&Prime;][\/vc_column][\/vc_row][vc_row wrapper=\u00a0\u00bbtrue\u00a0\u00bb holder_set_margin=\u00a0\u00bbtrue\u00a0\u00bb holder_margin=\u00a0\u00bbu-margin-bottom-large\u00a0\u00bb][vc_column set_margin=\u00a0\u00bbtrue\u00a0\u00bb margin=\u00a0\u00bbu-margin-bottom\u00a0\u00bb][\/vc_column][vc_column width=\u00a0\u00bb1\/4&Prime; set_margin=\u00a0\u00bbtrue\u00a0\u00bb margin=\u00a0\u00bbu-margin-bottom-large\u00a0\u00bb][vc_column_text txt_align=\u00a0\u00bbu-text-center\u00a0\u00bb]Normaliser les adresses au fil de la saisie.[\/vc_column_text][\/vc_column][vc_column width=\u00a0\u00bb1\/4&Prime; set_margin=\u00a0\u00bbtrue\u00a0\u00bb margin=\u00a0\u00bbu-margin-bottom-large\u00a0\u00bb][vc_column_text txt_align=\u00a0\u00bbu-text-center\u00a0\u00bb]Normaliser une base de donn\u00e9es d\u2019adresses postales.[\/vc_column_text][\/vc_column][vc_column width=\u00a0\u00bb1\/4&Prime; set_margin=\u00a0\u00bbtrue\u00a0\u00bb margin=\u00a0\u00bbu-margin-bottom-large\u00a0\u00bb][vc_column_text txt_align=\u00a0\u00bbu-text-center\u00a0\u00bb]Int\u00e9grer la validation des adresses dans vos applications et dans les portails web.[\/vc_column_text][\/vc_column][vc_column width=\u00a0\u00bb1\/4&Prime; set_margin=\u00a0\u00bbtrue\u00a0\u00bb margin=\u00a0\u00bbu-margin-bottom-large\u00a0\u00bb][vc_column_text txt_align=\u00a0\u00bbu-text-center\u00a0\u00bb]Incorporer Adresse4 dans une application en [&hellip;]<\/p>\n","protected":false},"author":1,"featured_media":0,"parent":0,"menu_order":0,"comment_status":"closed","ping_status":"closed","template":"templates\/template-fullwidth.php","meta":{"footnotes":""},"class_list":["post-272","page","type-page","status-publish","hentry"],"yoast_head":"<!-- This site is optimized with the Yoast SEO plugin v26.8 - https:\/\/yoast.com\/product\/yoast-seo-wordpress\/ -->\n<title>Service de v\u00e9rification d\u2019adresse pour votre entreprise<\/title>\n<meta name=\"description\" content=\"Un service de v\u00e9rification d\u2019adresse pour des bases de donn\u00e9es ? Address 4 offre ces fonctions en un seul clic. Essayez-le gratuitement\" \/>\n<meta name=\"robots\" content=\"index, follow, max-snippet:-1, max-image-preview:large, max-video-preview:-1\" \/>\n<link rel=\"canonical\" href=\"https:\/\/www.address4.com\/fr\" \/>\n<meta property=\"og:locale\" content=\"fr_FR\" \/>\n<meta property=\"og:type\" content=\"article\" \/>\n<meta property=\"og:title\" content=\"Service de v\u00e9rification d\u2019adresse pour votre entreprise\" \/>\n<meta property=\"og:description\" content=\"Un service de v\u00e9rification d\u2019adresse pour des bases de donn\u00e9es ? Address 4 offre ces fonctions en un seul clic. Essayez-le gratuitement\" \/>\n<meta property=\"og:url\" content=\"https:\/\/www.address4.com\/fr\" \/>\n<meta property=\"og:site_name\" content=\"Address 4\" \/>\n<meta property=\"article:modified_time\" content=\"2025-03-05T10:58:24+00:00\" \/>\n<meta name=\"twitter:card\" content=\"summary_large_image\" \/>\n<meta name=\"twitter:label1\" content=\"Dur\u00e9e de lecture estim\u00e9e\" \/>\n\t<meta name=\"twitter:data1\" content=\"4 minutes\" \/>\n<script type=\"application\/ld+json\" class=\"yoast-schema-graph\">{\"@context\":\"https:\/\/schema.org\",\"@graph\":[{\"@type\":\"WebPage\",\"@id\":\"https:\/\/www.address4.com\/fr\",\"url\":\"https:\/\/www.address4.com\/fr\",\"name\":\"Service de v\u00e9rification d\u2019adresse pour votre entreprise\",\"isPartOf\":{\"@id\":\"https:\/\/www.address4.com\/#website\"},\"datePublished\":\"2018-02-27T10:27:27+00:00\",\"dateModified\":\"2025-03-05T10:58:24+00:00\",\"description\":\"Un service de v\u00e9rification d\u2019adresse pour des bases de donn\u00e9es ? Address 4 offre ces fonctions en un seul clic. Essayez-le gratuitement\",\"breadcrumb\":{\"@id\":\"https:\/\/www.address4.com\/fr#breadcrumb\"},\"inLanguage\":\"fr-FR\",\"potentialAction\":[{\"@type\":\"ReadAction\",\"target\":[\"https:\/\/www.address4.com\/fr\"]}]},{\"@type\":\"BreadcrumbList\",\"@id\":\"https:\/\/www.address4.com\/fr#breadcrumb\",\"itemListElement\":[{\"@type\":\"ListItem\",\"position\":1,\"name\":\"Home\",\"item\":\"https:\/\/www.address4.com\/fr\"},{\"@type\":\"ListItem\",\"position\":2,\"name\":\"Accueil\"}]},{\"@type\":\"WebSite\",\"@id\":\"https:\/\/www.address4.com\/#website\",\"url\":\"https:\/\/www.address4.com\/\",\"name\":\"Address 4\",\"description\":\"Address Verification Service For Your Business\",\"potentialAction\":[{\"@type\":\"SearchAction\",\"target\":{\"@type\":\"EntryPoint\",\"urlTemplate\":\"https:\/\/www.address4.com\/?s={search_term_string}\"},\"query-input\":{\"@type\":\"PropertyValueSpecification\",\"valueRequired\":true,\"valueName\":\"search_term_string\"}}],\"inLanguage\":\"fr-FR\"}]}<\/script>\n<!-- \/ Yoast SEO plugin. -->","yoast_head_json":{"title":"Service de v\u00e9rification d\u2019adresse pour votre entreprise","description":"Un service de v\u00e9rification d\u2019adresse pour des bases de donn\u00e9es ? Address 4 offre ces fonctions en un seul clic. Essayez-le gratuitement","robots":{"index":"index","follow":"follow","max-snippet":"max-snippet:-1","max-image-preview":"max-image-preview:large","max-video-preview":"max-video-preview:-1"},"canonical":"https:\/\/www.address4.com\/fr","og_locale":"fr_FR","og_type":"article","og_title":"Service de v\u00e9rification d\u2019adresse pour votre entreprise","og_description":"Un service de v\u00e9rification d\u2019adresse pour des bases de donn\u00e9es ? Address 4 offre ces fonctions en un seul clic. Essayez-le gratuitement","og_url":"https:\/\/www.address4.com\/fr","og_site_name":"Address 4","article_modified_time":"2025-03-05T10:58:24+00:00","twitter_card":"summary_large_image","twitter_misc":{"Dur\u00e9e de lecture estim\u00e9e":"4 minutes"},"schema":{"@context":"https:\/\/schema.org","@graph":[{"@type":"WebPage","@id":"https:\/\/www.address4.com\/fr","url":"https:\/\/www.address4.com\/fr","name":"Service de v\u00e9rification d\u2019adresse pour votre entreprise","isPartOf":{"@id":"https:\/\/www.address4.com\/#website"},"datePublished":"2018-02-27T10:27:27+00:00","dateModified":"2025-03-05T10:58:24+00:00","description":"Un service de v\u00e9rification d\u2019adresse pour des bases de donn\u00e9es ? Address 4 offre ces fonctions en un seul clic. Essayez-le gratuitement","breadcrumb":{"@id":"https:\/\/www.address4.com\/fr#breadcrumb"},"inLanguage":"fr-FR","potentialAction":[{"@type":"ReadAction","target":["https:\/\/www.address4.com\/fr"]}]},{"@type":"BreadcrumbList","@id":"https:\/\/www.address4.com\/fr#breadcrumb","itemListElement":[{"@type":"ListItem","position":1,"name":"Home","item":"https:\/\/www.address4.com\/fr"},{"@type":"ListItem","position":2,"name":"Accueil"}]},{"@type":"WebSite","@id":"https:\/\/www.address4.com\/#website","url":"https:\/\/www.address4.com\/","name":"Address 4","description":"Address Verification Service For Your Business","potentialAction":[{"@type":"SearchAction","target":{"@type":"EntryPoint","urlTemplate":"https:\/\/www.address4.com\/?s={search_term_string}"},"query-input":{"@type":"PropertyValueSpecification","valueRequired":true,"valueName":"search_term_string"}}],"inLanguage":"fr-FR"}]}},"_links":{"self":[{"href":"https:\/\/www.address4.com\/fr\/wp-json\/wp\/v2\/pages\/272","targetHints":{"allow":["GET"]}}],"collection":[{"href":"https:\/\/www.address4.com\/fr\/wp-json\/wp\/v2\/pages"}],"about":[{"href":"https:\/\/www.address4.com\/fr\/wp-json\/wp\/v2\/types\/page"}],"author":[{"embeddable":true,"href":"https:\/\/www.address4.com\/fr\/wp-json\/wp\/v2\/users\/1"}],"replies":[{"embeddable":true,"href":"https:\/\/www.address4.com\/fr\/wp-json\/wp\/v2\/comments?post=272"}],"version-history":[{"count":6,"href":"https:\/\/www.address4.com\/fr\/wp-json\/wp\/v2\/pages\/272\/revisions"}],"predecessor-version":[{"id":4252,"href":"https:\/\/www.address4.com\/fr\/wp-json\/wp\/v2\/pages\/272\/revisions\/4252"}],"wp:attachment":[{"href":"https:\/\/www.address4.com\/fr\/wp-json\/wp\/v2\/media?parent=272"}],"curies":[{"name":"wp","href":"https:\/\/api.w.org\/{rel}","templated":true}]}}