{"id":1013,"date":"2018-03-23T13:11:37","date_gmt":"2018-03-23T13:11:37","guid":{"rendered":"http:\/\/www.address4.com\/?page_id=1013"},"modified":"2022-10-17T10:56:23","modified_gmt":"2022-10-17T09:56:23","slug":"validation-adresse-batch","status":"publish","type":"page","link":"https:\/\/www.address4.com\/fr\/services\/validation-adresse-internationale\/validation-adresse-batch","title":{"rendered":"Mode batch"},"content":{"rendered":"[vc_row wrapper=\u00a0\u00bbtrue\u00a0\u00bb holder_set_margin=\u00a0\u00bbtrue\u00a0\u00bb holder_margin=\u00a0\u00bbu-margin-bottom\u00a0\u00bb][vc_column]<div class=\"c-heading\"><h1 class=\" u-h1 u-text-center\">Validation d\u2019adresse en mode batch<\/h1><\/div><div class=\"c-heading\"><h3 class=\" u-h3 u-text-normal u-text-center\">Validez votre base de donn\u00e9es en gros (par transfert de fichier)<\/h3><\/div>[\/vc_column][\/vc_row][vc_row wrapper=\u00a0\u00bbtrue\u00a0\u00bb holder_set_margin=\u00a0\u00bbtrue\u00a0\u00bb holder_margin=\u00a0\u00bbu-margin-bottom\u00a0\u00bb][vc_column width=\u00a0\u00bb5\/12&Prime;]<div class=\"c-image\"><a href=\"https:\/\/www.address4.com\/free-address-validation-services\"><img loading=\"lazy\" decoding=\"async\" width=\"428\" height=\"259\" src=\"https:\/\/www.address4.com\/wp-content\/uploads\/2018\/03\/normalizzazione-batch-indirizzi.jpg\" class=\" u-margin-bottom aligncenter\" alt=\"\" srcset=\"https:\/\/www.address4.com\/wp-content\/uploads\/2018\/03\/normalizzazione-batch-indirizzi.jpg 428w, https:\/\/www.address4.com\/wp-content\/uploads\/2018\/03\/normalizzazione-batch-indirizzi-300x182.jpg 300w\" sizes=\"auto, (max-width: 428px) 100vw, 428px\" \/><\/a><\/div>[\/vc_column][vc_column width=\u00a0\u00bb7\/12&Prime;]<div class=\"c-heading\"><h3>Pour les bases de donn\u00e9es contenant des milliers de donn\u00e9es<\/h3><\/div>[vc_column_text]<strong>La validation d\u2019adresse en mode batch\u00a0<\/strong><strong>est un service<\/strong>\u00a0destin\u00e9 aux grandes bases de donn\u00e9es. Des fichiers complexes contenant des centaines et des milliers de donn\u00e9es qui doivent \u00eatre v\u00e9rifi\u00e9s et normalis\u00e9s. Avec Address4 vous pouvez profiter de la version d\u2019essai en ligne : <a href=\"https:\/\/www.address4.com\/fr\/free-trial\">saisissez les donn\u00e9es requises dans le champ et envoyez le fichier<\/a>; la base de donn\u00e9es sera valid\u00e9e et vous recevrez imm\u00e9diatement un rapport gratuit. Pour charger la base de donn\u00e9es c\u2019est simple\u00a0:\u00a0<strong>il vous suffit de nous envoyer un fichier structur\u00e9\u00a0<\/strong>et nous traiterons votre demande dans les plus brefs d\u00e9lais.[\/vc_column_text]<a class=\"c-button u-margin-right u-margin-bottom c-button--secondary\" href=\"https:\/\/www.address4.com\/free-address-validation-services\">Faites un Essai Gratuit<\/a>[\/vc_column][\/vc_row][vc_row][vc_column]<div class=\"templatera_shortcode\"><div class=\"o-holder u-background-light u-margin-bottom-large u-padding-vertical-large\"><div class=\" o-wrapper\"><div class=\"grid-1\"><div class=\"col _lap-and-up-8\" ><div class=\"c-heading\"><h3>Ne manquez pas \u00ab \u00c9conomies et validation d\u2019adresse \u00bb<\/h3><\/div><div class=\"c-heading\"><h3>T\u00c9L\u00c9CHARGEZ notre e-book GRATUITEMENT et d\u00e9couvrez comment am\u00e9liorer la qualit\u00e9 de vos donn\u00e9es<\/h3><\/div><div class=\"c-text-block\"><p>Guide complet avec les retomb\u00e9es \u00e9conomiques de la validation<\/p>\n <\/div><a class=\"c-button c-button--secondary\" href=\"https:\/\/www.address4.com\/ebook-1\">T\u00e9l\u00e9charger l\u2019e-book<\/a><\/div><div class=\"col _lap-and-up-4\" ><div class=\"c-image\"><a href=\"https:\/\/www.address4.com\/ebook-1\"><img loading=\"lazy\" decoding=\"async\" width=\"205\" height=\"286\" src=\"https:\/\/www.address4.com\/wp-content\/uploads\/2018\/03\/ebook-address-validation-cost-saving-S.png\" class=\" alignone\" alt=\"ebook-address-validation-cost-saving-S\" \/><\/a><\/div><\/div>\n<\/div><\/div><\/div><\/div>[\/vc_column][\/vc_row][vc_row wrapper=\u00a0\u00bbtrue\u00a0\u00bb holder_set_margin=\u00a0\u00bbtrue\u00a0\u00bb holder_margin=\u00a0\u00bbu-margin-bottom-large\u00a0\u00bb][vc_column width=\u00a0\u00bb5\/12&Prime;]<div class=\"c-image\"><img loading=\"lazy\" decoding=\"async\" width=\"400\" height=\"300\" src=\"https:\/\/www.address4.com\/wp-content\/uploads\/2018\/03\/batch-address-validation.jpg\" class=\" aligncenter\" alt=\"Batch address validation\" srcset=\"https:\/\/www.address4.com\/wp-content\/uploads\/2018\/03\/batch-address-validation.jpg 400w, https:\/\/www.address4.com\/wp-content\/uploads\/2018\/03\/batch-address-validation-300x225.jpg 300w\" sizes=\"auto, (max-width: 400px) 100vw, 400px\" \/><\/div>[\/vc_column][vc_column width=\u00a0\u00bb7\/12&Prime;]<div class=\"c-heading\"><h3>Validation d\u2019adresse en mode batch avec Address4 : analyse statistique et gestion des anomalies<\/h3><\/div>[vc_column_text]La validation d\u2019adresse en mode batch s\u2019adresse aux personnes qui doivent g\u00e9rer des bases de donn\u00e9es contenant des milliers voire des millions d\u2019entr\u00e9es. Address 4 re\u00e7oit le fichier contenant les donn\u00e9es et effectue une analyse statistique pr\u00e9liminaire, un formatage d\u2019adresse, un g\u00e9ocodage et\/ou une d\u00e9duplication, et une gestion des anomalies.<\/p>\n<p>La\u00a0<strong>validation d\u2019adresse en mode batch est particuli\u00e8rement utile dans le marketing, le g\u00e9omarketing et dans l\u2019exp\u00e9dition<\/strong>. De plus, elle permet aux personnes n\u2019ayant pas les comp\u00e9tences de qualit\u00e9 des donn\u00e9es ad\u00e9quates de v\u00e9rifier les informations contenues dans leurs bases de donn\u00e9es sans pour autant int\u00e9grer des API et des services en ligne. C\u2019est une\u00a0<strong>solution rapide, pratique et s\u00e9curis\u00e9e<\/strong>\u00a0pour les utilisateurs finaux, les professionnels et les personnes \u00e0 la recherche de ce qu\u2019il y a de mieux en mati\u00e8re de performance d\u2019entreprise.[\/vc_column_text][\/vc_column][\/vc_row][vc_row row_h_align=\u00a0\u00bbgrid&#8211;center\u00a0\u00bb wrapper=\u00a0\u00bbtrue\u00a0\u00bb wrapper_class=\u00a0\u00bbo-wrapper&#8211;slim\u00a0\u00bb][vc_column]<div class=\"c-heading\"><h3 class=\" u-h4 u-text-color-invert u-margin-top-large u-margin-bottom-none u-padding u-background-color-four\">Veuillez renseigner tous les champs requis<\/h3><\/div>[vc_row_inner holder_set_margin=\u00a0\u00bbtrue\u00a0\u00bb holder_margin=\u00a0\u00bbu-margin-top-none\u00a0\u00bb][vc_column_inner inner_bg_fx=\u00a0\u00bbu-background-light\u00a0\u00bb set_padding_inner=\u00a0\u00bbtrue\u00a0\u00bb padding_inner=\u00a0\u00bbu-padding\u00a0\u00bb]<div id=\"onboarding-app\" class=\"app-root\"><\/div><script>!function (e) { function t(t) { for (var n, i, l = t[0], a = t[1], f = t[2], c = 0, s = []; c < l.length; c++)i = l[c], Object.prototype.hasOwnProperty.call(o, i) && o[i] && s.push(o[i][0]), o[i] = 0; for (n in a) Object.prototype.hasOwnProperty.call(a, n) && (e[n] = a[n]); for (p && p(t); s.length;)s.shift()(); return u.push.apply(u, f || []), r() } function r() { for (var e, t = 0; t < u.length; t++) { for (var r = u[t], n = !0, l = 1; l < r.length; l++) { var a = r[l]; 0 !== o[a] && (n = !1) } n && (u.splice(t--, 1), e = i(i.s = r[0])) } return e } var n = {}, o = { 1: 0 }, u = []; function i(t) { if (n[t]) return n[t].exports; var r = n[t] = { i: t, l: !1, exports: {} }; return e[t].call(r.exports, r, r.exports, i), r.l = !0, r.exports } i.m = e, i.c = n, i.d = function (e, t, r) { i.o(e, t) || Object.defineProperty(e, t, { enumerable: !0, get: r }) }, i.r = function (e) { \"undefined\" != typeof Symbol && Symbol.toStringTag && Object.defineProperty(e, Symbol.toStringTag, { value: \"Module\" }), Object.defineProperty(e, \"__esModule\", { value: !0 }) }, i.t = function (e, t) { if (1 & t && (e = i(e)), 8 & t) return e; if (4 & t && \"object\" == typeof e && e && e.__esModule) return e; var r = Object.create(null); if (i.r(r), Object.defineProperty(r, \"default\", { enumerable: !0, value: e }), 2 & t && \"string\" != typeof e) for (var n in e) i.d(r, n, function (t) { return e[t] }.bind(null, n)); return r }, i.n = function (e) { var t = e && e.__esModule ? function () { return e.default } : function () { return e }; return i.d(t, \"a\", t), t }, i.o = function (e, t) { return Object.prototype.hasOwnProperty.call(e, t) }, i.p = \"\/\"; var l = this[\"webpackJsonpa4-utility\"] = this[\"webpackJsonpa4-utility\"] || [], a = l.push.bind(l); l.push = t, l = l.slice(); for (var f = 0; f < l.length; f++)t(l[f]); var p = a; r() }([])<\/script>[\/vc_column_inner][\/vc_row_inner][\/vc_column][\/vc_row][vc_row wrapper=\u00a0\u00bbtrue\u00a0\u00bb holder_set_padding=\u00a0\u00bbtrue\u00a0\u00bb holder_padding=\u00a0\u00bbu-padding-vertical\u00a0\u00bb][vc_column width=\u00a0\u00bb1\/3&Prime;]<div class=\"c-mediabox u-margin-bottom\">\n<div class=\" o-media\">\n<div class=\"o-media__img\">\n<div class=\"ico-wrap ico-wrap--center\"><i class=\"ico ico--xl fal fa-file-check\"><\/i><\/div>\n<\/div>\n<div class=\"o-media__body\">\n<h4>Validation batch<\/h4>\n<p>Avec Address4 vous pouvez valider votre base de donn\u00e9es d\u2019adresses postales via Internet tr\u00e8s rapidement et \u00e0 moindre co\u00fbt.<\/p><\/div>\n<\/div>\n<\/div>\n[\/vc_column][vc_column width=\u00a0\u00bb1\/3&Prime;]<div class=\"c-mediabox u-margin-bottom\">\n<div class=\" o-media\">\n<div class=\"o-media__img\">\n<div class=\"ico-wrap ico-wrap--center\"><i class=\"ico ico--xl fab fa-cloudscale\"><\/i><\/div>\n<\/div>\n<div class=\"o-media__body\">\n<h4>Performance \u00e9lev\u00e9e<\/h4>\n<p>V\u00e9rifier et valider des donn\u00e9es permet de supprimer les erreurs et les informations incorrectes ou les doublons, mais aussi d\u2019enrichir le fichier en renseignant les champs manquants.<\/p><\/div>\n<\/div>\n<\/div>\n[\/vc_column][vc_column width=\u00a0\u00bb1\/3&Prime;]<div class=\"c-mediabox u-margin-bottom\">\n<div class=\" o-media\">\n<div class=\"o-media__img\">\n<div class=\"ico-wrap ico-wrap--center\"><i class=\"ico ico--xl fal fa-map-signs\"><\/i><\/div>\n<\/div>\n<div class=\"o-media__body\">\n<h4>Services Address4<\/h4>\n<p>G\u00e9ocodage, validation de nom, validation d\u2019adresse e-mail&#8230; Avec Address4 vous disposez de tout ce dont vous avez besoin pour accro\u00eetre l\u2019efficacit\u00e9 de votre entreprise.<\/p><\/div>\n<\/div>\n<\/div>\n[\/vc_column][\/vc_row][vc_row][vc_column][\/vc_column][\/vc_row]\n","protected":false},"excerpt":{"rendered":"The Latest From Our Blog","protected":false},"author":2,"featured_media":0,"parent":336,"menu_order":0,"comment_status":"closed","ping_status":"closed","template":"templates\/template-fullwidth.php","meta":{"footnotes":""},"class_list":["post-1013","page","type-page","status-publish","hentry"],"yoast_head":"<!-- This site is optimized with the Yoast SEO plugin v26.8 - https:\/\/yoast.com\/product\/yoast-seo-wordpress\/ -->\n<title>Service de validation d\u2019adresse en mode batch - Address4<\/title>\n<meta name=\"description\" content=\"Address4 un service en ligne de validation d\u2019adresse en mode batch. Envoyez-nous votre fichier d\u00e8s maintenant \u2013 Essayez-le gratuitement !\" \/>\n<meta name=\"robots\" content=\"index, follow, max-snippet:-1, max-image-preview:large, max-video-preview:-1\" \/>\n<link rel=\"canonical\" href=\"https:\/\/www.address4.com\/fr\/services\/validation-adresse-internationale\/validation-adresse-batch\" \/>\n<meta property=\"og:locale\" content=\"fr_FR\" \/>\n<meta property=\"og:type\" content=\"article\" \/>\n<meta property=\"og:title\" content=\"Service de validation d\u2019adresse en mode batch - Address4\" \/>\n<meta property=\"og:description\" content=\"Address4 un service en ligne de validation d\u2019adresse en mode batch. Envoyez-nous votre fichier d\u00e8s maintenant \u2013 Essayez-le gratuitement !\" \/>\n<meta property=\"og:url\" content=\"https:\/\/www.address4.com\/fr\/services\/validation-adresse-internationale\/validation-adresse-batch\" \/>\n<meta property=\"og:site_name\" content=\"Address 4\" \/>\n<meta property=\"article:modified_time\" content=\"2022-10-17T09:56:23+00:00\" \/>\n<meta name=\"twitter:card\" content=\"summary_large_image\" \/>\n<meta name=\"twitter:label1\" content=\"Dur\u00e9e de lecture estim\u00e9e\" \/>\n\t<meta name=\"twitter:data1\" content=\"2 minutes\" \/>\n<script type=\"application\/ld+json\" class=\"yoast-schema-graph\">{\"@context\":\"https:\/\/schema.org\",\"@graph\":[{\"@type\":\"WebPage\",\"@id\":\"https:\/\/www.address4.com\/fr\/services\/validation-adresse-internationale\/validation-adresse-batch\",\"url\":\"https:\/\/www.address4.com\/fr\/services\/validation-adresse-internationale\/validation-adresse-batch\",\"name\":\"Service de validation d\u2019adresse en mode batch - Address4\",\"isPartOf\":{\"@id\":\"https:\/\/www.address4.com\/#website\"},\"datePublished\":\"2018-03-23T13:11:37+00:00\",\"dateModified\":\"2022-10-17T09:56:23+00:00\",\"description\":\"Address4 un service en ligne de validation d\u2019adresse en mode batch. Envoyez-nous votre fichier d\u00e8s maintenant \u2013 Essayez-le gratuitement !\",\"breadcrumb\":{\"@id\":\"https:\/\/www.address4.com\/fr\/services\/validation-adresse-internationale\/validation-adresse-batch#breadcrumb\"},\"inLanguage\":\"fr-FR\",\"potentialAction\":[{\"@type\":\"ReadAction\",\"target\":[\"https:\/\/www.address4.com\/fr\/services\/validation-adresse-internationale\/validation-adresse-batch\"]}]},{\"@type\":\"BreadcrumbList\",\"@id\":\"https:\/\/www.address4.com\/fr\/services\/validation-adresse-internationale\/validation-adresse-batch#breadcrumb\",\"itemListElement\":[{\"@type\":\"ListItem\",\"position\":1,\"name\":\"Home\",\"item\":\"https:\/\/www.address4.com\/fr\"},{\"@type\":\"ListItem\",\"position\":2,\"name\":\"Services\",\"item\":\"https:\/\/www.address4.com\/fr\/services\"},{\"@type\":\"ListItem\",\"position\":3,\"name\":\"Validation d\u2019adresse\",\"item\":\"https:\/\/www.address4.com\/fr\/services\/validation-adresse-internationale\"},{\"@type\":\"ListItem\",\"position\":4,\"name\":\"Mode batch\"}]},{\"@type\":\"WebSite\",\"@id\":\"https:\/\/www.address4.com\/#website\",\"url\":\"https:\/\/www.address4.com\/\",\"name\":\"Address 4\",\"description\":\"Address Verification Service For Your Business\",\"potentialAction\":[{\"@type\":\"SearchAction\",\"target\":{\"@type\":\"EntryPoint\",\"urlTemplate\":\"https:\/\/www.address4.com\/?s={search_term_string}\"},\"query-input\":{\"@type\":\"PropertyValueSpecification\",\"valueRequired\":true,\"valueName\":\"search_term_string\"}}],\"inLanguage\":\"fr-FR\"}]}<\/script>\n<!-- \/ Yoast SEO plugin. -->","yoast_head_json":{"title":"Service de validation d\u2019adresse en mode batch - Address4","description":"Address4 un service en ligne de validation d\u2019adresse en mode batch. Envoyez-nous votre fichier d\u00e8s maintenant \u2013 Essayez-le gratuitement !","robots":{"index":"index","follow":"follow","max-snippet":"max-snippet:-1","max-image-preview":"max-image-preview:large","max-video-preview":"max-video-preview:-1"},"canonical":"https:\/\/www.address4.com\/fr\/services\/validation-adresse-internationale\/validation-adresse-batch","og_locale":"fr_FR","og_type":"article","og_title":"Service de validation d\u2019adresse en mode batch - Address4","og_description":"Address4 un service en ligne de validation d\u2019adresse en mode batch. Envoyez-nous votre fichier d\u00e8s maintenant \u2013 Essayez-le gratuitement !","og_url":"https:\/\/www.address4.com\/fr\/services\/validation-adresse-internationale\/validation-adresse-batch","og_site_name":"Address 4","article_modified_time":"2022-10-17T09:56:23+00:00","twitter_card":"summary_large_image","twitter_misc":{"Dur\u00e9e de lecture estim\u00e9e":"2 minutes"},"schema":{"@context":"https:\/\/schema.org","@graph":[{"@type":"WebPage","@id":"https:\/\/www.address4.com\/fr\/services\/validation-adresse-internationale\/validation-adresse-batch","url":"https:\/\/www.address4.com\/fr\/services\/validation-adresse-internationale\/validation-adresse-batch","name":"Service de validation d\u2019adresse en mode batch - Address4","isPartOf":{"@id":"https:\/\/www.address4.com\/#website"},"datePublished":"2018-03-23T13:11:37+00:00","dateModified":"2022-10-17T09:56:23+00:00","description":"Address4 un service en ligne de validation d\u2019adresse en mode batch. Envoyez-nous votre fichier d\u00e8s maintenant \u2013 Essayez-le gratuitement !","breadcrumb":{"@id":"https:\/\/www.address4.com\/fr\/services\/validation-adresse-internationale\/validation-adresse-batch#breadcrumb"},"inLanguage":"fr-FR","potentialAction":[{"@type":"ReadAction","target":["https:\/\/www.address4.com\/fr\/services\/validation-adresse-internationale\/validation-adresse-batch"]}]},{"@type":"BreadcrumbList","@id":"https:\/\/www.address4.com\/fr\/services\/validation-adresse-internationale\/validation-adresse-batch#breadcrumb","itemListElement":[{"@type":"ListItem","position":1,"name":"Home","item":"https:\/\/www.address4.com\/fr"},{"@type":"ListItem","position":2,"name":"Services","item":"https:\/\/www.address4.com\/fr\/services"},{"@type":"ListItem","position":3,"name":"Validation d\u2019adresse","item":"https:\/\/www.address4.com\/fr\/services\/validation-adresse-internationale"},{"@type":"ListItem","position":4,"name":"Mode batch"}]},{"@type":"WebSite","@id":"https:\/\/www.address4.com\/#website","url":"https:\/\/www.address4.com\/","name":"Address 4","description":"Address Verification Service For Your Business","potentialAction":[{"@type":"SearchAction","target":{"@type":"EntryPoint","urlTemplate":"https:\/\/www.address4.com\/?s={search_term_string}"},"query-input":{"@type":"PropertyValueSpecification","valueRequired":true,"valueName":"search_term_string"}}],"inLanguage":"fr-FR"}]}},"_links":{"self":[{"href":"https:\/\/www.address4.com\/fr\/wp-json\/wp\/v2\/pages\/1013","targetHints":{"allow":["GET"]}}],"collection":[{"href":"https:\/\/www.address4.com\/fr\/wp-json\/wp\/v2\/pages"}],"about":[{"href":"https:\/\/www.address4.com\/fr\/wp-json\/wp\/v2\/types\/page"}],"author":[{"embeddable":true,"href":"https:\/\/www.address4.com\/fr\/wp-json\/wp\/v2\/users\/2"}],"replies":[{"embeddable":true,"href":"https:\/\/www.address4.com\/fr\/wp-json\/wp\/v2\/comments?post=1013"}],"version-history":[{"count":5,"href":"https:\/\/www.address4.com\/fr\/wp-json\/wp\/v2\/pages\/1013\/revisions"}],"predecessor-version":[{"id":4158,"href":"https:\/\/www.address4.com\/fr\/wp-json\/wp\/v2\/pages\/1013\/revisions\/4158"}],"up":[{"embeddable":true,"href":"https:\/\/www.address4.com\/fr\/wp-json\/wp\/v2\/pages\/336"}],"wp:attachment":[{"href":"https:\/\/www.address4.com\/fr\/wp-json\/wp\/v2\/media?parent=1013"}],"curies":[{"name":"wp","href":"https:\/\/api.w.org\/{rel}","templated":true}]}}