{"id":811,"date":"2018-03-08T12:15:29","date_gmt":"2018-03-08T12:15:29","guid":{"rendered":"http:\/\/www.address4.com\/?page_id=811"},"modified":"2021-03-09T12:54:50","modified_gmt":"2021-03-09T11:54:50","slug":"geocodificacion-inversa","status":"publish","type":"page","link":"https:\/\/www.address4.com\/es\/servicios\/geocodificacion-direcciones\/geocodificacion-inversa","title":{"rendered":"Geocodificaci\u00f3n inversa"},"content":{"rendered":"[vc_row wrapper=\u00bbtrue\u00bb holder_set_margin=\u00bbtrue\u00bb holder_margin=\u00bbu-margin-bottom\u00bb][vc_column]<div class=\"c-heading\"><h1 class=\" u-h1 u-text-center\">Geocodificaci\u00f3n inversa<\/h1><\/div><div class=\"c-heading\"><h3 class=\" u-h3 u-text-normal u-text-center\">La funci\u00f3n de Address 4 de geocodificaci\u00f3n inversa es ideal para cualquiera que necesite localizar la ubicaci\u00f3n y direcci\u00f3n exacta mediante coordenadas geogr\u00e1ficas.<\/h3><\/div>[\/vc_column][\/vc_row][vc_row wrapper=\u00bbtrue\u00bb holder_set_margin=\u00bbtrue\u00bb holder_margin=\u00bbu-margin-bottom\u00bb][vc_column width=\u00bb5\/12&#8243;]<div class=\"c-image\"><img loading=\"lazy\" decoding=\"async\" width=\"550\" height=\"321\" src=\"https:\/\/www.address4.com\/wp-content\/uploads\/2018\/03\/reverse-geocoding.jpg\" class=\" u-margin-bottom aligncenter\" alt=\"reverse geocoding\" srcset=\"https:\/\/www.address4.com\/wp-content\/uploads\/2018\/03\/reverse-geocoding.jpg 550w, https:\/\/www.address4.com\/wp-content\/uploads\/2018\/03\/reverse-geocoding-300x175.jpg 300w\" sizes=\"auto, (max-width: 550px) 100vw, 550px\" \/><\/div>[\/vc_column][vc_column width=\u00bb7\/12&#8243;]<div class=\"c-heading\"><h3>Encuentra la direcci\u00f3n correcta con un clic.<\/h3><\/div>[vc_column_text]La longitud y la latitud son los datos necesarios suficientes para identificar la ubicaci\u00f3n geogr\u00e1fica correspondiente y la direcci\u00f3n correcta, para poder enviar material publicitario o productos. Address 4 convierte en autom\u00e1tico este proceso mediante su\u00a0<strong>servicio online de geocodificaci\u00f3n inversa<\/strong>.<br \/>\nLos desarrolladores web, los integradores de sistemas y los profesionales pueden comprobar personalmente la\u00a0<strong>versi\u00f3n de prueba gratuita de geocodificaci\u00f3n inversa<\/strong>\u00a0rellenando la m\u00e1scara y enviando los datos. Pru\u00e9balo ahora sin necesidad de registro previo.[\/vc_column_text]<a class=\"c-button u-margin-right u-margin-bottom c-button--secondary\" href=\"https:\/\/www.address4.com\/free-address-validation-services\">Pru\u00e9balo gratis<\/a>[\/vc_column][\/vc_row][vc_row][vc_column]<div class=\"templatera_shortcode\"><div class=\"o-holder u-background-light u-margin-bottom-large u-padding-vertical-large\"><div class=\" o-wrapper\"><div class=\"grid-1\"><div class=\"col _lap-and-up-8\" ><div class=\"c-heading\"><h3>No te pierdas el \u201cAhorro de costes y validaci\u00f3n de direcciones\u201d<\/h3><\/div><div class=\"c-heading\"><h3>DESCARGA GRATIS nuestro eBook y descubre c\u00f3mo mejorar la calidad de tus datos<\/h3><\/div><div class=\"c-text-block\"><p>Completa gu\u00eda con todos los beneficios econ\u00f3micos de la validaci\u00f3n<\/p>\n <\/div><a class=\"c-button c-button--secondary\" href=\"https:\/\/www.address4.com\/ebook-1\">Descarga eBook<\/a><\/div><div class=\"col _lap-and-up-4\" ><div class=\"c-image\"><a href=\"https:\/\/www.address4.com\/ebook-1\"><img loading=\"lazy\" decoding=\"async\" width=\"205\" height=\"286\" src=\"https:\/\/www.address4.com\/wp-content\/uploads\/2018\/03\/ebook-address-validation-cost-saving-S.png\" class=\" alignone\" alt=\"ebook-address-validation-cost-saving-S\" \/><\/a><\/div><\/div>\n<\/div><\/div><\/div><\/div>[\/vc_column][\/vc_row][vc_row wrapper=\u00bbtrue\u00bb holder_set_margin=\u00bbtrue\u00bb holder_margin=\u00bbu-margin-bottom\u00bb][vc_column]<div class=\"c-heading\"><h3>Geocodificaci\u00f3n inversa a medida del usuario<\/h3><\/div>[vc_column_text]Con la geocodificaci\u00f3n inversa podr\u00e1s obtener direcciones completas y validadas a partir de las coordenadas geogr\u00e1ficas \u00fanicamente. El sistema solicita la entrada manual de la longitud y la latitud y luego es capaz de devolver la direcci\u00f3n asociada, despu\u00e9s de comprobar posibles errores, corregirlos y mejorar la direcci\u00f3n con cualquier dato que falte.<\/p>\n<p>El m\u00e9todo online permite entradas individuales, y el modo en lote permite la geocodificaci\u00f3n inversa de archivos con hasta cientos de miles de entradas. Los datos se actualizan constantemente para garantizar un servicio eficaz en m\u00e1s de 250 pa\u00edses del mundo.<\/p>\n<p>Address 4 est\u00e1 disponible 24\/7 desde cualquier dispositivo, sin necesidad de instalar plugins o programas. Gracias a los sencillos gr\u00e1ficos del software, los usuarios podr\u00e1n gestionar de manera aut\u00f3noma toda la operaci\u00f3n de geocodificaci\u00f3n inversa tantas veces como necesiten en su negocio, con la seguridad de obtener resultados precisos, fiables y r\u00e1pidos.[\/vc_column_text][\/vc_column][\/vc_row][vc_row][vc_column]<div class=\"templatera_shortcode\"><div class=\"o-holder u-background-light u-margin-bottom-large u-padding-vertical-large\"><div class=\"grid-1\"><div class=\"col _lap-and-up-12\" ><div class=\"c-heading\"><h3 class=\" u-h2 u-text-center\"> Prueba gratis Address 4<\/h3><\/div><div class=\"c-button-holder c-button-holder--center\"><a class=\"c-button c-button--center u-margin-bottom c-button--secondary\" href=\"https:\/\/www.address4.com\/free-address-validation-services\">Registrate<\/a><\/div><div class=\"c-heading\"><h3 class=\" u-text-center\">sin costes, sin compromiso, m\u00e1xima satisfacci\u00f3n<\/h3><\/div><\/div>\n<\/div><\/div><\/div>[\/vc_column][\/vc_row][vc_row wrapper=\u00bbtrue\u00bb holder_set_margin=\u00bbtrue\u00bb holder_margin=\u00bbu-margin-bottom-large\u00bb][vc_column width=\u00bb1\/3&#8243;]<div class=\"c-mediabox u-margin-bottom\">\n<div class=\" o-media\">\n<div class=\"o-media__img\">\n<div class=\"ico-wrap ico-wrap--center\"><i class=\"ico ico--xl fal fa-cloud-upload\"><\/i><\/div>\n<\/div>\n<div class=\"o-media__body\">\n<h4>Online o en lotes<\/h4>\n<p>La geocodificaci\u00f3n inversa de Address 4 funciona online o en lotes para miles de direcciones.<\/p><\/div>\n<\/div>\n<\/div>\n[\/vc_column][vc_column width=\u00bb1\/3&#8243;]<div class=\"c-mediabox u-margin-bottom\">\n<div class=\" o-media\">\n<div class=\"o-media__img\">\n<div class=\"ico-wrap ico-wrap--center\"><i class=\"ico ico--xl fal fa-chart-line\"><\/i><\/div>\n<\/div>\n<div class=\"o-media__body\">\n<h4>Mejora<\/h4>\n<p>Las direcciones que devuelve est\u00e1n mejoradas con el c\u00f3digo postal, la provincia y otros datos de utilidad.<\/p><\/div>\n<\/div>\n<\/div>\n[\/vc_column][vc_column width=\u00bb1\/3&#8243;]<div class=\"c-mediabox u-margin-bottom\">\n<div class=\" o-media\">\n<div class=\"o-media__img\">\n<div class=\"ico-wrap ico-wrap--center\"><i class=\"ico ico--xl fal fa-bullseye\"><\/i><\/div>\n<\/div>\n<div class=\"o-media__body\">\n<h4>Validaci\u00f3n autom\u00e1tica<\/h4>\n<p>Los datos de salida est\u00e1n ya validados autom\u00e1ticamente, lo que significa tiempo y recursos ahorrados.<\/p><\/div>\n<\/div>\n<\/div>\n[\/vc_column][\/vc_row][vc_row][vc_column][\/vc_column][\/vc_row]\n","protected":false},"excerpt":{"rendered":"The Latest From Our Blog","protected":false},"author":2,"featured_media":0,"parent":404,"menu_order":0,"comment_status":"closed","ping_status":"closed","template":"templates\/template-fullwidth.php","meta":{"footnotes":""},"class_list":["post-811","page","type-page","status-publish","hentry"],"yoast_head":"<!-- This site is optimized with the Yoast SEO plugin v26.8 - https:\/\/yoast.com\/product\/yoast-seo-wordpress\/ -->\n<title>Geocodificaci\u00f3n inversa a medida del usuario - Address4<\/title>\n<meta name=\"description\" content=\"Con el servicio online de geocodificaci\u00f3n inversa podr\u00e1s obtener direcciones completes a partir de las coordenadas geogr\u00e1ficas. \u00a1Pru\u00e9balo ahora!\" \/>\n<meta name=\"robots\" content=\"index, follow, max-snippet:-1, max-image-preview:large, max-video-preview:-1\" \/>\n<link rel=\"canonical\" href=\"https:\/\/www.address4.com\/es\/servicios\/geocodificacion-direcciones\/geocodificacion-inversa\" \/>\n<meta property=\"og:locale\" content=\"es_ES\" \/>\n<meta property=\"og:type\" content=\"article\" \/>\n<meta property=\"og:title\" content=\"Geocodificaci\u00f3n inversa a medida del usuario - Address4\" \/>\n<meta property=\"og:description\" content=\"Con el servicio online de geocodificaci\u00f3n inversa podr\u00e1s obtener direcciones completes a partir de las coordenadas geogr\u00e1ficas. \u00a1Pru\u00e9balo ahora!\" \/>\n<meta property=\"og:url\" content=\"https:\/\/www.address4.com\/es\/servicios\/geocodificacion-direcciones\/geocodificacion-inversa\" \/>\n<meta property=\"og:site_name\" content=\"Address 4\" \/>\n<meta property=\"article:modified_time\" content=\"2021-03-09T11:54:50+00:00\" \/>\n<meta name=\"twitter:card\" content=\"summary_large_image\" \/>\n<meta name=\"twitter:label1\" content=\"Tiempo de lectura\" \/>\n\t<meta name=\"twitter:data1\" content=\"2 minutos\" \/>\n<script type=\"application\/ld+json\" class=\"yoast-schema-graph\">{\"@context\":\"https:\/\/schema.org\",\"@graph\":[{\"@type\":\"WebPage\",\"@id\":\"https:\/\/www.address4.com\/es\/servicios\/geocodificacion-direcciones\/geocodificacion-inversa\",\"url\":\"https:\/\/www.address4.com\/es\/servicios\/geocodificacion-direcciones\/geocodificacion-inversa\",\"name\":\"Geocodificaci\u00f3n inversa a medida del usuario - Address4\",\"isPartOf\":{\"@id\":\"https:\/\/www.address4.com\/#website\"},\"datePublished\":\"2018-03-08T12:15:29+00:00\",\"dateModified\":\"2021-03-09T11:54:50+00:00\",\"description\":\"Con el servicio online de geocodificaci\u00f3n inversa podr\u00e1s obtener direcciones completes a partir de las coordenadas geogr\u00e1ficas. \u00a1Pru\u00e9balo ahora!\",\"breadcrumb\":{\"@id\":\"https:\/\/www.address4.com\/es\/servicios\/geocodificacion-direcciones\/geocodificacion-inversa#breadcrumb\"},\"inLanguage\":\"es\",\"potentialAction\":[{\"@type\":\"ReadAction\",\"target\":[\"https:\/\/www.address4.com\/es\/servicios\/geocodificacion-direcciones\/geocodificacion-inversa\"]}]},{\"@type\":\"BreadcrumbList\",\"@id\":\"https:\/\/www.address4.com\/es\/servicios\/geocodificacion-direcciones\/geocodificacion-inversa#breadcrumb\",\"itemListElement\":[{\"@type\":\"ListItem\",\"position\":1,\"name\":\"Home\",\"item\":\"https:\/\/www.address4.com\/es\"},{\"@type\":\"ListItem\",\"position\":2,\"name\":\"Servicios\",\"item\":\"https:\/\/www.address4.com\/es\/servicios\"},{\"@type\":\"ListItem\",\"position\":3,\"name\":\"Geocodificaci\u00f3n de direcciones\",\"item\":\"https:\/\/www.address4.com\/es\/servicios\/geocodificacion-direcciones\"},{\"@type\":\"ListItem\",\"position\":4,\"name\":\"Geocodificaci\u00f3n inversa\"}]},{\"@type\":\"WebSite\",\"@id\":\"https:\/\/www.address4.com\/#website\",\"url\":\"https:\/\/www.address4.com\/\",\"name\":\"Address 4\",\"description\":\"Address Verification Service For Your Business\",\"potentialAction\":[{\"@type\":\"SearchAction\",\"target\":{\"@type\":\"EntryPoint\",\"urlTemplate\":\"https:\/\/www.address4.com\/?s={search_term_string}\"},\"query-input\":{\"@type\":\"PropertyValueSpecification\",\"valueRequired\":true,\"valueName\":\"search_term_string\"}}],\"inLanguage\":\"es\"}]}<\/script>\n<!-- \/ Yoast SEO plugin. -->","yoast_head_json":{"title":"Geocodificaci\u00f3n inversa a medida del usuario - Address4","description":"Con el servicio online de geocodificaci\u00f3n inversa podr\u00e1s obtener direcciones completes a partir de las coordenadas geogr\u00e1ficas. \u00a1Pru\u00e9balo ahora!","robots":{"index":"index","follow":"follow","max-snippet":"max-snippet:-1","max-image-preview":"max-image-preview:large","max-video-preview":"max-video-preview:-1"},"canonical":"https:\/\/www.address4.com\/es\/servicios\/geocodificacion-direcciones\/geocodificacion-inversa","og_locale":"es_ES","og_type":"article","og_title":"Geocodificaci\u00f3n inversa a medida del usuario - Address4","og_description":"Con el servicio online de geocodificaci\u00f3n inversa podr\u00e1s obtener direcciones completes a partir de las coordenadas geogr\u00e1ficas. \u00a1Pru\u00e9balo ahora!","og_url":"https:\/\/www.address4.com\/es\/servicios\/geocodificacion-direcciones\/geocodificacion-inversa","og_site_name":"Address 4","article_modified_time":"2021-03-09T11:54:50+00:00","twitter_card":"summary_large_image","twitter_misc":{"Tiempo de lectura":"2 minutos"},"schema":{"@context":"https:\/\/schema.org","@graph":[{"@type":"WebPage","@id":"https:\/\/www.address4.com\/es\/servicios\/geocodificacion-direcciones\/geocodificacion-inversa","url":"https:\/\/www.address4.com\/es\/servicios\/geocodificacion-direcciones\/geocodificacion-inversa","name":"Geocodificaci\u00f3n inversa a medida del usuario - Address4","isPartOf":{"@id":"https:\/\/www.address4.com\/#website"},"datePublished":"2018-03-08T12:15:29+00:00","dateModified":"2021-03-09T11:54:50+00:00","description":"Con el servicio online de geocodificaci\u00f3n inversa podr\u00e1s obtener direcciones completes a partir de las coordenadas geogr\u00e1ficas. \u00a1Pru\u00e9balo ahora!","breadcrumb":{"@id":"https:\/\/www.address4.com\/es\/servicios\/geocodificacion-direcciones\/geocodificacion-inversa#breadcrumb"},"inLanguage":"es","potentialAction":[{"@type":"ReadAction","target":["https:\/\/www.address4.com\/es\/servicios\/geocodificacion-direcciones\/geocodificacion-inversa"]}]},{"@type":"BreadcrumbList","@id":"https:\/\/www.address4.com\/es\/servicios\/geocodificacion-direcciones\/geocodificacion-inversa#breadcrumb","itemListElement":[{"@type":"ListItem","position":1,"name":"Home","item":"https:\/\/www.address4.com\/es"},{"@type":"ListItem","position":2,"name":"Servicios","item":"https:\/\/www.address4.com\/es\/servicios"},{"@type":"ListItem","position":3,"name":"Geocodificaci\u00f3n de direcciones","item":"https:\/\/www.address4.com\/es\/servicios\/geocodificacion-direcciones"},{"@type":"ListItem","position":4,"name":"Geocodificaci\u00f3n inversa"}]},{"@type":"WebSite","@id":"https:\/\/www.address4.com\/#website","url":"https:\/\/www.address4.com\/","name":"Address 4","description":"Address Verification Service For Your Business","potentialAction":[{"@type":"SearchAction","target":{"@type":"EntryPoint","urlTemplate":"https:\/\/www.address4.com\/?s={search_term_string}"},"query-input":{"@type":"PropertyValueSpecification","valueRequired":true,"valueName":"search_term_string"}}],"inLanguage":"es"}]}},"_links":{"self":[{"href":"https:\/\/www.address4.com\/es\/wp-json\/wp\/v2\/pages\/811","targetHints":{"allow":["GET"]}}],"collection":[{"href":"https:\/\/www.address4.com\/es\/wp-json\/wp\/v2\/pages"}],"about":[{"href":"https:\/\/www.address4.com\/es\/wp-json\/wp\/v2\/types\/page"}],"author":[{"embeddable":true,"href":"https:\/\/www.address4.com\/es\/wp-json\/wp\/v2\/users\/2"}],"replies":[{"embeddable":true,"href":"https:\/\/www.address4.com\/es\/wp-json\/wp\/v2\/comments?post=811"}],"version-history":[{"count":4,"href":"https:\/\/www.address4.com\/es\/wp-json\/wp\/v2\/pages\/811\/revisions"}],"predecessor-version":[{"id":3227,"href":"https:\/\/www.address4.com\/es\/wp-json\/wp\/v2\/pages\/811\/revisions\/3227"}],"up":[{"embeddable":true,"href":"https:\/\/www.address4.com\/es\/wp-json\/wp\/v2\/pages\/404"}],"wp:attachment":[{"href":"https:\/\/www.address4.com\/es\/wp-json\/wp\/v2\/media?parent=811"}],"curies":[{"name":"wp","href":"https:\/\/api.w.org\/{rel}","templated":true}]}}