{"id":805,"date":"2018-03-08T11:47:44","date_gmt":"2018-03-08T11:47:44","guid":{"rendered":"http:\/\/www.address4.com\/?page_id=805"},"modified":"2021-09-10T18:02:04","modified_gmt":"2021-09-10T17:02:04","slug":"geocodificacion-lotes-direcciones","status":"publish","type":"page","link":"https:\/\/www.address4.com\/es\/servicios\/geocodificacion-direcciones\/geocodificacion-lotes-direcciones","title":{"rendered":"Procesamiento por lotes"},"content":{"rendered":"[vc_row wrapper=\u00bbtrue\u00bb holder_set_margin=\u00bbtrue\u00bb holder_margin=\u00bbu-margin-bottom\u00bb][vc_column]<div class=\"c-heading\"><h1 class=\" u-h1 u-text-center\">Geocodifica lotes de direcciones<\/h1><\/div><div class=\"c-heading\"><h3 class=\" u-h3 u-text-normal u-text-center\">Geocodifica tus direcciones internacionales en grandes cantidades<\/h3><\/div>[\/vc_column][\/vc_row][vc_row wrapper=\u00bbtrue\u00bb holder_set_margin=\u00bbtrue\u00bb holder_margin=\u00bbu-margin-bottom\u00bb][vc_column width=\u00bb5\/12&#8243;]<div class=\"c-image\"><a href=\"https:\/\/www.address4.com\/free-address-validation-services\"><img loading=\"lazy\" decoding=\"async\" width=\"700\" height=\"448\" src=\"https:\/\/www.address4.com\/wp-content\/uploads\/2021\/03\/geocodifica-lotes-de-direcciones.jpg\" class=\" u-margin-bottom aligncenter\" alt=\"Geocodifica lotes de direcciones\" srcset=\"https:\/\/www.address4.com\/wp-content\/uploads\/2021\/03\/geocodifica-lotes-de-direcciones.jpg 700w, https:\/\/www.address4.com\/wp-content\/uploads\/2021\/03\/geocodifica-lotes-de-direcciones-300x192.jpg 300w\" sizes=\"auto, (max-width: 700px) 100vw, 700px\" \/><\/a><\/div>[\/vc_column][vc_column width=\u00bb7\/12&#8243;]<div class=\"c-heading\"><h3>Geocodifica lotes de direcciones en internet<\/h3><\/div>[vc_column_text]\n<div class=\"row-fluid-wrapper row-depth-1 row-number-5 \">\n<div class=\"row-fluid \">\n<div class=\"span12 widget-span widget-type-cell \" data-widget-type=\"cell\" data-x=\"0\" data-w=\"12\">\n<div class=\"row-fluid-wrapper row-depth-1 row-number-6 \">\n<div class=\"row-fluid \">\n<div class=\"span12 widget-span widget-type-cell \" data-widget-type=\"cell\" data-x=\"0\" data-w=\"12\">\n<div class=\"row-fluid-wrapper row-depth-1 row-number-7 \">\n<div class=\"row-fluid \">\n<div class=\"span6 widget-span widget-type-rich_text \" data-widget-type=\"rich_text\" data-x=\"6\" data-w=\"6\">\n<div class=\"cell-wrapper layout-widget-wrapper\">\n<p><strong><a href=\"https:\/\/www.address4.com\/es\/free-trial\">Rellena el formulario<\/a><\/strong> para ver una demostraci\u00f3n sobre c\u00f3mo\u00a0<strong>geocodificar lotes de direcciones<\/strong>. No hace falta registrarse, solo introduce los datos, adjunta la base de datos y env\u00eda tu solicitud.<br \/>\nAddress 4 comprobar\u00e1 <strong>la latitud y longitud de cada direcci\u00f3n<\/strong> e inmediatamente recibir\u00e1s un informe gratuito.<\/p>\n<p>Subir la base de datos es extremadamente f\u00e1cil. Simplemente m\u00e1ndanos un archivo y procesaremos tu solicitud r\u00e1pidamente.<\/p>\n<\/div>\n<\/div>\n<\/div>\n<\/div>\n<div class=\"row-fluid-wrapper row-depth-1 row-number-8 \">\n<div class=\"row-fluid \">\n<div class=\"span6 widget-span widget-type-rich_text \" data-widget-type=\"rich_text\" data-x=\"0\" data-w=\"6\">\n<div class=\"cell-wrapper layout-widget-wrapper\"><\/div>\n<\/div>\n<div class=\"span6 widget-span widget-type-rich_text \" data-widget-type=\"rich_text\" data-x=\"6\" data-w=\"6\">\n<div class=\"cell-wrapper layout-widget-wrapper\"><\/div>\n<\/div>\n<\/div>\n<\/div>\n<div class=\"row-fluid-wrapper row-depth-1 row-number-9 \">\n<div class=\"row-fluid \">\n<div class=\"span12 widget-span widget-type-rich_text \" data-widget-type=\"rich_text\" data-x=\"0\" data-w=\"12\">\n<div class=\"cell-wrapper layout-widget-wrapper\"><\/div>\n<\/div>\n<\/div>\n<\/div>\n<\/div>\n<\/div>\n<\/div>\n<div class=\"row-fluid-wrapper row-depth-1 row-number-10 \">\n<div class=\"row-fluid \">\n<div class=\"span2 widget-span widget-type-rich_text \" data-widget-type=\"rich_text\" data-x=\"0\" data-w=\"2\">\n<div class=\"cell-wrapper layout-widget-wrapper\"><\/div>\n<\/div>\n<div class=\"span3 widget-span widget-type-rich_text \" data-widget-type=\"rich_text\" data-x=\"2\" data-w=\"3\">\n<div class=\"cell-wrapper layout-widget-wrapper\"><\/div>\n<\/div>\n<div class=\"span7 widget-span widget-type-rich_text \" data-widget-type=\"rich_text\" data-x=\"5\" data-w=\"7\">\n<div class=\"cell-wrapper layout-widget-wrapper\"><\/div>\n<\/div>\n<\/div>\n<\/div>\n<div class=\"row-fluid-wrapper row-depth-1 row-number-11 \">\n<div class=\"row-fluid \">\n<div class=\"span12 widget-span widget-type-space \" data-widget-type=\"space\" data-x=\"0\" data-w=\"12\">\n<div class=\"cell-wrapper layout-widget-wrapper\"><\/div>\n<\/div>\n<\/div>\n<\/div>\n<\/div>\n<\/div>\n<\/div>\n<div class=\"row-fluid-wrapper row-depth-1 row-number-12 \">\n<div class=\"row-fluid \">\n<div class=\"span12 widget-span widget-type-global_group colored-bg-fullwidth large-padding light-gray\" data-widget-type=\"global_group\" data-x=\"0\" data-w=\"12\">\n<div class=\"\" data-global-widget-path=\"generated_global_groups\/4772628840.html\">\n<div class=\"row-fluid-wrapper row-depth-1 row-number-1 \">\n<div class=\"row-fluid \">\n<div class=\"span9 widget-span widget-type-rich_text \" data-widget-type=\"rich_text\" data-x=\"0\" data-w=\"9\">\n<div class=\"cell-wrapper layout-widget-wrapper\"><\/div>\n<\/div>\n<\/div>\n<\/div>\n<\/div>\n<\/div>\n<\/div>\n<\/div>\n[\/vc_column_text]<a class=\"c-button u-margin-right u-margin-bottom c-button--secondary\" href=\"https:\/\/www.address4.com\/free-address-validation-services\">Pru\u00e9balo gratis<\/a>[\/vc_column][\/vc_row][vc_row][vc_column]<div class=\"templatera_shortcode\"><div class=\"o-holder u-background-light u-margin-bottom-large u-padding-vertical-large\"><div class=\" o-wrapper\"><div class=\"grid-1\"><div class=\"col _lap-and-up-8\" ><div class=\"c-heading\"><h3>No te pierdas el \u201cAhorro de costes y validaci\u00f3n de direcciones\u201d<\/h3><\/div><div class=\"c-heading\"><h3>DESCARGA GRATIS nuestro eBook y descubre c\u00f3mo mejorar la calidad de tus datos<\/h3><\/div><div class=\"c-text-block\"><p>Completa gu\u00eda con todos los beneficios econ\u00f3micos de la validaci\u00f3n<\/p>\n <\/div><a class=\"c-button c-button--secondary\" href=\"https:\/\/www.address4.com\/ebook-1\">Descarga eBook<\/a><\/div><div class=\"col _lap-and-up-4\" ><div class=\"c-image\"><a href=\"https:\/\/www.address4.com\/ebook-1\"><img loading=\"lazy\" decoding=\"async\" width=\"205\" height=\"286\" src=\"https:\/\/www.address4.com\/wp-content\/uploads\/2018\/03\/ebook-address-validation-cost-saving-S.png\" class=\" alignone\" alt=\"ebook-address-validation-cost-saving-S\" \/><\/a><\/div><\/div>\n<\/div><\/div><\/div><\/div>[\/vc_column][\/vc_row][vc_row wrapper=\u00bbtrue\u00bb holder_set_margin=\u00bbtrue\u00bb holder_margin=\u00bbu-margin-bottom\u00bb][vc_column width=\u00bb5\/12&#8243;]<div class=\"c-image\"><img loading=\"lazy\" decoding=\"async\" width=\"400\" height=\"300\" src=\"https:\/\/www.address4.com\/wp-content\/uploads\/2021\/03\/geocodifica-batch-lotes-de-direcciones.jpg\" class=\" u-margin-bottom aligncenter\" alt=\"Geocodifica batch de lotes de direcciones\" srcset=\"https:\/\/www.address4.com\/wp-content\/uploads\/2021\/03\/geocodifica-batch-lotes-de-direcciones.jpg 400w, https:\/\/www.address4.com\/wp-content\/uploads\/2021\/03\/geocodifica-batch-lotes-de-direcciones-300x225.jpg 300w\" sizes=\"auto, (max-width: 400px) 100vw, 400px\" \/><\/div>[\/vc_column][vc_column width=\u00bb7\/12&#8243;]<div class=\"c-heading\"><h3>La herramienta online para geocodificar lotes de direcciones<\/h3><\/div>[vc_column_text]El objetivo de Address 4 es garantizar que la\u00a0<strong>geocodificaci\u00f3n de lotes de direcciones<\/strong>\u00a0es completa y precisa; se puede acceder a este servicio online en cualquier momento y desde cualquier lugar del mundo a trav\u00e9s de internet. Gracias a sus m\u00faltiples funciones, el valor de nuestro software es incalculable para el desarrollo de API, herramientas y aplicaciones que pueden integrarse en las p\u00e1ginas web, plataformas o programas inform\u00e1ticos de gesti\u00f3n.<\/p>\n<p>Podr\u00e1s calcular direcciones y distancias entre dos o m\u00e1s puntos y la latitud y longitud de un lugar concreto; identificar la ubicaci\u00f3n m\u00e1s cercana a un punto de inter\u00e9s; determinar la mejor ruta en t\u00e9rminos de tiempo y coste; y mucho m\u00e1s. Con Address 4, los integradores de sistemas, los desarrolladores y los profesionales inform\u00e1ticos, descubrir\u00e1n oportunidades infinitas para geocodificar lotes de direcciones que exceder\u00e1n sus expectativas.<\/p>\n<p>Esta es la mejor manera de reforzar tu negocio y conseguir un mayor nivel de competitividad en m\u00e1s de 250 pa\u00edses de Europa, Asia, \u00c1frica, Ocean\u00eda y Am\u00e9rica.[\/vc_column_text][\/vc_column][\/vc_row][vc_row][vc_column]<div class=\"templatera_shortcode\"><div class=\"o-holder u-background-light u-margin-bottom-large u-padding-vertical-large\"><div class=\"grid-1\"><div class=\"col _lap-and-up-12\" ><div class=\"c-heading\"><h3 class=\" u-h2 u-text-center\"> Prueba gratis Address 4<\/h3><\/div><div class=\"c-button-holder c-button-holder--center\"><a class=\"c-button c-button--center u-margin-bottom c-button--secondary\" href=\"https:\/\/www.address4.com\/free-address-validation-services\">Registrate<\/a><\/div><div class=\"c-heading\"><h3 class=\" u-text-center\">sin costes, sin compromiso, m\u00e1xima satisfacci\u00f3n<\/h3><\/div><\/div>\n<\/div><\/div><\/div>[\/vc_column][\/vc_row][vc_row wrapper=\u00bbtrue\u00bb holder_set_margin=\u00bbtrue\u00bb holder_margin=\u00bbu-margin-bottom-large\u00bb][vc_column width=\u00bb1\/3&#8243;]<div class=\"c-mediabox u-margin-bottom\">\n<div class=\" o-media\">\n<div class=\"o-media__img\">\n<div class=\"ico-wrap ico-wrap--center\"><i class=\"ico ico--xl fal fa-check\"><\/i><\/div>\n<\/div>\n<div class=\"o-media__body\">\n<h4>Rendimiento y calidad<\/h4>\n<p>La geocodificaci\u00f3n de bases de datos con Address 4 ofrece una garant\u00eda a los que buscan obtener alto rendimiento y calidad a precios asequibles.<\/p><\/div>\n<\/div>\n<\/div>\n[\/vc_column][vc_column width=\u00bb1\/3&#8243;]<div class=\"c-mediabox u-margin-bottom\">\n<div class=\" o-media\">\n<div class=\"o-media__img\">\n<div class=\"ico-wrap ico-wrap--center\"><i class=\"ico ico--xl fal fa-server\"><\/i><\/div>\n<\/div>\n<div class=\"o-media__body\">\n<h4>M\u00faltiples entradas<\/h4>\n<p>Administra m\u00faltiples entradas para mejorar la eficacia de tu gesti\u00f3n de bases de datos.<\/p><\/div>\n<\/div>\n<\/div>\n[\/vc_column][vc_column width=\u00bb1\/3&#8243;]<div class=\"c-mediabox u-margin-bottom\">\n<div class=\" o-media\">\n<div class=\"o-media__img\">\n<div class=\"ico-wrap ico-wrap--center\"><i class=\"ico ico--xl fal fa-comments\"><\/i><\/div>\n<\/div>\n<div class=\"o-media__body\">\n<h4>Completa autonom\u00eda<\/h4>\n<p>Address 4 est\u00e1 disponible online las 24 horas del d\u00eda, para cualquier tipo de sistema operativo, y garantiza un control absoluto.<\/p><\/div>\n<\/div>\n<\/div>\n[\/vc_column][\/vc_row][vc_row][vc_column][\/vc_column][\/vc_row]\n","protected":false},"excerpt":{"rendered":"The Latest From Our Blog","protected":false},"author":2,"featured_media":0,"parent":404,"menu_order":0,"comment_status":"closed","ping_status":"closed","template":"templates\/template-fullwidth.php","meta":{"footnotes":""},"class_list":["post-805","page","type-page","status-publish","hentry"],"yoast_head":"<!-- This site is optimized with the Yoast SEO plugin v26.8 - https:\/\/yoast.com\/product\/yoast-seo-wordpress\/ -->\n<title>Geocodificaci\u00f3n de lotes de direcciones \u2013 Address4<\/title>\n<meta name=\"description\" content=\"Geocodificaci\u00f3n de lotes de direcciones para cubrir las necesidades de geomarketing, el desarrollo de API y mucho m\u00e1s. \u00a1Prueba gratis Address 4!\" \/>\n<meta name=\"robots\" content=\"index, follow, max-snippet:-1, max-image-preview:large, max-video-preview:-1\" \/>\n<link rel=\"canonical\" href=\"https:\/\/www.address4.com\/es\/servicios\/geocodificacion-direcciones\/geocodificacion-lotes-direcciones\" \/>\n<meta property=\"og:locale\" content=\"es_ES\" \/>\n<meta property=\"og:type\" content=\"article\" \/>\n<meta property=\"og:title\" content=\"Geocodificaci\u00f3n de lotes de direcciones \u2013 Address4\" \/>\n<meta property=\"og:description\" content=\"Geocodificaci\u00f3n de lotes de direcciones para cubrir las necesidades de geomarketing, el desarrollo de API y mucho m\u00e1s. \u00a1Prueba gratis Address 4!\" \/>\n<meta property=\"og:url\" content=\"https:\/\/www.address4.com\/es\/servicios\/geocodificacion-direcciones\/geocodificacion-lotes-direcciones\" \/>\n<meta property=\"og:site_name\" content=\"Address 4\" \/>\n<meta property=\"article:modified_time\" content=\"2021-09-10T17:02:04+00:00\" \/>\n<meta name=\"twitter:card\" content=\"summary_large_image\" \/>\n<meta name=\"twitter:label1\" content=\"Tiempo de lectura\" \/>\n\t<meta name=\"twitter:data1\" content=\"2 minutos\" \/>\n<script type=\"application\/ld+json\" class=\"yoast-schema-graph\">{\"@context\":\"https:\/\/schema.org\",\"@graph\":[{\"@type\":\"WebPage\",\"@id\":\"https:\/\/www.address4.com\/es\/servicios\/geocodificacion-direcciones\/geocodificacion-lotes-direcciones\",\"url\":\"https:\/\/www.address4.com\/es\/servicios\/geocodificacion-direcciones\/geocodificacion-lotes-direcciones\",\"name\":\"Geocodificaci\u00f3n de lotes de direcciones \u2013 Address4\",\"isPartOf\":{\"@id\":\"https:\/\/www.address4.com\/#website\"},\"datePublished\":\"2018-03-08T11:47:44+00:00\",\"dateModified\":\"2021-09-10T17:02:04+00:00\",\"description\":\"Geocodificaci\u00f3n de lotes de direcciones para cubrir las necesidades de geomarketing, el desarrollo de API y mucho m\u00e1s. \u00a1Prueba gratis Address 4!\",\"breadcrumb\":{\"@id\":\"https:\/\/www.address4.com\/es\/servicios\/geocodificacion-direcciones\/geocodificacion-lotes-direcciones#breadcrumb\"},\"inLanguage\":\"es\",\"potentialAction\":[{\"@type\":\"ReadAction\",\"target\":[\"https:\/\/www.address4.com\/es\/servicios\/geocodificacion-direcciones\/geocodificacion-lotes-direcciones\"]}]},{\"@type\":\"BreadcrumbList\",\"@id\":\"https:\/\/www.address4.com\/es\/servicios\/geocodificacion-direcciones\/geocodificacion-lotes-direcciones#breadcrumb\",\"itemListElement\":[{\"@type\":\"ListItem\",\"position\":1,\"name\":\"Home\",\"item\":\"https:\/\/www.address4.com\/es\"},{\"@type\":\"ListItem\",\"position\":2,\"name\":\"Servicios\",\"item\":\"https:\/\/www.address4.com\/es\/servicios\"},{\"@type\":\"ListItem\",\"position\":3,\"name\":\"Geocodificaci\u00f3n de direcciones\",\"item\":\"https:\/\/www.address4.com\/es\/servicios\/geocodificacion-direcciones\"},{\"@type\":\"ListItem\",\"position\":4,\"name\":\"Procesamiento por lotes\"}]},{\"@type\":\"WebSite\",\"@id\":\"https:\/\/www.address4.com\/#website\",\"url\":\"https:\/\/www.address4.com\/\",\"name\":\"Address 4\",\"description\":\"Address Verification Service For Your Business\",\"potentialAction\":[{\"@type\":\"SearchAction\",\"target\":{\"@type\":\"EntryPoint\",\"urlTemplate\":\"https:\/\/www.address4.com\/?s={search_term_string}\"},\"query-input\":{\"@type\":\"PropertyValueSpecification\",\"valueRequired\":true,\"valueName\":\"search_term_string\"}}],\"inLanguage\":\"es\"}]}<\/script>\n<!-- \/ Yoast SEO plugin. -->","yoast_head_json":{"title":"Geocodificaci\u00f3n de lotes de direcciones \u2013 Address4","description":"Geocodificaci\u00f3n de lotes de direcciones para cubrir las necesidades de geomarketing, el desarrollo de API y mucho m\u00e1s. \u00a1Prueba gratis Address 4!","robots":{"index":"index","follow":"follow","max-snippet":"max-snippet:-1","max-image-preview":"max-image-preview:large","max-video-preview":"max-video-preview:-1"},"canonical":"https:\/\/www.address4.com\/es\/servicios\/geocodificacion-direcciones\/geocodificacion-lotes-direcciones","og_locale":"es_ES","og_type":"article","og_title":"Geocodificaci\u00f3n de lotes de direcciones \u2013 Address4","og_description":"Geocodificaci\u00f3n de lotes de direcciones para cubrir las necesidades de geomarketing, el desarrollo de API y mucho m\u00e1s. \u00a1Prueba gratis Address 4!","og_url":"https:\/\/www.address4.com\/es\/servicios\/geocodificacion-direcciones\/geocodificacion-lotes-direcciones","og_site_name":"Address 4","article_modified_time":"2021-09-10T17:02:04+00:00","twitter_card":"summary_large_image","twitter_misc":{"Tiempo de lectura":"2 minutos"},"schema":{"@context":"https:\/\/schema.org","@graph":[{"@type":"WebPage","@id":"https:\/\/www.address4.com\/es\/servicios\/geocodificacion-direcciones\/geocodificacion-lotes-direcciones","url":"https:\/\/www.address4.com\/es\/servicios\/geocodificacion-direcciones\/geocodificacion-lotes-direcciones","name":"Geocodificaci\u00f3n de lotes de direcciones \u2013 Address4","isPartOf":{"@id":"https:\/\/www.address4.com\/#website"},"datePublished":"2018-03-08T11:47:44+00:00","dateModified":"2021-09-10T17:02:04+00:00","description":"Geocodificaci\u00f3n de lotes de direcciones para cubrir las necesidades de geomarketing, el desarrollo de API y mucho m\u00e1s. \u00a1Prueba gratis Address 4!","breadcrumb":{"@id":"https:\/\/www.address4.com\/es\/servicios\/geocodificacion-direcciones\/geocodificacion-lotes-direcciones#breadcrumb"},"inLanguage":"es","potentialAction":[{"@type":"ReadAction","target":["https:\/\/www.address4.com\/es\/servicios\/geocodificacion-direcciones\/geocodificacion-lotes-direcciones"]}]},{"@type":"BreadcrumbList","@id":"https:\/\/www.address4.com\/es\/servicios\/geocodificacion-direcciones\/geocodificacion-lotes-direcciones#breadcrumb","itemListElement":[{"@type":"ListItem","position":1,"name":"Home","item":"https:\/\/www.address4.com\/es"},{"@type":"ListItem","position":2,"name":"Servicios","item":"https:\/\/www.address4.com\/es\/servicios"},{"@type":"ListItem","position":3,"name":"Geocodificaci\u00f3n de direcciones","item":"https:\/\/www.address4.com\/es\/servicios\/geocodificacion-direcciones"},{"@type":"ListItem","position":4,"name":"Procesamiento por lotes"}]},{"@type":"WebSite","@id":"https:\/\/www.address4.com\/#website","url":"https:\/\/www.address4.com\/","name":"Address 4","description":"Address Verification Service For Your Business","potentialAction":[{"@type":"SearchAction","target":{"@type":"EntryPoint","urlTemplate":"https:\/\/www.address4.com\/?s={search_term_string}"},"query-input":{"@type":"PropertyValueSpecification","valueRequired":true,"valueName":"search_term_string"}}],"inLanguage":"es"}]}},"_links":{"self":[{"href":"https:\/\/www.address4.com\/es\/wp-json\/wp\/v2\/pages\/805","targetHints":{"allow":["GET"]}}],"collection":[{"href":"https:\/\/www.address4.com\/es\/wp-json\/wp\/v2\/pages"}],"about":[{"href":"https:\/\/www.address4.com\/es\/wp-json\/wp\/v2\/types\/page"}],"author":[{"embeddable":true,"href":"https:\/\/www.address4.com\/es\/wp-json\/wp\/v2\/users\/2"}],"replies":[{"embeddable":true,"href":"https:\/\/www.address4.com\/es\/wp-json\/wp\/v2\/comments?post=805"}],"version-history":[{"count":4,"href":"https:\/\/www.address4.com\/es\/wp-json\/wp\/v2\/pages\/805\/revisions"}],"predecessor-version":[{"id":3710,"href":"https:\/\/www.address4.com\/es\/wp-json\/wp\/v2\/pages\/805\/revisions\/3710"}],"up":[{"embeddable":true,"href":"https:\/\/www.address4.com\/es\/wp-json\/wp\/v2\/pages\/404"}],"wp:attachment":[{"href":"https:\/\/www.address4.com\/es\/wp-json\/wp\/v2\/media?parent=805"}],"curies":[{"name":"wp","href":"https:\/\/api.w.org\/{rel}","templated":true}]}}