{"id":797,"date":"2018-03-08T11:22:42","date_gmt":"2018-03-08T11:22:42","guid":{"rendered":"http:\/\/www.address4.com\/?page_id=797"},"modified":"2021-02-25T09:35:29","modified_gmt":"2021-02-25T08:35:29","slug":"geocodificacion-autocompletado","status":"publish","type":"page","link":"https:\/\/www.address4.com\/es\/servicios\/geocodificacion-direcciones\/geocodificacion-autocompletado","title":{"rendered":"Autocompletar"},"content":{"rendered":"[vc_row wrapper=\u00bbtrue\u00bb holder_set_margin=\u00bbtrue\u00bb holder_margin=\u00bbu-margin-bottom\u00bb][vc_column]<div class=\"c-heading\"><h1 class=\" u-h1 u-text-center\">Autocompletado para geocodificaci\u00f3n de direcci\u00f3nes<\/h1><\/div><div class=\"c-heading\"><h3 class=\" u-h3 u-text-normal u-text-center\">Address4: con gecodificaci\u00f3n podr\u00e1s validar la direcci\u00f3n y obtener el autocompletado de de los datos y sugerencias en tiempo real.<\/h3><\/div>[\/vc_column][\/vc_row][vc_row wrapper=\u00bbtrue\u00bb holder_set_margin=\u00bbtrue\u00bb holder_margin=\u00bbu-margin-bottom\u00bb][vc_column width=\u00bb5\/12&#8243;]<div class=\"c-image\"><img loading=\"lazy\" decoding=\"async\" width=\"420\" height=\"286\" src=\"https:\/\/www.address4.com\/wp-content\/uploads\/2018\/03\/geocoding_autocomplete.jpg\" class=\" u-margin-bottom aligncenter\" alt=\"Geocoding Autocomplete\" srcset=\"https:\/\/www.address4.com\/wp-content\/uploads\/2018\/03\/geocoding_autocomplete.jpg 420w, https:\/\/www.address4.com\/wp-content\/uploads\/2018\/03\/geocoding_autocomplete-300x204.jpg 300w\" sizes=\"auto, (max-width: 420px) 100vw, 420px\" \/><\/div>[\/vc_column][vc_column width=\u00bb7\/12&#8243;]<div class=\"c-heading\"><h3>Autocompletado para formularios de direcci\u00f3n<\/h3><\/div>[vc_column_text]\n<div class=\"row-fluid-wrapper row-depth-1 row-number-7 \">\n<div class=\"row-fluid \">\n<div class=\"span6 widget-span widget-type-rich_text \" data-widget-type=\"rich_text\" data-x=\"6\" data-w=\"6\">\n<div class=\"cell-wrapper layout-widget-wrapper\">\n<p>La geocodificaci\u00f3n de los datos ofrece a los desarrolladores web, a los integradores de sistemas y a los profesionales, la oportunidad de validar las direcciones introducidas y obtener la\u00a0<strong>geocodificaci\u00f3n de su posici\u00f3n en un mapa<\/strong>, con el soporte completo de las\u00a0<strong>funciones de completado autom\u00e1tico y sugerencias<\/strong>.<br \/>\nLa demo gratuita permite la\u00a0<strong>geocodificaci\u00f3n en tiempo real de direcciones individuales<\/strong>\u00a0en m\u00e1s de 250 pa\u00edses en todo el mundo. Solo rellena la m\u00e1scara y aprieta el bot\u00f3n de enviar. \u00a1Pru\u00e9balo ahora!<\/p>\n<\/div>\n<\/div>\n<\/div>\n<\/div>\n<div class=\"row-fluid-wrapper row-depth-1 row-number-8 \">\n<div class=\"row-fluid \">\n<div class=\"span6 widget-span widget-type-rich_text \" data-widget-type=\"rich_text\" data-x=\"0\" data-w=\"6\">\n<div class=\"cell-wrapper layout-widget-wrapper\"><\/div>\n<\/div>\n<\/div>\n<\/div>\n[\/vc_column_text]<a class=\"c-button u-margin-right u-margin-bottom c-button--secondary\" href=\"https:\/\/www.address4.com\/free-address-validation-services\">Pruebalo gratis<\/a>[\/vc_column][\/vc_row][vc_row][vc_column]<div class=\"templatera_shortcode\"><div class=\"o-holder u-background-light u-margin-bottom-large u-padding-vertical-large\"><div class=\" o-wrapper\"><div class=\"grid-1\"><div class=\"col _lap-and-up-8\" ><div class=\"c-heading\"><h3>No te pierdas el \u201cAhorro de costes y validaci\u00f3n de direcciones\u201d<\/h3><\/div><div class=\"c-heading\"><h3>DESCARGA GRATIS nuestro eBook y descubre c\u00f3mo mejorar la calidad de tus datos<\/h3><\/div><div class=\"c-text-block\"><p>Completa gu\u00eda con todos los beneficios econ\u00f3micos de la validaci\u00f3n<\/p>\n <\/div><a class=\"c-button c-button--secondary\" href=\"https:\/\/www.address4.com\/ebook-1\">Descarga eBook<\/a><\/div><div class=\"col _lap-and-up-4\" ><div class=\"c-image\"><a href=\"https:\/\/www.address4.com\/ebook-1\"><img loading=\"lazy\" decoding=\"async\" width=\"205\" height=\"286\" src=\"https:\/\/www.address4.com\/wp-content\/uploads\/2018\/03\/ebook-address-validation-cost-saving-S.png\" class=\" alignone\" alt=\"ebook-address-validation-cost-saving-S\" \/><\/a><\/div><\/div>\n<\/div><\/div><\/div><\/div>[\/vc_column][\/vc_row][vc_row wrapper=\u00bbtrue\u00bb holder_set_margin=\u00bbtrue\u00bb holder_margin=\u00bbu-margin-bottom-large\u00bb][vc_column]<div class=\"c-heading\"><h3>Validaci\u00f3n y geocodificaci\u00f3n con asistencia en el autocompletado<\/h3><\/div>[vc_column_text]La geocodificaci\u00f3n con autocompletado de datos requiere un n\u00famero de operaciones de control de los datos introducidos por el usuario, con la posibilidad de ver la direcci\u00f3n en el mapa (georeferencia). El software ayuda al usuario en la fase de introducci\u00f3n de datos, env\u00eda sugerencias autom\u00e1ticas mientras se introducen los datos y completa al mismo tiempo cualquier dato que falte seg\u00fan los candidatos relacionados.<\/p>\n<p>Una vez que se ha completado el formulario de entrada, con el soporte de autocompletado en tiempo real, Address 4 valida las direcciones, es decir, comprueba que sean exactas, corrige cualquier error y devuelve una versi\u00f3n actualizada con los nuevos datos. Las direcciones validadas se complementan con las coordenadas geogr\u00e1ficas y de georeferencia en un mapa. La\u00a0<strong>geocodificaci\u00f3n con asistencia en el autocompletado<\/strong>\u00a0est\u00e1 activa en m\u00e1s de 250 pa\u00edses del mundo.<\/p>\n<p>El servicio de validaci\u00f3n y geocodificaci\u00f3n que ofrece Address 4 est\u00e1 disponible online a trav\u00e9s de cualquier dispositivo con conexi\u00f3n a internet. El programa procesa los datos introducidos sin necesidad de instalar plugins o programas adicionales, y garantiza as\u00ed una mayor velocidad con resultados precisos, seguros y actualizados.[\/vc_column_text][\/vc_column][\/vc_row][vc_row][vc_column]<div class=\"templatera_shortcode\"><div class=\"o-holder u-background-light u-margin-bottom-large u-padding-vertical-large\"><div class=\"grid-1\"><div class=\"col _lap-and-up-12\" ><div class=\"c-heading\"><h3 class=\" u-h2 u-text-center\"> Prueba gratis Address 4<\/h3><\/div><div class=\"c-button-holder c-button-holder--center\"><a class=\"c-button c-button--center u-margin-bottom c-button--secondary\" href=\"https:\/\/www.address4.com\/free-address-validation-services\">Registrate<\/a><\/div><div class=\"c-heading\"><h3 class=\" u-text-center\">sin costes, sin compromiso, m\u00e1xima satisfacci\u00f3n<\/h3><\/div><\/div>\n<\/div><\/div><\/div>[\/vc_column][\/vc_row][vc_row wrapper=\u00bbtrue\u00bb holder_set_margin=\u00bbtrue\u00bb holder_margin=\u00bbu-margin-bottom-large\u00bb][vc_column width=\u00bb1\/3&#8243;]<div class=\"c-mediabox u-margin-bottom\">\n<div class=\" o-media\">\n<div class=\"o-media__img\">\n<div class=\"ico-wrap ico-wrap--center\"><i class=\"ico ico--xl fal fa-info-circle\"><\/i><\/div>\n<\/div>\n<div class=\"o-media__body\">\n<h4>Sugerencias<\/h4>\n<p>Sugerencias en tiempo real y completado autom\u00e1tico de los datos para reducir el tiempo lo m\u00e1ximo posible.<\/p><\/div>\n<\/div>\n<\/div>\n[\/vc_column][vc_column width=\u00bb1\/3&#8243;]<div class=\"c-mediabox u-margin-bottom\">\n<div class=\" o-media\">\n<div class=\"o-media__img\">\n<div class=\"ico-wrap ico-wrap--center\"><i class=\"ico ico--xl fal fa-globe\"><\/i><\/div>\n<\/div>\n<div class=\"o-media__body\">\n<h4>Georeferenciaci\u00f3n<\/h4>\n<p>Las direcciones se sit\u00faan en un mapa virtual y mejoran con las coordenadas geogr\u00e1ficas correspondientes.<\/p>\n<h4>.<\/h4>\n<\/div>\n<\/div>\n<\/div>\n[\/vc_column][vc_column width=\u00bb1\/3&#8243;]<div class=\"c-mediabox u-margin-bottom\">\n<div class=\" o-media\">\n<div class=\"o-media__img\">\n<div class=\"ico-wrap ico-wrap--center\"><i class=\"ico ico--xl fal fa-calendar-alt\"><\/i><\/div>\n<\/div>\n<div class=\"o-media__body\">\n<h4>365 d\u00edas al a\u00f1o<\/h4>\n<p>Se puede usar Address 4 online con cualquier sistema operativo y navegador 24\/7.<\/p><\/div>\n<\/div>\n<\/div>\n[\/vc_column][\/vc_row][vc_row][vc_column][\/vc_column][\/vc_row]\n","protected":false},"excerpt":{"rendered":"The Latest From Our Blog","protected":false},"author":2,"featured_media":0,"parent":404,"menu_order":0,"comment_status":"closed","ping_status":"closed","template":"templates\/template-fullwidth.php","meta":{"footnotes":""},"class_list":["post-797","page","type-page","status-publish","hentry"],"yoast_head":"<!-- This site is optimized with the Yoast SEO plugin v26.8 - https:\/\/yoast.com\/product\/yoast-seo-wordpress\/ -->\n<title>Autocompletado para geocodificaci\u00f3n de direcci\u00f3nes - Address4<\/title>\n<meta name=\"description\" content=\"Address4 - La geocodificaci\u00f3n con asistencia en el autocompletado est\u00e1 activa 365 d\u00edas al a\u00f1o en m\u00e1s de 250 pa\u00edses del mundo. \u00a1Pru\u00e9balo ahora!\" \/>\n<meta name=\"robots\" content=\"index, follow, max-snippet:-1, max-image-preview:large, max-video-preview:-1\" \/>\n<link rel=\"canonical\" href=\"https:\/\/www.address4.com\/es\/servicios\/geocodificacion-direcciones\/geocodificacion-autocompletado\" \/>\n<meta property=\"og:locale\" content=\"es_ES\" \/>\n<meta property=\"og:type\" content=\"article\" \/>\n<meta property=\"og:title\" content=\"Autocompletado para geocodificaci\u00f3n de direcci\u00f3nes - Address4\" \/>\n<meta property=\"og:description\" content=\"Address4 - La geocodificaci\u00f3n con asistencia en el autocompletado est\u00e1 activa 365 d\u00edas al a\u00f1o en m\u00e1s de 250 pa\u00edses del mundo. \u00a1Pru\u00e9balo ahora!\" \/>\n<meta property=\"og:url\" content=\"https:\/\/www.address4.com\/es\/servicios\/geocodificacion-direcciones\/geocodificacion-autocompletado\" \/>\n<meta property=\"og:site_name\" content=\"Address 4\" \/>\n<meta property=\"article:modified_time\" content=\"2021-02-25T08:35:29+00:00\" \/>\n<meta name=\"twitter:card\" content=\"summary_large_image\" \/>\n<meta name=\"twitter:label1\" content=\"Tiempo de lectura\" \/>\n\t<meta name=\"twitter:data1\" content=\"2 minutos\" \/>\n<script type=\"application\/ld+json\" class=\"yoast-schema-graph\">{\"@context\":\"https:\/\/schema.org\",\"@graph\":[{\"@type\":\"WebPage\",\"@id\":\"https:\/\/www.address4.com\/es\/servicios\/geocodificacion-direcciones\/geocodificacion-autocompletado\",\"url\":\"https:\/\/www.address4.com\/es\/servicios\/geocodificacion-direcciones\/geocodificacion-autocompletado\",\"name\":\"Autocompletado para geocodificaci\u00f3n de direcci\u00f3nes - Address4\",\"isPartOf\":{\"@id\":\"https:\/\/www.address4.com\/#website\"},\"datePublished\":\"2018-03-08T11:22:42+00:00\",\"dateModified\":\"2021-02-25T08:35:29+00:00\",\"description\":\"Address4 - La geocodificaci\u00f3n con asistencia en el autocompletado est\u00e1 activa 365 d\u00edas al a\u00f1o en m\u00e1s de 250 pa\u00edses del mundo. \u00a1Pru\u00e9balo ahora!\",\"breadcrumb\":{\"@id\":\"https:\/\/www.address4.com\/es\/servicios\/geocodificacion-direcciones\/geocodificacion-autocompletado#breadcrumb\"},\"inLanguage\":\"es\",\"potentialAction\":[{\"@type\":\"ReadAction\",\"target\":[\"https:\/\/www.address4.com\/es\/servicios\/geocodificacion-direcciones\/geocodificacion-autocompletado\"]}]},{\"@type\":\"BreadcrumbList\",\"@id\":\"https:\/\/www.address4.com\/es\/servicios\/geocodificacion-direcciones\/geocodificacion-autocompletado#breadcrumb\",\"itemListElement\":[{\"@type\":\"ListItem\",\"position\":1,\"name\":\"Home\",\"item\":\"https:\/\/www.address4.com\/es\"},{\"@type\":\"ListItem\",\"position\":2,\"name\":\"Servicios\",\"item\":\"https:\/\/www.address4.com\/es\/servicios\"},{\"@type\":\"ListItem\",\"position\":3,\"name\":\"Geocodificaci\u00f3n de direcciones\",\"item\":\"https:\/\/www.address4.com\/es\/servicios\/geocodificacion-direcciones\"},{\"@type\":\"ListItem\",\"position\":4,\"name\":\"Autocompletar\"}]},{\"@type\":\"WebSite\",\"@id\":\"https:\/\/www.address4.com\/#website\",\"url\":\"https:\/\/www.address4.com\/\",\"name\":\"Address 4\",\"description\":\"Address Verification Service For Your Business\",\"potentialAction\":[{\"@type\":\"SearchAction\",\"target\":{\"@type\":\"EntryPoint\",\"urlTemplate\":\"https:\/\/www.address4.com\/?s={search_term_string}\"},\"query-input\":{\"@type\":\"PropertyValueSpecification\",\"valueRequired\":true,\"valueName\":\"search_term_string\"}}],\"inLanguage\":\"es\"}]}<\/script>\n<!-- \/ Yoast SEO plugin. -->","yoast_head_json":{"title":"Autocompletado para geocodificaci\u00f3n de direcci\u00f3nes - Address4","description":"Address4 - La geocodificaci\u00f3n con asistencia en el autocompletado est\u00e1 activa 365 d\u00edas al a\u00f1o en m\u00e1s de 250 pa\u00edses del mundo. \u00a1Pru\u00e9balo ahora!","robots":{"index":"index","follow":"follow","max-snippet":"max-snippet:-1","max-image-preview":"max-image-preview:large","max-video-preview":"max-video-preview:-1"},"canonical":"https:\/\/www.address4.com\/es\/servicios\/geocodificacion-direcciones\/geocodificacion-autocompletado","og_locale":"es_ES","og_type":"article","og_title":"Autocompletado para geocodificaci\u00f3n de direcci\u00f3nes - Address4","og_description":"Address4 - La geocodificaci\u00f3n con asistencia en el autocompletado est\u00e1 activa 365 d\u00edas al a\u00f1o en m\u00e1s de 250 pa\u00edses del mundo. \u00a1Pru\u00e9balo ahora!","og_url":"https:\/\/www.address4.com\/es\/servicios\/geocodificacion-direcciones\/geocodificacion-autocompletado","og_site_name":"Address 4","article_modified_time":"2021-02-25T08:35:29+00:00","twitter_card":"summary_large_image","twitter_misc":{"Tiempo de lectura":"2 minutos"},"schema":{"@context":"https:\/\/schema.org","@graph":[{"@type":"WebPage","@id":"https:\/\/www.address4.com\/es\/servicios\/geocodificacion-direcciones\/geocodificacion-autocompletado","url":"https:\/\/www.address4.com\/es\/servicios\/geocodificacion-direcciones\/geocodificacion-autocompletado","name":"Autocompletado para geocodificaci\u00f3n de direcci\u00f3nes - Address4","isPartOf":{"@id":"https:\/\/www.address4.com\/#website"},"datePublished":"2018-03-08T11:22:42+00:00","dateModified":"2021-02-25T08:35:29+00:00","description":"Address4 - La geocodificaci\u00f3n con asistencia en el autocompletado est\u00e1 activa 365 d\u00edas al a\u00f1o en m\u00e1s de 250 pa\u00edses del mundo. \u00a1Pru\u00e9balo ahora!","breadcrumb":{"@id":"https:\/\/www.address4.com\/es\/servicios\/geocodificacion-direcciones\/geocodificacion-autocompletado#breadcrumb"},"inLanguage":"es","potentialAction":[{"@type":"ReadAction","target":["https:\/\/www.address4.com\/es\/servicios\/geocodificacion-direcciones\/geocodificacion-autocompletado"]}]},{"@type":"BreadcrumbList","@id":"https:\/\/www.address4.com\/es\/servicios\/geocodificacion-direcciones\/geocodificacion-autocompletado#breadcrumb","itemListElement":[{"@type":"ListItem","position":1,"name":"Home","item":"https:\/\/www.address4.com\/es"},{"@type":"ListItem","position":2,"name":"Servicios","item":"https:\/\/www.address4.com\/es\/servicios"},{"@type":"ListItem","position":3,"name":"Geocodificaci\u00f3n de direcciones","item":"https:\/\/www.address4.com\/es\/servicios\/geocodificacion-direcciones"},{"@type":"ListItem","position":4,"name":"Autocompletar"}]},{"@type":"WebSite","@id":"https:\/\/www.address4.com\/#website","url":"https:\/\/www.address4.com\/","name":"Address 4","description":"Address Verification Service For Your Business","potentialAction":[{"@type":"SearchAction","target":{"@type":"EntryPoint","urlTemplate":"https:\/\/www.address4.com\/?s={search_term_string}"},"query-input":{"@type":"PropertyValueSpecification","valueRequired":true,"valueName":"search_term_string"}}],"inLanguage":"es"}]}},"_links":{"self":[{"href":"https:\/\/www.address4.com\/es\/wp-json\/wp\/v2\/pages\/797","targetHints":{"allow":["GET"]}}],"collection":[{"href":"https:\/\/www.address4.com\/es\/wp-json\/wp\/v2\/pages"}],"about":[{"href":"https:\/\/www.address4.com\/es\/wp-json\/wp\/v2\/types\/page"}],"author":[{"embeddable":true,"href":"https:\/\/www.address4.com\/es\/wp-json\/wp\/v2\/users\/2"}],"replies":[{"embeddable":true,"href":"https:\/\/www.address4.com\/es\/wp-json\/wp\/v2\/comments?post=797"}],"version-history":[{"count":3,"href":"https:\/\/www.address4.com\/es\/wp-json\/wp\/v2\/pages\/797\/revisions"}],"predecessor-version":[{"id":3216,"href":"https:\/\/www.address4.com\/es\/wp-json\/wp\/v2\/pages\/797\/revisions\/3216"}],"up":[{"embeddable":true,"href":"https:\/\/www.address4.com\/es\/wp-json\/wp\/v2\/pages\/404"}],"wp:attachment":[{"href":"https:\/\/www.address4.com\/es\/wp-json\/wp\/v2\/media?parent=797"}],"curies":[{"name":"wp","href":"https:\/\/api.w.org\/{rel}","templated":true}]}}