{"id":744,"date":"2018-03-08T08:04:27","date_gmt":"2018-03-08T08:04:27","guid":{"rendered":"http:\/\/www.address4.com\/?page_id=744"},"modified":"2021-02-25T09:31:48","modified_gmt":"2021-02-25T08:31:48","slug":"conversion-al-idioma-local","status":"publish","type":"page","link":"https:\/\/www.address4.com\/es\/servicios\/validacion-direcciones\/conversion-al-idioma-local","title":{"rendered":"Conversi\u00f3n al idioma local"},"content":{"rendered":"[vc_row wrapper=\u00bbtrue\u00bb holder_set_margin=\u00bbtrue\u00bb holder_margin=\u00bbu-margin-bottom\u00bb][vc_column]<div class=\"c-heading\"><h1 class=\" u-h1 u-text-center\">Conversi\u00f3n direcciones al idioma local<\/h1><\/div><div class=\"c-heading\"><h3 class=\" u-h3 u-text-normal u-text-center\">Validaci\u00f3n de direcciones con selecci\u00f3n de idioma y formato<\/h3><\/div>[\/vc_column][\/vc_row][vc_row wrapper=\u00bbtrue\u00bb holder_set_margin=\u00bbtrue\u00bb holder_margin=\u00bbu-margin-bottom\u00bb][vc_column width=\u00bb5\/12&#8243;]<div class=\"c-image\"><img loading=\"lazy\" decoding=\"async\" width=\"500\" height=\"333\" src=\"https:\/\/www.address4.com\/wp-content\/uploads\/2018\/03\/area_conversion_languages.jpg\" class=\" u-margin-bottom aligncenter\" alt=\"\" srcset=\"https:\/\/www.address4.com\/wp-content\/uploads\/2018\/03\/area_conversion_languages.jpg 500w, https:\/\/www.address4.com\/wp-content\/uploads\/2018\/03\/area_conversion_languages-300x200.jpg 300w\" sizes=\"auto, (max-width: 500px) 100vw, 500px\" \/><\/div>[\/vc_column][vc_column width=\u00bb7\/12&#8243;]<div class=\"c-heading\"><h3>Direcciones validadas y traducidas en 1 solo clic<\/h3><\/div>[vc_column_text]<strong>Gracias a la funci\u00f3n de conversi\u00f3n al idioma local<\/strong>, podr\u00e1s seleccionar de entre las opciones disponibles el idioma de destino del pa\u00eds de referencia. La direcci\u00f3n final ser\u00e1 traducida en tiempo real al ingl\u00e9s, franc\u00e9s, alem\u00e1n, ruso o docenas de otros idiomas dependiendo de tus necesidades, despu\u00e9s de haber sido verificadas, corregidas, enriquecidas y validadas.<\/p>\n<p>Si introduces la direcci\u00f3n que quieres validar y seleccionas los campos correspondientes, podr\u00e1s probar por ti mismo la funci\u00f3n de conversi\u00f3n al idioma local directamente online; sin compromiso y sin necesidad de registrarte.[\/vc_column_text]<a class=\"c-button u-margin-right u-margin-bottom c-button--secondary\" href=\"https:\/\/www.address4.com\/free-address-validation-services\">Registrate<\/a><a class=\"c-button u-margin-bottom c-button--secondary\" href=\"https:\/\/www.address4.com\/services\/address-validation\/batch-address-validation\">Sube un archivo<\/a>[\/vc_column][\/vc_row][vc_row][vc_column]<div class=\"templatera_shortcode\"><div class=\"o-holder u-background-light u-margin-bottom-large u-padding-vertical-large\"><div class=\" o-wrapper\"><div class=\"grid-1\"><div class=\"col _lap-and-up-8\" ><div class=\"c-heading\"><h3>No te pierdas el \u201cAhorro de costes y validaci\u00f3n de direcciones\u201d<\/h3><\/div><div class=\"c-heading\"><h3>DESCARGA GRATIS nuestro eBook y descubre c\u00f3mo mejorar la calidad de tus datos<\/h3><\/div><div class=\"c-text-block\"><p>Completa gu\u00eda con todos los beneficios econ\u00f3micos de la validaci\u00f3n<\/p>\n <\/div><a class=\"c-button c-button--secondary\" href=\"https:\/\/www.address4.com\/ebook-1\">Descarga eBook<\/a><\/div><div class=\"col _lap-and-up-4\" ><div class=\"c-image\"><a href=\"https:\/\/www.address4.com\/ebook-1\"><img loading=\"lazy\" decoding=\"async\" width=\"205\" height=\"286\" src=\"https:\/\/www.address4.com\/wp-content\/uploads\/2018\/03\/ebook-address-validation-cost-saving-S.png\" class=\" alignone\" alt=\"ebook-address-validation-cost-saving-S\" \/><\/a><\/div><\/div>\n<\/div><\/div><\/div><\/div>[\/vc_column][\/vc_row][vc_row wrapper=\u00bbtrue\u00bb holder_set_margin=\u00bbtrue\u00bb holder_margin=\u00bbu-margin-bottom-large\u00bb][vc_column width=\u00bb5\/12&#8243;]<div class=\"c-image\"><img loading=\"lazy\" decoding=\"async\" width=\"419\" height=\"280\" src=\"https:\/\/www.address4.com\/wp-content\/uploads\/2018\/03\/Area_Conversion_Language.jpg\" class=\" aligncenter\" alt=\"\" srcset=\"https:\/\/www.address4.com\/wp-content\/uploads\/2018\/03\/Area_Conversion_Language.jpg 419w, https:\/\/www.address4.com\/wp-content\/uploads\/2018\/03\/Area_Conversion_Language-300x200.jpg 300w\" sizes=\"auto, (max-width: 419px) 100vw, 419px\" \/><\/div>[\/vc_column][vc_column width=\u00bb7\/12&#8243;]<div class=\"c-heading\"><h3>Idioma, formato y funciones de la validaci\u00f3n de direcciones<\/h3><\/div>[vc_column_text]\n<div class=\"row-fluid-wrapper row-depth-1 row-number-15 \">\n<div class=\"row-fluid \">\n<div class=\"span6 widget-span widget-type-rich_text \" data-widget-type=\"rich_text\" data-x=\"6\" data-w=\"6\">\n<div class=\"cell-wrapper layout-widget-wrapper\">\n<p>Usar el servicio de conversi\u00f3n al idioma local desarrollado por Address 4 te permite validar direcciones postales y al mismo tiempo convertirlas al idioma y formato que elijas. El usuario podr\u00e1 elegir el idioma en el que quiera traducir las direcciones validadas, y obtener as\u00ed un fichero de salida con datos que estar\u00e1n no solo verificados, corregidos y enriquecidos sino que tambi\u00e9n estar\u00e1n traducidos al idioma de destino.\u00a0Tambi\u00e9n puedes elegir el formato y el idioma.<\/p>\n<p>&nbsp;<\/p>\n<\/div>\n<\/div>\n<\/div>\n<\/div>\n<div class=\"row-fluid-wrapper row-depth-1 row-number-16 \">\n<div class=\"row-fluid \">\n<div class=\"span12 widget-span widget-type-rich_text \" data-widget-type=\"rich_text\" data-x=\"0\" data-w=\"12\">\n<div class=\"cell-wrapper layout-widget-wrapper\">\n<p>Adem\u00e1s del formato de las direcciones postales del pa\u00eds de destino, el formato tambi\u00e9n incluye la adopci\u00f3n del modelo de escritura preferido entre alfabeto local (escrito en la forma nativa del pa\u00eds de destino), alfabeto latino (caracteres latinos), o alfabeto transliterado (transposici\u00f3n de los grafemas de una sistema de escritura por los grafemas de otro sistema).<\/p>\n<p id=\"desc\">El servicio de conversi\u00f3n al idioma local de Address 4 tambi\u00e9n puede mostrar las diversas formas (nativa, latina o transliterada) en min\u00fasculas, may\u00fasculas o solo la primera letra de cada palabra en may\u00fascula, todo online o en modo lote (para ficheros que contenga hasta miles de direcciones postales).<\/p>\n<\/div>\n<\/div>\n<\/div>\n<\/div>\n[\/vc_column_text][\/vc_column][\/vc_row][vc_row][vc_column]<div class=\"templatera_shortcode\"><div class=\"o-holder u-background-light u-margin-bottom-large u-padding-vertical-large\"><div class=\"grid-1\"><div class=\"col _lap-and-up-12\" ><div class=\"c-heading\"><h3 class=\" u-h2 u-text-center\"> Prueba gratis Address 4<\/h3><\/div><div class=\"c-button-holder c-button-holder--center\"><a class=\"c-button c-button--center u-margin-bottom c-button--secondary\" href=\"https:\/\/www.address4.com\/free-address-validation-services\">Registrate<\/a><\/div><div class=\"c-heading\"><h3 class=\" u-text-center\">sin costes, sin compromiso, m\u00e1xima satisfacci\u00f3n<\/h3><\/div><\/div>\n<\/div><\/div><\/div>[\/vc_column][\/vc_row][vc_row wrapper=\u00bbtrue\u00bb holder_set_padding=\u00bbtrue\u00bb holder_padding=\u00bbu-padding-vertical\u00bb][vc_column width=\u00bb1\/3&#8243;]<div class=\"c-mediabox u-margin-bottom\">\n<div class=\" o-media\">\n<div class=\"o-media__img\">\n<div class=\"ico-wrap ico-wrap--center\"><i class=\"ico ico--xl fal fa-comment-alt\"><\/i><\/div>\n<\/div>\n<div class=\"o-media__body\">\n<h4>Conversi\u00f3n de idioma<\/h4>\n<p>Address 4 valida las direcciones postales del archivo original y las traduce en el idioma del pa\u00eds de destino.<\/p><\/div>\n<\/div>\n<\/div>\n[\/vc_column][vc_column width=\u00bb1\/3&#8243;]<div class=\"c-mediabox u-margin-bottom\">\n<div class=\" o-media\">\n<div class=\"o-media__img\">\n<div class=\"ico-wrap ico-wrap--center\"><i class=\"ico ico--xl fal fa-map-signs\"><\/i><\/div>\n<\/div>\n<div class=\"o-media__body\">\n<h4>Selecci\u00f3n de formato<\/h4>\n<p>La conversi\u00f3n de idioma local te permite elegir entre alfabeto nativo, latino o transliterado.<\/p><\/div>\n<\/div>\n<\/div>\n[\/vc_column][vc_column width=\u00bb1\/3&#8243;]<div class=\"c-mediabox u-margin-bottom\">\n<div class=\" o-media\">\n<div class=\"o-media__img\">\n<div class=\"ico-wrap ico-wrap--center\"><i class=\"ico ico--xl far fa-font\"><\/i><\/div>\n<\/div>\n<div class=\"o-media__body\">\n<h4>Tipo de letras<\/h4>\n<p>Las direcciones postales validadas se muestran en el fichero de salida en min\u00fasculas, may\u00fasculas o con la primera letra en may\u00fascula.<\/p><\/div>\n<\/div>\n<\/div>\n[\/vc_column][\/vc_row][vc_row][vc_column][\/vc_column][\/vc_row]\n","protected":false},"excerpt":{"rendered":"The Latest From Our Blog","protected":false},"author":2,"featured_media":0,"parent":329,"menu_order":0,"comment_status":"closed","ping_status":"closed","template":"templates\/template-fullwidth.php","meta":{"footnotes":""},"class_list":["post-744","page","type-page","status-publish","hentry"],"yoast_head":"<!-- This site is optimized with the Yoast SEO plugin v26.8 - https:\/\/yoast.com\/product\/yoast-seo-wordpress\/ -->\n<title>Servicio online avanzado de conversi\u00f3n al idioma local \u2013 Address4<\/title>\n<meta name=\"description\" content=\"Address 4 ofrece un paquete completo con funciones para validar direcciones postales, e incluye la conversi\u00f3n al idioma local. \u00a1Pru\u00e9balo gratis!\" \/>\n<meta name=\"robots\" content=\"index, follow, max-snippet:-1, max-image-preview:large, max-video-preview:-1\" \/>\n<link rel=\"canonical\" href=\"https:\/\/www.address4.com\/es\/servicios\/validacion-direcciones\/conversion-al-idioma-local\" \/>\n<meta property=\"og:locale\" content=\"es_ES\" \/>\n<meta property=\"og:type\" content=\"article\" \/>\n<meta property=\"og:title\" content=\"Servicio online avanzado de conversi\u00f3n al idioma local \u2013 Address4\" \/>\n<meta property=\"og:description\" content=\"Address 4 ofrece un paquete completo con funciones para validar direcciones postales, e incluye la conversi\u00f3n al idioma local. \u00a1Pru\u00e9balo gratis!\" \/>\n<meta property=\"og:url\" content=\"https:\/\/www.address4.com\/es\/servicios\/validacion-direcciones\/conversion-al-idioma-local\" \/>\n<meta property=\"og:site_name\" content=\"Address 4\" \/>\n<meta property=\"article:modified_time\" content=\"2021-02-25T08:31:48+00:00\" \/>\n<meta name=\"twitter:card\" content=\"summary_large_image\" \/>\n<meta name=\"twitter:label1\" content=\"Tiempo de lectura\" \/>\n\t<meta name=\"twitter:data1\" content=\"2 minutos\" \/>\n<script type=\"application\/ld+json\" class=\"yoast-schema-graph\">{\"@context\":\"https:\/\/schema.org\",\"@graph\":[{\"@type\":\"WebPage\",\"@id\":\"https:\/\/www.address4.com\/es\/servicios\/validacion-direcciones\/conversion-al-idioma-local\",\"url\":\"https:\/\/www.address4.com\/es\/servicios\/validacion-direcciones\/conversion-al-idioma-local\",\"name\":\"Servicio online avanzado de conversi\u00f3n al idioma local \u2013 Address4\",\"isPartOf\":{\"@id\":\"https:\/\/www.address4.com\/#website\"},\"datePublished\":\"2018-03-08T08:04:27+00:00\",\"dateModified\":\"2021-02-25T08:31:48+00:00\",\"description\":\"Address 4 ofrece un paquete completo con funciones para validar direcciones postales, e incluye la conversi\u00f3n al idioma local. \u00a1Pru\u00e9balo gratis!\",\"breadcrumb\":{\"@id\":\"https:\/\/www.address4.com\/es\/servicios\/validacion-direcciones\/conversion-al-idioma-local#breadcrumb\"},\"inLanguage\":\"es\",\"potentialAction\":[{\"@type\":\"ReadAction\",\"target\":[\"https:\/\/www.address4.com\/es\/servicios\/validacion-direcciones\/conversion-al-idioma-local\"]}]},{\"@type\":\"BreadcrumbList\",\"@id\":\"https:\/\/www.address4.com\/es\/servicios\/validacion-direcciones\/conversion-al-idioma-local#breadcrumb\",\"itemListElement\":[{\"@type\":\"ListItem\",\"position\":1,\"name\":\"Home\",\"item\":\"https:\/\/www.address4.com\/es\"},{\"@type\":\"ListItem\",\"position\":2,\"name\":\"Servicios\",\"item\":\"https:\/\/www.address4.com\/es\/servicios\"},{\"@type\":\"ListItem\",\"position\":3,\"name\":\"Validaci\u00f3n de direcciones\",\"item\":\"https:\/\/www.address4.com\/es\/servicios\/validacion-direcciones\"},{\"@type\":\"ListItem\",\"position\":4,\"name\":\"Conversi\u00f3n al idioma local\"}]},{\"@type\":\"WebSite\",\"@id\":\"https:\/\/www.address4.com\/#website\",\"url\":\"https:\/\/www.address4.com\/\",\"name\":\"Address 4\",\"description\":\"Address Verification Service For Your Business\",\"potentialAction\":[{\"@type\":\"SearchAction\",\"target\":{\"@type\":\"EntryPoint\",\"urlTemplate\":\"https:\/\/www.address4.com\/?s={search_term_string}\"},\"query-input\":{\"@type\":\"PropertyValueSpecification\",\"valueRequired\":true,\"valueName\":\"search_term_string\"}}],\"inLanguage\":\"es\"}]}<\/script>\n<!-- \/ Yoast SEO plugin. -->","yoast_head_json":{"title":"Servicio online avanzado de conversi\u00f3n al idioma local \u2013 Address4","description":"Address 4 ofrece un paquete completo con funciones para validar direcciones postales, e incluye la conversi\u00f3n al idioma local. \u00a1Pru\u00e9balo gratis!","robots":{"index":"index","follow":"follow","max-snippet":"max-snippet:-1","max-image-preview":"max-image-preview:large","max-video-preview":"max-video-preview:-1"},"canonical":"https:\/\/www.address4.com\/es\/servicios\/validacion-direcciones\/conversion-al-idioma-local","og_locale":"es_ES","og_type":"article","og_title":"Servicio online avanzado de conversi\u00f3n al idioma local \u2013 Address4","og_description":"Address 4 ofrece un paquete completo con funciones para validar direcciones postales, e incluye la conversi\u00f3n al idioma local. \u00a1Pru\u00e9balo gratis!","og_url":"https:\/\/www.address4.com\/es\/servicios\/validacion-direcciones\/conversion-al-idioma-local","og_site_name":"Address 4","article_modified_time":"2021-02-25T08:31:48+00:00","twitter_card":"summary_large_image","twitter_misc":{"Tiempo de lectura":"2 minutos"},"schema":{"@context":"https:\/\/schema.org","@graph":[{"@type":"WebPage","@id":"https:\/\/www.address4.com\/es\/servicios\/validacion-direcciones\/conversion-al-idioma-local","url":"https:\/\/www.address4.com\/es\/servicios\/validacion-direcciones\/conversion-al-idioma-local","name":"Servicio online avanzado de conversi\u00f3n al idioma local \u2013 Address4","isPartOf":{"@id":"https:\/\/www.address4.com\/#website"},"datePublished":"2018-03-08T08:04:27+00:00","dateModified":"2021-02-25T08:31:48+00:00","description":"Address 4 ofrece un paquete completo con funciones para validar direcciones postales, e incluye la conversi\u00f3n al idioma local. \u00a1Pru\u00e9balo gratis!","breadcrumb":{"@id":"https:\/\/www.address4.com\/es\/servicios\/validacion-direcciones\/conversion-al-idioma-local#breadcrumb"},"inLanguage":"es","potentialAction":[{"@type":"ReadAction","target":["https:\/\/www.address4.com\/es\/servicios\/validacion-direcciones\/conversion-al-idioma-local"]}]},{"@type":"BreadcrumbList","@id":"https:\/\/www.address4.com\/es\/servicios\/validacion-direcciones\/conversion-al-idioma-local#breadcrumb","itemListElement":[{"@type":"ListItem","position":1,"name":"Home","item":"https:\/\/www.address4.com\/es"},{"@type":"ListItem","position":2,"name":"Servicios","item":"https:\/\/www.address4.com\/es\/servicios"},{"@type":"ListItem","position":3,"name":"Validaci\u00f3n de direcciones","item":"https:\/\/www.address4.com\/es\/servicios\/validacion-direcciones"},{"@type":"ListItem","position":4,"name":"Conversi\u00f3n al idioma local"}]},{"@type":"WebSite","@id":"https:\/\/www.address4.com\/#website","url":"https:\/\/www.address4.com\/","name":"Address 4","description":"Address Verification Service For Your Business","potentialAction":[{"@type":"SearchAction","target":{"@type":"EntryPoint","urlTemplate":"https:\/\/www.address4.com\/?s={search_term_string}"},"query-input":{"@type":"PropertyValueSpecification","valueRequired":true,"valueName":"search_term_string"}}],"inLanguage":"es"}]}},"_links":{"self":[{"href":"https:\/\/www.address4.com\/es\/wp-json\/wp\/v2\/pages\/744","targetHints":{"allow":["GET"]}}],"collection":[{"href":"https:\/\/www.address4.com\/es\/wp-json\/wp\/v2\/pages"}],"about":[{"href":"https:\/\/www.address4.com\/es\/wp-json\/wp\/v2\/types\/page"}],"author":[{"embeddable":true,"href":"https:\/\/www.address4.com\/es\/wp-json\/wp\/v2\/users\/2"}],"replies":[{"embeddable":true,"href":"https:\/\/www.address4.com\/es\/wp-json\/wp\/v2\/comments?post=744"}],"version-history":[{"count":7,"href":"https:\/\/www.address4.com\/es\/wp-json\/wp\/v2\/pages\/744\/revisions"}],"predecessor-version":[{"id":3206,"href":"https:\/\/www.address4.com\/es\/wp-json\/wp\/v2\/pages\/744\/revisions\/3206"}],"up":[{"embeddable":true,"href":"https:\/\/www.address4.com\/es\/wp-json\/wp\/v2\/pages\/329"}],"wp:attachment":[{"href":"https:\/\/www.address4.com\/es\/wp-json\/wp\/v2\/media?parent=744"}],"curies":[{"name":"wp","href":"https:\/\/api.w.org\/{rel}","templated":true}]}}