{"id":674,"date":"2018-03-07T10:39:46","date_gmt":"2018-03-07T10:39:46","guid":{"rendered":"http:\/\/www.address4.com\/?page_id=674"},"modified":"2021-03-01T11:04:03","modified_gmt":"2021-03-01T10:04:03","slug":"localizador-codigos-zona","status":"publish","type":"page","link":"https:\/\/www.address4.com\/es\/servicios\/validacion-direcciones\/localizador-codigos-zona","title":{"rendered":"Localizador de c\u00f3digos de zona"},"content":{"rendered":"[vc_row wrapper=\u00bbtrue\u00bb holder_set_margin=\u00bbtrue\u00bb holder_margin=\u00bbu-margin-bottom\u00bb][vc_column]<div class=\"c-heading\"><h1 class=\" u-h1 u-text-center\">Localizador de c\u00f3digos de zona<\/h1><\/div><div class=\"c-heading\"><h3 class=\" u-h3 u-text-normal u-text-center\">Para conocer los c\u00f3digos de zona de una o m\u00e1s direcciones<\/h3><\/div>[\/vc_column][\/vc_row][vc_row wrapper=\u00bbtrue\u00bb holder_set_margin=\u00bbtrue\u00bb holder_margin=\u00bbu-margin-bottom\u00bb][vc_column width=\u00bb5\/12&#8243;]<div class=\"c-image\"><img loading=\"lazy\" decoding=\"async\" width=\"424\" height=\"253\" src=\"https:\/\/www.address4.com\/wp-content\/uploads\/2018\/03\/area_code_locator.jpg\" class=\" aligncenter\" alt=\"\" srcset=\"https:\/\/www.address4.com\/wp-content\/uploads\/2018\/03\/area_code_locator.jpg 424w, https:\/\/www.address4.com\/wp-content\/uploads\/2018\/03\/area_code_locator-300x179.jpg 300w\" sizes=\"auto, (max-width: 424px) 100vw, 424px\" \/><\/div>[\/vc_column][vc_column width=\u00bb7\/12&#8243;]<div class=\"c-heading\"><h3>La versi\u00f3n de prueba del localizador de c\u00f3digos de zona<\/h3><\/div>[vc_column_text]Conocer los c\u00f3digos de zona de una o m\u00e1s direcciones puede ser importante por diversos motivos comerciales. La versi\u00f3n de prueba de\u00a0<strong>Address4 acerca del localizador de c\u00f3digos de zona<\/strong>\u00a0asigna una informaci\u00f3n postal como el c\u00f3digo del municipio, de la provincia o de la regi\u00f3n geogr\u00e1fica a una direcci\u00f3n, todo online y en solo unos segundos.<\/p>\n<p>No hace falta descargar plugins adicionales o registrar tus datos personales.\u00a0<strong>La versi\u00f3n de prueba del localizador de c\u00f3digos de zona<\/strong>est\u00e1 disponible desde cualquier dispositivo de manera gratuita, las 24 horas del d\u00eda. Introduce ya los datos en los campos.[\/vc_column_text]<a class=\"c-button u-margin-right u-margin-bottom c-button--primary  c-button--ghost\" href=\"https:\/\/www.address4.com\/free-address-validation-services\">Registrate<\/a><a class=\"c-button u-margin-bottom c-button--primary  c-button--ghost\" href=\"https:\/\/www.address4.com\/services\/address-validation\/batch-address-validation\">Sube un archivo<\/a>[\/vc_column][\/vc_row][vc_row][vc_column]<div class=\"templatera_shortcode\"><div class=\"o-holder u-background-light u-margin-bottom-large u-padding-vertical-large\"><div class=\" o-wrapper\"><div class=\"grid-1\"><div class=\"col _lap-and-up-8\" ><div class=\"c-heading\"><h3>No te pierdas el \u201cAhorro de costes y validaci\u00f3n de direcciones\u201d<\/h3><\/div><div class=\"c-heading\"><h3>DESCARGA GRATIS nuestro eBook y descubre c\u00f3mo mejorar la calidad de tus datos<\/h3><\/div><div class=\"c-text-block\"><p>Completa gu\u00eda con todos los beneficios econ\u00f3micos de la validaci\u00f3n<\/p>\n <\/div><a class=\"c-button c-button--secondary\" href=\"https:\/\/www.address4.com\/ebook-1\">Descarga eBook<\/a><\/div><div class=\"col _lap-and-up-4\" ><div class=\"c-image\"><a href=\"https:\/\/www.address4.com\/ebook-1\"><img loading=\"lazy\" decoding=\"async\" width=\"205\" height=\"286\" src=\"https:\/\/www.address4.com\/wp-content\/uploads\/2018\/03\/ebook-address-validation-cost-saving-S.png\" class=\" alignone\" alt=\"ebook-address-validation-cost-saving-S\" \/><\/a><\/div><\/div>\n<\/div><\/div><\/div><\/div>[\/vc_column][\/vc_row][vc_row wrapper=\u00bbtrue\u00bb holder_set_margin=\u00bbtrue\u00bb holder_margin=\u00bbu-margin-bottom-large\u00bb][vc_column width=\u00bb5\/12&#8243;]<div class=\"c-image\"><img loading=\"lazy\" decoding=\"async\" width=\"719\" height=\"480\" src=\"https:\/\/www.address4.com\/wp-content\/uploads\/2018\/03\/Address_Validation_Area_Code_Locator.jpg\" class=\" aligncenter\" alt=\"Address Validation Area Code Locator\" srcset=\"https:\/\/www.address4.com\/wp-content\/uploads\/2018\/03\/Address_Validation_Area_Code_Locator.jpg 719w, https:\/\/www.address4.com\/wp-content\/uploads\/2018\/03\/Address_Validation_Area_Code_Locator-300x200.jpg 300w\" sizes=\"auto, (max-width: 719px) 100vw, 719px\" \/><\/div>[\/vc_column][vc_column width=\u00bb7\/12&#8243;]<div class=\"c-heading\"><h3>El localizador de c\u00f3digos de zona con Address4<\/h3><\/div>[vc_column_text]\n<div class=\"row-fluid-wrapper row-depth-1 row-number-16 \">\n<div class=\"row-fluid \">\n<div class=\"span6 widget-span widget-type-rich_text \" data-widget-type=\"rich_text\" data-x=\"6\" data-w=\"6\">\n<div class=\"cell-wrapper layout-widget-wrapper\">\n<div class=\"row-fluid-wrapper row-depth-1 row-number-15 \">\n<div class=\"row-fluid \">\n<div class=\"span6 widget-span widget-type-rich_text \" data-widget-type=\"rich_text\" data-x=\"6\" data-w=\"6\">\n<div class=\"cell-wrapper layout-widget-wrapper\">\n<p>El paquete de Address4 fue desarrollado para ofrecer numerosos servicios, entre los que se encuentra el localizador de c\u00f3digos de zona, cuya intenci\u00f3n es asignar c\u00f3digos de zona a cada direcci\u00f3n.<br \/>\nEl software verifica, corrige y enriquece la informaci\u00f3n y luego asigna el c\u00f3digo del municipio o zona geogr\u00e1fica seg\u00fan la referencia del pa\u00eds de destino.<\/p>\n<p>Este servicio est\u00e1 garantizado para m\u00e1s de 250 pa\u00edses del mundo.<\/p>\n<\/div>\n<\/div>\n<\/div>\n<\/div>\n<div class=\"row-fluid-wrapper row-depth-1 row-number-16 \">\n<div class=\"row-fluid \">\n<div class=\"span12 widget-span widget-type-rich_text \" data-widget-type=\"rich_text\" data-x=\"0\" data-w=\"12\">\n<div class=\"cell-wrapper layout-widget-wrapper\">\n<p>Las bases de datos se actualizan constantemente para garantizar la precisi\u00f3n y calidad de los datos. Su funcionamiento tiene dos modos diferentes: direcci\u00f3n por direcci\u00f3n o en lotes de bases de datos que contengan hasta cientos de miles de entradas.<\/p>\n<p id=\"desc\">Se puede acceder al servicio de localizador de c\u00f3digos de zona directamente online desde cualquier dispositivo fijo o m\u00f3vil con una conexi\u00f3n a internet. No es necesario descargar plugins o instalar software, solo necesitas enviar el archivo con las direcciones y seguir las instrucciones que se te proporcionar\u00e1n. El resultado ser\u00e1 un archivo con direcciones y c\u00f3digos de zona validados y un informe con los errores encontrados en el documento.<\/p>\n<\/div>\n<\/div>\n<\/div>\n<\/div>\n<\/div>\n<\/div>\n<\/div>\n<\/div>\n[\/vc_column_text][\/vc_column][\/vc_row][vc_row][vc_column]<div class=\"templatera_shortcode\"><div class=\"o-holder u-background-light u-margin-bottom-large u-padding-vertical-large\"><div class=\"grid-1\"><div class=\"col _lap-and-up-12\" ><div class=\"c-heading\"><h3 class=\" u-h2 u-text-center\"> Prueba gratis Address 4<\/h3><\/div><div class=\"c-button-holder c-button-holder--center\"><a class=\"c-button c-button--center u-margin-bottom c-button--secondary\" href=\"https:\/\/www.address4.com\/free-address-validation-services\">Registrate<\/a><\/div><div class=\"c-heading\"><h3 class=\" u-text-center\">sin costes, sin compromiso, m\u00e1xima satisfacci\u00f3n<\/h3><\/div><\/div>\n<\/div><\/div><\/div>[\/vc_column][\/vc_row][vc_row wrapper=\u00bbtrue\u00bb holder_set_padding=\u00bbtrue\u00bb holder_padding=\u00bbu-padding-vertical\u00bb][vc_column width=\u00bb1\/3&#8243;]<div class=\"c-mediabox u-margin-bottom\">\n<div class=\" o-media\">\n<div class=\"o-media__img\">\n<div class=\"ico-wrap ico-wrap--center\"><i class=\"ico ico--xl fal fa-bullseye\"><\/i><\/div>\n<\/div>\n<div class=\"o-media__body\">\n<h4>C\u00f3digos de zona exactos<\/h4>\n<p>El objetivo principal de Address4 es la correcci\u00f3n y exactitud de los c\u00f3digos de zona para cada direcci\u00f3n de correo comercial.<\/p><\/div>\n<\/div>\n<\/div>\n[\/vc_column][vc_column width=\u00bb1\/3&#8243;]<div class=\"c-mediabox u-margin-bottom\">\n<div class=\" o-media\">\n<div class=\"o-media__img\">\n<div class=\"ico-wrap ico-wrap--center\"><i class=\"ico ico--xl fal fa-users\"><\/i><\/div>\n<\/div>\n<div class=\"o-media__body\">\n<h4>Modo individual o en lote<\/h4>\n<p>El localizador de c\u00f3digos de zona funciona con direcciones individuales o con lotes enteros, de archivos que contienen cientos de miles de direcciones.<\/p><\/div>\n<\/div>\n<\/div>\n[\/vc_column][vc_column width=\u00bb1\/3&#8243;]<div class=\"c-mediabox u-margin-bottom\">\n<div class=\" o-media\">\n<div class=\"o-media__img\">\n<div class=\"ico-wrap ico-wrap--center\"><i class=\"ico ico--xl fal fa-desktop-alt\"><\/i><\/div>\n<\/div>\n<div class=\"o-media__body\">\n<h4>Funcionalidad online<\/h4>\n<p>Address4 es un paquete desarrollado para usarse online y est\u00e1 disponible 365 d\u00edas al a\u00f1o sin necesidad de descargar plugins o software.<\/p><\/div>\n<\/div>\n<\/div>\n[\/vc_column][\/vc_row][vc_row][vc_column][\/vc_column][\/vc_row]\n","protected":false},"excerpt":{"rendered":"The Latest From Our Blog","protected":false},"author":2,"featured_media":0,"parent":329,"menu_order":0,"comment_status":"closed","ping_status":"closed","template":"templates\/template-fullwidth.php","meta":{"footnotes":""},"class_list":["post-674","page","type-page","status-publish","hentry"],"yoast_head":"<!-- This site is optimized with the Yoast SEO plugin v26.8 - https:\/\/yoast.com\/product\/yoast-seo-wordpress\/ -->\n<title>Localizaci\u00f3n de c\u00f3digos de zona en 250 pa\u00edses - Address4<\/title>\n<meta name=\"description\" content=\"Address4 ofrece un servicio de localizador de c\u00f3digos de zona que permite encontrar el prefijo de una o m\u00e1s direcciones en m\u00e1s de 250 pa\u00edses del mundo.\" \/>\n<meta name=\"robots\" content=\"index, follow, max-snippet:-1, max-image-preview:large, max-video-preview:-1\" \/>\n<link rel=\"canonical\" href=\"https:\/\/www.address4.com\/es\/servicios\/validacion-direcciones\/localizador-codigos-zona\" \/>\n<meta property=\"og:locale\" content=\"es_ES\" \/>\n<meta property=\"og:type\" content=\"article\" \/>\n<meta property=\"og:title\" content=\"Localizaci\u00f3n de c\u00f3digos de zona en 250 pa\u00edses - Address4\" \/>\n<meta property=\"og:description\" content=\"Address4 ofrece un servicio de localizador de c\u00f3digos de zona que permite encontrar el prefijo de una o m\u00e1s direcciones en m\u00e1s de 250 pa\u00edses del mundo.\" \/>\n<meta property=\"og:url\" content=\"https:\/\/www.address4.com\/es\/servicios\/validacion-direcciones\/localizador-codigos-zona\" \/>\n<meta property=\"og:site_name\" content=\"Address 4\" \/>\n<meta property=\"article:modified_time\" content=\"2021-03-01T10:04:03+00:00\" \/>\n<meta name=\"twitter:card\" content=\"summary_large_image\" \/>\n<meta name=\"twitter:label1\" content=\"Tiempo de lectura\" \/>\n\t<meta name=\"twitter:data1\" content=\"3 minutos\" \/>\n<script type=\"application\/ld+json\" class=\"yoast-schema-graph\">{\"@context\":\"https:\/\/schema.org\",\"@graph\":[{\"@type\":\"WebPage\",\"@id\":\"https:\/\/www.address4.com\/es\/servicios\/validacion-direcciones\/localizador-codigos-zona\",\"url\":\"https:\/\/www.address4.com\/es\/servicios\/validacion-direcciones\/localizador-codigos-zona\",\"name\":\"Localizaci\u00f3n de c\u00f3digos de zona en 250 pa\u00edses - Address4\",\"isPartOf\":{\"@id\":\"https:\/\/www.address4.com\/#website\"},\"datePublished\":\"2018-03-07T10:39:46+00:00\",\"dateModified\":\"2021-03-01T10:04:03+00:00\",\"description\":\"Address4 ofrece un servicio de localizador de c\u00f3digos de zona que permite encontrar el prefijo de una o m\u00e1s direcciones en m\u00e1s de 250 pa\u00edses del mundo.\",\"breadcrumb\":{\"@id\":\"https:\/\/www.address4.com\/es\/servicios\/validacion-direcciones\/localizador-codigos-zona#breadcrumb\"},\"inLanguage\":\"es\",\"potentialAction\":[{\"@type\":\"ReadAction\",\"target\":[\"https:\/\/www.address4.com\/es\/servicios\/validacion-direcciones\/localizador-codigos-zona\"]}]},{\"@type\":\"BreadcrumbList\",\"@id\":\"https:\/\/www.address4.com\/es\/servicios\/validacion-direcciones\/localizador-codigos-zona#breadcrumb\",\"itemListElement\":[{\"@type\":\"ListItem\",\"position\":1,\"name\":\"Home\",\"item\":\"https:\/\/www.address4.com\/es\"},{\"@type\":\"ListItem\",\"position\":2,\"name\":\"Servicios\",\"item\":\"https:\/\/www.address4.com\/es\/servicios\"},{\"@type\":\"ListItem\",\"position\":3,\"name\":\"Validaci\u00f3n de direcciones\",\"item\":\"https:\/\/www.address4.com\/es\/servicios\/validacion-direcciones\"},{\"@type\":\"ListItem\",\"position\":4,\"name\":\"Localizador de c\u00f3digos de zona\"}]},{\"@type\":\"WebSite\",\"@id\":\"https:\/\/www.address4.com\/#website\",\"url\":\"https:\/\/www.address4.com\/\",\"name\":\"Address 4\",\"description\":\"Address Verification Service For Your Business\",\"potentialAction\":[{\"@type\":\"SearchAction\",\"target\":{\"@type\":\"EntryPoint\",\"urlTemplate\":\"https:\/\/www.address4.com\/?s={search_term_string}\"},\"query-input\":{\"@type\":\"PropertyValueSpecification\",\"valueRequired\":true,\"valueName\":\"search_term_string\"}}],\"inLanguage\":\"es\"}]}<\/script>\n<!-- \/ Yoast SEO plugin. -->","yoast_head_json":{"title":"Localizaci\u00f3n de c\u00f3digos de zona en 250 pa\u00edses - Address4","description":"Address4 ofrece un servicio de localizador de c\u00f3digos de zona que permite encontrar el prefijo de una o m\u00e1s direcciones en m\u00e1s de 250 pa\u00edses del mundo.","robots":{"index":"index","follow":"follow","max-snippet":"max-snippet:-1","max-image-preview":"max-image-preview:large","max-video-preview":"max-video-preview:-1"},"canonical":"https:\/\/www.address4.com\/es\/servicios\/validacion-direcciones\/localizador-codigos-zona","og_locale":"es_ES","og_type":"article","og_title":"Localizaci\u00f3n de c\u00f3digos de zona en 250 pa\u00edses - Address4","og_description":"Address4 ofrece un servicio de localizador de c\u00f3digos de zona que permite encontrar el prefijo de una o m\u00e1s direcciones en m\u00e1s de 250 pa\u00edses del mundo.","og_url":"https:\/\/www.address4.com\/es\/servicios\/validacion-direcciones\/localizador-codigos-zona","og_site_name":"Address 4","article_modified_time":"2021-03-01T10:04:03+00:00","twitter_card":"summary_large_image","twitter_misc":{"Tiempo de lectura":"3 minutos"},"schema":{"@context":"https:\/\/schema.org","@graph":[{"@type":"WebPage","@id":"https:\/\/www.address4.com\/es\/servicios\/validacion-direcciones\/localizador-codigos-zona","url":"https:\/\/www.address4.com\/es\/servicios\/validacion-direcciones\/localizador-codigos-zona","name":"Localizaci\u00f3n de c\u00f3digos de zona en 250 pa\u00edses - Address4","isPartOf":{"@id":"https:\/\/www.address4.com\/#website"},"datePublished":"2018-03-07T10:39:46+00:00","dateModified":"2021-03-01T10:04:03+00:00","description":"Address4 ofrece un servicio de localizador de c\u00f3digos de zona que permite encontrar el prefijo de una o m\u00e1s direcciones en m\u00e1s de 250 pa\u00edses del mundo.","breadcrumb":{"@id":"https:\/\/www.address4.com\/es\/servicios\/validacion-direcciones\/localizador-codigos-zona#breadcrumb"},"inLanguage":"es","potentialAction":[{"@type":"ReadAction","target":["https:\/\/www.address4.com\/es\/servicios\/validacion-direcciones\/localizador-codigos-zona"]}]},{"@type":"BreadcrumbList","@id":"https:\/\/www.address4.com\/es\/servicios\/validacion-direcciones\/localizador-codigos-zona#breadcrumb","itemListElement":[{"@type":"ListItem","position":1,"name":"Home","item":"https:\/\/www.address4.com\/es"},{"@type":"ListItem","position":2,"name":"Servicios","item":"https:\/\/www.address4.com\/es\/servicios"},{"@type":"ListItem","position":3,"name":"Validaci\u00f3n de direcciones","item":"https:\/\/www.address4.com\/es\/servicios\/validacion-direcciones"},{"@type":"ListItem","position":4,"name":"Localizador de c\u00f3digos de zona"}]},{"@type":"WebSite","@id":"https:\/\/www.address4.com\/#website","url":"https:\/\/www.address4.com\/","name":"Address 4","description":"Address Verification Service For Your Business","potentialAction":[{"@type":"SearchAction","target":{"@type":"EntryPoint","urlTemplate":"https:\/\/www.address4.com\/?s={search_term_string}"},"query-input":{"@type":"PropertyValueSpecification","valueRequired":true,"valueName":"search_term_string"}}],"inLanguage":"es"}]}},"_links":{"self":[{"href":"https:\/\/www.address4.com\/es\/wp-json\/wp\/v2\/pages\/674","targetHints":{"allow":["GET"]}}],"collection":[{"href":"https:\/\/www.address4.com\/es\/wp-json\/wp\/v2\/pages"}],"about":[{"href":"https:\/\/www.address4.com\/es\/wp-json\/wp\/v2\/types\/page"}],"author":[{"embeddable":true,"href":"https:\/\/www.address4.com\/es\/wp-json\/wp\/v2\/users\/2"}],"replies":[{"embeddable":true,"href":"https:\/\/www.address4.com\/es\/wp-json\/wp\/v2\/comments?post=674"}],"version-history":[{"count":8,"href":"https:\/\/www.address4.com\/es\/wp-json\/wp\/v2\/pages\/674\/revisions"}],"predecessor-version":[{"id":3254,"href":"https:\/\/www.address4.com\/es\/wp-json\/wp\/v2\/pages\/674\/revisions\/3254"}],"up":[{"embeddable":true,"href":"https:\/\/www.address4.com\/es\/wp-json\/wp\/v2\/pages\/329"}],"wp:attachment":[{"href":"https:\/\/www.address4.com\/es\/wp-json\/wp\/v2\/media?parent=674"}],"curies":[{"name":"wp","href":"https:\/\/api.w.org\/{rel}","templated":true}]}}