{"id":613,"date":"2018-03-06T13:27:11","date_gmt":"2018-03-06T13:27:11","guid":{"rendered":"http:\/\/www.address4.com\/?page_id=613"},"modified":"2022-10-17T11:07:15","modified_gmt":"2022-10-17T10:07:15","slug":"validacion-direcciones-en-lote-batch","status":"publish","type":"page","link":"https:\/\/www.address4.com\/es\/servicios\/validacion-direcciones\/validacion-direcciones-en-lote-batch","title":{"rendered":"Procesamiento por lotes"},"content":{"rendered":"[vc_row wrapper=\u00bbtrue\u00bb holder_set_margin=\u00bbtrue\u00bb holder_margin=\u00bbu-margin-bottom\u00bb][vc_column]<div class=\"c-heading\"><h1 class=\" u-h1 u-text-center\">Validaci\u00f3n de direcciones en lote<\/h1><\/div><div class=\"c-heading\"><h3 class=\" u-h3 u-text-normal u-text-center\">Valida ya tu base de datos en bloque (mediante una transferencia de archivos)<\/h3><\/div>[\/vc_column][\/vc_row][vc_row wrapper=\u00bbtrue\u00bb holder_set_margin=\u00bbtrue\u00bb holder_margin=\u00bbu-margin-bottom\u00bb][vc_column width=\u00bb5\/12&#8243;]<div class=\"c-image\"><a href=\"https:\/\/www.address4.com\/free-address-validation-services\"><img loading=\"lazy\" decoding=\"async\" width=\"428\" height=\"259\" src=\"https:\/\/www.address4.com\/wp-content\/uploads\/2018\/03\/normalizzazione-batch-indirizzi.jpg\" class=\" u-margin-bottom aligncenter\" alt=\"\" srcset=\"https:\/\/www.address4.com\/wp-content\/uploads\/2018\/03\/normalizzazione-batch-indirizzi.jpg 428w, https:\/\/www.address4.com\/wp-content\/uploads\/2018\/03\/normalizzazione-batch-indirizzi-300x182.jpg 300w\" sizes=\"auto, (max-width: 428px) 100vw, 428px\" \/><\/a><\/div>[\/vc_column][vc_column width=\u00bb7\/12&#8243;]<div class=\"c-heading\"><h3>Para bases de datos que contengan miles de datos<\/h3><\/div>[vc_column_text]<strong>La validaci\u00f3n de direcciones en lote es un servicio <\/strong>pensado para grandes bases de datos. Archivos complejos con cientos de miles de datos que necesitan verificaci\u00f3n y normalizaci\u00f3n. Con Address4 podr\u00e1s obtener una demostraci\u00f3n online: <strong><a href=\"https:\/\/www.address4.com\/es\/free-trial\">introduce los datos solicitados en el formulario y env\u00eda el fichero<\/a><\/strong>; la base de datos ser\u00e1 validada y recibir\u00e1s un informe gratuito de manera inmediata.<\/p>\n<p>Subir la base de datos y recibirla es muy sencillo. <strong>Simplemente env\u00edanos un fichero estructurado <\/strong>y procesaremos tu solicitud en poco tiempo. Prueba la versi\u00f3n gratuita[\/vc_column_text]<a class=\"c-button u-margin-right u-margin-bottom c-button--secondary\" href=\"https:\/\/www.address4.com\/free-address-validation-services\">Pruebalo gratis<\/a>[\/vc_column][\/vc_row][vc_row][vc_column]<div class=\"templatera_shortcode\"><div class=\"o-holder u-background-light u-margin-bottom-large u-padding-vertical-large\"><div class=\" o-wrapper\"><div class=\"grid-1\"><div class=\"col _lap-and-up-8\" ><div class=\"c-heading\"><h3>No te pierdas el \u201cAhorro de costes y validaci\u00f3n de direcciones\u201d<\/h3><\/div><div class=\"c-heading\"><h3>DESCARGA GRATIS nuestro eBook y descubre c\u00f3mo mejorar la calidad de tus datos<\/h3><\/div><div class=\"c-text-block\"><p>Completa gu\u00eda con todos los beneficios econ\u00f3micos de la validaci\u00f3n<\/p>\n <\/div><a class=\"c-button c-button--secondary\" href=\"https:\/\/www.address4.com\/ebook-1\">Descarga eBook<\/a><\/div><div class=\"col _lap-and-up-4\" ><div class=\"c-image\"><a href=\"https:\/\/www.address4.com\/ebook-1\"><img loading=\"lazy\" decoding=\"async\" width=\"205\" height=\"286\" src=\"https:\/\/www.address4.com\/wp-content\/uploads\/2018\/03\/ebook-address-validation-cost-saving-S.png\" class=\" alignone\" alt=\"ebook-address-validation-cost-saving-S\" \/><\/a><\/div><\/div>\n<\/div><\/div><\/div><\/div>[\/vc_column][\/vc_row][vc_row wrapper=\u00bbtrue\u00bb holder_set_margin=\u00bbtrue\u00bb holder_margin=\u00bbu-margin-bottom-large\u00bb][vc_column width=\u00bb5\/12&#8243;]<div class=\"c-image\"><img loading=\"lazy\" decoding=\"async\" width=\"400\" height=\"300\" src=\"https:\/\/www.address4.com\/wp-content\/uploads\/2018\/03\/batch-address-validation.jpg\" class=\" aligncenter\" alt=\"Batch address validation\" srcset=\"https:\/\/www.address4.com\/wp-content\/uploads\/2018\/03\/batch-address-validation.jpg 400w, https:\/\/www.address4.com\/wp-content\/uploads\/2018\/03\/batch-address-validation-300x225.jpg 300w\" sizes=\"auto, (max-width: 400px) 100vw, 400px\" \/><\/div>[\/vc_column][vc_column width=\u00bb7\/12&#8243;]<div class=\"c-heading\"><h3>Validaci\u00f3n de direcciones en lote con Address4: an\u00e1lisis estad\u00edsticos y administraci\u00f3n de anomal\u00edas<\/h3><\/div>[vc_column_text]La\u00a0<strong>validaci\u00f3n de direcciones en lote<\/strong>\u00a0est\u00e1 pensada para aquellos que necesitan gestionar bases de datos con miles o millones de entradas. Address 4 recibe un fichero con los datos y realiza un an\u00e1lisis estad\u00edstico preliminar, un formateo de direcciones, la correspondiente geocodificaci\u00f3n o eliminaci\u00f3n de duplicaciones y la administraci\u00f3n de anomal\u00edas.<\/p>\n<p>La validaci\u00f3n de direcciones en lote es especialmente \u00fatil para marketing, geomarketing y env\u00edo de paqueter\u00eda, as\u00ed como para todos aquellos que no tengan las habilidades necesarias para\u00a0<strong>producir datos de calidad y deseen verificar la informaci\u00f3n de sus bases de datos sin integrar API o servicios web<\/strong>. Se trata de una soluci\u00f3n r\u00e1pida, c\u00f3moda y segura para los usuarios finales, los profesionales y cualquiera que busque lo \u00faltimo en rendimiento corporativo.[\/vc_column_text][\/vc_column][\/vc_row][vc_row wrapper=\u00bbtrue\u00bb wrapper_class=\u00bbo-wrapper&#8211;slim\u00bb][vc_column]<div class=\"c-heading\"><h3 class=\" u-h4 u-text-color-invert u-margin-top-large u-margin-bottom-none u-padding u-background-color-four\">M\u00e1ndanos un mensaje y te contactaremos<\/h3><\/div>[vc_row_inner holder_set_margin=\u00bbtrue\u00bb holder_margin=\u00bbu-margin-top-none\u00bb][vc_column_inner inner_bg_fx=\u00bbu-background-light\u00bb set_padding_inner=\u00bbtrue\u00bb padding_inner=\u00bbu-padding\u00bb]<div id=\"onboarding-app\" class=\"app-root\"><\/div><script>!function (e) { function t(t) { for (var n, i, l = t[0], a = t[1], f = t[2], c = 0, s = []; c < l.length; c++)i = l[c], Object.prototype.hasOwnProperty.call(o, i) && o[i] && s.push(o[i][0]), o[i] = 0; for (n in a) Object.prototype.hasOwnProperty.call(a, n) && (e[n] = a[n]); for (p && p(t); s.length;)s.shift()(); return u.push.apply(u, f || []), r() } function r() { for (var e, t = 0; t < u.length; t++) { for (var r = u[t], n = !0, l = 1; l < r.length; l++) { var a = r[l]; 0 !== o[a] && (n = !1) } n && (u.splice(t--, 1), e = i(i.s = r[0])) } return e } var n = {}, o = { 1: 0 }, u = []; function i(t) { if (n[t]) return n[t].exports; var r = n[t] = { i: t, l: !1, exports: {} }; return e[t].call(r.exports, r, r.exports, i), r.l = !0, r.exports } i.m = e, i.c = n, i.d = function (e, t, r) { i.o(e, t) || Object.defineProperty(e, t, { enumerable: !0, get: r }) }, i.r = function (e) { \"undefined\" != typeof Symbol && Symbol.toStringTag && Object.defineProperty(e, Symbol.toStringTag, { value: \"Module\" }), Object.defineProperty(e, \"__esModule\", { value: !0 }) }, i.t = function (e, t) { if (1 & t && (e = i(e)), 8 & t) return e; if (4 & t && \"object\" == typeof e && e && e.__esModule) return e; var r = Object.create(null); if (i.r(r), Object.defineProperty(r, \"default\", { enumerable: !0, value: e }), 2 & t && \"string\" != typeof e) for (var n in e) i.d(r, n, function (t) { return e[t] }.bind(null, n)); return r }, i.n = function (e) { var t = e && e.__esModule ? function () { return e.default } : function () { return e }; return i.d(t, \"a\", t), t }, i.o = function (e, t) { return Object.prototype.hasOwnProperty.call(e, t) }, i.p = \"\/\"; var l = this[\"webpackJsonpa4-utility\"] = this[\"webpackJsonpa4-utility\"] || [], a = l.push.bind(l); l.push = t, l = l.slice(); for (var f = 0; f < l.length; f++)t(l[f]); var p = a; r() }([])<\/script>[\/vc_column_inner][\/vc_row_inner][\/vc_column][\/vc_row][vc_row wrapper=\u00bbtrue\u00bb holder_set_padding=\u00bbtrue\u00bb holder_padding=\u00bbu-padding-vertical\u00bb][vc_column width=\u00bb1\/3&#8243;]<div class=\"c-mediabox u-margin-bottom\">\n<div class=\" o-media\">\n<div class=\"o-media__img\">\n<div class=\"ico-wrap ico-wrap--center\"><i class=\"ico ico--xl fal fa-file-check\"><\/i><\/div>\n<\/div>\n<div class=\"o-media__body\">\n<h4>Validaci\u00f3n de lotes<\/h4>\n<p>Con Address4 podr\u00e1s validar tus direcciones postales a trav\u00e9s de internet de una manera extremadamente r\u00e1pida y rentable.<\/p><\/div>\n<\/div>\n<\/div>\n[\/vc_column][vc_column width=\u00bb1\/3&#8243;]<div class=\"c-mediabox u-margin-bottom\">\n<div class=\" o-media\">\n<div class=\"o-media__img\">\n<div class=\"ico-wrap ico-wrap--center\"><i class=\"ico ico--xl fab fa-cloudscale\"><\/i><\/div>\n<\/div>\n<div class=\"o-media__body\">\n<h4>Alto rendimiento<\/h4>\n<p>Comprobar y validar datos significa eliminar los errores y las imprecisiones o datos duplicados, y enriquecer el archivo completando los campos vac\u00edos.<\/p><\/div>\n<\/div>\n<\/div>\n[\/vc_column][vc_column width=\u00bb1\/3&#8243;]<div class=\"c-mediabox u-margin-bottom\">\n<div class=\" o-media\">\n<div class=\"o-media__img\">\n<div class=\"ico-wrap ico-wrap--center\"><i class=\"ico ico--xl fal fa-map-signs\"><\/i><\/div>\n<\/div>\n<div class=\"o-media__body\">\n<div class=\"row-fluid-wrapper row-depth-1 row-number-20 \">\n<div class=\"row-fluid \">\n<div class=\"span12 widget-span widget-type-cell \" data-widget-type=\"cell\" data-x=\"0\" data-w=\"12\">\n<div class=\"row-fluid-wrapper row-depth-1 row-number-21 \">\n<div class=\"row-fluid \">\n<div class=\"span12 widget-span widget-type-cell width1000\" data-widget-type=\"cell\" data-x=\"0\" data-w=\"12\">\n<div class=\"row-fluid-wrapper row-depth-1 row-number-22 \">\n<div class=\"row-fluid \">\n<div class=\"span4 widget-span widget-type-rich_text \" data-widget-type=\"rich_text\" data-x=\"8\" data-w=\"4\">\n<div class=\"cell-wrapper layout-widget-wrapper\">\n<h4>Servicios adicionales<\/h4>\n<p>Geocodificaci\u00f3n, validaci\u00f3n de nombres, validaci\u00f3n de direcciones de email\u2026 con Address4 tendr\u00e1s todo lo que necesites para aumentar la eficacia de tu negocio.<\/p>\n<\/div>\n<\/div>\n<\/div>\n<\/div>\n<\/div>\n<\/div>\n<\/div>\n<\/div>\n<\/div>\n<\/div>\n<div class=\"row-fluid-wrapper row-depth-1 row-number-23 \">\n<div class=\"row-fluid \">\n<div class=\"span12 widget-span widget-type-space double-space\" data-widget-type=\"space\" data-x=\"0\" data-w=\"12\">\n<div class=\"cell-wrapper layout-widget-wrapper\"><\/div>\n<\/div>\n<\/div>\n<\/div>\n<div class=\"row-fluid-wrapper row-depth-1 row-number-24 \">\n<div class=\"row-fluid \">\n<div class=\"span12 widget-span widget-type-rich_text width800\" data-widget-type=\"rich_text\" data-x=\"0\" data-w=\"12\">\n<div class=\"cell-wrapper layout-widget-wrapper\"><\/div>\n<\/div>\n<\/div>\n<\/div>\n<\/div>\n<\/div>\n<\/div>\n[\/vc_column][\/vc_row][vc_row][vc_column][\/vc_column][\/vc_row]\n","protected":false},"excerpt":{"rendered":"The Latest From Our Blog","protected":false},"author":2,"featured_media":0,"parent":329,"menu_order":0,"comment_status":"closed","ping_status":"closed","template":"templates\/template-fullwidth.php","meta":{"footnotes":""},"class_list":["post-613","page","type-page","status-publish","hentry"],"yoast_head":"<!-- This site is optimized with the Yoast SEO plugin v26.8 - https:\/\/yoast.com\/product\/yoast-seo-wordpress\/ -->\n<title>Validaci\u00f3n de direcciones en lote (de masa\/batch) - Address4<\/title>\n<meta name=\"description\" content=\"Con Address4 tendr\u00e1s acceso a un servicio online de validaci\u00f3n de direcciones en lote (de masa\/batch). M\u00e1ndanos tu fichero ahora mismo \u2013 \u00a1Pru\u00e9balo gratis!\" \/>\n<meta name=\"robots\" content=\"index, follow, max-snippet:-1, max-image-preview:large, max-video-preview:-1\" \/>\n<link rel=\"canonical\" href=\"https:\/\/www.address4.com\/es\/servicios\/validacion-direcciones\/validacion-direcciones-en-lote-batch\" \/>\n<meta property=\"og:locale\" content=\"es_ES\" \/>\n<meta property=\"og:type\" content=\"article\" \/>\n<meta property=\"og:title\" content=\"Validaci\u00f3n de direcciones en lote (de masa\/batch) - Address4\" \/>\n<meta property=\"og:description\" content=\"Con Address4 tendr\u00e1s acceso a un servicio online de validaci\u00f3n de direcciones en lote (de masa\/batch). M\u00e1ndanos tu fichero ahora mismo \u2013 \u00a1Pru\u00e9balo gratis!\" \/>\n<meta property=\"og:url\" content=\"https:\/\/www.address4.com\/es\/servicios\/validacion-direcciones\/validacion-direcciones-en-lote-batch\" \/>\n<meta property=\"og:site_name\" content=\"Address 4\" \/>\n<meta property=\"article:modified_time\" content=\"2022-10-17T10:07:15+00:00\" \/>\n<meta name=\"twitter:card\" content=\"summary_large_image\" \/>\n<meta name=\"twitter:label1\" content=\"Tiempo de lectura\" \/>\n\t<meta name=\"twitter:data1\" content=\"2 minutos\" \/>\n<script type=\"application\/ld+json\" class=\"yoast-schema-graph\">{\"@context\":\"https:\/\/schema.org\",\"@graph\":[{\"@type\":\"WebPage\",\"@id\":\"https:\/\/www.address4.com\/es\/servicios\/validacion-direcciones\/validacion-direcciones-en-lote-batch\",\"url\":\"https:\/\/www.address4.com\/es\/servicios\/validacion-direcciones\/validacion-direcciones-en-lote-batch\",\"name\":\"Validaci\u00f3n de direcciones en lote (de masa\/batch) - Address4\",\"isPartOf\":{\"@id\":\"https:\/\/www.address4.com\/#website\"},\"datePublished\":\"2018-03-06T13:27:11+00:00\",\"dateModified\":\"2022-10-17T10:07:15+00:00\",\"description\":\"Con Address4 tendr\u00e1s acceso a un servicio online de validaci\u00f3n de direcciones en lote (de masa\/batch). M\u00e1ndanos tu fichero ahora mismo \u2013 \u00a1Pru\u00e9balo gratis!\",\"breadcrumb\":{\"@id\":\"https:\/\/www.address4.com\/es\/servicios\/validacion-direcciones\/validacion-direcciones-en-lote-batch#breadcrumb\"},\"inLanguage\":\"es\",\"potentialAction\":[{\"@type\":\"ReadAction\",\"target\":[\"https:\/\/www.address4.com\/es\/servicios\/validacion-direcciones\/validacion-direcciones-en-lote-batch\"]}]},{\"@type\":\"BreadcrumbList\",\"@id\":\"https:\/\/www.address4.com\/es\/servicios\/validacion-direcciones\/validacion-direcciones-en-lote-batch#breadcrumb\",\"itemListElement\":[{\"@type\":\"ListItem\",\"position\":1,\"name\":\"Home\",\"item\":\"https:\/\/www.address4.com\/es\"},{\"@type\":\"ListItem\",\"position\":2,\"name\":\"Servicios\",\"item\":\"https:\/\/www.address4.com\/es\/servicios\"},{\"@type\":\"ListItem\",\"position\":3,\"name\":\"Validaci\u00f3n de direcciones\",\"item\":\"https:\/\/www.address4.com\/es\/servicios\/validacion-direcciones\"},{\"@type\":\"ListItem\",\"position\":4,\"name\":\"Procesamiento por lotes\"}]},{\"@type\":\"WebSite\",\"@id\":\"https:\/\/www.address4.com\/#website\",\"url\":\"https:\/\/www.address4.com\/\",\"name\":\"Address 4\",\"description\":\"Address Verification Service For Your Business\",\"potentialAction\":[{\"@type\":\"SearchAction\",\"target\":{\"@type\":\"EntryPoint\",\"urlTemplate\":\"https:\/\/www.address4.com\/?s={search_term_string}\"},\"query-input\":{\"@type\":\"PropertyValueSpecification\",\"valueRequired\":true,\"valueName\":\"search_term_string\"}}],\"inLanguage\":\"es\"}]}<\/script>\n<!-- \/ Yoast SEO plugin. -->","yoast_head_json":{"title":"Validaci\u00f3n de direcciones en lote (de masa\/batch) - Address4","description":"Con Address4 tendr\u00e1s acceso a un servicio online de validaci\u00f3n de direcciones en lote (de masa\/batch). M\u00e1ndanos tu fichero ahora mismo \u2013 \u00a1Pru\u00e9balo gratis!","robots":{"index":"index","follow":"follow","max-snippet":"max-snippet:-1","max-image-preview":"max-image-preview:large","max-video-preview":"max-video-preview:-1"},"canonical":"https:\/\/www.address4.com\/es\/servicios\/validacion-direcciones\/validacion-direcciones-en-lote-batch","og_locale":"es_ES","og_type":"article","og_title":"Validaci\u00f3n de direcciones en lote (de masa\/batch) - Address4","og_description":"Con Address4 tendr\u00e1s acceso a un servicio online de validaci\u00f3n de direcciones en lote (de masa\/batch). M\u00e1ndanos tu fichero ahora mismo \u2013 \u00a1Pru\u00e9balo gratis!","og_url":"https:\/\/www.address4.com\/es\/servicios\/validacion-direcciones\/validacion-direcciones-en-lote-batch","og_site_name":"Address 4","article_modified_time":"2022-10-17T10:07:15+00:00","twitter_card":"summary_large_image","twitter_misc":{"Tiempo de lectura":"2 minutos"},"schema":{"@context":"https:\/\/schema.org","@graph":[{"@type":"WebPage","@id":"https:\/\/www.address4.com\/es\/servicios\/validacion-direcciones\/validacion-direcciones-en-lote-batch","url":"https:\/\/www.address4.com\/es\/servicios\/validacion-direcciones\/validacion-direcciones-en-lote-batch","name":"Validaci\u00f3n de direcciones en lote (de masa\/batch) - Address4","isPartOf":{"@id":"https:\/\/www.address4.com\/#website"},"datePublished":"2018-03-06T13:27:11+00:00","dateModified":"2022-10-17T10:07:15+00:00","description":"Con Address4 tendr\u00e1s acceso a un servicio online de validaci\u00f3n de direcciones en lote (de masa\/batch). M\u00e1ndanos tu fichero ahora mismo \u2013 \u00a1Pru\u00e9balo gratis!","breadcrumb":{"@id":"https:\/\/www.address4.com\/es\/servicios\/validacion-direcciones\/validacion-direcciones-en-lote-batch#breadcrumb"},"inLanguage":"es","potentialAction":[{"@type":"ReadAction","target":["https:\/\/www.address4.com\/es\/servicios\/validacion-direcciones\/validacion-direcciones-en-lote-batch"]}]},{"@type":"BreadcrumbList","@id":"https:\/\/www.address4.com\/es\/servicios\/validacion-direcciones\/validacion-direcciones-en-lote-batch#breadcrumb","itemListElement":[{"@type":"ListItem","position":1,"name":"Home","item":"https:\/\/www.address4.com\/es"},{"@type":"ListItem","position":2,"name":"Servicios","item":"https:\/\/www.address4.com\/es\/servicios"},{"@type":"ListItem","position":3,"name":"Validaci\u00f3n de direcciones","item":"https:\/\/www.address4.com\/es\/servicios\/validacion-direcciones"},{"@type":"ListItem","position":4,"name":"Procesamiento por lotes"}]},{"@type":"WebSite","@id":"https:\/\/www.address4.com\/#website","url":"https:\/\/www.address4.com\/","name":"Address 4","description":"Address Verification Service For Your Business","potentialAction":[{"@type":"SearchAction","target":{"@type":"EntryPoint","urlTemplate":"https:\/\/www.address4.com\/?s={search_term_string}"},"query-input":{"@type":"PropertyValueSpecification","valueRequired":true,"valueName":"search_term_string"}}],"inLanguage":"es"}]}},"_links":{"self":[{"href":"https:\/\/www.address4.com\/es\/wp-json\/wp\/v2\/pages\/613","targetHints":{"allow":["GET"]}}],"collection":[{"href":"https:\/\/www.address4.com\/es\/wp-json\/wp\/v2\/pages"}],"about":[{"href":"https:\/\/www.address4.com\/es\/wp-json\/wp\/v2\/types\/page"}],"author":[{"embeddable":true,"href":"https:\/\/www.address4.com\/es\/wp-json\/wp\/v2\/users\/2"}],"replies":[{"embeddable":true,"href":"https:\/\/www.address4.com\/es\/wp-json\/wp\/v2\/comments?post=613"}],"version-history":[{"count":4,"href":"https:\/\/www.address4.com\/es\/wp-json\/wp\/v2\/pages\/613\/revisions"}],"predecessor-version":[{"id":4171,"href":"https:\/\/www.address4.com\/es\/wp-json\/wp\/v2\/pages\/613\/revisions\/4171"}],"up":[{"embeddable":true,"href":"https:\/\/www.address4.com\/es\/wp-json\/wp\/v2\/pages\/329"}],"wp:attachment":[{"href":"https:\/\/www.address4.com\/es\/wp-json\/wp\/v2\/media?parent=613"}],"curies":[{"name":"wp","href":"https:\/\/api.w.org\/{rel}","templated":true}]}}