{"id":570,"date":"2018-03-06T11:01:35","date_gmt":"2018-03-06T11:01:35","guid":{"rendered":"http:\/\/www.address4.com\/?page_id=570"},"modified":"2021-02-25T09:13:12","modified_gmt":"2021-02-25T08:13:12","slug":"validacion-de-direcciones-con-autocompletado","status":"publish","type":"page","link":"https:\/\/www.address4.com\/es\/servicios\/validacion-direcciones\/validacion-de-direcciones-con-autocompletado","title":{"rendered":"Autocompletar"},"content":{"rendered":"[vc_row wrapper=\u00bbtrue\u00bb holder_set_margin=\u00bbtrue\u00bb holder_margin=\u00bbu-margin-bottom\u00bb][vc_column]<div class=\"c-heading\"><h1 class=\" u-h1 u-text-center\">Validaci\u00f3n de direcciones con autocompletado<\/h1><\/div><div class=\"c-heading\"><h3 class=\" u-h3 u-text-normal u-text-center\">Autocompleta direcciones y verif\u00edcalas en el momento para obtener datos precisos<\/h3><\/div>[\/vc_column][\/vc_row][vc_row wrapper=\u00bbtrue\u00bb holder_set_margin=\u00bbtrue\u00bb holder_margin=\u00bbu-margin-bottom\u00bb][vc_column width=\u00bb5\/12&#8243;]<div class=\"c-image\"><a href=\"https:\/\/www.address4.com\/free-address-validation-services\"><img loading=\"lazy\" decoding=\"async\" width=\"700\" height=\"360\" src=\"https:\/\/www.address4.com\/wp-content\/uploads\/2018\/03\/5ba7e16e-6319-4a2f-8152-a493c0ae729a.jpeg\" class=\" u-margin-bottom aligncenter\" alt=\"\" srcset=\"https:\/\/www.address4.com\/wp-content\/uploads\/2018\/03\/5ba7e16e-6319-4a2f-8152-a493c0ae729a.jpeg 700w, https:\/\/www.address4.com\/wp-content\/uploads\/2018\/03\/5ba7e16e-6319-4a2f-8152-a493c0ae729a-300x154.jpeg 300w\" sizes=\"auto, (max-width: 700px) 100vw, 700px\" \/><\/a><\/div>[\/vc_column][vc_column width=\u00bb7\/12&#8243;]<div class=\"c-heading\"><h3>El autocompletado de direcciones online<\/h3><\/div>[vc_column_text]<strong>Los proyectos profesionales de introducci\u00f3n de datos\u00a0<\/strong>necesitan herramientas de sugerencias, validaci\u00f3n y autocompletado de las direcciones. En cada campo individual, Address4 selecciona de entre las opciones disponibles en tiempo real de acuerdo con las primeras letras o n\u00fameros introducidos, completa los datos que faltan y valida las direcciones en caso de necesidad.\u00a0Puedes ver una demostraci\u00f3n pr\u00e1ctica del potencial del software de Address 4 si completas el formulario con tu direcci\u00f3n. Pru\u00e9balo gratis en cualquier momento.[\/vc_column_text]<a class=\"c-button u-margin-right u-margin-bottom c-button--primary  c-button--ghost\" href=\"https:\/\/www.address4.com\/services\/address-validation\/batch-address-validation\">Sube un archivo<\/a><a class=\"c-button c-button--primary  c-button--ghost\" href=\"https:\/\/www.address4.com\/free-address-validation-services\">Registrate<\/a>[\/vc_column][\/vc_row][vc_row][vc_column]<div class=\"templatera_shortcode\"><div class=\"o-holder u-background-light u-margin-bottom-large u-padding-vertical-large\"><div class=\" o-wrapper\"><div class=\"grid-1\"><div class=\"col _lap-and-up-8\" ><div class=\"c-heading\"><h3>No te pierdas el \u201cAhorro de costes y validaci\u00f3n de direcciones\u201d<\/h3><\/div><div class=\"c-heading\"><h3>DESCARGA GRATIS nuestro eBook y descubre c\u00f3mo mejorar la calidad de tus datos<\/h3><\/div><div class=\"c-text-block\"><p>Completa gu\u00eda con todos los beneficios econ\u00f3micos de la validaci\u00f3n<\/p>\n <\/div><a class=\"c-button c-button--secondary\" href=\"https:\/\/www.address4.com\/ebook-1\">Descarga eBook<\/a><\/div><div class=\"col _lap-and-up-4\" ><div class=\"c-image\"><a href=\"https:\/\/www.address4.com\/ebook-1\"><img loading=\"lazy\" decoding=\"async\" width=\"205\" height=\"286\" src=\"https:\/\/www.address4.com\/wp-content\/uploads\/2018\/03\/ebook-address-validation-cost-saving-S.png\" class=\" alignone\" alt=\"ebook-address-validation-cost-saving-S\" \/><\/a><\/div><\/div>\n<\/div><\/div><\/div><\/div>[\/vc_column][\/vc_row][vc_row wrapper=\u00bbtrue\u00bb holder_set_margin=\u00bbtrue\u00bb holder_margin=\u00bbu-margin-bottom-large\u00bb][vc_column]<div class=\"c-heading\"><h3>Por qu\u00e9 elegir autocompletado de direcciones con Address4.<\/h3><\/div>[vc_column_text]Address 4 ha sido desarrollado para proporcionar asistencia online a aquellos que trabajan con sistemas de introducci\u00f3n de datos. Emplea una funci\u00f3n especial de autocompletado, sugerencias en tiempo real y validaci\u00f3n de direcciones.<\/p>\n<p>Cuando introduces las primeras letras o n\u00fameros de una direcci\u00f3n, la base de datos de Address 4 las compara con los datos almacenados del pa\u00eds, y garantiza la precisi\u00f3n de los datos. Luego, el software completa autom\u00e1ticamente los registros incompletos e introduce los valores relacionados con el campo (como la ciudad o el c\u00f3digo postal).<\/p>\n<p>Por \u00faltimo, Address 4 verifica la direcci\u00f3n y elimina cualquier error derivado de la introducci\u00f3n manual de los datos. El proceso es m\u00e1s r\u00e1pido y m\u00e1s seguro y adem\u00e1s garantiza la calidad. Todo sucede en tiempo real y se puede acceder a la informaci\u00f3n de m\u00e1s de 250 pa\u00edses del mundo.[\/vc_column_text][\/vc_column][\/vc_row][vc_row][vc_column]<div class=\"templatera_shortcode\"><div class=\"o-holder u-background-light u-margin-bottom-large u-padding-vertical-large\"><div class=\"grid-1\"><div class=\"col _lap-and-up-12\" ><div class=\"c-heading\"><h3 class=\" u-h2 u-text-center\"> Prueba gratis Address 4<\/h3><\/div><div class=\"c-button-holder c-button-holder--center\"><a class=\"c-button c-button--center u-margin-bottom c-button--secondary\" href=\"https:\/\/www.address4.com\/free-address-validation-services\">Registrate<\/a><\/div><div class=\"c-heading\"><h3 class=\" u-text-center\">sin costes, sin compromiso, m\u00e1xima satisfacci\u00f3n<\/h3><\/div><\/div>\n<\/div><\/div><\/div>[\/vc_column][\/vc_row][vc_row wrapper=\u00bbtrue\u00bb holder_set_margin=\u00bbtrue\u00bb holder_margin=\u00bbu-margin-bottom-large\u00bb][vc_column width=\u00bb1\/3&#8243;]<div class=\"c-mediabox u-margin-bottom\">\n<div class=\" o-media\">\n<div class=\"o-media__img\">\n<div class=\"ico-wrap ico-wrap--center\"><i class=\"ico ico--xl fal fa-info-circle\"><\/i><\/div>\n<\/div>\n<div class=\"o-media__body\">\n<h4>Sugerencias autom\u00e1ticas<\/h4>\n<p>Mientras introduces los datos, Address 4 sugiere alternativas actualizadas y correctas.<\/p><\/div>\n<\/div>\n<\/div>\n[\/vc_column][vc_column width=\u00bb1\/3&#8243;]<div class=\"c-mediabox u-margin-bottom\">\n<div class=\" o-media\">\n<div class=\"o-media__img\">\n<div class=\"ico-wrap ico-wrap--center\"><i class=\"ico ico--xl fal fa-edit\"><\/i><\/div>\n<\/div>\n<div class=\"o-media__body\">\n<h4>Autocompletado<\/h4>\n<p>Todo lo que tienes que hacer es introducir unas pocas letras o n\u00fameros y el formulario se rellenar\u00e1 autom\u00e1ticamente.<\/p><\/div>\n<\/div>\n<\/div>\n[\/vc_column][vc_column width=\u00bb1\/3&#8243;]<div class=\"c-mediabox u-margin-bottom\">\n<div class=\" o-media\">\n<div class=\"o-media__img\">\n<div class=\"ico-wrap ico-wrap--center\"><i class=\"ico ico--xl fal fa-map-marker-alt\"><\/i><\/div>\n<\/div>\n<div class=\"o-media__body\">\n<h4>Validaci\u00f3n de direcciones<\/h4>\n<p>El \u00faltimo paso es la verificaci\u00f3n de las direcciones: Address 4 confirma la calidad de la informaci\u00f3n para que t\u00fa no tengas que hacerlo.<\/p><\/div>\n<\/div>\n<\/div>\n[\/vc_column][\/vc_row][vc_row][vc_column][\/vc_column][\/vc_row]\n","protected":false},"excerpt":{"rendered":"The Latest From Our Blog","protected":false},"author":2,"featured_media":0,"parent":329,"menu_order":0,"comment_status":"closed","ping_status":"closed","template":"templates\/template-fullwidth.php","meta":{"footnotes":""},"class_list":["post-570","page","type-page","status-publish","hentry"],"yoast_head":"<!-- This site is optimized with the Yoast SEO plugin v26.8 - https:\/\/yoast.com\/product\/yoast-seo-wordpress\/ -->\n<title>Validaci\u00f3n con autocompletado de direcciones - Address4<\/title>\n<meta name=\"description\" content=\"Descubre el servicio online de autocompletado, sugerencias y validaci\u00f3n de direcciones email para tareas de introducci\u00f3n de datos. \u00a1Pru\u00e9balo gratis!\" \/>\n<meta name=\"robots\" content=\"index, follow, max-snippet:-1, max-image-preview:large, max-video-preview:-1\" \/>\n<link rel=\"canonical\" href=\"https:\/\/www.address4.com\/es\/servicios\/validacion-direcciones\/validacion-de-direcciones-con-autocompletado\" \/>\n<meta property=\"og:locale\" content=\"es_ES\" \/>\n<meta property=\"og:type\" content=\"article\" \/>\n<meta property=\"og:title\" content=\"Validaci\u00f3n con autocompletado de direcciones - Address4\" \/>\n<meta property=\"og:description\" content=\"Descubre el servicio online de autocompletado, sugerencias y validaci\u00f3n de direcciones email para tareas de introducci\u00f3n de datos. \u00a1Pru\u00e9balo gratis!\" \/>\n<meta property=\"og:url\" content=\"https:\/\/www.address4.com\/es\/servicios\/validacion-direcciones\/validacion-de-direcciones-con-autocompletado\" \/>\n<meta property=\"og:site_name\" content=\"Address 4\" \/>\n<meta property=\"article:modified_time\" content=\"2021-02-25T08:13:12+00:00\" \/>\n<meta name=\"twitter:card\" content=\"summary_large_image\" \/>\n<meta name=\"twitter:label1\" content=\"Tiempo de lectura\" \/>\n\t<meta name=\"twitter:data1\" content=\"2 minutos\" \/>\n<script type=\"application\/ld+json\" class=\"yoast-schema-graph\">{\"@context\":\"https:\/\/schema.org\",\"@graph\":[{\"@type\":\"WebPage\",\"@id\":\"https:\/\/www.address4.com\/es\/servicios\/validacion-direcciones\/validacion-de-direcciones-con-autocompletado\",\"url\":\"https:\/\/www.address4.com\/es\/servicios\/validacion-direcciones\/validacion-de-direcciones-con-autocompletado\",\"name\":\"Validaci\u00f3n con autocompletado de direcciones - Address4\",\"isPartOf\":{\"@id\":\"https:\/\/www.address4.com\/#website\"},\"datePublished\":\"2018-03-06T11:01:35+00:00\",\"dateModified\":\"2021-02-25T08:13:12+00:00\",\"description\":\"Descubre el servicio online de autocompletado, sugerencias y validaci\u00f3n de direcciones email para tareas de introducci\u00f3n de datos. \u00a1Pru\u00e9balo gratis!\",\"breadcrumb\":{\"@id\":\"https:\/\/www.address4.com\/es\/servicios\/validacion-direcciones\/validacion-de-direcciones-con-autocompletado#breadcrumb\"},\"inLanguage\":\"es\",\"potentialAction\":[{\"@type\":\"ReadAction\",\"target\":[\"https:\/\/www.address4.com\/es\/servicios\/validacion-direcciones\/validacion-de-direcciones-con-autocompletado\"]}]},{\"@type\":\"BreadcrumbList\",\"@id\":\"https:\/\/www.address4.com\/es\/servicios\/validacion-direcciones\/validacion-de-direcciones-con-autocompletado#breadcrumb\",\"itemListElement\":[{\"@type\":\"ListItem\",\"position\":1,\"name\":\"Home\",\"item\":\"https:\/\/www.address4.com\/es\"},{\"@type\":\"ListItem\",\"position\":2,\"name\":\"Servicios\",\"item\":\"https:\/\/www.address4.com\/es\/servicios\"},{\"@type\":\"ListItem\",\"position\":3,\"name\":\"Validaci\u00f3n de direcciones\",\"item\":\"https:\/\/www.address4.com\/es\/servicios\/validacion-direcciones\"},{\"@type\":\"ListItem\",\"position\":4,\"name\":\"Autocompletar\"}]},{\"@type\":\"WebSite\",\"@id\":\"https:\/\/www.address4.com\/#website\",\"url\":\"https:\/\/www.address4.com\/\",\"name\":\"Address 4\",\"description\":\"Address Verification Service For Your Business\",\"potentialAction\":[{\"@type\":\"SearchAction\",\"target\":{\"@type\":\"EntryPoint\",\"urlTemplate\":\"https:\/\/www.address4.com\/?s={search_term_string}\"},\"query-input\":{\"@type\":\"PropertyValueSpecification\",\"valueRequired\":true,\"valueName\":\"search_term_string\"}}],\"inLanguage\":\"es\"}]}<\/script>\n<!-- \/ Yoast SEO plugin. -->","yoast_head_json":{"title":"Validaci\u00f3n con autocompletado de direcciones - Address4","description":"Descubre el servicio online de autocompletado, sugerencias y validaci\u00f3n de direcciones email para tareas de introducci\u00f3n de datos. \u00a1Pru\u00e9balo gratis!","robots":{"index":"index","follow":"follow","max-snippet":"max-snippet:-1","max-image-preview":"max-image-preview:large","max-video-preview":"max-video-preview:-1"},"canonical":"https:\/\/www.address4.com\/es\/servicios\/validacion-direcciones\/validacion-de-direcciones-con-autocompletado","og_locale":"es_ES","og_type":"article","og_title":"Validaci\u00f3n con autocompletado de direcciones - Address4","og_description":"Descubre el servicio online de autocompletado, sugerencias y validaci\u00f3n de direcciones email para tareas de introducci\u00f3n de datos. \u00a1Pru\u00e9balo gratis!","og_url":"https:\/\/www.address4.com\/es\/servicios\/validacion-direcciones\/validacion-de-direcciones-con-autocompletado","og_site_name":"Address 4","article_modified_time":"2021-02-25T08:13:12+00:00","twitter_card":"summary_large_image","twitter_misc":{"Tiempo de lectura":"2 minutos"},"schema":{"@context":"https:\/\/schema.org","@graph":[{"@type":"WebPage","@id":"https:\/\/www.address4.com\/es\/servicios\/validacion-direcciones\/validacion-de-direcciones-con-autocompletado","url":"https:\/\/www.address4.com\/es\/servicios\/validacion-direcciones\/validacion-de-direcciones-con-autocompletado","name":"Validaci\u00f3n con autocompletado de direcciones - Address4","isPartOf":{"@id":"https:\/\/www.address4.com\/#website"},"datePublished":"2018-03-06T11:01:35+00:00","dateModified":"2021-02-25T08:13:12+00:00","description":"Descubre el servicio online de autocompletado, sugerencias y validaci\u00f3n de direcciones email para tareas de introducci\u00f3n de datos. \u00a1Pru\u00e9balo gratis!","breadcrumb":{"@id":"https:\/\/www.address4.com\/es\/servicios\/validacion-direcciones\/validacion-de-direcciones-con-autocompletado#breadcrumb"},"inLanguage":"es","potentialAction":[{"@type":"ReadAction","target":["https:\/\/www.address4.com\/es\/servicios\/validacion-direcciones\/validacion-de-direcciones-con-autocompletado"]}]},{"@type":"BreadcrumbList","@id":"https:\/\/www.address4.com\/es\/servicios\/validacion-direcciones\/validacion-de-direcciones-con-autocompletado#breadcrumb","itemListElement":[{"@type":"ListItem","position":1,"name":"Home","item":"https:\/\/www.address4.com\/es"},{"@type":"ListItem","position":2,"name":"Servicios","item":"https:\/\/www.address4.com\/es\/servicios"},{"@type":"ListItem","position":3,"name":"Validaci\u00f3n de direcciones","item":"https:\/\/www.address4.com\/es\/servicios\/validacion-direcciones"},{"@type":"ListItem","position":4,"name":"Autocompletar"}]},{"@type":"WebSite","@id":"https:\/\/www.address4.com\/#website","url":"https:\/\/www.address4.com\/","name":"Address 4","description":"Address Verification Service For Your Business","potentialAction":[{"@type":"SearchAction","target":{"@type":"EntryPoint","urlTemplate":"https:\/\/www.address4.com\/?s={search_term_string}"},"query-input":{"@type":"PropertyValueSpecification","valueRequired":true,"valueName":"search_term_string"}}],"inLanguage":"es"}]}},"_links":{"self":[{"href":"https:\/\/www.address4.com\/es\/wp-json\/wp\/v2\/pages\/570","targetHints":{"allow":["GET"]}}],"collection":[{"href":"https:\/\/www.address4.com\/es\/wp-json\/wp\/v2\/pages"}],"about":[{"href":"https:\/\/www.address4.com\/es\/wp-json\/wp\/v2\/types\/page"}],"author":[{"embeddable":true,"href":"https:\/\/www.address4.com\/es\/wp-json\/wp\/v2\/users\/2"}],"replies":[{"embeddable":true,"href":"https:\/\/www.address4.com\/es\/wp-json\/wp\/v2\/comments?post=570"}],"version-history":[{"count":8,"href":"https:\/\/www.address4.com\/es\/wp-json\/wp\/v2\/pages\/570\/revisions"}],"predecessor-version":[{"id":3182,"href":"https:\/\/www.address4.com\/es\/wp-json\/wp\/v2\/pages\/570\/revisions\/3182"}],"up":[{"embeddable":true,"href":"https:\/\/www.address4.com\/es\/wp-json\/wp\/v2\/pages\/329"}],"wp:attachment":[{"href":"https:\/\/www.address4.com\/es\/wp-json\/wp\/v2\/media?parent=570"}],"curies":[{"name":"wp","href":"https:\/\/api.w.org\/{rel}","templated":true}]}}