{"id":422,"date":"2018-03-05T18:01:28","date_gmt":"2018-03-05T18:01:28","guid":{"rendered":"http:\/\/www.address4.com\/?page_id=422"},"modified":"2021-06-04T07:08:19","modified_gmt":"2021-06-04T06:08:19","slug":"validacion-numeros-telefono","status":"publish","type":"page","link":"https:\/\/www.address4.com\/es\/servicios\/validacion-numeros-telefono","title":{"rendered":"Validaci\u00f3n de n\u00fameros de tel\u00e9fono"},"content":{"rendered":"[vc_row wrapper=\u00bbtrue\u00bb holder_set_margin=\u00bbtrue\u00bb holder_margin=\u00bbu-margin-bottom\u00bb][vc_column]<div class=\"c-heading\"><h1 class=\" u-h1 u-text-center\">Validaci\u00f3n de n\u00fameros de tel\u00e9fono<\/h1><\/div><div class=\"c-heading\"><h3 class=\" u-h3 u-text-normal u-text-center\">Menos costes y mayor eficacia con la validaci\u00f3n de n\u00fameros de tel\u00e9fono<\/h3><\/div>[\/vc_column][\/vc_row][vc_row wrapper=\u00bbtrue\u00bb holder_set_margin=\u00bbtrue\u00bb holder_margin=\u00bbu-margin-bottom\u00bb][vc_column width=\u00bb5\/12&#8243;]<div class=\"c-image\"><img loading=\"lazy\" decoding=\"async\" width=\"500\" height=\"366\" src=\"https:\/\/www.address4.com\/wp-content\/uploads\/2018\/03\/phone-number-validation.jpg\" class=\" u-margin-bottom aligncenter\" alt=\"phone number validation\" srcset=\"https:\/\/www.address4.com\/wp-content\/uploads\/2018\/03\/phone-number-validation.jpg 500w, https:\/\/www.address4.com\/wp-content\/uploads\/2018\/03\/phone-number-validation-300x220.jpg 300w\" sizes=\"auto, (max-width: 500px) 100vw, 500px\" \/><\/div>[\/vc_column][vc_column width=\u00bb7\/12&#8243;]<div class=\"c-heading\"><h3>N\u00fameros validados para alcanzar siempre tu objetivo<\/h3><\/div>[vc_column_text]Saber inmediatamente si el n\u00famero que ha dejado un cliente potencial es correcto, es crucial para poder estar seguro de contactar a la persona adecuada en el momento justo. La funci\u00f3n de validaci\u00f3n de tel\u00e9fonos de Address4 te ofrece soporte inmediato para proyectos de marketing, perfilado de usuarios y mucho m\u00e1s.<\/p>\n<p>El formulario en esta p\u00e1gina est\u00e1 a tu disposici\u00f3n para que pruebes t\u00fa mismo, sin compromiso, la velocidad y precisi\u00f3n de nuestro programa. Introduce los datos y solicita la validaci\u00f3n de tel\u00e9fonos directamente online.[\/vc_column_text]<a class=\"c-button u-margin-right u-margin-bottom c-button--primary  c-button--ghost\" href=\"https:\/\/www.address4.com\/free-address-validation-services\">Registrate<\/a><a class=\"c-button u-margin-bottom c-button--primary  c-button--ghost\" href=\"https:\/\/www.address4.com\/services\/address-validation\/batch-address-validation\">Sube un archivo<\/a>[\/vc_column][\/vc_row][vc_row][vc_column]<div class=\"templatera_shortcode\"><div class=\"o-holder u-background-light u-margin-bottom-large u-padding-vertical-large\"><div class=\" o-wrapper\"><div class=\"grid-1\"><div class=\"col _lap-and-up-8\" ><div class=\"c-heading\"><h3>No te pierdas el \u201cAhorro de costes y validaci\u00f3n de direcciones\u201d<\/h3><\/div><div class=\"c-heading\"><h3>DESCARGA GRATIS nuestro eBook y descubre c\u00f3mo mejorar la calidad de tus datos<\/h3><\/div><div class=\"c-text-block\"><p>Completa gu\u00eda con todos los beneficios econ\u00f3micos de la validaci\u00f3n<\/p>\n <\/div><a class=\"c-button c-button--secondary\" href=\"https:\/\/www.address4.com\/ebook-1\">Descarga eBook<\/a><\/div><div class=\"col _lap-and-up-4\" ><div class=\"c-image\"><a href=\"https:\/\/www.address4.com\/ebook-1\"><img loading=\"lazy\" decoding=\"async\" width=\"205\" height=\"286\" src=\"https:\/\/www.address4.com\/wp-content\/uploads\/2018\/03\/ebook-address-validation-cost-saving-S.png\" class=\" alignone\" alt=\"ebook-address-validation-cost-saving-S\" \/><\/a><\/div><\/div>\n<\/div><\/div><\/div><\/div>[\/vc_column][\/vc_row][vc_row wrapper=\u00bbtrue\u00bb holder_set_margin=\u00bbtrue\u00bb holder_margin=\u00bbu-margin-bottom-large\u00bb][vc_column]<div class=\"c-heading\"><\/div>[vc_column_text]\n<div class=\"row-fluid-wrapper row-depth-1 row-number-15 \">\n<div class=\"row-fluid \">\n<div class=\"span12 widget-span widget-type-rich_text \" data-widget-type=\"rich_text\" data-x=\"0\" data-w=\"12\">\n<div class=\"cell-wrapper layout-widget-wrapper\"><\/div>\n<\/div>\n<\/div>\n<\/div>\n<div class=\"row-fluid-wrapper row-depth-1 row-number-16 \">\n<div class=\"row-fluid \">\n<div class=\"span6 widget-span widget-type-rich_text \" data-widget-type=\"rich_text\" data-x=\"0\" data-w=\"6\">\n<div class=\"cell-wrapper layout-widget-wrapper\"><\/div>\n<\/div>\n<div class=\"span6 widget-span widget-type-rich_text \" data-widget-type=\"rich_text\" data-x=\"6\" data-w=\"6\">\n<div class=\"cell-wrapper layout-widget-wrapper\">\n<div class=\"row-fluid-wrapper row-depth-1 row-number-14 \">\n<div class=\"row-fluid \">\n<div class=\"span12 widget-span widget-type-rich_text \" data-widget-type=\"rich_text\" data-x=\"0\" data-w=\"12\">\n<div class=\"cell-wrapper layout-widget-wrapper\">\n<p>Cada d\u00eda, miles de millones de personas usan un tel\u00e9fono o un m\u00f3vil para comunicarse con otras personas, con negocios o para realizar actividades comerciales. Saber cu\u00e1l es el n\u00famero de tel\u00e9fono exacto, que est\u00e1 actualizado y formateado con el prefijo internacional o nacional adecuado significa optimizar el marketing, las televentas, la recolecci\u00f3n de datos y las estrategias y procedimientos de perfilado. Con Address4 se pueden alcanzar los objetivos gracias a su funci\u00f3n de validaci\u00f3n de tel\u00e9fonos online.<\/p>\n<p>&nbsp;<\/p>\n<p>Una vez que se ha introducido el dato, el software procesa la solicitud y devuelve un valor correcto, verificado y completo con el c\u00f3digo de zona. La misma operaci\u00f3n se puede realizar con bases de datos enteras para grupos de datos incompletos o listas de n\u00fameros de tel\u00e9fono que necesites validar.<\/p>\n<\/div>\n<\/div>\n<\/div>\n<\/div>\n<div class=\"row-fluid-wrapper row-depth-1 row-number-15 \">\n<div class=\"row-fluid \">\n<div class=\"span6 widget-span widget-type-rich_text \" data-widget-type=\"rich_text\" data-x=\"0\" data-w=\"6\">\n<div class=\"cell-wrapper layout-widget-wrapper\"><\/div>\n<\/div>\n<div class=\"span6 widget-span widget-type-rich_text \" data-widget-type=\"rich_text\" data-x=\"6\" data-w=\"6\">\n<div class=\"cell-wrapper layout-widget-wrapper\"><\/div>\n<\/div>\n<\/div>\n<\/div>\n<div class=\"row-fluid-wrapper row-depth-1 row-number-16 \">\n<div class=\"row-fluid \">\n<div class=\"span12 widget-span widget-type-rich_text \" data-widget-type=\"rich_text\" data-x=\"0\" data-w=\"12\">\n<div class=\"cell-wrapper layout-widget-wrapper\">\n<p>La revisi\u00f3n constante de nuestra base de datos garantiza informaci\u00f3n actualizada de acuerdo con los registros usados en m\u00e1s de 250 pa\u00edses del mundo. Se puede acceder a Address4 y a sus funciones por los usuarios finales, integradores de sistemas, desarrolladores web y gerentes de negocios de cualquier lugar del mundo, 24 horas al d\u00eda, a trav\u00e9s de un sencillo proceso de registro. \u00a1Pru\u00e9balo gratis!<\/p>\n<\/div>\n<\/div>\n<\/div>\n<\/div>\n<\/div>\n<\/div>\n<\/div>\n<\/div>\n<div class=\"row-fluid-wrapper row-depth-1 row-number-17 \">\n<div class=\"row-fluid \">\n<div class=\"span12 widget-span widget-type-rich_text \" data-widget-type=\"rich_text\" data-x=\"0\" data-w=\"12\">\n<div class=\"cell-wrapper layout-widget-wrapper\">\n<p>&nbsp;<\/p>\n<\/div>\n<\/div>\n<\/div>\n<\/div>\n[\/vc_column_text][\/vc_column][\/vc_row][vc_row][vc_column]<div class=\"templatera_shortcode\"><div class=\"o-holder u-background-light u-margin-bottom-large u-padding-vertical-large\"><div class=\"grid-1\"><div class=\"col _lap-and-up-12\" ><div class=\"c-heading\"><h3 class=\" u-h2 u-text-center\"> Prueba gratis Address 4<\/h3><\/div><div class=\"c-button-holder c-button-holder--center\"><a class=\"c-button c-button--center u-margin-bottom c-button--secondary\" href=\"https:\/\/www.address4.com\/free-address-validation-services\">Registrate<\/a><\/div><div class=\"c-heading\"><h3 class=\" u-text-center\">sin costes, sin compromiso, m\u00e1xima satisfacci\u00f3n<\/h3><\/div><\/div>\n<\/div><\/div><\/div>[\/vc_column][\/vc_row][vc_row wrapper=\u00bbtrue\u00bb][vc_column width=\u00bb1\/3&#8243;]<div class=\"c-mediabox u-margin-bottom\">\n<div class=\" o-media\">\n<div class=\"o-media__img\">\n<div class=\"ico-wrap ico-wrap--center\"><i class=\"ico ico--xl fal fa-clock\"><\/i><\/div>\n<\/div>\n<div class=\"o-media__body\">\n<h4>Optimiza tu tiempo<\/h4>\n<p>Una llamada a un n\u00famero que no existe es una p\u00e9rdida de tiempo y recursos. Con Address4 tus n\u00fameros de tel\u00e9fono estar\u00e1n siempre correctos y validados.<\/p><\/div>\n<\/div>\n<\/div>\n[\/vc_column][vc_column width=\u00bb1\/3&#8243;]<div class=\"c-mediabox u-margin-bottom\">\n<div class=\" o-media\">\n<div class=\"o-media__img\">\n<div class=\"ico-wrap ico-wrap--center\"><i class=\"ico ico--xl fal fa-users\"><\/i><\/div>\n<\/div>\n<div class=\"o-media__body\">\n<h4>Mejor comunicaci\u00f3n<\/h4>\n<p>Los n\u00fameros de tel\u00e9fono precisos te permiten ofrecer a los clientes SMS personalizados relacionados con promociones, descuentos especiales y acciones que aumenten la fidelizaci\u00f3n de los clientes.<\/p><\/div>\n<\/div>\n<\/div>\n[\/vc_column][vc_column width=\u00bb1\/3&#8243;]<div class=\"c-mediabox u-margin-bottom\">\n<div class=\" o-media\">\n<div class=\"o-media__img\">\n<div class=\"ico-wrap ico-wrap--center\"><i class=\"ico ico--xl fal fa-comment-alt\"><\/i><\/div>\n<\/div>\n<div class=\"o-media__body\">\n<h4>Negocios y consumidores<\/h4>\n<p>Address4 proporciona los n\u00fameros de tel\u00e9fono de usuarios comerciales y finales con datos asociados en los registros.<\/p><\/div>\n<\/div>\n<\/div>\n[\/vc_column][\/vc_row]\n","protected":false},"excerpt":{"rendered":"Prueba gratis Address 4Registratesin costes, sin compromiso, m\u00e1xima satisfacci\u00f3n","protected":false},"author":2,"featured_media":0,"parent":949,"menu_order":0,"comment_status":"closed","ping_status":"closed","template":"templates\/template-fullwidth.php","meta":{"footnotes":""},"class_list":["post-422","page","type-page","status-publish","hentry"],"yoast_head":"<!-- This site is optimized with the Yoast SEO plugin v26.8 - https:\/\/yoast.com\/product\/yoast-seo-wordpress\/ -->\n<title>Servicio de validaci\u00f3n de n\u00fameros de tel\u00e9fono online \u2013 Address4<\/title>\n<meta name=\"description\" content=\"Con Address 4 tendr\u00e1s acceso a un servicio de validaci\u00f3n de tel\u00e9fonos para usar en marketing, televentas y perfilado. \u00a1Pru\u00e9balo gratis online!\" \/>\n<meta name=\"robots\" content=\"noindex, follow\" \/>\n<meta property=\"og:locale\" content=\"es_ES\" \/>\n<meta property=\"og:type\" content=\"article\" \/>\n<meta property=\"og:title\" content=\"Servicio de validaci\u00f3n de n\u00fameros de tel\u00e9fono online \u2013 Address4\" \/>\n<meta property=\"og:description\" content=\"Con Address 4 tendr\u00e1s acceso a un servicio de validaci\u00f3n de tel\u00e9fonos para usar en marketing, televentas y perfilado. \u00a1Pru\u00e9balo gratis online!\" \/>\n<meta property=\"og:url\" content=\"https:\/\/www.address4.com\/es\/servicios\/validacion-numeros-telefono\" \/>\n<meta property=\"og:site_name\" content=\"Address 4\" \/>\n<meta property=\"article:modified_time\" content=\"2021-06-04T06:08:19+00:00\" \/>\n<meta name=\"twitter:card\" content=\"summary_large_image\" \/>\n<meta name=\"twitter:label1\" content=\"Tiempo de lectura\" \/>\n\t<meta name=\"twitter:data1\" content=\"2 minutos\" \/>\n<script type=\"application\/ld+json\" class=\"yoast-schema-graph\">{\"@context\":\"https:\/\/schema.org\",\"@graph\":[{\"@type\":\"WebPage\",\"@id\":\"https:\/\/www.address4.com\/es\/servicios\/validacion-numeros-telefono\",\"url\":\"https:\/\/www.address4.com\/es\/servicios\/validacion-numeros-telefono\",\"name\":\"Servicio de validaci\u00f3n de n\u00fameros de tel\u00e9fono online \u2013 Address4\",\"isPartOf\":{\"@id\":\"https:\/\/www.address4.com\/#website\"},\"datePublished\":\"2018-03-05T18:01:28+00:00\",\"dateModified\":\"2021-06-04T06:08:19+00:00\",\"description\":\"Con Address 4 tendr\u00e1s acceso a un servicio de validaci\u00f3n de tel\u00e9fonos para usar en marketing, televentas y perfilado. \u00a1Pru\u00e9balo gratis online!\",\"breadcrumb\":{\"@id\":\"https:\/\/www.address4.com\/es\/servicios\/validacion-numeros-telefono#breadcrumb\"},\"inLanguage\":\"es\",\"potentialAction\":[{\"@type\":\"ReadAction\",\"target\":[\"https:\/\/www.address4.com\/es\/servicios\/validacion-numeros-telefono\"]}]},{\"@type\":\"BreadcrumbList\",\"@id\":\"https:\/\/www.address4.com\/es\/servicios\/validacion-numeros-telefono#breadcrumb\",\"itemListElement\":[{\"@type\":\"ListItem\",\"position\":1,\"name\":\"Home\",\"item\":\"https:\/\/www.address4.com\/es\"},{\"@type\":\"ListItem\",\"position\":2,\"name\":\"Servicios\",\"item\":\"https:\/\/www.address4.com\/es\/servicios\"},{\"@type\":\"ListItem\",\"position\":3,\"name\":\"Validaci\u00f3n de n\u00fameros de tel\u00e9fono\"}]},{\"@type\":\"WebSite\",\"@id\":\"https:\/\/www.address4.com\/#website\",\"url\":\"https:\/\/www.address4.com\/\",\"name\":\"Address 4\",\"description\":\"Address Verification Service For Your Business\",\"potentialAction\":[{\"@type\":\"SearchAction\",\"target\":{\"@type\":\"EntryPoint\",\"urlTemplate\":\"https:\/\/www.address4.com\/?s={search_term_string}\"},\"query-input\":{\"@type\":\"PropertyValueSpecification\",\"valueRequired\":true,\"valueName\":\"search_term_string\"}}],\"inLanguage\":\"es\"}]}<\/script>\n<!-- \/ Yoast SEO plugin. -->","yoast_head_json":{"title":"Servicio de validaci\u00f3n de n\u00fameros de tel\u00e9fono online \u2013 Address4","description":"Con Address 4 tendr\u00e1s acceso a un servicio de validaci\u00f3n de tel\u00e9fonos para usar en marketing, televentas y perfilado. \u00a1Pru\u00e9balo gratis online!","robots":{"index":"noindex","follow":"follow"},"og_locale":"es_ES","og_type":"article","og_title":"Servicio de validaci\u00f3n de n\u00fameros de tel\u00e9fono online \u2013 Address4","og_description":"Con Address 4 tendr\u00e1s acceso a un servicio de validaci\u00f3n de tel\u00e9fonos para usar en marketing, televentas y perfilado. \u00a1Pru\u00e9balo gratis online!","og_url":"https:\/\/www.address4.com\/es\/servicios\/validacion-numeros-telefono","og_site_name":"Address 4","article_modified_time":"2021-06-04T06:08:19+00:00","twitter_card":"summary_large_image","twitter_misc":{"Tiempo de lectura":"2 minutos"},"schema":{"@context":"https:\/\/schema.org","@graph":[{"@type":"WebPage","@id":"https:\/\/www.address4.com\/es\/servicios\/validacion-numeros-telefono","url":"https:\/\/www.address4.com\/es\/servicios\/validacion-numeros-telefono","name":"Servicio de validaci\u00f3n de n\u00fameros de tel\u00e9fono online \u2013 Address4","isPartOf":{"@id":"https:\/\/www.address4.com\/#website"},"datePublished":"2018-03-05T18:01:28+00:00","dateModified":"2021-06-04T06:08:19+00:00","description":"Con Address 4 tendr\u00e1s acceso a un servicio de validaci\u00f3n de tel\u00e9fonos para usar en marketing, televentas y perfilado. \u00a1Pru\u00e9balo gratis online!","breadcrumb":{"@id":"https:\/\/www.address4.com\/es\/servicios\/validacion-numeros-telefono#breadcrumb"},"inLanguage":"es","potentialAction":[{"@type":"ReadAction","target":["https:\/\/www.address4.com\/es\/servicios\/validacion-numeros-telefono"]}]},{"@type":"BreadcrumbList","@id":"https:\/\/www.address4.com\/es\/servicios\/validacion-numeros-telefono#breadcrumb","itemListElement":[{"@type":"ListItem","position":1,"name":"Home","item":"https:\/\/www.address4.com\/es"},{"@type":"ListItem","position":2,"name":"Servicios","item":"https:\/\/www.address4.com\/es\/servicios"},{"@type":"ListItem","position":3,"name":"Validaci\u00f3n de n\u00fameros de tel\u00e9fono"}]},{"@type":"WebSite","@id":"https:\/\/www.address4.com\/#website","url":"https:\/\/www.address4.com\/","name":"Address 4","description":"Address Verification Service For Your Business","potentialAction":[{"@type":"SearchAction","target":{"@type":"EntryPoint","urlTemplate":"https:\/\/www.address4.com\/?s={search_term_string}"},"query-input":{"@type":"PropertyValueSpecification","valueRequired":true,"valueName":"search_term_string"}}],"inLanguage":"es"}]}},"_links":{"self":[{"href":"https:\/\/www.address4.com\/es\/wp-json\/wp\/v2\/pages\/422","targetHints":{"allow":["GET"]}}],"collection":[{"href":"https:\/\/www.address4.com\/es\/wp-json\/wp\/v2\/pages"}],"about":[{"href":"https:\/\/www.address4.com\/es\/wp-json\/wp\/v2\/types\/page"}],"author":[{"embeddable":true,"href":"https:\/\/www.address4.com\/es\/wp-json\/wp\/v2\/users\/2"}],"replies":[{"embeddable":true,"href":"https:\/\/www.address4.com\/es\/wp-json\/wp\/v2\/comments?post=422"}],"version-history":[{"count":10,"href":"https:\/\/www.address4.com\/es\/wp-json\/wp\/v2\/pages\/422\/revisions"}],"predecessor-version":[{"id":3171,"href":"https:\/\/www.address4.com\/es\/wp-json\/wp\/v2\/pages\/422\/revisions\/3171"}],"up":[{"embeddable":true,"href":"https:\/\/www.address4.com\/es\/wp-json\/wp\/v2\/pages\/949"}],"wp:attachment":[{"href":"https:\/\/www.address4.com\/es\/wp-json\/wp\/v2\/media?parent=422"}],"curies":[{"name":"wp","href":"https:\/\/api.w.org\/{rel}","templated":true}]}}