{"id":374,"date":"2018-03-05T10:23:46","date_gmt":"2018-03-05T10:23:46","guid":{"rendered":"http:\/\/www.address4.com\/?page_id=374"},"modified":"2021-02-25T09:06:49","modified_gmt":"2021-02-25T08:06:49","slug":"validacion-emails","status":"publish","type":"page","link":"https:\/\/www.address4.com\/es\/servicios\/validacion-emails","title":{"rendered":"Validaci\u00f3n de emails"},"content":{"rendered":"[vc_row wrapper=\u00bbtrue\u00bb holder_set_margin=\u00bbtrue\u00bb holder_margin=\u00bbu-margin-bottom\u00bb][vc_column]<div class=\"c-heading\"><h1 class=\" u-h1 u-text-center\">Validaci\u00f3n de emails<\/h1><\/div><div class=\"c-heading\"><h3 class=\" u-h3 u-text-normal u-text-center\">Te ayudamos a verificar las direcciones de email<\/h3><\/div>[\/vc_column][\/vc_row][vc_row wrapper=\u00bbtrue\u00bb holder_set_margin=\u00bbtrue\u00bb holder_margin=\u00bbu-margin-bottom\u00bb][vc_column width=\u00bb5\/12&#8243;]<div class=\"c-image\"><img loading=\"lazy\" decoding=\"async\" width=\"800\" height=\"339\" src=\"https:\/\/www.address4.com\/wp-content\/uploads\/2018\/03\/c40aa518-d28b-4863-89f3-d4a3f9830639.jpeg\" class=\" u-margin-bottom aligncenter\" alt=\"\" srcset=\"https:\/\/www.address4.com\/wp-content\/uploads\/2018\/03\/c40aa518-d28b-4863-89f3-d4a3f9830639.jpeg 800w, https:\/\/www.address4.com\/wp-content\/uploads\/2018\/03\/c40aa518-d28b-4863-89f3-d4a3f9830639-300x127.jpeg 300w, https:\/\/www.address4.com\/wp-content\/uploads\/2018\/03\/c40aa518-d28b-4863-89f3-d4a3f9830639-768x325.jpeg 768w\" sizes=\"auto, (max-width: 800px) 100vw, 800px\" \/><\/div>[\/vc_column][vc_column width=\u00bb7\/12&#8243;]<div class=\"c-heading\"><h3>El valor de tener direcciones de email correctas<\/h3><\/div>[vc_column_text]Address4 te ayuda a comprobar la validez y existencia de cualquier direcci\u00f3n de email.\u00a0De esta manera, evitar\u00e1s problemas provocados por la introducci\u00f3n err\u00f3nea de los datos de usuario, y comprobaremos inmediatamente si existe de verdad la direcci\u00f3n.<\/p>\n<p>Poder experimentar todo el potencial de nuestro software es muy sencillo: solo rellena los campos solicitados y clica en ENVIAR. La demo es gratuita y no hace falta registrarse. \u00a1Pru\u00e9bala ahora![\/vc_column_text]<a class=\"c-button u-margin-right u-margin-bottom c-button--primary  c-button--ghost\" href=\"https:\/\/www.address4.com\/free-address-validation-services\">Registrate<\/a><a class=\"c-button u-margin-bottom c-button--primary  c-button--ghost\" href=\"https:\/\/www.address4.com\/services\/address-validation\/batch-address-validation\">Sube un archivo<\/a>[\/vc_column][\/vc_row][vc_row][vc_column]<div class=\"templatera_shortcode\"><div class=\"o-holder u-background-light u-margin-bottom-large u-padding-vertical-large\"><div class=\" o-wrapper\"><div class=\"grid-1\"><div class=\"col _lap-and-up-8\" ><div class=\"c-heading\"><h3>No te pierdas el \u201cAhorro de costes y validaci\u00f3n de direcciones\u201d<\/h3><\/div><div class=\"c-heading\"><h3>DESCARGA GRATIS nuestro eBook y descubre c\u00f3mo mejorar la calidad de tus datos<\/h3><\/div><div class=\"c-text-block\"><p>Completa gu\u00eda con todos los beneficios econ\u00f3micos de la validaci\u00f3n<\/p>\n <\/div><a class=\"c-button c-button--secondary\" href=\"https:\/\/www.address4.com\/ebook-1\">Descarga eBook<\/a><\/div><div class=\"col _lap-and-up-4\" ><div class=\"c-image\"><a href=\"https:\/\/www.address4.com\/ebook-1\"><img loading=\"lazy\" decoding=\"async\" width=\"205\" height=\"286\" src=\"https:\/\/www.address4.com\/wp-content\/uploads\/2018\/03\/ebook-address-validation-cost-saving-S.png\" class=\" alignone\" alt=\"ebook-address-validation-cost-saving-S\" \/><\/a><\/div><\/div>\n<\/div><\/div><\/div><\/div>[\/vc_column][\/vc_row][vc_row wrapper=\u00bbtrue\u00bb holder_set_margin=\u00bbtrue\u00bb holder_margin=\u00bbu-margin-bottom-large\u00bb][vc_column]<div class=\"c-heading\"><h3 class=\" u-text-center\">\u00bfPor qu\u00e9 la validaci\u00f3n de emails es tan importante para tu negocio?<\/h3><\/div>[\/vc_column][vc_column width=\u00bb5\/12&#8243;]<div class=\"c-image\"><img loading=\"lazy\" decoding=\"async\" width=\"426\" height=\"282\" src=\"https:\/\/www.address4.com\/wp-content\/uploads\/2018\/03\/Email_validation-1.jpg\" class=\" aligncenter\" alt=\"Email validation\" srcset=\"https:\/\/www.address4.com\/wp-content\/uploads\/2018\/03\/Email_validation-1.jpg 426w, https:\/\/www.address4.com\/wp-content\/uploads\/2018\/03\/Email_validation-1-300x199.jpg 300w\" sizes=\"auto, (max-width: 426px) 100vw, 426px\" \/><\/div>[\/vc_column][vc_column width=\u00bb7\/12&#8243;][vc_column_text]\n<div class=\"row-fluid-wrapper row-depth-1 row-number-16 \">\n<div class=\"row-fluid \">\n<div class=\"span6 widget-span widget-type-rich_text \" data-widget-type=\"rich_text\" data-x=\"6\" data-w=\"6\">\n<div class=\"cell-wrapper layout-widget-wrapper\">\n<div class=\"row-fluid-wrapper row-depth-1 row-number-16 \">\n<div class=\"row-fluid \">\n<div class=\"span6 widget-span widget-type-rich_text \" data-widget-type=\"rich_text\" data-x=\"6\" data-w=\"6\">\n<div class=\"cell-wrapper layout-widget-wrapper\">\n<div class=\"row-fluid-wrapper row-depth-1 row-number-15 \">\n<div class=\"row-fluid \">\n<div class=\"span6 widget-span widget-type-rich_text \" data-widget-type=\"rich_text\" data-x=\"6\" data-w=\"6\">\n<div class=\"cell-wrapper layout-widget-wrapper\">\n<p>No se trata simplemente de erratas, el problema es si la direcci\u00f3n de email existe o no, y l\u00f3gicamente esto afecta el resultado de las actividades de marketing (env\u00edo de promociones, boletines de noticias, proporcionar respuestas, presupuestos, etc.). La soluci\u00f3n que necesita tu negocio se llama Address4, un paquete de programas online con funciones avanzadas para realizar la validaci\u00f3n de emails, dise\u00f1ada para los emprendedores, gerentes de negocios, desarrolladores web e integradores de sistemas.<\/p>\n<p>&nbsp;<\/p>\n<\/div>\n<\/div>\n<\/div>\n<\/div>\n<div class=\"row-fluid-wrapper row-depth-1 row-number-16 \">\n<div class=\"row-fluid \">\n<div class=\"span12 widget-span widget-type-rich_text \" data-widget-type=\"rich_text\" data-x=\"0\" data-w=\"12\">\n<div class=\"cell-wrapper layout-widget-wrapper\">\n<p>Address4 proporciona al usuario un soporte inmediato durante la verificaci\u00f3n de direcciones de email y los procesos de validaci\u00f3n. De cada entrada individual se comprueba el formato y se compara con los datos existentes en la base de datos para determinar la calidad de la informaci\u00f3n introducida.<\/p>\n<p>Tambi\u00e9n es posible utilizar esta funci\u00f3n para enriquecer los registros del consumidor final o de las empresas, y tener as\u00ed, adem\u00e1s de los datos personales que ya est\u00e1n en tu posesi\u00f3n, las direcciones de email asociadas con ellos. El resultado ser\u00e1 una reducci\u00f3n en el n\u00famero de errores que beneficiar\u00e1 la credibilidad de tu negocio, su administraci\u00f3n, la reputaci\u00f3n online y, en \u00faltimo lugar aunque no por ello menos importante, los usuarios lo agradecer\u00e1n enormemente.<\/p>\n<\/div>\n<\/div>\n<\/div>\n<\/div>\n<\/div>\n<\/div>\n<\/div>\n<\/div>\n<\/div>\n<\/div>\n<\/div>\n<\/div>\n[\/vc_column_text][\/vc_column][\/vc_row][vc_row][vc_column]<div class=\"templatera_shortcode\"><div class=\"o-holder u-background-light u-margin-bottom-large u-padding-vertical-large\"><div class=\"grid-1\"><div class=\"col _lap-and-up-12\" ><div class=\"c-heading\"><h3 class=\" u-h2 u-text-center\"> Prueba gratis Address 4<\/h3><\/div><div class=\"c-button-holder c-button-holder--center\"><a class=\"c-button c-button--center u-margin-bottom c-button--secondary\" href=\"https:\/\/www.address4.com\/free-address-validation-services\">Registrate<\/a><\/div><div class=\"c-heading\"><h3 class=\" u-text-center\">sin costes, sin compromiso, m\u00e1xima satisfacci\u00f3n<\/h3><\/div><\/div>\n<\/div><\/div><\/div>[\/vc_column][\/vc_row][vc_row wrapper=\u00bbtrue\u00bb][vc_column width=\u00bb1\/3&#8243;]<div class=\"c-mediabox u-margin-bottom\">\n<div class=\" o-media\">\n<div class=\"o-media__img\">\n<div class=\"ico-wrap ico-wrap--center\"><i class=\"ico ico--xl fal fa-paper-plane\"><\/i><\/div>\n<\/div>\n<div class=\"o-media__body\">\n<h4>Porcentajes de entrega<\/h4>\n<p>Direcciones de email validadas garantizan mejores porcentajes de entrega para aquellos que quieran llegar al receptor a la primera.<\/p><\/div>\n<\/div>\n<\/div>\n[\/vc_column][vc_column width=\u00bb1\/3&#8243;]<div class=\"c-mediabox u-margin-bottom\">\n<div class=\" o-media\">\n<div class=\"o-media__img\">\n<div class=\"ico-wrap ico-wrap--center\"><i class=\"ico ico--xl fal fa-chart-line\"><\/i><\/div>\n<\/div>\n<div class=\"o-media__body\">\n<h4>Bases de datos valiosas<\/h4>\n<p>Completar una base de datos con las direcciones\u00a0email de los usuarios a\u00f1ade valor\u00a0a los datos personales.<\/p><\/div>\n<\/div>\n<\/div>\n[\/vc_column][vc_column width=\u00bb1\/3&#8243;]<div class=\"c-mediabox u-margin-bottom\">\n<div class=\" o-media\">\n<div class=\"o-media__img\">\n<div class=\"ico-wrap ico-wrap--center\"><i class=\"ico ico--xl fal fa-rocket\"><\/i><\/div>\n<\/div>\n<div class=\"o-media__body\">\n<h4>Seguridad y velocidad<\/h4>\n<p>Una mayor seguridad en la gesti\u00f3n de datos aumenta la velocidad y por tanto aumenta la productividad en general.<\/p><\/div>\n<\/div>\n<\/div>\n[\/vc_column][\/vc_row]\n","protected":false},"excerpt":{"rendered":"Prueba gratis Address 4Registratesin costes, sin compromiso, m\u00e1xima satisfacci\u00f3n","protected":false},"author":2,"featured_media":0,"parent":949,"menu_order":0,"comment_status":"closed","ping_status":"closed","template":"templates\/template-fullwidth.php","meta":{"footnotes":""},"class_list":["post-374","page","type-page","status-publish","hentry"],"yoast_head":"<!-- This site is optimized with the Yoast SEO plugin v26.8 - https:\/\/yoast.com\/product\/yoast-seo-wordpress\/ -->\n<title>Servicio de validaci\u00f3n de emails online \u2013 Address4<\/title>\n<meta name=\"description\" content=\"Con Address 4 obtendr\u00e1s un servicio de validaci\u00f3n de emails r\u00e1pido, seguro y preciso. \u00a1Pru\u00e9balo gratis online o accede a la version completa!\" \/>\n<meta name=\"robots\" content=\"index, follow, max-snippet:-1, max-image-preview:large, max-video-preview:-1\" \/>\n<link rel=\"canonical\" href=\"https:\/\/www.address4.com\/es\/servicios\/validacion-emails\" \/>\n<meta property=\"og:locale\" content=\"es_ES\" \/>\n<meta property=\"og:type\" content=\"article\" \/>\n<meta property=\"og:title\" content=\"Servicio de validaci\u00f3n de emails online \u2013 Address4\" \/>\n<meta property=\"og:description\" content=\"Con Address 4 obtendr\u00e1s un servicio de validaci\u00f3n de emails r\u00e1pido, seguro y preciso. \u00a1Pru\u00e9balo gratis online o accede a la version completa!\" \/>\n<meta property=\"og:url\" content=\"https:\/\/www.address4.com\/es\/servicios\/validacion-emails\" \/>\n<meta property=\"og:site_name\" content=\"Address 4\" \/>\n<meta property=\"article:modified_time\" content=\"2021-02-25T08:06:49+00:00\" \/>\n<meta name=\"twitter:card\" content=\"summary_large_image\" \/>\n<meta name=\"twitter:label1\" content=\"Tiempo de lectura\" \/>\n\t<meta name=\"twitter:data1\" content=\"2 minutos\" \/>\n<script type=\"application\/ld+json\" class=\"yoast-schema-graph\">{\"@context\":\"https:\/\/schema.org\",\"@graph\":[{\"@type\":\"WebPage\",\"@id\":\"https:\/\/www.address4.com\/es\/servicios\/validacion-emails\",\"url\":\"https:\/\/www.address4.com\/es\/servicios\/validacion-emails\",\"name\":\"Servicio de validaci\u00f3n de emails online \u2013 Address4\",\"isPartOf\":{\"@id\":\"https:\/\/www.address4.com\/#website\"},\"datePublished\":\"2018-03-05T10:23:46+00:00\",\"dateModified\":\"2021-02-25T08:06:49+00:00\",\"description\":\"Con Address 4 obtendr\u00e1s un servicio de validaci\u00f3n de emails r\u00e1pido, seguro y preciso. \u00a1Pru\u00e9balo gratis online o accede a la version completa!\",\"breadcrumb\":{\"@id\":\"https:\/\/www.address4.com\/es\/servicios\/validacion-emails#breadcrumb\"},\"inLanguage\":\"es\",\"potentialAction\":[{\"@type\":\"ReadAction\",\"target\":[\"https:\/\/www.address4.com\/es\/servicios\/validacion-emails\"]}]},{\"@type\":\"BreadcrumbList\",\"@id\":\"https:\/\/www.address4.com\/es\/servicios\/validacion-emails#breadcrumb\",\"itemListElement\":[{\"@type\":\"ListItem\",\"position\":1,\"name\":\"Home\",\"item\":\"https:\/\/www.address4.com\/es\"},{\"@type\":\"ListItem\",\"position\":2,\"name\":\"Servicios\",\"item\":\"https:\/\/www.address4.com\/es\/servicios\"},{\"@type\":\"ListItem\",\"position\":3,\"name\":\"Validaci\u00f3n de emails\"}]},{\"@type\":\"WebSite\",\"@id\":\"https:\/\/www.address4.com\/#website\",\"url\":\"https:\/\/www.address4.com\/\",\"name\":\"Address 4\",\"description\":\"Address Verification Service For Your Business\",\"potentialAction\":[{\"@type\":\"SearchAction\",\"target\":{\"@type\":\"EntryPoint\",\"urlTemplate\":\"https:\/\/www.address4.com\/?s={search_term_string}\"},\"query-input\":{\"@type\":\"PropertyValueSpecification\",\"valueRequired\":true,\"valueName\":\"search_term_string\"}}],\"inLanguage\":\"es\"}]}<\/script>\n<!-- \/ Yoast SEO plugin. -->","yoast_head_json":{"title":"Servicio de validaci\u00f3n de emails online \u2013 Address4","description":"Con Address 4 obtendr\u00e1s un servicio de validaci\u00f3n de emails r\u00e1pido, seguro y preciso. \u00a1Pru\u00e9balo gratis online o accede a la version completa!","robots":{"index":"index","follow":"follow","max-snippet":"max-snippet:-1","max-image-preview":"max-image-preview:large","max-video-preview":"max-video-preview:-1"},"canonical":"https:\/\/www.address4.com\/es\/servicios\/validacion-emails","og_locale":"es_ES","og_type":"article","og_title":"Servicio de validaci\u00f3n de emails online \u2013 Address4","og_description":"Con Address 4 obtendr\u00e1s un servicio de validaci\u00f3n de emails r\u00e1pido, seguro y preciso. \u00a1Pru\u00e9balo gratis online o accede a la version completa!","og_url":"https:\/\/www.address4.com\/es\/servicios\/validacion-emails","og_site_name":"Address 4","article_modified_time":"2021-02-25T08:06:49+00:00","twitter_card":"summary_large_image","twitter_misc":{"Tiempo de lectura":"2 minutos"},"schema":{"@context":"https:\/\/schema.org","@graph":[{"@type":"WebPage","@id":"https:\/\/www.address4.com\/es\/servicios\/validacion-emails","url":"https:\/\/www.address4.com\/es\/servicios\/validacion-emails","name":"Servicio de validaci\u00f3n de emails online \u2013 Address4","isPartOf":{"@id":"https:\/\/www.address4.com\/#website"},"datePublished":"2018-03-05T10:23:46+00:00","dateModified":"2021-02-25T08:06:49+00:00","description":"Con Address 4 obtendr\u00e1s un servicio de validaci\u00f3n de emails r\u00e1pido, seguro y preciso. \u00a1Pru\u00e9balo gratis online o accede a la version completa!","breadcrumb":{"@id":"https:\/\/www.address4.com\/es\/servicios\/validacion-emails#breadcrumb"},"inLanguage":"es","potentialAction":[{"@type":"ReadAction","target":["https:\/\/www.address4.com\/es\/servicios\/validacion-emails"]}]},{"@type":"BreadcrumbList","@id":"https:\/\/www.address4.com\/es\/servicios\/validacion-emails#breadcrumb","itemListElement":[{"@type":"ListItem","position":1,"name":"Home","item":"https:\/\/www.address4.com\/es"},{"@type":"ListItem","position":2,"name":"Servicios","item":"https:\/\/www.address4.com\/es\/servicios"},{"@type":"ListItem","position":3,"name":"Validaci\u00f3n de emails"}]},{"@type":"WebSite","@id":"https:\/\/www.address4.com\/#website","url":"https:\/\/www.address4.com\/","name":"Address 4","description":"Address Verification Service For Your Business","potentialAction":[{"@type":"SearchAction","target":{"@type":"EntryPoint","urlTemplate":"https:\/\/www.address4.com\/?s={search_term_string}"},"query-input":{"@type":"PropertyValueSpecification","valueRequired":true,"valueName":"search_term_string"}}],"inLanguage":"es"}]}},"_links":{"self":[{"href":"https:\/\/www.address4.com\/es\/wp-json\/wp\/v2\/pages\/374","targetHints":{"allow":["GET"]}}],"collection":[{"href":"https:\/\/www.address4.com\/es\/wp-json\/wp\/v2\/pages"}],"about":[{"href":"https:\/\/www.address4.com\/es\/wp-json\/wp\/v2\/types\/page"}],"author":[{"embeddable":true,"href":"https:\/\/www.address4.com\/es\/wp-json\/wp\/v2\/users\/2"}],"replies":[{"embeddable":true,"href":"https:\/\/www.address4.com\/es\/wp-json\/wp\/v2\/comments?post=374"}],"version-history":[{"count":7,"href":"https:\/\/www.address4.com\/es\/wp-json\/wp\/v2\/pages\/374\/revisions"}],"predecessor-version":[{"id":3166,"href":"https:\/\/www.address4.com\/es\/wp-json\/wp\/v2\/pages\/374\/revisions\/3166"}],"up":[{"embeddable":true,"href":"https:\/\/www.address4.com\/es\/wp-json\/wp\/v2\/pages\/949"}],"wp:attachment":[{"href":"https:\/\/www.address4.com\/es\/wp-json\/wp\/v2\/media?parent=374"}],"curies":[{"name":"wp","href":"https:\/\/api.w.org\/{rel}","templated":true}]}}