{"id":365,"date":"2018-03-05T09:48:27","date_gmt":"2018-03-05T09:48:27","guid":{"rendered":"http:\/\/www.address4.com\/?page_id=365"},"modified":"2021-02-25T09:04:50","modified_gmt":"2021-02-25T08:04:50","slug":"validacion-nombre-datos-personales","status":"publish","type":"page","link":"https:\/\/www.address4.com\/es\/servicios\/validacion-nombre-datos-personales","title":{"rendered":"Validaci\u00f3n de nombres"},"content":{"rendered":"[vc_row wrapper=\u00bbtrue\u00bb holder_set_margin=\u00bbtrue\u00bb holder_margin=\u00bbu-margin-bottom\u00bb][vc_column]<div class=\"c-heading\"><h1 class=\" u-h1 u-text-center\">Validaci\u00f3n del nombre y los datos personales<\/h1><\/div><div class=\"c-heading\"><h3 class=\" u-h3 u-text-normal u-text-center\">Validaci\u00f3n y procesamiento de los datos personales y de contacto<\/h3><\/div>[\/vc_column][\/vc_row][vc_row wrapper=\u00bbtrue\u00bb holder_set_margin=\u00bbtrue\u00bb holder_margin=\u00bbu-margin-bottom\u00bb][vc_column width=\u00bb5\/12&#8243;]<div class=\"c-image\"><img loading=\"lazy\" decoding=\"async\" width=\"500\" height=\"355\" src=\"https:\/\/www.address4.com\/wp-content\/uploads\/2018\/03\/contact_data_name_validation.jpg\" class=\" u-margin-bottom aligncenter\" alt=\"name and contact data validation\" srcset=\"https:\/\/www.address4.com\/wp-content\/uploads\/2018\/03\/contact_data_name_validation.jpg 500w, https:\/\/www.address4.com\/wp-content\/uploads\/2018\/03\/contact_data_name_validation-300x213.jpg 300w\" sizes=\"auto, (max-width: 500px) 100vw, 500px\" \/><\/div>[\/vc_column][vc_column width=\u00bb7\/12&#8243;]<div class=\"c-heading\"><h3>Un sistema para validar nombres en solo unos segundos<\/h3><\/div>[vc_column_text]Puedes experimentar nuestro servicio de\u00a0<strong>validaci\u00f3n de nombres en tiempo real<\/strong>, ahora mismo y sin compromiso.<br \/>\nGestionar bases de datos, administrar registros, recolectar datos de usuarios, perfilar clientes: estas y otras actividades requieren el uso de un programa que sea capaz de comprobar y validar los nombres que se han introducido.<\/p>\n<p>Prueba la validaci\u00f3n de nombres que aparece en esta p\u00e1gina para comprobar la calidad de nuestro software. Todo lo que tienes que hacer es\u00a0<strong>escribir los datos en el formulario<\/strong>.[\/vc_column_text]<a class=\"c-button u-margin-right u-margin-bottom c-button--primary  c-button--ghost\" href=\"https:\/\/www.address4.com\/free-address-validation-services\">Registrate<\/a><a class=\"c-button u-margin-bottom c-button--primary  c-button--ghost\" href=\"https:\/\/www.address4.com\/services\/address-validation\/batch-address-validation\">Sube un archivo<\/a>[\/vc_column][\/vc_row][vc_row][vc_column]<div class=\"templatera_shortcode\"><div class=\"o-holder u-background-light u-margin-bottom-large u-padding-vertical-large\"><div class=\" o-wrapper\"><div class=\"grid-1\"><div class=\"col _lap-and-up-8\" ><div class=\"c-heading\"><h3>No te pierdas el \u201cAhorro de costes y validaci\u00f3n de direcciones\u201d<\/h3><\/div><div class=\"c-heading\"><h3>DESCARGA GRATIS nuestro eBook y descubre c\u00f3mo mejorar la calidad de tus datos<\/h3><\/div><div class=\"c-text-block\"><p>Completa gu\u00eda con todos los beneficios econ\u00f3micos de la validaci\u00f3n<\/p>\n <\/div><a class=\"c-button c-button--secondary\" href=\"https:\/\/www.address4.com\/ebook-1\">Descarga eBook<\/a><\/div><div class=\"col _lap-and-up-4\" ><div class=\"c-image\"><a href=\"https:\/\/www.address4.com\/ebook-1\"><img loading=\"lazy\" decoding=\"async\" width=\"205\" height=\"286\" src=\"https:\/\/www.address4.com\/wp-content\/uploads\/2018\/03\/ebook-address-validation-cost-saving-S.png\" class=\" alignone\" alt=\"ebook-address-validation-cost-saving-S\" \/><\/a><\/div><\/div>\n<\/div><\/div><\/div><\/div>[\/vc_column][\/vc_row][vc_row wrapper=\u00bbtrue\u00bb holder_set_margin=\u00bbtrue\u00bb holder_margin=\u00bbu-margin-bottom-large\u00bb][vc_column width=\u00bb5\/12&#8243;]<div class=\"c-image\"><img loading=\"lazy\" decoding=\"async\" width=\"416\" height=\"289\" src=\"https:\/\/www.address4.com\/wp-content\/uploads\/2018\/03\/Name_validation.jpg\" class=\" aligncenter\" alt=\"Name validation\" srcset=\"https:\/\/www.address4.com\/wp-content\/uploads\/2018\/03\/Name_validation.jpg 416w, https:\/\/www.address4.com\/wp-content\/uploads\/2018\/03\/Name_validation-300x208.jpg 300w\" sizes=\"auto, (max-width: 416px) 100vw, 416px\" \/><\/div>[\/vc_column][vc_column width=\u00bb7\/12&#8243;]<div class=\"c-heading\"><h3>El objetivo justo para el negocio justo<\/h3><\/div>[vc_column_text]\n<div class=\"row-fluid-wrapper row-depth-1 row-number-16 \">\n<div class=\"row-fluid \">\n<div class=\"span6 widget-span widget-type-rich_text \" data-widget-type=\"rich_text\" data-x=\"6\" data-w=\"6\">\n<div class=\"cell-wrapper layout-widget-wrapper\">\n<p>Usar Address4 significa confiar las operaciones necesarias de an\u00e1lisis, mejora y estandarizaci\u00f3n de hasta cientos de miles de datos personales a una herramienta automatizada que elimina los errores y los costes innecesarios derivados de la mala calidad de tus bases de datos. El beneficio econ\u00f3mico viene acompa\u00f1ado del mejor perfilado de clientes posible y por tanto de la correcta definici\u00f3n de la audiencia meta para enviar emails de marketing, boletines de noticias, enviar materiales promocionales, etc.<\/p>\n<div class=\"row-fluid-wrapper row-depth-1 row-number-16 \">\n<div class=\"row-fluid \">\n<div class=\"span12 widget-span widget-type-rich_text \" data-widget-type=\"rich_text\" data-x=\"0\" data-w=\"12\">\n<div class=\"cell-wrapper layout-widget-wrapper\">\n<p>Una vez que hayas introducido el nombre a validar, Address4 comienza con la verificaci\u00f3n de los datos y, en caso de necesidad, con la integraci\u00f3n de informaci\u00f3n personal adicional. Los elevados est\u00e1ndares de validaci\u00f3n de nombres ayudan a asegurar la buena calidad de las bases de datos y de los registros. El resultado es una ficha de datos personal con todos los registros de cada persona individual: desde su nombre a su fecha de nacimiento; desde su t\u00edtulo a su n\u00famero de tel\u00e9fono; desde su direcci\u00f3n de email a sus c\u00f3digos personales. Porque la precisi\u00f3n es la base de un negocio competitivo y un factor importante para ofrecer una mayor satisfacci\u00f3n al usuario.<\/p>\n<\/div>\n<\/div>\n<\/div>\n<\/div>\n<\/div>\n<\/div>\n<\/div>\n<\/div>\n[\/vc_column_text][\/vc_column][\/vc_row][vc_row][vc_column]<div class=\"templatera_shortcode\"><div class=\"o-holder u-background-light u-margin-bottom-large u-padding-vertical-large\"><div class=\"grid-1\"><div class=\"col _lap-and-up-12\" ><div class=\"c-heading\"><h3 class=\" u-h2 u-text-center\"> Prueba gratis Address 4<\/h3><\/div><div class=\"c-button-holder c-button-holder--center\"><a class=\"c-button c-button--center u-margin-bottom c-button--secondary\" href=\"https:\/\/www.address4.com\/free-address-validation-services\">Registrate<\/a><\/div><div class=\"c-heading\"><h3 class=\" u-text-center\">sin costes, sin compromiso, m\u00e1xima satisfacci\u00f3n<\/h3><\/div><\/div>\n<\/div><\/div><\/div>[\/vc_column][\/vc_row][vc_row wrapper=\u00bbtrue\u00bb][vc_column width=\u00bb1\/3&#8243;]<div class=\"c-mediabox u-margin-bottom\">\n<div class=\" o-media\">\n<div class=\"o-media__img\">\n<div class=\"ico-wrap ico-wrap--center\"><i class=\"ico ico--xl fal fa-desktop-alt\"><\/i><\/div>\n<\/div>\n<div class=\"o-media__body\">\n<h4>Validaci\u00f3n online<\/h4>\n<p>Address4 te permite validar registros individuales o bases de datos enteras online, las 24 al d\u00eda desde cualquier pa\u00eds del mundo.<\/p><\/div>\n<\/div>\n<\/div>\n[\/vc_column][vc_column width=\u00bb1\/3&#8243;]<div class=\"c-mediabox u-margin-bottom\">\n<div class=\" o-media\">\n<div class=\"o-media__img\">\n<div class=\"ico-wrap ico-wrap--center\"><i class=\"ico ico--xl fal fa-repeat-1-alt\"><\/i><\/div>\n<\/div>\n<div class=\"o-media__body\">\n<h4>Automatizaci\u00f3n<\/h4>\n<p>Nada de imprecisas comprobaciones manuales. Con Address4 cada operaci\u00f3n es llevada a cabo independientemente por el programa sin que se produzcan errores.<\/p><\/div>\n<\/div>\n<\/div>\n[\/vc_column][vc_column width=\u00bb1\/3&#8243;]<div class=\"c-mediabox u-margin-bottom\">\n<div class=\" o-media\">\n<div class=\"o-media__img\">\n<div class=\"ico-wrap ico-wrap--center\"><i class=\"ico ico--xl fal fa-thumbs-up\"><\/i><\/div>\n<\/div>\n<div class=\"o-media__body\">\n<h4>Calidad de los datos<\/h4>\n<p>La actualizaci\u00f3n continua de las bases de datos de address4 garantiza datos listos para usar, sin necesidad de comprobaciones adicionales.<\/p><\/div>\n<\/div>\n<\/div>\n[\/vc_column][\/vc_row]\n","protected":false},"excerpt":{"rendered":"Prueba gratis Address 4Registratesin costes, sin compromiso, m\u00e1xima satisfacci\u00f3n","protected":false},"author":2,"featured_media":0,"parent":949,"menu_order":0,"comment_status":"closed","ping_status":"closed","template":"templates\/template-fullwidth.php","meta":{"footnotes":""},"class_list":["post-365","page","type-page","status-publish","hentry"],"yoast_head":"<!-- This site is optimized with the Yoast SEO plugin v26.8 - https:\/\/yoast.com\/product\/yoast-seo-wordpress\/ -->\n<title>Servicio de validaci\u00f3n de nombres y procesamiento de datos \u2013 Address4<\/title>\n<meta name=\"description\" content=\"Con Address 4 tendr\u00e1s acceso a un servicio online de validaci\u00f3n de nombres y procesamiento de registros. \u00a1Pru\u00e9balo gratis y sin compromiso!\" \/>\n<meta name=\"robots\" content=\"index, follow, max-snippet:-1, max-image-preview:large, max-video-preview:-1\" \/>\n<link rel=\"canonical\" href=\"https:\/\/www.address4.com\/es\/servicios\/validacion-nombre-datos-personales\" \/>\n<meta property=\"og:locale\" content=\"es_ES\" \/>\n<meta property=\"og:type\" content=\"article\" \/>\n<meta property=\"og:title\" content=\"Servicio de validaci\u00f3n de nombres y procesamiento de datos \u2013 Address4\" \/>\n<meta property=\"og:description\" content=\"Con Address 4 tendr\u00e1s acceso a un servicio online de validaci\u00f3n de nombres y procesamiento de registros. \u00a1Pru\u00e9balo gratis y sin compromiso!\" \/>\n<meta property=\"og:url\" content=\"https:\/\/www.address4.com\/es\/servicios\/validacion-nombre-datos-personales\" \/>\n<meta property=\"og:site_name\" content=\"Address 4\" \/>\n<meta property=\"article:modified_time\" content=\"2021-02-25T08:04:50+00:00\" \/>\n<meta name=\"twitter:card\" content=\"summary_large_image\" \/>\n<meta name=\"twitter:label1\" content=\"Tiempo de lectura\" \/>\n\t<meta name=\"twitter:data1\" content=\"2 minutos\" \/>\n<script type=\"application\/ld+json\" class=\"yoast-schema-graph\">{\"@context\":\"https:\/\/schema.org\",\"@graph\":[{\"@type\":\"WebPage\",\"@id\":\"https:\/\/www.address4.com\/es\/servicios\/validacion-nombre-datos-personales\",\"url\":\"https:\/\/www.address4.com\/es\/servicios\/validacion-nombre-datos-personales\",\"name\":\"Servicio de validaci\u00f3n de nombres y procesamiento de datos \u2013 Address4\",\"isPartOf\":{\"@id\":\"https:\/\/www.address4.com\/#website\"},\"datePublished\":\"2018-03-05T09:48:27+00:00\",\"dateModified\":\"2021-02-25T08:04:50+00:00\",\"description\":\"Con Address 4 tendr\u00e1s acceso a un servicio online de validaci\u00f3n de nombres y procesamiento de registros. \u00a1Pru\u00e9balo gratis y sin compromiso!\",\"breadcrumb\":{\"@id\":\"https:\/\/www.address4.com\/es\/servicios\/validacion-nombre-datos-personales#breadcrumb\"},\"inLanguage\":\"es\",\"potentialAction\":[{\"@type\":\"ReadAction\",\"target\":[\"https:\/\/www.address4.com\/es\/servicios\/validacion-nombre-datos-personales\"]}]},{\"@type\":\"BreadcrumbList\",\"@id\":\"https:\/\/www.address4.com\/es\/servicios\/validacion-nombre-datos-personales#breadcrumb\",\"itemListElement\":[{\"@type\":\"ListItem\",\"position\":1,\"name\":\"Home\",\"item\":\"https:\/\/www.address4.com\/es\"},{\"@type\":\"ListItem\",\"position\":2,\"name\":\"Servicios\",\"item\":\"https:\/\/www.address4.com\/es\/servicios\"},{\"@type\":\"ListItem\",\"position\":3,\"name\":\"Validaci\u00f3n de nombres\"}]},{\"@type\":\"WebSite\",\"@id\":\"https:\/\/www.address4.com\/#website\",\"url\":\"https:\/\/www.address4.com\/\",\"name\":\"Address 4\",\"description\":\"Address Verification Service For Your Business\",\"potentialAction\":[{\"@type\":\"SearchAction\",\"target\":{\"@type\":\"EntryPoint\",\"urlTemplate\":\"https:\/\/www.address4.com\/?s={search_term_string}\"},\"query-input\":{\"@type\":\"PropertyValueSpecification\",\"valueRequired\":true,\"valueName\":\"search_term_string\"}}],\"inLanguage\":\"es\"}]}<\/script>\n<!-- \/ Yoast SEO plugin. -->","yoast_head_json":{"title":"Servicio de validaci\u00f3n de nombres y procesamiento de datos \u2013 Address4","description":"Con Address 4 tendr\u00e1s acceso a un servicio online de validaci\u00f3n de nombres y procesamiento de registros. \u00a1Pru\u00e9balo gratis y sin compromiso!","robots":{"index":"index","follow":"follow","max-snippet":"max-snippet:-1","max-image-preview":"max-image-preview:large","max-video-preview":"max-video-preview:-1"},"canonical":"https:\/\/www.address4.com\/es\/servicios\/validacion-nombre-datos-personales","og_locale":"es_ES","og_type":"article","og_title":"Servicio de validaci\u00f3n de nombres y procesamiento de datos \u2013 Address4","og_description":"Con Address 4 tendr\u00e1s acceso a un servicio online de validaci\u00f3n de nombres y procesamiento de registros. \u00a1Pru\u00e9balo gratis y sin compromiso!","og_url":"https:\/\/www.address4.com\/es\/servicios\/validacion-nombre-datos-personales","og_site_name":"Address 4","article_modified_time":"2021-02-25T08:04:50+00:00","twitter_card":"summary_large_image","twitter_misc":{"Tiempo de lectura":"2 minutos"},"schema":{"@context":"https:\/\/schema.org","@graph":[{"@type":"WebPage","@id":"https:\/\/www.address4.com\/es\/servicios\/validacion-nombre-datos-personales","url":"https:\/\/www.address4.com\/es\/servicios\/validacion-nombre-datos-personales","name":"Servicio de validaci\u00f3n de nombres y procesamiento de datos \u2013 Address4","isPartOf":{"@id":"https:\/\/www.address4.com\/#website"},"datePublished":"2018-03-05T09:48:27+00:00","dateModified":"2021-02-25T08:04:50+00:00","description":"Con Address 4 tendr\u00e1s acceso a un servicio online de validaci\u00f3n de nombres y procesamiento de registros. \u00a1Pru\u00e9balo gratis y sin compromiso!","breadcrumb":{"@id":"https:\/\/www.address4.com\/es\/servicios\/validacion-nombre-datos-personales#breadcrumb"},"inLanguage":"es","potentialAction":[{"@type":"ReadAction","target":["https:\/\/www.address4.com\/es\/servicios\/validacion-nombre-datos-personales"]}]},{"@type":"BreadcrumbList","@id":"https:\/\/www.address4.com\/es\/servicios\/validacion-nombre-datos-personales#breadcrumb","itemListElement":[{"@type":"ListItem","position":1,"name":"Home","item":"https:\/\/www.address4.com\/es"},{"@type":"ListItem","position":2,"name":"Servicios","item":"https:\/\/www.address4.com\/es\/servicios"},{"@type":"ListItem","position":3,"name":"Validaci\u00f3n de nombres"}]},{"@type":"WebSite","@id":"https:\/\/www.address4.com\/#website","url":"https:\/\/www.address4.com\/","name":"Address 4","description":"Address Verification Service For Your Business","potentialAction":[{"@type":"SearchAction","target":{"@type":"EntryPoint","urlTemplate":"https:\/\/www.address4.com\/?s={search_term_string}"},"query-input":{"@type":"PropertyValueSpecification","valueRequired":true,"valueName":"search_term_string"}}],"inLanguage":"es"}]}},"_links":{"self":[{"href":"https:\/\/www.address4.com\/es\/wp-json\/wp\/v2\/pages\/365","targetHints":{"allow":["GET"]}}],"collection":[{"href":"https:\/\/www.address4.com\/es\/wp-json\/wp\/v2\/pages"}],"about":[{"href":"https:\/\/www.address4.com\/es\/wp-json\/wp\/v2\/types\/page"}],"author":[{"embeddable":true,"href":"https:\/\/www.address4.com\/es\/wp-json\/wp\/v2\/users\/2"}],"replies":[{"embeddable":true,"href":"https:\/\/www.address4.com\/es\/wp-json\/wp\/v2\/comments?post=365"}],"version-history":[{"count":7,"href":"https:\/\/www.address4.com\/es\/wp-json\/wp\/v2\/pages\/365\/revisions"}],"predecessor-version":[{"id":3161,"href":"https:\/\/www.address4.com\/es\/wp-json\/wp\/v2\/pages\/365\/revisions\/3161"}],"up":[{"embeddable":true,"href":"https:\/\/www.address4.com\/es\/wp-json\/wp\/v2\/pages\/949"}],"wp:attachment":[{"href":"https:\/\/www.address4.com\/es\/wp-json\/wp\/v2\/media?parent=365"}],"curies":[{"name":"wp","href":"https:\/\/api.w.org\/{rel}","templated":true}]}}