{"id":329,"date":"2018-03-02T10:57:17","date_gmt":"2018-03-02T10:57:17","guid":{"rendered":"http:\/\/www.address4.com\/?page_id=329"},"modified":"2021-09-10T18:08:31","modified_gmt":"2021-09-10T17:08:31","slug":"validacion-direcciones","status":"publish","type":"page","link":"https:\/\/www.address4.com\/es\/servicios\/validacion-direcciones","title":{"rendered":"Validaci\u00f3n de direcciones"},"content":{"rendered":"[vc_row wrapper=\u00bbtrue\u00bb holder_set_margin=\u00bbtrue\u00bb holder_margin=\u00bbu-margin-bottom\u00bb][vc_column]<div class=\"c-heading\"><h1 class=\" u-h1 u-text-center\">Validaci\u00f3n de direcciones internacionales<\/h1><\/div><div class=\"c-heading\"><h3 class=\" u-h3 u-text-normal u-text-center\">El servicio de validaci\u00f3n de direcciones internacionales<\/h3><\/div>[\/vc_column][\/vc_row][vc_row wrapper=\u00bbtrue\u00bb holder_set_margin=\u00bbtrue\u00bb holder_margin=\u00bbu-margin-bottom\u00bb][vc_column width=\u00bb5\/12&#8243;]<div class=\"c-image\"><img loading=\"lazy\" decoding=\"async\" width=\"426\" height=\"282\" src=\"https:\/\/www.address4.com\/wp-content\/uploads\/2018\/03\/international_addresses_validation.jpg\" class=\" aligncenter\" alt=\"international addresses validation\" srcset=\"https:\/\/www.address4.com\/wp-content\/uploads\/2018\/03\/international_addresses_validation.jpg 426w, https:\/\/www.address4.com\/wp-content\/uploads\/2018\/03\/international_addresses_validation-300x199.jpg 300w\" sizes=\"auto, (max-width: 426px) 100vw, 426px\" \/><\/div>[\/vc_column][vc_column width=\u00bb7\/12&#8243;]<div class=\"c-heading\"><h3>La validaci\u00f3n de direcciones empieza aqu\u00ed<\/h3><\/div>[vc_column_text]Los errores y las omisiones comprometen la eficacia de tu negocio y retrasan su crecimiento. Con la\u00a0<strong>versi\u00f3n de prueba gratuita de<\/strong>\u00a0<strong>Address4<\/strong>, podr\u00e1s conocer la validaci\u00f3n de direcciones internacionales m\u00e1s vanguardista del mercado de manera inmediata.<\/p>\n<p>Todo lo que tienes que hacer es <a href=\"https:\/\/www.address4.com\/es\/free-trial\">introducir tus datos en el formulario y apretar el bot\u00f3n<\/a>. Podr\u00e1s ver las\u00a0<strong>direcciones validadas en tiempo real<\/strong>, sin compromiso, sin subscribirte, sin direcciones de email o descargas de ning\u00fan tipo.<br \/>\n\u00a1Pru\u00e9balo gratis![\/vc_column_text]<a class=\"c-button u-margin-right u-margin-bottom c-button--primary  c-button--ghost\" href=\"https:\/\/www.address4.com\/free-address-validation-services\">Pru\u00e9balo gratis<\/a><a class=\"c-button u-margin-bottom c-button--primary  c-button--ghost\" href=\"https:\/\/www.address4.com\/services\/address-validation\/batch-address-validation\">Sube un archivo<\/a>[\/vc_column][\/vc_row][vc_row][vc_column]<div class=\"templatera_shortcode\"><div class=\"o-holder u-background-light u-margin-bottom-large u-padding-vertical-large\"><div class=\" o-wrapper\"><div class=\"grid-1\"><div class=\"col _lap-and-up-8\" ><div class=\"c-heading\"><h3>No te pierdas el \u201cAhorro de costes y validaci\u00f3n de direcciones\u201d<\/h3><\/div><div class=\"c-heading\"><h3>DESCARGA GRATIS nuestro eBook y descubre c\u00f3mo mejorar la calidad de tus datos<\/h3><\/div><div class=\"c-text-block\"><p>Completa gu\u00eda con todos los beneficios econ\u00f3micos de la validaci\u00f3n<\/p>\n <\/div><a class=\"c-button c-button--secondary\" href=\"https:\/\/www.address4.com\/ebook-1\">Descarga eBook<\/a><\/div><div class=\"col _lap-and-up-4\" ><div class=\"c-image\"><a href=\"https:\/\/www.address4.com\/ebook-1\"><img loading=\"lazy\" decoding=\"async\" width=\"205\" height=\"286\" src=\"https:\/\/www.address4.com\/wp-content\/uploads\/2018\/03\/ebook-address-validation-cost-saving-S.png\" class=\" alignone\" alt=\"ebook-address-validation-cost-saving-S\" \/><\/a><\/div><\/div>\n<\/div><\/div><\/div><\/div>[\/vc_column][\/vc_row][vc_row wrapper=\u00bbtrue\u00bb holder_set_margin=\u00bbtrue\u00bb holder_margin=\u00bbu-margin-bottom-large\u00bb][vc_column width=\u00bb5\/12&#8243;]<div class=\"c-image\"><img loading=\"lazy\" decoding=\"async\" width=\"400\" height=\"473\" src=\"https:\/\/www.address4.com\/wp-content\/uploads\/2018\/03\/international_address_validation.jpg\" class=\" aligncenter\" alt=\"international address validation service\" srcset=\"https:\/\/www.address4.com\/wp-content\/uploads\/2018\/03\/international_address_validation.jpg 400w, https:\/\/www.address4.com\/wp-content\/uploads\/2018\/03\/international_address_validation-254x300.jpg 254w\" sizes=\"auto, (max-width: 400px) 100vw, 400px\" \/><\/div>[\/vc_column][vc_column width=\u00bb7\/12&#8243;]<div class=\"c-heading\"><h3>Validaci\u00f3n de direcciones:<\/h3><\/div><div class=\"c-heading\"><h3 class=\" u-h4\">Una oportunidad que no puedes dejar pasar<\/h3><\/div>[vc_column_text]\n<div class=\"row-fluid-wrapper row-depth-1 row-number-15 \">\n<div class=\"row-fluid \">\n<div class=\"span6 widget-span widget-type-rich_text \" data-widget-type=\"rich_text\" data-x=\"6\" data-w=\"6\">\n<div class=\"cell-wrapper layout-widget-wrapper\">\n<p>Address 4 verifica direcciones internacionales en m\u00e1s de 250 pa\u00edses de todo el mundo. Las aplicaciones son infinitas y van desde sistemas de CRM (Customer Relationship Management, o administraci\u00f3n de la relaci\u00f3n con los clientes) hasta migraciones de datos de un almac\u00e9n, pasando por los servicios de correo comercial a trav\u00e9s de internet o validaci\u00f3n interactiva durante la introducci\u00f3n de datos, o la recolecci\u00f3n de direcciones y datos personales en p\u00e1ginas de comercio electr\u00f3nico.\u00a0La validaci\u00f3n de direcciones internacionales con Address 4 te permite enriquecer bases de datos, corregir errores, actualizar informaci\u00f3n obsoleta, borrar informaci\u00f3n duplicada y rellenar informaci\u00f3n faltante de manera autom\u00e1tica. El resultado final es una base de datos con direcciones que estar\u00e1n en un formato universal que cualquier sistema operativo podr\u00e1 interpretar.<\/p>\n<\/div>\n<\/div>\n<\/div>\n<\/div>\n<div class=\"row-fluid-wrapper row-depth-1 row-number-16 \">\n<div class=\"row-fluid \">\n<div class=\"span12 widget-span widget-type-rich_text \" data-widget-type=\"rich_text\" data-x=\"0\" data-w=\"12\">\n<div class=\"cell-wrapper layout-widget-wrapper\">\n<p>Address4 ofrece una oportunidad \u00fanica de tener acceso a datos de calidad, optimizar procedimientos de archivado, mejorar la gesti\u00f3n de direcciones, actualizar las bases de datos obsoletas, perfilar usuarios de manera precisa y geolocalizar tu audiencia.\u00a0Todo est\u00e1 disponible r\u00e1pidamente gracias a un modo operativo intuitivo. Cuando eliges Address 4, eliges completa satisfacci\u00f3n.<\/p>\n<\/div>\n<\/div>\n<\/div>\n<\/div>\n[\/vc_column_text][\/vc_column][\/vc_row][vc_row][vc_column]<div class=\"templatera_shortcode\"><div class=\"o-holder u-background-light u-margin-bottom-large u-padding-vertical-large\"><div class=\"grid-1\"><div class=\"col _lap-and-up-12\" ><div class=\"c-heading\"><h3 class=\" u-h2 u-text-center\"> Prueba gratis Address 4<\/h3><\/div><div class=\"c-button-holder c-button-holder--center\"><a class=\"c-button c-button--center u-margin-bottom c-button--secondary\" href=\"https:\/\/www.address4.com\/free-address-validation-services\">Registrate<\/a><\/div><div class=\"c-heading\"><h3 class=\" u-text-center\">sin costes, sin compromiso, m\u00e1xima satisfacci\u00f3n<\/h3><\/div><\/div>\n<\/div><\/div><\/div>[\/vc_column][\/vc_row][vc_row wrapper=\u00bbtrue\u00bb][vc_column width=\u00bb1\/3&#8243;]<div class=\"c-mediabox u-margin-bottom\">\n<div class=\" o-media\">\n<div class=\"o-media__img\">\n<div class=\"ico-wrap ico-wrap--center\"><i class=\"ico ico--xl fal fa-check\"><\/i><\/div>\n<\/div>\n<div class=\"o-media__body\">\n<h4>Negocio m\u00e1s eficaz<\/h4>\n<p>Con Address 4 tu negocio ser\u00e1 m\u00e1s f\u00e1cil de administrar y m\u00e1s eficaz. \u00a1La mejor\u00eda de la imagen de tu empresa est\u00e1 garantizada!<\/p><\/div>\n<\/div>\n<\/div>\n[\/vc_column][vc_column width=\u00bb1\/3&#8243;]<div class=\"c-mediabox u-margin-bottom\">\n<div class=\" o-media\">\n<div class=\"o-media__img\">\n<div class=\"ico-wrap ico-wrap--center\"><i class=\"ico ico--xl far fa-alarm-clock\"><\/i><\/div>\n<\/div>\n<div class=\"o-media__body\">\n<h4>No m\u00e1s p\u00e9rdidas<\/h4>\n<p>Datos de calidad significa optimizar los recursos, prevenir la p\u00e9rdida de tiempo \u00a0 \u00a0y hacer un buen uso de cada euro invertido.<\/p><\/div>\n<\/div>\n<\/div>\n[\/vc_column][vc_column width=\u00bb1\/3&#8243;]<div class=\"c-mediabox u-margin-bottom\">\n<div class=\" o-media\">\n<div class=\"o-media__img\">\n<div class=\"ico-wrap ico-wrap--center\"><i class=\"ico ico--xl fal fa-bullseye\"><\/i><\/div>\n<\/div>\n<div class=\"o-media__body\">\n<h4>Objetivo 100%<\/h4>\n<p>Una base de datos llena de informaci\u00f3n incorrecta nunca alcanzar\u00e1 el 100% del p\u00fablico receptor. Con nuestra ayuda, llegar a toda tu audiencia es muy sencillo.<\/p><\/div>\n<\/div>\n<\/div>\n[\/vc_column][\/vc_row]\n","protected":false},"excerpt":{"rendered":"Prueba gratis Address 4Registratesin costes, sin compromiso, m\u00e1xima satisfacci\u00f3n","protected":false},"author":2,"featured_media":0,"parent":949,"menu_order":0,"comment_status":"closed","ping_status":"closed","template":"templates\/template-fullwidth.php","meta":{"footnotes":""},"class_list":["post-329","page","type-page","status-publish","hentry"],"yoast_head":"<!-- This site is optimized with the Yoast SEO plugin v26.8 - https:\/\/yoast.com\/product\/yoast-seo-wordpress\/ -->\n<title>Servicio de validaci\u00f3n de direcciones internacionales - Address4<\/title>\n<meta name=\"description\" content=\"Con Address 4 tienes acceso a un servicio de validaci\u00f3n de direcciones internacionales en m\u00e1s de 250 pa\u00edses del mundo. \u00a1Pru\u00e9balo gratis!\" \/>\n<meta name=\"robots\" content=\"index, follow, max-snippet:-1, max-image-preview:large, max-video-preview:-1\" \/>\n<link rel=\"canonical\" href=\"https:\/\/www.address4.com\/es\/servicios\/validacion-direcciones\" \/>\n<meta property=\"og:locale\" content=\"es_ES\" \/>\n<meta property=\"og:type\" content=\"article\" \/>\n<meta property=\"og:title\" content=\"Servicio de validaci\u00f3n de direcciones internacionales - Address4\" \/>\n<meta property=\"og:description\" content=\"Con Address 4 tienes acceso a un servicio de validaci\u00f3n de direcciones internacionales en m\u00e1s de 250 pa\u00edses del mundo. \u00a1Pru\u00e9balo gratis!\" \/>\n<meta property=\"og:url\" content=\"https:\/\/www.address4.com\/es\/servicios\/validacion-direcciones\" \/>\n<meta property=\"og:site_name\" content=\"Address 4\" \/>\n<meta property=\"article:modified_time\" content=\"2021-09-10T17:08:31+00:00\" \/>\n<meta name=\"twitter:card\" content=\"summary_large_image\" \/>\n<meta name=\"twitter:label1\" content=\"Tiempo de lectura\" \/>\n\t<meta name=\"twitter:data1\" content=\"2 minutos\" \/>\n<script type=\"application\/ld+json\" class=\"yoast-schema-graph\">{\"@context\":\"https:\/\/schema.org\",\"@graph\":[{\"@type\":\"WebPage\",\"@id\":\"https:\/\/www.address4.com\/es\/servicios\/validacion-direcciones\",\"url\":\"https:\/\/www.address4.com\/es\/servicios\/validacion-direcciones\",\"name\":\"Servicio de validaci\u00f3n de direcciones internacionales - Address4\",\"isPartOf\":{\"@id\":\"https:\/\/www.address4.com\/#website\"},\"datePublished\":\"2018-03-02T10:57:17+00:00\",\"dateModified\":\"2021-09-10T17:08:31+00:00\",\"description\":\"Con Address 4 tienes acceso a un servicio de validaci\u00f3n de direcciones internacionales en m\u00e1s de 250 pa\u00edses del mundo. \u00a1Pru\u00e9balo gratis!\",\"breadcrumb\":{\"@id\":\"https:\/\/www.address4.com\/es\/servicios\/validacion-direcciones#breadcrumb\"},\"inLanguage\":\"es\",\"potentialAction\":[{\"@type\":\"ReadAction\",\"target\":[\"https:\/\/www.address4.com\/es\/servicios\/validacion-direcciones\"]}]},{\"@type\":\"BreadcrumbList\",\"@id\":\"https:\/\/www.address4.com\/es\/servicios\/validacion-direcciones#breadcrumb\",\"itemListElement\":[{\"@type\":\"ListItem\",\"position\":1,\"name\":\"Home\",\"item\":\"https:\/\/www.address4.com\/es\"},{\"@type\":\"ListItem\",\"position\":2,\"name\":\"Servicios\",\"item\":\"https:\/\/www.address4.com\/es\/servicios\"},{\"@type\":\"ListItem\",\"position\":3,\"name\":\"Validaci\u00f3n de direcciones\"}]},{\"@type\":\"WebSite\",\"@id\":\"https:\/\/www.address4.com\/#website\",\"url\":\"https:\/\/www.address4.com\/\",\"name\":\"Address 4\",\"description\":\"Address Verification Service For Your Business\",\"potentialAction\":[{\"@type\":\"SearchAction\",\"target\":{\"@type\":\"EntryPoint\",\"urlTemplate\":\"https:\/\/www.address4.com\/?s={search_term_string}\"},\"query-input\":{\"@type\":\"PropertyValueSpecification\",\"valueRequired\":true,\"valueName\":\"search_term_string\"}}],\"inLanguage\":\"es\"}]}<\/script>\n<!-- \/ Yoast SEO plugin. -->","yoast_head_json":{"title":"Servicio de validaci\u00f3n de direcciones internacionales - Address4","description":"Con Address 4 tienes acceso a un servicio de validaci\u00f3n de direcciones internacionales en m\u00e1s de 250 pa\u00edses del mundo. \u00a1Pru\u00e9balo gratis!","robots":{"index":"index","follow":"follow","max-snippet":"max-snippet:-1","max-image-preview":"max-image-preview:large","max-video-preview":"max-video-preview:-1"},"canonical":"https:\/\/www.address4.com\/es\/servicios\/validacion-direcciones","og_locale":"es_ES","og_type":"article","og_title":"Servicio de validaci\u00f3n de direcciones internacionales - Address4","og_description":"Con Address 4 tienes acceso a un servicio de validaci\u00f3n de direcciones internacionales en m\u00e1s de 250 pa\u00edses del mundo. \u00a1Pru\u00e9balo gratis!","og_url":"https:\/\/www.address4.com\/es\/servicios\/validacion-direcciones","og_site_name":"Address 4","article_modified_time":"2021-09-10T17:08:31+00:00","twitter_card":"summary_large_image","twitter_misc":{"Tiempo de lectura":"2 minutos"},"schema":{"@context":"https:\/\/schema.org","@graph":[{"@type":"WebPage","@id":"https:\/\/www.address4.com\/es\/servicios\/validacion-direcciones","url":"https:\/\/www.address4.com\/es\/servicios\/validacion-direcciones","name":"Servicio de validaci\u00f3n de direcciones internacionales - Address4","isPartOf":{"@id":"https:\/\/www.address4.com\/#website"},"datePublished":"2018-03-02T10:57:17+00:00","dateModified":"2021-09-10T17:08:31+00:00","description":"Con Address 4 tienes acceso a un servicio de validaci\u00f3n de direcciones internacionales en m\u00e1s de 250 pa\u00edses del mundo. \u00a1Pru\u00e9balo gratis!","breadcrumb":{"@id":"https:\/\/www.address4.com\/es\/servicios\/validacion-direcciones#breadcrumb"},"inLanguage":"es","potentialAction":[{"@type":"ReadAction","target":["https:\/\/www.address4.com\/es\/servicios\/validacion-direcciones"]}]},{"@type":"BreadcrumbList","@id":"https:\/\/www.address4.com\/es\/servicios\/validacion-direcciones#breadcrumb","itemListElement":[{"@type":"ListItem","position":1,"name":"Home","item":"https:\/\/www.address4.com\/es"},{"@type":"ListItem","position":2,"name":"Servicios","item":"https:\/\/www.address4.com\/es\/servicios"},{"@type":"ListItem","position":3,"name":"Validaci\u00f3n de direcciones"}]},{"@type":"WebSite","@id":"https:\/\/www.address4.com\/#website","url":"https:\/\/www.address4.com\/","name":"Address 4","description":"Address Verification Service For Your Business","potentialAction":[{"@type":"SearchAction","target":{"@type":"EntryPoint","urlTemplate":"https:\/\/www.address4.com\/?s={search_term_string}"},"query-input":{"@type":"PropertyValueSpecification","valueRequired":true,"valueName":"search_term_string"}}],"inLanguage":"es"}]}},"_links":{"self":[{"href":"https:\/\/www.address4.com\/es\/wp-json\/wp\/v2\/pages\/329","targetHints":{"allow":["GET"]}}],"collection":[{"href":"https:\/\/www.address4.com\/es\/wp-json\/wp\/v2\/pages"}],"about":[{"href":"https:\/\/www.address4.com\/es\/wp-json\/wp\/v2\/types\/page"}],"author":[{"embeddable":true,"href":"https:\/\/www.address4.com\/es\/wp-json\/wp\/v2\/users\/2"}],"replies":[{"embeddable":true,"href":"https:\/\/www.address4.com\/es\/wp-json\/wp\/v2\/comments?post=329"}],"version-history":[{"count":5,"href":"https:\/\/www.address4.com\/es\/wp-json\/wp\/v2\/pages\/329\/revisions"}],"predecessor-version":[{"id":3718,"href":"https:\/\/www.address4.com\/es\/wp-json\/wp\/v2\/pages\/329\/revisions\/3718"}],"up":[{"embeddable":true,"href":"https:\/\/www.address4.com\/es\/wp-json\/wp\/v2\/pages\/949"}],"wp:attachment":[{"href":"https:\/\/www.address4.com\/es\/wp-json\/wp\/v2\/media?parent=329"}],"curies":[{"name":"wp","href":"https:\/\/api.w.org\/{rel}","templated":true}]}}