{"id":3055,"date":"2021-08-02T08:02:19","date_gmt":"2021-08-02T07:02:19","guid":{"rendered":"https:\/\/www.address4.com\/?page_id=3055"},"modified":"2021-09-10T17:45:26","modified_gmt":"2021-09-10T16:45:26","slug":"google-maps-batch","status":"publish","type":"page","link":"https:\/\/www.address4.com\/es\/servicios\/geocodificacion-direcciones\/google-maps-batch","title":{"rendered":"Google Maps Batch"},"content":{"rendered":"[vc_row wrapper=\u00bbtrue\u00bb holder_set_margin=\u00bbtrue\u00bb holder_margin=\u00bbu-margin-bottom\u00bb][vc_column]<div class=\"c-heading\"><h3 class=\" u-h1 u-text-center\">Google Maps Batch<\/h3><\/div><div class=\"c-heading\"><h3 class=\" u-h1 u-text-center\">Utiliza Google para la geolocalizaci\u00f3n masiva de las direcciones<\/h3><\/div><div class=\"c-heading\"><h3 class=\" u-h3 u-text-normal u-text-center\">La forma m\u00e1s sencilla de obtener las coordenadas geogr\u00e1ficas de una pluralidad de direcciones a partir de datos en Google Maps.<\/h3><\/div>[\/vc_column][\/vc_row][vc_row wrapper=\u00bbtrue\u00bb holder_set_margin=\u00bbtrue\u00bb holder_margin=\u00bbu-margin-bottom\u00bb][vc_column width=\u00bb5\/12&#8243;]<div class=\"c-image\"><a href=\"https:\/\/www.address4.com\/free-address-validation-services\"><img loading=\"lazy\" decoding=\"async\" width=\"424\" height=\"283\" src=\"https:\/\/www.address4.com\/wp-content\/uploads\/2021\/01\/Geolocalizacion-masiva-de-las-direcciones.jpg\" class=\" u-margin-bottom aligncenter\" alt=\"Geolocalizacion masiva de las direcciones\" srcset=\"https:\/\/www.address4.com\/wp-content\/uploads\/2021\/01\/Geolocalizacion-masiva-de-las-direcciones.jpg 424w, https:\/\/www.address4.com\/wp-content\/uploads\/2021\/01\/Geolocalizacion-masiva-de-las-direcciones-300x200.jpg 300w\" sizes=\"auto, (max-width: 424px) 100vw, 424px\" \/><\/a><\/div>[\/vc_column][vc_column width=\u00bb7\/12&#8243;]<div class=\"c-heading\"><h3>Geocodificaci\u00f3n masiva de direcciones web<\/h3><\/div>[vc_column_text]<span lang=\"es-ES\">Utilizando <strong>Google Maps a trav\u00e9s de API<\/strong> puedes conseguir la geolocalizaci\u00f3n de una sola direcci\u00f3n cada vez. Sin embargo, si tu proyecto requiere la geocodificaci\u00f3n de cientos o miles de direcciones por lotes, es decir masiva, entonces necesitas una herramienta apropiada capaz de facilitar en poco tiempo una lista de coordinadas geogr\u00e1ficas (latitud y longitud) de cientos de miles de direcciones nacionales o mundiales.<\/span><\/p>\n<p><span lang=\"es-ES\">\u00bfQuieres saber c\u00f3mo funciona todo esto sin compromiso y sin costes? <strong><a href=\"https:\/\/www.address4.com\/es\/free-trial\">Prueba la demo gratuita de Address4<\/a><\/strong> dedicada a la <\/span><strong><span lang=\"es-ES\">geocodificaci\u00f3n Google Maps in bulk<\/span><\/strong><span lang=\"es-ES\">:\u00a0<\/span>[\/vc_column_text]<a class=\"c-button u-margin-right u-margin-bottom c-button--secondary\" href=\"https:\/\/www.address4.com\/free-address-validation-services\">Haz una Prueba Gratis<\/a>[\/vc_column][\/vc_row][vc_row][vc_column]<div class=\"templatera_shortcode\"><div class=\"o-holder u-background-light u-margin-bottom-large u-padding-vertical-large\"><div class=\" o-wrapper\"><div class=\"grid-1\"><div class=\"col _lap-and-up-8\" ><div class=\"c-heading\"><h3>No te pierdas el \u201cAhorro de costes y validaci\u00f3n de direcciones\u201d<\/h3><\/div><div class=\"c-heading\"><h3>DESCARGA GRATIS nuestro eBook y descubre c\u00f3mo mejorar la calidad de tus datos<\/h3><\/div><div class=\"c-text-block\"><p>Completa gu\u00eda con todos los beneficios econ\u00f3micos de la validaci\u00f3n<\/p>\n <\/div><a class=\"c-button c-button--secondary\" href=\"https:\/\/www.address4.com\/ebook-1\">Descarga eBook<\/a><\/div><div class=\"col _lap-and-up-4\" ><div class=\"c-image\"><a href=\"https:\/\/www.address4.com\/ebook-1\"><img loading=\"lazy\" decoding=\"async\" width=\"205\" height=\"286\" src=\"https:\/\/www.address4.com\/wp-content\/uploads\/2018\/03\/ebook-address-validation-cost-saving-S.png\" class=\" alignone\" alt=\"ebook-address-validation-cost-saving-S\" \/><\/a><\/div><\/div>\n<\/div><\/div><\/div><\/div>[\/vc_column][\/vc_row][vc_row wrapper=\u00bbtrue\u00bb holder_set_margin=\u00bbtrue\u00bb holder_margin=\u00bbu-margin-bottom\u00bb][vc_column]<div class=\"c-heading\"><h3 class=\" u-margin-bottom-large u-text-center\">Con un solo clic puedes lanzar de inmediato Google Maps in bulk<\/h3><\/div>[\/vc_column][vc_column width=\u00bb1\/2&#8243;]<div class=\"c-image\"><img loading=\"lazy\" decoding=\"async\" width=\"800\" height=\"600\" src=\"https:\/\/www.address4.com\/wp-content\/uploads\/2021\/01\/geocodificacion-google-maps-in-bulk.jpg\" class=\" u-margin-bottom aligncenter\" alt=\"Geocodificaci\u00f3n masiva google maps\" srcset=\"https:\/\/www.address4.com\/wp-content\/uploads\/2021\/01\/geocodificacion-google-maps-in-bulk.jpg 800w, https:\/\/www.address4.com\/wp-content\/uploads\/2021\/01\/geocodificacion-google-maps-in-bulk-300x225.jpg 300w, https:\/\/www.address4.com\/wp-content\/uploads\/2021\/01\/geocodificacion-google-maps-in-bulk-768x576.jpg 768w\" sizes=\"auto, (max-width: 800px) 100vw, 800px\" \/><\/div>[\/vc_column][vc_column width=\u00bb1\/2&#8243;][vc_column_text]<span lang=\"es-ES\">Conseguir las coordinadas geogr\u00e1ficas de una o varias direcciones es una operaci\u00f3n \u00fatil en muchos \u00e1mbitos de negocios, de la entrega a domicilio de productos o material informativo a la elaboraci\u00f3n de perfiles de la clientela potencial para acciones de marketing. Pero, \u00bfc\u00f3mo <\/span><span lang=\"es-ES\">geolocalizar in batch<\/span><span lang=\"es-ES\"> una base de datos de direcciones completa sin p\u00e9rdidas de calidad?<\/span><\/p>\n<p><span lang=\"es-ES\">Address 4 responde a esta demanda con el servicio de geocodificaci\u00f3n Google Maps in Batch: gracias a nuestra plataforma, empresarios, integradores de sistemas, webmasters y profesionales de cualquier sector pueden utilizar la informaci\u00f3n que administra Google Maps sin los v\u00ednculos de una geolocalizaci\u00f3n realizada a trav\u00e9s de API para cada direcci\u00f3n.<\/span><\/p>\n<p><span lang=\"es-ES\">Solo hay que registrarse en Address4, cargar el archivo, la lista o la base de datos de direcciones que se tiene que geocodificar y por \u00faltimo lanzar el proceso. Tan solo unos pasos y unos pocos minutos para conseguir una <\/span><span lang=\"es-ES\">geocodificaci\u00f3n Google batch<\/span><span lang=\"es-ES\"> de miles de direcciones, sin errores, en m\u00e1s de 250 pa\u00edses del mundo y sin tener obligatoriamente que descargar ning\u00fan programa. Address 4 funciona online 24 horas al d\u00eda desde cualquier dispositivo conectado a la red, incluidas tabletas y tel\u00e9fonos inteligentes. Un sistema vanguardista para resultados siempre a la altura de las expectativas.<\/span>[\/vc_column_text][\/vc_column][\/vc_row][vc_row][vc_column]<div class=\"templatera_shortcode\"><div class=\"o-holder u-background-light u-margin-bottom-large u-padding-vertical-large\"><div class=\"grid-1\"><div class=\"col _lap-and-up-12\" ><div class=\"c-heading\"><h3 class=\" u-h2 u-text-center\"> Prueba gratis Address 4<\/h3><\/div><div class=\"c-button-holder c-button-holder--center\"><a class=\"c-button c-button--center u-margin-bottom c-button--secondary\" href=\"https:\/\/www.address4.com\/free-address-validation-services\">Registrate<\/a><\/div><div class=\"c-heading\"><h3 class=\" u-text-center\">sin costes, sin compromiso, m\u00e1xima satisfacci\u00f3n<\/h3><\/div><\/div>\n<\/div><\/div><\/div>[\/vc_column][\/vc_row][vc_row wrapper=\u00bbtrue\u00bb holder_set_margin=\u00bbtrue\u00bb holder_margin=\u00bbu-margin-bottom-large\u00bb][vc_column width=\u00bb1\/3&#8243;]<div class=\"c-mediabox u-margin-bottom\">\n<div class=\" o-media\">\n<div class=\"o-media__img\">\n<div class=\"ico-wrap ico-wrap--center\"><i class=\"ico ico--xl fal fa-sitemap\"><\/i><\/div>\n<\/div>\n<div class=\"o-media__body\"><strong>Geolocalizaci\u00f3n m\u00faltiple<\/strong><\/p>\n<p><span lang=\"fr-FR\">Address 4 te permite geolocalizarhasta cientos de miles de direccionescon Google Maps, sin l\u00edmites y enmuy poco tiempo.<\/span><\/p>\n<p>&nbsp;<\/p>\n<\/div>\n<\/div>\n<\/div>\n[\/vc_column][vc_column width=\u00bb1\/3&#8243;]<div class=\"c-mediabox u-margin-bottom\">\n<div class=\" o-media\">\n<div class=\"o-media__img\">\n<div class=\"ico-wrap ico-wrap--center\"><i class=\"ico ico--xl fal fa-map\"><\/i><\/div>\n<\/div>\n<div class=\"o-media__body\"><strong>Cobertura mundial<br \/>\n<\/strong><\/p>\n<p><span lang=\"fr-FR\">Nuestro servicio cubre m\u00e1sde 250 pa\u00edses en cadacontinente:una mina de informaci\u00f3nconstantemente actualizada.<\/span><\/p>\n<p>&nbsp;<\/p>\n<\/div>\n<\/div>\n<\/div>\n[\/vc_column][vc_column width=\u00bb1\/3&#8243;]<div class=\"c-mediabox u-margin-bottom\">\n<div class=\" o-media\">\n<div class=\"o-media__img\">\n<div class=\"ico-wrap ico-wrap--center\"><i class=\"ico ico--xl fal fa-laptop\"><\/i><\/div>\n<\/div>\n<div class=\"o-media__body\"><strong>Funcionamiento online<\/strong><\/p>\n<p>Address 4 funciona online sinnecesidad de descargar programas.\u00dasalo desde cualquier dispositivo,en el trabajo, en casa o donde quieras.<\/p>\n<p>&nbsp;<\/p>\n<p>&nbsp;<\/p>\n<p>&nbsp;<\/p>\n<\/div>\n<\/div>\n<\/div>\n[\/vc_column][\/vc_row][vc_row][vc_column][\/vc_column][\/vc_row]\n","protected":false},"excerpt":{"rendered":"The Latest From Our Blog","protected":false},"author":1,"featured_media":0,"parent":404,"menu_order":0,"comment_status":"closed","ping_status":"closed","template":"templates\/template-fullwidth.php","meta":{"footnotes":""},"class_list":["post-3055","page","type-page","status-publish","hentry"],"yoast_head":"<!-- This site is optimized with the Yoast SEO plugin v26.8 - https:\/\/yoast.com\/product\/yoast-seo-wordpress\/ -->\n<title>Google Maps Batch - Address 4<\/title>\n<meta name=\"robots\" content=\"index, follow, max-snippet:-1, max-image-preview:large, max-video-preview:-1\" \/>\n<link rel=\"canonical\" href=\"https:\/\/www.address4.com\/es\/servicios\/geocodificacion-direcciones\/google-maps-batch\" \/>\n<meta property=\"og:locale\" content=\"es_ES\" \/>\n<meta property=\"og:type\" content=\"article\" \/>\n<meta property=\"og:title\" content=\"Google Maps Batch - Address 4\" \/>\n<meta property=\"og:url\" content=\"https:\/\/www.address4.com\/es\/servicios\/geocodificacion-direcciones\/google-maps-batch\" \/>\n<meta property=\"og:site_name\" content=\"Address 4\" \/>\n<meta property=\"article:modified_time\" content=\"2021-09-10T16:45:26+00:00\" \/>\n<meta name=\"twitter:card\" content=\"summary_large_image\" \/>\n<meta name=\"twitter:label1\" content=\"Tiempo de lectura\" \/>\n\t<meta name=\"twitter:data1\" content=\"3 minutos\" \/>\n<script type=\"application\/ld+json\" class=\"yoast-schema-graph\">{\"@context\":\"https:\/\/schema.org\",\"@graph\":[{\"@type\":\"WebPage\",\"@id\":\"https:\/\/www.address4.com\/es\/servicios\/geocodificacion-direcciones\/google-maps-batch\",\"url\":\"https:\/\/www.address4.com\/es\/servicios\/geocodificacion-direcciones\/google-maps-batch\",\"name\":\"Google Maps Batch - Address 4\",\"isPartOf\":{\"@id\":\"https:\/\/www.address4.com\/#website\"},\"datePublished\":\"2021-08-02T07:02:19+00:00\",\"dateModified\":\"2021-09-10T16:45:26+00:00\",\"breadcrumb\":{\"@id\":\"https:\/\/www.address4.com\/es\/servicios\/geocodificacion-direcciones\/google-maps-batch#breadcrumb\"},\"inLanguage\":\"es\",\"potentialAction\":[{\"@type\":\"ReadAction\",\"target\":[\"https:\/\/www.address4.com\/es\/servicios\/geocodificacion-direcciones\/google-maps-batch\"]}]},{\"@type\":\"BreadcrumbList\",\"@id\":\"https:\/\/www.address4.com\/es\/servicios\/geocodificacion-direcciones\/google-maps-batch#breadcrumb\",\"itemListElement\":[{\"@type\":\"ListItem\",\"position\":1,\"name\":\"Home\",\"item\":\"https:\/\/www.address4.com\/es\"},{\"@type\":\"ListItem\",\"position\":2,\"name\":\"Servicios\",\"item\":\"https:\/\/www.address4.com\/es\/servicios\"},{\"@type\":\"ListItem\",\"position\":3,\"name\":\"Geocodificaci\u00f3n de direcciones\",\"item\":\"https:\/\/www.address4.com\/es\/servicios\/geocodificacion-direcciones\"},{\"@type\":\"ListItem\",\"position\":4,\"name\":\"Google Maps Batch\"}]},{\"@type\":\"WebSite\",\"@id\":\"https:\/\/www.address4.com\/#website\",\"url\":\"https:\/\/www.address4.com\/\",\"name\":\"Address 4\",\"description\":\"Address Verification Service For Your Business\",\"potentialAction\":[{\"@type\":\"SearchAction\",\"target\":{\"@type\":\"EntryPoint\",\"urlTemplate\":\"https:\/\/www.address4.com\/?s={search_term_string}\"},\"query-input\":{\"@type\":\"PropertyValueSpecification\",\"valueRequired\":true,\"valueName\":\"search_term_string\"}}],\"inLanguage\":\"es\"}]}<\/script>\n<!-- \/ Yoast SEO plugin. -->","yoast_head_json":{"title":"Google Maps Batch - Address 4","robots":{"index":"index","follow":"follow","max-snippet":"max-snippet:-1","max-image-preview":"max-image-preview:large","max-video-preview":"max-video-preview:-1"},"canonical":"https:\/\/www.address4.com\/es\/servicios\/geocodificacion-direcciones\/google-maps-batch","og_locale":"es_ES","og_type":"article","og_title":"Google Maps Batch - Address 4","og_url":"https:\/\/www.address4.com\/es\/servicios\/geocodificacion-direcciones\/google-maps-batch","og_site_name":"Address 4","article_modified_time":"2021-09-10T16:45:26+00:00","twitter_card":"summary_large_image","twitter_misc":{"Tiempo de lectura":"3 minutos"},"schema":{"@context":"https:\/\/schema.org","@graph":[{"@type":"WebPage","@id":"https:\/\/www.address4.com\/es\/servicios\/geocodificacion-direcciones\/google-maps-batch","url":"https:\/\/www.address4.com\/es\/servicios\/geocodificacion-direcciones\/google-maps-batch","name":"Google Maps Batch - Address 4","isPartOf":{"@id":"https:\/\/www.address4.com\/#website"},"datePublished":"2021-08-02T07:02:19+00:00","dateModified":"2021-09-10T16:45:26+00:00","breadcrumb":{"@id":"https:\/\/www.address4.com\/es\/servicios\/geocodificacion-direcciones\/google-maps-batch#breadcrumb"},"inLanguage":"es","potentialAction":[{"@type":"ReadAction","target":["https:\/\/www.address4.com\/es\/servicios\/geocodificacion-direcciones\/google-maps-batch"]}]},{"@type":"BreadcrumbList","@id":"https:\/\/www.address4.com\/es\/servicios\/geocodificacion-direcciones\/google-maps-batch#breadcrumb","itemListElement":[{"@type":"ListItem","position":1,"name":"Home","item":"https:\/\/www.address4.com\/es"},{"@type":"ListItem","position":2,"name":"Servicios","item":"https:\/\/www.address4.com\/es\/servicios"},{"@type":"ListItem","position":3,"name":"Geocodificaci\u00f3n de direcciones","item":"https:\/\/www.address4.com\/es\/servicios\/geocodificacion-direcciones"},{"@type":"ListItem","position":4,"name":"Google Maps Batch"}]},{"@type":"WebSite","@id":"https:\/\/www.address4.com\/#website","url":"https:\/\/www.address4.com\/","name":"Address 4","description":"Address Verification Service For Your Business","potentialAction":[{"@type":"SearchAction","target":{"@type":"EntryPoint","urlTemplate":"https:\/\/www.address4.com\/?s={search_term_string}"},"query-input":{"@type":"PropertyValueSpecification","valueRequired":true,"valueName":"search_term_string"}}],"inLanguage":"es"}]}},"_links":{"self":[{"href":"https:\/\/www.address4.com\/es\/wp-json\/wp\/v2\/pages\/3055","targetHints":{"allow":["GET"]}}],"collection":[{"href":"https:\/\/www.address4.com\/es\/wp-json\/wp\/v2\/pages"}],"about":[{"href":"https:\/\/www.address4.com\/es\/wp-json\/wp\/v2\/types\/page"}],"author":[{"embeddable":true,"href":"https:\/\/www.address4.com\/es\/wp-json\/wp\/v2\/users\/1"}],"replies":[{"embeddable":true,"href":"https:\/\/www.address4.com\/es\/wp-json\/wp\/v2\/comments?post=3055"}],"version-history":[{"count":4,"href":"https:\/\/www.address4.com\/es\/wp-json\/wp\/v2\/pages\/3055\/revisions"}],"predecessor-version":[{"id":3695,"href":"https:\/\/www.address4.com\/es\/wp-json\/wp\/v2\/pages\/3055\/revisions\/3695"}],"up":[{"embeddable":true,"href":"https:\/\/www.address4.com\/es\/wp-json\/wp\/v2\/pages\/404"}],"wp:attachment":[{"href":"https:\/\/www.address4.com\/es\/wp-json\/wp\/v2\/media?parent=3055"}],"curies":[{"name":"wp","href":"https:\/\/api.w.org\/{rel}","templated":true}]}}