{"id":195,"date":"2018-03-01T10:12:15","date_gmt":"2018-03-01T10:12:15","guid":{"rendered":"http:\/\/www.address4.com\/?page_id=195"},"modified":"2021-09-02T09:38:44","modified_gmt":"2021-09-02T08:38:44","slug":"home","status":"publish","type":"page","link":"https:\/\/www.address4.com\/es","title":{"rendered":"Inicio"},"content":{"rendered":"[vc_row wrapper=\u00bbtrue\u00bb][vc_column width=\u00bb7\/12&#8243;]<div class=\"c-heading\"><h1 class=\" u-margin-bottom-large\">Verificaci\u00f3n de contactos y direcciones<\/h1><\/div><div class=\"c-heading\"><h3 class=\" u-text-normal\">Nuestro servicio de validaci\u00f3n de direcciones te ayuda a verificar, completar y mantener datos de contacto precisos para todas tus necesidades de negocio.<\/h3><\/div><div class=\" c-list u-margin-bottom\"><ul>\n<li><i class=\"c-list__icon fal fa-check\"><\/i>Correcci\u00f3n, transliteraci\u00f3n y formateo de direcciones postales<\/li>\n<li><i class=\"c-list__icon fal fa-check\"><\/i>Funciona en lotes y en tiempo real<\/li>\n<li><i class=\"c-list__icon fal fa-check\"><\/i>Codificaci\u00f3n no necesaria<\/li>\n<\/ul>\n<\/div><a class=\"c-button u-margin-right u-margin-bottom c-button--primary\" href=\"https:\/\/www.address4.com\/free-address-validation-services\">Accede a la Prueba Gratuita<\/a><a class=\"c-button u-margin-bottom c-button--primary\" href=\"https:\/\/www.address4.com\/become-a-partner\">Hazte socio<\/a>[\/vc_column][vc_column width=\u00bb5\/12&#8243;]<div class=\"c-image\"><img loading=\"lazy\" decoding=\"async\" width=\"681\" height=\"475\" src=\"https:\/\/www.address4.com\/wp-content\/uploads\/2018\/02\/address-verification-service.png\" class=\" aligncenter\" alt=\"address verification service\" srcset=\"https:\/\/www.address4.com\/wp-content\/uploads\/2018\/02\/address-verification-service.png 681w, https:\/\/www.address4.com\/wp-content\/uploads\/2018\/02\/address-verification-service-300x209.png 300w\" sizes=\"auto, (max-width: 681px) 100vw, 681px\" \/><\/div>[\/vc_column][\/vc_row][vc_row wrapper=\u00bbtrue\u00bb holder_set_margin=\u00bbtrue\u00bb holder_margin=\u00bbu-margin-bottom-large\u00bb][vc_column set_margin=\u00bbtrue\u00bb margin=\u00bbu-margin-bottom\u00bb]<div class=\" c-divider u-padding-vertical c-divider-has-text u-text-center\"\/><h4 class=\"c-divider-text\">\u00bfQu\u00e9 tipo de uso necesitas?<\/h4><\/div>[\/vc_column][vc_column width=\u00bb1\/4&#8243; set_margin=\u00bbtrue\u00bb margin=\u00bbu-margin-bottom-large\u00bb]<div class=\"ico-wrap ico-wrap--center\"><i class=\"ico ico--color-four fal fa-clock ico--xxl u-margin-bottom\"><\/i><\/div><div class=\"c-heading\"><h3 class=\" u-text-center\">Real Time<\/h3><\/div>[vc_column_text txt_align=\u00bbu-text-center\u00bb]Normaliza las direcciones durante la introducci\u00f3n desde el teclado.[\/vc_column_text]<div class=\"c-button-holder c-button-holder--center\"><a class=\"c-button c-button--center c-button--primary  c-button--ghost\" href=\"https:\/\/www.address4.com\/usage\/real-time\">Prueba ahora<\/a><\/div>[\/vc_column][vc_column width=\u00bb1\/4&#8243; set_margin=\u00bbtrue\u00bb margin=\u00bbu-margin-bottom-large\u00bb]<div class=\"ico-wrap ico-wrap--center\"><i class=\"ico ico--color-four fal fa-database ico--xxl u-margin-bottom\"><\/i><\/div><div class=\"c-heading\"><h3 class=\" u-text-center\">Lote<\/h3><\/div>[vc_column_text txt_align=\u00bbu-text-center\u00bb]Normaliza una base de datos de direcciones postales.[\/vc_column_text]<div class=\"c-button-holder c-button-holder--center\"><a class=\"c-button c-button--center c-button--primary  c-button--ghost\" href=\"https:\/\/www.address4.com\/usage\/batch\">Prueba ahora<\/a><\/div>[\/vc_column][vc_column width=\u00bb1\/4&#8243; set_margin=\u00bbtrue\u00bb margin=\u00bbu-margin-bottom-large\u00bb]<div class=\"ico-wrap ico-wrap--center\"><i class=\"ico ico--color-four fal fa-code ico--xxl u-margin-bottom\"><\/i><\/div><div class=\"c-heading\"><h3 class=\" u-text-center\">API<\/h3><\/div>[vc_column_text txt_align=\u00bbu-text-center\u00bb]Integra la validaci\u00f3n de direcciones en tus aplicaciones y portales web.[\/vc_column_text]<div class=\"c-button-holder c-button-holder--center\"><a class=\"c-button c-button--center c-button--primary  c-button--ghost\" href=\"https:\/\/www.address4.com\/usage\/apis\">Prueba ahora<\/a><\/div>[\/vc_column][vc_column width=\u00bb1\/4&#8243; set_margin=\u00bbtrue\u00bb margin=\u00bbu-margin-bottom-large\u00bb]<div class=\"ico-wrap ico-wrap--center\"><i class=\"ico ico--color-four fal fa-puzzle-piece ico--xxl u-margin-bottom\"><\/i><\/div><div class=\"c-heading\"><h3 class=\" u-text-center\">Plugin<\/h3><\/div>[vc_column_text txt_align=\u00bbu-text-center\u00bb]Incorpora Address4 en una aplicaci\u00f3n con un clic.[\/vc_column_text]<div class=\"c-button-holder c-button-holder--center\"><a class=\"c-button c-button--center c-button--primary  c-button--ghost\" href=\"https:\/\/www.address4.com\/usage\/plugin\">Prueba ahora<\/a><\/div>[\/vc_column][\/vc_row][vc_row wrapper=\u00bbtrue\u00bb holder_set_margin=\u00bbtrue\u00bb holder_margin=\u00bbu-margin-bottom\u00bb][vc_column]<div class=\" c-divider c-divider-has-text u-text-center\"\/><h4 class=\"c-divider-text\">\u00bfQu\u00e9 tipo de servicio necesitas?<\/h4><\/div>[\/vc_column][\/vc_row][vc_row wrapper=\u00bbtrue\u00bb holder_set_margin=\u00bbtrue\u00bb holder_margin=\u00bbu-margin-bottom-large\u00bb][vc_column width=\u00bb1\/3&#8243; set_margin=\u00bbtrue\u00bb margin=\u00bbu-margin-bottom\u00bb]<div class=\"c-heading\"><h3 class=\" u-text-center\">Comprobaci\u00f3n de direcciones<\/h3><\/div><div class=\"ico-wrap ico-wrap--center\"><i class=\"ico ico--color-four fal fa-envelope ico--xxl u-margin-bottom\"><\/i><\/div>[vc_column_text]El sistema de verificaci\u00f3n postal (batch-masivo y online), cumple con los requerimientos exigidos para los env\u00edos internacionales, garantiza la exactitud y correcci\u00f3n de sus datos. Adem\u00e1s, incorpora el dispositivo \u00abautocompletar\u00bb, que corrige en tiempo real las direcciones err\u00f3neas en su portal de e-commerce.[\/vc_column_text]<div class=\"c-button-holder c-button-holder--center\"><a class=\"c-button c-button--center c-button--primary  c-button--ghost\" href=\"https:\/\/www.address4.com\/services\/address-validation\">Pruebalo gratis<\/a><\/div>[\/vc_column][vc_column width=\u00bb1\/3&#8243; set_margin=\u00bbtrue\u00bb margin=\u00bbu-margin-bottom\u00bb]<div class=\"c-heading\"><h3 class=\" u-text-center\">Geocodificaci\u00f3n<\/h3><\/div><div class=\"ico-wrap ico-wrap--center\"><i class=\"ico ico--color-four fal fa-globe ico--xxl u-margin-bottom\"><\/i><\/div>[vc_column_text]El sistema de geocodificaci\u00f3n y geocodificaci\u00f3n inversa le ayudar\u00e1 a convertir direcciones postales espec\u00edficas en coordenadas geogr\u00e1ficas precisas.<\/p>\n<p>Es la soluci\u00f3n ideal para la log\u00edstica, el transporte y cualquier proyecto georreferenciado, o para las necesidades del geomarketing.[\/vc_column_text]<div class=\"c-button-holder c-button-holder--center\"><a class=\"c-button c-button--center c-button--primary  c-button--ghost\" href=\"https:\/\/www.address4.com\/services\/address-geocoding\">Pruebalo gratis<\/a><\/div>[\/vc_column][vc_column width=\u00bb1\/3&#8243; set_margin=\u00bbtrue\u00bb margin=\u00bbu-margin-bottom\u00bb]<div class=\"c-heading\"><h3 class=\" u-text-center\">Verificaci\u00f3n de nombres<\/h3><\/div><div class=\"ico-wrap ico-wrap--center\"><i class=\"ico ico--color-four fal fa-id-card ico--xxl u-margin-bottom\"><\/i><\/div>[vc_column_text]Cuando usted introduce manualmente en un buscador informaci\u00f3n de contacto o la recoge directamente de la web, es posible que se produzcan errores tipogr\u00e1ficos o repeticiones. Nuestro sistema de verificaci\u00f3n autom\u00e1tica de nombres y direcciones optimiza y mantiene sus bases de datos libre de errores.[\/vc_column_text]<div class=\"c-button-holder c-button-holder--center\"><a class=\"c-button c-button--center c-button--primary  c-button--ghost\" href=\"https:\/\/www.address4.com\/free-address-validation-services\">Pruebalo gratis<\/a><\/div>[\/vc_column][vc_column width=\u00bb1\/3&#8243; set_margin=\u00bbtrue\u00bb margin=\u00bbu-margin-bottom\u00bb]<div class=\"c-heading\"><h3 class=\" u-text-center\">Verificaci\u00f3n de email<\/h3><\/div><div class=\"ico-wrap ico-wrap--center\"><i class=\"ico ico--color-four fal fa-at ico--xxl u-margin-bottom\"><\/i><\/div>[vc_column_text]Nuestro programa verifica las cuentas de correo electr\u00f3nico almacenadas en bases de datos que contienen millones de entradas. Env\u00ede el archivo en cualquier formato y nosotros realizamos el trabajo de manera r\u00e1pida y conforme a la legislaci\u00f3n de protecci\u00f3n de datos.[\/vc_column_text]<div class=\"c-button-holder c-button-holder--center\"><a class=\"c-button c-button--center c-button--primary  c-button--ghost\" href=\"https:\/\/www.address4.com\/services\/address-validation\">Pruebalo gratis<\/a><\/div>[\/vc_column][vc_column width=\u00bb1\/3&#8243; set_margin=\u00bbtrue\u00bb margin=\u00bbu-margin-bottom\u00bb]<div class=\"c-heading\"><h3 class=\" u-text-center\">Verificaci\u00f3n de tel\u00e9fono<\/h3><\/div><div class=\"ico-wrap ico-wrap--center\"><i class=\"ico ico--color-four fal fa-mobile-android-alt ico--xxl u-margin-bottom\"><\/i><\/div>[vc_column_text]Las bases de datos que recogen miles de n\u00fameros de tel\u00e9fono son una fuente inagotable de oportunidades de negocio, siempre y cuando la informaci\u00f3n que contienen sea correcta. Utilice el servicio de verificaci\u00f3n de n\u00fameros de tel\u00e9fono para solventar cualquier error.[\/vc_column_text]<div class=\"c-button-holder c-button-holder--center\"><a class=\"c-button c-button--center c-button--primary  c-button--ghost\" href=\"https:\/\/www.address4.com\/es\/blog\/normalization-postal-addresses\/conversion-of-the-destination-language\">Pruebalo gratis<\/a><\/div>[\/vc_column][vc_column width=\u00bb1\/3&#8243;]<div class=\"c-heading\"><h3 class=\" u-text-center\">Otros servicios<\/h3><\/div><div class=\"ico-wrap ico-wrap--center\"><i class=\"ico ico--color-four fal fa-wrench ico--xxl u-margin-bottom\"><\/i><\/div>[vc_column_text]Address 4 ofrece una amplia gama de soluciones a medida para cubrir cualquier tipo de necesidad. Nuestro personal se encargar\u00e1 de encontrar la mejor soluci\u00f3n seg\u00fan su tipo de negocio, y se acomodar\u00e1 a los criterios que usted establezca y cumpliendo los plazos que nos se\u00f1ale.[\/vc_column_text]<div class=\"c-button-holder c-button-holder--center\"><a class=\"c-button c-button--center c-button--primary  c-button--ghost\" href=\"https:\/\/www.address4.com\/contact\">Pruebalo gratis<\/a><\/div>[\/vc_column][\/vc_row][vc_row wrapper=\u00bbtrue\u00bb wrapper_class=\u00bbo-wrapper&#8211;slim\u00bb holder_set_padding=\u00bbtrue\u00bb holder_bg_fx=\u00bbu-background-light\u00bb holder_padding=\u00bbu-padding-vertical-large\u00bb][vc_column]<div class=\"c-heading\"><h3 class=\" u-h2 u-text-center\">Los datos incorrectos hacen perder tiempo y dinero<\/h3><\/div>[vc_column_text]Aunque puede que sea dif\u00edcil calcular el valor exacto de los datos incorrectos, una cosa es segura: los errores en la base de datos hacen perder tiempo y dinero. Si usas direcciones err\u00f3neas est\u00e1s dando ventaja a tus competidores.[\/vc_column_text][\/vc_column][vc_column width=\u00bb1\/3&#8243;]<div class=\"c-image\"><img loading=\"lazy\" decoding=\"async\" width=\"230\" height=\"230\" src=\"https:\/\/www.address4.com\/wp-content\/uploads\/2018\/02\/contact-verification-service-d.png\" class=\" aligncenter\" alt=\"contact-verification-service-d\" srcset=\"https:\/\/www.address4.com\/wp-content\/uploads\/2018\/02\/contact-verification-service-d.png 230w, https:\/\/www.address4.com\/wp-content\/uploads\/2018\/02\/contact-verification-service-d-150x150.png 150w, https:\/\/www.address4.com\/wp-content\/uploads\/2018\/02\/contact-verification-service-d-45x45.png 45w, https:\/\/www.address4.com\/wp-content\/uploads\/2018\/02\/contact-verification-service-d-100x100.png 100w\" sizes=\"auto, (max-width: 230px) 100vw, 230px\" \/><\/div>[\/vc_column][vc_column width=\u00bb2\/3&#8243;]<div class=\"c-heading\"><h3 class=\" u-h5\">La validaci\u00f3n de direcciones es importante porque:<\/h3><\/div><div class=\" c-list\"><ul>\n<li><i class=\"c-list__icon fal fa-check\"><\/i>optimiza marketing y env\u00edos;<\/li>\n<li><i class=\"c-list__icon fal fa-check\"><\/i>maximiza el potencial de resultados de la empresa;<\/li>\n<li><i class=\"c-list__icon fal fa-check\"><\/i>facilita la consecuci\u00f3n de los objetivos de la empresa;<\/li>\n<li><i class=\"c-list__icon fal fa-check\"><\/i>simplifica la gesti\u00f3n de grandes cantidades de datos;<\/li>\n<li><i class=\"c-list__icon fal fa-check\"><\/i>previene el deterioro de la imagen comercial;<\/li>\n<li><i class=\"c-list__icon fal fa-check\"><\/i>aumenta la satisfacci\u00f3n de los clientes.<\/li>\n<\/ul>\n<\/div>[\/vc_column][\/vc_row][vc_row holder_set_padding=\u00bbtrue\u00bb holder_padding=\u00bbu-padding-vertical-large\u00bb][vc_column]<div class=\"c-heading\"><h3 class=\" u-text-center\">Prueba Gratis Address4<\/h3><\/div><div class=\"c-button-holder c-button-holder--center\"><a class=\"c-button c-button--center u-margin-bottom c-button--primary  c-button--ghost\" href=\"https:\/\/www.address4.com\/free-address-validation-services\">Registrate<\/a><\/div><div class=\"c-heading\"><h3 class=\" u-h4 u-text-center\">sin costes, sin compromiso, m\u00e1xima satisfacci\u00f3n<\/h3><\/div>[\/vc_column][\/vc_row][vc_row wrapper=\u00bbtrue\u00bb wrapper_class=\u00bbo-wrapper&#8211;slim\u00bb holder_set_padding=\u00bbtrue\u00bb holder_bg_fx=\u00bbu-background-light\u00bb holder_padding=\u00bbu-padding-vertical-large\u00bb][vc_column set_margin=\u00bbtrue\u00bb margin=\u00bbu-margin-bottom\u00bb]<div class=\"c-heading\"><h3 class=\" u-h2 u-text-center\">Con Address 4 la soluci\u00f3n est\u00e1 a solo un clic<\/h3><\/div><div class=\"c-heading\"><h3 class=\" u-h3 u-text-normal u-text-center\">Para crecer necesitas ser eficiente; y para ser eficiente necesitas programas vanguardistas... programas como Address 4.<\/h3><\/div>[\/vc_column][vc_column width=\u00bb2\/3&#8243;]<div class=\"c-heading\"><h3 class=\" u-h5\">Con Address 4, no tendr\u00e1s que gastar tiempo comprobando datos.<\/h3><\/div><div class=\" c-list\"><ul>\n<li><i class=\"c-list__icon fal fa-check\"><\/i>servicio de verificaci\u00f3n de direcciones online las 24 horas del d\u00eda;<\/li>\n<li><i class=\"c-list__icon fal fa-check\"><\/i>integraci\u00f3n sencilla en p\u00e1ginas web, portales y p\u00e1ginas de comercio electr\u00f3nico;<\/li>\n<li><i class=\"c-list__icon fal fa-check\"><\/i>acceso a internet desde cualquier parte del mundo;<\/li>\n<li><i class=\"c-list__icon fal fa-check\"><\/i>funciones avanzadas como la geocodificaci\u00f3n inversa;<\/li>\n<li><i class=\"c-list__icon fal fa-check\"><\/i>sin necesidad de descargar o instalar programas.<\/li>\n<\/ul>\n<\/div>[\/vc_column][vc_column width=\u00bb1\/3&#8243;]<div class=\"c-image\"><img loading=\"lazy\" decoding=\"async\" width=\"230\" height=\"230\" src=\"https:\/\/www.address4.com\/wp-content\/uploads\/2018\/02\/contact-verification-service-u.png\" class=\" aligncenter\" alt=\"\" srcset=\"https:\/\/www.address4.com\/wp-content\/uploads\/2018\/02\/contact-verification-service-u.png 230w, https:\/\/www.address4.com\/wp-content\/uploads\/2018\/02\/contact-verification-service-u-150x150.png 150w, https:\/\/www.address4.com\/wp-content\/uploads\/2018\/02\/contact-verification-service-u-45x45.png 45w, https:\/\/www.address4.com\/wp-content\/uploads\/2018\/02\/contact-verification-service-u-100x100.png 100w\" sizes=\"auto, (max-width: 230px) 100vw, 230px\" \/><\/div>[\/vc_column][vc_column set_padding=\u00bbtrue\u00bb padding=\u00bbu-padding-vertical\u00bb]<div class=\"c-heading\"><h3 class=\" u-text-center\">Estabas buscando un software de validaci\u00f3n de direcciones autom\u00e1tico y acabas de encontrarlo. Es hora de dar un paso al frente.<\/h3><\/div>[vc_column_text txt_align=\u00bbu-text-center\u00bb]T\u00f3mate todo el tiempo necesario para investigar nuestra oferta, comprobar las funciones y probar la versi\u00f3n de prueba online gratuita.[\/vc_column_text][\/vc_column][\/vc_row][vc_row row_h_align=\u00bbgrid&#8211;center\u00bb wrapper=\u00bbtrue\u00bb holder_set_padding=\u00bbtrue\u00bb holder_padding=\u00bbu-padding-vertical-large\u00bb][vc_column]<div class=\" c-divider c-divider-has-text u-text-center\"\/><h4 class=\"c-divider-text u-h3\">Lo que dicen nuestros clientes<\/h4><\/div>[vc_row_inner row_h_align=\u00bbgrid&#8211;center\u00bb][vc_column_inner width=\u00bb2\/3&#8243;]<div class=\"c-mediabox\">\n<div class=\" o-flag o-flag--responsive o-flag--normal\">\n<div class=\"o-flag__img\"><img loading=\"lazy\" decoding=\"async\" width=\"230\" height=\"230\" src=\"https:\/\/www.address4.com\/wp-content\/uploads\/2018\/02\/customer-address4-services.png\" class=\"attachment-full size-full\" alt=\"customer-address4-services\" srcset=\"https:\/\/www.address4.com\/wp-content\/uploads\/2018\/02\/customer-address4-services.png 230w, https:\/\/www.address4.com\/wp-content\/uploads\/2018\/02\/customer-address4-services-150x150.png 150w, https:\/\/www.address4.com\/wp-content\/uploads\/2018\/02\/customer-address4-services-45x45.png 45w, https:\/\/www.address4.com\/wp-content\/uploads\/2018\/02\/customer-address4-services-100x100.png 100w\" sizes=\"auto, (max-width: 230px) 100vw, 230px\" \/><\/div>\n<div class=\"o-flag__body\">\n<blockquote><p>\nAddress 4 no es solo un programa inform\u00e1tico; es todo un paquete de programas. Es una bendici\u00f3n para nuestro negocio de comercio electr\u00f3nico.<br \/>\nAlberto Arrigoni \u2013 System Integrator\n<\/p><\/blockquote>\n<\/div>\n<\/div>\n<\/div>\n[\/vc_column_inner][\/vc_row_inner][\/vc_column][\/vc_row]\n","protected":false},"excerpt":{"rendered":"<p>[vc_row wrapper=\u00bbtrue\u00bb][vc_column width=\u00bb7\/12&#8243;][\/vc_column][vc_column width=\u00bb5\/12&#8243;][\/vc_column][\/vc_row][vc_row wrapper=\u00bbtrue\u00bb holder_set_margin=\u00bbtrue\u00bb holder_margin=\u00bbu-margin-bottom-large\u00bb][vc_column set_margin=\u00bbtrue\u00bb margin=\u00bbu-margin-bottom\u00bb][\/vc_column][vc_column width=\u00bb1\/4&#8243; set_margin=\u00bbtrue\u00bb margin=\u00bbu-margin-bottom-large\u00bb][vc_column_text txt_align=\u00bbu-text-center\u00bb]Normaliza las direcciones durante la introducci\u00f3n desde el teclado.[\/vc_column_text][\/vc_column][vc_column width=\u00bb1\/4&#8243; set_margin=\u00bbtrue\u00bb margin=\u00bbu-margin-bottom-large\u00bb][vc_column_text txt_align=\u00bbu-text-center\u00bb]Normaliza una base de datos de direcciones postales.[\/vc_column_text][\/vc_column][vc_column width=\u00bb1\/4&#8243; set_margin=\u00bbtrue\u00bb margin=\u00bbu-margin-bottom-large\u00bb][vc_column_text txt_align=\u00bbu-text-center\u00bb]Integra la validaci\u00f3n de direcciones en tus aplicaciones y portales web.[\/vc_column_text][\/vc_column][vc_column width=\u00bb1\/4&#8243; set_margin=\u00bbtrue\u00bb margin=\u00bbu-margin-bottom-large\u00bb][vc_column_text txt_align=\u00bbu-text-center\u00bb]Incorpora Address4 en una aplicaci\u00f3n con [&hellip;]<\/p>\n","protected":false},"author":2,"featured_media":0,"parent":0,"menu_order":0,"comment_status":"closed","ping_status":"closed","template":"templates\/template-fullwidth.php","meta":{"footnotes":""},"class_list":["post-195","page","type-page","status-publish","hentry"],"yoast_head":"<!-- This site is optimized with the Yoast SEO plugin v26.8 - https:\/\/yoast.com\/product\/yoast-seo-wordpress\/ -->\n<title>Servicio de verificaci\u00f3n de direcciones - Address4<\/title>\n<meta name=\"description\" content=\"\u00bfBuscas un servicio de verificaci\u00f3n de direcciones para bases de datos? Con Address 4, todas las funciones que necesitas est\u00e1n a solo un clic. \u00a1Pru\u00e9balo gratis!\" \/>\n<meta name=\"robots\" content=\"index, follow, max-snippet:-1, max-image-preview:large, max-video-preview:-1\" \/>\n<link rel=\"canonical\" href=\"https:\/\/www.address4.com\/es\" \/>\n<meta property=\"og:locale\" content=\"es_ES\" \/>\n<meta property=\"og:type\" content=\"article\" \/>\n<meta property=\"og:title\" content=\"Servicio de verificaci\u00f3n de direcciones - Address4\" \/>\n<meta property=\"og:description\" content=\"\u00bfBuscas un servicio de verificaci\u00f3n de direcciones para bases de datos? Con Address 4, todas las funciones que necesitas est\u00e1n a solo un clic. \u00a1Pru\u00e9balo gratis!\" \/>\n<meta property=\"og:url\" content=\"https:\/\/www.address4.com\/es\" \/>\n<meta property=\"og:site_name\" content=\"Address 4\" \/>\n<meta property=\"article:modified_time\" content=\"2021-09-02T08:38:44+00:00\" \/>\n<meta name=\"twitter:card\" content=\"summary_large_image\" \/>\n<meta name=\"twitter:label1\" content=\"Tiempo de lectura\" \/>\n\t<meta name=\"twitter:data1\" content=\"4 minutos\" \/>\n<script type=\"application\/ld+json\" class=\"yoast-schema-graph\">{\"@context\":\"https:\/\/schema.org\",\"@graph\":[{\"@type\":\"WebPage\",\"@id\":\"https:\/\/www.address4.com\/es\",\"url\":\"https:\/\/www.address4.com\/es\",\"name\":\"Servicio de verificaci\u00f3n de direcciones - Address4\",\"isPartOf\":{\"@id\":\"https:\/\/www.address4.com\/#website\"},\"datePublished\":\"2018-03-01T10:12:15+00:00\",\"dateModified\":\"2021-09-02T08:38:44+00:00\",\"description\":\"\u00bfBuscas un servicio de verificaci\u00f3n de direcciones para bases de datos? Con Address 4, todas las funciones que necesitas est\u00e1n a solo un clic. \u00a1Pru\u00e9balo gratis!\",\"breadcrumb\":{\"@id\":\"https:\/\/www.address4.com\/es#breadcrumb\"},\"inLanguage\":\"es\",\"potentialAction\":[{\"@type\":\"ReadAction\",\"target\":[\"https:\/\/www.address4.com\/es\"]}]},{\"@type\":\"BreadcrumbList\",\"@id\":\"https:\/\/www.address4.com\/es#breadcrumb\",\"itemListElement\":[{\"@type\":\"ListItem\",\"position\":1,\"name\":\"Home\",\"item\":\"https:\/\/www.address4.com\/es\"},{\"@type\":\"ListItem\",\"position\":2,\"name\":\"Inicio\"}]},{\"@type\":\"WebSite\",\"@id\":\"https:\/\/www.address4.com\/#website\",\"url\":\"https:\/\/www.address4.com\/\",\"name\":\"Address 4\",\"description\":\"Address Verification Service For Your Business\",\"potentialAction\":[{\"@type\":\"SearchAction\",\"target\":{\"@type\":\"EntryPoint\",\"urlTemplate\":\"https:\/\/www.address4.com\/?s={search_term_string}\"},\"query-input\":{\"@type\":\"PropertyValueSpecification\",\"valueRequired\":true,\"valueName\":\"search_term_string\"}}],\"inLanguage\":\"es\"}]}<\/script>\n<!-- \/ Yoast SEO plugin. -->","yoast_head_json":{"title":"Servicio de verificaci\u00f3n de direcciones - Address4","description":"\u00bfBuscas un servicio de verificaci\u00f3n de direcciones para bases de datos? Con Address 4, todas las funciones que necesitas est\u00e1n a solo un clic. \u00a1Pru\u00e9balo gratis!","robots":{"index":"index","follow":"follow","max-snippet":"max-snippet:-1","max-image-preview":"max-image-preview:large","max-video-preview":"max-video-preview:-1"},"canonical":"https:\/\/www.address4.com\/es","og_locale":"es_ES","og_type":"article","og_title":"Servicio de verificaci\u00f3n de direcciones - Address4","og_description":"\u00bfBuscas un servicio de verificaci\u00f3n de direcciones para bases de datos? Con Address 4, todas las funciones que necesitas est\u00e1n a solo un clic. \u00a1Pru\u00e9balo gratis!","og_url":"https:\/\/www.address4.com\/es","og_site_name":"Address 4","article_modified_time":"2021-09-02T08:38:44+00:00","twitter_card":"summary_large_image","twitter_misc":{"Tiempo de lectura":"4 minutos"},"schema":{"@context":"https:\/\/schema.org","@graph":[{"@type":"WebPage","@id":"https:\/\/www.address4.com\/es","url":"https:\/\/www.address4.com\/es","name":"Servicio de verificaci\u00f3n de direcciones - Address4","isPartOf":{"@id":"https:\/\/www.address4.com\/#website"},"datePublished":"2018-03-01T10:12:15+00:00","dateModified":"2021-09-02T08:38:44+00:00","description":"\u00bfBuscas un servicio de verificaci\u00f3n de direcciones para bases de datos? Con Address 4, todas las funciones que necesitas est\u00e1n a solo un clic. \u00a1Pru\u00e9balo gratis!","breadcrumb":{"@id":"https:\/\/www.address4.com\/es#breadcrumb"},"inLanguage":"es","potentialAction":[{"@type":"ReadAction","target":["https:\/\/www.address4.com\/es"]}]},{"@type":"BreadcrumbList","@id":"https:\/\/www.address4.com\/es#breadcrumb","itemListElement":[{"@type":"ListItem","position":1,"name":"Home","item":"https:\/\/www.address4.com\/es"},{"@type":"ListItem","position":2,"name":"Inicio"}]},{"@type":"WebSite","@id":"https:\/\/www.address4.com\/#website","url":"https:\/\/www.address4.com\/","name":"Address 4","description":"Address Verification Service For Your Business","potentialAction":[{"@type":"SearchAction","target":{"@type":"EntryPoint","urlTemplate":"https:\/\/www.address4.com\/?s={search_term_string}"},"query-input":{"@type":"PropertyValueSpecification","valueRequired":true,"valueName":"search_term_string"}}],"inLanguage":"es"}]}},"_links":{"self":[{"href":"https:\/\/www.address4.com\/es\/wp-json\/wp\/v2\/pages\/195","targetHints":{"allow":["GET"]}}],"collection":[{"href":"https:\/\/www.address4.com\/es\/wp-json\/wp\/v2\/pages"}],"about":[{"href":"https:\/\/www.address4.com\/es\/wp-json\/wp\/v2\/types\/page"}],"author":[{"embeddable":true,"href":"https:\/\/www.address4.com\/es\/wp-json\/wp\/v2\/users\/2"}],"replies":[{"embeddable":true,"href":"https:\/\/www.address4.com\/es\/wp-json\/wp\/v2\/comments?post=195"}],"version-history":[{"count":7,"href":"https:\/\/www.address4.com\/es\/wp-json\/wp\/v2\/pages\/195\/revisions"}],"predecessor-version":[{"id":4255,"href":"https:\/\/www.address4.com\/es\/wp-json\/wp\/v2\/pages\/195\/revisions\/4255"}],"wp:attachment":[{"href":"https:\/\/www.address4.com\/es\/wp-json\/wp\/v2\/media?parent=195"}],"curies":[{"name":"wp","href":"https:\/\/api.w.org\/{rel}","templated":true}]}}