{"id":1798,"date":"2018-07-09T15:53:18","date_gmt":"2018-07-09T14:53:18","guid":{"rendered":"http:\/\/www.address4.com\/?page_id=1798"},"modified":"2022-10-17T11:34:49","modified_gmt":"2022-10-17T10:34:49","slug":"proceso-por-lotes","status":"publish","type":"page","link":"https:\/\/www.address4.com\/es\/proceso-por-lotes","title":{"rendered":"Proceso por Lotes"},"content":{"rendered":"[vc_row holder_set_margin=\u00bbtrue\u00bb holder_margin=\u00bbu-margin-bottom\u00bb][vc_column]<div class=\"c-heading\"><h1 class=\" u-text-center\">Proceso por Lotes y limpieza de datos<\/h1><\/div><div class=\"c-heading\"><h3 class=\" u-text-normal u-text-center\">Normaliza tu base de datos de clientes, corrige los errores e introduce los datos que faltan<\/h3><\/div><div class=\" c-divider\"\/><\/div>[\/vc_column][\/vc_row][vc_row][vc_column width=\u00bb2\/3&#8243;]<div class=\"c-heading\"><h3>Data cleansing<\/h3><\/div>[vc_column_text]\u00bfTienes una base de datos de direcciones postales, datos personales de clientes\/proveedores, etc. y quieres normalizarla y eliminar todos los errores?<\/p>\n<p>Address4 puede analizar una base de datos completa que incluya cientos de miles de entradas, limpiarla y devolver una base de datos normalizada. Los datos que faltan se corrigen y las entradas duplicadas se desduplican. La validaci\u00f3n masiva de los datos de contacto se puede integrar directamente en cualquier software de aplicaci\u00f3n de empresa mediante simples API o en forma de plugin.<\/p>\n<p>La limpieza de bases de datos completas de hasta millones de direcciones u otros datos personales es una operaci\u00f3n autom\u00e1tica que har\u00e1 posible un salto de calidad r\u00e1pido y enorme para los procedimientos empresariales, con mejoras garantizadas por lo que respecta a la eficiencia de funcionamiento.[\/vc_column_text]<div class=\"c-image\"><img loading=\"lazy\" decoding=\"async\" width=\"1024\" height=\"358\" src=\"https:\/\/www.address4.com\/wp-content\/uploads\/2018\/05\/architecture-business-cabinet-325229-1-1024x358.jpg\" class=\" u-margin-bottom alignone\" alt=\"\" srcset=\"https:\/\/www.address4.com\/wp-content\/uploads\/2018\/05\/architecture-business-cabinet-325229-1-1024x358.jpg 1024w, https:\/\/www.address4.com\/wp-content\/uploads\/2018\/05\/architecture-business-cabinet-325229-1-300x105.jpg 300w, https:\/\/www.address4.com\/wp-content\/uploads\/2018\/05\/architecture-business-cabinet-325229-1-768x269.jpg 768w, https:\/\/www.address4.com\/wp-content\/uploads\/2018\/05\/architecture-business-cabinet-325229-1.jpg 2048w\" sizes=\"auto, (max-width: 1024px) 100vw, 1024px\" \/><\/div>[vc_column_text]\n<h2>Control y validaci\u00f3n de los datos y las direcciones<\/h2>\n<p>Antes de normalizar tu base de datos puedes realizar un an\u00e1lisis gratuito para tener una visi\u00f3n clara del nivel de calidad de tu archivo. Un test completo que permite tocar de primera mano los resultados que se pueden conseguir.[\/vc_column_text]<div class=\"c-heading\"><h3 class=\" u-h4 u-text-color-invert u-margin-top-large u-margin-bottom-none u-padding u-background-color-four\">COMPLETE EL FORMULARIO EN UNOS SEGUNDOS Y CONSIGUE LA PRUEBA GRATUITA<\/h3><\/div>[vc_row_inner holder_set_margin=\u00bbtrue\u00bb holder_margin=\u00bbu-margin-top-none\u00bb][vc_column_inner inner_bg_fx=\u00bbu-background-light\u00bb set_padding_inner=\u00bbtrue\u00bb padding_inner=\u00bbu-padding\u00bb]<div id=\"onboarding-app\" class=\"app-root\"><\/div><script>!function (e) { function t(t) { for (var n, i, l = t[0], a = t[1], f = t[2], c = 0, s = []; c < l.length; c++)i = l[c], Object.prototype.hasOwnProperty.call(o, i) && o[i] && s.push(o[i][0]), o[i] = 0; for (n in a) Object.prototype.hasOwnProperty.call(a, n) && (e[n] = a[n]); for (p && p(t); s.length;)s.shift()(); return u.push.apply(u, f || []), r() } function r() { for (var e, t = 0; t < u.length; t++) { for (var r = u[t], n = !0, l = 1; l < r.length; l++) { var a = r[l]; 0 !== o[a] && (n = !1) } n && (u.splice(t--, 1), e = i(i.s = r[0])) } return e } var n = {}, o = { 1: 0 }, u = []; function i(t) { if (n[t]) return n[t].exports; var r = n[t] = { i: t, l: !1, exports: {} }; return e[t].call(r.exports, r, r.exports, i), r.l = !0, r.exports } i.m = e, i.c = n, i.d = function (e, t, r) { i.o(e, t) || Object.defineProperty(e, t, { enumerable: !0, get: r }) }, i.r = function (e) { \"undefined\" != typeof Symbol && Symbol.toStringTag && Object.defineProperty(e, Symbol.toStringTag, { value: \"Module\" }), Object.defineProperty(e, \"__esModule\", { value: !0 }) }, i.t = function (e, t) { if (1 & t && (e = i(e)), 8 & t) return e; if (4 & t && \"object\" == typeof e && e && e.__esModule) return e; var r = Object.create(null); if (i.r(r), Object.defineProperty(r, \"default\", { enumerable: !0, value: e }), 2 & t && \"string\" != typeof e) for (var n in e) i.d(r, n, function (t) { return e[t] }.bind(null, n)); return r }, i.n = function (e) { var t = e && e.__esModule ? function () { return e.default } : function () { return e }; return i.d(t, \"a\", t), t }, i.o = function (e, t) { return Object.prototype.hasOwnProperty.call(e, t) }, i.p = \"\/\"; var l = this[\"webpackJsonpa4-utility\"] = this[\"webpackJsonpa4-utility\"] || [], a = l.push.bind(l); l.push = t, l = l.slice(); for (var f = 0; f < l.length; f++)t(l[f]); var p = a; r() }([])<\/script>[\/vc_column_inner][\/vc_row_inner][\/vc_column][vc_column width=\u00bb1\/3&#8243;]<div class=\"templatera_shortcode\"><div class=\"grid-1\"><div class=\"col _lap-and-up-12 u-margin-bottom\" ><a class=\"c-button u-margin-right-small u-margin-bottom c-button--secondary\" href=\"https:\/\/www.address4.com\/free-address-validation-services\">Pru\u00e9balo gratis<\/a><a class=\"c-button u-margin-bottom c-button--tertiary\" href=\"https:\/\/www.address4.com\/services\/address-validation\/batch-address-validation\">Valida tu base de datos<\/a><div class=\" c-divider\"\/><\/div><div class=\"c-image\"><a href=\"https:\/\/www.address4.com\/ebook-1\"><img loading=\"lazy\" decoding=\"async\" width=\"345\" height=\"200\" src=\"https:\/\/www.address4.com\/wp-content\/uploads\/2018\/03\/ES-CTA-Ebook-cost-saving.png\" class=\" u-margin-bottom alignone\" alt=\"Address Validation Ebook\" srcset=\"https:\/\/www.address4.com\/wp-content\/uploads\/2018\/03\/ES-CTA-Ebook-cost-saving.png 345w, https:\/\/www.address4.com\/wp-content\/uploads\/2018\/03\/ES-CTA-Ebook-cost-saving-300x174.png 300w\" sizes=\"auto, (max-width: 345px) 100vw, 345px\" \/><\/a><\/div><div class=\" c-divider\"\/><\/div><\/div>\n<\/div>\r\n<\/div>[\/vc_column][\/vc_row]\n","protected":false},"excerpt":{"rendered":"Pru\u00e9balo gratisValida tu base de datos","protected":false},"author":1,"featured_media":0,"parent":0,"menu_order":0,"comment_status":"closed","ping_status":"closed","template":"templates\/template-nosidebar.php","meta":{"footnotes":""},"class_list":["post-1798","page","type-page","status-publish","hentry"],"yoast_head":"<!-- This site is optimized with the Yoast SEO plugin v26.8 - https:\/\/yoast.com\/product\/yoast-seo-wordpress\/ -->\n<title>Proceso por Lotes - Address 4<\/title>\n<meta name=\"robots\" content=\"index, follow, max-snippet:-1, max-image-preview:large, max-video-preview:-1\" \/>\n<link rel=\"canonical\" href=\"https:\/\/www.address4.com\/es\/proceso-por-lotes\" \/>\n<meta property=\"og:locale\" content=\"es_ES\" \/>\n<meta property=\"og:type\" content=\"article\" \/>\n<meta property=\"og:title\" content=\"Proceso por Lotes - Address 4\" \/>\n<meta property=\"og:url\" content=\"https:\/\/www.address4.com\/es\/proceso-por-lotes\" \/>\n<meta property=\"og:site_name\" content=\"Address 4\" \/>\n<meta property=\"article:modified_time\" content=\"2022-10-17T10:34:49+00:00\" \/>\n<meta name=\"twitter:card\" content=\"summary_large_image\" \/>\n<meta name=\"twitter:label1\" content=\"Tiempo de lectura\" \/>\n\t<meta name=\"twitter:data1\" content=\"2 minutos\" \/>\n<script type=\"application\/ld+json\" class=\"yoast-schema-graph\">{\"@context\":\"https:\/\/schema.org\",\"@graph\":[{\"@type\":\"WebPage\",\"@id\":\"https:\/\/www.address4.com\/es\/proceso-por-lotes\",\"url\":\"https:\/\/www.address4.com\/es\/proceso-por-lotes\",\"name\":\"Proceso por Lotes - Address 4\",\"isPartOf\":{\"@id\":\"https:\/\/www.address4.com\/#website\"},\"datePublished\":\"2018-07-09T14:53:18+00:00\",\"dateModified\":\"2022-10-17T10:34:49+00:00\",\"breadcrumb\":{\"@id\":\"https:\/\/www.address4.com\/es\/proceso-por-lotes#breadcrumb\"},\"inLanguage\":\"es\",\"potentialAction\":[{\"@type\":\"ReadAction\",\"target\":[\"https:\/\/www.address4.com\/es\/proceso-por-lotes\"]}]},{\"@type\":\"BreadcrumbList\",\"@id\":\"https:\/\/www.address4.com\/es\/proceso-por-lotes#breadcrumb\",\"itemListElement\":[{\"@type\":\"ListItem\",\"position\":1,\"name\":\"Home\",\"item\":\"https:\/\/www.address4.com\/es\"},{\"@type\":\"ListItem\",\"position\":2,\"name\":\"Proceso por Lotes\"}]},{\"@type\":\"WebSite\",\"@id\":\"https:\/\/www.address4.com\/#website\",\"url\":\"https:\/\/www.address4.com\/\",\"name\":\"Address 4\",\"description\":\"Address Verification Service For Your Business\",\"potentialAction\":[{\"@type\":\"SearchAction\",\"target\":{\"@type\":\"EntryPoint\",\"urlTemplate\":\"https:\/\/www.address4.com\/?s={search_term_string}\"},\"query-input\":{\"@type\":\"PropertyValueSpecification\",\"valueRequired\":true,\"valueName\":\"search_term_string\"}}],\"inLanguage\":\"es\"}]}<\/script>\n<!-- \/ Yoast SEO plugin. -->","yoast_head_json":{"title":"Proceso por Lotes - Address 4","robots":{"index":"index","follow":"follow","max-snippet":"max-snippet:-1","max-image-preview":"max-image-preview:large","max-video-preview":"max-video-preview:-1"},"canonical":"https:\/\/www.address4.com\/es\/proceso-por-lotes","og_locale":"es_ES","og_type":"article","og_title":"Proceso por Lotes - Address 4","og_url":"https:\/\/www.address4.com\/es\/proceso-por-lotes","og_site_name":"Address 4","article_modified_time":"2022-10-17T10:34:49+00:00","twitter_card":"summary_large_image","twitter_misc":{"Tiempo de lectura":"2 minutos"},"schema":{"@context":"https:\/\/schema.org","@graph":[{"@type":"WebPage","@id":"https:\/\/www.address4.com\/es\/proceso-por-lotes","url":"https:\/\/www.address4.com\/es\/proceso-por-lotes","name":"Proceso por Lotes - Address 4","isPartOf":{"@id":"https:\/\/www.address4.com\/#website"},"datePublished":"2018-07-09T14:53:18+00:00","dateModified":"2022-10-17T10:34:49+00:00","breadcrumb":{"@id":"https:\/\/www.address4.com\/es\/proceso-por-lotes#breadcrumb"},"inLanguage":"es","potentialAction":[{"@type":"ReadAction","target":["https:\/\/www.address4.com\/es\/proceso-por-lotes"]}]},{"@type":"BreadcrumbList","@id":"https:\/\/www.address4.com\/es\/proceso-por-lotes#breadcrumb","itemListElement":[{"@type":"ListItem","position":1,"name":"Home","item":"https:\/\/www.address4.com\/es"},{"@type":"ListItem","position":2,"name":"Proceso por Lotes"}]},{"@type":"WebSite","@id":"https:\/\/www.address4.com\/#website","url":"https:\/\/www.address4.com\/","name":"Address 4","description":"Address Verification Service For Your Business","potentialAction":[{"@type":"SearchAction","target":{"@type":"EntryPoint","urlTemplate":"https:\/\/www.address4.com\/?s={search_term_string}"},"query-input":{"@type":"PropertyValueSpecification","valueRequired":true,"valueName":"search_term_string"}}],"inLanguage":"es"}]}},"_links":{"self":[{"href":"https:\/\/www.address4.com\/es\/wp-json\/wp\/v2\/pages\/1798","targetHints":{"allow":["GET"]}}],"collection":[{"href":"https:\/\/www.address4.com\/es\/wp-json\/wp\/v2\/pages"}],"about":[{"href":"https:\/\/www.address4.com\/es\/wp-json\/wp\/v2\/types\/page"}],"author":[{"embeddable":true,"href":"https:\/\/www.address4.com\/es\/wp-json\/wp\/v2\/users\/1"}],"replies":[{"embeddable":true,"href":"https:\/\/www.address4.com\/es\/wp-json\/wp\/v2\/comments?post=1798"}],"version-history":[{"count":5,"href":"https:\/\/www.address4.com\/es\/wp-json\/wp\/v2\/pages\/1798\/revisions"}],"predecessor-version":[{"id":4186,"href":"https:\/\/www.address4.com\/es\/wp-json\/wp\/v2\/pages\/1798\/revisions\/4186"}],"wp:attachment":[{"href":"https:\/\/www.address4.com\/es\/wp-json\/wp\/v2\/media?parent=1798"}],"curies":[{"name":"wp","href":"https:\/\/api.w.org\/{rel}","templated":true}]}}